{"id":3261,"date":"2024-08-03T05:26:55","date_gmt":"2024-08-03T05:26:55","guid":{"rendered":"https:\/\/cokebricks.com\/?post_type=product&#038;p=3261"},"modified":"2025-01-13T08:09:28","modified_gmt":"2025-01-13T08:09:28","slug":"anadir-b","status":"publish","type":"product","link":"https:\/\/legitgrams.com\/es\/producto\/anadir-b\/","title":{"rendered":"ADD-B"},"content":{"rendered":"<h2>En venta: ADD-B<\/h2>\n<p><a href=\"https:\/\/legitgrams.com\/es\/producto\/anadir-b\/\">ADD-B<\/a> Se puede comprar en l\u00ednea. Es un cannabis sint\u00e9tico que est\u00e1 categorizado estructuralmente y se utiliza como est\u00e1ndar de referencia en el an\u00e1lisis. Se desconocen las propiedades fisiol\u00f3gicas y toxicol\u00f3gicas de esta sustancia qu\u00edmica. 4. La CUMIL-BUTINACA cian est\u00e1 categorizada como una sustancia de la Lista I en los Estados Unidos. Este dispositivo est\u00e1 destinado a su uso en aplicaciones de investigaci\u00f3n y forenses.<\/p>\n<p>Uso: ADD-B se utiliza principalmente para fines de investigaci\u00f3n y no est\u00e1 destinado al consumo humano o animal.<\/p>\n<h3>Comprar ADD-B en l\u00ednea.<\/h3>\n<p><a href=\"https:\/\/en.wikipedia.org\/wiki\/ADB\">ADD-B<\/a> es un cannabis sint\u00e9tico. Es miembro de la familia de cannabinoides indazol, espec\u00edficamente de la subclase conocida como indazol-3-carboxamida. Est\u00e1 estrechamente relacionado con una clase de compuestos relacionados desarrollados por Pfizer en 2009. Estos se desarrollaron inicialmente como analg\u00e9sicos. Este es un agonista CB1 fuerte, similar a la mayor\u00eda de los cannabinoides sint\u00e9ticos que contienen indazoles. Las estad\u00edsticas oficiales son pocas, aunque la experiencia anecd\u00f3tica sugiere una dosis activa tan baja como 1\/10 de miligramo. Compra ADD-B en l\u00ednea.<\/p>\n<h3>Se autoriza el uso de CN-BINACA-ADB.<\/h3>\n<p>Tenga en cuenta que ninguna jurisdicci\u00f3n reconocida reconoce el ADD-B como medicamento, terapia o suplemento diet\u00e9tico. Nunca debe utilizarse en experimentos qu\u00edmicos in vivo ni ser consumido por seres humanos; solo est\u00e1 disponible para su uso como sustancia qu\u00edmica de investigaci\u00f3n. Solo est\u00e1 disponible para calibraci\u00f3n de muestras e investigaci\u00f3n in vitro. <a href=\"https:\/\/legitgrams.com\/es\/\">LegitGrams<\/a><\/p>","protected":false},"excerpt":{"rendered":"<p>For Sale: ADD-B ADD-B can be bought online. It is a synthetic cannabis that is structurally categorized and used as a reference standard in analysis. It is unknown what the physiological and toxicological properties of this chemical are. 4. Cyan CUMYL-BUTINACA is categorized as a Schedule I substance in the United States. This gadget is &hellip;<\/p>\n<p class=\"read-more\"> <a class=\"\" href=\"https:\/\/legitgrams.com\/es\/producto\/anadir-b\/\"> <span class=\"screen-reader-text\">ADD-B<\/span> Leer m\u00e1s \"<\/a><\/p>","protected":false},"featured_media":3273,"comment_status":"open","ping_status":"closed","template":"","meta":{"_uag_custom_page_level_css":"","site-sidebar-layout":"default","site-content-layout":"default","ast-global-header-display":"","ast-main-header-display":"","ast-hfb-above-header-display":"","ast-hfb-below-header-display":"","ast-hfb-mobile-header-display":"","site-post-title":"","ast-breadcrumbs-content":"","ast-featured-img":"","footer-sml-layout":"","theme-transparent-header-meta":"default","adv-header-id-meta":"","stick-header-meta":"default","header-above-stick-meta":"","header-main-stick-meta":"","header-below-stick-meta":"","_joinchat":[]},"product_brand":[],"product_cat":[190],"product_tag":[545,544,543,546,547,541,542],"class_list":{"0":"post-3261","1":"product","2":"type-product","3":"status-publish","4":"has-post-thumbnail","6":"product_cat-cannabinoids","7":"product_tag-add-b-cannabinoids-for-sale","8":"product_tag-add-b-crystals-for-sale","9":"product_tag-add-b-for-sale","10":"product_tag-add-b-for-sale-online","11":"product_tag-add-b-powder-for-sale","12":"product_tag-buy-add-b","13":"product_tag-buy-add-b-online","14":"desktop-align-left","15":"tablet-align-left","16":"mobile-align-left","17":"ast-product-gallery-layout-horizontal","18":"ast-product-gallery-with-no-image","19":"ast-product-single-variable","20":"ast-product-tabs-layout-horizontal","21":"ast-qv-on-image","23":"first","24":"instock","25":"shipping-taxable","26":"purchasable","27":"product-type-variable"},"yoast_head":"<!-- This site is optimized with the Yoast SEO plugin v25.9 - https:\/\/yoast.com\/wordpress\/plugins\/seo\/ -->\n<title>ADD-B for Sale - Order ADD-B Powder Online | LegitGrams<\/title>\n<meta name=\"description\" content=\"You can get add-b for sale at the best rates from our online store LegitGrams. We are here to help you buy add-b online. Order Today with Discreet Delivery!\" \/>\n<meta name=\"robots\" content=\"index, follow, max-snippet:-1, max-image-preview:large, max-video-preview:-1\" \/>\n<link rel=\"canonical\" href=\"https:\/\/legitgrams.com\/es\/producto\/anadir-b\/\" \/>\n<meta property=\"og:locale\" content=\"es_ES\" \/>\n<meta property=\"og:type\" content=\"article\" \/>\n<meta property=\"og:title\" content=\"ADD-B for Sale - Order ADD-B Powder Online | LegitGrams\" \/>\n<meta property=\"og:description\" content=\"You can get add-b for sale at the best rates from our online store LegitGrams. We are here to help you buy add-b online. Order Today with Discreet Delivery!\" \/>\n<meta property=\"og:url\" content=\"https:\/\/legitgrams.com\/es\/producto\/anadir-b\/\" \/>\n<meta property=\"og:site_name\" content=\"Legit Grams\" \/>\n<meta property=\"article:modified_time\" content=\"2025-01-13T08:09:28+00:00\" \/>\n<meta property=\"og:image\" content=\"https:\/\/legitgrams.com\/wp-content\/uploads\/2024\/08\/Add-b.gif\" \/>\n\t<meta property=\"og:image:width\" content=\"600\" \/>\n\t<meta property=\"og:image:height\" content=\"600\" \/>\n\t<meta property=\"og:image:type\" content=\"image\/gif\" \/>\n<meta name=\"twitter:card\" content=\"summary_large_image\" \/>\n<meta name=\"twitter:label1\" content=\"Tiempo de lectura\" \/>\n\t<meta name=\"twitter:data1\" content=\"2 minutos\" \/>\n<script type=\"application\/ld+json\" class=\"yoast-schema-graph\">{\"@context\":\"https:\/\/schema.org\",\"@graph\":[{\"@type\":\"WebPage\",\"@id\":\"https:\/\/legitgrams.com\/product\/add-b\/\",\"url\":\"https:\/\/legitgrams.com\/product\/add-b\/\",\"name\":\"ADD-B for Sale - Order ADD-B Powder Online | LegitGrams\",\"isPartOf\":{\"@id\":\"https:\/\/legitgrams.com\/#website\"},\"primaryImageOfPage\":{\"@id\":\"https:\/\/legitgrams.com\/product\/add-b\/#primaryimage\"},\"image\":{\"@id\":\"https:\/\/legitgrams.com\/product\/add-b\/#primaryimage\"},\"thumbnailUrl\":\"https:\/\/legitgrams.com\/wp-content\/uploads\/2024\/08\/Add-b.gif\",\"datePublished\":\"2024-08-03T05:26:55+00:00\",\"dateModified\":\"2025-01-13T08:09:28+00:00\",\"description\":\"You can get add-b for sale at the best rates from our online store LegitGrams. We are here to help you buy add-b online. Order Today with Discreet Delivery!\",\"breadcrumb\":{\"@id\":\"https:\/\/legitgrams.com\/product\/add-b\/#breadcrumb\"},\"inLanguage\":\"es\",\"potentialAction\":[{\"@type\":\"ReadAction\",\"target\":[\"https:\/\/legitgrams.com\/product\/add-b\/\"]}]},{\"@type\":\"ImageObject\",\"inLanguage\":\"es\",\"@id\":\"https:\/\/legitgrams.com\/product\/add-b\/#primaryimage\",\"url\":\"https:\/\/legitgrams.com\/wp-content\/uploads\/2024\/08\/Add-b.gif\",\"contentUrl\":\"https:\/\/legitgrams.com\/wp-content\/uploads\/2024\/08\/Add-b.gif\",\"width\":600,\"height\":600,\"caption\":\"ADD-B for Sale\"},{\"@type\":\"BreadcrumbList\",\"@id\":\"https:\/\/legitgrams.com\/product\/add-b\/#breadcrumb\",\"itemListElement\":[{\"@type\":\"ListItem\",\"position\":1,\"name\":\"Home\",\"item\":\"https:\/\/legitgrams.com\/\"},{\"@type\":\"ListItem\",\"position\":2,\"name\":\"Shop\",\"item\":\"https:\/\/legitgrams.com\/shop\/\"},{\"@type\":\"ListItem\",\"position\":3,\"name\":\"ADD-B\"}]},{\"@type\":\"WebSite\",\"@id\":\"https:\/\/legitgrams.com\/#website\",\"url\":\"https:\/\/legitgrams.com\/\",\"name\":\"Legit Grams\",\"description\":\"My WordPress Blog\",\"publisher\":{\"@id\":\"https:\/\/legitgrams.com\/#organization\"},\"potentialAction\":[{\"@type\":\"SearchAction\",\"target\":{\"@type\":\"EntryPoint\",\"urlTemplate\":\"https:\/\/legitgrams.com\/?s={search_term_string}\"},\"query-input\":{\"@type\":\"PropertyValueSpecification\",\"valueRequired\":true,\"valueName\":\"search_term_string\"}}],\"inLanguage\":\"es\"},{\"@type\":\"Organization\",\"@id\":\"https:\/\/legitgrams.com\/#organization\",\"name\":\"Legit Grams\",\"url\":\"https:\/\/legitgrams.com\/\",\"logo\":{\"@type\":\"ImageObject\",\"inLanguage\":\"es\",\"@id\":\"https:\/\/legitgrams.com\/#\/schema\/logo\/image\/\",\"url\":\"https:\/\/legitgrams.com\/wp-content\/uploads\/2024\/09\/main-logo.png\",\"contentUrl\":\"https:\/\/legitgrams.com\/wp-content\/uploads\/2024\/09\/main-logo.png\",\"width\":270,\"height\":75,\"caption\":\"Legit Grams\"},\"image\":{\"@id\":\"https:\/\/legitgrams.com\/#\/schema\/logo\/image\/\"}}]}<\/script>\n<!-- \/ Yoast SEO plugin. -->","yoast_head_json":{"title":"ADD-B for Sale - Order ADD-B Powder Online | LegitGrams","description":"Usted puede obtener add-b a la venta a los mejores precios de nuestra tienda en l\u00ednea LegitGrams. Estamos aqu\u00ed para ayudarle a comprar add-b en l\u00ednea. \u00a1Haga su pedido hoy con entrega discreta!","robots":{"index":"index","follow":"follow","max-snippet":"max-snippet:-1","max-image-preview":"max-image-preview:large","max-video-preview":"max-video-preview:-1"},"canonical":"https:\/\/legitgrams.com\/es\/producto\/anadir-b\/","og_locale":"es_ES","og_type":"article","og_title":"ADD-B for Sale - Order ADD-B Powder Online | LegitGrams","og_description":"You can get add-b for sale at the best rates from our online store LegitGrams. We are here to help you buy add-b online. Order Today with Discreet Delivery!","og_url":"https:\/\/legitgrams.com\/es\/producto\/anadir-b\/","og_site_name":"Legit Grams","article_modified_time":"2025-01-13T08:09:28+00:00","og_image":[{"width":600,"height":600,"url":"https:\/\/legitgrams.com\/wp-content\/uploads\/2024\/08\/Add-b.gif","type":"image\/gif"}],"twitter_card":"summary_large_image","twitter_misc":{"Tiempo de lectura":"2 minutos"},"schema":{"@context":"https:\/\/schema.org","@graph":[{"@type":"WebPage","@id":"https:\/\/legitgrams.com\/product\/add-b\/","url":"https:\/\/legitgrams.com\/product\/add-b\/","name":"ADD-B for Sale - Order ADD-B Powder Online | LegitGrams","isPartOf":{"@id":"https:\/\/legitgrams.com\/#website"},"primaryImageOfPage":{"@id":"https:\/\/legitgrams.com\/product\/add-b\/#primaryimage"},"image":{"@id":"https:\/\/legitgrams.com\/product\/add-b\/#primaryimage"},"thumbnailUrl":"https:\/\/legitgrams.com\/wp-content\/uploads\/2024\/08\/Add-b.gif","datePublished":"2024-08-03T05:26:55+00:00","dateModified":"2025-01-13T08:09:28+00:00","description":"Usted puede obtener add-b a la venta a los mejores precios de nuestra tienda en l\u00ednea LegitGrams. Estamos aqu\u00ed para ayudarle a comprar add-b en l\u00ednea. \u00a1Haga su pedido hoy con entrega discreta!","breadcrumb":{"@id":"https:\/\/legitgrams.com\/product\/add-b\/#breadcrumb"},"inLanguage":"es","potentialAction":[{"@type":"ReadAction","target":["https:\/\/legitgrams.com\/product\/add-b\/"]}]},{"@type":"ImageObject","inLanguage":"es","@id":"https:\/\/legitgrams.com\/product\/add-b\/#primaryimage","url":"https:\/\/legitgrams.com\/wp-content\/uploads\/2024\/08\/Add-b.gif","contentUrl":"https:\/\/legitgrams.com\/wp-content\/uploads\/2024\/08\/Add-b.gif","width":600,"height":600,"caption":"ADD-B for Sale"},{"@type":"BreadcrumbList","@id":"https:\/\/legitgrams.com\/product\/add-b\/#breadcrumb","itemListElement":[{"@type":"ListItem","position":1,"name":"Home","item":"https:\/\/legitgrams.com\/"},{"@type":"ListItem","position":2,"name":"Shop","item":"https:\/\/legitgrams.com\/shop\/"},{"@type":"ListItem","position":3,"name":"ADD-B"}]},{"@type":"WebSite","@id":"https:\/\/legitgrams.com\/#website","url":"https:\/\/legitgrams.com\/","name":"Gramos leg\u00edtimos","description":"Mi blog de WordPress","publisher":{"@id":"https:\/\/legitgrams.com\/#organization"},"potentialAction":[{"@type":"SearchAction","target":{"@type":"EntryPoint","urlTemplate":"https:\/\/legitgrams.com\/?s={search_term_string}"},"query-input":{"@type":"PropertyValueSpecification","valueRequired":true,"valueName":"search_term_string"}}],"inLanguage":"es"},{"@type":"Organization","@id":"https:\/\/legitgrams.com\/#organization","name":"Gramos leg\u00edtimos","url":"https:\/\/legitgrams.com\/","logo":{"@type":"ImageObject","inLanguage":"es","@id":"https:\/\/legitgrams.com\/#\/schema\/logo\/image\/","url":"https:\/\/legitgrams.com\/wp-content\/uploads\/2024\/09\/main-logo.png","contentUrl":"https:\/\/legitgrams.com\/wp-content\/uploads\/2024\/09\/main-logo.png","width":270,"height":75,"caption":"Legit Grams"},"image":{"@id":"https:\/\/legitgrams.com\/#\/schema\/logo\/image\/"}}]}},"uagb_featured_image_src":{"full":["https:\/\/legitgrams.com\/wp-content\/uploads\/2024\/08\/Add-b.gif",600,600,false],"thumbnail":["https:\/\/legitgrams.com\/wp-content\/uploads\/2024\/08\/Add-b-150x150.gif",150,150,true],"medium":["https:\/\/legitgrams.com\/wp-content\/uploads\/2024\/08\/Add-b-300x300.gif",300,300,true],"medium_large":["https:\/\/legitgrams.com\/wp-content\/uploads\/2024\/08\/Add-b.gif",600,600,false],"large":["https:\/\/legitgrams.com\/wp-content\/uploads\/2024\/08\/Add-b.gif",600,600,false],"1536x1536":["https:\/\/legitgrams.com\/wp-content\/uploads\/2024\/08\/Add-b.gif",600,600,false],"2048x2048":["https:\/\/legitgrams.com\/wp-content\/uploads\/2024\/08\/Add-b.gif",600,600,false],"trp-custom-language-flag":["https:\/\/legitgrams.com\/wp-content\/uploads\/2024\/08\/Add-b-12x12.gif",12,12,true],"woocommerce_thumbnail":["https:\/\/legitgrams.com\/wp-content\/uploads\/2024\/08\/Add-b-300x300.gif",300,300,true],"woocommerce_single":["https:\/\/legitgrams.com\/wp-content\/uploads\/2024\/08\/Add-b.gif",600,600,false],"woocommerce_gallery_thumbnail":["https:\/\/legitgrams.com\/wp-content\/uploads\/2024\/08\/Add-b-100x100.gif",100,100,true]},"uagb_author_info":{"display_name":"cokeblog18","author_link":"https:\/\/legitgrams.com\/es\/author\/"},"uagb_comment_info":0,"uagb_excerpt":"For Sale: ADD-B ADD-B can be bought online. It is a synthetic cannabis that is structurally categorized and used as a reference standard in analysis. It is unknown what the physiological and toxicological properties of this chemical are. 4. Cyan CUMYL-BUTINACA is categorized as a Schedule I substance in the United States. This gadget is&hellip;","_links":{"self":[{"href":"https:\/\/legitgrams.com\/es\/wp-json\/wp\/v2\/product\/3261","targetHints":{"allow":["GET"]}}],"collection":[{"href":"https:\/\/legitgrams.com\/es\/wp-json\/wp\/v2\/product"}],"about":[{"href":"https:\/\/legitgrams.com\/es\/wp-json\/wp\/v2\/types\/product"}],"replies":[{"embeddable":true,"href":"https:\/\/legitgrams.com\/es\/wp-json\/wp\/v2\/comments?post=3261"}],"wp:featuredmedia":[{"embeddable":true,"href":"https:\/\/legitgrams.com\/es\/wp-json\/wp\/v2\/media\/3273"}],"wp:attachment":[{"href":"https:\/\/legitgrams.com\/es\/wp-json\/wp\/v2\/media?parent=3261"}],"wp:term":[{"taxonomy":"product_brand","embeddable":true,"href":"https:\/\/legitgrams.com\/es\/wp-json\/wp\/v2\/product_brand?post=3261"},{"taxonomy":"product_cat","embeddable":true,"href":"https:\/\/legitgrams.com\/es\/wp-json\/wp\/v2\/product_cat?post=3261"},{"taxonomy":"product_tag","embeddable":true,"href":"https:\/\/legitgrams.com\/es\/wp-json\/wp\/v2\/product_tag?post=3261"}],"curies":[{"name":"wp","href":"https:\/\/api.w.org\/{rel}","templated":true}]}}