{"id":3265,"date":"2024-08-03T05:27:18","date_gmt":"2024-08-03T05:27:18","guid":{"rendered":"https:\/\/cokebricks.com\/?post_type=product&#038;p=3265"},"modified":"2025-01-11T11:14:41","modified_gmt":"2025-01-11T11:14:41","slug":"5cadb-b","status":"publish","type":"product","link":"https:\/\/legitgrams.com\/es\/producto\/5cadb-b\/","title":{"rendered":"5Cadb-B"},"content":{"rendered":"<h2>5Cadb-b en venta<\/h2>\n<p>Comprar <a href=\"https:\/\/legitgrams.com\/es\/producto\/5cadb-b\/\">5CADB-B Powder online<\/a> y obtenga env\u00edo gratis a otros pa\u00edses. Este cannabinoide sint\u00e9tico, basado en indazoles, es miembro de la clase de indazol-3-carboxamida. El 5CADB-B tambi\u00e9n se conoce como 5F-MDMB-PINACA. Ha sido un componente de las drogas de dise\u00f1o, que son productos de cannabis sint\u00e9tico que se venden en l\u00ednea.<\/p>\n<p>CAS: N\/A<br \/>\nN\/A is the formula.<br \/>\n99.7% purity min<br \/>\nWeight of molecules: N\/A<br \/>\nLook: Powder<\/p>\n<h3>La g\u00e9nesis de 5CADB-B<\/h3>\n<p>Tal vez en noviembre de 2014, las muestras post mortem de una persona fallecida que hab\u00eda consumido un producto que conten\u00eda este ingrediente proporcionaron la primera prueba de esto. Sorprendentemente, las pruebas realizadas a otras diez personas cuyas muertes no se explicaron revelaron que esta misma sustancia fue la causa de sus muertes. Todas estas muertes fueron causadas por sobredosis. Aun as\u00ed, aunque <a href=\"https:\/\/en.wikipedia.org\/wiki\/ADB-BINACA\">5CADB-B<\/a> es un potente agonista del receptor CB1, no est\u00e1 claro si es selectivo para este receptor. Debido a su incre\u00edblemente baja tasa de detecci\u00f3n en el tejido corporal, se cree que el 5CADB-B es incre\u00edblemente potente. Tambi\u00e9n parece ser m\u00e1s t\u00f3xico que cualquier otro producto de cannabis que se haya vendido antes. Compra 5CADB-B en polvo en l\u00ednea y obt\u00e9n env\u00edo gratis a cualquier parte del mundo.<\/p>\n<h3>5CADB-B se est\u00e1 utilizando ilegalmente y se distribuye en l\u00ednea.<\/h3>\n<p>Hasta el momento, el 5f-adb no tiene usos comerciales ni medicinales. Se ha descubierto que varios productos de cannabis sint\u00e9tico (5CADB-B) que se fuman para crear un efecto psicod\u00e9lico lo contienen. Los datos sobre el consumo de los consumidores en los EE. UU. y otros pa\u00edses son escasos. Debido a que los centros de control de intoxicaciones siguen informando de malos resultados, el uso de cannabis sint\u00e9tico sigue siendo un problema de salud y seguridad p\u00fablica. efectos sobre la salud. Entre septiembre de 2014 y noviembre de 2014, se informaron varias muertes por sobredosis en Jap\u00f3n. El 5f-adb se puede comprar en l\u00ednea. Consigue tambi\u00e9n RC de buena calidad aqu\u00ed. <a href=\"https:\/\/legitgrams.com\/es\/\">LegitGrams<\/a><\/p>\n<h3>Clasificaci\u00f3n y caracter\u00edsticas farmacol\u00f3gicas de 5CADB-B<\/h3>\n<p>Este f\u00e1rmaco pertenece a la clase de los indazoles. La estructura central del indazol, que constituye la base del 5F-ADB, sustituye las posiciones 1 y 3 del sistema de anillos del indazol. Una cadena lineal de cinco carbonos ocupa el lugar de la primera posici\u00f3n de cinco F-ADB.<\/p>\n<p>Se completa con un \u00e1tomo de fl\u00faor (F). La posici\u00f3n 3 se cambia utilizando un enlace amida y el \u00e1tomo de nitr\u00f3geno (N)<\/p>\n<p>Este enlace se complementa con grupos 1-metoxi-3,3-dimetil-1-oxobutan-2-ilo adicionales. El 5F-ADB se une al receptor CB1 y act\u00faa como agonista all\u00ed, seg\u00fan los resultados de la investigaci\u00f3n precl\u00ednica. En experimentos de discriminaci\u00f3n de drogas en ratas, el 5CADB-B se generaliz\u00f3 al delta-9-tetrahidrocannabinol, lo que dio lugar a reacciones subjetivas similares a las del THC.<\/p>","protected":false},"excerpt":{"rendered":"<p>5Cadb-b for Sale Purchase 5CADB-B Powder online and get free shipping to other countries. Based on indazoles, this synthetic cannabinoid is a member of the indazole-3-carboxamide class. 5CADB-B is also known as 5F-MDMB-PINACA. It has been a component of designer drugs, which are synthetic cannabis products sold online. CAS: N\/A N\/A is the formula. 99.7% &hellip;<\/p>\n<p class=\"read-more\"> <a class=\"\" href=\"https:\/\/legitgrams.com\/es\/producto\/5cadb-b\/\"> <span class=\"screen-reader-text\">5Cadb-B<\/span> Leer m\u00e1s \"<\/a><\/p>","protected":false},"featured_media":3277,"comment_status":"open","ping_status":"closed","template":"","meta":{"_uag_custom_page_level_css":"","site-sidebar-layout":"default","site-content-layout":"default","ast-global-header-display":"","ast-main-header-display":"","ast-hfb-above-header-display":"","ast-hfb-below-header-display":"","ast-hfb-mobile-header-display":"","site-post-title":"","ast-breadcrumbs-content":"","ast-featured-img":"","footer-sml-layout":"","theme-transparent-header-meta":"default","adv-header-id-meta":"","stick-header-meta":"default","header-above-stick-meta":"","header-main-stick-meta":"","header-below-stick-meta":"","_joinchat":[]},"product_brand":[],"product_cat":[190],"product_tag":[459,460,447,237,461,238,239,240,241,242,462,250],"class_list":{"0":"post-3265","1":"product","2":"type-product","3":"status-publish","4":"has-post-thumbnail","6":"product_cat-cannabinoids","7":"product_tag-5-cl-adb-a","8":"product_tag-5cakb48","9":"product_tag-5f-mdmb-2201-psychonaut","10":"product_tag-5f-mdmb-2201","11":"product_tag-5f-mdmb-2201-cayman","12":"product_tag-5f-mdmb-2201-dosage","13":"product_tag-5f-mdmb-2201-opinie","14":"product_tag-5f-mdmb-2201-reddit","15":"product_tag-5f-mdmb-2201-review","16":"product_tag-5f-mdmb-2201-wiki","17":"product_tag-5fmdmb2201-5f-mdmb-2201-cannabinoid","18":"product_tag-5fmdmb2201-5f-mdmb-2201-kannabinoid","19":"desktop-align-left","20":"tablet-align-left","21":"mobile-align-left","22":"ast-product-gallery-layout-horizontal","23":"ast-product-gallery-with-no-image","24":"ast-product-single-variable","25":"ast-product-tabs-layout-horizontal","26":"ast-qv-on-image","28":"first","29":"instock","30":"shipping-taxable","31":"purchasable","32":"product-type-variable"},"yoast_head":"<!-- This site is optimized with the Yoast SEO plugin v25.9 - https:\/\/yoast.com\/wordpress\/plugins\/seo\/ -->\n<title>5Cadb-b for Sale - Buy 5Cadb-b Powder Online @ Low Price<\/title>\n<meta name=\"description\" content=\"Your requirement to buy 5Cadb-b powder online can be fulfilled at our online store as we have 5Cadb-b for sale here. Place your order and get affordable deals every day. Order Now!\" \/>\n<meta name=\"robots\" content=\"index, follow, max-snippet:-1, max-image-preview:large, max-video-preview:-1\" \/>\n<link rel=\"canonical\" href=\"https:\/\/legitgrams.com\/es\/producto\/5cadb-b\/\" \/>\n<meta property=\"og:locale\" content=\"es_ES\" \/>\n<meta property=\"og:type\" content=\"article\" \/>\n<meta property=\"og:title\" content=\"5Cadb-b for Sale - Buy 5Cadb-b Powder Online @ Low Price\" \/>\n<meta property=\"og:description\" content=\"Your requirement to buy 5Cadb-b powder online can be fulfilled at our online store as we have 5Cadb-b for sale here. Place your order and get affordable deals every day. Order Now!\" \/>\n<meta property=\"og:url\" content=\"https:\/\/legitgrams.com\/es\/producto\/5cadb-b\/\" \/>\n<meta property=\"og:site_name\" content=\"Legit Grams\" \/>\n<meta property=\"article:modified_time\" content=\"2025-01-11T11:14:41+00:00\" \/>\n<meta property=\"og:image\" content=\"https:\/\/legitgrams.com\/wp-content\/uploads\/2024\/08\/5cadb-b.gif\" \/>\n\t<meta property=\"og:image:width\" content=\"600\" \/>\n\t<meta property=\"og:image:height\" content=\"600\" \/>\n\t<meta property=\"og:image:type\" content=\"image\/gif\" \/>\n<meta name=\"twitter:card\" content=\"summary_large_image\" \/>\n<meta name=\"twitter:label1\" content=\"Tiempo de lectura\" \/>\n\t<meta name=\"twitter:data1\" content=\"2 minutos\" \/>\n<script type=\"application\/ld+json\" class=\"yoast-schema-graph\">{\"@context\":\"https:\/\/schema.org\",\"@graph\":[{\"@type\":\"WebPage\",\"@id\":\"https:\/\/legitgrams.com\/product\/5cadb-b\/\",\"url\":\"https:\/\/legitgrams.com\/product\/5cadb-b\/\",\"name\":\"5Cadb-b for Sale - Buy 5Cadb-b Powder Online @ Low Price\",\"isPartOf\":{\"@id\":\"https:\/\/legitgrams.com\/#website\"},\"primaryImageOfPage\":{\"@id\":\"https:\/\/legitgrams.com\/product\/5cadb-b\/#primaryimage\"},\"image\":{\"@id\":\"https:\/\/legitgrams.com\/product\/5cadb-b\/#primaryimage\"},\"thumbnailUrl\":\"https:\/\/legitgrams.com\/wp-content\/uploads\/2024\/08\/5cadb-b.gif\",\"datePublished\":\"2024-08-03T05:27:18+00:00\",\"dateModified\":\"2025-01-11T11:14:41+00:00\",\"description\":\"Your requirement to buy 5Cadb-b powder online can be fulfilled at our online store as we have 5Cadb-b for sale here. Place your order and get affordable deals every day. Order Now!\",\"breadcrumb\":{\"@id\":\"https:\/\/legitgrams.com\/product\/5cadb-b\/#breadcrumb\"},\"inLanguage\":\"es\",\"potentialAction\":[{\"@type\":\"ReadAction\",\"target\":[\"https:\/\/legitgrams.com\/product\/5cadb-b\/\"]}]},{\"@type\":\"ImageObject\",\"inLanguage\":\"es\",\"@id\":\"https:\/\/legitgrams.com\/product\/5cadb-b\/#primaryimage\",\"url\":\"https:\/\/legitgrams.com\/wp-content\/uploads\/2024\/08\/5cadb-b.gif\",\"contentUrl\":\"https:\/\/legitgrams.com\/wp-content\/uploads\/2024\/08\/5cadb-b.gif\",\"width\":600,\"height\":600,\"caption\":\"5Cadb-b for Sale\"},{\"@type\":\"BreadcrumbList\",\"@id\":\"https:\/\/legitgrams.com\/product\/5cadb-b\/#breadcrumb\",\"itemListElement\":[{\"@type\":\"ListItem\",\"position\":1,\"name\":\"Home\",\"item\":\"https:\/\/legitgrams.com\/\"},{\"@type\":\"ListItem\",\"position\":2,\"name\":\"Shop\",\"item\":\"https:\/\/legitgrams.com\/shop\/\"},{\"@type\":\"ListItem\",\"position\":3,\"name\":\"5Cadb-B\"}]},{\"@type\":\"WebSite\",\"@id\":\"https:\/\/legitgrams.com\/#website\",\"url\":\"https:\/\/legitgrams.com\/\",\"name\":\"Legit Grams\",\"description\":\"My WordPress Blog\",\"publisher\":{\"@id\":\"https:\/\/legitgrams.com\/#organization\"},\"potentialAction\":[{\"@type\":\"SearchAction\",\"target\":{\"@type\":\"EntryPoint\",\"urlTemplate\":\"https:\/\/legitgrams.com\/?s={search_term_string}\"},\"query-input\":{\"@type\":\"PropertyValueSpecification\",\"valueRequired\":true,\"valueName\":\"search_term_string\"}}],\"inLanguage\":\"es\"},{\"@type\":\"Organization\",\"@id\":\"https:\/\/legitgrams.com\/#organization\",\"name\":\"Legit Grams\",\"url\":\"https:\/\/legitgrams.com\/\",\"logo\":{\"@type\":\"ImageObject\",\"inLanguage\":\"es\",\"@id\":\"https:\/\/legitgrams.com\/#\/schema\/logo\/image\/\",\"url\":\"https:\/\/legitgrams.com\/wp-content\/uploads\/2024\/09\/main-logo.png\",\"contentUrl\":\"https:\/\/legitgrams.com\/wp-content\/uploads\/2024\/09\/main-logo.png\",\"width\":270,\"height\":75,\"caption\":\"Legit Grams\"},\"image\":{\"@id\":\"https:\/\/legitgrams.com\/#\/schema\/logo\/image\/\"}}]}<\/script>\n<!-- \/ Yoast SEO plugin. -->","yoast_head_json":{"title":"5Cadb-b for Sale - Buy 5Cadb-b Polvo Online @ Low Price","description":"Su requisito para comprar 5Cadb-b en polvo en l\u00ednea se puede cumplir en nuestra tienda en l\u00ednea como tenemos 5Cadb-b a la venta aqu\u00ed. Haga su pedido y obtener ofertas asequibles todos los d\u00edas. \u00a1Haga su pedido ahora!","robots":{"index":"index","follow":"follow","max-snippet":"max-snippet:-1","max-image-preview":"max-image-preview:large","max-video-preview":"max-video-preview:-1"},"canonical":"https:\/\/legitgrams.com\/es\/producto\/5cadb-b\/","og_locale":"es_ES","og_type":"article","og_title":"5Cadb-b for Sale - Buy 5Cadb-b Powder Online @ Low Price","og_description":"Your requirement to buy 5Cadb-b powder online can be fulfilled at our online store as we have 5Cadb-b for sale here. Place your order and get affordable deals every day. Order Now!","og_url":"https:\/\/legitgrams.com\/es\/producto\/5cadb-b\/","og_site_name":"Legit Grams","article_modified_time":"2025-01-11T11:14:41+00:00","og_image":[{"width":600,"height":600,"url":"https:\/\/legitgrams.com\/wp-content\/uploads\/2024\/08\/5cadb-b.gif","type":"image\/gif"}],"twitter_card":"summary_large_image","twitter_misc":{"Tiempo de lectura":"2 minutos"},"schema":{"@context":"https:\/\/schema.org","@graph":[{"@type":"WebPage","@id":"https:\/\/legitgrams.com\/product\/5cadb-b\/","url":"https:\/\/legitgrams.com\/product\/5cadb-b\/","name":"5Cadb-b for Sale - Buy 5Cadb-b Polvo Online @ Low Price","isPartOf":{"@id":"https:\/\/legitgrams.com\/#website"},"primaryImageOfPage":{"@id":"https:\/\/legitgrams.com\/product\/5cadb-b\/#primaryimage"},"image":{"@id":"https:\/\/legitgrams.com\/product\/5cadb-b\/#primaryimage"},"thumbnailUrl":"https:\/\/legitgrams.com\/wp-content\/uploads\/2024\/08\/5cadb-b.gif","datePublished":"2024-08-03T05:27:18+00:00","dateModified":"2025-01-11T11:14:41+00:00","description":"Su requisito para comprar 5Cadb-b en polvo en l\u00ednea se puede cumplir en nuestra tienda en l\u00ednea como tenemos 5Cadb-b a la venta aqu\u00ed. Haga su pedido y obtener ofertas asequibles todos los d\u00edas. \u00a1Haga su pedido ahora!","breadcrumb":{"@id":"https:\/\/legitgrams.com\/product\/5cadb-b\/#breadcrumb"},"inLanguage":"es","potentialAction":[{"@type":"ReadAction","target":["https:\/\/legitgrams.com\/product\/5cadb-b\/"]}]},{"@type":"ImageObject","inLanguage":"es","@id":"https:\/\/legitgrams.com\/product\/5cadb-b\/#primaryimage","url":"https:\/\/legitgrams.com\/wp-content\/uploads\/2024\/08\/5cadb-b.gif","contentUrl":"https:\/\/legitgrams.com\/wp-content\/uploads\/2024\/08\/5cadb-b.gif","width":600,"height":600,"caption":"5Cadb-b for Sale"},{"@type":"BreadcrumbList","@id":"https:\/\/legitgrams.com\/product\/5cadb-b\/#breadcrumb","itemListElement":[{"@type":"ListItem","position":1,"name":"Home","item":"https:\/\/legitgrams.com\/"},{"@type":"ListItem","position":2,"name":"Shop","item":"https:\/\/legitgrams.com\/shop\/"},{"@type":"ListItem","position":3,"name":"5Cadb-B"}]},{"@type":"WebSite","@id":"https:\/\/legitgrams.com\/#website","url":"https:\/\/legitgrams.com\/","name":"Gramos leg\u00edtimos","description":"Mi blog de WordPress","publisher":{"@id":"https:\/\/legitgrams.com\/#organization"},"potentialAction":[{"@type":"SearchAction","target":{"@type":"EntryPoint","urlTemplate":"https:\/\/legitgrams.com\/?s={search_term_string}"},"query-input":{"@type":"PropertyValueSpecification","valueRequired":true,"valueName":"search_term_string"}}],"inLanguage":"es"},{"@type":"Organization","@id":"https:\/\/legitgrams.com\/#organization","name":"Gramos leg\u00edtimos","url":"https:\/\/legitgrams.com\/","logo":{"@type":"ImageObject","inLanguage":"es","@id":"https:\/\/legitgrams.com\/#\/schema\/logo\/image\/","url":"https:\/\/legitgrams.com\/wp-content\/uploads\/2024\/09\/main-logo.png","contentUrl":"https:\/\/legitgrams.com\/wp-content\/uploads\/2024\/09\/main-logo.png","width":270,"height":75,"caption":"Legit Grams"},"image":{"@id":"https:\/\/legitgrams.com\/#\/schema\/logo\/image\/"}}]}},"uagb_featured_image_src":{"full":["https:\/\/legitgrams.com\/wp-content\/uploads\/2024\/08\/5cadb-b.gif",600,600,false],"thumbnail":["https:\/\/legitgrams.com\/wp-content\/uploads\/2024\/08\/5cadb-b-150x150.gif",150,150,true],"medium":["https:\/\/legitgrams.com\/wp-content\/uploads\/2024\/08\/5cadb-b-300x300.gif",300,300,true],"medium_large":["https:\/\/legitgrams.com\/wp-content\/uploads\/2024\/08\/5cadb-b.gif",600,600,false],"large":["https:\/\/legitgrams.com\/wp-content\/uploads\/2024\/08\/5cadb-b.gif",600,600,false],"1536x1536":["https:\/\/legitgrams.com\/wp-content\/uploads\/2024\/08\/5cadb-b.gif",600,600,false],"2048x2048":["https:\/\/legitgrams.com\/wp-content\/uploads\/2024\/08\/5cadb-b.gif",600,600,false],"trp-custom-language-flag":["https:\/\/legitgrams.com\/wp-content\/uploads\/2024\/08\/5cadb-b-12x12.gif",12,12,true],"woocommerce_thumbnail":["https:\/\/legitgrams.com\/wp-content\/uploads\/2024\/08\/5cadb-b-300x300.gif",300,300,true],"woocommerce_single":["https:\/\/legitgrams.com\/wp-content\/uploads\/2024\/08\/5cadb-b.gif",600,600,false],"woocommerce_gallery_thumbnail":["https:\/\/legitgrams.com\/wp-content\/uploads\/2024\/08\/5cadb-b-100x100.gif",100,100,true]},"uagb_author_info":{"display_name":"cokeblog18","author_link":"https:\/\/legitgrams.com\/es\/author\/"},"uagb_comment_info":0,"uagb_excerpt":"5Cadb-b for Sale Purchase 5CADB-B Powder online and get free shipping to other countries. Based on indazoles, this synthetic cannabinoid is a member of the indazole-3-carboxamide class. 5CADB-B is also known as 5F-MDMB-PINACA. It has been a component of designer drugs, which are synthetic cannabis products sold online. CAS: N\/A N\/A is the formula. 99.7%&hellip;","_links":{"self":[{"href":"https:\/\/legitgrams.com\/es\/wp-json\/wp\/v2\/product\/3265","targetHints":{"allow":["GET"]}}],"collection":[{"href":"https:\/\/legitgrams.com\/es\/wp-json\/wp\/v2\/product"}],"about":[{"href":"https:\/\/legitgrams.com\/es\/wp-json\/wp\/v2\/types\/product"}],"replies":[{"embeddable":true,"href":"https:\/\/legitgrams.com\/es\/wp-json\/wp\/v2\/comments?post=3265"}],"wp:featuredmedia":[{"embeddable":true,"href":"https:\/\/legitgrams.com\/es\/wp-json\/wp\/v2\/media\/3277"}],"wp:attachment":[{"href":"https:\/\/legitgrams.com\/es\/wp-json\/wp\/v2\/media?parent=3265"}],"wp:term":[{"taxonomy":"product_brand","embeddable":true,"href":"https:\/\/legitgrams.com\/es\/wp-json\/wp\/v2\/product_brand?post=3265"},{"taxonomy":"product_cat","embeddable":true,"href":"https:\/\/legitgrams.com\/es\/wp-json\/wp\/v2\/product_cat?post=3265"},{"taxonomy":"product_tag","embeddable":true,"href":"https:\/\/legitgrams.com\/es\/wp-json\/wp\/v2\/product_tag?post=3265"}],"curies":[{"name":"wp","href":"https:\/\/api.w.org\/{rel}","templated":true}]}}