{"id":3278,"date":"2024-08-03T05:38:22","date_gmt":"2024-08-03T05:38:22","guid":{"rendered":"https:\/\/cokebricks.com\/?post_type=product&#038;p=3278"},"modified":"2025-01-11T11:43:55","modified_gmt":"2025-01-11T11:43:55","slug":"5f-emb","status":"publish","type":"product","link":"https:\/\/legitgrams.com\/es\/producto\/5f-emb\/","title":{"rendered":"5f-EMB"},"content":{"rendered":"<div class=\"page-actual bg-light\">\n<section class=\"page-section py-5\">\n<div class=\"container\">\n<div class=\"card card-body py-4\">\n<div class=\"row product-each\">\n<div class=\"col-sm-8 product-text\">\n<div class=\"border-bottom mb-4 pb-3\">\n<h2>En venta: 5F-EMB<\/h2>\n<p>Descubra 5f-EMB,<a href=\"https:\/\/legitgrams.com\/es\/producto\/5f-emb\/\"> 5F-EMB-PINACA<\/a>, un cannabinoide sint\u00e9tico basado en indazol de la familia de las indazol-3-carboxamidas que se ha ofrecido a la venta en l\u00ednea como medicamento de dise\u00f1o. Tambi\u00e9n se lo conoce como <a href=\"https:\/\/en.wikipedia.org\/wiki\/5F-APINACA\">EMB-5F-PINACA<\/a> de acuerdo con el marco EMCCDA para la denominaci\u00f3n de cannabinoides sint\u00e9ticos y 5F-AEB. <a href=\"https:\/\/legitgrams.com\/es\/\">LegitGrams<\/a><\/p>\n<\/div>\n<div class=\"table-responsive\">\n<table class=\"table table-sm table-borderless\">\n<tbody>\n<tr>\n<td>Nombre del producto<\/td>\n<td>5F-EMB<\/td>\n<\/tr>\n<tr>\n<td>C\u00f3digo del producto<\/td>\n<td>F00003078<\/td>\n<\/tr>\n<tr>\n<td>Nombre qu\u00edmico<\/td>\n<td>5F-EMB<\/td>\n<\/tr>\n<tr>\n<td>Sin\u00f3nimos<\/td>\n<td>5-Fluoro EMB; (1-(5-fluoropentil)-1H-indazol-3-carbonil)-L-valinato de etilo;5F-EMB-PINACA<\/td>\n<\/tr>\n<tr>\n<td>Impureza<\/td>\n<td><span class=\"text-muted\">No hay datos disponibles<a href=\"https:\/\/legitgrams.com\/es\/\">e<\/a><\/span><\/td>\n<\/tr>\n<tr>\n<td>N\u00famero CAS<\/td>\n<td>NA<\/td>\n<\/tr>\n<tr>\n<td>Alternativa CAS #<\/td>\n<td>NA<\/td>\n<\/tr>\n<tr>\n<td>Forma molecular<\/td>\n<td>C\u2082\u2080H\u2082\u2088FN\u2083O\u2083<\/td>\n<\/tr>\n<tr>\n<td>Apariencia<\/td>\n<td><span class=\"text-muted\">No hay datos disponibles<\/span><\/td>\n<\/tr>\n<tr>\n<td>Punto de fusi\u00f3n<\/td>\n<td><span class=\"text-muted\">No hay datos disponibles<\/span><\/td>\n<\/tr>\n<tr>\n<td>Mol. Peso<\/td>\n<td>377.45<\/td>\n<\/tr>\n<tr>\n<td>Almacenamiento<\/td>\n<td><span class=\"text-muted\">No hay datos disponibles<\/span><\/td>\n<\/tr>\n<tr>\n<td>Solubilidad<\/td>\n<td><span class=\"text-muted\">No hay datos disponibles<\/span><\/td>\n<\/tr>\n<tr>\n<td>Estabilidad<\/td>\n<td><span class=\"text-muted\">No hay datos disponibles<\/span><\/td>\n<\/tr>\n<tr>\n<td>Categor\u00eda<\/td>\n<td><span class=\"text-muted\">No hay datos disponibles<\/span><\/td>\n<\/tr>\n<tr>\n<td>Punto de ebullici\u00f3n<\/td>\n<td><span class=\"text-muted\">No hay datos disponibles<\/span><\/td>\n<\/tr>\n<tr>\n<td>Aplicaciones<\/td>\n<td>El 5F-AEB es un an\u00e1logo del AB-PINACA (A109000) caracterizado por la sustituci\u00f3n de la carboxamida por acetato de etilo y la adici\u00f3n de un \u00e1tomo de fl\u00faor alquil-terminal. Cannabinoides sint\u00e9ticos.<\/td>\n<\/tr>\n<tr>\n<td>Informaci\u00f3n sobre mercanc\u00edas peligrosas<\/td>\n<td>NA<\/td>\n<\/tr>\n<tr>\n<td>Referencias<\/td>\n<td>Uchiyama, N., et al: Forensic Toxicol. 31(1), 93 (2013).<\/td>\n<\/tr>\n<tr>\n<td>Notas adicionales<\/td>\n<td><span class=\"text-muted\">No hay datos disponibles<\/span><\/td>\n<\/tr>\n<tr>\n<td>Documentos (FDS)<\/td>\n<td><span class=\"text-muted\">No hay datos disponibles<\/span><\/td>\n<\/tr>\n<tr>\n<td>Palabras clave<\/td>\n<td>comprar 5F-EMB | Comprar 5F-EMB| Pedir 5F-EMB| Proveedor de 5F-EMB | Fabricante de 5F-EMB | Distribuidor de 5F-EMB | Coste de 5F-AEB<\/td>\n<\/tr>\n<\/tbody>\n<\/table>\n<\/div>\n<\/div>\n<div class=\"col-sm-4 product-media\">\n<div class=\"mt-5 pt-1\"><img decoding=\"async\" class=\"img-thumbnail\" src=\"https:\/\/www.srdpharma.com\/adminize\/uploads\/F00003078_proImage.png\" alt=\"5F-AEB\" \/><\/div>\n<div class=\"mt-5\">\n<h5>Embalaje del producto<\/h5>\n<\/div>\n<table class=\"table table-sm table-bordered\">\n<tbody>\n<tr>\n<td>25 mg<\/td>\n<\/tr>\n<tr>\n<td>50 mg<\/td>\n<\/tr>\n<tr>\n<td>100 mg<\/td>\n<\/tr>\n<tr>\n<td>250 mg<\/td>\n<\/tr>\n<\/tbody>\n<\/table>\n<div class=\"mt-5\">\n<h5>Consulta sobre el producto<\/h5>\n<div class=\"card card-body\">\u00a0Obtener presupuesto<\/div>\n<div>\n<p><strong>\u00a05F-EMB-PINACA En l\u00ednea<\/strong><br \/>\n<a href=\"https:\/\/legitgrams.com\/es\/producto\/5f-emb\/\">5F-EMB-PINACA<\/a> (tambi\u00e9n conocido como 5F-AEB) es un cannabinoide sint\u00e9tico a base de indazol de la familia de las indazol-3-carboxamidas que se ha vendido en l\u00ednea como droga de dise\u00f1o.<\/p>\n<p>Por lo tanto, Fue reportado por primera vez por el OEDT como parte de una incautaci\u00f3n de 149 gramos de polvo blanco en Suecia en abril de 2015<\/p>\n<p>Para aclarar, el 5F AM-2201 en venta online tiene un nombre prominente en la industria qu\u00edmica de investigaci\u00f3n y considerado como la clase de cannabinoide m\u00e1s potente. Es un agonista completo para los receptores asociados. Su dosis activa es peque\u00f1a en cantidad como 500 microgramos y por lo tanto, se trata con extrema precauci\u00f3n y cuidado a fin de evitar la inhalaci\u00f3n innecesaria. Comprar am-2201 online<\/p>\n<p><strong>Comprar 5F-EMB-PINACA Online<\/strong><br \/>\nEn primer lugar, el hecho de que hace que un receptor extremadamente amplio perfil de uni\u00f3n siempre ha colocado AM-2201 a la venta en l\u00ednea en la parte superior de la lista de los investigadores. Se vende por BAC estrictamente para los fines de la aplicaci\u00f3n in vitro solamente, y no es adecuado para la ingesti\u00f3n humana.<\/p>\n<p>Mientras tanto, forma parte de la serie AM de cannabinoides descubiertos por Alexandros Makriyannis.<\/p>\n<\/div>\n<\/div>\n<\/div>\n<\/div>\n<\/div>\n<\/div>\n<\/section>\n<\/div>\n<div class=\"footer site-footer\">\n<div class=\"container\">\n<div class=\"row\">\n<div class=\"col-lg-4\"><\/div>\n<\/div>\n<\/div>\n<\/div>","protected":false},"excerpt":{"rendered":"<p>For Sale: 5F-EMB Discover 5f-EMB, 5F-EMB-PINACA, an indazole-based synthetic cannabinoid from the indazole-3-carboxamide family that has been offered for sale online as a designer medication. It is also referred to as EMB-5F-PINACA in accordance with the EMCCDA framework for naming synthetic cannabinoids and 5F-AEB. LegitGrams Product Name 5F-EMB Product Code F00003078 Chemical name 5F-EMB Synonyms &hellip;<\/p>\n<p class=\"read-more\"> <a class=\"\" href=\"https:\/\/legitgrams.com\/es\/producto\/5f-emb\/\"> <span class=\"screen-reader-text\">5f-EMB<\/span> Leer m\u00e1s \"<\/a><\/p>","protected":false},"featured_media":3288,"comment_status":"open","ping_status":"closed","template":"","meta":{"_uag_custom_page_level_css":"","site-sidebar-layout":"default","site-content-layout":"default","ast-global-header-display":"","ast-main-header-display":"","ast-hfb-above-header-display":"","ast-hfb-below-header-display":"","ast-hfb-mobile-header-display":"","site-post-title":"","ast-breadcrumbs-content":"","ast-featured-img":"","footer-sml-layout":"","theme-transparent-header-meta":"default","adv-header-id-meta":"","stick-header-meta":"default","header-above-stick-meta":"","header-main-stick-meta":"","header-below-stick-meta":"","_joinchat":[]},"product_brand":[],"product_cat":[190],"product_tag":[444,445,446,447,448,449,237,450,238,451,239,452,240,453,242,454,455,456,457,458],"class_list":{"0":"post-3278","1":"product","2":"type-product","3":"status-publish","4":"has-post-thumbnail","6":"product_cat-cannabinoids","7":"product_tag-5f-2201","8":"product_tag-5f-mdmb-2201-5f-mdmb-2201-cannabinoid","9":"product_tag-5f-mdmb-2201-legal-status","10":"product_tag-5f-mdmb-2201-psychonaut","11":"product_tag-5f-mdmb2011","12":"product_tag-5f-mdmb-22001-review","13":"product_tag-5f-mdmb-2201","14":"product_tag-5f-mdmb-2201-china","15":"product_tag-5f-mdmb-2201-dosage","16":"product_tag-5f-mdmb-2201-effects","17":"product_tag-5f-mdmb-2201-opinie","18":"product_tag-5f-mdmb-2201-order","19":"product_tag-5f-mdmb-2201-reddit","20":"product_tag-5f-mdmb-2201-vape","21":"product_tag-5f-mdmb-2201-wiki","22":"product_tag-5fmdmb-2201-wirkung","23":"product_tag-5fmdmb-2201-cayman","24":"product_tag-5fmdmv2201-5f-mdmb-2201-kannabinoid","25":"product_tag-buy-5f-mdmb-2201","26":"product_tag-buy-5fmdmb-2201","27":"desktop-align-left","28":"tablet-align-left","29":"mobile-align-left","30":"ast-product-gallery-layout-horizontal","31":"ast-product-single-variable","32":"ast-product-tabs-layout-horizontal","33":"ast-qv-on-image","35":"first","36":"instock","37":"shipping-taxable","38":"purchasable","39":"product-type-variable"},"yoast_head":"<!-- This site is optimized with the Yoast SEO plugin v25.9 - https:\/\/yoast.com\/wordpress\/plugins\/seo\/ -->\n<title>5F-EMB for Sale - Order 5F-EMB Powder Online | LegitGrams<\/title>\n<meta name=\"description\" content=\"You can buy 5F-EMB powder online at best price from our online cannabinoids store. We have cheap and high-quality 5F-EMB for sale and provide worldwide delivery. You can order from anywhere, anytime.\" \/>\n<meta name=\"robots\" content=\"index, follow, max-snippet:-1, max-image-preview:large, max-video-preview:-1\" \/>\n<link rel=\"canonical\" href=\"https:\/\/legitgrams.com\/es\/producto\/5f-emb\/\" \/>\n<meta property=\"og:locale\" content=\"es_ES\" \/>\n<meta property=\"og:type\" content=\"article\" \/>\n<meta property=\"og:title\" content=\"5F-EMB for Sale - Order 5F-EMB Powder Online | LegitGrams\" \/>\n<meta property=\"og:description\" content=\"You can buy 5F-EMB powder online at best price from our online cannabinoids store. We have cheap and high-quality 5F-EMB for sale and provide worldwide delivery. You can order from anywhere, anytime.\" \/>\n<meta property=\"og:url\" content=\"https:\/\/legitgrams.com\/es\/producto\/5f-emb\/\" \/>\n<meta property=\"og:site_name\" content=\"Legit Grams\" \/>\n<meta property=\"article:modified_time\" content=\"2025-01-11T11:43:55+00:00\" \/>\n<meta property=\"og:image\" content=\"https:\/\/legitgrams.com\/wp-content\/uploads\/2024\/08\/5f-EMB.gif\" \/>\n\t<meta property=\"og:image:width\" content=\"600\" \/>\n\t<meta property=\"og:image:height\" content=\"600\" \/>\n\t<meta property=\"og:image:type\" content=\"image\/gif\" \/>\n<meta name=\"twitter:card\" content=\"summary_large_image\" \/>\n<meta name=\"twitter:label1\" content=\"Tiempo de lectura\" \/>\n\t<meta name=\"twitter:data1\" content=\"3 minutos\" \/>\n<script type=\"application\/ld+json\" class=\"yoast-schema-graph\">{\"@context\":\"https:\/\/schema.org\",\"@graph\":[{\"@type\":\"WebPage\",\"@id\":\"https:\/\/legitgrams.com\/product\/5f-emb\/\",\"url\":\"https:\/\/legitgrams.com\/product\/5f-emb\/\",\"name\":\"5F-EMB for Sale - Order 5F-EMB Powder Online | LegitGrams\",\"isPartOf\":{\"@id\":\"https:\/\/legitgrams.com\/#website\"},\"primaryImageOfPage\":{\"@id\":\"https:\/\/legitgrams.com\/product\/5f-emb\/#primaryimage\"},\"image\":{\"@id\":\"https:\/\/legitgrams.com\/product\/5f-emb\/#primaryimage\"},\"thumbnailUrl\":\"https:\/\/legitgrams.com\/wp-content\/uploads\/2024\/08\/5f-EMB.gif\",\"datePublished\":\"2024-08-03T05:38:22+00:00\",\"dateModified\":\"2025-01-11T11:43:55+00:00\",\"description\":\"You can buy 5F-EMB powder online at best price from our online cannabinoids store. We have cheap and high-quality 5F-EMB for sale and provide worldwide delivery. You can order from anywhere, anytime.\",\"breadcrumb\":{\"@id\":\"https:\/\/legitgrams.com\/product\/5f-emb\/#breadcrumb\"},\"inLanguage\":\"es\",\"potentialAction\":[{\"@type\":\"ReadAction\",\"target\":[\"https:\/\/legitgrams.com\/product\/5f-emb\/\"]}]},{\"@type\":\"ImageObject\",\"inLanguage\":\"es\",\"@id\":\"https:\/\/legitgrams.com\/product\/5f-emb\/#primaryimage\",\"url\":\"https:\/\/legitgrams.com\/wp-content\/uploads\/2024\/08\/5f-EMB.gif\",\"contentUrl\":\"https:\/\/legitgrams.com\/wp-content\/uploads\/2024\/08\/5f-EMB.gif\",\"width\":600,\"height\":600,\"caption\":\"5F-EMB for Sale\"},{\"@type\":\"BreadcrumbList\",\"@id\":\"https:\/\/legitgrams.com\/product\/5f-emb\/#breadcrumb\",\"itemListElement\":[{\"@type\":\"ListItem\",\"position\":1,\"name\":\"Home\",\"item\":\"https:\/\/legitgrams.com\/\"},{\"@type\":\"ListItem\",\"position\":2,\"name\":\"Shop\",\"item\":\"https:\/\/legitgrams.com\/shop\/\"},{\"@type\":\"ListItem\",\"position\":3,\"name\":\"5f-EMB\"}]},{\"@type\":\"WebSite\",\"@id\":\"https:\/\/legitgrams.com\/#website\",\"url\":\"https:\/\/legitgrams.com\/\",\"name\":\"Legit Grams\",\"description\":\"My WordPress Blog\",\"publisher\":{\"@id\":\"https:\/\/legitgrams.com\/#organization\"},\"potentialAction\":[{\"@type\":\"SearchAction\",\"target\":{\"@type\":\"EntryPoint\",\"urlTemplate\":\"https:\/\/legitgrams.com\/?s={search_term_string}\"},\"query-input\":{\"@type\":\"PropertyValueSpecification\",\"valueRequired\":true,\"valueName\":\"search_term_string\"}}],\"inLanguage\":\"es\"},{\"@type\":\"Organization\",\"@id\":\"https:\/\/legitgrams.com\/#organization\",\"name\":\"Legit Grams\",\"url\":\"https:\/\/legitgrams.com\/\",\"logo\":{\"@type\":\"ImageObject\",\"inLanguage\":\"es\",\"@id\":\"https:\/\/legitgrams.com\/#\/schema\/logo\/image\/\",\"url\":\"https:\/\/legitgrams.com\/wp-content\/uploads\/2024\/09\/main-logo.png\",\"contentUrl\":\"https:\/\/legitgrams.com\/wp-content\/uploads\/2024\/09\/main-logo.png\",\"width\":270,\"height\":75,\"caption\":\"Legit Grams\"},\"image\":{\"@id\":\"https:\/\/legitgrams.com\/#\/schema\/logo\/image\/\"}}]}<\/script>\n<!-- \/ Yoast SEO plugin. -->","yoast_head_json":{"title":"5F-EMB en venta - Comprar 5F-EMB en polvo online | LegitGrams","description":"Puedes comprar 5F-EMB en polvo online al mejor precio en nuestra tienda online de cannabinoides. Tenemos 5F-EMB barato y de alta calidad a la venta y ofrecemos entrega en todo el mundo. Usted puede ordenar desde cualquier lugar, en cualquier momento.","robots":{"index":"index","follow":"follow","max-snippet":"max-snippet:-1","max-image-preview":"max-image-preview:large","max-video-preview":"max-video-preview:-1"},"canonical":"https:\/\/legitgrams.com\/es\/producto\/5f-emb\/","og_locale":"es_ES","og_type":"article","og_title":"5F-EMB for Sale - Order 5F-EMB Powder Online | LegitGrams","og_description":"You can buy 5F-EMB powder online at best price from our online cannabinoids store. We have cheap and high-quality 5F-EMB for sale and provide worldwide delivery. You can order from anywhere, anytime.","og_url":"https:\/\/legitgrams.com\/es\/producto\/5f-emb\/","og_site_name":"Legit Grams","article_modified_time":"2025-01-11T11:43:55+00:00","og_image":[{"width":600,"height":600,"url":"https:\/\/legitgrams.com\/wp-content\/uploads\/2024\/08\/5f-EMB.gif","type":"image\/gif"}],"twitter_card":"summary_large_image","twitter_misc":{"Tiempo de lectura":"3 minutos"},"schema":{"@context":"https:\/\/schema.org","@graph":[{"@type":"WebPage","@id":"https:\/\/legitgrams.com\/product\/5f-emb\/","url":"https:\/\/legitgrams.com\/product\/5f-emb\/","name":"5F-EMB en venta - Comprar 5F-EMB en polvo online | LegitGrams","isPartOf":{"@id":"https:\/\/legitgrams.com\/#website"},"primaryImageOfPage":{"@id":"https:\/\/legitgrams.com\/product\/5f-emb\/#primaryimage"},"image":{"@id":"https:\/\/legitgrams.com\/product\/5f-emb\/#primaryimage"},"thumbnailUrl":"https:\/\/legitgrams.com\/wp-content\/uploads\/2024\/08\/5f-EMB.gif","datePublished":"2024-08-03T05:38:22+00:00","dateModified":"2025-01-11T11:43:55+00:00","description":"Puedes comprar 5F-EMB en polvo online al mejor precio en nuestra tienda online de cannabinoides. Tenemos 5F-EMB barato y de alta calidad a la venta y ofrecemos entrega en todo el mundo. Usted puede ordenar desde cualquier lugar, en cualquier momento.","breadcrumb":{"@id":"https:\/\/legitgrams.com\/product\/5f-emb\/#breadcrumb"},"inLanguage":"es","potentialAction":[{"@type":"ReadAction","target":["https:\/\/legitgrams.com\/product\/5f-emb\/"]}]},{"@type":"ImageObject","inLanguage":"es","@id":"https:\/\/legitgrams.com\/product\/5f-emb\/#primaryimage","url":"https:\/\/legitgrams.com\/wp-content\/uploads\/2024\/08\/5f-EMB.gif","contentUrl":"https:\/\/legitgrams.com\/wp-content\/uploads\/2024\/08\/5f-EMB.gif","width":600,"height":600,"caption":"5F-EMB for Sale"},{"@type":"BreadcrumbList","@id":"https:\/\/legitgrams.com\/product\/5f-emb\/#breadcrumb","itemListElement":[{"@type":"ListItem","position":1,"name":"Home","item":"https:\/\/legitgrams.com\/"},{"@type":"ListItem","position":2,"name":"Shop","item":"https:\/\/legitgrams.com\/shop\/"},{"@type":"ListItem","position":3,"name":"5f-EMB"}]},{"@type":"WebSite","@id":"https:\/\/legitgrams.com\/#website","url":"https:\/\/legitgrams.com\/","name":"Gramos leg\u00edtimos","description":"Mi blog de WordPress","publisher":{"@id":"https:\/\/legitgrams.com\/#organization"},"potentialAction":[{"@type":"SearchAction","target":{"@type":"EntryPoint","urlTemplate":"https:\/\/legitgrams.com\/?s={search_term_string}"},"query-input":{"@type":"PropertyValueSpecification","valueRequired":true,"valueName":"search_term_string"}}],"inLanguage":"es"},{"@type":"Organization","@id":"https:\/\/legitgrams.com\/#organization","name":"Gramos leg\u00edtimos","url":"https:\/\/legitgrams.com\/","logo":{"@type":"ImageObject","inLanguage":"es","@id":"https:\/\/legitgrams.com\/#\/schema\/logo\/image\/","url":"https:\/\/legitgrams.com\/wp-content\/uploads\/2024\/09\/main-logo.png","contentUrl":"https:\/\/legitgrams.com\/wp-content\/uploads\/2024\/09\/main-logo.png","width":270,"height":75,"caption":"Legit Grams"},"image":{"@id":"https:\/\/legitgrams.com\/#\/schema\/logo\/image\/"}}]}},"uagb_featured_image_src":{"full":["https:\/\/legitgrams.com\/wp-content\/uploads\/2024\/08\/5f-EMB.gif",600,600,false],"thumbnail":["https:\/\/legitgrams.com\/wp-content\/uploads\/2024\/08\/5f-EMB-150x150.gif",150,150,true],"medium":["https:\/\/legitgrams.com\/wp-content\/uploads\/2024\/08\/5f-EMB-300x300.gif",300,300,true],"medium_large":["https:\/\/legitgrams.com\/wp-content\/uploads\/2024\/08\/5f-EMB.gif",600,600,false],"large":["https:\/\/legitgrams.com\/wp-content\/uploads\/2024\/08\/5f-EMB.gif",600,600,false],"1536x1536":["https:\/\/legitgrams.com\/wp-content\/uploads\/2024\/08\/5f-EMB.gif",600,600,false],"2048x2048":["https:\/\/legitgrams.com\/wp-content\/uploads\/2024\/08\/5f-EMB.gif",600,600,false],"trp-custom-language-flag":["https:\/\/legitgrams.com\/wp-content\/uploads\/2024\/08\/5f-EMB-12x12.gif",12,12,true],"woocommerce_thumbnail":["https:\/\/legitgrams.com\/wp-content\/uploads\/2024\/08\/5f-EMB-300x300.gif",300,300,true],"woocommerce_single":["https:\/\/legitgrams.com\/wp-content\/uploads\/2024\/08\/5f-EMB.gif",600,600,false],"woocommerce_gallery_thumbnail":["https:\/\/legitgrams.com\/wp-content\/uploads\/2024\/08\/5f-EMB-100x100.gif",100,100,true]},"uagb_author_info":{"display_name":"cokeblog18","author_link":"https:\/\/legitgrams.com\/es\/author\/"},"uagb_comment_info":0,"uagb_excerpt":"For Sale: 5F-EMB Discover 5f-EMB, 5F-EMB-PINACA, an indazole-based synthetic cannabinoid from the indazole-3-carboxamide family that has been offered for sale online as a designer medication. It is also referred to as EMB-5F-PINACA in accordance with the EMCCDA framework for naming synthetic cannabinoids and 5F-AEB. LegitGrams Product Name 5F-EMB Product Code F00003078 Chemical name 5F-EMB Synonyms&hellip;","_links":{"self":[{"href":"https:\/\/legitgrams.com\/es\/wp-json\/wp\/v2\/product\/3278","targetHints":{"allow":["GET"]}}],"collection":[{"href":"https:\/\/legitgrams.com\/es\/wp-json\/wp\/v2\/product"}],"about":[{"href":"https:\/\/legitgrams.com\/es\/wp-json\/wp\/v2\/types\/product"}],"replies":[{"embeddable":true,"href":"https:\/\/legitgrams.com\/es\/wp-json\/wp\/v2\/comments?post=3278"}],"wp:featuredmedia":[{"embeddable":true,"href":"https:\/\/legitgrams.com\/es\/wp-json\/wp\/v2\/media\/3288"}],"wp:attachment":[{"href":"https:\/\/legitgrams.com\/es\/wp-json\/wp\/v2\/media?parent=3278"}],"wp:term":[{"taxonomy":"product_brand","embeddable":true,"href":"https:\/\/legitgrams.com\/es\/wp-json\/wp\/v2\/product_brand?post=3278"},{"taxonomy":"product_cat","embeddable":true,"href":"https:\/\/legitgrams.com\/es\/wp-json\/wp\/v2\/product_cat?post=3278"},{"taxonomy":"product_tag","embeddable":true,"href":"https:\/\/legitgrams.com\/es\/wp-json\/wp\/v2\/product_tag?post=3278"}],"curies":[{"name":"wp","href":"https:\/\/api.w.org\/{rel}","templated":true}]}}