{"id":3281,"date":"2024-08-03T05:38:50","date_gmt":"2024-08-03T05:38:50","guid":{"rendered":"https:\/\/cokebricks.com\/?post_type=product&#038;p=3281"},"modified":"2025-01-11T10:28:49","modified_gmt":"2025-01-11T10:28:49","slug":"3fpvp","status":"publish","type":"product","link":"https:\/\/legitgrams.com\/es\/producto\/3fpvp\/","title":{"rendered":"3F-PVP"},"content":{"rendered":"<h2>En venta: 3F-PVP<\/h2>\n<p>3F-PVP <a href=\"https:\/\/legitgrams.com\/es\/producto\/3fpvp\/\">(3FPVP) CRYSTALS<\/a> Est\u00e1n disponibles en Legitgrams para satisfacer todas sus necesidades qu\u00edmicas. La empresa se compromete a brindarles a sus clientes el mejor servicio posible porque se ha ganado la confianza de muchas personas.<\/p>\n<h3>3F-PVP: Explica el suceso.<\/h3>\n<p>3F-PVP en l\u00ednea es un programa leg\u00edtimo de la clase de catinona que tiene las mismas caracter\u00edsticas que A-PHP. 3F-alfa-PVP es el nombre qu\u00edmico de 3F-PVP. La f\u00f3rmula de 3f-PVP es C15H20FNO y su peso molecular es 249,32.<\/p>\n<p>Una dosis de 3F-PVP produce un efecto euf\u00f3rico moderado a potente que se extiende por todo el cuerpo. En segundo lugar, puede resultar abrumador en dosis altas. Promueve actividades recreativas como bailar, escalar y correr.<\/p>\n<p>En algunos casos, no es posible. Un deterioro generalizado del control motor y una<\/p>\n<p>En algunos casos, no es posible. El apretar la mand\u00edbula, el temblor incontrolable del cuerpo y las vibraciones provocan un temblor significativo en las manos y una falta general de control motor, lo que hace que sea dif\u00edcil o, a menudo, imposible permanecer quieto. A pesar de que este medicamento tiene algunos efectos secundarios, como la posibilidad de causar visi\u00f3n borrosa breve y deterioro de la visi\u00f3n debido a sacudidas en los ojos, se recomienda que siempre hable con su m\u00e9dico antes de usarlo. Comprar CRISTALES DE 3F-PVP (3FPVP) en l\u00ednea en EE. UU.<\/p>\n<h3>EL MEJOR LUGAR PARA COMPRAR 3F-PVP ONLINE<\/h3>\n<p>One of the reputable and trustworthy 3F-PVP online retailers is <a href=\"https:\/\/legitgrams.com\/es\/\">LegitGrams<\/a>La empresa ha recibido muchos comentarios positivos de los clientes que conf\u00edan en ella para entregar productos de alta calidad.<\/p>\n<h3>ACCEDA A LOS CRISTALES 3F-PVP (3FPVP) EN L\u00cdNEA.<\/h3>\n<p>Descripci\u00f3n general<\/p>\n<p>\u00bfQuieres comprar polvo de 3F-PVP o 3-fluoro-\u03b1-pirrolidinovalerofenona? \u00a1Si es as\u00ed, has llegado al lugar correcto! En nuestra tienda online solo est\u00e1n disponibles las mejores sustancias de investigaci\u00f3n que han sido evaluadas en laboratorios. Los pedidos se envuelven discretamente y se env\u00edan en un d\u00eda. Adem\u00e1s, puedes realizar pagos r\u00e1pidos y seguros con Bitcoin y otras criptomonedas.<\/p>\n<h3>\u00bfD\u00f3nde puedo comprar 3F-PVP?<\/h3>\n<p>Puede comprar todos sus productos qu\u00edmicos de investigaci\u00f3n, incluido el mejor 3F-PVP, en nuestra tienda en l\u00ednea.<\/p>\n<p>S\u00f3lo los laboratorios deben utilizar esta sustancia.<\/p>\n<p>S\u00f3lo los laboratorios deben utilizar esta sustancia.<\/p>\n<p>Tenga en cuenta que, al igual que otros productos qu\u00edmicos de investigaci\u00f3n, el 3F-PVP est\u00e1 destinado \u00fanicamente para su uso en investigaci\u00f3n y no debe ser consumido por humanos, animales u otros seres vivos.<\/p>\n<p>Gu\u00e1rdelo en un lugar seco y fresco para una mayor vida \u00fatil.<\/p>\n<p>No permitimos que ninguna persona menor de dieciocho a\u00f1os compre sustancias de investigaci\u00f3n.<\/p>","protected":false},"excerpt":{"rendered":"<p><b>3-Fluoro-\u03b1-Pirrolidinovalerofenona<\/b>\u00a0(<b>3F-PVP<\/b>) es una droga recreativa de dise\u00f1o de la familia de las catinonas sustituidas con efectos estimulantes, que apareci\u00f3 por primera vez en el mercado il\u00edcito en torno a 2018<\/p>","protected":false},"featured_media":3292,"comment_status":"open","ping_status":"closed","template":"","meta":{"_uag_custom_page_level_css":"","site-sidebar-layout":"default","site-content-layout":"default","ast-global-header-display":"","ast-main-header-display":"","ast-hfb-above-header-display":"","ast-hfb-below-header-display":"","ast-hfb-mobile-header-display":"","site-post-title":"","ast-breadcrumbs-content":"","ast-featured-img":"","footer-sml-layout":"","theme-transparent-header-meta":"default","adv-header-id-meta":"","stick-header-meta":"default","header-above-stick-meta":"","header-main-stick-meta":"","header-below-stick-meta":"","_joinchat":[]},"product_brand":[],"product_cat":[190],"product_tag":[5641,5645,5644,5652,5643,5653,5655,5662,5663,5661,5658,5660,5650,617,5642,5657,5654,5649,5647,5659,5656,625,5648,5651,5646],"class_list":{"0":"post-3281","1":"product","2":"type-product","3":"status-publish","4":"has-post-thumbnail","6":"product_cat-cannabinoids","7":"product_tag-3f-pvp","8":"product_tag-3f-pvp-3f-pvp-supplier","9":"product_tag-3f-pvp-for-sale","10":"product_tag-3f-pvp-legally","11":"product_tag-3f-pvp-online","12":"product_tag-3f-pvp-price","13":"product_tag-3f-pvp-store","14":"product_tag-3f-pvp-use","15":"product_tag-3f-pvp-wiki","16":"product_tag-3f-pvp-worldwide","17":"product_tag-3f-pvps","18":"product_tag-best-cheap-price-3f-pvp","19":"product_tag-best-place-to-buy-3f-pvp","20":"product_tag-bulk-online","21":"product_tag-buy-3f-pvp","22":"product_tag-cheap-3f-pvp","23":"product_tag-high-quality-3f-pvp","24":"product_tag-how-to-buy-3f-pvp","25":"product_tag-order-3f-pvp","26":"product_tag-purcharse-3f-pvp","27":"product_tag-shop-3f-pvp","28":"product_tag-top-quality","29":"product_tag-where-to-buy-3f-pvp","30":"product_tag-where-to-order-3f-pvp","31":"product_tag-wholesale-3f-pvp","32":"desktop-align-left","33":"tablet-align-left","34":"mobile-align-left","35":"ast-product-gallery-layout-horizontal","36":"ast-product-gallery-with-no-image","37":"ast-product-single-variable","38":"ast-product-tabs-layout-horizontal","39":"ast-qv-on-image","41":"first","42":"instock","43":"shipping-taxable","44":"purchasable","45":"product-type-variable"},"yoast_head":"<!-- This site is optimized with the Yoast SEO plugin v25.9 - https:\/\/yoast.com\/wordpress\/plugins\/seo\/ -->\n<title>3F-PVP for Sale - Order 3F-PVP Online | LegitGrams<\/title>\n<meta name=\"description\" content=\"You can now get 3F-PVP for sale from our cannabinoids store. Our staff will assist you to buy 3F-PVP online at the best prices. Order 3F-PVP online today!\" \/>\n<meta name=\"robots\" content=\"index, follow, max-snippet:-1, max-image-preview:large, max-video-preview:-1\" \/>\n<link rel=\"canonical\" href=\"https:\/\/legitgrams.com\/es\/producto\/3fpvp\/\" \/>\n<meta property=\"og:locale\" content=\"es_ES\" \/>\n<meta property=\"og:type\" content=\"article\" \/>\n<meta property=\"og:title\" content=\"3F-PVP for Sale - Order 3F-PVP Online | LegitGrams\" \/>\n<meta property=\"og:description\" content=\"You can now get 3F-PVP for sale from our cannabinoids store. Our staff will assist you to buy 3F-PVP online at the best prices. Order 3F-PVP online today!\" \/>\n<meta property=\"og:url\" content=\"https:\/\/legitgrams.com\/es\/producto\/3fpvp\/\" \/>\n<meta property=\"og:site_name\" content=\"Legit Grams\" \/>\n<meta property=\"article:modified_time\" content=\"2025-01-11T10:28:49+00:00\" \/>\n<meta property=\"og:image\" content=\"https:\/\/legitgrams.com\/wp-content\/uploads\/2024\/08\/3f-pvp.gif\" \/>\n\t<meta property=\"og:image:width\" content=\"600\" \/>\n\t<meta property=\"og:image:height\" content=\"600\" \/>\n\t<meta property=\"og:image:type\" content=\"image\/gif\" \/>\n<meta name=\"twitter:card\" content=\"summary_large_image\" \/>\n<meta name=\"twitter:label1\" content=\"Tiempo de lectura\" \/>\n\t<meta name=\"twitter:data1\" content=\"2 minutos\" \/>\n<script type=\"application\/ld+json\" class=\"yoast-schema-graph\">{\"@context\":\"https:\/\/schema.org\",\"@graph\":[{\"@type\":\"WebPage\",\"@id\":\"https:\/\/legitgrams.com\/product\/3f-pvp\/\",\"url\":\"https:\/\/legitgrams.com\/product\/3f-pvp\/\",\"name\":\"3F-PVP for Sale - Order 3F-PVP Online | LegitGrams\",\"isPartOf\":{\"@id\":\"https:\/\/legitgrams.com\/#website\"},\"primaryImageOfPage\":{\"@id\":\"https:\/\/legitgrams.com\/product\/3f-pvp\/#primaryimage\"},\"image\":{\"@id\":\"https:\/\/legitgrams.com\/product\/3f-pvp\/#primaryimage\"},\"thumbnailUrl\":\"https:\/\/legitgrams.com\/wp-content\/uploads\/2024\/08\/3f-pvp.gif\",\"datePublished\":\"2024-08-03T05:38:50+00:00\",\"dateModified\":\"2025-01-11T10:28:49+00:00\",\"description\":\"You can now get 3F-PVP for sale from our cannabinoids store. Our staff will assist you to buy 3F-PVP online at the best prices. Order 3F-PVP online today!\",\"breadcrumb\":{\"@id\":\"https:\/\/legitgrams.com\/product\/3f-pvp\/#breadcrumb\"},\"inLanguage\":\"es\",\"potentialAction\":[{\"@type\":\"ReadAction\",\"target\":[\"https:\/\/legitgrams.com\/product\/3f-pvp\/\"]}]},{\"@type\":\"ImageObject\",\"inLanguage\":\"es\",\"@id\":\"https:\/\/legitgrams.com\/product\/3f-pvp\/#primaryimage\",\"url\":\"https:\/\/legitgrams.com\/wp-content\/uploads\/2024\/08\/3f-pvp.gif\",\"contentUrl\":\"https:\/\/legitgrams.com\/wp-content\/uploads\/2024\/08\/3f-pvp.gif\",\"width\":600,\"height\":600,\"caption\":\"3F-PVP for Sale\"},{\"@type\":\"BreadcrumbList\",\"@id\":\"https:\/\/legitgrams.com\/product\/3f-pvp\/#breadcrumb\",\"itemListElement\":[{\"@type\":\"ListItem\",\"position\":1,\"name\":\"Home\",\"item\":\"https:\/\/legitgrams.com\/\"},{\"@type\":\"ListItem\",\"position\":2,\"name\":\"Shop\",\"item\":\"https:\/\/legitgrams.com\/shop\/\"},{\"@type\":\"ListItem\",\"position\":3,\"name\":\"3F-PVP\"}]},{\"@type\":\"WebSite\",\"@id\":\"https:\/\/legitgrams.com\/#website\",\"url\":\"https:\/\/legitgrams.com\/\",\"name\":\"Legit Grams\",\"description\":\"My WordPress Blog\",\"publisher\":{\"@id\":\"https:\/\/legitgrams.com\/#organization\"},\"potentialAction\":[{\"@type\":\"SearchAction\",\"target\":{\"@type\":\"EntryPoint\",\"urlTemplate\":\"https:\/\/legitgrams.com\/?s={search_term_string}\"},\"query-input\":{\"@type\":\"PropertyValueSpecification\",\"valueRequired\":true,\"valueName\":\"search_term_string\"}}],\"inLanguage\":\"es\"},{\"@type\":\"Organization\",\"@id\":\"https:\/\/legitgrams.com\/#organization\",\"name\":\"Legit Grams\",\"url\":\"https:\/\/legitgrams.com\/\",\"logo\":{\"@type\":\"ImageObject\",\"inLanguage\":\"es\",\"@id\":\"https:\/\/legitgrams.com\/#\/schema\/logo\/image\/\",\"url\":\"https:\/\/legitgrams.com\/wp-content\/uploads\/2024\/09\/main-logo.png\",\"contentUrl\":\"https:\/\/legitgrams.com\/wp-content\/uploads\/2024\/09\/main-logo.png\",\"width\":270,\"height\":75,\"caption\":\"Legit Grams\"},\"image\":{\"@id\":\"https:\/\/legitgrams.com\/#\/schema\/logo\/image\/\"}}]}<\/script>\n<!-- \/ Yoast SEO plugin. -->","yoast_head_json":{"title":"3F-PVP for Sale - Order 3F-PVP Online | LegitGrams","description":"Ya puedes conseguir 3F-PVP a la venta en nuestra tienda de cannabinoides. Nuestro personal le ayudar\u00e1 a comprar 3F-PVP online a los mejores precios. \u00a1Pida 3F-PVP en l\u00ednea hoy mismo!","robots":{"index":"index","follow":"follow","max-snippet":"max-snippet:-1","max-image-preview":"max-image-preview:large","max-video-preview":"max-video-preview:-1"},"canonical":"https:\/\/legitgrams.com\/es\/producto\/3fpvp\/","og_locale":"es_ES","og_type":"article","og_title":"3F-PVP for Sale - Order 3F-PVP Online | LegitGrams","og_description":"You can now get 3F-PVP for sale from our cannabinoids store. Our staff will assist you to buy 3F-PVP online at the best prices. Order 3F-PVP online today!","og_url":"https:\/\/legitgrams.com\/es\/producto\/3fpvp\/","og_site_name":"Legit Grams","article_modified_time":"2025-01-11T10:28:49+00:00","og_image":[{"width":600,"height":600,"url":"https:\/\/legitgrams.com\/wp-content\/uploads\/2024\/08\/3f-pvp.gif","type":"image\/gif"}],"twitter_card":"summary_large_image","twitter_misc":{"Tiempo de lectura":"2 minutos"},"schema":{"@context":"https:\/\/schema.org","@graph":[{"@type":"WebPage","@id":"https:\/\/legitgrams.com\/product\/3f-pvp\/","url":"https:\/\/legitgrams.com\/product\/3f-pvp\/","name":"3F-PVP for Sale - Order 3F-PVP Online | LegitGrams","isPartOf":{"@id":"https:\/\/legitgrams.com\/#website"},"primaryImageOfPage":{"@id":"https:\/\/legitgrams.com\/product\/3f-pvp\/#primaryimage"},"image":{"@id":"https:\/\/legitgrams.com\/product\/3f-pvp\/#primaryimage"},"thumbnailUrl":"https:\/\/legitgrams.com\/wp-content\/uploads\/2024\/08\/3f-pvp.gif","datePublished":"2024-08-03T05:38:50+00:00","dateModified":"2025-01-11T10:28:49+00:00","description":"Ya puedes conseguir 3F-PVP a la venta en nuestra tienda de cannabinoides. Nuestro personal le ayudar\u00e1 a comprar 3F-PVP online a los mejores precios. \u00a1Pida 3F-PVP en l\u00ednea hoy mismo!","breadcrumb":{"@id":"https:\/\/legitgrams.com\/product\/3f-pvp\/#breadcrumb"},"inLanguage":"es","potentialAction":[{"@type":"ReadAction","target":["https:\/\/legitgrams.com\/product\/3f-pvp\/"]}]},{"@type":"ImageObject","inLanguage":"es","@id":"https:\/\/legitgrams.com\/product\/3f-pvp\/#primaryimage","url":"https:\/\/legitgrams.com\/wp-content\/uploads\/2024\/08\/3f-pvp.gif","contentUrl":"https:\/\/legitgrams.com\/wp-content\/uploads\/2024\/08\/3f-pvp.gif","width":600,"height":600,"caption":"3F-PVP for Sale"},{"@type":"BreadcrumbList","@id":"https:\/\/legitgrams.com\/product\/3f-pvp\/#breadcrumb","itemListElement":[{"@type":"ListItem","position":1,"name":"Home","item":"https:\/\/legitgrams.com\/"},{"@type":"ListItem","position":2,"name":"Shop","item":"https:\/\/legitgrams.com\/shop\/"},{"@type":"ListItem","position":3,"name":"3F-PVP"}]},{"@type":"WebSite","@id":"https:\/\/legitgrams.com\/#website","url":"https:\/\/legitgrams.com\/","name":"Gramos leg\u00edtimos","description":"Mi blog de WordPress","publisher":{"@id":"https:\/\/legitgrams.com\/#organization"},"potentialAction":[{"@type":"SearchAction","target":{"@type":"EntryPoint","urlTemplate":"https:\/\/legitgrams.com\/?s={search_term_string}"},"query-input":{"@type":"PropertyValueSpecification","valueRequired":true,"valueName":"search_term_string"}}],"inLanguage":"es"},{"@type":"Organization","@id":"https:\/\/legitgrams.com\/#organization","name":"Gramos leg\u00edtimos","url":"https:\/\/legitgrams.com\/","logo":{"@type":"ImageObject","inLanguage":"es","@id":"https:\/\/legitgrams.com\/#\/schema\/logo\/image\/","url":"https:\/\/legitgrams.com\/wp-content\/uploads\/2024\/09\/main-logo.png","contentUrl":"https:\/\/legitgrams.com\/wp-content\/uploads\/2024\/09\/main-logo.png","width":270,"height":75,"caption":"Legit Grams"},"image":{"@id":"https:\/\/legitgrams.com\/#\/schema\/logo\/image\/"}}]}},"uagb_featured_image_src":{"full":["https:\/\/legitgrams.com\/wp-content\/uploads\/2024\/08\/3f-pvp.gif",600,600,false],"thumbnail":["https:\/\/legitgrams.com\/wp-content\/uploads\/2024\/08\/3f-pvp-150x150.gif",150,150,true],"medium":["https:\/\/legitgrams.com\/wp-content\/uploads\/2024\/08\/3f-pvp-300x300.gif",300,300,true],"medium_large":["https:\/\/legitgrams.com\/wp-content\/uploads\/2024\/08\/3f-pvp.gif",600,600,false],"large":["https:\/\/legitgrams.com\/wp-content\/uploads\/2024\/08\/3f-pvp.gif",600,600,false],"1536x1536":["https:\/\/legitgrams.com\/wp-content\/uploads\/2024\/08\/3f-pvp.gif",600,600,false],"2048x2048":["https:\/\/legitgrams.com\/wp-content\/uploads\/2024\/08\/3f-pvp.gif",600,600,false],"trp-custom-language-flag":["https:\/\/legitgrams.com\/wp-content\/uploads\/2024\/08\/3f-pvp-12x12.gif",12,12,true],"woocommerce_thumbnail":["https:\/\/legitgrams.com\/wp-content\/uploads\/2024\/08\/3f-pvp-300x300.gif",300,300,true],"woocommerce_single":["https:\/\/legitgrams.com\/wp-content\/uploads\/2024\/08\/3f-pvp.gif",600,600,false],"woocommerce_gallery_thumbnail":["https:\/\/legitgrams.com\/wp-content\/uploads\/2024\/08\/3f-pvp-100x100.gif",100,100,true]},"uagb_author_info":{"display_name":"cokeblog18","author_link":"https:\/\/legitgrams.com\/es\/author\/"},"uagb_comment_info":0,"uagb_excerpt":"3-Fluoro-\u03b1-Pyrrolidinovalerophenone\u00a0(3F-PVP) is a recreational\u00a0designer drug\u00a0from the\u00a0substituted cathinone\u00a0family with\u00a0stimulant\u00a0effects, which first appeared on the illicit market in around 2018","_links":{"self":[{"href":"https:\/\/legitgrams.com\/es\/wp-json\/wp\/v2\/product\/3281","targetHints":{"allow":["GET"]}}],"collection":[{"href":"https:\/\/legitgrams.com\/es\/wp-json\/wp\/v2\/product"}],"about":[{"href":"https:\/\/legitgrams.com\/es\/wp-json\/wp\/v2\/types\/product"}],"replies":[{"embeddable":true,"href":"https:\/\/legitgrams.com\/es\/wp-json\/wp\/v2\/comments?post=3281"}],"wp:featuredmedia":[{"embeddable":true,"href":"https:\/\/legitgrams.com\/es\/wp-json\/wp\/v2\/media\/3292"}],"wp:attachment":[{"href":"https:\/\/legitgrams.com\/es\/wp-json\/wp\/v2\/media?parent=3281"}],"wp:term":[{"taxonomy":"product_brand","embeddable":true,"href":"https:\/\/legitgrams.com\/es\/wp-json\/wp\/v2\/product_brand?post=3281"},{"taxonomy":"product_cat","embeddable":true,"href":"https:\/\/legitgrams.com\/es\/wp-json\/wp\/v2\/product_cat?post=3281"},{"taxonomy":"product_tag","embeddable":true,"href":"https:\/\/legitgrams.com\/es\/wp-json\/wp\/v2\/product_tag?post=3281"}],"curies":[{"name":"wp","href":"https:\/\/api.w.org\/{rel}","templated":true}]}}