{"id":3286,"date":"2024-08-03T05:38:55","date_gmt":"2024-08-03T05:38:55","guid":{"rendered":"https:\/\/cokebricks.com\/?post_type=product&#038;p=3286"},"modified":"2025-01-14T06:00:18","modified_gmt":"2025-01-14T06:00:18","slug":"hex","status":"publish","type":"product","link":"https:\/\/legitgrams.com\/es\/producto\/hex\/","title":{"rendered":"Hex"},"content":{"rendered":"<h2>Compra online de HEX (N-etilhexedrona)<\/h2>\n<p>Comprar, La N-etilhexedrona, tambi\u00e9n conocida como \u03b1-etilaminocaprofenona, N-etilnorhexedrona, hexeno y NEH, es un f\u00e1rmaco estimulante que pertenece a la clase de las catinonas y tiene valores de CI50 de 0,0978 y 0,0467 \u03bcM, respectivamente. Funciona como un NDRI, o inhibidor de la recaptaci\u00f3n de noradrenalina y dopamina. <a href=\"https:\/\/legitgrams.com\/es\/producto\/hex\/\">N-etilnorhexedrona<\/a> Se mencion\u00f3 en varias patentes presentadas por Boehringer Ingelheim en la d\u00e9cada de 1960, lo que ayud\u00f3 a crear el f\u00e1rmaco m\u00e1s conocido, metilendioxipirovalerona (MDPV).<\/p>\n<p>N-Etilhexedrona vende productos qu\u00edmicos de investigaci\u00f3n de alta calidad en l\u00ednea. N-Etilhexedrona (HEXEN, NEH) est\u00e1 disponible a precios mayoristas de un proveedor confiable en <a href=\"https:\/\/legitgrams.com\/es\/\">LegitGrams<\/a>.<\/p>\n<p><a href=\"https:\/\/en.wikipedia.org\/wiki\/Hex\">HEX<\/a>La N-etilnorhexedrona es un estimulante que pertenece al grupo de las catehinonas. Desde que el medicamento sali\u00f3 al mercado por primera vez en 2015, las opiniones de los usuarios son la \u00fanica forma de conocer su eficacia.<\/p>\n<h3>Comprar HEX en l\u00ednea.<\/h3>\n<p>La N-etilhexedrona, un estimulante que pertenece a la clase de las catinonas, tambi\u00e9n se conoce como hexeno, N-etilnorhexedrona, \u03b1-etilaminocaprofenona y NEH. Boehringer Ingelheim hizo referencia a la N-etilhexedrona en varias patentes durante la d\u00e9cada de 1960, lo que contribuy\u00f3 al desarrollo del f\u00e1rmaco m\u00e1s conocido, la metilendioxipirovalerona (MDPV). La N-etilhexedrona se ha ofrecido a la venta en l\u00ednea como f\u00e1rmaco de dise\u00f1o desde mediados de la d\u00e9cada de 2010.<\/p>\n<p>La N-etilhexedrona es una mol\u00e9cula de investigaci\u00f3n que tambi\u00e9n se conoce como HEX, NEH, a-etilaminocaprofenona y N-etilnorhexedrona.<\/p>\n<p>Pertenece a la categor\u00eda de las catinonas.<\/p>\n<h3>Comprar HEX en l\u00ednea.<\/h3>\n<p>Se cree que su activaci\u00f3n se debe a la propensi\u00f3n de la HEX (N-etilhexedrona; NEH) como un NDRI (inhibidor de la recaptaci\u00f3n de noradrenalina y dopamina). es comparable a la hexedrona en que tiene un grupo etilo adicional en la cadena de carbono que contiene nitr\u00f3geno.<\/p>","protected":false},"excerpt":{"rendered":"<p>Online purchase of HEX (N-Ethylhexedrone) Buy, N-ethylhexedrone, also known as \u03b1-ethylaminocaprophenone, N-ethylnorhexedrone, hexene, and NEH, is a stimulant drug that belongs to the cathinone class and has IC50 values of 0.0978 and 0.0467 \u03bcM, respectively. It works as an NDRI, or norepinephrine-dopamine reuptake inhibitor. N-ethylnorhexedrone was mentioned in several patents filed by Boehringer Ingelheim in &hellip;<\/p>\n<p class=\"read-more\"> <a class=\"\" href=\"https:\/\/legitgrams.com\/es\/producto\/hex\/\"> <span class=\"screen-reader-text\">Hex<\/span> Leer m\u00e1s \"<\/a><\/p>","protected":false},"featured_media":3295,"comment_status":"open","ping_status":"closed","template":"","meta":{"_uag_custom_page_level_css":"","site-sidebar-layout":"default","site-content-layout":"default","ast-global-header-display":"","ast-main-header-display":"","ast-hfb-above-header-display":"","ast-hfb-below-header-display":"","ast-hfb-mobile-header-display":"","site-post-title":"","ast-breadcrumbs-content":"","ast-featured-img":"","footer-sml-layout":"","theme-transparent-header-meta":"default","adv-header-id-meta":"","stick-header-meta":"default","header-above-stick-meta":"","header-main-stick-meta":"","header-below-stick-meta":"","_joinchat":[]},"product_brand":[],"product_cat":[190],"product_tag":[401,402,403,404,393,394,395,396,397,398,399,400],"class_list":{"0":"post-3286","1":"product","2":"type-product","3":"status-publish","4":"has-post-thumbnail","6":"product_cat-cannabinoids","7":"product_tag-hex-cannabinoids","8":"product_tag-hex-cannabinoids-for-sale","9":"product_tag-hex-cannabinoids-reddit","10":"product_tag-hex-chemical","11":"product_tag-hex-powder-australia","12":"product_tag-hex-powder-canada","13":"product_tag-hex-powder-greece","14":"product_tag-hex-powder-kuwait","15":"product_tag-hex-powder-review","16":"product_tag-hex-powder-spain","17":"product_tag-hex-powder-uk","18":"product_tag-hex-powder-usa","19":"desktop-align-left","20":"tablet-align-left","21":"mobile-align-left","22":"ast-product-gallery-layout-horizontal","23":"ast-product-gallery-with-no-image","24":"ast-product-single-variable","25":"ast-product-tabs-layout-horizontal","26":"ast-qv-on-image","28":"first","29":"instock","30":"shipping-taxable","31":"purchasable","32":"product-type-variable"},"yoast_head":"<!-- This site is optimized with the Yoast SEO plugin v25.9 - https:\/\/yoast.com\/wordpress\/plugins\/seo\/ -->\n<title>Hex for Sale Online - Order Hex Powder - Buy Hex Online | LG<\/title>\n<meta name=\"description\" content=\"Here is the chance to grab Hex Powder for sale at cheap prices. Our online Legitgrams store is selling Hex Powder worldwide. Order to buy Hex Powder online soon!\" \/>\n<meta name=\"robots\" content=\"index, follow, max-snippet:-1, max-image-preview:large, max-video-preview:-1\" \/>\n<link rel=\"canonical\" href=\"https:\/\/legitgrams.com\/es\/producto\/hex\/\" \/>\n<meta property=\"og:locale\" content=\"es_ES\" \/>\n<meta property=\"og:type\" content=\"article\" \/>\n<meta property=\"og:title\" content=\"Hex for Sale Online - Order Hex Powder - Buy Hex Online | LG\" \/>\n<meta property=\"og:description\" content=\"Here is the chance to grab Hex Powder for sale at cheap prices. Our online Legitgrams store is selling Hex Powder worldwide. Order to buy Hex Powder online soon!\" \/>\n<meta property=\"og:url\" content=\"https:\/\/legitgrams.com\/es\/producto\/hex\/\" \/>\n<meta property=\"og:site_name\" content=\"Legit Grams\" \/>\n<meta property=\"article:modified_time\" content=\"2025-01-14T06:00:18+00:00\" \/>\n<meta property=\"og:image\" content=\"https:\/\/legitgrams.com\/wp-content\/uploads\/2024\/08\/Hex.gif\" \/>\n\t<meta property=\"og:image:width\" content=\"600\" \/>\n\t<meta property=\"og:image:height\" content=\"600\" \/>\n\t<meta property=\"og:image:type\" content=\"image\/gif\" \/>\n<meta name=\"twitter:card\" content=\"summary_large_image\" \/>\n<meta name=\"twitter:label1\" content=\"Tiempo de lectura\" \/>\n\t<meta name=\"twitter:data1\" content=\"2 minutos\" \/>\n<script type=\"application\/ld+json\" class=\"yoast-schema-graph\">{\"@context\":\"https:\/\/schema.org\",\"@graph\":[{\"@type\":\"WebPage\",\"@id\":\"https:\/\/legitgrams.com\/product\/hex\/\",\"url\":\"https:\/\/legitgrams.com\/product\/hex\/\",\"name\":\"Hex for Sale Online - Order Hex Powder - Buy Hex Online | LG\",\"isPartOf\":{\"@id\":\"https:\/\/legitgrams.com\/#website\"},\"primaryImageOfPage\":{\"@id\":\"https:\/\/legitgrams.com\/product\/hex\/#primaryimage\"},\"image\":{\"@id\":\"https:\/\/legitgrams.com\/product\/hex\/#primaryimage\"},\"thumbnailUrl\":\"https:\/\/legitgrams.com\/wp-content\/uploads\/2024\/08\/Hex.gif\",\"datePublished\":\"2024-08-03T05:38:55+00:00\",\"dateModified\":\"2025-01-14T06:00:18+00:00\",\"description\":\"Here is the chance to grab Hex Powder for sale at cheap prices. Our online Legitgrams store is selling Hex Powder worldwide. Order to buy Hex Powder online soon!\",\"breadcrumb\":{\"@id\":\"https:\/\/legitgrams.com\/product\/hex\/#breadcrumb\"},\"inLanguage\":\"es\",\"potentialAction\":[{\"@type\":\"ReadAction\",\"target\":[\"https:\/\/legitgrams.com\/product\/hex\/\"]}]},{\"@type\":\"ImageObject\",\"inLanguage\":\"es\",\"@id\":\"https:\/\/legitgrams.com\/product\/hex\/#primaryimage\",\"url\":\"https:\/\/legitgrams.com\/wp-content\/uploads\/2024\/08\/Hex.gif\",\"contentUrl\":\"https:\/\/legitgrams.com\/wp-content\/uploads\/2024\/08\/Hex.gif\",\"width\":600,\"height\":600,\"caption\":\"Hex for Sale Online\"},{\"@type\":\"BreadcrumbList\",\"@id\":\"https:\/\/legitgrams.com\/product\/hex\/#breadcrumb\",\"itemListElement\":[{\"@type\":\"ListItem\",\"position\":1,\"name\":\"Home\",\"item\":\"https:\/\/legitgrams.com\/\"},{\"@type\":\"ListItem\",\"position\":2,\"name\":\"Shop\",\"item\":\"https:\/\/legitgrams.com\/shop\/\"},{\"@type\":\"ListItem\",\"position\":3,\"name\":\"Hex\"}]},{\"@type\":\"WebSite\",\"@id\":\"https:\/\/legitgrams.com\/#website\",\"url\":\"https:\/\/legitgrams.com\/\",\"name\":\"Legit Grams\",\"description\":\"My WordPress Blog\",\"publisher\":{\"@id\":\"https:\/\/legitgrams.com\/#organization\"},\"potentialAction\":[{\"@type\":\"SearchAction\",\"target\":{\"@type\":\"EntryPoint\",\"urlTemplate\":\"https:\/\/legitgrams.com\/?s={search_term_string}\"},\"query-input\":{\"@type\":\"PropertyValueSpecification\",\"valueRequired\":true,\"valueName\":\"search_term_string\"}}],\"inLanguage\":\"es\"},{\"@type\":\"Organization\",\"@id\":\"https:\/\/legitgrams.com\/#organization\",\"name\":\"Legit Grams\",\"url\":\"https:\/\/legitgrams.com\/\",\"logo\":{\"@type\":\"ImageObject\",\"inLanguage\":\"es\",\"@id\":\"https:\/\/legitgrams.com\/#\/schema\/logo\/image\/\",\"url\":\"https:\/\/legitgrams.com\/wp-content\/uploads\/2024\/09\/main-logo.png\",\"contentUrl\":\"https:\/\/legitgrams.com\/wp-content\/uploads\/2024\/09\/main-logo.png\",\"width\":270,\"height\":75,\"caption\":\"Legit Grams\"},\"image\":{\"@id\":\"https:\/\/legitgrams.com\/#\/schema\/logo\/image\/\"}}]}<\/script>\n<!-- \/ Yoast SEO plugin. -->","yoast_head_json":{"title":"Hex para la venta en l\u00ednea - Orden Hex en polvo - Comprar Hex Online | LG","description":"Aqu\u00ed est\u00e1 la oportunidad de agarrar Hex Powder a la venta a precios baratos. Nuestra tienda en l\u00ednea Legitgrams est\u00e1 vendiendo Hex Powder en todo el mundo. \u00a1Orden para comprar Hex Powder en l\u00ednea pronto!","robots":{"index":"index","follow":"follow","max-snippet":"max-snippet:-1","max-image-preview":"max-image-preview:large","max-video-preview":"max-video-preview:-1"},"canonical":"https:\/\/legitgrams.com\/es\/producto\/hex\/","og_locale":"es_ES","og_type":"article","og_title":"Hex for Sale Online - Order Hex Powder - Buy Hex Online | LG","og_description":"Here is the chance to grab Hex Powder for sale at cheap prices. Our online Legitgrams store is selling Hex Powder worldwide. Order to buy Hex Powder online soon!","og_url":"https:\/\/legitgrams.com\/es\/producto\/hex\/","og_site_name":"Legit Grams","article_modified_time":"2025-01-14T06:00:18+00:00","og_image":[{"width":600,"height":600,"url":"https:\/\/legitgrams.com\/wp-content\/uploads\/2024\/08\/Hex.gif","type":"image\/gif"}],"twitter_card":"summary_large_image","twitter_misc":{"Tiempo de lectura":"2 minutos"},"schema":{"@context":"https:\/\/schema.org","@graph":[{"@type":"WebPage","@id":"https:\/\/legitgrams.com\/product\/hex\/","url":"https:\/\/legitgrams.com\/product\/hex\/","name":"Hex para la venta en l\u00ednea - Orden Hex en polvo - Comprar Hex Online | LG","isPartOf":{"@id":"https:\/\/legitgrams.com\/#website"},"primaryImageOfPage":{"@id":"https:\/\/legitgrams.com\/product\/hex\/#primaryimage"},"image":{"@id":"https:\/\/legitgrams.com\/product\/hex\/#primaryimage"},"thumbnailUrl":"https:\/\/legitgrams.com\/wp-content\/uploads\/2024\/08\/Hex.gif","datePublished":"2024-08-03T05:38:55+00:00","dateModified":"2025-01-14T06:00:18+00:00","description":"Aqu\u00ed est\u00e1 la oportunidad de agarrar Hex Powder a la venta a precios baratos. Nuestra tienda en l\u00ednea Legitgrams est\u00e1 vendiendo Hex Powder en todo el mundo. \u00a1Orden para comprar Hex Powder en l\u00ednea pronto!","breadcrumb":{"@id":"https:\/\/legitgrams.com\/product\/hex\/#breadcrumb"},"inLanguage":"es","potentialAction":[{"@type":"ReadAction","target":["https:\/\/legitgrams.com\/product\/hex\/"]}]},{"@type":"ImageObject","inLanguage":"es","@id":"https:\/\/legitgrams.com\/product\/hex\/#primaryimage","url":"https:\/\/legitgrams.com\/wp-content\/uploads\/2024\/08\/Hex.gif","contentUrl":"https:\/\/legitgrams.com\/wp-content\/uploads\/2024\/08\/Hex.gif","width":600,"height":600,"caption":"Hex for Sale Online"},{"@type":"BreadcrumbList","@id":"https:\/\/legitgrams.com\/product\/hex\/#breadcrumb","itemListElement":[{"@type":"ListItem","position":1,"name":"Home","item":"https:\/\/legitgrams.com\/"},{"@type":"ListItem","position":2,"name":"Shop","item":"https:\/\/legitgrams.com\/shop\/"},{"@type":"ListItem","position":3,"name":"Hex"}]},{"@type":"WebSite","@id":"https:\/\/legitgrams.com\/#website","url":"https:\/\/legitgrams.com\/","name":"Gramos leg\u00edtimos","description":"Mi blog de WordPress","publisher":{"@id":"https:\/\/legitgrams.com\/#organization"},"potentialAction":[{"@type":"SearchAction","target":{"@type":"EntryPoint","urlTemplate":"https:\/\/legitgrams.com\/?s={search_term_string}"},"query-input":{"@type":"PropertyValueSpecification","valueRequired":true,"valueName":"search_term_string"}}],"inLanguage":"es"},{"@type":"Organization","@id":"https:\/\/legitgrams.com\/#organization","name":"Gramos leg\u00edtimos","url":"https:\/\/legitgrams.com\/","logo":{"@type":"ImageObject","inLanguage":"es","@id":"https:\/\/legitgrams.com\/#\/schema\/logo\/image\/","url":"https:\/\/legitgrams.com\/wp-content\/uploads\/2024\/09\/main-logo.png","contentUrl":"https:\/\/legitgrams.com\/wp-content\/uploads\/2024\/09\/main-logo.png","width":270,"height":75,"caption":"Legit Grams"},"image":{"@id":"https:\/\/legitgrams.com\/#\/schema\/logo\/image\/"}}]}},"uagb_featured_image_src":{"full":["https:\/\/legitgrams.com\/wp-content\/uploads\/2024\/08\/Hex.gif",600,600,false],"thumbnail":["https:\/\/legitgrams.com\/wp-content\/uploads\/2024\/08\/Hex-150x150.gif",150,150,true],"medium":["https:\/\/legitgrams.com\/wp-content\/uploads\/2024\/08\/Hex-300x300.gif",300,300,true],"medium_large":["https:\/\/legitgrams.com\/wp-content\/uploads\/2024\/08\/Hex.gif",600,600,false],"large":["https:\/\/legitgrams.com\/wp-content\/uploads\/2024\/08\/Hex.gif",600,600,false],"1536x1536":["https:\/\/legitgrams.com\/wp-content\/uploads\/2024\/08\/Hex.gif",600,600,false],"2048x2048":["https:\/\/legitgrams.com\/wp-content\/uploads\/2024\/08\/Hex.gif",600,600,false],"trp-custom-language-flag":["https:\/\/legitgrams.com\/wp-content\/uploads\/2024\/08\/Hex-12x12.gif",12,12,true],"woocommerce_thumbnail":["https:\/\/legitgrams.com\/wp-content\/uploads\/2024\/08\/Hex-300x300.gif",300,300,true],"woocommerce_single":["https:\/\/legitgrams.com\/wp-content\/uploads\/2024\/08\/Hex.gif",600,600,false],"woocommerce_gallery_thumbnail":["https:\/\/legitgrams.com\/wp-content\/uploads\/2024\/08\/Hex-100x100.gif",100,100,true]},"uagb_author_info":{"display_name":"cokeblog18","author_link":"https:\/\/legitgrams.com\/es\/author\/"},"uagb_comment_info":0,"uagb_excerpt":"Online purchase of HEX (N-Ethylhexedrone) Buy, N-ethylhexedrone, also known as \u03b1-ethylaminocaprophenone, N-ethylnorhexedrone, hexene, and NEH, is a stimulant drug that belongs to the cathinone class and has IC50 values of 0.0978 and 0.0467 \u03bcM, respectively. It works as an NDRI, or norepinephrine-dopamine reuptake inhibitor. N-ethylnorhexedrone was mentioned in several patents filed by Boehringer Ingelheim in&hellip;","_links":{"self":[{"href":"https:\/\/legitgrams.com\/es\/wp-json\/wp\/v2\/product\/3286","targetHints":{"allow":["GET"]}}],"collection":[{"href":"https:\/\/legitgrams.com\/es\/wp-json\/wp\/v2\/product"}],"about":[{"href":"https:\/\/legitgrams.com\/es\/wp-json\/wp\/v2\/types\/product"}],"replies":[{"embeddable":true,"href":"https:\/\/legitgrams.com\/es\/wp-json\/wp\/v2\/comments?post=3286"}],"wp:featuredmedia":[{"embeddable":true,"href":"https:\/\/legitgrams.com\/es\/wp-json\/wp\/v2\/media\/3295"}],"wp:attachment":[{"href":"https:\/\/legitgrams.com\/es\/wp-json\/wp\/v2\/media?parent=3286"}],"wp:term":[{"taxonomy":"product_brand","embeddable":true,"href":"https:\/\/legitgrams.com\/es\/wp-json\/wp\/v2\/product_brand?post=3286"},{"taxonomy":"product_cat","embeddable":true,"href":"https:\/\/legitgrams.com\/es\/wp-json\/wp\/v2\/product_cat?post=3286"},{"taxonomy":"product_tag","embeddable":true,"href":"https:\/\/legitgrams.com\/es\/wp-json\/wp\/v2\/product_tag?post=3286"}],"curies":[{"name":"wp","href":"https:\/\/api.w.org\/{rel}","templated":true}]}}