{"id":3300,"date":"2024-08-03T05:48:28","date_gmt":"2024-08-03T05:48:28","guid":{"rendered":"https:\/\/cokebricks.com\/?post_type=product&#038;p=3300"},"modified":"2025-03-06T05:04:23","modified_gmt":"2025-03-06T05:04:23","slug":"ndh","status":"publish","type":"product","link":"https:\/\/legitgrams.com\/es\/producto\/ndh\/","title":{"rendered":"Comprar NDH en l\u00ednea"},"content":{"rendered":"<h2>Comprar polvo de NDH en l\u00ednea<\/h2>\n<p><a href=\"https:\/\/www.bing.com\/search?q=Buy%20NDH%20Online&amp;qs=n&amp;form=QBRE&amp;sp=-1&amp;ghc=1&amp;lq=0&amp;pq=buy%20ndh%20online&amp;sc=10-14&amp;sk=&amp;cvid=1138A22C305D46B2AC31D91445793DF6&amp;ghsh=0&amp;ghacc=0&amp;ghpl=\">Comprar polvo de NDH<\/a> is a great research chemical that can be <a href=\"https:\/\/www.google.com\/search?q=Buy+NDH+Online&amp;num=10&amp;sca_esv=1a2a07081c7891bb&amp;rlz=1C1RXQR_enIN1098IN1098&amp;sxsrf=AHTn8zocPI-gdZsMiUCl6X_CkcTAkTQRgw%3A1741237330977&amp;ei=UizJZ--lO8Oq4-EPtfqDqAw&amp;ved=0ahUKEwjvltTE1vSLAxVD1TgGHTX9AMUQ4dUDCBA&amp;uact=5&amp;oq=Buy+NDH+Online&amp;gs_lp=Egxnd3Mtd2l6LXNlcnAiDkJ1eSBOREggT25saW5lMgcQABiABBgNMgYQABgNGB4yCBAAGAgYDRgeMggQABgIGA0YHjIIEAAYCBgNGB4yCBAAGAgYDRgeMggQABgIGA0YHjIIEAAYCBgNGB4yCBAAGAgYDRgeMggQABiABBiiBEjbCFDABVjABXADeACQAQCYAcIBoAHCAaoBAzAuMbgBA8gBAPgBAvgBAZgCAaAC0gGYAwCIBgGSBwMyLTGgB-MG&amp;sclient=gws-wiz-serp\">purchased online<\/a>. Powder is available online at a discounted price from the reliable seller <a href=\"https:\/\/legitgrams.com\/es\/producto\/ndh\/\">Comprar NDH en l\u00ednea<\/a>.<\/p>\n<p>LegitGrams \u00e8 lieto di fornire <a href=\"https:\/\/www.bing.com\/search?q=Buy%20NDH%20Online&amp;qs=n&amp;form=QBRE&amp;sp=-1&amp;ghc=1&amp;lq=0&amp;pq=buy%20ndh%20online&amp;sc=10-14&amp;sk=&amp;cvid=1138A22C305D46B2AC31D91445793DF6&amp;ghsh=0&amp;ghacc=0&amp;ghpl=\">NDH Powder<\/a>. This product is intended solely for <a href=\"https:\/\/www.google.com\/search?q=Buy+NDH+Online&amp;num=10&amp;sca_esv=1a2a07081c7891bb&amp;rlz=1C1RXQR_enIN1098IN1098&amp;sxsrf=AHTn8zocPI-gdZsMiUCl6X_CkcTAkTQRgw%3A1741237330977&amp;ei=UizJZ--lO8Oq4-EPtfqDqAw&amp;ved=0ahUKEwjvltTE1vSLAxVD1TgGHTX9AMUQ4dUDCBA&amp;uact=5&amp;oq=Buy+NDH+Online&amp;gs_lp=Egxnd3Mtd2l6LXNlcnAiDkJ1eSBOREggT25saW5lMgcQABiABBgNMgYQABgNGB4yCBAAGAgYDRgeMggQABgIGA0YHjIIEAAYCBgNGB4yCBAAGAgYDRgeMggQABgIGA0YHjIIEAAYCBgNGB4yCBAAGAgYDRgeMggQABiABBiiBEjbCFDABVjABXADeACQAQCYAcIBoAHCAaoBAzAuMbgBA8gBAPgBAvgBAZgCAaAC0gGYAwCIBgGSBwMyLTGgB-MG&amp;sclient=gws-wiz-serp\">research<\/a> LegitGrams se complace en ofrecer polvo de NDH. Este producto est\u00e1 destinado \u00fanicamente a usos de investigaci\u00f3n y no debe utilizarse para diagn\u00f3sticos in vivo, alimentos, medicamentos, dispositivos m\u00e9dicos ni ning\u00fan otro prop\u00f3sito. <a href=\"https:\/\/legitgrams.com\/es\/\">LegitGrams<\/a><\/p>\n<p>Aseg\u00farese de tener las herramientas necesarias para trabajar con productos qu\u00edmicos de investigaci\u00f3n, como<\/p>\n<p>Antes de comprarnos este art\u00edculo, aseg\u00farese de que haya ventilaci\u00f3n adecuada en su oficina.<\/p>\n<p>Debes tener al menos dieciocho a\u00f1os para realizar un pedido de este producto.<\/p>\n<p>En el pa\u00eds de donde somos originarios, <a href=\"https:\/\/en.wikipedia.org\/wiki\/NDH_(disambiguation)\">NDH en polvo<\/a> Es legal. Usted es responsable de conocer y cumplir las leyes nacionales. No aceptamos ninguna responsabilidad por ning\u00fan acto o resultado que surja de su decisi\u00f3n de comprar o usar este producto. <a href=\"https:\/\/duckduckgo.com\/?q=Buy+NDH+Online&amp;t=h_&amp;ia=web\">comprar<\/a> or use this product.<\/p>\n<h2><\/h2>\n<p>&nbsp;<\/p>\n<p>&nbsp;<\/p>","protected":false},"excerpt":{"rendered":"<p>Purchase NDH Powder Online Buy NDH Powder is a great research chemical that can be purchased online. Powder is available online at a discounted price from the reliable seller Buy NDH Online. LegitGrams is pleased to provide NDH Powder. This product is intended solely for research use and should not be used for in vivo &hellip;<\/p>\n<p class=\"read-more\"> <a class=\"\" href=\"https:\/\/legitgrams.com\/es\/producto\/ndh\/\"> <span class=\"screen-reader-text\">Comprar NDH en l\u00ednea<\/span> Leer m\u00e1s \"<\/a><\/p>","protected":false},"featured_media":3314,"comment_status":"open","ping_status":"closed","template":"","meta":{"_uag_custom_page_level_css":"","site-sidebar-layout":"default","site-content-layout":"default","ast-global-header-display":"","ast-main-header-display":"","ast-hfb-above-header-display":"","ast-hfb-below-header-display":"","ast-hfb-mobile-header-display":"","site-post-title":"","ast-breadcrumbs-content":"","ast-featured-img":"","footer-sml-layout":"","theme-transparent-header-meta":"default","adv-header-id-meta":"","stick-header-meta":"default","header-above-stick-meta":"","header-main-stick-meta":"","header-below-stick-meta":"","_joinchat":[]},"product_brand":[],"product_cat":[190],"product_tag":[365,366,367,368,357,358,359,360,361,362,363,364],"class_list":{"0":"post-3300","1":"product","2":"type-product","3":"status-publish","4":"has-post-thumbnail","6":"product_cat-cannabinoids","7":"product_tag-ndh-cannabinoids","8":"product_tag-ndh-cannabinoids-for-sale","9":"product_tag-ndh-cannabinoids-reddit","10":"product_tag-ndh-chemical","11":"product_tag-ndh-powder-australia","12":"product_tag-ndh-powder-canada","13":"product_tag-ndh-powder-greece","14":"product_tag-ndh-powder-kuwait","15":"product_tag-ndh-powder-review","16":"product_tag-ndh-powder-spain","17":"product_tag-ndh-powder-uk","18":"product_tag-ndh-powder-usa","19":"desktop-align-left","20":"tablet-align-left","21":"mobile-align-left","22":"ast-product-gallery-layout-horizontal","23":"ast-product-gallery-with-no-image","24":"ast-product-single-variable","25":"ast-product-tabs-layout-horizontal","26":"ast-qv-on-image","28":"first","29":"instock","30":"shipping-taxable","31":"purchasable","32":"product-type-variable"},"yoast_head":"<!-- This site is optimized with the Yoast SEO plugin v25.9 - https:\/\/yoast.com\/wordpress\/plugins\/seo\/ -->\n<title>NDH for Sale - Order NDH Online - Buy NDH Online | LegitGrams<\/title>\n<meta name=\"description\" content=\"Looking for a reliable source to buy NDH online? Your search ends here. Order NDH online from our trusted store and enjoy a seamless buying process tailored for your research needs.\" \/>\n<meta name=\"robots\" content=\"index, follow, max-snippet:-1, max-image-preview:large, max-video-preview:-1\" \/>\n<link rel=\"canonical\" href=\"https:\/\/legitgrams.com\/es\/producto\/ndh\/\" \/>\n<meta property=\"og:locale\" content=\"es_ES\" \/>\n<meta property=\"og:type\" content=\"article\" \/>\n<meta property=\"og:title\" content=\"NDH for Sale - Order NDH Online - Buy NDH Online | LegitGrams\" \/>\n<meta property=\"og:description\" content=\"Looking for a reliable source to buy NDH online? Your search ends here. Order NDH online from our trusted store and enjoy a seamless buying process tailored for your research needs.\" \/>\n<meta property=\"og:url\" content=\"https:\/\/legitgrams.com\/es\/producto\/ndh\/\" \/>\n<meta property=\"og:site_name\" content=\"Legit Grams\" \/>\n<meta property=\"article:modified_time\" content=\"2025-03-06T05:04:23+00:00\" \/>\n<meta property=\"og:image\" content=\"https:\/\/legitgrams.com\/wp-content\/uploads\/2024\/08\/NDH.gif\" \/>\n\t<meta property=\"og:image:width\" content=\"600\" \/>\n\t<meta property=\"og:image:height\" content=\"600\" \/>\n\t<meta property=\"og:image:type\" content=\"image\/gif\" \/>\n<meta name=\"twitter:card\" content=\"summary_large_image\" \/>\n<meta name=\"twitter:label1\" content=\"Tiempo de lectura\" \/>\n\t<meta name=\"twitter:data1\" content=\"1 minuto\" \/>\n<script type=\"application\/ld+json\" class=\"yoast-schema-graph\">{\"@context\":\"https:\/\/schema.org\",\"@graph\":[{\"@type\":\"WebPage\",\"@id\":\"https:\/\/legitgrams.com\/product\/ndh\/\",\"url\":\"https:\/\/legitgrams.com\/product\/ndh\/\",\"name\":\"NDH for Sale - Order NDH Online - Buy NDH Online | LegitGrams\",\"isPartOf\":{\"@id\":\"https:\/\/legitgrams.com\/#website\"},\"primaryImageOfPage\":{\"@id\":\"https:\/\/legitgrams.com\/product\/ndh\/#primaryimage\"},\"image\":{\"@id\":\"https:\/\/legitgrams.com\/product\/ndh\/#primaryimage\"},\"thumbnailUrl\":\"https:\/\/legitgrams.com\/wp-content\/uploads\/2024\/08\/NDH.gif\",\"datePublished\":\"2024-08-03T05:48:28+00:00\",\"dateModified\":\"2025-03-06T05:04:23+00:00\",\"description\":\"Looking for a reliable source to buy NDH online? Your search ends here. Order NDH online from our trusted store and enjoy a seamless buying process tailored for your research needs.\",\"breadcrumb\":{\"@id\":\"https:\/\/legitgrams.com\/product\/ndh\/#breadcrumb\"},\"inLanguage\":\"es\",\"potentialAction\":[{\"@type\":\"ReadAction\",\"target\":[\"https:\/\/legitgrams.com\/product\/ndh\/\"]}]},{\"@type\":\"ImageObject\",\"inLanguage\":\"es\",\"@id\":\"https:\/\/legitgrams.com\/product\/ndh\/#primaryimage\",\"url\":\"https:\/\/legitgrams.com\/wp-content\/uploads\/2024\/08\/NDH.gif\",\"contentUrl\":\"https:\/\/legitgrams.com\/wp-content\/uploads\/2024\/08\/NDH.gif\",\"width\":600,\"height\":600,\"caption\":\"NDH for Sale\"},{\"@type\":\"BreadcrumbList\",\"@id\":\"https:\/\/legitgrams.com\/product\/ndh\/#breadcrumb\",\"itemListElement\":[{\"@type\":\"ListItem\",\"position\":1,\"name\":\"Home\",\"item\":\"https:\/\/legitgrams.com\/\"},{\"@type\":\"ListItem\",\"position\":2,\"name\":\"Shop\",\"item\":\"https:\/\/legitgrams.com\/shop\/\"},{\"@type\":\"ListItem\",\"position\":3,\"name\":\"Buy NDH Online\"}]},{\"@type\":\"WebSite\",\"@id\":\"https:\/\/legitgrams.com\/#website\",\"url\":\"https:\/\/legitgrams.com\/\",\"name\":\"Legit Grams\",\"description\":\"My WordPress Blog\",\"publisher\":{\"@id\":\"https:\/\/legitgrams.com\/#organization\"},\"potentialAction\":[{\"@type\":\"SearchAction\",\"target\":{\"@type\":\"EntryPoint\",\"urlTemplate\":\"https:\/\/legitgrams.com\/?s={search_term_string}\"},\"query-input\":{\"@type\":\"PropertyValueSpecification\",\"valueRequired\":true,\"valueName\":\"search_term_string\"}}],\"inLanguage\":\"es\"},{\"@type\":\"Organization\",\"@id\":\"https:\/\/legitgrams.com\/#organization\",\"name\":\"Legit Grams\",\"url\":\"https:\/\/legitgrams.com\/\",\"logo\":{\"@type\":\"ImageObject\",\"inLanguage\":\"es\",\"@id\":\"https:\/\/legitgrams.com\/#\/schema\/logo\/image\/\",\"url\":\"https:\/\/legitgrams.com\/wp-content\/uploads\/2024\/09\/main-logo.png\",\"contentUrl\":\"https:\/\/legitgrams.com\/wp-content\/uploads\/2024\/09\/main-logo.png\",\"width\":270,\"height\":75,\"caption\":\"Legit Grams\"},\"image\":{\"@id\":\"https:\/\/legitgrams.com\/#\/schema\/logo\/image\/\"}}]}<\/script>\n<!-- \/ Yoast SEO plugin. -->","yoast_head_json":{"title":"NDH en venta - Orden NDH en l\u00ednea - Comprar NDH en l\u00ednea | LegitGrams","description":"\u00bfBusca una fuente fiable para comprar NDH en l\u00ednea? Su b\u00fasqueda termina aqu\u00ed. Pida NDH en l\u00ednea en nuestra tienda de confianza y disfrute de un proceso de compra sin complicaciones adaptado a sus necesidades de investigaci\u00f3n.","robots":{"index":"index","follow":"follow","max-snippet":"max-snippet:-1","max-image-preview":"max-image-preview:large","max-video-preview":"max-video-preview:-1"},"canonical":"https:\/\/legitgrams.com\/es\/producto\/ndh\/","og_locale":"es_ES","og_type":"article","og_title":"NDH for Sale - Order NDH Online - Buy NDH Online | LegitGrams","og_description":"Looking for a reliable source to buy NDH online? Your search ends here. Order NDH online from our trusted store and enjoy a seamless buying process tailored for your research needs.","og_url":"https:\/\/legitgrams.com\/es\/producto\/ndh\/","og_site_name":"Legit Grams","article_modified_time":"2025-03-06T05:04:23+00:00","og_image":[{"width":600,"height":600,"url":"https:\/\/legitgrams.com\/wp-content\/uploads\/2024\/08\/NDH.gif","type":"image\/gif"}],"twitter_card":"summary_large_image","twitter_misc":{"Tiempo de lectura":"1 minuto"},"schema":{"@context":"https:\/\/schema.org","@graph":[{"@type":"WebPage","@id":"https:\/\/legitgrams.com\/product\/ndh\/","url":"https:\/\/legitgrams.com\/product\/ndh\/","name":"NDH en venta - Orden NDH en l\u00ednea - Comprar NDH en l\u00ednea | LegitGrams","isPartOf":{"@id":"https:\/\/legitgrams.com\/#website"},"primaryImageOfPage":{"@id":"https:\/\/legitgrams.com\/product\/ndh\/#primaryimage"},"image":{"@id":"https:\/\/legitgrams.com\/product\/ndh\/#primaryimage"},"thumbnailUrl":"https:\/\/legitgrams.com\/wp-content\/uploads\/2024\/08\/NDH.gif","datePublished":"2024-08-03T05:48:28+00:00","dateModified":"2025-03-06T05:04:23+00:00","description":"\u00bfBusca una fuente fiable para comprar NDH en l\u00ednea? Su b\u00fasqueda termina aqu\u00ed. Pida NDH en l\u00ednea en nuestra tienda de confianza y disfrute de un proceso de compra sin complicaciones adaptado a sus necesidades de investigaci\u00f3n.","breadcrumb":{"@id":"https:\/\/legitgrams.com\/product\/ndh\/#breadcrumb"},"inLanguage":"es","potentialAction":[{"@type":"ReadAction","target":["https:\/\/legitgrams.com\/product\/ndh\/"]}]},{"@type":"ImageObject","inLanguage":"es","@id":"https:\/\/legitgrams.com\/product\/ndh\/#primaryimage","url":"https:\/\/legitgrams.com\/wp-content\/uploads\/2024\/08\/NDH.gif","contentUrl":"https:\/\/legitgrams.com\/wp-content\/uploads\/2024\/08\/NDH.gif","width":600,"height":600,"caption":"NDH for Sale"},{"@type":"BreadcrumbList","@id":"https:\/\/legitgrams.com\/product\/ndh\/#breadcrumb","itemListElement":[{"@type":"ListItem","position":1,"name":"Home","item":"https:\/\/legitgrams.com\/"},{"@type":"ListItem","position":2,"name":"Shop","item":"https:\/\/legitgrams.com\/shop\/"},{"@type":"ListItem","position":3,"name":"Buy NDH Online"}]},{"@type":"WebSite","@id":"https:\/\/legitgrams.com\/#website","url":"https:\/\/legitgrams.com\/","name":"Gramos leg\u00edtimos","description":"Mi blog de WordPress","publisher":{"@id":"https:\/\/legitgrams.com\/#organization"},"potentialAction":[{"@type":"SearchAction","target":{"@type":"EntryPoint","urlTemplate":"https:\/\/legitgrams.com\/?s={search_term_string}"},"query-input":{"@type":"PropertyValueSpecification","valueRequired":true,"valueName":"search_term_string"}}],"inLanguage":"es"},{"@type":"Organization","@id":"https:\/\/legitgrams.com\/#organization","name":"Gramos leg\u00edtimos","url":"https:\/\/legitgrams.com\/","logo":{"@type":"ImageObject","inLanguage":"es","@id":"https:\/\/legitgrams.com\/#\/schema\/logo\/image\/","url":"https:\/\/legitgrams.com\/wp-content\/uploads\/2024\/09\/main-logo.png","contentUrl":"https:\/\/legitgrams.com\/wp-content\/uploads\/2024\/09\/main-logo.png","width":270,"height":75,"caption":"Legit Grams"},"image":{"@id":"https:\/\/legitgrams.com\/#\/schema\/logo\/image\/"}}]}},"uagb_featured_image_src":{"full":["https:\/\/legitgrams.com\/wp-content\/uploads\/2024\/08\/NDH.gif",600,600,false],"thumbnail":["https:\/\/legitgrams.com\/wp-content\/uploads\/2024\/08\/NDH-150x150.gif",150,150,true],"medium":["https:\/\/legitgrams.com\/wp-content\/uploads\/2024\/08\/NDH-300x300.gif",300,300,true],"medium_large":["https:\/\/legitgrams.com\/wp-content\/uploads\/2024\/08\/NDH.gif",600,600,false],"large":["https:\/\/legitgrams.com\/wp-content\/uploads\/2024\/08\/NDH.gif",600,600,false],"1536x1536":["https:\/\/legitgrams.com\/wp-content\/uploads\/2024\/08\/NDH.gif",600,600,false],"2048x2048":["https:\/\/legitgrams.com\/wp-content\/uploads\/2024\/08\/NDH.gif",600,600,false],"trp-custom-language-flag":["https:\/\/legitgrams.com\/wp-content\/uploads\/2024\/08\/NDH-12x12.gif",12,12,true],"woocommerce_thumbnail":["https:\/\/legitgrams.com\/wp-content\/uploads\/2024\/08\/NDH-300x300.gif",300,300,true],"woocommerce_single":["https:\/\/legitgrams.com\/wp-content\/uploads\/2024\/08\/NDH.gif",600,600,false],"woocommerce_gallery_thumbnail":["https:\/\/legitgrams.com\/wp-content\/uploads\/2024\/08\/NDH-100x100.gif",100,100,true]},"uagb_author_info":{"display_name":"cokeblog18","author_link":"https:\/\/legitgrams.com\/es\/author\/"},"uagb_comment_info":0,"uagb_excerpt":"Purchase NDH Powder Online Buy NDH Powder is a great research chemical that can be purchased online. Powder is available online at a discounted price from the reliable seller Buy NDH Online. LegitGrams is pleased to provide NDH Powder. This product is intended solely for research use and should not be used for in vivo&hellip;","_links":{"self":[{"href":"https:\/\/legitgrams.com\/es\/wp-json\/wp\/v2\/product\/3300","targetHints":{"allow":["GET"]}}],"collection":[{"href":"https:\/\/legitgrams.com\/es\/wp-json\/wp\/v2\/product"}],"about":[{"href":"https:\/\/legitgrams.com\/es\/wp-json\/wp\/v2\/types\/product"}],"replies":[{"embeddable":true,"href":"https:\/\/legitgrams.com\/es\/wp-json\/wp\/v2\/comments?post=3300"}],"wp:featuredmedia":[{"embeddable":true,"href":"https:\/\/legitgrams.com\/es\/wp-json\/wp\/v2\/media\/3314"}],"wp:attachment":[{"href":"https:\/\/legitgrams.com\/es\/wp-json\/wp\/v2\/media?parent=3300"}],"wp:term":[{"taxonomy":"product_brand","embeddable":true,"href":"https:\/\/legitgrams.com\/es\/wp-json\/wp\/v2\/product_brand?post=3300"},{"taxonomy":"product_cat","embeddable":true,"href":"https:\/\/legitgrams.com\/es\/wp-json\/wp\/v2\/product_cat?post=3300"},{"taxonomy":"product_tag","embeddable":true,"href":"https:\/\/legitgrams.com\/es\/wp-json\/wp\/v2\/product_tag?post=3300"}],"curies":[{"name":"wp","href":"https:\/\/api.w.org\/{rel}","templated":true}]}}