{"id":3303,"date":"2024-08-03T05:48:45","date_gmt":"2024-08-03T05:48:45","guid":{"rendered":"https:\/\/cokebricks.com\/?post_type=product&#038;p=3303"},"modified":"2026-02-23T11:56:07","modified_gmt":"2026-02-23T11:56:07","slug":"mdma","status":"publish","type":"product","link":"https:\/\/legitgrams.com\/es\/producto\/mdma\/","title":{"rendered":"Comprar MDMA en l\u00ednea"},"content":{"rendered":"<h2>Cristales de MDMA para comprar por Internet<br \/>\nMDMA: \u00bfQu\u00e9 es?<\/h2>\n<p>Note: <a href=\"https:\/\/www.bing.com\/search?q=MDMA&amp;qs=n&amp;form=QBRE&amp;sp=-1&amp;ghc=1&amp;lq=0&amp;pq=mdma&amp;sc=12-4&amp;sk=&amp;cvid=9D97401EC942471BA70F3A26D7B93A92&amp;ghsh=0&amp;ghacc=0&amp;ghpl=\">Methenedioxymethamphetamine (MDMA)<\/a> Nota: La metenodioximetanfetamina (MDMA) puede no estar presente en drogas comercializadas como MDMA (\u00e9xtasis); en cambio, pueden contener una combinaci\u00f3n de anfetamina, parametoxianfetamina (PMA), ketamina, NBOMe, catinonas sint\u00e9ticas u otras sustancias qu\u00edmicas.<\/p>\n<p>Metilendioximetanfetamina, o <a href=\"https:\/\/www.bing.com\/search?q=MDMA&amp;qs=n&amp;form=QBRE&amp;sp=-1&amp;ghc=1&amp;lq=0&amp;pq=mdma&amp;sc=12-4&amp;sk=&amp;cvid=9D97401EC942471BA70F3A26D7B93A92&amp;ghsh=0&amp;ghacc=0&amp;ghpl=\">MDMA<\/a>La metilendioximetanfetamina, o MDMA, es un empat\u00f3geno que aumenta la sensaci\u00f3n de calidez y empat\u00eda de una persona, as\u00ed como su sensaci\u00f3n de aceptaci\u00f3n social y conexi\u00f3n con los dem\u00e1s1.<\/p>\n<p>Ecstasy is another name for <a href=\"https:\/\/www.google.com\/search?q=MDMA&amp;num=10&amp;sca_esv=1a2a07081c7891bb&amp;rlz=1C1RXQR_enIN1098IN1098&amp;sxsrf=AHTn8zoBhguvaRp4lTsLc60MnIthJ0eUtA%3A1741161240483&amp;ei=GAPIZ9CQHfCE4-EP9fjW-A8&amp;ved=0ahUKEwjQ_PCJu_KLAxVwwjgGHXW8Ff8Q4dUDCBA&amp;uact=5&amp;oq=MDMA&amp;gs_lp=Egxnd3Mtd2l6LXNlcnAiBE1ETUEyChAjGIAEGCcYigUyCxAAGIAEGJECGIoFMgsQABiABBiRAhiKBTIKEAAYgAQYFBiHAjIFEAAYgAQyBRAAGIAEMgUQABiABDIFEAAYgAQyBRAAGIAEMgUQABiABEiBB1CoA1ioA3ABeAGQAQCYAbsBoAG7AaoBAzAuMbgBA8gBAPgBAvgBAZgCAaACwwGYAwCIBgGSBwMwLjGgB-gF&amp;sclient=gws-wiz-serp\">MDMA.2.Nevertheless<\/a>, some medications marketed as ecstasy could contain little to no <a href=\"https:\/\/www.google.com\/search?q=MDMA&amp;num=10&amp;sca_esv=1a2a07081c7891bb&amp;rlz=1C1RXQR_enIN1098IN1098&amp;sxsrf=AHTn8zoBhguvaRp4lTsLc60MnIthJ0eUtA%3A1741161240483&amp;ei=GAPIZ9CQHfCE4-EP9fjW-A8&amp;ved=0ahUKEwjQ_PCJu_KLAxVwwjgGHXW8Ff8Q4dUDCBA&amp;uact=5&amp;oq=MDMA&amp;gs_lp=Egxnd3Mtd2l6LXNlcnAiBE1ETUEyChAjGIAEGCcYigUyCxAAGIAEGJECGIoFMgsQABiABBiRAhiKBTIKEAAYgAQYFBiHAjIFEAAYgAQyBRAAGIAEMgUQABiABDIFEAAYgAQyBRAAGIAEMgUQABiABEiBB1CoA1ioA3ABeAGQAQCYAbsBoAG7AaoBAzAuMbgBA8gBAPgBAvgBAZgCAaACwwGYAwCIBgGSBwMwLjGgB-gF&amp;sclient=gws-wiz-serp\">MDMA<\/a>\u00c9xtasis es otro nombre para el MDMA.2. Sin embargo, algunos medicamentos comercializados como \u00e9xtasis pueden contener poco o nada de MDMA. En su lugar, se utilizan con frecuencia \u201crellenos\u201d y otros medicamentos. Esto hace que sea dif\u00edcil predecir si es probable que se produzcan efectos secundarios o reacciones adversas despu\u00e9s de ingerir MDMA.<\/p>\n<p><a href=\"https:\/\/legitgrams.com\/es\/producto\/mdma\/\">MDMA Comprar Online<\/a>, otro nombre para la 3,4-metilendioximetanfetamina, es una sustancia psicoactiva que fomenta la empat\u00eda y el \u00e9xtasis. La MDMA se desarroll\u00f3 inicialmente como un medicamento recetado para tratar el trastorno de estr\u00e9s postraum\u00e1tico (TEPT). Debido a su uso generalizado como droga de fiesta, la MDMA pura, que se compra f\u00e1cilmente, ha ganado popularidad como droga recreativa. Molly y \u00e9xtasis son otros nombres para la sustancia. Los cristales de MDMA, un fuerte estimulante que altera los niveles de serotonina en el cerebro, se pueden comprar en l\u00ednea. Esto conduce a un aumento de la vitalidad, la concentraci\u00f3n y la satisfacci\u00f3n.<\/p>\n<h3>Compre MDMDA en l\u00ednea de un proveedor de MDMDA con buena reputaci\u00f3n, Proveedor de cristales MDMDA.<\/h3>\n<p>La sustancia psicoactiva conocida como metilendioximetanfetamina, o MDMA, hace que los consumidores se sientan felices, en\u00e9rgicos, emp\u00e1ticos y sociables. Cuando se produjo por primera vez el MDMA como <a href=\"https:\/\/legitgrams.com\/es\/\">LegitGrams<\/a><\/p>\n<p>Se desarroll\u00f3 como sustancia qu\u00edmica de investigaci\u00f3n en 1912. Sin embargo, en la d\u00e9cada de 1970 se produjo el primer aumento del atractivo del MDMA entre los consumidores recreativos. Hoy en d\u00eda, el MDMA sigue siendo ilegal seg\u00fan la Ley de Sustancias Controladas de los Estados Unidos.<\/p>\n<h3>\u00bfEn qu\u00e9 ubicaci\u00f3n puedo comprar MDMA?<\/h3>\n<p>El MDMA est\u00e1 disponible en l\u00ednea a trav\u00e9s de varios proveedores. <a href=\"https:\/\/duckduckgo.com\/?q=MDMA&amp;t=h_&amp;ia=web\">MDMA<\/a> El MDMA est\u00e1 disponible en l\u00ednea a trav\u00e9s de varios proveedores. El MDMA est\u00e1 disponible en nuestros negocios privados en l\u00ednea. \u00bfEs posible comprar MDMA en l\u00ednea sin receta? S\u00ed, puede obtener MDMA de forma discreta y segura en l\u00ednea a trav\u00e9s de un proveedor confiable como nosotros.<\/p>\n<p>\u00bfC\u00f3mo puedo conseguir MDMA online sin correr riesgos? \u00bfEs legal comprar MDMA online?<\/p>\n<p>Although buying <a href=\"https:\/\/en.wikipedia.org\/wiki\/MDMA\">MDMA<\/a> Si bien comprar MDMA en l\u00ednea es legal, debes cumplir con las leyes estatales. Busca informaci\u00f3n para verificar que cumples con las leyes de tu regi\u00f3n. En muchas partes de Europa, Asia, Australia y Am\u00e9rica del Norte, es legal comprar MDMA, a pesar de que generalmente se considera ilegal a nivel mundial.<\/p>\n<h3>\u00bfC\u00f3mo aparece el MDMA?<\/h3>\n<p>Aunque tambi\u00e9n se puede encontrar en forma de polvo o cristal, <a href=\"https:\/\/duckduckgo.com\/?q=MDMA&amp;t=h_&amp;ia=web\">MDMA<\/a> Aunque tambi\u00e9n se puede encontrar en forma de polvo o cristal, el MDMA se encuentra con mayor frecuencia en forma de comprimidos o c\u00e1psulas. Las pastillas est\u00e1n disponibles en una variedad de colores y tama\u00f1os, y con frecuencia tienen una marca, un emblema o una imagen. Dos pastillas con el mismo logotipo o s\u00edmbolo pueden tener diferentes efectos cuando se ofrecen en forma de p\u00edldora, ya que pueden contener diferentes sustancias y proceder de diferentes fuentes.<\/p>\n<p>Nombres alternativos Caps, Eckies, E, XTC, pastillas, flippers, pingers, bikkies, molly, M&amp;M y \u00e9xtasis<\/p>\n<p>&nbsp;<\/p>\n<p>&nbsp;<\/p>\n<h2><\/h2>\n<p>&nbsp;<\/p>","protected":false},"excerpt":{"rendered":"<p>MDMA Crystals for Internet Purchase MDMA: What is it? Note: Methenedioxymethamphetamine (MDMA) may not be present in drugs marketed as MDMA (ecstasy); instead, they may contain a combination of amphetamine, paramethoxyamphetamine (PMA), ketamine, NBOMe, synthetic cathinones, or other chemicals. Methylenedioxymethamphetamine, or MDMA, is an empathogen that heightens a person&#8217;s sense of warmth and empathy as &hellip;<\/p>\n<p class=\"read-more\"> <a class=\"\" href=\"https:\/\/legitgrams.com\/es\/producto\/mdma\/\"> <span class=\"screen-reader-text\">Comprar MDMA en l\u00ednea<\/span> Leer m\u00e1s \"<\/a><\/p>","protected":false},"featured_media":3632,"comment_status":"open","ping_status":"closed","template":"","meta":{"_uag_custom_page_level_css":"","site-sidebar-layout":"default","site-content-layout":"default","ast-global-header-display":"","ast-main-header-display":"","ast-hfb-above-header-display":"","ast-hfb-below-header-display":"","ast-hfb-mobile-header-display":"","site-post-title":"","ast-breadcrumbs-content":"","ast-featured-img":"","footer-sml-layout":"","theme-transparent-header-meta":"default","adv-header-id-meta":"","stick-header-meta":"default","header-above-stick-meta":"","header-main-stick-meta":"","header-below-stick-meta":"","_joinchat":[]},"product_brand":[],"product_cat":[190],"product_tag":[323,324,325,326,327,328,329,330],"class_list":{"0":"post-3303","1":"product","2":"type-product","3":"status-publish","4":"has-post-thumbnail","6":"product_cat-cannabinoids","7":"product_tag-buy-mdma-crystals-online","8":"product_tag-mdma-crystals-for-sale","9":"product_tag-mdma-for-sale-australia","10":"product_tag-mdma-for-sale-canada","11":"product_tag-mdma-for-sale-france","12":"product_tag-mdma-for-sale-online","13":"product_tag-mdma-for-sale-uk","14":"product_tag-mdma-for-sale-usa","15":"desktop-align-left","16":"tablet-align-left","17":"mobile-align-left","18":"ast-product-gallery-layout-horizontal","19":"ast-product-gallery-with-no-image","20":"ast-product-single-variable","21":"ast-product-tabs-layout-horizontal","22":"ast-qv-on-image","24":"first","25":"instock","26":"shipping-taxable","27":"purchasable","28":"product-type-variable"},"yoast_head":"<!-- This site is optimized with the Yoast SEO plugin v25.9 - https:\/\/yoast.com\/wordpress\/plugins\/seo\/ -->\n<title>MDMA for Sale - Buy MDMA Online with Fastest Shipping<\/title>\n<meta name=\"description\" content=\"Your order for MDMA for sale is our responsibility. We will take your order to buy MDMA into consideration and reach you in a short period. Place bulk orders now!\" \/>\n<meta name=\"robots\" content=\"index, follow, max-snippet:-1, max-image-preview:large, max-video-preview:-1\" \/>\n<link rel=\"canonical\" href=\"https:\/\/legitgrams.com\/es\/producto\/mdma\/\" \/>\n<meta property=\"og:locale\" content=\"es_ES\" \/>\n<meta property=\"og:type\" content=\"article\" \/>\n<meta property=\"og:title\" content=\"MDMA for Sale - Buy MDMA Online with Fastest Shipping\" \/>\n<meta property=\"og:description\" content=\"Your order for MDMA for sale is our responsibility. We will take your order to buy MDMA into consideration and reach you in a short period. Place bulk orders now!\" \/>\n<meta property=\"og:url\" content=\"https:\/\/legitgrams.com\/es\/producto\/mdma\/\" \/>\n<meta property=\"og:site_name\" content=\"Legit Grams\" \/>\n<meta property=\"article:modified_time\" content=\"2026-02-23T11:56:07+00:00\" \/>\n<meta property=\"og:image\" content=\"https:\/\/legitgrams.com\/wp-content\/uploads\/2024\/08\/mdma.png\" \/>\n\t<meta property=\"og:image:width\" content=\"1200\" \/>\n\t<meta property=\"og:image:height\" content=\"1200\" \/>\n\t<meta property=\"og:image:type\" content=\"image\/png\" \/>\n<meta name=\"twitter:card\" content=\"summary_large_image\" \/>\n<meta name=\"twitter:label1\" content=\"Tiempo de lectura\" \/>\n\t<meta name=\"twitter:data1\" content=\"3 minutos\" \/>\n<script type=\"application\/ld+json\" class=\"yoast-schema-graph\">{\"@context\":\"https:\/\/schema.org\",\"@graph\":[{\"@type\":\"WebPage\",\"@id\":\"https:\/\/legitgrams.com\/product\/mdma\/\",\"url\":\"https:\/\/legitgrams.com\/product\/mdma\/\",\"name\":\"MDMA for Sale - Buy MDMA Online with Fastest Shipping\",\"isPartOf\":{\"@id\":\"https:\/\/legitgrams.com\/#website\"},\"primaryImageOfPage\":{\"@id\":\"https:\/\/legitgrams.com\/product\/mdma\/#primaryimage\"},\"image\":{\"@id\":\"https:\/\/legitgrams.com\/product\/mdma\/#primaryimage\"},\"thumbnailUrl\":\"https:\/\/legitgrams.com\/wp-content\/uploads\/2024\/08\/mdma.png\",\"datePublished\":\"2024-08-03T05:48:45+00:00\",\"dateModified\":\"2026-02-23T11:56:07+00:00\",\"description\":\"Your order for MDMA for sale is our responsibility. We will take your order to buy MDMA into consideration and reach you in a short period. Place bulk orders now!\",\"breadcrumb\":{\"@id\":\"https:\/\/legitgrams.com\/product\/mdma\/#breadcrumb\"},\"inLanguage\":\"es\",\"potentialAction\":[{\"@type\":\"ReadAction\",\"target\":[\"https:\/\/legitgrams.com\/product\/mdma\/\"]}]},{\"@type\":\"ImageObject\",\"inLanguage\":\"es\",\"@id\":\"https:\/\/legitgrams.com\/product\/mdma\/#primaryimage\",\"url\":\"https:\/\/legitgrams.com\/wp-content\/uploads\/2024\/08\/mdma.png\",\"contentUrl\":\"https:\/\/legitgrams.com\/wp-content\/uploads\/2024\/08\/mdma.png\",\"width\":1200,\"height\":1200,\"caption\":\"MDMA for Sale\"},{\"@type\":\"BreadcrumbList\",\"@id\":\"https:\/\/legitgrams.com\/product\/mdma\/#breadcrumb\",\"itemListElement\":[{\"@type\":\"ListItem\",\"position\":1,\"name\":\"Home\",\"item\":\"https:\/\/legitgrams.com\/\"},{\"@type\":\"ListItem\",\"position\":2,\"name\":\"Shop\",\"item\":\"https:\/\/legitgrams.com\/shop\/\"},{\"@type\":\"ListItem\",\"position\":3,\"name\":\"Buy MDMA Online\"}]},{\"@type\":\"WebSite\",\"@id\":\"https:\/\/legitgrams.com\/#website\",\"url\":\"https:\/\/legitgrams.com\/\",\"name\":\"Legit Grams\",\"description\":\"My WordPress Blog\",\"publisher\":{\"@id\":\"https:\/\/legitgrams.com\/#organization\"},\"potentialAction\":[{\"@type\":\"SearchAction\",\"target\":{\"@type\":\"EntryPoint\",\"urlTemplate\":\"https:\/\/legitgrams.com\/?s={search_term_string}\"},\"query-input\":{\"@type\":\"PropertyValueSpecification\",\"valueRequired\":true,\"valueName\":\"search_term_string\"}}],\"inLanguage\":\"es\"},{\"@type\":\"Organization\",\"@id\":\"https:\/\/legitgrams.com\/#organization\",\"name\":\"Legit Grams\",\"url\":\"https:\/\/legitgrams.com\/\",\"logo\":{\"@type\":\"ImageObject\",\"inLanguage\":\"es\",\"@id\":\"https:\/\/legitgrams.com\/#\/schema\/logo\/image\/\",\"url\":\"https:\/\/legitgrams.com\/wp-content\/uploads\/2024\/09\/main-logo.png\",\"contentUrl\":\"https:\/\/legitgrams.com\/wp-content\/uploads\/2024\/09\/main-logo.png\",\"width\":270,\"height\":75,\"caption\":\"Legit Grams\"},\"image\":{\"@id\":\"https:\/\/legitgrams.com\/#\/schema\/logo\/image\/\"}}]}<\/script>\n<!-- \/ Yoast SEO plugin. -->","yoast_head_json":{"title":"MDMA en venta - Comprar MDMA en l\u00ednea con el env\u00edo m\u00e1s r\u00e1pido","description":"Su pedido de MDMA para la venta es nuestra responsabilidad. Tendremos en cuenta su pedido para comprar MDMA y se lo haremos llegar en un breve periodo de tiempo. \u00a1Hacer pedidos a granel ahora!","robots":{"index":"index","follow":"follow","max-snippet":"max-snippet:-1","max-image-preview":"max-image-preview:large","max-video-preview":"max-video-preview:-1"},"canonical":"https:\/\/legitgrams.com\/es\/producto\/mdma\/","og_locale":"es_ES","og_type":"article","og_title":"MDMA for Sale - Buy MDMA Online with Fastest Shipping","og_description":"Your order for MDMA for sale is our responsibility. We will take your order to buy MDMA into consideration and reach you in a short period. Place bulk orders now!","og_url":"https:\/\/legitgrams.com\/es\/producto\/mdma\/","og_site_name":"Legit Grams","article_modified_time":"2026-02-23T11:56:07+00:00","og_image":[{"width":1200,"height":1200,"url":"https:\/\/legitgrams.com\/wp-content\/uploads\/2024\/08\/mdma.png","type":"image\/png"}],"twitter_card":"summary_large_image","twitter_misc":{"Tiempo de lectura":"3 minutos"},"schema":{"@context":"https:\/\/schema.org","@graph":[{"@type":"WebPage","@id":"https:\/\/legitgrams.com\/product\/mdma\/","url":"https:\/\/legitgrams.com\/product\/mdma\/","name":"MDMA en venta - Comprar MDMA en l\u00ednea con el env\u00edo m\u00e1s r\u00e1pido","isPartOf":{"@id":"https:\/\/legitgrams.com\/#website"},"primaryImageOfPage":{"@id":"https:\/\/legitgrams.com\/product\/mdma\/#primaryimage"},"image":{"@id":"https:\/\/legitgrams.com\/product\/mdma\/#primaryimage"},"thumbnailUrl":"https:\/\/legitgrams.com\/wp-content\/uploads\/2024\/08\/mdma.png","datePublished":"2024-08-03T05:48:45+00:00","dateModified":"2026-02-23T11:56:07+00:00","description":"Su pedido de MDMA para la venta es nuestra responsabilidad. Tendremos en cuenta su pedido para comprar MDMA y se lo haremos llegar en un breve periodo de tiempo. \u00a1Hacer pedidos a granel ahora!","breadcrumb":{"@id":"https:\/\/legitgrams.com\/product\/mdma\/#breadcrumb"},"inLanguage":"es","potentialAction":[{"@type":"ReadAction","target":["https:\/\/legitgrams.com\/product\/mdma\/"]}]},{"@type":"ImageObject","inLanguage":"es","@id":"https:\/\/legitgrams.com\/product\/mdma\/#primaryimage","url":"https:\/\/legitgrams.com\/wp-content\/uploads\/2024\/08\/mdma.png","contentUrl":"https:\/\/legitgrams.com\/wp-content\/uploads\/2024\/08\/mdma.png","width":1200,"height":1200,"caption":"MDMA for Sale"},{"@type":"BreadcrumbList","@id":"https:\/\/legitgrams.com\/product\/mdma\/#breadcrumb","itemListElement":[{"@type":"ListItem","position":1,"name":"Home","item":"https:\/\/legitgrams.com\/"},{"@type":"ListItem","position":2,"name":"Shop","item":"https:\/\/legitgrams.com\/shop\/"},{"@type":"ListItem","position":3,"name":"Buy MDMA Online"}]},{"@type":"WebSite","@id":"https:\/\/legitgrams.com\/#website","url":"https:\/\/legitgrams.com\/","name":"Gramos leg\u00edtimos","description":"Mi blog de WordPress","publisher":{"@id":"https:\/\/legitgrams.com\/#organization"},"potentialAction":[{"@type":"SearchAction","target":{"@type":"EntryPoint","urlTemplate":"https:\/\/legitgrams.com\/?s={search_term_string}"},"query-input":{"@type":"PropertyValueSpecification","valueRequired":true,"valueName":"search_term_string"}}],"inLanguage":"es"},{"@type":"Organization","@id":"https:\/\/legitgrams.com\/#organization","name":"Gramos leg\u00edtimos","url":"https:\/\/legitgrams.com\/","logo":{"@type":"ImageObject","inLanguage":"es","@id":"https:\/\/legitgrams.com\/#\/schema\/logo\/image\/","url":"https:\/\/legitgrams.com\/wp-content\/uploads\/2024\/09\/main-logo.png","contentUrl":"https:\/\/legitgrams.com\/wp-content\/uploads\/2024\/09\/main-logo.png","width":270,"height":75,"caption":"Legit Grams"},"image":{"@id":"https:\/\/legitgrams.com\/#\/schema\/logo\/image\/"}}]}},"uagb_featured_image_src":{"full":["https:\/\/legitgrams.com\/wp-content\/uploads\/2024\/08\/mdma.png",1200,1200,false],"thumbnail":["https:\/\/legitgrams.com\/wp-content\/uploads\/2024\/08\/mdma-150x150.png",150,150,true],"medium":["https:\/\/legitgrams.com\/wp-content\/uploads\/2024\/08\/mdma-300x300.png",300,300,true],"medium_large":["https:\/\/legitgrams.com\/wp-content\/uploads\/2024\/08\/mdma-768x768.png",768,768,true],"large":["https:\/\/legitgrams.com\/wp-content\/uploads\/2024\/08\/mdma-1024x1024.png",1024,1024,true],"1536x1536":["https:\/\/legitgrams.com\/wp-content\/uploads\/2024\/08\/mdma.png",1200,1200,false],"2048x2048":["https:\/\/legitgrams.com\/wp-content\/uploads\/2024\/08\/mdma.png",1200,1200,false],"trp-custom-language-flag":["https:\/\/legitgrams.com\/wp-content\/uploads\/2024\/08\/mdma-12x12.png",12,12,true],"woocommerce_thumbnail":["https:\/\/legitgrams.com\/wp-content\/uploads\/2024\/08\/mdma-300x300.png",300,300,true],"woocommerce_single":["https:\/\/legitgrams.com\/wp-content\/uploads\/2024\/08\/mdma-600x600.png",600,600,true],"woocommerce_gallery_thumbnail":["https:\/\/legitgrams.com\/wp-content\/uploads\/2024\/08\/mdma-100x100.png",100,100,true]},"uagb_author_info":{"display_name":"cokeblog18","author_link":"https:\/\/legitgrams.com\/es\/author\/"},"uagb_comment_info":6,"uagb_excerpt":"MDMA Crystals for Internet Purchase MDMA: What is it? Note: Methenedioxymethamphetamine (MDMA) may not be present in drugs marketed as MDMA (ecstasy); instead, they may contain a combination of amphetamine, paramethoxyamphetamine (PMA), ketamine, NBOMe, synthetic cathinones, or other chemicals. Methylenedioxymethamphetamine, or MDMA, is an empathogen that heightens a person&#8217;s sense of warmth and empathy as&hellip;","_links":{"self":[{"href":"https:\/\/legitgrams.com\/es\/wp-json\/wp\/v2\/product\/3303","targetHints":{"allow":["GET"]}}],"collection":[{"href":"https:\/\/legitgrams.com\/es\/wp-json\/wp\/v2\/product"}],"about":[{"href":"https:\/\/legitgrams.com\/es\/wp-json\/wp\/v2\/types\/product"}],"replies":[{"embeddable":true,"href":"https:\/\/legitgrams.com\/es\/wp-json\/wp\/v2\/comments?post=3303"}],"wp:featuredmedia":[{"embeddable":true,"href":"https:\/\/legitgrams.com\/es\/wp-json\/wp\/v2\/media\/3632"}],"wp:attachment":[{"href":"https:\/\/legitgrams.com\/es\/wp-json\/wp\/v2\/media?parent=3303"}],"wp:term":[{"taxonomy":"product_brand","embeddable":true,"href":"https:\/\/legitgrams.com\/es\/wp-json\/wp\/v2\/product_brand?post=3303"},{"taxonomy":"product_cat","embeddable":true,"href":"https:\/\/legitgrams.com\/es\/wp-json\/wp\/v2\/product_cat?post=3303"},{"taxonomy":"product_tag","embeddable":true,"href":"https:\/\/legitgrams.com\/es\/wp-json\/wp\/v2\/product_tag?post=3303"}],"curies":[{"name":"wp","href":"https:\/\/api.w.org\/{rel}","templated":true}]}}