{"id":3309,"date":"2024-08-03T05:49:04","date_gmt":"2024-08-03T05:49:04","guid":{"rendered":"https:\/\/cokebricks.com\/?post_type=product&#038;p=3309"},"modified":"2025-01-14T09:58:04","modified_gmt":"2025-01-14T09:58:04","slug":"mfpep","status":"publish","type":"product","link":"https:\/\/legitgrams.com\/es\/producto\/mfpep\/","title":{"rendered":"MFPEP"},"content":{"rendered":"<p>La medicaci\u00f3n de investigaci\u00f3n <strong>2-Metil-6-(feniletinil)piridina (MPEP)<\/strong> Fue una de las primeras sustancias que se descubri\u00f3 que funcionaba como antagonista selectivo del subtipo mGluR5 del receptor metabotr\u00f3pico de glutamato.<\/p>\n<p>El MPEP se ha utilizado principalmente como compuesto principal para crear antagonistas del receptor mGluR5 m\u00e1s potentes y selectivos, como el MTEP. Sin embargo, los estudios que emplean el propio MPEP todav\u00eda est\u00e1n en curso y recientemente se demostr\u00f3 que reduce la cantidad de nicotina, coca\u00edna, ketamina y hero\u00edna que los animales se autoadministran, posiblemente al amplificar el efecto gratificante de la droga que se autoadministran. Adem\u00e1s, se descubri\u00f3 que el MPEP tiene efectos de refuerzo d\u00e9biles por s\u00ed solo.<\/p>\n<h3>Compre MFPEP en l\u00ednea de proveedores y minoristas confiables.<\/h3>\n<p><a href=\"https:\/\/legitgrams.com\/es\/producto\/mfpep\/\">MFPEP Compra en l\u00ednea<\/a> es proporcionado por. Somos reconocidos como los mejores y m\u00e1s experimentados distribuidores y proveedores en l\u00ednea de MFPEP. Comprar MFPEP en l\u00ednea es bastante f\u00e1cil si vive en EE. UU., Australia, Canad\u00e1 o Europa.<\/p>\n<p>Somos muy competentes en este campo, por lo que empleamos los mejores productos qu\u00edmicos y polvos de investigaci\u00f3n. Llevamos varios a\u00f1os ayudando a quienes lo necesitan. Este producto se puede comprar aqu\u00ed a un precio justo. Ind\u00edquenos sus especificaciones hoy mismo y lo haremos lo antes posible.<\/p>\n<h3>\u00bfPor qu\u00e9 elegir MFPEP Online de LegitGrams?<\/h3>\n<p><a href=\"https:\/\/legitgrams.com\/es\/producto\/mfpep\/\">MFPEP<\/a> Ya est\u00e1 disponible en nuestra tienda. Adem\u00e1s, existen varios argumentos s\u00f3lidos para elegirnos como su minorista preferido.<\/p>\n<p>Tenemos una larga historia en este \u00e1rea.<\/p>\n<p>Nos asociamos con empresas de gran reputaci\u00f3n y trayectoria.<\/p>\n<p>Seguimos ofreciendo productos de alta calidad, puros y efectivos.<\/p>\n<p>Ofrecemos a nuestros clientes las opciones de entrega m\u00e1s seguras y r\u00e1pidas.<\/p>\n<p>Para garantizar una entrega segura, empaquetamos todos y cada uno de nuestros productos.<\/p>\n<p>Tambi\u00e9n ofrecemos soporte post-compra a nuestros clientes. <a href=\"https:\/\/legitgrams.com\/es\/\">LegitGrams<\/a><\/p>\n<h3>\u00bfD\u00f3nde puedo comprar MFPEP en l\u00ednea?<\/h3>\n<p>El mejor lugar para ello es Coke Bricks. Puede confiar en que nuestra tienda en Internet le ofrecer\u00e1 lo mejor. Ofrecemos env\u00edos a todo el mundo para nuestros productos. Puede contactar con nosotros en cualquier momento, desde cualquier parte del mundo.<br \/>\nEstamos aqu\u00ed para ayudarle, equipados como estamos con todo lo que hay aqu\u00ed arriba. Nuestra tienda en l\u00ednea puede ayudarle a no tener que centrarse en un componente en particular.<\/p>\n<p>A\u00f1adir MFPEP a sus compras en l\u00ednea es sencillo en nuestro sitio web oficial. Una vez que haya elegido su opci\u00f3n de pago preferida, puede continuar con el pago. En cuanto a su informaci\u00f3n personal, no se preocupe. Con nosotros, su informaci\u00f3n privada est\u00e1 totalmente segura. Contacte con nuestra tienda online para comprar MFPEP a productores y vendedores de confianza. Comprar <a href=\"https:\/\/en.namu.wiki\/w\/MDPOPE\">MFPEP<\/a> En l\u00ednea.<\/p>\n<p>&nbsp;<\/p>","protected":false},"excerpt":{"rendered":"<p>The research medication 2-Methyl-6-(phenylethynyl)pyridine (MPEP) was among the first substances to be discovered to function as a selective antagonist for the mGluR5 subtype of the metabotropic glutamate receptor. MPEP has primarily been used as a lead compound to create more powerful and selective mGluR5 antagonists like MTEP. However, studies employing MPEP itself are still ongoing, &hellip;<\/p>\n<p class=\"read-more\"> <a class=\"\" href=\"https:\/\/legitgrams.com\/es\/producto\/mfpep\/\"> <span class=\"screen-reader-text\">MFPEP<\/span> Leer m\u00e1s \"<\/a><\/p>","protected":false},"featured_media":3321,"comment_status":"open","ping_status":"closed","template":"","meta":{"_uag_custom_page_level_css":"","site-sidebar-layout":"default","site-content-layout":"default","ast-global-header-display":"","ast-main-header-display":"","ast-hfb-above-header-display":"","ast-hfb-below-header-display":"","ast-hfb-mobile-header-display":"","site-post-title":"","ast-breadcrumbs-content":"","ast-featured-img":"","footer-sml-layout":"","theme-transparent-header-meta":"default","adv-header-id-meta":"","stick-header-meta":"default","header-above-stick-meta":"","header-main-stick-meta":"","header-below-stick-meta":"","_joinchat":[]},"product_brand":[],"product_cat":[190],"product_tag":[283,284,285,286,275,276,277,278,279,280,281,282],"class_list":{"0":"post-3309","1":"product","2":"type-product","3":"status-publish","4":"has-post-thumbnail","6":"product_cat-cannabinoids","7":"product_tag-mfpep-cannabinoids","8":"product_tag-mfpep-cannabinoids-for-sale","9":"product_tag-mfpep-cannabinoids-reddit","10":"product_tag-mfpep-chemical","11":"product_tag-mfpep-powder-australia","12":"product_tag-mfpep-powder-canada","13":"product_tag-mfpep-powder-greece","14":"product_tag-mfpep-powder-kuwait","15":"product_tag-mfpep-powder-review","16":"product_tag-mfpep-powder-spain","17":"product_tag-mfpep-powder-uk","18":"product_tag-mfpep-powder-usa","19":"desktop-align-left","20":"tablet-align-left","21":"mobile-align-left","22":"ast-product-gallery-layout-horizontal","23":"ast-product-gallery-with-no-image","24":"ast-product-single-variable","25":"ast-product-tabs-layout-horizontal","26":"ast-qv-on-image","28":"first","29":"instock","30":"shipping-taxable","31":"purchasable","32":"product-type-variable"},"yoast_head":"<!-- This site is optimized with the Yoast SEO plugin v25.9 - https:\/\/yoast.com\/wordpress\/plugins\/seo\/ -->\n<title>MFPEP for Sale - Buy MFPEP Powder Online | LegitGrams<\/title>\n<meta name=\"description\" content=\"Your requirement to buy MFPEP can be fulfilled at our online Legitgrams store as we are having MFPEP for sale here. Place your order and get affordable deals every day.\" \/>\n<meta name=\"robots\" content=\"index, follow, max-snippet:-1, max-image-preview:large, max-video-preview:-1\" \/>\n<link rel=\"canonical\" href=\"https:\/\/legitgrams.com\/es\/producto\/mfpep\/\" \/>\n<meta property=\"og:locale\" content=\"es_ES\" \/>\n<meta property=\"og:type\" content=\"article\" \/>\n<meta property=\"og:title\" content=\"MFPEP for Sale - Buy MFPEP Powder Online | LegitGrams\" \/>\n<meta property=\"og:description\" content=\"Your requirement to buy MFPEP can be fulfilled at our online Legitgrams store as we are having MFPEP for sale here. Place your order and get affordable deals every day.\" \/>\n<meta property=\"og:url\" content=\"https:\/\/legitgrams.com\/es\/producto\/mfpep\/\" \/>\n<meta property=\"og:site_name\" content=\"Legit Grams\" \/>\n<meta property=\"article:modified_time\" content=\"2025-01-14T09:58:04+00:00\" \/>\n<meta property=\"og:image\" content=\"https:\/\/legitgrams.com\/wp-content\/uploads\/2024\/08\/MFPEP.gif\" \/>\n\t<meta property=\"og:image:width\" content=\"600\" \/>\n\t<meta property=\"og:image:height\" content=\"600\" \/>\n\t<meta property=\"og:image:type\" content=\"image\/gif\" \/>\n<meta name=\"twitter:card\" content=\"summary_large_image\" \/>\n<meta name=\"twitter:label1\" content=\"Tiempo de lectura\" \/>\n\t<meta name=\"twitter:data1\" content=\"2 minutos\" \/>\n<script type=\"application\/ld+json\" class=\"yoast-schema-graph\">{\"@context\":\"https:\/\/schema.org\",\"@graph\":[{\"@type\":\"WebPage\",\"@id\":\"https:\/\/legitgrams.com\/product\/mfpep\/\",\"url\":\"https:\/\/legitgrams.com\/product\/mfpep\/\",\"name\":\"MFPEP for Sale - Buy MFPEP Powder Online | LegitGrams\",\"isPartOf\":{\"@id\":\"https:\/\/legitgrams.com\/#website\"},\"primaryImageOfPage\":{\"@id\":\"https:\/\/legitgrams.com\/product\/mfpep\/#primaryimage\"},\"image\":{\"@id\":\"https:\/\/legitgrams.com\/product\/mfpep\/#primaryimage\"},\"thumbnailUrl\":\"https:\/\/legitgrams.com\/wp-content\/uploads\/2024\/08\/MFPEP.gif\",\"datePublished\":\"2024-08-03T05:49:04+00:00\",\"dateModified\":\"2025-01-14T09:58:04+00:00\",\"description\":\"Your requirement to buy MFPEP can be fulfilled at our online Legitgrams store as we are having MFPEP for sale here. Place your order and get affordable deals every day.\",\"breadcrumb\":{\"@id\":\"https:\/\/legitgrams.com\/product\/mfpep\/#breadcrumb\"},\"inLanguage\":\"es\",\"potentialAction\":[{\"@type\":\"ReadAction\",\"target\":[\"https:\/\/legitgrams.com\/product\/mfpep\/\"]}]},{\"@type\":\"ImageObject\",\"inLanguage\":\"es\",\"@id\":\"https:\/\/legitgrams.com\/product\/mfpep\/#primaryimage\",\"url\":\"https:\/\/legitgrams.com\/wp-content\/uploads\/2024\/08\/MFPEP.gif\",\"contentUrl\":\"https:\/\/legitgrams.com\/wp-content\/uploads\/2024\/08\/MFPEP.gif\",\"width\":600,\"height\":600,\"caption\":\"MFPEP for Sale\"},{\"@type\":\"BreadcrumbList\",\"@id\":\"https:\/\/legitgrams.com\/product\/mfpep\/#breadcrumb\",\"itemListElement\":[{\"@type\":\"ListItem\",\"position\":1,\"name\":\"Home\",\"item\":\"https:\/\/legitgrams.com\/\"},{\"@type\":\"ListItem\",\"position\":2,\"name\":\"Shop\",\"item\":\"https:\/\/legitgrams.com\/shop\/\"},{\"@type\":\"ListItem\",\"position\":3,\"name\":\"MFPEP\"}]},{\"@type\":\"WebSite\",\"@id\":\"https:\/\/legitgrams.com\/#website\",\"url\":\"https:\/\/legitgrams.com\/\",\"name\":\"Legit Grams\",\"description\":\"My WordPress Blog\",\"publisher\":{\"@id\":\"https:\/\/legitgrams.com\/#organization\"},\"potentialAction\":[{\"@type\":\"SearchAction\",\"target\":{\"@type\":\"EntryPoint\",\"urlTemplate\":\"https:\/\/legitgrams.com\/?s={search_term_string}\"},\"query-input\":{\"@type\":\"PropertyValueSpecification\",\"valueRequired\":true,\"valueName\":\"search_term_string\"}}],\"inLanguage\":\"es\"},{\"@type\":\"Organization\",\"@id\":\"https:\/\/legitgrams.com\/#organization\",\"name\":\"Legit Grams\",\"url\":\"https:\/\/legitgrams.com\/\",\"logo\":{\"@type\":\"ImageObject\",\"inLanguage\":\"es\",\"@id\":\"https:\/\/legitgrams.com\/#\/schema\/logo\/image\/\",\"url\":\"https:\/\/legitgrams.com\/wp-content\/uploads\/2024\/09\/main-logo.png\",\"contentUrl\":\"https:\/\/legitgrams.com\/wp-content\/uploads\/2024\/09\/main-logo.png\",\"width\":270,\"height\":75,\"caption\":\"Legit Grams\"},\"image\":{\"@id\":\"https:\/\/legitgrams.com\/#\/schema\/logo\/image\/\"}}]}<\/script>\n<!-- \/ Yoast SEO plugin. -->","yoast_head_json":{"title":"MFPEP en Venta - Comprar MFPEP en Polvo Online | LegitGrams","description":"Su requisito para comprar MFPEP se puede cumplir en nuestra tienda en l\u00ednea Legitgrams como estamos teniendo MFPEP a la venta aqu\u00ed. Haga su pedido y obtener ofertas asequibles todos los d\u00edas.","robots":{"index":"index","follow":"follow","max-snippet":"max-snippet:-1","max-image-preview":"max-image-preview:large","max-video-preview":"max-video-preview:-1"},"canonical":"https:\/\/legitgrams.com\/es\/producto\/mfpep\/","og_locale":"es_ES","og_type":"article","og_title":"MFPEP for Sale - Buy MFPEP Powder Online | LegitGrams","og_description":"Your requirement to buy MFPEP can be fulfilled at our online Legitgrams store as we are having MFPEP for sale here. Place your order and get affordable deals every day.","og_url":"https:\/\/legitgrams.com\/es\/producto\/mfpep\/","og_site_name":"Legit Grams","article_modified_time":"2025-01-14T09:58:04+00:00","og_image":[{"width":600,"height":600,"url":"https:\/\/legitgrams.com\/wp-content\/uploads\/2024\/08\/MFPEP.gif","type":"image\/gif"}],"twitter_card":"summary_large_image","twitter_misc":{"Tiempo de lectura":"2 minutos"},"schema":{"@context":"https:\/\/schema.org","@graph":[{"@type":"WebPage","@id":"https:\/\/legitgrams.com\/product\/mfpep\/","url":"https:\/\/legitgrams.com\/product\/mfpep\/","name":"MFPEP en Venta - Comprar MFPEP en Polvo Online | LegitGrams","isPartOf":{"@id":"https:\/\/legitgrams.com\/#website"},"primaryImageOfPage":{"@id":"https:\/\/legitgrams.com\/product\/mfpep\/#primaryimage"},"image":{"@id":"https:\/\/legitgrams.com\/product\/mfpep\/#primaryimage"},"thumbnailUrl":"https:\/\/legitgrams.com\/wp-content\/uploads\/2024\/08\/MFPEP.gif","datePublished":"2024-08-03T05:49:04+00:00","dateModified":"2025-01-14T09:58:04+00:00","description":"Su requisito para comprar MFPEP se puede cumplir en nuestra tienda en l\u00ednea Legitgrams como estamos teniendo MFPEP a la venta aqu\u00ed. Haga su pedido y obtener ofertas asequibles todos los d\u00edas.","breadcrumb":{"@id":"https:\/\/legitgrams.com\/product\/mfpep\/#breadcrumb"},"inLanguage":"es","potentialAction":[{"@type":"ReadAction","target":["https:\/\/legitgrams.com\/product\/mfpep\/"]}]},{"@type":"ImageObject","inLanguage":"es","@id":"https:\/\/legitgrams.com\/product\/mfpep\/#primaryimage","url":"https:\/\/legitgrams.com\/wp-content\/uploads\/2024\/08\/MFPEP.gif","contentUrl":"https:\/\/legitgrams.com\/wp-content\/uploads\/2024\/08\/MFPEP.gif","width":600,"height":600,"caption":"MFPEP for Sale"},{"@type":"BreadcrumbList","@id":"https:\/\/legitgrams.com\/product\/mfpep\/#breadcrumb","itemListElement":[{"@type":"ListItem","position":1,"name":"Home","item":"https:\/\/legitgrams.com\/"},{"@type":"ListItem","position":2,"name":"Shop","item":"https:\/\/legitgrams.com\/shop\/"},{"@type":"ListItem","position":3,"name":"MFPEP"}]},{"@type":"WebSite","@id":"https:\/\/legitgrams.com\/#website","url":"https:\/\/legitgrams.com\/","name":"Gramos leg\u00edtimos","description":"Mi blog de WordPress","publisher":{"@id":"https:\/\/legitgrams.com\/#organization"},"potentialAction":[{"@type":"SearchAction","target":{"@type":"EntryPoint","urlTemplate":"https:\/\/legitgrams.com\/?s={search_term_string}"},"query-input":{"@type":"PropertyValueSpecification","valueRequired":true,"valueName":"search_term_string"}}],"inLanguage":"es"},{"@type":"Organization","@id":"https:\/\/legitgrams.com\/#organization","name":"Gramos leg\u00edtimos","url":"https:\/\/legitgrams.com\/","logo":{"@type":"ImageObject","inLanguage":"es","@id":"https:\/\/legitgrams.com\/#\/schema\/logo\/image\/","url":"https:\/\/legitgrams.com\/wp-content\/uploads\/2024\/09\/main-logo.png","contentUrl":"https:\/\/legitgrams.com\/wp-content\/uploads\/2024\/09\/main-logo.png","width":270,"height":75,"caption":"Legit Grams"},"image":{"@id":"https:\/\/legitgrams.com\/#\/schema\/logo\/image\/"}}]}},"uagb_featured_image_src":{"full":["https:\/\/legitgrams.com\/wp-content\/uploads\/2024\/08\/MFPEP.gif",600,600,false],"thumbnail":["https:\/\/legitgrams.com\/wp-content\/uploads\/2024\/08\/MFPEP-150x150.gif",150,150,true],"medium":["https:\/\/legitgrams.com\/wp-content\/uploads\/2024\/08\/MFPEP-300x300.gif",300,300,true],"medium_large":["https:\/\/legitgrams.com\/wp-content\/uploads\/2024\/08\/MFPEP.gif",600,600,false],"large":["https:\/\/legitgrams.com\/wp-content\/uploads\/2024\/08\/MFPEP.gif",600,600,false],"1536x1536":["https:\/\/legitgrams.com\/wp-content\/uploads\/2024\/08\/MFPEP.gif",600,600,false],"2048x2048":["https:\/\/legitgrams.com\/wp-content\/uploads\/2024\/08\/MFPEP.gif",600,600,false],"trp-custom-language-flag":["https:\/\/legitgrams.com\/wp-content\/uploads\/2024\/08\/MFPEP-12x12.gif",12,12,true],"woocommerce_thumbnail":["https:\/\/legitgrams.com\/wp-content\/uploads\/2024\/08\/MFPEP-300x300.gif",300,300,true],"woocommerce_single":["https:\/\/legitgrams.com\/wp-content\/uploads\/2024\/08\/MFPEP.gif",600,600,false],"woocommerce_gallery_thumbnail":["https:\/\/legitgrams.com\/wp-content\/uploads\/2024\/08\/MFPEP-100x100.gif",100,100,true]},"uagb_author_info":{"display_name":"cokeblog18","author_link":"https:\/\/legitgrams.com\/es\/author\/"},"uagb_comment_info":0,"uagb_excerpt":"The research medication 2-Methyl-6-(phenylethynyl)pyridine (MPEP) was among the first substances to be discovered to function as a selective antagonist for the mGluR5 subtype of the metabotropic glutamate receptor. MPEP has primarily been used as a lead compound to create more powerful and selective mGluR5 antagonists like MTEP. However, studies employing MPEP itself are still ongoing,&hellip;","_links":{"self":[{"href":"https:\/\/legitgrams.com\/es\/wp-json\/wp\/v2\/product\/3309","targetHints":{"allow":["GET"]}}],"collection":[{"href":"https:\/\/legitgrams.com\/es\/wp-json\/wp\/v2\/product"}],"about":[{"href":"https:\/\/legitgrams.com\/es\/wp-json\/wp\/v2\/types\/product"}],"replies":[{"embeddable":true,"href":"https:\/\/legitgrams.com\/es\/wp-json\/wp\/v2\/comments?post=3309"}],"wp:featuredmedia":[{"embeddable":true,"href":"https:\/\/legitgrams.com\/es\/wp-json\/wp\/v2\/media\/3321"}],"wp:attachment":[{"href":"https:\/\/legitgrams.com\/es\/wp-json\/wp\/v2\/media?parent=3309"}],"wp:term":[{"taxonomy":"product_brand","embeddable":true,"href":"https:\/\/legitgrams.com\/es\/wp-json\/wp\/v2\/product_brand?post=3309"},{"taxonomy":"product_cat","embeddable":true,"href":"https:\/\/legitgrams.com\/es\/wp-json\/wp\/v2\/product_cat?post=3309"},{"taxonomy":"product_tag","embeddable":true,"href":"https:\/\/legitgrams.com\/es\/wp-json\/wp\/v2\/product_tag?post=3309"}],"curies":[{"name":"wp","href":"https:\/\/api.w.org\/{rel}","templated":true}]}}