{"id":3310,"date":"2024-08-03T05:49:56","date_gmt":"2024-08-03T05:49:56","guid":{"rendered":"https:\/\/cokebricks.com\/?post_type=product&#038;p=3310"},"modified":"2025-03-08T05:52:58","modified_gmt":"2025-03-08T05:52:58","slug":"adbb","status":"publish","type":"product","link":"https:\/\/legitgrams.com\/es\/producto\/adbb\/","title":{"rendered":"Comprar ADBB en l\u00ednea"},"content":{"rendered":"<h2>ADBB Polvo en venta<\/h2>\n<p><a href=\"https:\/\/en.wikipedia.org\/wiki\/ADB\">Comprar ADBB en l\u00ednea<\/a> Ciertos productos de cannabis sint\u00e9tico contienen componentes de un narc\u00f3tico sint\u00e9tico desarrollado recientemente llamado <a href=\"https:\/\/www.bing.com\/search?q=Buy%20ADBB%20Online&amp;qs=n&amp;form=QBRE&amp;sp=-1&amp;lq=0&amp;pq=buy%20adbb%20online&amp;sc=10-15&amp;sk=&amp;cvid=E242E5DB1CF647E7817D78DD43004610&amp;ghsh=0&amp;ghacc=0&amp;ghpl=\">ADBB<\/a>Son agonistas fuertes con valores de CE50 de 0,52 nM y 0,88 nM, respectivamente.<\/p>\n<p>de receptores para CB1 y CB2. Sin embargo, no se sabe nada sobre las caracter\u00edsticas fisiol\u00f3gicas o toxicol\u00f3gicas de este compuesto.<\/p>\n<p>\u00bfPara qu\u00e9 sirve la ADBB?<\/p>\n<p>No es apropiado que los humanos consuman el <a href=\"https:\/\/www.bing.com\/search?q=Buy%20ADBB%20Online&amp;qs=n&amp;form=QBRE&amp;sp=-1&amp;lq=0&amp;pq=buy%20adbb%20online&amp;sc=10-15&amp;sk=&amp;cvid=E242E5DB1CF647E7817D78DD43004610&amp;ghsh=0&amp;ghacc=0&amp;ghpl=\">ADBB<\/a> medication. Researchers at forensic labs utilize this substance as a study chemical.<\/p>\n<h3>\u00bfQu\u00e9 consecuencias adversas tiene la ADBB?<\/h3>\n<p>The following adverse consequences could result from using <a href=\"https:\/\/www.google.com\/search?q=Buy+ADBB+Online&amp;num=10&amp;sca_esv=1a2a07081c7891bb&amp;rlz=1C1RXQR_enIN1098IN1098&amp;sxsrf=AHTn8zr-KHxTTLzGR5g6z-5wgoi7gWgkjA%3A1741412995864&amp;ei=g9rLZ7u2NMTg1e8P4ve-qQE&amp;ved=0ahUKEwj7g5r45PmLAxVEcPUHHeK7LxUQ4dUDCBI&amp;uact=5&amp;oq=Buy+ADBB+Online&amp;gs_lp=Egxnd3Mtd2l6LXNlcnAiD0J1eSBBREJCIE9ubGluZTIHEAAYgAQYDTILEAAYFhjHAxgKGB4yCBAAGAgYDRgeMggQABgIGA0YHjIIEAAYCBgNGB4yCBAAGAgYDRgeMggQABgIGA0YHjIIEAAYCBgNGB4yCBAAGAgYDRgeMggQABgIGA0YHkiICFCCBFiCBHACeACQAQCYAZ4BoAGeAaoBAzAuMbgBA8gBAPgBAvgBAZgCAaACrgGYAwCIBgGSBwMwLjGgB-gG&amp;sclient=gws-wiz-serp\">ADBB powder<\/a> over time:<\/p>\n<p>o Alucinaciones<\/p>\n<p>o Cardiotoxicidad<\/p>\n<p>o Convulsiones<\/p>\n<p>o Baja temperatura corporal<\/p>\n<h4>\u00bfC\u00f3mo conoci\u00f3 Butinaca ADB?<\/h4>\n<p>Sin pruebas racionales <a href=\"https:\/\/www.google.com\/search?q=Buy+ADBB+Online&amp;num=10&amp;sca_esv=1a2a07081c7891bb&amp;rlz=1C1RXQR_enIN1098IN1098&amp;sxsrf=AHTn8zr-KHxTTLzGR5g6z-5wgoi7gWgkjA%3A1741412995864&amp;ei=g9rLZ7u2NMTg1e8P4ve-qQE&amp;ved=0ahUKEwj7g5r45PmLAxVEcPUHHeK7LxUQ4dUDCBI&amp;uact=5&amp;oq=Buy+ADBB+Online&amp;gs_lp=Egxnd3Mtd2l6LXNlcnAiD0J1eSBBREJCIE9ubGluZTIHEAAYgAQYDTILEAAYFhjHAxgKGB4yCBAAGAgYDRgeMggQABgIGA0YHjIIEAAYCBgNGB4yCBAAGAgYDRgeMggQABgIGA0YHjIIEAAYCBgNGB4yCBAAGAgYDRgeMggQABgIGA0YHkiICFCCBFiCBHACeACQAQCYAZ4BoAGeAaoBAzAuMbgBA8gBAPgBAvgBAZgCAaACrgGYAwCIBgGSBwMwLjGgB-gG&amp;sclient=gws-wiz-serp\">ADB Butinaca<\/a> Sin pruebas racionales, la ADB Butinaca es dif\u00edcil de reconocer. Le gusta mezclarse con otras Butinaca ADB que se comercializan para la venta y se presenta de forma natural como part\u00edculas de color marr\u00f3n claro o amarillento. La identificaci\u00f3n se convierte en un reto cuando hay una peque\u00f1a cantidad de ADB Butinaca presente en un catador, ya que diferentes dispositivos pueden utilizar identificadores de fachada, incluyendo el color, el olor y el sabor. Adem\u00e1s, pueden ser hablados o vampirizados. Las personas introducen muestras contenidas, que se venden como droga callejera para el ADB Butinaca. Los comentarios de los clientes sobre la ADB Butinaca fueron mayoritariamente positivos s\u00f3lo despu\u00e9s de haberla utilizado. Los investigadores y los amantes de la qu\u00edmica tienen una oportunidad fant\u00e1stica de realizar experimentos fascinantes y allanar el camino para descubrir las caracter\u00edsticas qu\u00edmicas de este material, ya que se sabe muy poco sobre \u00e9l. <a href=\"https:\/\/www.google.com\/search?q=Buy+ADBB+Online&amp;num=10&amp;sca_esv=1a2a07081c7891bb&amp;rlz=1C1RXQR_enIN1098IN1098&amp;sxsrf=AHTn8zr-KHxTTLzGR5g6z-5wgoi7gWgkjA%3A1741412995864&amp;ei=g9rLZ7u2NMTg1e8P4ve-qQE&amp;ved=0ahUKEwj7g5r45PmLAxVEcPUHHeK7LxUQ4dUDCBI&amp;uact=5&amp;oq=Buy+ADBB+Online&amp;gs_lp=Egxnd3Mtd2l6LXNlcnAiD0J1eSBBREJCIE9ubGluZTIHEAAYgAQYDTILEAAYFhjHAxgKGB4yCBAAGAgYDRgeMggQABgIGA0YHjIIEAAYCBgNGB4yCBAAGAgYDRgeMggQABgIGA0YHjIIEAAYCBgNGB4yCBAAGAgYDRgeMggQABgIGA0YHkiICFCCBFiCBHACeACQAQCYAZ4BoAGeAaoBAzAuMbgBA8gBAPgBAvgBAZgCAaACrgGYAwCIBgGSBwMwLjGgB-gG&amp;sclient=gws-wiz-serp\">ADB Butinaca<\/a>. Customers&#8217; reviews of ADB Butinaca were largely positive only after they had used the company. Researchers and chemistry lovers have a fantastic opportunity to conduct fascinating experiments and pave the way in discovering the chemical characteristics of this material because so little is known about it.<\/p>\n<h4>\u00bfQu\u00e9 hace que la gente compre ADB Butinaca?<\/h4>\n<p>Se puede encontrar en algunos productos de cannabis artificial. La conocida empresa farmac\u00e9utica estadounidense Pfizer cre\u00f3 este medicamento de dise\u00f1o con la intenci\u00f3n de utilizarlo como posible analg\u00e9sico. Si eres investigador y deseas utilizarlo para la investigaci\u00f3n, debes ser consciente de los posibles peligros y efectos adversos. Tiene cualidades psicotr\u00f3picas al igual que otros cannabinoides sint\u00e9ticos. Adem\u00e1s, se han relacionado varias consecuencias adversas con esta droga. Usted puede comprar este medicamento para obtener ADB Butinaca en l\u00ednea de Orange Hems, un minorista en l\u00ednea confiable. <a href=\"https:\/\/duckduckgo.com\/?q=Buy+ADBB+Online&amp;t=h_&amp;ia=web\">ADB Butinaca online<\/a> from Orange Hems, a reliable online retailer.<\/p>\n<h4>\u00bfQu\u00e9 consecuencias tiene ADB Butinaca?<\/h4>\n<p><a href=\"https:\/\/legitgrams.com\/es\/producto\/adbb\/\">ADB-BUTINACA<\/a> es un material novedoso y potente que suele utilizarse en investigaci\u00f3n. Estos nuevos cannabinoides sint\u00e9ticos se adhieren a los receptores CB1 y CB2 del cuerpo. Son una sustancia qu\u00edmica artificial.<\/p>\n<p>Los receptores cannabinoides CB1 y CB2 participan en una amplia gama de funciones fisiol\u00f3gicas.<\/p>\n<p>El cerebro y la m\u00e9dula espinal contienen CB1, un componente de nuestro sistema nervioso central que ayuda a mediar en los efectos embriagadores del cannabis.<a href=\"https:\/\/legitgrams.com\/es\/\">Legitgramas<\/a><\/p>\n<p>Los receptores CB2 de los gl\u00f3bulos blancos controlan el funcionamiento de las c\u00e9lulas inmunitarias.<\/p>\n<p>Adem\u00e1s, se pronuncia a un nivel cognitivo inferior. La compra de ADB Butinaca es ilegal, y los productos ADB-BIANCA est\u00e1n poco documentados. Dado que act\u00faan sobre el mismo aceptor de aclaramiento en el cerebro, son sint\u00e9ticamente dopamin\u00e9rgicos.<\/p>\n<p>como TCH, el componente psicoactivo del cannabis, y comprar <a href=\"https:\/\/legitgrams.com\/es\/producto\/adbb\/\">ADB Butinaca<\/a>. Usted no asume ninguna responsabilidad por los gastos o acciones que se deriven de la realizaci\u00f3n de un pedido en l\u00ednea de ADB Butinaca. <a href=\"https:\/\/duckduckgo.com\/?q=Buy+ADBB+Online&amp;t=h_&amp;ia=web\">ordine per ADB Butinaca<\/a>.<\/p>\n<p>\u00bfEst\u00e1 regulado el adb butinaca? comprar adb butinaca dea, comprar adb butinaca cayman, comprar adb butinaca en venta<\/p>\n<p>\u00bfD\u00f3nde puedo comprar adb butinaca, c\u00f3mo puedo comprar adb butinaca de calidad, d\u00f3nde puedo comprar adb butinaca, y d\u00f3nde puedo conseguir 5f-adb?<\/p>\n<p>7-adb, trrcshop, 5f-adb-33n, adb-butinaca psychonaut, usos, efectos secundarios y fuentes legales para la compra de adb butinaca<\/p>\n<p>&nbsp;<\/p>\n<p>&nbsp;<\/p>","protected":false},"excerpt":{"rendered":"<p>ADBB Powder for Sale Buy ADBB Online Certain synthetic cannabis products contain components of a newly developed synthetic narcotic called ADBB. They are the strong agonists with EC50 values of 0.52 nM and 0.88 nM, respectively. of receptors for CB1 and CB2. Nevertheless, nothing is known about this compound&#8217;s physiological or toxicological characteristics. What is &hellip;<\/p>\n<p class=\"read-more\"> <a class=\"\" href=\"https:\/\/legitgrams.com\/es\/producto\/adbb\/\"> <span class=\"screen-reader-text\">Comprar ADBB en l\u00ednea<\/span> Leer m\u00e1s \"<\/a><\/p>","protected":false},"featured_media":3326,"comment_status":"open","ping_status":"closed","template":"","meta":{"_uag_custom_page_level_css":"","site-sidebar-layout":"default","site-content-layout":"default","ast-global-header-display":"","ast-main-header-display":"","ast-hfb-above-header-display":"","ast-hfb-below-header-display":"","ast-hfb-mobile-header-display":"","site-post-title":"","ast-breadcrumbs-content":"","ast-featured-img":"","footer-sml-layout":"","theme-transparent-header-meta":"default","adv-header-id-meta":"","stick-header-meta":"default","header-above-stick-meta":"","header-main-stick-meta":"","header-below-stick-meta":"","_joinchat":[]},"product_brand":[],"product_cat":[190],"product_tag":[191,192,193,194],"class_list":{"0":"post-3310","1":"product","2":"type-product","3":"status-publish","4":"has-post-thumbnail","6":"product_cat-cannabinoids","7":"product_tag-adb-powder-for-sale","8":"product_tag-buy-adbb","9":"product_tag-buy-adbb-powder-online","10":"product_tag-pure-adbb-powder-online-for-sale","11":"desktop-align-left","12":"tablet-align-left","13":"mobile-align-left","14":"ast-product-gallery-layout-horizontal","15":"ast-product-gallery-with-no-image","16":"ast-product-single-variable","17":"ast-product-tabs-layout-horizontal","18":"ast-qv-on-image","20":"first","21":"instock","22":"shipping-taxable","23":"purchasable","24":"product-type-variable"},"yoast_head":"<!-- This site is optimized with the Yoast SEO plugin v25.9 - https:\/\/yoast.com\/wordpress\/plugins\/seo\/ -->\n<title>ADBB for Sale - Order ADBB Online - Buy ADBB Powder Online<\/title>\n<meta name=\"description\" content=\"Where to buy adbb online at the best price? Find high-quality adbb for sale at our secure online store, catering to your research requirements. Order Now\" \/>\n<meta name=\"robots\" content=\"index, follow, max-snippet:-1, max-image-preview:large, max-video-preview:-1\" \/>\n<link rel=\"canonical\" href=\"https:\/\/legitgrams.com\/es\/producto\/adbb\/\" \/>\n<meta property=\"og:locale\" content=\"es_ES\" \/>\n<meta property=\"og:type\" content=\"article\" \/>\n<meta property=\"og:title\" content=\"ADBB for Sale - Order ADBB Online - Buy ADBB Powder Online\" \/>\n<meta property=\"og:description\" content=\"Where to buy adbb online at the best price? Find high-quality adbb for sale at our secure online store, catering to your research requirements. Order Now\" \/>\n<meta property=\"og:url\" content=\"https:\/\/legitgrams.com\/es\/producto\/adbb\/\" \/>\n<meta property=\"og:site_name\" content=\"Legit Grams\" \/>\n<meta property=\"article:modified_time\" content=\"2025-03-08T05:52:58+00:00\" \/>\n<meta property=\"og:image\" content=\"https:\/\/legitgrams.com\/wp-content\/uploads\/2024\/08\/ADBB.gif\" \/>\n\t<meta property=\"og:image:width\" content=\"600\" \/>\n\t<meta property=\"og:image:height\" content=\"600\" \/>\n\t<meta property=\"og:image:type\" content=\"image\/gif\" \/>\n<meta name=\"twitter:card\" content=\"summary_large_image\" \/>\n<meta name=\"twitter:label1\" content=\"Tiempo de lectura\" \/>\n\t<meta name=\"twitter:data1\" content=\"3 minutos\" \/>\n<script type=\"application\/ld+json\" class=\"yoast-schema-graph\">{\"@context\":\"https:\/\/schema.org\",\"@graph\":[{\"@type\":\"WebPage\",\"@id\":\"https:\/\/legitgrams.com\/product\/adbb\/\",\"url\":\"https:\/\/legitgrams.com\/product\/adbb\/\",\"name\":\"ADBB for Sale - Order ADBB Online - Buy ADBB Powder Online\",\"isPartOf\":{\"@id\":\"https:\/\/legitgrams.com\/#website\"},\"primaryImageOfPage\":{\"@id\":\"https:\/\/legitgrams.com\/product\/adbb\/#primaryimage\"},\"image\":{\"@id\":\"https:\/\/legitgrams.com\/product\/adbb\/#primaryimage\"},\"thumbnailUrl\":\"https:\/\/legitgrams.com\/wp-content\/uploads\/2024\/08\/ADBB.gif\",\"datePublished\":\"2024-08-03T05:49:56+00:00\",\"dateModified\":\"2025-03-08T05:52:58+00:00\",\"description\":\"Where to buy adbb online at the best price? Find high-quality adbb for sale at our secure online store, catering to your research requirements. Order Now\",\"breadcrumb\":{\"@id\":\"https:\/\/legitgrams.com\/product\/adbb\/#breadcrumb\"},\"inLanguage\":\"es\",\"potentialAction\":[{\"@type\":\"ReadAction\",\"target\":[\"https:\/\/legitgrams.com\/product\/adbb\/\"]}]},{\"@type\":\"ImageObject\",\"inLanguage\":\"es\",\"@id\":\"https:\/\/legitgrams.com\/product\/adbb\/#primaryimage\",\"url\":\"https:\/\/legitgrams.com\/wp-content\/uploads\/2024\/08\/ADBB.gif\",\"contentUrl\":\"https:\/\/legitgrams.com\/wp-content\/uploads\/2024\/08\/ADBB.gif\",\"width\":600,\"height\":600,\"caption\":\"ADBB Powder for Sale\"},{\"@type\":\"BreadcrumbList\",\"@id\":\"https:\/\/legitgrams.com\/product\/adbb\/#breadcrumb\",\"itemListElement\":[{\"@type\":\"ListItem\",\"position\":1,\"name\":\"Home\",\"item\":\"https:\/\/legitgrams.com\/\"},{\"@type\":\"ListItem\",\"position\":2,\"name\":\"Shop\",\"item\":\"https:\/\/legitgrams.com\/shop\/\"},{\"@type\":\"ListItem\",\"position\":3,\"name\":\"Buy ADBB Online\"}]},{\"@type\":\"WebSite\",\"@id\":\"https:\/\/legitgrams.com\/#website\",\"url\":\"https:\/\/legitgrams.com\/\",\"name\":\"Legit Grams\",\"description\":\"My WordPress Blog\",\"publisher\":{\"@id\":\"https:\/\/legitgrams.com\/#organization\"},\"potentialAction\":[{\"@type\":\"SearchAction\",\"target\":{\"@type\":\"EntryPoint\",\"urlTemplate\":\"https:\/\/legitgrams.com\/?s={search_term_string}\"},\"query-input\":{\"@type\":\"PropertyValueSpecification\",\"valueRequired\":true,\"valueName\":\"search_term_string\"}}],\"inLanguage\":\"es\"},{\"@type\":\"Organization\",\"@id\":\"https:\/\/legitgrams.com\/#organization\",\"name\":\"Legit Grams\",\"url\":\"https:\/\/legitgrams.com\/\",\"logo\":{\"@type\":\"ImageObject\",\"inLanguage\":\"es\",\"@id\":\"https:\/\/legitgrams.com\/#\/schema\/logo\/image\/\",\"url\":\"https:\/\/legitgrams.com\/wp-content\/uploads\/2024\/09\/main-logo.png\",\"contentUrl\":\"https:\/\/legitgrams.com\/wp-content\/uploads\/2024\/09\/main-logo.png\",\"width\":270,\"height\":75,\"caption\":\"Legit Grams\"},\"image\":{\"@id\":\"https:\/\/legitgrams.com\/#\/schema\/logo\/image\/\"}}]}<\/script>\n<!-- \/ Yoast SEO plugin. -->","yoast_head_json":{"title":"ADBB en venta - Pedir ADBB en l\u00ednea - Comprar ADBB en polvo en l\u00ednea","description":"\u00bfD\u00f3nde comprar adbb online al mejor precio? Encuentre adbb de alta calidad a la venta en nuestra tienda en l\u00ednea segura, que satisface sus requisitos de investigaci\u00f3n. Haga su pedido ahora","robots":{"index":"index","follow":"follow","max-snippet":"max-snippet:-1","max-image-preview":"max-image-preview:large","max-video-preview":"max-video-preview:-1"},"canonical":"https:\/\/legitgrams.com\/es\/producto\/adbb\/","og_locale":"es_ES","og_type":"article","og_title":"ADBB for Sale - Order ADBB Online - Buy ADBB Powder Online","og_description":"Where to buy adbb online at the best price? Find high-quality adbb for sale at our secure online store, catering to your research requirements. Order Now","og_url":"https:\/\/legitgrams.com\/es\/producto\/adbb\/","og_site_name":"Legit Grams","article_modified_time":"2025-03-08T05:52:58+00:00","og_image":[{"width":600,"height":600,"url":"https:\/\/legitgrams.com\/wp-content\/uploads\/2024\/08\/ADBB.gif","type":"image\/gif"}],"twitter_card":"summary_large_image","twitter_misc":{"Tiempo de lectura":"3 minutos"},"schema":{"@context":"https:\/\/schema.org","@graph":[{"@type":"WebPage","@id":"https:\/\/legitgrams.com\/product\/adbb\/","url":"https:\/\/legitgrams.com\/product\/adbb\/","name":"ADBB en venta - Pedir ADBB en l\u00ednea - Comprar ADBB en polvo en l\u00ednea","isPartOf":{"@id":"https:\/\/legitgrams.com\/#website"},"primaryImageOfPage":{"@id":"https:\/\/legitgrams.com\/product\/adbb\/#primaryimage"},"image":{"@id":"https:\/\/legitgrams.com\/product\/adbb\/#primaryimage"},"thumbnailUrl":"https:\/\/legitgrams.com\/wp-content\/uploads\/2024\/08\/ADBB.gif","datePublished":"2024-08-03T05:49:56+00:00","dateModified":"2025-03-08T05:52:58+00:00","description":"\u00bfD\u00f3nde comprar adbb online al mejor precio? Encuentre adbb de alta calidad a la venta en nuestra tienda en l\u00ednea segura, que satisface sus requisitos de investigaci\u00f3n. Haga su pedido ahora","breadcrumb":{"@id":"https:\/\/legitgrams.com\/product\/adbb\/#breadcrumb"},"inLanguage":"es","potentialAction":[{"@type":"ReadAction","target":["https:\/\/legitgrams.com\/product\/adbb\/"]}]},{"@type":"ImageObject","inLanguage":"es","@id":"https:\/\/legitgrams.com\/product\/adbb\/#primaryimage","url":"https:\/\/legitgrams.com\/wp-content\/uploads\/2024\/08\/ADBB.gif","contentUrl":"https:\/\/legitgrams.com\/wp-content\/uploads\/2024\/08\/ADBB.gif","width":600,"height":600,"caption":"ADBB Powder for Sale"},{"@type":"BreadcrumbList","@id":"https:\/\/legitgrams.com\/product\/adbb\/#breadcrumb","itemListElement":[{"@type":"ListItem","position":1,"name":"Home","item":"https:\/\/legitgrams.com\/"},{"@type":"ListItem","position":2,"name":"Shop","item":"https:\/\/legitgrams.com\/shop\/"},{"@type":"ListItem","position":3,"name":"Buy ADBB Online"}]},{"@type":"WebSite","@id":"https:\/\/legitgrams.com\/#website","url":"https:\/\/legitgrams.com\/","name":"Gramos leg\u00edtimos","description":"Mi blog de WordPress","publisher":{"@id":"https:\/\/legitgrams.com\/#organization"},"potentialAction":[{"@type":"SearchAction","target":{"@type":"EntryPoint","urlTemplate":"https:\/\/legitgrams.com\/?s={search_term_string}"},"query-input":{"@type":"PropertyValueSpecification","valueRequired":true,"valueName":"search_term_string"}}],"inLanguage":"es"},{"@type":"Organization","@id":"https:\/\/legitgrams.com\/#organization","name":"Gramos leg\u00edtimos","url":"https:\/\/legitgrams.com\/","logo":{"@type":"ImageObject","inLanguage":"es","@id":"https:\/\/legitgrams.com\/#\/schema\/logo\/image\/","url":"https:\/\/legitgrams.com\/wp-content\/uploads\/2024\/09\/main-logo.png","contentUrl":"https:\/\/legitgrams.com\/wp-content\/uploads\/2024\/09\/main-logo.png","width":270,"height":75,"caption":"Legit Grams"},"image":{"@id":"https:\/\/legitgrams.com\/#\/schema\/logo\/image\/"}}]}},"uagb_featured_image_src":{"full":["https:\/\/legitgrams.com\/wp-content\/uploads\/2024\/08\/ADBB.gif",600,600,false],"thumbnail":["https:\/\/legitgrams.com\/wp-content\/uploads\/2024\/08\/ADBB-150x150.gif",150,150,true],"medium":["https:\/\/legitgrams.com\/wp-content\/uploads\/2024\/08\/ADBB-300x300.gif",300,300,true],"medium_large":["https:\/\/legitgrams.com\/wp-content\/uploads\/2024\/08\/ADBB.gif",600,600,false],"large":["https:\/\/legitgrams.com\/wp-content\/uploads\/2024\/08\/ADBB.gif",600,600,false],"1536x1536":["https:\/\/legitgrams.com\/wp-content\/uploads\/2024\/08\/ADBB.gif",600,600,false],"2048x2048":["https:\/\/legitgrams.com\/wp-content\/uploads\/2024\/08\/ADBB.gif",600,600,false],"trp-custom-language-flag":["https:\/\/legitgrams.com\/wp-content\/uploads\/2024\/08\/ADBB-12x12.gif",12,12,true],"woocommerce_thumbnail":["https:\/\/legitgrams.com\/wp-content\/uploads\/2024\/08\/ADBB-300x300.gif",300,300,true],"woocommerce_single":["https:\/\/legitgrams.com\/wp-content\/uploads\/2024\/08\/ADBB.gif",600,600,false],"woocommerce_gallery_thumbnail":["https:\/\/legitgrams.com\/wp-content\/uploads\/2024\/08\/ADBB-100x100.gif",100,100,true]},"uagb_author_info":{"display_name":"cokeblog18","author_link":"https:\/\/legitgrams.com\/es\/author\/"},"uagb_comment_info":0,"uagb_excerpt":"ADBB Powder for Sale Buy ADBB Online Certain synthetic cannabis products contain components of a newly developed synthetic narcotic called ADBB. They are the strong agonists with EC50 values of 0.52 nM and 0.88 nM, respectively. of receptors for CB1 and CB2. Nevertheless, nothing is known about this compound&#8217;s physiological or toxicological characteristics. What is&hellip;","_links":{"self":[{"href":"https:\/\/legitgrams.com\/es\/wp-json\/wp\/v2\/product\/3310","targetHints":{"allow":["GET"]}}],"collection":[{"href":"https:\/\/legitgrams.com\/es\/wp-json\/wp\/v2\/product"}],"about":[{"href":"https:\/\/legitgrams.com\/es\/wp-json\/wp\/v2\/types\/product"}],"replies":[{"embeddable":true,"href":"https:\/\/legitgrams.com\/es\/wp-json\/wp\/v2\/comments?post=3310"}],"wp:featuredmedia":[{"embeddable":true,"href":"https:\/\/legitgrams.com\/es\/wp-json\/wp\/v2\/media\/3326"}],"wp:attachment":[{"href":"https:\/\/legitgrams.com\/es\/wp-json\/wp\/v2\/media?parent=3310"}],"wp:term":[{"taxonomy":"product_brand","embeddable":true,"href":"https:\/\/legitgrams.com\/es\/wp-json\/wp\/v2\/product_brand?post=3310"},{"taxonomy":"product_cat","embeddable":true,"href":"https:\/\/legitgrams.com\/es\/wp-json\/wp\/v2\/product_cat?post=3310"},{"taxonomy":"product_tag","embeddable":true,"href":"https:\/\/legitgrams.com\/es\/wp-json\/wp\/v2\/product_tag?post=3310"}],"curies":[{"name":"wp","href":"https:\/\/api.w.org\/{rel}","templated":true}]}}