{"id":3312,"date":"2024-08-03T05:49:15","date_gmt":"2024-08-03T05:49:15","guid":{"rendered":"https:\/\/cokebricks.com\/?post_type=product&#038;p=3312"},"modified":"2025-01-11T11:05:33","modified_gmt":"2025-01-11T11:05:33","slug":"4fbca","status":"publish","type":"product","link":"https:\/\/legitgrams.com\/es\/producto\/4fbca\/","title":{"rendered":"4F-BCA"},"content":{"rendered":"<h2>4F-BCA a la venta por parte de expertos acreditados en cannabinoides<\/h2>\n<p><a href=\"https:\/\/legitgrams.com\/es\/producto\/4fbca\/\">4F-BCA<\/a> es uno de los productos de cannabis legales m\u00e1s nuevos disponibles. El compuesto qu\u00edmico en estudio es amarillo y tiene una pureza del 99,6 %. El compuesto qu\u00edmico debe almacenarse en un lugar fresco y seco. La droga funciona de manera similar a las drogas 4adb y 5adb.<\/p>\n<p>Tan pronto como el 4f-adb fue prohibido en China, se desarroll\u00f3 el 4f-BCA para ocupar su lugar. Las mol\u00e9culas de cannabis sintetizadas experimentalmente m\u00e1s recientes que est\u00e1n en el mercado son 4f-BCA y 5f-aeb-2201. Cada una de ellas reemplaza al 4f-adb y 5f-mdm-2201 originales por 4f-adb y 5f-mdm-2201.<\/p>\n<p>Another <a href=\"https:\/\/en.wikipedia.org\/\">LegitGrams<\/a> for logical testing is 4fbca. <a href=\"https:\/\/en.wikipedia.org\/wiki\/BCA\">4FBCA<\/a> Es un cannabinoide muy conocido, descubierto recientemente y con una larga trayectoria. Los profesionales con las cualificaciones necesarias que hayan trabajado recientemente con cannabis sint\u00e9tico fuerte pueden<\/p>\n<h3>Expertas acreditadas en cannabinoides venden 4F-BCA<\/h3>\n<p>Adquiera 4FBCA. Funciona de manera similar a 4f-adb y 5f-adb. 4fbca est\u00e1 disponible en l\u00ednea a trav\u00e9s de proveedores confiables como LegitGrams.<\/p>\n<p>Invierta en 4F-BCA, con una calificaci\u00f3n de pureza del 99,7 %. Trabajamos arduamente para mantener todos nuestros productos, incluido el cannabis que nos compra, con el est\u00e1ndar m\u00e1s alto posible. Dicho de otra manera, todo lo que necesita hacer es pedirle a Legit Cannabis marihuana medicinal con una pureza del 99,7 %.<\/p>\n<p>\u00bfCu\u00e1l es la mejor tienda para comprar 4F-BCA? 4F-BCA ofrece cannabinoides legales a un precio razonable en l\u00ednea. Nuestra amplia experiencia en este \u00e1rea nos permite entender lo que piensan los clientes. Nuestro equipo de profesionales dedicados y diligentes quiere ofrecer nuestros servicios y productos a todos, asegur\u00e1ndose de que la calidad del producto final est\u00e9 a la altura de su placer. Como resultado, nunca hacemos concesiones. A cualquier parte del mundo, podemos enviar cualquiera de nuestros productos genuinos. Entre las caracter\u00edsticas que distinguen a nuestra empresa de la competencia se encuentran nuestro embalaje discreto, etiquetado de dosis adecuado, entrega oportuna, 4F-BCA premium a la venta y env\u00edo seguro.<\/p>\n<p>En nuestro sitio web, ofrecemos Legit Grams para realizar compras en l\u00ednea de forma segura y sencilla. Trabajamos arduamente para proteger todos los datos de nuestros clientes en nuestro sistema. Adem\u00e1s, todas nuestras transacciones financieras son seguras y protegidas.<\/p>\n<h3>T\u00e9cnica de uso<\/h3>\n<p>M\u00e1s concretamente, actualmente no hay informaci\u00f3n disponible sobre los usos del 4F-BCA en venta. En ocasiones, las personas sin hogar o que sufren ansiedad severa recurren a las drogas como m\u00e9todo de alivio. Fumar es el m\u00e9todo de ingesti\u00f3n m\u00e1s popular, aunque tambi\u00e9n se puede tomar por v\u00eda oral. M\u00e1s importante que el m\u00e9todo de administraci\u00f3n es la cantidad exacta de medicamento que se administra.<\/p>\n<p>La mayor\u00eda de las personas desconocen la cantidad exacta o el componente que consumen. Seg\u00fan los resultados de las encuestas m\u00e9dicas, estos medicamentos no tienen ninguna utilidad en el comercio, la industria o la medicina.<\/p>\n<h3>\u00bfPara qu\u00e9 sirve el polvo 4F-BCA?<\/h3>\n<p>Invierta en el polvo de 4F-BCA de la m\u00e1s alta calidad disponible. C\u00f3mprelo en diferentes cantidades (10 g, 50 g, 100 g, 500 g, 1000 g). Guarde el polvo en un lugar fr\u00edo y seco para prolongar su vida \u00fatil. Al manipular productos qu\u00edmicos de investigaci\u00f3n en el laboratorio, recuerde siempre tomar las precauciones de seguridad necesarias, como usar guantes, mascarilla, ropa protectora y limpiar las superficies. Obtenga Genuine Grams 4F-BCA en l\u00ednea. Para realizar un pedido en l\u00ednea de 4F-BCA, comun\u00edquese con legitgrams.<\/p>\n<p>&nbsp;<\/p>","protected":false},"excerpt":{"rendered":"<p>La 4F-MDMB-BINACA, a menudo denominada MDMB-4F-BINACA, 4F-MDMB-BUTINACA o 4F-ADB, es un cannabinoide sint\u00e9tico derivado de los indazoles y miembro de la familia de los indazoles-3-carboxamidas. Se comercializa como medicamento de dise\u00f1o desde finales de 2018 y se utiliza como componente activo en productos de cannabis sint\u00e9tico. Se desconoce si la 4F-MDMB-BINACA es selectiva para el receptor CB1, sin embargo, es un agonista del receptor (EC50 = 7,39 nM). La UNODC public\u00f3 recomendaciones de clasificaci\u00f3n en diciembre de 2019 que colocan a la 4F-MDMB-BINACA en la Lista II a nivel mundial.<\/p>","protected":false},"featured_media":5527,"comment_status":"open","ping_status":"closed","template":"","meta":{"_uag_custom_page_level_css":"","site-sidebar-layout":"default","site-content-layout":"default","ast-global-header-display":"","ast-main-header-display":"","ast-hfb-above-header-display":"","ast-hfb-below-header-display":"","ast-hfb-mobile-header-display":"","site-post-title":"","ast-breadcrumbs-content":"","ast-featured-img":"","footer-sml-layout":"","theme-transparent-header-meta":"default","adv-header-id-meta":"","stick-header-meta":"default","header-above-stick-meta":"","header-main-stick-meta":"","header-below-stick-meta":"","_joinchat":[]},"product_brand":[],"product_cat":[190],"product_tag":[233,234,235,236,237,238,239,240,241,242,243,244,245,246,247,248,249,250,251],"class_list":{"0":"post-3312","1":"product","2":"type-product","3":"status-publish","4":"has-post-thumbnail","6":"product_cat-cannabinoids","7":"product_tag-4f-adb-experience","8":"product_tag-4f-adb-reddit","9":"product_tag-4f-adb-review","10":"product_tag-4fadb-dosage-4f-adb-psychonaut","11":"product_tag-5f-mdmb-2201","12":"product_tag-5f-mdmb-2201-dosage","13":"product_tag-5f-mdmb-2201-opinie","14":"product_tag-5f-mdmb-2201-reddit","15":"product_tag-5f-mdmb-2201-review","16":"product_tag-5f-mdmb-2201-wiki","17":"product_tag-5f-mdmb2201-cannabinoid","18":"product_tag-5f-mdmbcayman","19":"product_tag-5fadb-cbf","20":"product_tag-5fadb-dosage","21":"product_tag-5fadb-toxicity","22":"product_tag-5fmbmb-2201","23":"product_tag-5fmdmb-2201-psychonaut","24":"product_tag-5fmdmb2201-5f-mdmb-2201-kannabinoid","25":"product_tag-buy-4f-adb","26":"desktop-align-left","27":"tablet-align-left","28":"mobile-align-left","29":"ast-product-gallery-layout-horizontal","30":"ast-product-gallery-with-no-image","31":"ast-product-single-variable","32":"ast-product-tabs-layout-horizontal","33":"ast-qv-on-image","35":"first","36":"instock","37":"shipping-taxable","38":"purchasable","39":"product-type-variable"},"yoast_head":"<!-- This site is optimized with the Yoast SEO plugin v25.9 - https:\/\/yoast.com\/wordpress\/plugins\/seo\/ -->\n<title>4F-BCA for Sale - Buy 4F-BCA Powder Online @ Best Price<\/title>\n<meta name=\"description\" content=\"Explore our online store for 4F-BCA powder for sale, offering high-quality 4F-BCA. Buy 4F-BCA online securely and embark on your research journey with confidence. Order Now!\" \/>\n<meta name=\"robots\" content=\"index, follow, max-snippet:-1, max-image-preview:large, max-video-preview:-1\" \/>\n<link rel=\"canonical\" href=\"https:\/\/legitgrams.com\/es\/producto\/4fbca\/\" \/>\n<meta property=\"og:locale\" content=\"es_ES\" \/>\n<meta property=\"og:type\" content=\"article\" \/>\n<meta property=\"og:title\" content=\"4F-BCA for Sale - Buy 4F-BCA Powder Online @ Best Price\" \/>\n<meta property=\"og:description\" content=\"Explore our online store for 4F-BCA powder for sale, offering high-quality 4F-BCA. Buy 4F-BCA online securely and embark on your research journey with confidence. Order Now!\" \/>\n<meta property=\"og:url\" content=\"https:\/\/legitgrams.com\/es\/producto\/4fbca\/\" \/>\n<meta property=\"og:site_name\" content=\"Legit Grams\" \/>\n<meta property=\"article:modified_time\" content=\"2025-01-11T11:05:33+00:00\" \/>\n<meta property=\"og:image\" content=\"https:\/\/legitgrams.com\/wp-content\/uploads\/2024\/08\/4f-bca-1.gif\" \/>\n\t<meta property=\"og:image:width\" content=\"300\" \/>\n\t<meta property=\"og:image:height\" content=\"300\" \/>\n\t<meta property=\"og:image:type\" content=\"image\/gif\" \/>\n<meta name=\"twitter:card\" content=\"summary_large_image\" \/>\n<meta name=\"twitter:label1\" content=\"Tiempo de lectura\" \/>\n\t<meta name=\"twitter:data1\" content=\"3 minutos\" \/>\n<script type=\"application\/ld+json\" class=\"yoast-schema-graph\">{\"@context\":\"https:\/\/schema.org\",\"@graph\":[{\"@type\":\"WebPage\",\"@id\":\"https:\/\/legitgrams.com\/product\/4fbca\/\",\"url\":\"https:\/\/legitgrams.com\/product\/4fbca\/\",\"name\":\"4F-BCA for Sale - Buy 4F-BCA Powder Online @ Best Price\",\"isPartOf\":{\"@id\":\"https:\/\/legitgrams.com\/#website\"},\"primaryImageOfPage\":{\"@id\":\"https:\/\/legitgrams.com\/product\/4fbca\/#primaryimage\"},\"image\":{\"@id\":\"https:\/\/legitgrams.com\/product\/4fbca\/#primaryimage\"},\"thumbnailUrl\":\"https:\/\/legitgrams.com\/wp-content\/uploads\/2024\/08\/4f-bca-1.gif\",\"datePublished\":\"2024-08-03T05:49:15+00:00\",\"dateModified\":\"2025-01-11T11:05:33+00:00\",\"description\":\"Explore our online store for 4F-BCA powder for sale, offering high-quality 4F-BCA. Buy 4F-BCA online securely and embark on your research journey with confidence. Order Now!\",\"breadcrumb\":{\"@id\":\"https:\/\/legitgrams.com\/product\/4fbca\/#breadcrumb\"},\"inLanguage\":\"es\",\"potentialAction\":[{\"@type\":\"ReadAction\",\"target\":[\"https:\/\/legitgrams.com\/product\/4fbca\/\"]}]},{\"@type\":\"ImageObject\",\"inLanguage\":\"es\",\"@id\":\"https:\/\/legitgrams.com\/product\/4fbca\/#primaryimage\",\"url\":\"https:\/\/legitgrams.com\/wp-content\/uploads\/2024\/08\/4f-bca-1.gif\",\"contentUrl\":\"https:\/\/legitgrams.com\/wp-content\/uploads\/2024\/08\/4f-bca-1.gif\",\"width\":300,\"height\":300,\"caption\":\"4F-BCA for Sale\"},{\"@type\":\"BreadcrumbList\",\"@id\":\"https:\/\/legitgrams.com\/product\/4fbca\/#breadcrumb\",\"itemListElement\":[{\"@type\":\"ListItem\",\"position\":1,\"name\":\"Home\",\"item\":\"https:\/\/legitgrams.com\/\"},{\"@type\":\"ListItem\",\"position\":2,\"name\":\"Shop\",\"item\":\"https:\/\/legitgrams.com\/shop\/\"},{\"@type\":\"ListItem\",\"position\":3,\"name\":\"4F-BCA\"}]},{\"@type\":\"WebSite\",\"@id\":\"https:\/\/legitgrams.com\/#website\",\"url\":\"https:\/\/legitgrams.com\/\",\"name\":\"Legit Grams\",\"description\":\"My WordPress Blog\",\"publisher\":{\"@id\":\"https:\/\/legitgrams.com\/#organization\"},\"potentialAction\":[{\"@type\":\"SearchAction\",\"target\":{\"@type\":\"EntryPoint\",\"urlTemplate\":\"https:\/\/legitgrams.com\/?s={search_term_string}\"},\"query-input\":{\"@type\":\"PropertyValueSpecification\",\"valueRequired\":true,\"valueName\":\"search_term_string\"}}],\"inLanguage\":\"es\"},{\"@type\":\"Organization\",\"@id\":\"https:\/\/legitgrams.com\/#organization\",\"name\":\"Legit Grams\",\"url\":\"https:\/\/legitgrams.com\/\",\"logo\":{\"@type\":\"ImageObject\",\"inLanguage\":\"es\",\"@id\":\"https:\/\/legitgrams.com\/#\/schema\/logo\/image\/\",\"url\":\"https:\/\/legitgrams.com\/wp-content\/uploads\/2024\/09\/main-logo.png\",\"contentUrl\":\"https:\/\/legitgrams.com\/wp-content\/uploads\/2024\/09\/main-logo.png\",\"width\":270,\"height\":75,\"caption\":\"Legit Grams\"},\"image\":{\"@id\":\"https:\/\/legitgrams.com\/#\/schema\/logo\/image\/\"}}]}<\/script>\n<!-- \/ Yoast SEO plugin. -->","yoast_head_json":{"title":"4F-BCA en venta - Comprar 4F-BCA en polvo en l\u00ednea al mejor precio","description":"Explore nuestra tienda en l\u00ednea de 4F-BCA en polvo a la venta, que ofrece 4F-BCA de alta calidad. Compre 4F-BCA en l\u00ednea de forma segura y emprenda su viaje de investigaci\u00f3n con confianza. \u00a1Haga su pedido ahora!","robots":{"index":"index","follow":"follow","max-snippet":"max-snippet:-1","max-image-preview":"max-image-preview:large","max-video-preview":"max-video-preview:-1"},"canonical":"https:\/\/legitgrams.com\/es\/producto\/4fbca\/","og_locale":"es_ES","og_type":"article","og_title":"4F-BCA for Sale - Buy 4F-BCA Powder Online @ Best Price","og_description":"Explore our online store for 4F-BCA powder for sale, offering high-quality 4F-BCA. Buy 4F-BCA online securely and embark on your research journey with confidence. Order Now!","og_url":"https:\/\/legitgrams.com\/es\/producto\/4fbca\/","og_site_name":"Legit Grams","article_modified_time":"2025-01-11T11:05:33+00:00","og_image":[{"width":300,"height":300,"url":"https:\/\/legitgrams.com\/wp-content\/uploads\/2024\/08\/4f-bca-1.gif","type":"image\/gif"}],"twitter_card":"summary_large_image","twitter_misc":{"Tiempo de lectura":"3 minutos"},"schema":{"@context":"https:\/\/schema.org","@graph":[{"@type":"WebPage","@id":"https:\/\/legitgrams.com\/product\/4fbca\/","url":"https:\/\/legitgrams.com\/product\/4fbca\/","name":"4F-BCA en venta - Comprar 4F-BCA en polvo en l\u00ednea al mejor precio","isPartOf":{"@id":"https:\/\/legitgrams.com\/#website"},"primaryImageOfPage":{"@id":"https:\/\/legitgrams.com\/product\/4fbca\/#primaryimage"},"image":{"@id":"https:\/\/legitgrams.com\/product\/4fbca\/#primaryimage"},"thumbnailUrl":"https:\/\/legitgrams.com\/wp-content\/uploads\/2024\/08\/4f-bca-1.gif","datePublished":"2024-08-03T05:49:15+00:00","dateModified":"2025-01-11T11:05:33+00:00","description":"Explore nuestra tienda en l\u00ednea de 4F-BCA en polvo a la venta, que ofrece 4F-BCA de alta calidad. Compre 4F-BCA en l\u00ednea de forma segura y emprenda su viaje de investigaci\u00f3n con confianza. \u00a1Haga su pedido ahora!","breadcrumb":{"@id":"https:\/\/legitgrams.com\/product\/4fbca\/#breadcrumb"},"inLanguage":"es","potentialAction":[{"@type":"ReadAction","target":["https:\/\/legitgrams.com\/product\/4fbca\/"]}]},{"@type":"ImageObject","inLanguage":"es","@id":"https:\/\/legitgrams.com\/product\/4fbca\/#primaryimage","url":"https:\/\/legitgrams.com\/wp-content\/uploads\/2024\/08\/4f-bca-1.gif","contentUrl":"https:\/\/legitgrams.com\/wp-content\/uploads\/2024\/08\/4f-bca-1.gif","width":300,"height":300,"caption":"4F-BCA for Sale"},{"@type":"BreadcrumbList","@id":"https:\/\/legitgrams.com\/product\/4fbca\/#breadcrumb","itemListElement":[{"@type":"ListItem","position":1,"name":"Home","item":"https:\/\/legitgrams.com\/"},{"@type":"ListItem","position":2,"name":"Shop","item":"https:\/\/legitgrams.com\/shop\/"},{"@type":"ListItem","position":3,"name":"4F-BCA"}]},{"@type":"WebSite","@id":"https:\/\/legitgrams.com\/#website","url":"https:\/\/legitgrams.com\/","name":"Gramos leg\u00edtimos","description":"Mi blog de WordPress","publisher":{"@id":"https:\/\/legitgrams.com\/#organization"},"potentialAction":[{"@type":"SearchAction","target":{"@type":"EntryPoint","urlTemplate":"https:\/\/legitgrams.com\/?s={search_term_string}"},"query-input":{"@type":"PropertyValueSpecification","valueRequired":true,"valueName":"search_term_string"}}],"inLanguage":"es"},{"@type":"Organization","@id":"https:\/\/legitgrams.com\/#organization","name":"Gramos leg\u00edtimos","url":"https:\/\/legitgrams.com\/","logo":{"@type":"ImageObject","inLanguage":"es","@id":"https:\/\/legitgrams.com\/#\/schema\/logo\/image\/","url":"https:\/\/legitgrams.com\/wp-content\/uploads\/2024\/09\/main-logo.png","contentUrl":"https:\/\/legitgrams.com\/wp-content\/uploads\/2024\/09\/main-logo.png","width":270,"height":75,"caption":"Legit Grams"},"image":{"@id":"https:\/\/legitgrams.com\/#\/schema\/logo\/image\/"}}]}},"uagb_featured_image_src":{"full":["https:\/\/legitgrams.com\/wp-content\/uploads\/2024\/08\/4f-bca-1.gif",300,300,false],"thumbnail":["https:\/\/legitgrams.com\/wp-content\/uploads\/2024\/08\/4f-bca-1-150x150.gif",150,150,true],"medium":["https:\/\/legitgrams.com\/wp-content\/uploads\/2024\/08\/4f-bca-1.gif",300,300,false],"medium_large":["https:\/\/legitgrams.com\/wp-content\/uploads\/2024\/08\/4f-bca-1.gif",300,300,false],"large":["https:\/\/legitgrams.com\/wp-content\/uploads\/2024\/08\/4f-bca-1.gif",300,300,false],"1536x1536":["https:\/\/legitgrams.com\/wp-content\/uploads\/2024\/08\/4f-bca-1.gif",300,300,false],"2048x2048":["https:\/\/legitgrams.com\/wp-content\/uploads\/2024\/08\/4f-bca-1.gif",300,300,false],"trp-custom-language-flag":["https:\/\/legitgrams.com\/wp-content\/uploads\/2024\/08\/4f-bca-1-12x12.gif",12,12,true],"woocommerce_thumbnail":["https:\/\/legitgrams.com\/wp-content\/uploads\/2024\/08\/4f-bca-1.gif",300,300,false],"woocommerce_single":["https:\/\/legitgrams.com\/wp-content\/uploads\/2024\/08\/4f-bca-1.gif",300,300,false],"woocommerce_gallery_thumbnail":["https:\/\/legitgrams.com\/wp-content\/uploads\/2024\/08\/4f-bca-1-100x100.gif",100,100,true]},"uagb_author_info":{"display_name":"cokeblog18","author_link":"https:\/\/legitgrams.com\/es\/author\/"},"uagb_comment_info":0,"uagb_excerpt":"4F-MDMB-BINACA, often referred to as MDMB-4F-BINACA, 4F-MDMB-BUTINACA, or 4F-ADB, is a synthetic cannabinoid derived from indazoles and a member of the indazole-3-carboxamide family. It has been marketed as a designer medication since late 2018 and used as an active component in synthetic cannabis products. It is unknown if 4F-MDMB-BINACA is selective for the CB1 receptor,&hellip;","_links":{"self":[{"href":"https:\/\/legitgrams.com\/es\/wp-json\/wp\/v2\/product\/3312","targetHints":{"allow":["GET"]}}],"collection":[{"href":"https:\/\/legitgrams.com\/es\/wp-json\/wp\/v2\/product"}],"about":[{"href":"https:\/\/legitgrams.com\/es\/wp-json\/wp\/v2\/types\/product"}],"replies":[{"embeddable":true,"href":"https:\/\/legitgrams.com\/es\/wp-json\/wp\/v2\/comments?post=3312"}],"wp:featuredmedia":[{"embeddable":true,"href":"https:\/\/legitgrams.com\/es\/wp-json\/wp\/v2\/media\/5527"}],"wp:attachment":[{"href":"https:\/\/legitgrams.com\/es\/wp-json\/wp\/v2\/media?parent=3312"}],"wp:term":[{"taxonomy":"product_brand","embeddable":true,"href":"https:\/\/legitgrams.com\/es\/wp-json\/wp\/v2\/product_brand?post=3312"},{"taxonomy":"product_cat","embeddable":true,"href":"https:\/\/legitgrams.com\/es\/wp-json\/wp\/v2\/product_cat?post=3312"},{"taxonomy":"product_tag","embeddable":true,"href":"https:\/\/legitgrams.com\/es\/wp-json\/wp\/v2\/product_tag?post=3312"}],"curies":[{"name":"wp","href":"https:\/\/api.w.org\/{rel}","templated":true}]}}