{"id":3313,"date":"2024-08-03T05:49:11","date_gmt":"2024-08-03T05:49:11","guid":{"rendered":"https:\/\/cokebricks.com\/?post_type=product&#038;p=3313"},"modified":"2025-03-08T06:04:40","modified_gmt":"2025-03-08T06:04:40","slug":"isotonitazeno","status":"publish","type":"product","link":"https:\/\/legitgrams.com\/es\/producto\/isotonitazeno\/","title":{"rendered":"Comprar Isotonitazeno Online"},"content":{"rendered":"<h2>Comprar Isotonitazeno en l\u00ednea<\/h2>\n<p><a href=\"https:\/\/legitgrams.com\/es\/producto\/isotonitazeno\/\">Comprar Isotonitazeno<\/a> El isotonitazeno es una droga especial que todav\u00eda no es ilegal. Sin embargo, el n\u00famero de muertes ha aumentado. Muchas muertes en los Estados Unidos se han relacionado con un nuevo opioide sint\u00e9tico legal que es tan letal como el fentanilo. El descubrimiento de isotonitazeno en la cadena alimentaria de Am\u00e9rica del Norte parece confirmar las preocupaciones planteadas hace un a\u00f1o sobre la posibilidad de que no se detuvieran las drogas de laboratorio que causaban la crisis de opioides del pa\u00eds. <a href=\"https:\/\/www.bing.com\/search?q=Buy%20Isotonitazene%20Online&amp;qs=n&amp;form=QBRE&amp;sp=-1&amp;lq=0&amp;pq=buy%20isotonitazene%20online&amp;sc=0-24&amp;sk=&amp;cvid=C8773ECBD1FF437F900CC7D38DE1EDBA&amp;ghsh=0&amp;ghacc=0&amp;ghpl=\">isotonitazeno<\/a> El aumento de la producci\u00f3n de opioides en la cadena alimentaria de Am\u00e9rica del Norte parece confirmar las preocupaciones planteadas hace un a\u00f1o sobre la posibilidad de que no se detuvieran las drogas de laboratorio que causan la crisis de opioides en el pa\u00eds.<\/p>\n<h3>\u00bfD\u00f3nde puedo conseguir Iso Powder en l\u00ednea?<\/h3>\n<p>Seg\u00fan un anuncio reciente de Barry K. Logan, cient\u00edfico jefe de NMS Laboratories y experto mundial en toxicolog\u00eda forense, sus colegas han encontrado isotonitazeno, la misma mol\u00e9cula que el fentanilo, en muestras de m\u00e1s de 200 consumidores de drogas muertos en el Medio Oeste y el Noreste. <a href=\"https:\/\/www.bing.com\/search?q=Buy%20Isotonitazene%20Online&amp;qs=n&amp;form=QBRE&amp;sp=-1&amp;lq=0&amp;pq=buy%20isotonitazene%20online&amp;sc=0-24&amp;sk=&amp;cvid=C8773ECBD1FF437F900CC7D38DE1EDBA&amp;ghsh=0&amp;ghacc=0&amp;ghpl=\">isotonitazeno<\/a>, the same molecule as fentanyl, in samples from more than 200 drug users died in the Midwest and Northeast. <a href=\"https:\/\/legitgrams.com\/es\/\">LegitGrams<\/a><\/p>\n<p>Seg\u00fan Logan, \"el nuevo agente m\u00e1s com\u00fan y utilizado en Estados Unidos es el isotonitazeno\". <a href=\"https:\/\/duckduckgo.com\/?q=Buy+Isotonitazene+Online&amp;t=h_&amp;ia=web\">isotonitazeno<\/a>.&#8221;<\/p>\n<p>indicates that the number of deaths in the US from <a href=\"https:\/\/duckduckgo.com\/?q=Buy+Isotonitazene+Online&amp;t=h_&amp;ia=web\">isotonitazeno<\/a> has increased from about six during the summer to 40 to 50 every month.<\/p>\n<h3>Compre opioides sint\u00e9ticos confiables en l\u00ednea.<\/h3>\n<p>El equipo de Logan solo descubri\u00f3 12 nuevos opioides en los EE. UU. el a\u00f1o pasado, pero el isotonitazeno r\u00e1pidamente se hizo conocido. \"La sustancia que se est\u00e1 volviendo m\u00e1s popular es el isotonitazeno; solo encontramos nuevos opioides una o dos veces.<\/p>\n<p>Seg\u00fan Logan, \u201cel nuevo agente m\u00e1s com\u00fan y ampliamente utilizado en los Estados Unidos es el isotonitazeno\u201d.<\/p>\n<p>indicates that the number of deaths in the US from <a href=\"https:\/\/www.google.com\/search?q=Buy+Isotonitazene+Online&amp;num=10&amp;sca_esv=1a2a07081c7891bb&amp;rlz=1C1RXQR_enIN1098IN1098&amp;sxsrf=AHTn8zqRnNcZtkQEK_gLmxgthNuOExdFTw%3A1741413766389&amp;ei=ht3LZ5uqF6qeseMP4Yn5-Ak&amp;ved=0ahUKEwibhc_n5_mLAxUqT2wGHeFEHp8Q4dUDCBI&amp;uact=5&amp;oq=Buy+Isotonitazene+Online&amp;gs_lp=Egxnd3Mtd2l6LXNlcnAiGEJ1eSBJc290b25pdGF6ZW5lIE9ubGluZUilClCkBlikBnADeACQAQCYAagBoAGoAaoBAzAuMbgBA8gBAPgBAvgBAZgCAKACAJgDAIgGAZIHAKAHTA&amp;sclient=gws-wiz-serp\">isotonitazeno<\/a> has increased from about six during the summer to 40 to 50 every month.<\/p>\n<h3>Compre opioides sint\u00e9ticos confiables en l\u00ednea.<\/h3>\n<p>El equipo de Logan solo descubri\u00f3 12 nuevos opioides en los EE. UU. el a\u00f1o pasado, pero <a href=\"https:\/\/en.wikipedia.org\/wiki\/Isotonitazene\">isotonitazeno<\/a> r\u00e1pidamente se hizo conocido. \u201cEl isotonitazeno es la sustancia m\u00e1s com\u00fanmente observada; la mayor\u00eda de las nuevas aparecen solo una o dos veces.<\/p>\n<p>The largest synthetic opioid sold online in Canada is also impacted. In March, <a href=\"https:\/\/www.google.com\/search?q=Buy+Isotonitazene+Online&amp;num=10&amp;sca_esv=1a2a07081c7891bb&amp;rlz=1C1RXQR_enIN1098IN1098&amp;sxsrf=AHTn8zqRnNcZtkQEK_gLmxgthNuOExdFTw%3A1741413766389&amp;ei=ht3LZ5uqF6qeseMP4Yn5-Ak&amp;ved=0ahUKEwibhc_n5_mLAxUqT2wGHeFEHp8Q4dUDCBI&amp;uact=5&amp;oq=Buy+Isotonitazene+Online&amp;gs_lp=Egxnd3Mtd2l6LXNlcnAiGEJ1eSBJc290b25pdGF6ZW5lIE9ubGluZUilClCkBlikBnADeACQAQCYAagBoAGoAaoBAzAuMbgBA8gBAPgBAvgBAZgCAKACAJgDAIgGAZIHAKAHTA&amp;sclient=gws-wiz-serp\">isotonitazeno<\/a> El opioide sint\u00e9tico m\u00e1s vendido en l\u00ednea en Canad\u00e1 tambi\u00e9n se ve afectado. En marzo, se descubri\u00f3 isotonitazeno en 1.900 medicamentos recetados falsificados en Terranova y Nueva Escocia. El f\u00e1rmaco estaba formulado en comprimidos similares a la hidromorfona. Dilaudid, a veces conocido como Oxycontin, es un opioide sint\u00e9tico muy buscado.Najwi\u0119kszy syntetyczny opioid sprzedawany online w Kanadzie r\u00f3wnie\u017c jest dotkni\u0119ty. W marcu izotonitazen zosta\u0142 odkryty w 1900 podrobionych lekach na recept\u0119 w Nowej Fundlandii i Nowej Szkocji. Lek zosta\u0142 opracowany w postaci tabletek podobnych do hydromorfonu. Dilaudid, czasami znany jako Oxycontin, jest bardzo poszukiwanym syntetycznym opioidem.<\/p>\n<h2><\/h2>\n<h2><\/h2>\n<h2><\/h2>\n<p>&nbsp;<\/p>","protected":false},"excerpt":{"rendered":"<p>Purchase Online Isotonitazene Buy Isotonitazene is a special drug that isn&#8217;t yet illegal. However, the number of fatalities has increased. Many deaths in the United States have been linked to a new, legal synthetic opioid that is equally deadly as fentanyl. The discovery of isotonitazene in North America&#8217;s food chain seems to confirm concerns raised &hellip;<\/p>\n<p class=\"read-more\"> <a class=\"\" href=\"https:\/\/legitgrams.com\/es\/producto\/isotonitazeno\/\"> <span class=\"screen-reader-text\">Comprar Isotonitazeno Online<\/span> Leer m\u00e1s \"<\/a><\/p>","protected":false},"featured_media":3322,"comment_status":"open","ping_status":"closed","template":"","meta":{"_uag_custom_page_level_css":"","site-sidebar-layout":"default","site-content-layout":"default","ast-global-header-display":"","ast-main-header-display":"","ast-hfb-above-header-display":"","ast-hfb-below-header-display":"","ast-hfb-mobile-header-display":"","site-post-title":"","ast-breadcrumbs-content":"","ast-featured-img":"","footer-sml-layout":"","theme-transparent-header-meta":"default","adv-header-id-meta":"","stick-header-meta":"default","header-above-stick-meta":"","header-main-stick-meta":"","header-below-stick-meta":"","_joinchat":[]},"product_brand":[],"product_cat":[190],"product_tag":[252,253,254,255,256,257,258,259,260,261,262],"class_list":{"0":"post-3313","1":"product","2":"type-product","3":"status-publish","4":"has-post-thumbnail","6":"product_cat-cannabinoids","7":"product_tag-buy-isotodesnitazene","8":"product_tag-buy-isotodesnitazene-usa","9":"product_tag-for-sale-isotodesnitazene","10":"product_tag-isotodesnitazene","11":"product_tag-isotodesnitazene-for-sale","12":"product_tag-isotodesnitazene-for-sale-online","13":"product_tag-isotodesnitazene-supplier","14":"product_tag-isotodesnitazene-suppliers","15":"product_tag-isotodesnitazene-vendor","16":"product_tag-order-isotodesnitazene-canada","17":"product_tag-where-to-buy-isotodesnitazene-australia","18":"desktop-align-left","19":"tablet-align-left","20":"mobile-align-left","21":"ast-product-gallery-layout-horizontal","22":"ast-product-gallery-with-no-image","23":"ast-product-single-variable","24":"ast-product-tabs-layout-horizontal","25":"ast-qv-on-image","27":"first","28":"instock","29":"shipping-taxable","30":"purchasable","31":"product-type-variable"},"yoast_head":"<!-- This site is optimized with the Yoast SEO plugin v25.9 - https:\/\/yoast.com\/wordpress\/plugins\/seo\/ -->\n<title>Isotonitazene for Sale - Order Isotonitazene Online | LegitGrams<\/title>\n<meta name=\"description\" content=\"You can get in touch with our Legitgrams store and buy Isotonitazen online. We have Isotonitazen for sale at cheap prices. Get yours at your place right away!\" \/>\n<meta name=\"robots\" content=\"index, follow, max-snippet:-1, max-image-preview:large, max-video-preview:-1\" \/>\n<link rel=\"canonical\" href=\"https:\/\/legitgrams.com\/es\/producto\/isotonitazeno\/\" \/>\n<meta property=\"og:locale\" content=\"es_ES\" \/>\n<meta property=\"og:type\" content=\"article\" \/>\n<meta property=\"og:title\" content=\"Isotonitazene for Sale - Order Isotonitazene Online | LegitGrams\" \/>\n<meta property=\"og:description\" content=\"You can get in touch with our Legitgrams store and buy Isotonitazen online. We have Isotonitazen for sale at cheap prices. Get yours at your place right away!\" \/>\n<meta property=\"og:url\" content=\"https:\/\/legitgrams.com\/es\/producto\/isotonitazeno\/\" \/>\n<meta property=\"og:site_name\" content=\"Legit Grams\" \/>\n<meta property=\"article:modified_time\" content=\"2025-03-08T06:04:40+00:00\" \/>\n<meta property=\"og:image\" content=\"https:\/\/legitgrams.com\/wp-content\/uploads\/2024\/08\/Isotonitazene.gif\" \/>\n\t<meta property=\"og:image:width\" content=\"600\" \/>\n\t<meta property=\"og:image:height\" content=\"600\" \/>\n\t<meta property=\"og:image:type\" content=\"image\/gif\" \/>\n<meta name=\"twitter:card\" content=\"summary_large_image\" \/>\n<meta name=\"twitter:label1\" content=\"Tiempo de lectura\" \/>\n\t<meta name=\"twitter:data1\" content=\"2 minutos\" \/>\n<script type=\"application\/ld+json\" class=\"yoast-schema-graph\">{\"@context\":\"https:\/\/schema.org\",\"@graph\":[{\"@type\":\"WebPage\",\"@id\":\"https:\/\/legitgrams.com\/product\/isotonitazene\/\",\"url\":\"https:\/\/legitgrams.com\/product\/isotonitazene\/\",\"name\":\"Isotonitazene for Sale - Order Isotonitazene Online | LegitGrams\",\"isPartOf\":{\"@id\":\"https:\/\/legitgrams.com\/#website\"},\"primaryImageOfPage\":{\"@id\":\"https:\/\/legitgrams.com\/product\/isotonitazene\/#primaryimage\"},\"image\":{\"@id\":\"https:\/\/legitgrams.com\/product\/isotonitazene\/#primaryimage\"},\"thumbnailUrl\":\"https:\/\/legitgrams.com\/wp-content\/uploads\/2024\/08\/Isotonitazene.gif\",\"datePublished\":\"2024-08-03T05:49:11+00:00\",\"dateModified\":\"2025-03-08T06:04:40+00:00\",\"description\":\"You can get in touch with our Legitgrams store and buy Isotonitazen online. We have Isotonitazen for sale at cheap prices. Get yours at your place right away!\",\"breadcrumb\":{\"@id\":\"https:\/\/legitgrams.com\/product\/isotonitazene\/#breadcrumb\"},\"inLanguage\":\"es\",\"potentialAction\":[{\"@type\":\"ReadAction\",\"target\":[\"https:\/\/legitgrams.com\/product\/isotonitazene\/\"]}]},{\"@type\":\"ImageObject\",\"inLanguage\":\"es\",\"@id\":\"https:\/\/legitgrams.com\/product\/isotonitazene\/#primaryimage\",\"url\":\"https:\/\/legitgrams.com\/wp-content\/uploads\/2024\/08\/Isotonitazene.gif\",\"contentUrl\":\"https:\/\/legitgrams.com\/wp-content\/uploads\/2024\/08\/Isotonitazene.gif\",\"width\":600,\"height\":600,\"caption\":\"Isotonitazene for Sale\"},{\"@type\":\"BreadcrumbList\",\"@id\":\"https:\/\/legitgrams.com\/product\/isotonitazene\/#breadcrumb\",\"itemListElement\":[{\"@type\":\"ListItem\",\"position\":1,\"name\":\"Home\",\"item\":\"https:\/\/legitgrams.com\/\"},{\"@type\":\"ListItem\",\"position\":2,\"name\":\"Shop\",\"item\":\"https:\/\/legitgrams.com\/shop\/\"},{\"@type\":\"ListItem\",\"position\":3,\"name\":\"Buy Isotonitazene Online\"}]},{\"@type\":\"WebSite\",\"@id\":\"https:\/\/legitgrams.com\/#website\",\"url\":\"https:\/\/legitgrams.com\/\",\"name\":\"Legit Grams\",\"description\":\"My WordPress Blog\",\"publisher\":{\"@id\":\"https:\/\/legitgrams.com\/#organization\"},\"potentialAction\":[{\"@type\":\"SearchAction\",\"target\":{\"@type\":\"EntryPoint\",\"urlTemplate\":\"https:\/\/legitgrams.com\/?s={search_term_string}\"},\"query-input\":{\"@type\":\"PropertyValueSpecification\",\"valueRequired\":true,\"valueName\":\"search_term_string\"}}],\"inLanguage\":\"es\"},{\"@type\":\"Organization\",\"@id\":\"https:\/\/legitgrams.com\/#organization\",\"name\":\"Legit Grams\",\"url\":\"https:\/\/legitgrams.com\/\",\"logo\":{\"@type\":\"ImageObject\",\"inLanguage\":\"es\",\"@id\":\"https:\/\/legitgrams.com\/#\/schema\/logo\/image\/\",\"url\":\"https:\/\/legitgrams.com\/wp-content\/uploads\/2024\/09\/main-logo.png\",\"contentUrl\":\"https:\/\/legitgrams.com\/wp-content\/uploads\/2024\/09\/main-logo.png\",\"width\":270,\"height\":75,\"caption\":\"Legit Grams\"},\"image\":{\"@id\":\"https:\/\/legitgrams.com\/#\/schema\/logo\/image\/\"}}]}<\/script>\n<!-- \/ Yoast SEO plugin. -->","yoast_head_json":{"title":"Isotonitazene for Sale - Order Isotonitazene Online | LegitGrams","description":"Puede ponerse en contacto con nuestra tienda Legitgrams y comprar Isotonitazen en l\u00ednea. Tenemos Isotonitazen a la venta a precios baratos. \u00a1Obtenga el suyo en su lugar de inmediato!","robots":{"index":"index","follow":"follow","max-snippet":"max-snippet:-1","max-image-preview":"max-image-preview:large","max-video-preview":"max-video-preview:-1"},"canonical":"https:\/\/legitgrams.com\/es\/producto\/isotonitazeno\/","og_locale":"es_ES","og_type":"article","og_title":"Isotonitazene for Sale - Order Isotonitazene Online | LegitGrams","og_description":"You can get in touch with our Legitgrams store and buy Isotonitazen online. We have Isotonitazen for sale at cheap prices. Get yours at your place right away!","og_url":"https:\/\/legitgrams.com\/es\/producto\/isotonitazeno\/","og_site_name":"Legit Grams","article_modified_time":"2025-03-08T06:04:40+00:00","og_image":[{"width":600,"height":600,"url":"https:\/\/legitgrams.com\/wp-content\/uploads\/2024\/08\/Isotonitazene.gif","type":"image\/gif"}],"twitter_card":"summary_large_image","twitter_misc":{"Tiempo de lectura":"2 minutos"},"schema":{"@context":"https:\/\/schema.org","@graph":[{"@type":"WebPage","@id":"https:\/\/legitgrams.com\/product\/isotonitazene\/","url":"https:\/\/legitgrams.com\/product\/isotonitazene\/","name":"Isotonitazene for Sale - Order Isotonitazene Online | LegitGrams","isPartOf":{"@id":"https:\/\/legitgrams.com\/#website"},"primaryImageOfPage":{"@id":"https:\/\/legitgrams.com\/product\/isotonitazene\/#primaryimage"},"image":{"@id":"https:\/\/legitgrams.com\/product\/isotonitazene\/#primaryimage"},"thumbnailUrl":"https:\/\/legitgrams.com\/wp-content\/uploads\/2024\/08\/Isotonitazene.gif","datePublished":"2024-08-03T05:49:11+00:00","dateModified":"2025-03-08T06:04:40+00:00","description":"Puede ponerse en contacto con nuestra tienda Legitgrams y comprar Isotonitazen en l\u00ednea. Tenemos Isotonitazen a la venta a precios baratos. \u00a1Obtenga el suyo en su lugar de inmediato!","breadcrumb":{"@id":"https:\/\/legitgrams.com\/product\/isotonitazene\/#breadcrumb"},"inLanguage":"es","potentialAction":[{"@type":"ReadAction","target":["https:\/\/legitgrams.com\/product\/isotonitazene\/"]}]},{"@type":"ImageObject","inLanguage":"es","@id":"https:\/\/legitgrams.com\/product\/isotonitazene\/#primaryimage","url":"https:\/\/legitgrams.com\/wp-content\/uploads\/2024\/08\/Isotonitazene.gif","contentUrl":"https:\/\/legitgrams.com\/wp-content\/uploads\/2024\/08\/Isotonitazene.gif","width":600,"height":600,"caption":"Isotonitazene for Sale"},{"@type":"BreadcrumbList","@id":"https:\/\/legitgrams.com\/product\/isotonitazene\/#breadcrumb","itemListElement":[{"@type":"ListItem","position":1,"name":"Home","item":"https:\/\/legitgrams.com\/"},{"@type":"ListItem","position":2,"name":"Shop","item":"https:\/\/legitgrams.com\/shop\/"},{"@type":"ListItem","position":3,"name":"Buy Isotonitazene Online"}]},{"@type":"WebSite","@id":"https:\/\/legitgrams.com\/#website","url":"https:\/\/legitgrams.com\/","name":"Gramos leg\u00edtimos","description":"Mi blog de WordPress","publisher":{"@id":"https:\/\/legitgrams.com\/#organization"},"potentialAction":[{"@type":"SearchAction","target":{"@type":"EntryPoint","urlTemplate":"https:\/\/legitgrams.com\/?s={search_term_string}"},"query-input":{"@type":"PropertyValueSpecification","valueRequired":true,"valueName":"search_term_string"}}],"inLanguage":"es"},{"@type":"Organization","@id":"https:\/\/legitgrams.com\/#organization","name":"Gramos leg\u00edtimos","url":"https:\/\/legitgrams.com\/","logo":{"@type":"ImageObject","inLanguage":"es","@id":"https:\/\/legitgrams.com\/#\/schema\/logo\/image\/","url":"https:\/\/legitgrams.com\/wp-content\/uploads\/2024\/09\/main-logo.png","contentUrl":"https:\/\/legitgrams.com\/wp-content\/uploads\/2024\/09\/main-logo.png","width":270,"height":75,"caption":"Legit Grams"},"image":{"@id":"https:\/\/legitgrams.com\/#\/schema\/logo\/image\/"}}]}},"uagb_featured_image_src":{"full":["https:\/\/legitgrams.com\/wp-content\/uploads\/2024\/08\/Isotonitazene.gif",600,600,false],"thumbnail":["https:\/\/legitgrams.com\/wp-content\/uploads\/2024\/08\/Isotonitazene-150x150.gif",150,150,true],"medium":["https:\/\/legitgrams.com\/wp-content\/uploads\/2024\/08\/Isotonitazene-300x300.gif",300,300,true],"medium_large":["https:\/\/legitgrams.com\/wp-content\/uploads\/2024\/08\/Isotonitazene.gif",600,600,false],"large":["https:\/\/legitgrams.com\/wp-content\/uploads\/2024\/08\/Isotonitazene.gif",600,600,false],"1536x1536":["https:\/\/legitgrams.com\/wp-content\/uploads\/2024\/08\/Isotonitazene.gif",600,600,false],"2048x2048":["https:\/\/legitgrams.com\/wp-content\/uploads\/2024\/08\/Isotonitazene.gif",600,600,false],"trp-custom-language-flag":["https:\/\/legitgrams.com\/wp-content\/uploads\/2024\/08\/Isotonitazene-12x12.gif",12,12,true],"woocommerce_thumbnail":["https:\/\/legitgrams.com\/wp-content\/uploads\/2024\/08\/Isotonitazene-300x300.gif",300,300,true],"woocommerce_single":["https:\/\/legitgrams.com\/wp-content\/uploads\/2024\/08\/Isotonitazene.gif",600,600,false],"woocommerce_gallery_thumbnail":["https:\/\/legitgrams.com\/wp-content\/uploads\/2024\/08\/Isotonitazene-100x100.gif",100,100,true]},"uagb_author_info":{"display_name":"cokeblog18","author_link":"https:\/\/legitgrams.com\/es\/author\/"},"uagb_comment_info":0,"uagb_excerpt":"Purchase Online Isotonitazene Buy Isotonitazene is a special drug that isn&#8217;t yet illegal. However, the number of fatalities has increased. Many deaths in the United States have been linked to a new, legal synthetic opioid that is equally deadly as fentanyl. The discovery of isotonitazene in North America&#8217;s food chain seems to confirm concerns raised&hellip;","_links":{"self":[{"href":"https:\/\/legitgrams.com\/es\/wp-json\/wp\/v2\/product\/3313","targetHints":{"allow":["GET"]}}],"collection":[{"href":"https:\/\/legitgrams.com\/es\/wp-json\/wp\/v2\/product"}],"about":[{"href":"https:\/\/legitgrams.com\/es\/wp-json\/wp\/v2\/types\/product"}],"replies":[{"embeddable":true,"href":"https:\/\/legitgrams.com\/es\/wp-json\/wp\/v2\/comments?post=3313"}],"wp:featuredmedia":[{"embeddable":true,"href":"https:\/\/legitgrams.com\/es\/wp-json\/wp\/v2\/media\/3322"}],"wp:attachment":[{"href":"https:\/\/legitgrams.com\/es\/wp-json\/wp\/v2\/media?parent=3313"}],"wp:term":[{"taxonomy":"product_brand","embeddable":true,"href":"https:\/\/legitgrams.com\/es\/wp-json\/wp\/v2\/product_brand?post=3313"},{"taxonomy":"product_cat","embeddable":true,"href":"https:\/\/legitgrams.com\/es\/wp-json\/wp\/v2\/product_cat?post=3313"},{"taxonomy":"product_tag","embeddable":true,"href":"https:\/\/legitgrams.com\/es\/wp-json\/wp\/v2\/product_tag?post=3313"}],"curies":[{"name":"wp","href":"https:\/\/api.w.org\/{rel}","templated":true}]}}