{"id":3645,"date":"2024-09-19T09:23:16","date_gmt":"2024-09-19T09:23:16","guid":{"rendered":"https:\/\/legitgrams.com\/?post_type=product&#038;p=3645"},"modified":"2025-01-13T08:11:06","modified_gmt":"2025-01-13T08:11:06","slug":"ak-47-variedad-de-marihuana-sativa","status":"publish","type":"product","link":"https:\/\/legitgrams.com\/es\/producto\/ak-47-variedad-de-marihuana-sativa\/","title":{"rendered":"AK-47 Variedad de Marihuana Sativa"},"content":{"rendered":"<h2>En venta: variedad de cannabis sativa AK-47<\/h2>\n<p>En <a href=\"https:\/\/legitgrams.com\/es\/producto\/ak-47-variedad-de-marihuana-sativa\/\">AK-47 Cannabis<\/a> Es un h\u00edbrido, compuesto por un 35 % de h\u00edbrido y un 65 % de sativa. Los efectos de la \u00edndica son 1 % de CBN, 1 % de THC y 1 % de CBD.<\/p>\n<p>Sabores creativos, vigorizantes, alegres, pueden ayudar con el dolor cr\u00f3nico, depresi\u00f3n, trastorno de estr\u00e9s postraum\u00e1tico, trastorno bipolar, dolores de cabeza, insomnio, p\u00e9rdida de apetito y estr\u00e9s.<br \/>\nAromas dulces, a mofeta y amaderados.<br \/>\nSkunky, picante, terroso, especiado y agrio.<br \/>\nComprar cepa de marihuana AK-47 Sativa en l\u00ednea: Comprar marihuana sativa, Comprar cepa de marihuana AK-47 Sativa, Comprar cepa de marihuana sativa en l\u00ednea, D\u00f3nde comprar cepa de marihuana AK-47 Sativa, <a href=\"https:\/\/en.wikipedia.org\/wiki\/AK-47\">AK-47<\/a> Cepa de marihuana sativa a la venta, compra de marihuana sativa en l\u00ednea, d\u00f3nde comprar la cepa de marihuana sativa AK-47. Compras en l\u00ednea, vendedores, entrega segura. La cepa AK-47 de Cannabis Sativa a\u00fan est\u00e1 disponible.<\/p>\n<p>\u00bfEs legal comprar la variedad de marihuana AK-47 Sativa en Estados Unidos? \u00bfC\u00f3mo se puede pedir la variedad de marihuana AK-47 Sativa? \u00bfEs legal comprar la variedad de marihuana AK-47 Sativa en Canad\u00e1? <a href=\"https:\/\/legitgrams.com\/es\/\">LegitGrams<\/a><\/p>\n<p>&nbsp;<\/p>","protected":false},"excerpt":{"rendered":"<p>For Sale: AK-47 Cannabis Sativa Strain The AK-47 Cannabis is a hybrid, consisting of 35% hybrid and 65% sativa. The effects of indica are 1% for CBN, 1% for THC, and 1% for CBD. creative, invigorating, joyful, may help with chronic pain, depression, PTSD, bipolar disorder, headaches, sleeplessness, appetite loss, and stress flavors. Sweet, skunky, &hellip;<\/p>\n<p class=\"read-more\"> <a class=\"\" href=\"https:\/\/legitgrams.com\/es\/producto\/ak-47-variedad-de-marihuana-sativa\/\"> <span class=\"screen-reader-text\">AK-47 Variedad de Marihuana Sativa<\/span> Leer m\u00e1s \"<\/a><\/p>","protected":false},"featured_media":5395,"comment_status":"open","ping_status":"closed","template":"","meta":{"_uag_custom_page_level_css":"","site-sidebar-layout":"default","site-content-layout":"default","ast-global-header-display":"","ast-main-header-display":"","ast-hfb-above-header-display":"","ast-hfb-below-header-display":"","ast-hfb-mobile-header-display":"","site-post-title":"","ast-breadcrumbs-content":"","ast-featured-img":"","footer-sml-layout":"","theme-transparent-header-meta":"default","adv-header-id-meta":"","stick-header-meta":"default","header-above-stick-meta":"","header-main-stick-meta":"","header-below-stick-meta":"","_joinchat":[]},"product_brand":[],"product_cat":[607],"product_tag":[5618,5622,5621,5629,5620,5630,5632,5639,5640,5638,5635,5637,5627,617,5619,5634,5631,5626,5624,5636,5633,625,5625,5628,5623],"class_list":{"0":"post-3645","1":"product","2":"type-product","3":"status-publish","4":"has-post-thumbnail","6":"product_cat-marijuana-cannabis","7":"product_tag-ak-47-marijuana-sativa-strain","8":"product_tag-ak-47-marijuana-sativa-strain-ak-47-marijuana-sativa-strain-supplier","9":"product_tag-ak-47-marijuana-sativa-strain-for-sale","10":"product_tag-ak-47-marijuana-sativa-strain-legally","11":"product_tag-ak-47-marijuana-sativa-strain-online","12":"product_tag-ak-47-marijuana-sativa-strain-price","13":"product_tag-ak-47-marijuana-sativa-strain-store","14":"product_tag-ak-47-marijuana-sativa-strain-use","15":"product_tag-ak-47-marijuana-sativa-strain-wiki","16":"product_tag-ak-47-marijuana-sativa-strain-worldwide","17":"product_tag-ak-47-marijuana-sativa-strains","18":"product_tag-best-cheap-price-ak-47-marijuana-sativa-strain","19":"product_tag-best-place-to-buy-ak-47-marijuana-sativa-strain","20":"product_tag-bulk-online","21":"product_tag-buy-ak-47-marijuana-sativa-strain","22":"product_tag-cheap-ak-47-marijuana-sativa-strain","23":"product_tag-high-quality-ak-47-marijuana-sativa-strain","24":"product_tag-how-to-buy-ak-47-marijuana-sativa-strain","25":"product_tag-order-ak-47-marijuana-sativa-strain","26":"product_tag-purcharse-ak-47-marijuana-sativa-strain","27":"product_tag-shop-ak-47-marijuana-sativa-strain","28":"product_tag-top-quality","29":"product_tag-where-to-buy-ak-47-marijuana-sativa-strain","30":"product_tag-where-to-order-ak-47-marijuana-sativa-strain","31":"product_tag-wholesale-ak-47-marijuana-sativa-strain","32":"desktop-align-left","33":"tablet-align-left","34":"mobile-align-left","35":"ast-product-gallery-layout-horizontal","36":"ast-product-gallery-with-no-image","37":"ast-product-single-variable","38":"ast-product-tabs-layout-horizontal","39":"ast-qv-on-image","41":"first","42":"instock","43":"shipping-taxable","44":"purchasable","45":"product-type-variable"},"yoast_head":"<!-- This site is optimized with the Yoast SEO plugin v25.9 - https:\/\/yoast.com\/wordpress\/plugins\/seo\/ -->\n<title>AK-47 for Sale - Order AK-47 Marijuana Sativa Strain Online<\/title>\n<meta name=\"description\" content=\"If you are passionate about AK-47 marijuana, then our store is the best place to buy AK-47 online. You can have AK-47 marijuana strain for sale at lowest price. Order now and receive it shortly!\" \/>\n<meta name=\"robots\" content=\"index, follow, max-snippet:-1, max-image-preview:large, max-video-preview:-1\" \/>\n<link rel=\"canonical\" href=\"https:\/\/legitgrams.com\/es\/producto\/ak-47-variedad-de-marihuana-sativa\/\" \/>\n<meta property=\"og:locale\" content=\"es_ES\" \/>\n<meta property=\"og:type\" content=\"article\" \/>\n<meta property=\"og:title\" content=\"AK-47 for Sale - Order AK-47 Marijuana Sativa Strain Online\" \/>\n<meta property=\"og:description\" content=\"If you are passionate about AK-47 marijuana, then our store is the best place to buy AK-47 online. You can have AK-47 marijuana strain for sale at lowest price. Order now and receive it shortly!\" \/>\n<meta property=\"og:url\" content=\"https:\/\/legitgrams.com\/es\/producto\/ak-47-variedad-de-marihuana-sativa\/\" \/>\n<meta property=\"og:site_name\" content=\"Legit Grams\" \/>\n<meta property=\"article:modified_time\" content=\"2025-01-13T08:11:06+00:00\" \/>\n<meta property=\"og:image\" content=\"https:\/\/legitgrams.com\/wp-content\/uploads\/2024\/09\/Buy-AK-47-Marijuana-Sativa-Strain-online.jpg\" \/>\n\t<meta property=\"og:image:width\" content=\"600\" \/>\n\t<meta property=\"og:image:height\" content=\"600\" \/>\n\t<meta property=\"og:image:type\" content=\"image\/jpeg\" \/>\n<meta name=\"twitter:card\" content=\"summary_large_image\" \/>\n<meta name=\"twitter:label1\" content=\"Tiempo de lectura\" \/>\n\t<meta name=\"twitter:data1\" content=\"1 minuto\" \/>\n<script type=\"application\/ld+json\" class=\"yoast-schema-graph\">{\"@context\":\"https:\/\/schema.org\",\"@graph\":[{\"@type\":\"WebPage\",\"@id\":\"https:\/\/legitgrams.com\/product\/ak-47-marijuana-sativa-strain\/\",\"url\":\"https:\/\/legitgrams.com\/product\/ak-47-marijuana-sativa-strain\/\",\"name\":\"AK-47 for Sale - Order AK-47 Marijuana Sativa Strain Online\",\"isPartOf\":{\"@id\":\"https:\/\/legitgrams.com\/#website\"},\"primaryImageOfPage\":{\"@id\":\"https:\/\/legitgrams.com\/product\/ak-47-marijuana-sativa-strain\/#primaryimage\"},\"image\":{\"@id\":\"https:\/\/legitgrams.com\/product\/ak-47-marijuana-sativa-strain\/#primaryimage\"},\"thumbnailUrl\":\"https:\/\/legitgrams.com\/wp-content\/uploads\/2024\/09\/Buy-AK-47-Marijuana-Sativa-Strain-online.jpg\",\"datePublished\":\"2024-09-19T09:23:16+00:00\",\"dateModified\":\"2025-01-13T08:11:06+00:00\",\"description\":\"If you are passionate about AK-47 marijuana, then our store is the best place to buy AK-47 online. You can have AK-47 marijuana strain for sale at lowest price. Order now and receive it shortly!\",\"breadcrumb\":{\"@id\":\"https:\/\/legitgrams.com\/product\/ak-47-marijuana-sativa-strain\/#breadcrumb\"},\"inLanguage\":\"es\",\"potentialAction\":[{\"@type\":\"ReadAction\",\"target\":[\"https:\/\/legitgrams.com\/product\/ak-47-marijuana-sativa-strain\/\"]}]},{\"@type\":\"ImageObject\",\"inLanguage\":\"es\",\"@id\":\"https:\/\/legitgrams.com\/product\/ak-47-marijuana-sativa-strain\/#primaryimage\",\"url\":\"https:\/\/legitgrams.com\/wp-content\/uploads\/2024\/09\/Buy-AK-47-Marijuana-Sativa-Strain-online.jpg\",\"contentUrl\":\"https:\/\/legitgrams.com\/wp-content\/uploads\/2024\/09\/Buy-AK-47-Marijuana-Sativa-Strain-online.jpg\",\"width\":600,\"height\":600,\"caption\":\"AK-47 Marijuana Sativa Strain for Sale\"},{\"@type\":\"BreadcrumbList\",\"@id\":\"https:\/\/legitgrams.com\/product\/ak-47-marijuana-sativa-strain\/#breadcrumb\",\"itemListElement\":[{\"@type\":\"ListItem\",\"position\":1,\"name\":\"Home\",\"item\":\"https:\/\/legitgrams.com\/\"},{\"@type\":\"ListItem\",\"position\":2,\"name\":\"Shop\",\"item\":\"https:\/\/legitgrams.com\/shop\/\"},{\"@type\":\"ListItem\",\"position\":3,\"name\":\"AK-47 Marijuana Sativa Strain\"}]},{\"@type\":\"WebSite\",\"@id\":\"https:\/\/legitgrams.com\/#website\",\"url\":\"https:\/\/legitgrams.com\/\",\"name\":\"Legit Grams\",\"description\":\"My WordPress Blog\",\"publisher\":{\"@id\":\"https:\/\/legitgrams.com\/#organization\"},\"potentialAction\":[{\"@type\":\"SearchAction\",\"target\":{\"@type\":\"EntryPoint\",\"urlTemplate\":\"https:\/\/legitgrams.com\/?s={search_term_string}\"},\"query-input\":{\"@type\":\"PropertyValueSpecification\",\"valueRequired\":true,\"valueName\":\"search_term_string\"}}],\"inLanguage\":\"es\"},{\"@type\":\"Organization\",\"@id\":\"https:\/\/legitgrams.com\/#organization\",\"name\":\"Legit Grams\",\"url\":\"https:\/\/legitgrams.com\/\",\"logo\":{\"@type\":\"ImageObject\",\"inLanguage\":\"es\",\"@id\":\"https:\/\/legitgrams.com\/#\/schema\/logo\/image\/\",\"url\":\"https:\/\/legitgrams.com\/wp-content\/uploads\/2024\/09\/main-logo.png\",\"contentUrl\":\"https:\/\/legitgrams.com\/wp-content\/uploads\/2024\/09\/main-logo.png\",\"width\":270,\"height\":75,\"caption\":\"Legit Grams\"},\"image\":{\"@id\":\"https:\/\/legitgrams.com\/#\/schema\/logo\/image\/\"}}]}<\/script>\n<!-- \/ Yoast SEO plugin. -->","yoast_head_json":{"title":"AK-47 a la venta - Orden AK-47 Marihuana Sativa cepa en l\u00ednea","description":"Si usted es un apasionado de la marihuana AK-47, entonces nuestra tienda es el mejor lugar para comprar AK-47 en l\u00ednea. Usted puede tener AK-47 cepa de marihuana a la venta al precio m\u00e1s bajo. \u00a1Haz tu pedido ahora y rec\u00edbelo en breve!","robots":{"index":"index","follow":"follow","max-snippet":"max-snippet:-1","max-image-preview":"max-image-preview:large","max-video-preview":"max-video-preview:-1"},"canonical":"https:\/\/legitgrams.com\/es\/producto\/ak-47-variedad-de-marihuana-sativa\/","og_locale":"es_ES","og_type":"article","og_title":"AK-47 for Sale - Order AK-47 Marijuana Sativa Strain Online","og_description":"If you are passionate about AK-47 marijuana, then our store is the best place to buy AK-47 online. You can have AK-47 marijuana strain for sale at lowest price. Order now and receive it shortly!","og_url":"https:\/\/legitgrams.com\/es\/producto\/ak-47-variedad-de-marihuana-sativa\/","og_site_name":"Legit Grams","article_modified_time":"2025-01-13T08:11:06+00:00","og_image":[{"width":600,"height":600,"url":"https:\/\/legitgrams.com\/wp-content\/uploads\/2024\/09\/Buy-AK-47-Marijuana-Sativa-Strain-online.jpg","type":"image\/jpeg"}],"twitter_card":"summary_large_image","twitter_misc":{"Tiempo de lectura":"1 minuto"},"schema":{"@context":"https:\/\/schema.org","@graph":[{"@type":"WebPage","@id":"https:\/\/legitgrams.com\/product\/ak-47-marijuana-sativa-strain\/","url":"https:\/\/legitgrams.com\/product\/ak-47-marijuana-sativa-strain\/","name":"AK-47 a la venta - Orden AK-47 Marihuana Sativa cepa en l\u00ednea","isPartOf":{"@id":"https:\/\/legitgrams.com\/#website"},"primaryImageOfPage":{"@id":"https:\/\/legitgrams.com\/product\/ak-47-marijuana-sativa-strain\/#primaryimage"},"image":{"@id":"https:\/\/legitgrams.com\/product\/ak-47-marijuana-sativa-strain\/#primaryimage"},"thumbnailUrl":"https:\/\/legitgrams.com\/wp-content\/uploads\/2024\/09\/Buy-AK-47-Marijuana-Sativa-Strain-online.jpg","datePublished":"2024-09-19T09:23:16+00:00","dateModified":"2025-01-13T08:11:06+00:00","description":"Si usted es un apasionado de la marihuana AK-47, entonces nuestra tienda es el mejor lugar para comprar AK-47 en l\u00ednea. Usted puede tener AK-47 cepa de marihuana a la venta al precio m\u00e1s bajo. \u00a1Haz tu pedido ahora y rec\u00edbelo en breve!","breadcrumb":{"@id":"https:\/\/legitgrams.com\/product\/ak-47-marijuana-sativa-strain\/#breadcrumb"},"inLanguage":"es","potentialAction":[{"@type":"ReadAction","target":["https:\/\/legitgrams.com\/product\/ak-47-marijuana-sativa-strain\/"]}]},{"@type":"ImageObject","inLanguage":"es","@id":"https:\/\/legitgrams.com\/product\/ak-47-marijuana-sativa-strain\/#primaryimage","url":"https:\/\/legitgrams.com\/wp-content\/uploads\/2024\/09\/Buy-AK-47-Marijuana-Sativa-Strain-online.jpg","contentUrl":"https:\/\/legitgrams.com\/wp-content\/uploads\/2024\/09\/Buy-AK-47-Marijuana-Sativa-Strain-online.jpg","width":600,"height":600,"caption":"AK-47 Marijuana Sativa Strain for Sale"},{"@type":"BreadcrumbList","@id":"https:\/\/legitgrams.com\/product\/ak-47-marijuana-sativa-strain\/#breadcrumb","itemListElement":[{"@type":"ListItem","position":1,"name":"Home","item":"https:\/\/legitgrams.com\/"},{"@type":"ListItem","position":2,"name":"Shop","item":"https:\/\/legitgrams.com\/shop\/"},{"@type":"ListItem","position":3,"name":"AK-47 Marijuana Sativa Strain"}]},{"@type":"WebSite","@id":"https:\/\/legitgrams.com\/#website","url":"https:\/\/legitgrams.com\/","name":"Gramos leg\u00edtimos","description":"Mi blog de WordPress","publisher":{"@id":"https:\/\/legitgrams.com\/#organization"},"potentialAction":[{"@type":"SearchAction","target":{"@type":"EntryPoint","urlTemplate":"https:\/\/legitgrams.com\/?s={search_term_string}"},"query-input":{"@type":"PropertyValueSpecification","valueRequired":true,"valueName":"search_term_string"}}],"inLanguage":"es"},{"@type":"Organization","@id":"https:\/\/legitgrams.com\/#organization","name":"Gramos leg\u00edtimos","url":"https:\/\/legitgrams.com\/","logo":{"@type":"ImageObject","inLanguage":"es","@id":"https:\/\/legitgrams.com\/#\/schema\/logo\/image\/","url":"https:\/\/legitgrams.com\/wp-content\/uploads\/2024\/09\/main-logo.png","contentUrl":"https:\/\/legitgrams.com\/wp-content\/uploads\/2024\/09\/main-logo.png","width":270,"height":75,"caption":"Legit Grams"},"image":{"@id":"https:\/\/legitgrams.com\/#\/schema\/logo\/image\/"}}]}},"uagb_featured_image_src":{"full":["https:\/\/legitgrams.com\/wp-content\/uploads\/2024\/09\/Buy-AK-47-Marijuana-Sativa-Strain-online.jpg",600,600,false],"thumbnail":["https:\/\/legitgrams.com\/wp-content\/uploads\/2024\/09\/Buy-AK-47-Marijuana-Sativa-Strain-online-150x150.jpg",150,150,true],"medium":["https:\/\/legitgrams.com\/wp-content\/uploads\/2024\/09\/Buy-AK-47-Marijuana-Sativa-Strain-online-300x300.jpg",300,300,true],"medium_large":["https:\/\/legitgrams.com\/wp-content\/uploads\/2024\/09\/Buy-AK-47-Marijuana-Sativa-Strain-online.jpg",600,600,false],"large":["https:\/\/legitgrams.com\/wp-content\/uploads\/2024\/09\/Buy-AK-47-Marijuana-Sativa-Strain-online.jpg",600,600,false],"1536x1536":["https:\/\/legitgrams.com\/wp-content\/uploads\/2024\/09\/Buy-AK-47-Marijuana-Sativa-Strain-online.jpg",600,600,false],"2048x2048":["https:\/\/legitgrams.com\/wp-content\/uploads\/2024\/09\/Buy-AK-47-Marijuana-Sativa-Strain-online.jpg",600,600,false],"trp-custom-language-flag":["https:\/\/legitgrams.com\/wp-content\/uploads\/2024\/09\/Buy-AK-47-Marijuana-Sativa-Strain-online-12x12.jpg",12,12,true],"woocommerce_thumbnail":["https:\/\/legitgrams.com\/wp-content\/uploads\/2024\/09\/Buy-AK-47-Marijuana-Sativa-Strain-online-300x300.jpg",300,300,true],"woocommerce_single":["https:\/\/legitgrams.com\/wp-content\/uploads\/2024\/09\/Buy-AK-47-Marijuana-Sativa-Strain-online.jpg",600,600,false],"woocommerce_gallery_thumbnail":["https:\/\/legitgrams.com\/wp-content\/uploads\/2024\/09\/Buy-AK-47-Marijuana-Sativa-Strain-online-100x100.jpg",100,100,true]},"uagb_author_info":{"display_name":"cokeblog18","author_link":"https:\/\/legitgrams.com\/es\/author\/"},"uagb_comment_info":0,"uagb_excerpt":"For Sale: AK-47 Cannabis Sativa Strain The AK-47 Cannabis is a hybrid, consisting of 35% hybrid and 65% sativa. The effects of indica are 1% for CBN, 1% for THC, and 1% for CBD. creative, invigorating, joyful, may help with chronic pain, depression, PTSD, bipolar disorder, headaches, sleeplessness, appetite loss, and stress flavors. Sweet, skunky,&hellip;","_links":{"self":[{"href":"https:\/\/legitgrams.com\/es\/wp-json\/wp\/v2\/product\/3645","targetHints":{"allow":["GET"]}}],"collection":[{"href":"https:\/\/legitgrams.com\/es\/wp-json\/wp\/v2\/product"}],"about":[{"href":"https:\/\/legitgrams.com\/es\/wp-json\/wp\/v2\/types\/product"}],"replies":[{"embeddable":true,"href":"https:\/\/legitgrams.com\/es\/wp-json\/wp\/v2\/comments?post=3645"}],"wp:featuredmedia":[{"embeddable":true,"href":"https:\/\/legitgrams.com\/es\/wp-json\/wp\/v2\/media\/5395"}],"wp:attachment":[{"href":"https:\/\/legitgrams.com\/es\/wp-json\/wp\/v2\/media?parent=3645"}],"wp:term":[{"taxonomy":"product_brand","embeddable":true,"href":"https:\/\/legitgrams.com\/es\/wp-json\/wp\/v2\/product_brand?post=3645"},{"taxonomy":"product_cat","embeddable":true,"href":"https:\/\/legitgrams.com\/es\/wp-json\/wp\/v2\/product_cat?post=3645"},{"taxonomy":"product_tag","embeddable":true,"href":"https:\/\/legitgrams.com\/es\/wp-json\/wp\/v2\/product_tag?post=3645"}],"curies":[{"name":"wp","href":"https:\/\/api.w.org\/{rel}","templated":true}]}}