{"id":3682,"date":"2024-09-19T10:21:02","date_gmt":"2024-09-19T10:21:02","guid":{"rendered":"https:\/\/legitgrams.com\/?post_type=product&#038;p=3682"},"modified":"2025-01-13T10:12:22","modified_gmt":"2025-01-13T10:12:22","slug":"blue-dream-variedad-sativa","status":"publish","type":"product","link":"https:\/\/legitgrams.com\/es\/producto\/blue-dream-variedad-sativa\/","title":{"rendered":"Blue Dream Variedad Sativa"},"content":{"rendered":"<h2>En venta: cepa Blue Dream Sativa<br \/>\nBlue Dream Sativa se puede comprar online.<\/h2>\n<p>60% Sativa h\u00edbrida dominante 40% Indica sativa<br \/>\nTHC: 17%\u201324%, CBD: 2% y CBN: 1%<\/p>\n<p>Efectos Felicidad, optimismo, euforia y creatividad Ayuda en el tratamiento de la depresi\u00f3n, ansiedad, dolor cr\u00f3nico, trastorno bipolar, fatiga, dolores de cabeza e hiperactividad.<br \/>\nSabores<br \/>\nAromas dulces, afrutados, herbales, de vainilla, bayas y ar\u00e1ndanos.<br \/>\nTerroso, afrutado, dulce y vainilla. <a href=\"https:\/\/legitgrams.com\/es\/\">LegitGrams<\/a><\/p>\n<p>En l\u00ednea <a href=\"https:\/\/legitgrams.com\/es\/producto\/blue-dream-variedad-sativa\/\">Blue Dream Sativa<\/a> Compra: Compra de Sativa en l\u00ednea, Compra de Blue Dream Sativa en l\u00ednea, Compra de Blue Sativa en l\u00ednea Cepa Blue Dream Sativa en l\u00ednea, proveedores, entrega segura, d\u00f3nde comprar la cepa Blue Dream Sativa en l\u00ednea, Cepa Blue Dream Sativa a la venta en EE. UU., Canad\u00e1 y el Reino Unido. A\u00fan puedes conseguir la cepa Blue Dream Sativa. \u00bfEs posible comprar? <a href=\"https:\/\/en.wikipedia.org\/wiki\/Blue_Dream\">Sue\u00f1o azul<\/a> Sativa en l\u00ednea? \u00bfEs legal la variedad Blue Dream Sativa en Estados Unidos? \u00bfEs legal la variedad Blue Dream Sativa en Canad\u00e1?<\/p>","protected":false},"excerpt":{"rendered":"<p>For Sale: Blue Dream Sativa Strain Blue Dream Sativa can be bought online. 60% Dominant Sativa Hybrid 40% Indica Sativa THC: 17%\u201324%, CBD: 2%, and CBN: 1% Effects Happiness, optimism, euphoria, and creativity Aids in the treatment of depression, anxiety, chronic pain, bipolar disorder, fatigue, headaches, and hyperactivity Flavors Sweet, fruity, herbal, vanilla, berry, and &hellip;<\/p>\n<p class=\"read-more\"> <a class=\"\" href=\"https:\/\/legitgrams.com\/es\/producto\/blue-dream-variedad-sativa\/\"> <span class=\"screen-reader-text\">Blue Dream Variedad Sativa<\/span> Leer m\u00e1s \"<\/a><\/p>","protected":false},"featured_media":5399,"comment_status":"open","ping_status":"closed","template":"","meta":{"_uag_custom_page_level_css":"","site-sidebar-layout":"default","site-content-layout":"default","ast-global-header-display":"","ast-main-header-display":"","ast-hfb-above-header-display":"","ast-hfb-below-header-display":"","ast-hfb-mobile-header-display":"","site-post-title":"","ast-breadcrumbs-content":"","ast-featured-img":"","footer-sml-layout":"","theme-transparent-header-meta":"default","adv-header-id-meta":"","stick-header-meta":"default","header-above-stick-meta":"","header-main-stick-meta":"","header-below-stick-meta":"","_joinchat":[]},"product_brand":[],"product_cat":[607],"product_tag":[5545,5535,5526,5530,5529,5537,5528,5538,5540,5547,5548,5546,5543,617,5527,5542,5539,5534,5532,5544,5541,625,5533,5536,5531],"class_list":{"0":"post-3682","1":"product","2":"type-product","3":"status-publish","4":"has-post-thumbnail","6":"product_cat-marijuana-cannabis","7":"product_tag-best-cheap-price-blue-dream-sativa-strain","8":"product_tag-best-place-to-buy-blue-dream-sativa-strain","9":"product_tag-blue-dream-sativa-strain","10":"product_tag-blue-dream-sativa-strain-blue-dream-sativa-strain-supplier","11":"product_tag-blue-dream-sativa-strain-for-sale","12":"product_tag-blue-dream-sativa-strain-legally","13":"product_tag-blue-dream-sativa-strain-online","14":"product_tag-blue-dream-sativa-strain-price","15":"product_tag-blue-dream-sativa-strain-store","16":"product_tag-blue-dream-sativa-strain-use","17":"product_tag-blue-dream-sativa-strain-wiki","18":"product_tag-blue-dream-sativa-strain-worldwide","19":"product_tag-blue-dream-sativa-strains","20":"product_tag-bulk-online","21":"product_tag-buy-blue-dream-sativa-strain","22":"product_tag-cheap-blue-dream-sativa-strain","23":"product_tag-high-quality-blue-dream-sativa-strain","24":"product_tag-how-to-buy-blue-dream-sativa-strain","25":"product_tag-order-blue-dream-sativa-strain","26":"product_tag-purcharse-blue-dream-sativa-strain","27":"product_tag-shop-blue-dream-sativa-strain","28":"product_tag-top-quality","29":"product_tag-where-to-buy-blue-dream-sativa-strain","30":"product_tag-where-to-order-blue-dream-sativa-strain","31":"product_tag-wholesale-blue-dream-sativa-strain","32":"desktop-align-left","33":"tablet-align-left","34":"mobile-align-left","35":"ast-product-gallery-layout-horizontal","36":"ast-product-gallery-with-no-image","37":"ast-product-single-variable","38":"ast-product-tabs-layout-horizontal","39":"ast-qv-on-image","41":"first","42":"instock","43":"shipping-taxable","44":"purchasable","45":"product-type-variable"},"yoast_head":"<!-- This site is optimized with the Yoast SEO plugin v25.9 - https:\/\/yoast.com\/wordpress\/plugins\/seo\/ -->\n<title>Blue Dream Sativa for Sale - Buy Blue Dream Sativa Online<\/title>\n<meta name=\"description\" content=\"If you wish to buy blue dream sativa online, our marijuana store can help. We have top-notch qualuty blue dream sativa for sale at the best rate. Place your order now!\" \/>\n<meta name=\"robots\" content=\"index, follow, max-snippet:-1, max-image-preview:large, max-video-preview:-1\" \/>\n<link rel=\"canonical\" href=\"https:\/\/legitgrams.com\/es\/producto\/blue-dream-variedad-sativa\/\" \/>\n<meta property=\"og:locale\" content=\"es_ES\" \/>\n<meta property=\"og:type\" content=\"article\" \/>\n<meta property=\"og:title\" content=\"Blue Dream Sativa for Sale - Buy Blue Dream Sativa Online\" \/>\n<meta property=\"og:description\" content=\"If you wish to buy blue dream sativa online, our marijuana store can help. We have top-notch qualuty blue dream sativa for sale at the best rate. Place your order now!\" \/>\n<meta property=\"og:url\" content=\"https:\/\/legitgrams.com\/es\/producto\/blue-dream-variedad-sativa\/\" \/>\n<meta property=\"og:site_name\" content=\"Legit Grams\" \/>\n<meta property=\"article:modified_time\" content=\"2025-01-13T10:12:22+00:00\" \/>\n<meta property=\"og:image\" content=\"https:\/\/legitgrams.com\/wp-content\/uploads\/2024\/09\/Buy-Blue-Dream-Sativa-Strain-Online.jpg\" \/>\n\t<meta property=\"og:image:width\" content=\"600\" \/>\n\t<meta property=\"og:image:height\" content=\"600\" \/>\n\t<meta property=\"og:image:type\" content=\"image\/jpeg\" \/>\n<meta name=\"twitter:card\" content=\"summary_large_image\" \/>\n<meta name=\"twitter:label1\" content=\"Tiempo de lectura\" \/>\n\t<meta name=\"twitter:data1\" content=\"1 minuto\" \/>\n<script type=\"application\/ld+json\" class=\"yoast-schema-graph\">{\"@context\":\"https:\/\/schema.org\",\"@graph\":[{\"@type\":\"WebPage\",\"@id\":\"https:\/\/legitgrams.com\/product\/blue-dream-sativa-strain\/\",\"url\":\"https:\/\/legitgrams.com\/product\/blue-dream-sativa-strain\/\",\"name\":\"Blue Dream Sativa for Sale - Buy Blue Dream Sativa Online\",\"isPartOf\":{\"@id\":\"https:\/\/legitgrams.com\/#website\"},\"primaryImageOfPage\":{\"@id\":\"https:\/\/legitgrams.com\/product\/blue-dream-sativa-strain\/#primaryimage\"},\"image\":{\"@id\":\"https:\/\/legitgrams.com\/product\/blue-dream-sativa-strain\/#primaryimage\"},\"thumbnailUrl\":\"https:\/\/legitgrams.com\/wp-content\/uploads\/2024\/09\/Buy-Blue-Dream-Sativa-Strain-Online.jpg\",\"datePublished\":\"2024-09-19T10:21:02+00:00\",\"dateModified\":\"2025-01-13T10:12:22+00:00\",\"description\":\"If you wish to buy blue dream sativa online, our marijuana store can help. We have top-notch qualuty blue dream sativa for sale at the best rate. Place your order now!\",\"breadcrumb\":{\"@id\":\"https:\/\/legitgrams.com\/product\/blue-dream-sativa-strain\/#breadcrumb\"},\"inLanguage\":\"es\",\"potentialAction\":[{\"@type\":\"ReadAction\",\"target\":[\"https:\/\/legitgrams.com\/product\/blue-dream-sativa-strain\/\"]}]},{\"@type\":\"ImageObject\",\"inLanguage\":\"es\",\"@id\":\"https:\/\/legitgrams.com\/product\/blue-dream-sativa-strain\/#primaryimage\",\"url\":\"https:\/\/legitgrams.com\/wp-content\/uploads\/2024\/09\/Buy-Blue-Dream-Sativa-Strain-Online.jpg\",\"contentUrl\":\"https:\/\/legitgrams.com\/wp-content\/uploads\/2024\/09\/Buy-Blue-Dream-Sativa-Strain-Online.jpg\",\"width\":600,\"height\":600,\"caption\":\"Blue Dream Sativa Strain for Sale\"},{\"@type\":\"BreadcrumbList\",\"@id\":\"https:\/\/legitgrams.com\/product\/blue-dream-sativa-strain\/#breadcrumb\",\"itemListElement\":[{\"@type\":\"ListItem\",\"position\":1,\"name\":\"Home\",\"item\":\"https:\/\/legitgrams.com\/\"},{\"@type\":\"ListItem\",\"position\":2,\"name\":\"Shop\",\"item\":\"https:\/\/legitgrams.com\/shop\/\"},{\"@type\":\"ListItem\",\"position\":3,\"name\":\"Blue Dream Sativa Strain\"}]},{\"@type\":\"WebSite\",\"@id\":\"https:\/\/legitgrams.com\/#website\",\"url\":\"https:\/\/legitgrams.com\/\",\"name\":\"Legit Grams\",\"description\":\"My WordPress Blog\",\"publisher\":{\"@id\":\"https:\/\/legitgrams.com\/#organization\"},\"potentialAction\":[{\"@type\":\"SearchAction\",\"target\":{\"@type\":\"EntryPoint\",\"urlTemplate\":\"https:\/\/legitgrams.com\/?s={search_term_string}\"},\"query-input\":{\"@type\":\"PropertyValueSpecification\",\"valueRequired\":true,\"valueName\":\"search_term_string\"}}],\"inLanguage\":\"es\"},{\"@type\":\"Organization\",\"@id\":\"https:\/\/legitgrams.com\/#organization\",\"name\":\"Legit Grams\",\"url\":\"https:\/\/legitgrams.com\/\",\"logo\":{\"@type\":\"ImageObject\",\"inLanguage\":\"es\",\"@id\":\"https:\/\/legitgrams.com\/#\/schema\/logo\/image\/\",\"url\":\"https:\/\/legitgrams.com\/wp-content\/uploads\/2024\/09\/main-logo.png\",\"contentUrl\":\"https:\/\/legitgrams.com\/wp-content\/uploads\/2024\/09\/main-logo.png\",\"width\":270,\"height\":75,\"caption\":\"Legit Grams\"},\"image\":{\"@id\":\"https:\/\/legitgrams.com\/#\/schema\/logo\/image\/\"}}]}<\/script>\n<!-- \/ Yoast SEO plugin. -->","yoast_head_json":{"title":"Venta de marihuana venenosa en Durban al mejor precio | LegitGrams","description":"Si desea comprar blue dream sativa online, nuestra tienda de marihuana puede ayudarle. Tenemos blue dream sativa de primera calidad a la venta al mejor precio. \u00a1Haga su pedido ahora!","robots":{"index":"index","follow":"follow","max-snippet":"max-snippet:-1","max-image-preview":"max-image-preview:large","max-video-preview":"max-video-preview:-1"},"canonical":"https:\/\/legitgrams.com\/es\/producto\/blue-dream-variedad-sativa\/","og_locale":"es_ES","og_type":"article","og_title":"Blue Dream Sativa for Sale - Buy Blue Dream Sativa Online","og_description":"If you wish to buy blue dream sativa online, our marijuana store can help. We have top-notch qualuty blue dream sativa for sale at the best rate. Place your order now!","og_url":"https:\/\/legitgrams.com\/es\/producto\/blue-dream-variedad-sativa\/","og_site_name":"Legit Grams","article_modified_time":"2025-01-13T10:12:22+00:00","og_image":[{"width":600,"height":600,"url":"https:\/\/legitgrams.com\/wp-content\/uploads\/2024\/09\/Buy-Blue-Dream-Sativa-Strain-Online.jpg","type":"image\/jpeg"}],"twitter_card":"summary_large_image","twitter_misc":{"Tiempo de lectura":"1 minuto"},"schema":{"@context":"https:\/\/schema.org","@graph":[{"@type":"WebPage","@id":"https:\/\/legitgrams.com\/product\/blue-dream-sativa-strain\/","url":"https:\/\/legitgrams.com\/product\/blue-dream-sativa-strain\/","name":"Venta de marihuana venenosa en Durban al mejor precio | LegitGrams","isPartOf":{"@id":"https:\/\/legitgrams.com\/#website"},"primaryImageOfPage":{"@id":"https:\/\/legitgrams.com\/product\/blue-dream-sativa-strain\/#primaryimage"},"image":{"@id":"https:\/\/legitgrams.com\/product\/blue-dream-sativa-strain\/#primaryimage"},"thumbnailUrl":"https:\/\/legitgrams.com\/wp-content\/uploads\/2024\/09\/Buy-Blue-Dream-Sativa-Strain-Online.jpg","datePublished":"2024-09-19T10:21:02+00:00","dateModified":"2025-01-13T10:12:22+00:00","description":"Si desea comprar blue dream sativa online, nuestra tienda de marihuana puede ayudarle. Tenemos blue dream sativa de primera calidad a la venta al mejor precio. \u00a1Haga su pedido ahora!","breadcrumb":{"@id":"https:\/\/legitgrams.com\/product\/blue-dream-sativa-strain\/#breadcrumb"},"inLanguage":"es","potentialAction":[{"@type":"ReadAction","target":["https:\/\/legitgrams.com\/product\/blue-dream-sativa-strain\/"]}]},{"@type":"ImageObject","inLanguage":"es","@id":"https:\/\/legitgrams.com\/product\/blue-dream-sativa-strain\/#primaryimage","url":"https:\/\/legitgrams.com\/wp-content\/uploads\/2024\/09\/Buy-Blue-Dream-Sativa-Strain-Online.jpg","contentUrl":"https:\/\/legitgrams.com\/wp-content\/uploads\/2024\/09\/Buy-Blue-Dream-Sativa-Strain-Online.jpg","width":600,"height":600,"caption":"Blue Dream Sativa Strain for Sale"},{"@type":"BreadcrumbList","@id":"https:\/\/legitgrams.com\/product\/blue-dream-sativa-strain\/#breadcrumb","itemListElement":[{"@type":"ListItem","position":1,"name":"Home","item":"https:\/\/legitgrams.com\/"},{"@type":"ListItem","position":2,"name":"Shop","item":"https:\/\/legitgrams.com\/shop\/"},{"@type":"ListItem","position":3,"name":"Blue Dream Sativa Strain"}]},{"@type":"WebSite","@id":"https:\/\/legitgrams.com\/#website","url":"https:\/\/legitgrams.com\/","name":"Gramos leg\u00edtimos","description":"Mi blog de WordPress","publisher":{"@id":"https:\/\/legitgrams.com\/#organization"},"potentialAction":[{"@type":"SearchAction","target":{"@type":"EntryPoint","urlTemplate":"https:\/\/legitgrams.com\/?s={search_term_string}"},"query-input":{"@type":"PropertyValueSpecification","valueRequired":true,"valueName":"search_term_string"}}],"inLanguage":"es"},{"@type":"Organization","@id":"https:\/\/legitgrams.com\/#organization","name":"Gramos leg\u00edtimos","url":"https:\/\/legitgrams.com\/","logo":{"@type":"ImageObject","inLanguage":"es","@id":"https:\/\/legitgrams.com\/#\/schema\/logo\/image\/","url":"https:\/\/legitgrams.com\/wp-content\/uploads\/2024\/09\/main-logo.png","contentUrl":"https:\/\/legitgrams.com\/wp-content\/uploads\/2024\/09\/main-logo.png","width":270,"height":75,"caption":"Legit Grams"},"image":{"@id":"https:\/\/legitgrams.com\/#\/schema\/logo\/image\/"}}]}},"uagb_featured_image_src":{"full":["https:\/\/legitgrams.com\/wp-content\/uploads\/2024\/09\/Buy-Blue-Dream-Sativa-Strain-Online.jpg",600,600,false],"thumbnail":["https:\/\/legitgrams.com\/wp-content\/uploads\/2024\/09\/Buy-Blue-Dream-Sativa-Strain-Online-150x150.jpg",150,150,true],"medium":["https:\/\/legitgrams.com\/wp-content\/uploads\/2024\/09\/Buy-Blue-Dream-Sativa-Strain-Online-300x300.jpg",300,300,true],"medium_large":["https:\/\/legitgrams.com\/wp-content\/uploads\/2024\/09\/Buy-Blue-Dream-Sativa-Strain-Online.jpg",600,600,false],"large":["https:\/\/legitgrams.com\/wp-content\/uploads\/2024\/09\/Buy-Blue-Dream-Sativa-Strain-Online.jpg",600,600,false],"1536x1536":["https:\/\/legitgrams.com\/wp-content\/uploads\/2024\/09\/Buy-Blue-Dream-Sativa-Strain-Online.jpg",600,600,false],"2048x2048":["https:\/\/legitgrams.com\/wp-content\/uploads\/2024\/09\/Buy-Blue-Dream-Sativa-Strain-Online.jpg",600,600,false],"trp-custom-language-flag":["https:\/\/legitgrams.com\/wp-content\/uploads\/2024\/09\/Buy-Blue-Dream-Sativa-Strain-Online-12x12.jpg",12,12,true],"woocommerce_thumbnail":["https:\/\/legitgrams.com\/wp-content\/uploads\/2024\/09\/Buy-Blue-Dream-Sativa-Strain-Online-300x300.jpg",300,300,true],"woocommerce_single":["https:\/\/legitgrams.com\/wp-content\/uploads\/2024\/09\/Buy-Blue-Dream-Sativa-Strain-Online.jpg",600,600,false],"woocommerce_gallery_thumbnail":["https:\/\/legitgrams.com\/wp-content\/uploads\/2024\/09\/Buy-Blue-Dream-Sativa-Strain-Online-100x100.jpg",100,100,true]},"uagb_author_info":{"display_name":"cokeblog18","author_link":"https:\/\/legitgrams.com\/es\/author\/"},"uagb_comment_info":0,"uagb_excerpt":"For Sale: Blue Dream Sativa Strain Blue Dream Sativa can be bought online. 60% Dominant Sativa Hybrid 40% Indica Sativa THC: 17%\u201324%, CBD: 2%, and CBN: 1% Effects Happiness, optimism, euphoria, and creativity Aids in the treatment of depression, anxiety, chronic pain, bipolar disorder, fatigue, headaches, and hyperactivity Flavors Sweet, fruity, herbal, vanilla, berry, and&hellip;","_links":{"self":[{"href":"https:\/\/legitgrams.com\/es\/wp-json\/wp\/v2\/product\/3682","targetHints":{"allow":["GET"]}}],"collection":[{"href":"https:\/\/legitgrams.com\/es\/wp-json\/wp\/v2\/product"}],"about":[{"href":"https:\/\/legitgrams.com\/es\/wp-json\/wp\/v2\/types\/product"}],"replies":[{"embeddable":true,"href":"https:\/\/legitgrams.com\/es\/wp-json\/wp\/v2\/comments?post=3682"}],"wp:featuredmedia":[{"embeddable":true,"href":"https:\/\/legitgrams.com\/es\/wp-json\/wp\/v2\/media\/5399"}],"wp:attachment":[{"href":"https:\/\/legitgrams.com\/es\/wp-json\/wp\/v2\/media?parent=3682"}],"wp:term":[{"taxonomy":"product_brand","embeddable":true,"href":"https:\/\/legitgrams.com\/es\/wp-json\/wp\/v2\/product_brand?post=3682"},{"taxonomy":"product_cat","embeddable":true,"href":"https:\/\/legitgrams.com\/es\/wp-json\/wp\/v2\/product_cat?post=3682"},{"taxonomy":"product_tag","embeddable":true,"href":"https:\/\/legitgrams.com\/es\/wp-json\/wp\/v2\/product_tag?post=3682"}],"curies":[{"name":"wp","href":"https:\/\/api.w.org\/{rel}","templated":true}]}}