{"id":3710,"date":"2024-09-19T10:56:45","date_gmt":"2024-09-19T10:56:45","guid":{"rendered":"https:\/\/legitgrams.com\/?post_type=product&#038;p=3710"},"modified":"2025-01-13T11:26:16","modified_gmt":"2025-01-13T11:26:16","slug":"variedad-de-marihuana-durban-poison","status":"publish","type":"product","link":"https:\/\/legitgrams.com\/es\/producto\/variedad-de-marihuana-durban-poison\/","title":{"rendered":"Durban Poison Variedad de Marihuana"},"content":{"rendered":"<h2>Veneno en Durban En venta: variedad de marihuana<\/h2>\n<p>En <a href=\"https:\/\/legitgrams.com\/es\/producto\/variedad-de-marihuana-durban-poison\/\">Veneno de Durban<\/a> La variedad de cannabis, que es 100% sativa por naturaleza, tiene algunas de las caracter\u00edsticas m\u00e1s deseables de su tipo: subid\u00f3n fuerte pero puro. Te reir\u00e1s mucho, tendr\u00e1s la energ\u00eda para hacer la tarea en cuesti\u00f3n y te lo pasar\u00e1s genial gracias a este grano.<\/p>\n<p>Durban Poison es conocida por su notable dulzura en combinaci\u00f3n con su alt\u00edsimo contenido de THC. Aqu\u00ed encontrar\u00e1s toda la informaci\u00f3n que necesitas sobre el suspense. <a href=\"https:\/\/legitgrams.com\/es\/\">LegitGrams<\/a><\/p>\n<p><a href=\"https:\/\/en.wiktionary.org\/wiki\/Durban_poison\">Veneno de Durban<\/a> La cepa de marihuana se puede comprar en l\u00ednea a trav\u00e9s del siguiente enlace: comprar marihuana Poison, comprar cepa de marihuana Durban Poison, comprar cepa de marihuana Durban Poison en l\u00ednea, d\u00f3nde comprar cepa de marihuana Durban Poison, cepa de marihuana Durban Poison a la venta, cepa de marihuana a la venta, comprar cepa de marihuana Durban Poison en l\u00ednea, d\u00f3nde comprar cepa de marihuana Durban Poison en l\u00ednea, comprar, en l\u00ednea, proveedores, entrega segura, \u00bfTodav\u00eda es posible comprar cepa de marihuana Durban Poison en l\u00ednea en los Estados Unidos; es legal en el pa\u00eds? Cepa de marihuana Durban Poison: \u00bfD\u00f3nde puedo encontrarla en l\u00ednea? En Canad\u00e1, \u00bfes legal?<\/p>","protected":false},"excerpt":{"rendered":"<p>Poison in Durban For sale: marijuana strain The Durban Poison cannabis strain, which is 100% sativa by nature, has some of the most desirable characteristics of its kind: strong but pure highs. You will laugh a lot, have the energy to do the task at hand, and have the best time thanks to this zit. &hellip;<\/p>\n<p class=\"read-more\"> <a class=\"\" href=\"https:\/\/legitgrams.com\/es\/producto\/variedad-de-marihuana-durban-poison\/\"> <span class=\"screen-reader-text\">Durban Poison Variedad de Marihuana<\/span> Leer m\u00e1s \"<\/a><\/p>","protected":false},"featured_media":5405,"comment_status":"open","ping_status":"closed","template":"","meta":{"_uag_custom_page_level_css":"","site-sidebar-layout":"default","site-content-layout":"default","ast-global-header-display":"","ast-main-header-display":"","ast-hfb-above-header-display":"","ast-hfb-below-header-display":"","ast-hfb-mobile-header-display":"","site-post-title":"","ast-breadcrumbs-content":"","ast-featured-img":"","footer-sml-layout":"","theme-transparent-header-meta":"default","adv-header-id-meta":"","stick-header-meta":"default","header-above-stick-meta":"","header-main-stick-meta":"","header-below-stick-meta":"","_joinchat":[]},"product_brand":[],"product_cat":[607],"product_tag":[5453,5443,617,5435,5450,5434,5438,5437,5445,5436,5446,5448,5455,5456,5454,5451,5447,5442,5440,5452,5449,625,5441,5444,5439],"class_list":{"0":"post-3710","1":"product","2":"type-product","3":"status-publish","4":"has-post-thumbnail","6":"product_cat-marijuana-cannabis","7":"product_tag-best-cheap-price-durban-poison-marijuana-strain","8":"product_tag-best-place-to-buy-durban-poison-marijuana-strain","9":"product_tag-bulk-online","10":"product_tag-buy-durban-poison-marijuana-strain","11":"product_tag-cheap-durban-poison-marijuana-strain","12":"product_tag-durban-poison-marijuana-strain","13":"product_tag-durban-poison-marijuana-strain-durban-poison-marijuana-strain-supplier","14":"product_tag-durban-poison-marijuana-strain-for-sale","15":"product_tag-durban-poison-marijuana-strain-legally","16":"product_tag-durban-poison-marijuana-strain-online","17":"product_tag-durban-poison-marijuana-strain-price","18":"product_tag-durban-poison-marijuana-strain-store","19":"product_tag-durban-poison-marijuana-strain-use","20":"product_tag-durban-poison-marijuana-strain-wiki","21":"product_tag-durban-poison-marijuana-strain-worldwide","22":"product_tag-durban-poison-marijuana-strains","23":"product_tag-high-quality-durban-poison-marijuana-strain","24":"product_tag-how-to-buy-durban-poison-marijuana-strain","25":"product_tag-order-durban-poison-marijuana-strain","26":"product_tag-purcharse-durban-poison-marijuana-strain","27":"product_tag-shop-durban-poison-marijuana-strain","28":"product_tag-top-quality","29":"product_tag-where-to-buy-durban-poison-marijuana-strain","30":"product_tag-where-to-order-durban-poison-marijuana-strain","31":"product_tag-wholesale-durban-poison-marijuana-strain","32":"desktop-align-left","33":"tablet-align-left","34":"mobile-align-left","35":"ast-product-gallery-layout-horizontal","36":"ast-product-gallery-with-no-image","37":"ast-product-single-variable","38":"ast-product-tabs-layout-horizontal","39":"ast-qv-on-image","41":"first","42":"instock","43":"shipping-taxable","44":"purchasable","45":"product-type-variable"},"yoast_head":"<!-- This site is optimized with the Yoast SEO plugin v25.9 - https:\/\/yoast.com\/wordpress\/plugins\/seo\/ -->\n<title>Durban Poison Marijuana for Sale @ Best Price | LegitGrams<\/title>\n<meta name=\"description\" content=\"It is the best time to visit our online store and buy Durban Poison Marijuana online. We have high-quality Durban Poison Marijuana for sale here at most affordable price. Meet us online and place your order today.\" \/>\n<meta name=\"robots\" content=\"index, follow, max-snippet:-1, max-image-preview:large, max-video-preview:-1\" \/>\n<link rel=\"canonical\" href=\"https:\/\/legitgrams.com\/es\/producto\/variedad-de-marihuana-durban-poison\/\" \/>\n<meta property=\"og:locale\" content=\"es_ES\" \/>\n<meta property=\"og:type\" content=\"article\" \/>\n<meta property=\"og:title\" content=\"Durban Poison Marijuana for Sale @ Best Price | LegitGrams\" \/>\n<meta property=\"og:description\" content=\"It is the best time to visit our online store and buy Durban Poison Marijuana online. We have high-quality Durban Poison Marijuana for sale here at most affordable price. Meet us online and place your order today.\" \/>\n<meta property=\"og:url\" content=\"https:\/\/legitgrams.com\/es\/producto\/variedad-de-marihuana-durban-poison\/\" \/>\n<meta property=\"og:site_name\" content=\"Legit Grams\" \/>\n<meta property=\"article:modified_time\" content=\"2025-01-13T11:26:16+00:00\" \/>\n<meta property=\"og:image\" content=\"https:\/\/legitgrams.com\/wp-content\/uploads\/2024\/09\/Buy-Durban-Poison-Marijuana-Strain-online.jpg\" \/>\n\t<meta property=\"og:image:width\" content=\"600\" \/>\n\t<meta property=\"og:image:height\" content=\"600\" \/>\n\t<meta property=\"og:image:type\" content=\"image\/jpeg\" \/>\n<meta name=\"twitter:card\" content=\"summary_large_image\" \/>\n<meta name=\"twitter:label1\" content=\"Tiempo de lectura\" \/>\n\t<meta name=\"twitter:data1\" content=\"1 minuto\" \/>\n<script type=\"application\/ld+json\" class=\"yoast-schema-graph\">{\"@context\":\"https:\/\/schema.org\",\"@graph\":[{\"@type\":\"WebPage\",\"@id\":\"https:\/\/legitgrams.com\/product\/durban-poison-marijuana-strain\/\",\"url\":\"https:\/\/legitgrams.com\/product\/durban-poison-marijuana-strain\/\",\"name\":\"Durban Poison Marijuana for Sale @ Best Price | LegitGrams\",\"isPartOf\":{\"@id\":\"https:\/\/legitgrams.com\/#website\"},\"primaryImageOfPage\":{\"@id\":\"https:\/\/legitgrams.com\/product\/durban-poison-marijuana-strain\/#primaryimage\"},\"image\":{\"@id\":\"https:\/\/legitgrams.com\/product\/durban-poison-marijuana-strain\/#primaryimage\"},\"thumbnailUrl\":\"https:\/\/legitgrams.com\/wp-content\/uploads\/2024\/09\/Buy-Durban-Poison-Marijuana-Strain-online.jpg\",\"datePublished\":\"2024-09-19T10:56:45+00:00\",\"dateModified\":\"2025-01-13T11:26:16+00:00\",\"description\":\"It is the best time to visit our online store and buy Durban Poison Marijuana online. We have high-quality Durban Poison Marijuana for sale here at most affordable price. Meet us online and place your order today.\",\"breadcrumb\":{\"@id\":\"https:\/\/legitgrams.com\/product\/durban-poison-marijuana-strain\/#breadcrumb\"},\"inLanguage\":\"es\",\"potentialAction\":[{\"@type\":\"ReadAction\",\"target\":[\"https:\/\/legitgrams.com\/product\/durban-poison-marijuana-strain\/\"]}]},{\"@type\":\"ImageObject\",\"inLanguage\":\"es\",\"@id\":\"https:\/\/legitgrams.com\/product\/durban-poison-marijuana-strain\/#primaryimage\",\"url\":\"https:\/\/legitgrams.com\/wp-content\/uploads\/2024\/09\/Buy-Durban-Poison-Marijuana-Strain-online.jpg\",\"contentUrl\":\"https:\/\/legitgrams.com\/wp-content\/uploads\/2024\/09\/Buy-Durban-Poison-Marijuana-Strain-online.jpg\",\"width\":600,\"height\":600,\"caption\":\"Durban Poison Marijuana Strain for sale\"},{\"@type\":\"BreadcrumbList\",\"@id\":\"https:\/\/legitgrams.com\/product\/durban-poison-marijuana-strain\/#breadcrumb\",\"itemListElement\":[{\"@type\":\"ListItem\",\"position\":1,\"name\":\"Home\",\"item\":\"https:\/\/legitgrams.com\/\"},{\"@type\":\"ListItem\",\"position\":2,\"name\":\"Shop\",\"item\":\"https:\/\/legitgrams.com\/shop\/\"},{\"@type\":\"ListItem\",\"position\":3,\"name\":\"Durban Poison Marijuana Strain\"}]},{\"@type\":\"WebSite\",\"@id\":\"https:\/\/legitgrams.com\/#website\",\"url\":\"https:\/\/legitgrams.com\/\",\"name\":\"Legit Grams\",\"description\":\"My WordPress Blog\",\"publisher\":{\"@id\":\"https:\/\/legitgrams.com\/#organization\"},\"potentialAction\":[{\"@type\":\"SearchAction\",\"target\":{\"@type\":\"EntryPoint\",\"urlTemplate\":\"https:\/\/legitgrams.com\/?s={search_term_string}\"},\"query-input\":{\"@type\":\"PropertyValueSpecification\",\"valueRequired\":true,\"valueName\":\"search_term_string\"}}],\"inLanguage\":\"es\"},{\"@type\":\"Organization\",\"@id\":\"https:\/\/legitgrams.com\/#organization\",\"name\":\"Legit Grams\",\"url\":\"https:\/\/legitgrams.com\/\",\"logo\":{\"@type\":\"ImageObject\",\"inLanguage\":\"es\",\"@id\":\"https:\/\/legitgrams.com\/#\/schema\/logo\/image\/\",\"url\":\"https:\/\/legitgrams.com\/wp-content\/uploads\/2024\/09\/main-logo.png\",\"contentUrl\":\"https:\/\/legitgrams.com\/wp-content\/uploads\/2024\/09\/main-logo.png\",\"width\":270,\"height\":75,\"caption\":\"Legit Grams\"},\"image\":{\"@id\":\"https:\/\/legitgrams.com\/#\/schema\/logo\/image\/\"}}]}<\/script>\n<!-- \/ Yoast SEO plugin. -->","yoast_head_json":{"title":"Venta de marihuana venenosa en Durban al mejor precio | LegitGrams","description":"Es el mejor momento para visitar nuestra tienda en l\u00ednea y comprar Durban Poison Marijuana en l\u00ednea. Tenemos alta calidad Durban Poison marihuana a la venta aqu\u00ed en el precio m\u00e1s asequible. Con\u00f3zcanos en l\u00ednea y haga su pedido hoy.","robots":{"index":"index","follow":"follow","max-snippet":"max-snippet:-1","max-image-preview":"max-image-preview:large","max-video-preview":"max-video-preview:-1"},"canonical":"https:\/\/legitgrams.com\/es\/producto\/variedad-de-marihuana-durban-poison\/","og_locale":"es_ES","og_type":"article","og_title":"Durban Poison Marijuana for Sale @ Best Price | LegitGrams","og_description":"It is the best time to visit our online store and buy Durban Poison Marijuana online. We have high-quality Durban Poison Marijuana for sale here at most affordable price. Meet us online and place your order today.","og_url":"https:\/\/legitgrams.com\/es\/producto\/variedad-de-marihuana-durban-poison\/","og_site_name":"Legit Grams","article_modified_time":"2025-01-13T11:26:16+00:00","og_image":[{"width":600,"height":600,"url":"https:\/\/legitgrams.com\/wp-content\/uploads\/2024\/09\/Buy-Durban-Poison-Marijuana-Strain-online.jpg","type":"image\/jpeg"}],"twitter_card":"summary_large_image","twitter_misc":{"Tiempo de lectura":"1 minuto"},"schema":{"@context":"https:\/\/schema.org","@graph":[{"@type":"WebPage","@id":"https:\/\/legitgrams.com\/product\/durban-poison-marijuana-strain\/","url":"https:\/\/legitgrams.com\/product\/durban-poison-marijuana-strain\/","name":"Venta de marihuana venenosa en Durban al mejor precio | LegitGrams","isPartOf":{"@id":"https:\/\/legitgrams.com\/#website"},"primaryImageOfPage":{"@id":"https:\/\/legitgrams.com\/product\/durban-poison-marijuana-strain\/#primaryimage"},"image":{"@id":"https:\/\/legitgrams.com\/product\/durban-poison-marijuana-strain\/#primaryimage"},"thumbnailUrl":"https:\/\/legitgrams.com\/wp-content\/uploads\/2024\/09\/Buy-Durban-Poison-Marijuana-Strain-online.jpg","datePublished":"2024-09-19T10:56:45+00:00","dateModified":"2025-01-13T11:26:16+00:00","description":"Es el mejor momento para visitar nuestra tienda en l\u00ednea y comprar Durban Poison Marijuana en l\u00ednea. Tenemos alta calidad Durban Poison marihuana a la venta aqu\u00ed en el precio m\u00e1s asequible. Con\u00f3zcanos en l\u00ednea y haga su pedido hoy.","breadcrumb":{"@id":"https:\/\/legitgrams.com\/product\/durban-poison-marijuana-strain\/#breadcrumb"},"inLanguage":"es","potentialAction":[{"@type":"ReadAction","target":["https:\/\/legitgrams.com\/product\/durban-poison-marijuana-strain\/"]}]},{"@type":"ImageObject","inLanguage":"es","@id":"https:\/\/legitgrams.com\/product\/durban-poison-marijuana-strain\/#primaryimage","url":"https:\/\/legitgrams.com\/wp-content\/uploads\/2024\/09\/Buy-Durban-Poison-Marijuana-Strain-online.jpg","contentUrl":"https:\/\/legitgrams.com\/wp-content\/uploads\/2024\/09\/Buy-Durban-Poison-Marijuana-Strain-online.jpg","width":600,"height":600,"caption":"Durban Poison Marijuana Strain for sale"},{"@type":"BreadcrumbList","@id":"https:\/\/legitgrams.com\/product\/durban-poison-marijuana-strain\/#breadcrumb","itemListElement":[{"@type":"ListItem","position":1,"name":"Home","item":"https:\/\/legitgrams.com\/"},{"@type":"ListItem","position":2,"name":"Shop","item":"https:\/\/legitgrams.com\/shop\/"},{"@type":"ListItem","position":3,"name":"Durban Poison Marijuana Strain"}]},{"@type":"WebSite","@id":"https:\/\/legitgrams.com\/#website","url":"https:\/\/legitgrams.com\/","name":"Gramos leg\u00edtimos","description":"Mi blog de WordPress","publisher":{"@id":"https:\/\/legitgrams.com\/#organization"},"potentialAction":[{"@type":"SearchAction","target":{"@type":"EntryPoint","urlTemplate":"https:\/\/legitgrams.com\/?s={search_term_string}"},"query-input":{"@type":"PropertyValueSpecification","valueRequired":true,"valueName":"search_term_string"}}],"inLanguage":"es"},{"@type":"Organization","@id":"https:\/\/legitgrams.com\/#organization","name":"Gramos leg\u00edtimos","url":"https:\/\/legitgrams.com\/","logo":{"@type":"ImageObject","inLanguage":"es","@id":"https:\/\/legitgrams.com\/#\/schema\/logo\/image\/","url":"https:\/\/legitgrams.com\/wp-content\/uploads\/2024\/09\/main-logo.png","contentUrl":"https:\/\/legitgrams.com\/wp-content\/uploads\/2024\/09\/main-logo.png","width":270,"height":75,"caption":"Legit Grams"},"image":{"@id":"https:\/\/legitgrams.com\/#\/schema\/logo\/image\/"}}]}},"uagb_featured_image_src":{"full":["https:\/\/legitgrams.com\/wp-content\/uploads\/2024\/09\/Buy-Durban-Poison-Marijuana-Strain-online.jpg",600,600,false],"thumbnail":["https:\/\/legitgrams.com\/wp-content\/uploads\/2024\/09\/Buy-Durban-Poison-Marijuana-Strain-online-150x150.jpg",150,150,true],"medium":["https:\/\/legitgrams.com\/wp-content\/uploads\/2024\/09\/Buy-Durban-Poison-Marijuana-Strain-online-300x300.jpg",300,300,true],"medium_large":["https:\/\/legitgrams.com\/wp-content\/uploads\/2024\/09\/Buy-Durban-Poison-Marijuana-Strain-online.jpg",600,600,false],"large":["https:\/\/legitgrams.com\/wp-content\/uploads\/2024\/09\/Buy-Durban-Poison-Marijuana-Strain-online.jpg",600,600,false],"1536x1536":["https:\/\/legitgrams.com\/wp-content\/uploads\/2024\/09\/Buy-Durban-Poison-Marijuana-Strain-online.jpg",600,600,false],"2048x2048":["https:\/\/legitgrams.com\/wp-content\/uploads\/2024\/09\/Buy-Durban-Poison-Marijuana-Strain-online.jpg",600,600,false],"trp-custom-language-flag":["https:\/\/legitgrams.com\/wp-content\/uploads\/2024\/09\/Buy-Durban-Poison-Marijuana-Strain-online-12x12.jpg",12,12,true],"woocommerce_thumbnail":["https:\/\/legitgrams.com\/wp-content\/uploads\/2024\/09\/Buy-Durban-Poison-Marijuana-Strain-online-300x300.jpg",300,300,true],"woocommerce_single":["https:\/\/legitgrams.com\/wp-content\/uploads\/2024\/09\/Buy-Durban-Poison-Marijuana-Strain-online.jpg",600,600,false],"woocommerce_gallery_thumbnail":["https:\/\/legitgrams.com\/wp-content\/uploads\/2024\/09\/Buy-Durban-Poison-Marijuana-Strain-online-100x100.jpg",100,100,true]},"uagb_author_info":{"display_name":"cokeblog18","author_link":"https:\/\/legitgrams.com\/es\/author\/"},"uagb_comment_info":0,"uagb_excerpt":"Poison in Durban For sale: marijuana strain The Durban Poison cannabis strain, which is 100% sativa by nature, has some of the most desirable characteristics of its kind: strong but pure highs. You will laugh a lot, have the energy to do the task at hand, and have the best time thanks to this zit.&hellip;","_links":{"self":[{"href":"https:\/\/legitgrams.com\/es\/wp-json\/wp\/v2\/product\/3710","targetHints":{"allow":["GET"]}}],"collection":[{"href":"https:\/\/legitgrams.com\/es\/wp-json\/wp\/v2\/product"}],"about":[{"href":"https:\/\/legitgrams.com\/es\/wp-json\/wp\/v2\/types\/product"}],"replies":[{"embeddable":true,"href":"https:\/\/legitgrams.com\/es\/wp-json\/wp\/v2\/comments?post=3710"}],"wp:featuredmedia":[{"embeddable":true,"href":"https:\/\/legitgrams.com\/es\/wp-json\/wp\/v2\/media\/5405"}],"wp:attachment":[{"href":"https:\/\/legitgrams.com\/es\/wp-json\/wp\/v2\/media?parent=3710"}],"wp:term":[{"taxonomy":"product_brand","embeddable":true,"href":"https:\/\/legitgrams.com\/es\/wp-json\/wp\/v2\/product_brand?post=3710"},{"taxonomy":"product_cat","embeddable":true,"href":"https:\/\/legitgrams.com\/es\/wp-json\/wp\/v2\/product_cat?post=3710"},{"taxonomy":"product_tag","embeddable":true,"href":"https:\/\/legitgrams.com\/es\/wp-json\/wp\/v2\/product_tag?post=3710"}],"curies":[{"name":"wp","href":"https:\/\/api.w.org\/{rel}","templated":true}]}}