{"id":3741,"date":"2024-09-19T11:49:24","date_gmt":"2024-09-19T11:49:24","guid":{"rendered":"https:\/\/legitgrams.com\/?post_type=product&#038;p=3741"},"modified":"2025-01-14T07:43:08","modified_gmt":"2025-01-14T07:43:08","slug":"variedad-de-marihuana-lemon-og","status":"publish","type":"product","link":"https:\/\/legitgrams.com\/es\/producto\/variedad-de-marihuana-lemon-og\/","title":{"rendered":"Lemon OG Variedad de Marihuana"},"content":{"rendered":"<h2>Compre la variedad de cannabis Lemon OG en l\u00ednea<\/h2>\n<p>Impactos: alegres, calmantes, imaginativos, estimulantes y posiblemente aliviadores.<\/p>\n<p>Estr\u00e9s, insomnio, p\u00e9rdida de apetito y dolor cr\u00f3nico Sabores<br \/>\nFragancias \u00e1cidas y de lim\u00f3n<br \/>\nLimone, terroso, aspro, pungente e agrumato<\/p>\n<p>Fragancias \u00e1cidas y de lim\u00f3n <a href=\"https:\/\/legitgrams.com\/es\/producto\/variedad-de-marihuana-lemon-og\/\">Cepa de cannabis Lemon OG<\/a>\u00a0\u2013 Compra Online de <a href=\"https:\/\/en.wikipedia.org\/wiki\/Cannabis_strain\">Cannabi<\/a>Cepa de cannabis Lemon OG, compra en l\u00ednea de la cepa de cannabis OG D\u00f3nde comprar la cepa de cannabis Lemon OG: EE. UU., Canad\u00e1, Reino Unido, en l\u00ednea, proveedores, env\u00edo seguro, cepa de cannabis Lemon OG a la venta, cepa de marihuana OG a la venta, d\u00f3nde comprar marihuana Lemon OG en l\u00ednea La cepa de marihuana Lemon OG todav\u00eda est\u00e1 disponible. Adem\u00e1s, puede aprender c\u00f3mo adquirir la cepa de marihuana Lemon OG, si es legal en Canad\u00e1 y si est\u00e1 disponible en los Estados Unidos. <a href=\"https:\/\/legitgrams.com\/es\/\">LegitGrams<\/a><\/p>\n<h2><\/h2>\n<h2><\/h2>\n<p>&nbsp;<\/p>","protected":false},"excerpt":{"rendered":"<p>Purchase Lemon OG Cannabis Strain Online Impacts: Joyful, soothing, imaginative, stimulating, and possibly alleviating Stress, insomnia, loss of appetite, and chronic pain Flavors Lemony and Tangy Fragrances Lemon, earthy, sour, pungent, and citrus Online Purchase of Lemon OG Cannabis Strain\u00a0&#8211; Online Purchase of Cannabis Strain, Online Purchase of OG Cannabis Strain Where to purchase Lemon &hellip;<\/p>\n<p class=\"read-more\"> <a class=\"\" href=\"https:\/\/legitgrams.com\/es\/producto\/variedad-de-marihuana-lemon-og\/\"> <span class=\"screen-reader-text\">Lemon OG Variedad de Marihuana<\/span> Leer m\u00e1s \"<\/a><\/p>","protected":false},"featured_media":5410,"comment_status":"open","ping_status":"closed","template":"","meta":{"_uag_custom_page_level_css":"","site-sidebar-layout":"default","site-content-layout":"default","ast-global-header-display":"","ast-main-header-display":"","ast-hfb-above-header-display":"","ast-hfb-below-header-display":"","ast-hfb-mobile-header-display":"","site-post-title":"","ast-breadcrumbs-content":"","ast-featured-img":"","footer-sml-layout":"","theme-transparent-header-meta":"default","adv-header-id-meta":"","stick-header-meta":"default","header-above-stick-meta":"","header-main-stick-meta":"","header-below-stick-meta":"","_joinchat":[]},"product_brand":[],"product_cat":[607],"product_tag":[5384,5374,617,5366,5381,5378,5373,5365,5368,5376,5369,5367,5377,5379,5386,5387,5385,5382,5371,5383,5380,625,5372,5375,5370],"class_list":{"0":"post-3741","1":"product","2":"type-product","3":"status-publish","4":"has-post-thumbnail","6":"product_cat-marijuana-cannabis","7":"product_tag-best-cheap-price-lemon-og-marijuana-strain","8":"product_tag-best-place-to-buy-lemon-og-marijuana-strain","9":"product_tag-bulk-online","10":"product_tag-buy-lemon-og-marijuana-strain","11":"product_tag-cheap-lemon-og-marijuana-strain","12":"product_tag-high-quality-lemon-og-marijuana-strain","13":"product_tag-how-to-buy-lemon-og-marijuana-strain","14":"product_tag-lemon-og-marijuana-strain","15":"product_tag-lemon-og-marijuana-strain-for-sale","16":"product_tag-lemon-og-marijuana-strain-legally","17":"product_tag-lemon-og-marijuana-strain-lemon-og-marijuana-strain-supplier","18":"product_tag-lemon-og-marijuana-strain-online","19":"product_tag-lemon-og-marijuana-strain-price","20":"product_tag-lemon-og-marijuana-strain-store","21":"product_tag-lemon-og-marijuana-strain-use","22":"product_tag-lemon-og-marijuana-strain-wiki","23":"product_tag-lemon-og-marijuana-strain-worldwide","24":"product_tag-lemon-og-marijuana-strains","25":"product_tag-order-lemon-og-marijuana-strain","26":"product_tag-purcharse-lemon-og-marijuana-strain","27":"product_tag-shop-lemon-og-marijuana-strain","28":"product_tag-top-quality","29":"product_tag-where-to-buy-lemon-og-marijuana-strain","30":"product_tag-where-to-order-lemon-og-marijuana-strain","31":"product_tag-wholesale-lemon-og-marijuana-strain","32":"desktop-align-left","33":"tablet-align-left","34":"mobile-align-left","35":"ast-product-gallery-layout-horizontal","36":"ast-product-gallery-with-no-image","37":"ast-product-single-variable","38":"ast-product-tabs-layout-horizontal","39":"ast-qv-on-image","41":"first","42":"instock","43":"shipping-taxable","44":"purchasable","45":"product-type-variable"},"yoast_head":"<!-- This site is optimized with the Yoast SEO plugin v25.9 - https:\/\/yoast.com\/wordpress\/plugins\/seo\/ -->\n<title>Buy Lemon OG Marijuana Strain Online @ Best Price | LG<\/title>\n<meta name=\"description\" content=\"If you have not tried lemon og marijuana strai from our store, then you are missing a lot. We will help you buy lemon og marijuana strai online at cheap rates. Get lemon og marijuana strai for sale today!\" \/>\n<meta name=\"robots\" content=\"index, follow, max-snippet:-1, max-image-preview:large, max-video-preview:-1\" \/>\n<link rel=\"canonical\" href=\"https:\/\/legitgrams.com\/es\/producto\/variedad-de-marihuana-lemon-og\/\" \/>\n<meta property=\"og:locale\" content=\"es_ES\" \/>\n<meta property=\"og:type\" content=\"article\" \/>\n<meta property=\"og:title\" content=\"Buy Lemon OG Marijuana Strain Online @ Best Price | LG\" \/>\n<meta property=\"og:description\" content=\"If you have not tried lemon og marijuana strai from our store, then you are missing a lot. We will help you buy lemon og marijuana strai online at cheap rates. Get lemon og marijuana strai for sale today!\" \/>\n<meta property=\"og:url\" content=\"https:\/\/legitgrams.com\/es\/producto\/variedad-de-marihuana-lemon-og\/\" \/>\n<meta property=\"og:site_name\" content=\"Legit Grams\" \/>\n<meta property=\"article:modified_time\" content=\"2025-01-14T07:43:08+00:00\" \/>\n<meta property=\"og:image\" content=\"https:\/\/legitgrams.com\/wp-content\/uploads\/2024\/09\/Buy-Lemon-OG-Marijuana-Strain-Online.jpg\" \/>\n\t<meta property=\"og:image:width\" content=\"600\" \/>\n\t<meta property=\"og:image:height\" content=\"600\" \/>\n\t<meta property=\"og:image:type\" content=\"image\/jpeg\" \/>\n<meta name=\"twitter:card\" content=\"summary_large_image\" \/>\n<meta name=\"twitter:label1\" content=\"Tiempo de lectura\" \/>\n\t<meta name=\"twitter:data1\" content=\"2 minutos\" \/>\n<script type=\"application\/ld+json\" class=\"yoast-schema-graph\">{\"@context\":\"https:\/\/schema.org\",\"@graph\":[{\"@type\":\"WebPage\",\"@id\":\"https:\/\/legitgrams.com\/product\/lemon-og-marijuana-strain\/\",\"url\":\"https:\/\/legitgrams.com\/product\/lemon-og-marijuana-strain\/\",\"name\":\"Buy Lemon OG Marijuana Strain Online @ Best Price | LG\",\"isPartOf\":{\"@id\":\"https:\/\/legitgrams.com\/#website\"},\"primaryImageOfPage\":{\"@id\":\"https:\/\/legitgrams.com\/product\/lemon-og-marijuana-strain\/#primaryimage\"},\"image\":{\"@id\":\"https:\/\/legitgrams.com\/product\/lemon-og-marijuana-strain\/#primaryimage\"},\"thumbnailUrl\":\"https:\/\/legitgrams.com\/wp-content\/uploads\/2024\/09\/Buy-Lemon-OG-Marijuana-Strain-Online.jpg\",\"datePublished\":\"2024-09-19T11:49:24+00:00\",\"dateModified\":\"2025-01-14T07:43:08+00:00\",\"description\":\"If you have not tried lemon og marijuana strai from our store, then you are missing a lot. We will help you buy lemon og marijuana strai online at cheap rates. Get lemon og marijuana strai for sale today!\",\"breadcrumb\":{\"@id\":\"https:\/\/legitgrams.com\/product\/lemon-og-marijuana-strain\/#breadcrumb\"},\"inLanguage\":\"es\",\"potentialAction\":[{\"@type\":\"ReadAction\",\"target\":[\"https:\/\/legitgrams.com\/product\/lemon-og-marijuana-strain\/\"]}]},{\"@type\":\"ImageObject\",\"inLanguage\":\"es\",\"@id\":\"https:\/\/legitgrams.com\/product\/lemon-og-marijuana-strain\/#primaryimage\",\"url\":\"https:\/\/legitgrams.com\/wp-content\/uploads\/2024\/09\/Buy-Lemon-OG-Marijuana-Strain-Online.jpg\",\"contentUrl\":\"https:\/\/legitgrams.com\/wp-content\/uploads\/2024\/09\/Buy-Lemon-OG-Marijuana-Strain-Online.jpg\",\"width\":600,\"height\":600,\"caption\":\"Lemon OG Marijuana Strain for Sale\"},{\"@type\":\"BreadcrumbList\",\"@id\":\"https:\/\/legitgrams.com\/product\/lemon-og-marijuana-strain\/#breadcrumb\",\"itemListElement\":[{\"@type\":\"ListItem\",\"position\":1,\"name\":\"Home\",\"item\":\"https:\/\/legitgrams.com\/\"},{\"@type\":\"ListItem\",\"position\":2,\"name\":\"Shop\",\"item\":\"https:\/\/legitgrams.com\/shop\/\"},{\"@type\":\"ListItem\",\"position\":3,\"name\":\"Lemon OG Marijuana Strain\"}]},{\"@type\":\"WebSite\",\"@id\":\"https:\/\/legitgrams.com\/#website\",\"url\":\"https:\/\/legitgrams.com\/\",\"name\":\"Legit Grams\",\"description\":\"My WordPress Blog\",\"publisher\":{\"@id\":\"https:\/\/legitgrams.com\/#organization\"},\"potentialAction\":[{\"@type\":\"SearchAction\",\"target\":{\"@type\":\"EntryPoint\",\"urlTemplate\":\"https:\/\/legitgrams.com\/?s={search_term_string}\"},\"query-input\":{\"@type\":\"PropertyValueSpecification\",\"valueRequired\":true,\"valueName\":\"search_term_string\"}}],\"inLanguage\":\"es\"},{\"@type\":\"Organization\",\"@id\":\"https:\/\/legitgrams.com\/#organization\",\"name\":\"Legit Grams\",\"url\":\"https:\/\/legitgrams.com\/\",\"logo\":{\"@type\":\"ImageObject\",\"inLanguage\":\"es\",\"@id\":\"https:\/\/legitgrams.com\/#\/schema\/logo\/image\/\",\"url\":\"https:\/\/legitgrams.com\/wp-content\/uploads\/2024\/09\/main-logo.png\",\"contentUrl\":\"https:\/\/legitgrams.com\/wp-content\/uploads\/2024\/09\/main-logo.png\",\"width\":270,\"height\":75,\"caption\":\"Legit Grams\"},\"image\":{\"@id\":\"https:\/\/legitgrams.com\/#\/schema\/logo\/image\/\"}}]}<\/script>\n<!-- \/ Yoast SEO plugin. -->","yoast_head_json":{"title":"Compre la variedad de marihuana Lemon OG en l\u00ednea al mejor precio | LG","description":"Si no has probado el lemon og marijuana strai de nuestra tienda, te est\u00e1s perdiendo mucho. Te ayudaremos a comprar lemon og marijuana strai en l\u00ednea a precios econ\u00f3micos. \u00a1Consigue lemon og marijuana strai a la venta hoy mismo!","robots":{"index":"index","follow":"follow","max-snippet":"max-snippet:-1","max-image-preview":"max-image-preview:large","max-video-preview":"max-video-preview:-1"},"canonical":"https:\/\/legitgrams.com\/es\/producto\/variedad-de-marihuana-lemon-og\/","og_locale":"es_ES","og_type":"article","og_title":"Buy Lemon OG Marijuana Strain Online @ Best Price | LG","og_description":"If you have not tried lemon og marijuana strai from our store, then you are missing a lot. We will help you buy lemon og marijuana strai online at cheap rates. Get lemon og marijuana strai for sale today!","og_url":"https:\/\/legitgrams.com\/es\/producto\/variedad-de-marihuana-lemon-og\/","og_site_name":"Legit Grams","article_modified_time":"2025-01-14T07:43:08+00:00","og_image":[{"width":600,"height":600,"url":"https:\/\/legitgrams.com\/wp-content\/uploads\/2024\/09\/Buy-Lemon-OG-Marijuana-Strain-Online.jpg","type":"image\/jpeg"}],"twitter_card":"summary_large_image","twitter_misc":{"Tiempo de lectura":"2 minutos"},"schema":{"@context":"https:\/\/schema.org","@graph":[{"@type":"WebPage","@id":"https:\/\/legitgrams.com\/product\/lemon-og-marijuana-strain\/","url":"https:\/\/legitgrams.com\/product\/lemon-og-marijuana-strain\/","name":"Compre la variedad de marihuana Lemon OG en l\u00ednea al mejor precio | LG","isPartOf":{"@id":"https:\/\/legitgrams.com\/#website"},"primaryImageOfPage":{"@id":"https:\/\/legitgrams.com\/product\/lemon-og-marijuana-strain\/#primaryimage"},"image":{"@id":"https:\/\/legitgrams.com\/product\/lemon-og-marijuana-strain\/#primaryimage"},"thumbnailUrl":"https:\/\/legitgrams.com\/wp-content\/uploads\/2024\/09\/Buy-Lemon-OG-Marijuana-Strain-Online.jpg","datePublished":"2024-09-19T11:49:24+00:00","dateModified":"2025-01-14T07:43:08+00:00","description":"Si no has probado el lemon og marijuana strai de nuestra tienda, te est\u00e1s perdiendo mucho. Te ayudaremos a comprar lemon og marijuana strai en l\u00ednea a precios econ\u00f3micos. \u00a1Consigue lemon og marijuana strai a la venta hoy mismo!","breadcrumb":{"@id":"https:\/\/legitgrams.com\/product\/lemon-og-marijuana-strain\/#breadcrumb"},"inLanguage":"es","potentialAction":[{"@type":"ReadAction","target":["https:\/\/legitgrams.com\/product\/lemon-og-marijuana-strain\/"]}]},{"@type":"ImageObject","inLanguage":"es","@id":"https:\/\/legitgrams.com\/product\/lemon-og-marijuana-strain\/#primaryimage","url":"https:\/\/legitgrams.com\/wp-content\/uploads\/2024\/09\/Buy-Lemon-OG-Marijuana-Strain-Online.jpg","contentUrl":"https:\/\/legitgrams.com\/wp-content\/uploads\/2024\/09\/Buy-Lemon-OG-Marijuana-Strain-Online.jpg","width":600,"height":600,"caption":"Lemon OG Marijuana Strain for Sale"},{"@type":"BreadcrumbList","@id":"https:\/\/legitgrams.com\/product\/lemon-og-marijuana-strain\/#breadcrumb","itemListElement":[{"@type":"ListItem","position":1,"name":"Home","item":"https:\/\/legitgrams.com\/"},{"@type":"ListItem","position":2,"name":"Shop","item":"https:\/\/legitgrams.com\/shop\/"},{"@type":"ListItem","position":3,"name":"Lemon OG Marijuana Strain"}]},{"@type":"WebSite","@id":"https:\/\/legitgrams.com\/#website","url":"https:\/\/legitgrams.com\/","name":"Gramos leg\u00edtimos","description":"Mi blog de WordPress","publisher":{"@id":"https:\/\/legitgrams.com\/#organization"},"potentialAction":[{"@type":"SearchAction","target":{"@type":"EntryPoint","urlTemplate":"https:\/\/legitgrams.com\/?s={search_term_string}"},"query-input":{"@type":"PropertyValueSpecification","valueRequired":true,"valueName":"search_term_string"}}],"inLanguage":"es"},{"@type":"Organization","@id":"https:\/\/legitgrams.com\/#organization","name":"Gramos leg\u00edtimos","url":"https:\/\/legitgrams.com\/","logo":{"@type":"ImageObject","inLanguage":"es","@id":"https:\/\/legitgrams.com\/#\/schema\/logo\/image\/","url":"https:\/\/legitgrams.com\/wp-content\/uploads\/2024\/09\/main-logo.png","contentUrl":"https:\/\/legitgrams.com\/wp-content\/uploads\/2024\/09\/main-logo.png","width":270,"height":75,"caption":"Legit Grams"},"image":{"@id":"https:\/\/legitgrams.com\/#\/schema\/logo\/image\/"}}]}},"uagb_featured_image_src":{"full":["https:\/\/legitgrams.com\/wp-content\/uploads\/2024\/09\/Buy-Lemon-OG-Marijuana-Strain-Online.jpg",600,600,false],"thumbnail":["https:\/\/legitgrams.com\/wp-content\/uploads\/2024\/09\/Buy-Lemon-OG-Marijuana-Strain-Online-150x150.jpg",150,150,true],"medium":["https:\/\/legitgrams.com\/wp-content\/uploads\/2024\/09\/Buy-Lemon-OG-Marijuana-Strain-Online-300x300.jpg",300,300,true],"medium_large":["https:\/\/legitgrams.com\/wp-content\/uploads\/2024\/09\/Buy-Lemon-OG-Marijuana-Strain-Online.jpg",600,600,false],"large":["https:\/\/legitgrams.com\/wp-content\/uploads\/2024\/09\/Buy-Lemon-OG-Marijuana-Strain-Online.jpg",600,600,false],"1536x1536":["https:\/\/legitgrams.com\/wp-content\/uploads\/2024\/09\/Buy-Lemon-OG-Marijuana-Strain-Online.jpg",600,600,false],"2048x2048":["https:\/\/legitgrams.com\/wp-content\/uploads\/2024\/09\/Buy-Lemon-OG-Marijuana-Strain-Online.jpg",600,600,false],"trp-custom-language-flag":["https:\/\/legitgrams.com\/wp-content\/uploads\/2024\/09\/Buy-Lemon-OG-Marijuana-Strain-Online-12x12.jpg",12,12,true],"woocommerce_thumbnail":["https:\/\/legitgrams.com\/wp-content\/uploads\/2024\/09\/Buy-Lemon-OG-Marijuana-Strain-Online-300x300.jpg",300,300,true],"woocommerce_single":["https:\/\/legitgrams.com\/wp-content\/uploads\/2024\/09\/Buy-Lemon-OG-Marijuana-Strain-Online.jpg",600,600,false],"woocommerce_gallery_thumbnail":["https:\/\/legitgrams.com\/wp-content\/uploads\/2024\/09\/Buy-Lemon-OG-Marijuana-Strain-Online-100x100.jpg",100,100,true]},"uagb_author_info":{"display_name":"cokeblog18","author_link":"https:\/\/legitgrams.com\/es\/author\/"},"uagb_comment_info":0,"uagb_excerpt":"Purchase Lemon OG Cannabis Strain Online Impacts: Joyful, soothing, imaginative, stimulating, and possibly alleviating Stress, insomnia, loss of appetite, and chronic pain Flavors Lemony and Tangy Fragrances Lemon, earthy, sour, pungent, and citrus Online Purchase of Lemon OG Cannabis Strain\u00a0&#8211; Online Purchase of Cannabis Strain, Online Purchase of OG Cannabis Strain Where to purchase Lemon&hellip;","_links":{"self":[{"href":"https:\/\/legitgrams.com\/es\/wp-json\/wp\/v2\/product\/3741","targetHints":{"allow":["GET"]}}],"collection":[{"href":"https:\/\/legitgrams.com\/es\/wp-json\/wp\/v2\/product"}],"about":[{"href":"https:\/\/legitgrams.com\/es\/wp-json\/wp\/v2\/types\/product"}],"replies":[{"embeddable":true,"href":"https:\/\/legitgrams.com\/es\/wp-json\/wp\/v2\/comments?post=3741"}],"wp:featuredmedia":[{"embeddable":true,"href":"https:\/\/legitgrams.com\/es\/wp-json\/wp\/v2\/media\/5410"}],"wp:attachment":[{"href":"https:\/\/legitgrams.com\/es\/wp-json\/wp\/v2\/media?parent=3741"}],"wp:term":[{"taxonomy":"product_brand","embeddable":true,"href":"https:\/\/legitgrams.com\/es\/wp-json\/wp\/v2\/product_brand?post=3741"},{"taxonomy":"product_cat","embeddable":true,"href":"https:\/\/legitgrams.com\/es\/wp-json\/wp\/v2\/product_cat?post=3741"},{"taxonomy":"product_tag","embeddable":true,"href":"https:\/\/legitgrams.com\/es\/wp-json\/wp\/v2\/product_tag?post=3741"}],"curies":[{"name":"wp","href":"https:\/\/api.w.org\/{rel}","templated":true}]}}