{"id":3774,"date":"2024-09-19T12:41:50","date_gmt":"2024-09-19T12:41:50","guid":{"rendered":"https:\/\/legitgrams.com\/?post_type=product&#038;p=3774"},"modified":"2025-01-14T10:38:06","modified_gmt":"2025-01-14T10:38:06","slug":"variedad-de-marihuana-pineapple-express","status":"publish","type":"product","link":"https:\/\/legitgrams.com\/es\/producto\/variedad-de-marihuana-pineapple-express\/","title":{"rendered":"Variedad de Marihuana Pineapple Express"},"content":{"rendered":"<h2>Comprar la variedad de marihuana Pineapple Express en l\u00ednea<\/h2>\n<p>Efectos: energizante, euforizante y de concentraci\u00f3n; puede aliviar la depresi\u00f3n, la fatiga, la p\u00e9rdida de apetito, los dolores de cabeza, las n\u00e1useas y las pesadillas; puede aliviar el dolor cr\u00f3nico.<br \/>\nSabe<br \/>\nAromas a c\u00edtricos, pino, pi\u00f1a, dulce y tropical<br \/>\nPino, pi\u00f1a, terroso, dulce<\/p>\n<p>Hay que tener en cuenta, sin embargo, que la tensi\u00f3n no es tan grande como la presenta la pel\u00edcula. No obstante, <a href=\"https:\/\/en.wikipedia.org\/wiki\/Pineapple_Express_(film)\">Pi\u00f1a Express<\/a> sigue siendo capaz de proporcionar un agradable y leve subid\u00f3n adormecedor, as\u00ed que eso es algo que esperar.<\/p>\n<p>La cepa se vende en pepitas de peso preciso que parecen palomitas hechas de espuma de poliestireno. Huele mal con matices c\u00edtricos, pero no sabe dulce. Al inhalar, notar\u00e1s un sabor incre\u00edble con un toque de pi\u00f1a. Pineapple Express se utiliza para tratar una amplia gama de enfermedades, ansiedad incluida. Por otra parte, tiene mucho m\u00e1s \u00e9xito en el tratamiento simult\u00e1neo de los signos y s\u00edntomas de la depresi\u00f3n persistente. No necesitas buscar m\u00e1s si tus dolores son moderados. Pineapple Express es a la vez apacible y vigorizante, como descubrir\u00e1s despu\u00e9s de fumarlo. <a href=\"https:\/\/legitgrams.com\/es\/\">LegitGrams<\/a><\/p>\n<p>Comprar <a href=\"https:\/\/legitgrams.com\/es\/producto\/variedad-de-marihuana-pineapple-express\/\">Pineapple Express Cannabis<\/a> Variedad Online: Comprar Variedad de Cannabis, Comprar Variedad de Cannabis Pineapple Express, Comprar Variedad de Marihuana Pineapple Express Online, Donde Comprar Variedad de Marihuana Pineapple Express Online, Variedad de Marihuana Pineapple Express en Venta en USA, Canada, UK, Comprar, Online, Proveedores, Entrega Segura, Variedad de Marihuana Pineapple Express en Venta, comprar Variedad de Marihuana online, Variedad de Marihuana Pineapple Express esta todavia disponible. Averig\u00fce si est\u00e1 disponible en los EE.UU. y d\u00f3nde comprarlo en l\u00ednea. \u00bfCual es el estatus legal de la Pineapple Express Marijuana Strain en Canada y como puedo obtenerla?<\/p>","protected":false},"excerpt":{"rendered":"<p>Purchase Pineapple Express Marijuana Strain Online Effects: energizing, euphoric, and focused; may alleviate depression, fatigue, loss of appetite, headaches, nausea, and nightmares; may relieve chronic pain Tastes Aromas of citrus, pine, pineapple, sweet, and tropical Pine, Pineapple, Earthy, Sweet You must remember, though, that the tension is not as great as the film portrays it &hellip;<\/p>\n<p class=\"read-more\"> <a class=\"\" href=\"https:\/\/legitgrams.com\/es\/producto\/variedad-de-marihuana-pineapple-express\/\"> <span class=\"screen-reader-text\">Variedad de Marihuana Pineapple Express<\/span> Leer m\u00e1s \"<\/a><\/p>","protected":false},"featured_media":5416,"comment_status":"open","ping_status":"closed","template":"","meta":{"_uag_custom_page_level_css":"","site-sidebar-layout":"default","site-content-layout":"default","ast-global-header-display":"","ast-main-header-display":"","ast-hfb-above-header-display":"","ast-hfb-below-header-display":"","ast-hfb-mobile-header-display":"","site-post-title":"","ast-breadcrumbs-content":"","ast-featured-img":"","footer-sml-layout":"","theme-transparent-header-meta":"default","adv-header-id-meta":"","stick-header-meta":"default","header-above-stick-meta":"","header-main-stick-meta":"","header-below-stick-meta":"","_joinchat":[]},"product_brand":[],"product_cat":[607],"product_tag":[5292,5282,617,5274,5289,5286,5281,5279,5273,5276,5284,5275,5277,5285,5287,5294,5295,5293,5290,5291,5288,625,5280,5283,5278],"class_list":{"0":"post-3774","1":"product","2":"type-product","3":"status-publish","4":"has-post-thumbnail","6":"product_cat-marijuana-cannabis","7":"product_tag-best-cheap-price-pineapple-express-marijuana-strain","8":"product_tag-best-place-to-buy-pineapple-express-marijuana-strain","9":"product_tag-bulk-online","10":"product_tag-buy-pineapple-express-marijuana-strain","11":"product_tag-cheap-pineapple-express-marijuana-strain","12":"product_tag-high-quality-pineapple-express-marijuana-strain","13":"product_tag-how-to-buy-pineapple-express-marijuana-strain","14":"product_tag-order-pineapple-express-marijuana-strain","15":"product_tag-pineapple-express-marijuana-strain","16":"product_tag-pineapple-express-marijuana-strain-for-sale","17":"product_tag-pineapple-express-marijuana-strain-legally","18":"product_tag-pineapple-express-marijuana-strain-online","19":"product_tag-pineapple-express-marijuana-strain-pineapple-express-marijuana-strain-supplier","20":"product_tag-pineapple-express-marijuana-strain-price","21":"product_tag-pineapple-express-marijuana-strain-store","22":"product_tag-pineapple-express-marijuana-strain-use","23":"product_tag-pineapple-express-marijuana-strain-wiki","24":"product_tag-pineapple-express-marijuana-strain-worldwide","25":"product_tag-pineapple-express-marijuana-strains","26":"product_tag-purcharse-pineapple-express-marijuana-strain","27":"product_tag-shop-pineapple-express-marijuana-strain","28":"product_tag-top-quality","29":"product_tag-where-to-buy-pineapple-express-marijuana-strain","30":"product_tag-where-to-order-pineapple-express-marijuana-strain","31":"product_tag-wholesale-pineapple-express-marijuana-strain","32":"desktop-align-left","33":"tablet-align-left","34":"mobile-align-left","35":"ast-product-gallery-layout-horizontal","36":"ast-product-gallery-with-no-image","37":"ast-product-single-variable","38":"ast-product-tabs-layout-horizontal","39":"ast-qv-on-image","41":"first","42":"instock","43":"shipping-taxable","44":"purchasable","45":"product-type-variable"},"yoast_head":"<!-- This site is optimized with the Yoast SEO plugin v25.9 - https:\/\/yoast.com\/wordpress\/plugins\/seo\/ -->\n<title>Pineapple Express Marijuana Strain for Sale at LegitGrams<\/title>\n<meta name=\"description\" content=\"Find premium Pineapple Express for sale at our online store, providing a secure platform to buy Pineapple Express online with ease, catering to your research needs.\" \/>\n<meta name=\"robots\" content=\"index, follow, max-snippet:-1, max-image-preview:large, max-video-preview:-1\" \/>\n<link rel=\"canonical\" href=\"https:\/\/legitgrams.com\/es\/producto\/variedad-de-marihuana-pineapple-express\/\" \/>\n<meta property=\"og:locale\" content=\"es_ES\" \/>\n<meta property=\"og:type\" content=\"article\" \/>\n<meta property=\"og:title\" content=\"Pineapple Express Marijuana Strain for Sale at LegitGrams\" \/>\n<meta property=\"og:description\" content=\"Find premium Pineapple Express for sale at our online store, providing a secure platform to buy Pineapple Express online with ease, catering to your research needs.\" \/>\n<meta property=\"og:url\" content=\"https:\/\/legitgrams.com\/es\/producto\/variedad-de-marihuana-pineapple-express\/\" \/>\n<meta property=\"og:site_name\" content=\"Legit Grams\" \/>\n<meta property=\"article:modified_time\" content=\"2025-01-14T10:38:06+00:00\" \/>\n<meta property=\"og:image\" content=\"https:\/\/legitgrams.com\/wp-content\/uploads\/2024\/09\/Buy-Pineapple-Express-Marijuana-Strain-Online.jpg\" \/>\n\t<meta property=\"og:image:width\" content=\"600\" \/>\n\t<meta property=\"og:image:height\" content=\"600\" \/>\n\t<meta property=\"og:image:type\" content=\"image\/jpeg\" \/>\n<meta name=\"twitter:card\" content=\"summary_large_image\" \/>\n<meta name=\"twitter:label1\" content=\"Tiempo de lectura\" \/>\n\t<meta name=\"twitter:data1\" content=\"2 minutos\" \/>\n<script type=\"application\/ld+json\" class=\"yoast-schema-graph\">{\"@context\":\"https:\/\/schema.org\",\"@graph\":[{\"@type\":\"WebPage\",\"@id\":\"https:\/\/legitgrams.com\/product\/pineapple-express-marijuana-strain\/\",\"url\":\"https:\/\/legitgrams.com\/product\/pineapple-express-marijuana-strain\/\",\"name\":\"Pineapple Express Marijuana Strain for Sale at LegitGrams\",\"isPartOf\":{\"@id\":\"https:\/\/legitgrams.com\/#website\"},\"primaryImageOfPage\":{\"@id\":\"https:\/\/legitgrams.com\/product\/pineapple-express-marijuana-strain\/#primaryimage\"},\"image\":{\"@id\":\"https:\/\/legitgrams.com\/product\/pineapple-express-marijuana-strain\/#primaryimage\"},\"thumbnailUrl\":\"https:\/\/legitgrams.com\/wp-content\/uploads\/2024\/09\/Buy-Pineapple-Express-Marijuana-Strain-Online.jpg\",\"datePublished\":\"2024-09-19T12:41:50+00:00\",\"dateModified\":\"2025-01-14T10:38:06+00:00\",\"description\":\"Find premium Pineapple Express for sale at our online store, providing a secure platform to buy Pineapple Express online with ease, catering to your research needs.\",\"breadcrumb\":{\"@id\":\"https:\/\/legitgrams.com\/product\/pineapple-express-marijuana-strain\/#breadcrumb\"},\"inLanguage\":\"es\",\"potentialAction\":[{\"@type\":\"ReadAction\",\"target\":[\"https:\/\/legitgrams.com\/product\/pineapple-express-marijuana-strain\/\"]}]},{\"@type\":\"ImageObject\",\"inLanguage\":\"es\",\"@id\":\"https:\/\/legitgrams.com\/product\/pineapple-express-marijuana-strain\/#primaryimage\",\"url\":\"https:\/\/legitgrams.com\/wp-content\/uploads\/2024\/09\/Buy-Pineapple-Express-Marijuana-Strain-Online.jpg\",\"contentUrl\":\"https:\/\/legitgrams.com\/wp-content\/uploads\/2024\/09\/Buy-Pineapple-Express-Marijuana-Strain-Online.jpg\",\"width\":600,\"height\":600,\"caption\":\"Pineapple Express Marijuana Strain for Sale\"},{\"@type\":\"BreadcrumbList\",\"@id\":\"https:\/\/legitgrams.com\/product\/pineapple-express-marijuana-strain\/#breadcrumb\",\"itemListElement\":[{\"@type\":\"ListItem\",\"position\":1,\"name\":\"Home\",\"item\":\"https:\/\/legitgrams.com\/\"},{\"@type\":\"ListItem\",\"position\":2,\"name\":\"Shop\",\"item\":\"https:\/\/legitgrams.com\/shop\/\"},{\"@type\":\"ListItem\",\"position\":3,\"name\":\"Pineapple Express Marijuana Strain\"}]},{\"@type\":\"WebSite\",\"@id\":\"https:\/\/legitgrams.com\/#website\",\"url\":\"https:\/\/legitgrams.com\/\",\"name\":\"Legit Grams\",\"description\":\"My WordPress Blog\",\"publisher\":{\"@id\":\"https:\/\/legitgrams.com\/#organization\"},\"potentialAction\":[{\"@type\":\"SearchAction\",\"target\":{\"@type\":\"EntryPoint\",\"urlTemplate\":\"https:\/\/legitgrams.com\/?s={search_term_string}\"},\"query-input\":{\"@type\":\"PropertyValueSpecification\",\"valueRequired\":true,\"valueName\":\"search_term_string\"}}],\"inLanguage\":\"es\"},{\"@type\":\"Organization\",\"@id\":\"https:\/\/legitgrams.com\/#organization\",\"name\":\"Legit Grams\",\"url\":\"https:\/\/legitgrams.com\/\",\"logo\":{\"@type\":\"ImageObject\",\"inLanguage\":\"es\",\"@id\":\"https:\/\/legitgrams.com\/#\/schema\/logo\/image\/\",\"url\":\"https:\/\/legitgrams.com\/wp-content\/uploads\/2024\/09\/main-logo.png\",\"contentUrl\":\"https:\/\/legitgrams.com\/wp-content\/uploads\/2024\/09\/main-logo.png\",\"width\":270,\"height\":75,\"caption\":\"Legit Grams\"},\"image\":{\"@id\":\"https:\/\/legitgrams.com\/#\/schema\/logo\/image\/\"}}]}<\/script>\n<!-- \/ Yoast SEO plugin. -->","yoast_head_json":{"title":"Cepa de marihuana Pineapple Express a la venta en LegitGrams","description":"Encuentre Pineapple Express de primera calidad a la venta en nuestra tienda en l\u00ednea, que proporciona una plataforma segura para comprar Pineapple Express en l\u00ednea con facilidad, atendiendo a sus necesidades de investigaci\u00f3n.","robots":{"index":"index","follow":"follow","max-snippet":"max-snippet:-1","max-image-preview":"max-image-preview:large","max-video-preview":"max-video-preview:-1"},"canonical":"https:\/\/legitgrams.com\/es\/producto\/variedad-de-marihuana-pineapple-express\/","og_locale":"es_ES","og_type":"article","og_title":"Pineapple Express Marijuana Strain for Sale at LegitGrams","og_description":"Find premium Pineapple Express for sale at our online store, providing a secure platform to buy Pineapple Express online with ease, catering to your research needs.","og_url":"https:\/\/legitgrams.com\/es\/producto\/variedad-de-marihuana-pineapple-express\/","og_site_name":"Legit Grams","article_modified_time":"2025-01-14T10:38:06+00:00","og_image":[{"width":600,"height":600,"url":"https:\/\/legitgrams.com\/wp-content\/uploads\/2024\/09\/Buy-Pineapple-Express-Marijuana-Strain-Online.jpg","type":"image\/jpeg"}],"twitter_card":"summary_large_image","twitter_misc":{"Tiempo de lectura":"2 minutos"},"schema":{"@context":"https:\/\/schema.org","@graph":[{"@type":"WebPage","@id":"https:\/\/legitgrams.com\/product\/pineapple-express-marijuana-strain\/","url":"https:\/\/legitgrams.com\/product\/pineapple-express-marijuana-strain\/","name":"Cepa de marihuana Pineapple Express a la venta en LegitGrams","isPartOf":{"@id":"https:\/\/legitgrams.com\/#website"},"primaryImageOfPage":{"@id":"https:\/\/legitgrams.com\/product\/pineapple-express-marijuana-strain\/#primaryimage"},"image":{"@id":"https:\/\/legitgrams.com\/product\/pineapple-express-marijuana-strain\/#primaryimage"},"thumbnailUrl":"https:\/\/legitgrams.com\/wp-content\/uploads\/2024\/09\/Buy-Pineapple-Express-Marijuana-Strain-Online.jpg","datePublished":"2024-09-19T12:41:50+00:00","dateModified":"2025-01-14T10:38:06+00:00","description":"Encuentre Pineapple Express de primera calidad a la venta en nuestra tienda en l\u00ednea, que proporciona una plataforma segura para comprar Pineapple Express en l\u00ednea con facilidad, atendiendo a sus necesidades de investigaci\u00f3n.","breadcrumb":{"@id":"https:\/\/legitgrams.com\/product\/pineapple-express-marijuana-strain\/#breadcrumb"},"inLanguage":"es","potentialAction":[{"@type":"ReadAction","target":["https:\/\/legitgrams.com\/product\/pineapple-express-marijuana-strain\/"]}]},{"@type":"ImageObject","inLanguage":"es","@id":"https:\/\/legitgrams.com\/product\/pineapple-express-marijuana-strain\/#primaryimage","url":"https:\/\/legitgrams.com\/wp-content\/uploads\/2024\/09\/Buy-Pineapple-Express-Marijuana-Strain-Online.jpg","contentUrl":"https:\/\/legitgrams.com\/wp-content\/uploads\/2024\/09\/Buy-Pineapple-Express-Marijuana-Strain-Online.jpg","width":600,"height":600,"caption":"Pineapple Express Marijuana Strain for Sale"},{"@type":"BreadcrumbList","@id":"https:\/\/legitgrams.com\/product\/pineapple-express-marijuana-strain\/#breadcrumb","itemListElement":[{"@type":"ListItem","position":1,"name":"Home","item":"https:\/\/legitgrams.com\/"},{"@type":"ListItem","position":2,"name":"Shop","item":"https:\/\/legitgrams.com\/shop\/"},{"@type":"ListItem","position":3,"name":"Pineapple Express Marijuana Strain"}]},{"@type":"WebSite","@id":"https:\/\/legitgrams.com\/#website","url":"https:\/\/legitgrams.com\/","name":"Gramos leg\u00edtimos","description":"Mi blog de WordPress","publisher":{"@id":"https:\/\/legitgrams.com\/#organization"},"potentialAction":[{"@type":"SearchAction","target":{"@type":"EntryPoint","urlTemplate":"https:\/\/legitgrams.com\/?s={search_term_string}"},"query-input":{"@type":"PropertyValueSpecification","valueRequired":true,"valueName":"search_term_string"}}],"inLanguage":"es"},{"@type":"Organization","@id":"https:\/\/legitgrams.com\/#organization","name":"Gramos leg\u00edtimos","url":"https:\/\/legitgrams.com\/","logo":{"@type":"ImageObject","inLanguage":"es","@id":"https:\/\/legitgrams.com\/#\/schema\/logo\/image\/","url":"https:\/\/legitgrams.com\/wp-content\/uploads\/2024\/09\/main-logo.png","contentUrl":"https:\/\/legitgrams.com\/wp-content\/uploads\/2024\/09\/main-logo.png","width":270,"height":75,"caption":"Legit Grams"},"image":{"@id":"https:\/\/legitgrams.com\/#\/schema\/logo\/image\/"}}]}},"uagb_featured_image_src":{"full":["https:\/\/legitgrams.com\/wp-content\/uploads\/2024\/09\/Buy-Pineapple-Express-Marijuana-Strain-Online.jpg",600,600,false],"thumbnail":["https:\/\/legitgrams.com\/wp-content\/uploads\/2024\/09\/Buy-Pineapple-Express-Marijuana-Strain-Online-150x150.jpg",150,150,true],"medium":["https:\/\/legitgrams.com\/wp-content\/uploads\/2024\/09\/Buy-Pineapple-Express-Marijuana-Strain-Online-300x300.jpg",300,300,true],"medium_large":["https:\/\/legitgrams.com\/wp-content\/uploads\/2024\/09\/Buy-Pineapple-Express-Marijuana-Strain-Online.jpg",600,600,false],"large":["https:\/\/legitgrams.com\/wp-content\/uploads\/2024\/09\/Buy-Pineapple-Express-Marijuana-Strain-Online.jpg",600,600,false],"1536x1536":["https:\/\/legitgrams.com\/wp-content\/uploads\/2024\/09\/Buy-Pineapple-Express-Marijuana-Strain-Online.jpg",600,600,false],"2048x2048":["https:\/\/legitgrams.com\/wp-content\/uploads\/2024\/09\/Buy-Pineapple-Express-Marijuana-Strain-Online.jpg",600,600,false],"trp-custom-language-flag":["https:\/\/legitgrams.com\/wp-content\/uploads\/2024\/09\/Buy-Pineapple-Express-Marijuana-Strain-Online-12x12.jpg",12,12,true],"woocommerce_thumbnail":["https:\/\/legitgrams.com\/wp-content\/uploads\/2024\/09\/Buy-Pineapple-Express-Marijuana-Strain-Online-300x300.jpg",300,300,true],"woocommerce_single":["https:\/\/legitgrams.com\/wp-content\/uploads\/2024\/09\/Buy-Pineapple-Express-Marijuana-Strain-Online.jpg",600,600,false],"woocommerce_gallery_thumbnail":["https:\/\/legitgrams.com\/wp-content\/uploads\/2024\/09\/Buy-Pineapple-Express-Marijuana-Strain-Online-100x100.jpg",100,100,true]},"uagb_author_info":{"display_name":"cokeblog18","author_link":"https:\/\/legitgrams.com\/es\/author\/"},"uagb_comment_info":0,"uagb_excerpt":"Purchase Pineapple Express Marijuana Strain Online Effects: energizing, euphoric, and focused; may alleviate depression, fatigue, loss of appetite, headaches, nausea, and nightmares; may relieve chronic pain Tastes Aromas of citrus, pine, pineapple, sweet, and tropical Pine, Pineapple, Earthy, Sweet You must remember, though, that the tension is not as great as the film portrays it&hellip;","_links":{"self":[{"href":"https:\/\/legitgrams.com\/es\/wp-json\/wp\/v2\/product\/3774","targetHints":{"allow":["GET"]}}],"collection":[{"href":"https:\/\/legitgrams.com\/es\/wp-json\/wp\/v2\/product"}],"about":[{"href":"https:\/\/legitgrams.com\/es\/wp-json\/wp\/v2\/types\/product"}],"replies":[{"embeddable":true,"href":"https:\/\/legitgrams.com\/es\/wp-json\/wp\/v2\/comments?post=3774"}],"wp:featuredmedia":[{"embeddable":true,"href":"https:\/\/legitgrams.com\/es\/wp-json\/wp\/v2\/media\/5416"}],"wp:attachment":[{"href":"https:\/\/legitgrams.com\/es\/wp-json\/wp\/v2\/media?parent=3774"}],"wp:term":[{"taxonomy":"product_brand","embeddable":true,"href":"https:\/\/legitgrams.com\/es\/wp-json\/wp\/v2\/product_brand?post=3774"},{"taxonomy":"product_cat","embeddable":true,"href":"https:\/\/legitgrams.com\/es\/wp-json\/wp\/v2\/product_cat?post=3774"},{"taxonomy":"product_tag","embeddable":true,"href":"https:\/\/legitgrams.com\/es\/wp-json\/wp\/v2\/product_tag?post=3774"}],"curies":[{"name":"wp","href":"https:\/\/api.w.org\/{rel}","templated":true}]}}