{"id":3782,"date":"2024-09-20T05:04:07","date_gmt":"2024-09-20T05:04:07","guid":{"rendered":"https:\/\/legitgrams.com\/?post_type=product&#038;p=3782"},"modified":"2025-01-14T10:52:52","modified_gmt":"2025-01-14T10:52:52","slug":"dragon-purpura-cannabis-aaaaa","status":"publish","type":"product","link":"https:\/\/legitgrams.com\/es\/producto\/dragon-purpura-cannabis-aaaaa\/","title":{"rendered":"Purple Dragon cannabis (AAAAA)"},"content":{"rendered":"<h2>Comprar cannabis Purple Dragon en l\u00ednea (AAAA)<\/h2>\n<p>La Purple Dragon es una potente h\u00edbrida de predominancia \u00edndica, una mezcla entre la Blue Dragon y la Purple Urkle. El efecto equilibrado que produce la Purple Dragon calma y relaja el cuerpo y la mente. Esta cepa tiene un aroma muy agradable que combina almizcle y salvia con un sabor floral persistente. La mente se siente estimulada y feliz despu\u00e9s de disfrutar de esta tensi\u00f3n, lo que alivia r\u00e1pidamente la ansiedad y la tristeza. Los beneficios de la Purple Dragon proporcionan inicialmente al usuario una claridad mental positiva y energizante antes de proporcionar progresivamente horas de alivio del dolor y la sedaci\u00f3n. A medida que el cliente finalmente alcanza un estado de relajaci\u00f3n que se siente tanto en la mente como en el cuerpo, los dolores f\u00edsicos generalmente desaparecen. Para numerosas enfermedades, la Purple Dragon es un excelente tratamiento para problemas como la ansiedad, la depresi\u00f3n, los trastornos del estado de \u00e1nimo, el cansancio f\u00edsico, los dolores de cabeza, las migra\u00f1as, el dolor cr\u00f3nico y la p\u00e9rdida de apetito.<\/p>\n<p>En <a href=\"https:\/\/legitgrams.com\/es\/producto\/dragon-purpura-cannabis-aaaaa\/\">Drag\u00f3n p\u00farpura<\/a> es un potente h\u00edbrido principalmente Indica, cruce de Blue Dragon y Purple Urkle. Purple Dragon proporciona un subid\u00f3n equilibrado que calma y relaja tanto el cuerpo como la mente. Esta cepa tiene un aroma extremadamente agradable que mezcla salvia y almizcle con un persistente sabor floral. La ansiedad y la desesperaci\u00f3n se alivian r\u00e1pidamente despu\u00e9s de saborear esta tensi\u00f3n, que deja la mente energizada y extasiada. Los efectos de Purple Dragon proporcionan gradualmente al usuario un medio de alivio del dolor, pero antes le proporcionan una claridad mental edificante y vigorizante. y horas de sedaci\u00f3n. A medida que el consumidor entra gradualmente en un estado de relajaci\u00f3n que afecta tanto al cuerpo como a la psique, los dolores corporales generales desaparecen. Muchas dolencias, como la ansiedad, la tristeza, los trastornos del estado de \u00e1nimo, el agotamiento f\u00edsico, las migra\u00f1as, los dolores de cabeza, el dolor cr\u00f3nico y la p\u00e9rdida de apetito, pueden tratarse eficazmente con el drag\u00f3n p\u00farpura. <a href=\"https:\/\/legitgrams.com\/es\/\">LegitGrams<\/a><\/p>\n<p>Comprar Dragon <a href=\"https:\/\/en.wikipedia.org\/wiki\/Cannabis_(drug)\">cannabis<\/a>comprar cannabis Purple Dragon (AAAAA), comprar cannabis Purple Dragon en l\u00ednea, \u00bfD\u00f3nde puedo comprar cannabis Purple Dragon (AAAAA) en l\u00ednea? \u00bfD\u00f3nde puedo comprar cannabis Purple Dragon (AAAAA) en l\u00ednea? \u00bfD\u00f3nde puedo comprar cannabis Purple Dragon (AAAAA) en l\u00ednea? Purple Dragon cannabis (AAAAA) a la venta en Estados Unidos, Canad\u00e1 y Reino Unido? comprar, online, proveedores, entrega segura, Purple Dragon cannabis (AAAAA) todav\u00eda est\u00e1 disponible. \u00bfEs legal el cannabis Purple Dragon (AAAAA) en Canad\u00e1? \u00bfD\u00f3nde puedo comprar cannabis Purple Dragon (AAAAAA) en l\u00ednea? \u00bfC\u00f3mo puedo realizar un pedido de Purple Dragon Cannabis (AAAAAA)?<\/p>","protected":false},"excerpt":{"rendered":"<p>Purchase Purple Dragon Cannabis Online (AAAAA) A mix between the Blue Dragon and the Purple Urkle, the Purple Dragon is a strong indica-dominant hybrid. The well-balanced high that Purple Dragon offers calms and relaxes the body and mind. This strain has a very pleasant aroma that combines musk and sage with a lingering flowery taste. &hellip;<\/p>\n<p class=\"read-more\"> <a class=\"\" href=\"https:\/\/legitgrams.com\/es\/producto\/dragon-purpura-cannabis-aaaaa\/\"> <span class=\"screen-reader-text\">Purple Dragon cannabis (AAAAA)<\/span> Leer m\u00e1s \"<\/a><\/p>","protected":false},"featured_media":5417,"comment_status":"open","ping_status":"closed","template":"","meta":{"_uag_custom_page_level_css":"","site-sidebar-layout":"default","site-content-layout":"default","ast-global-header-display":"","ast-main-header-display":"","ast-hfb-above-header-display":"","ast-hfb-below-header-display":"","ast-hfb-mobile-header-display":"","site-post-title":"","ast-breadcrumbs-content":"","ast-featured-img":"","footer-sml-layout":"","theme-transparent-header-meta":"default","adv-header-id-meta":"","stick-header-meta":"default","header-above-stick-meta":"","header-main-stick-meta":"","header-below-stick-meta":"","_joinchat":[]},"product_brand":[],"product_cat":[607],"product_tag":[5269,5259,617,5251,5266,5263,5258,5256,5268,5250,5253,5261,5252,5262,5254,5264,5271,5272,5270,5267,5265,625,5257,5260,5255],"class_list":{"0":"post-3782","1":"product","2":"type-product","3":"status-publish","4":"has-post-thumbnail","6":"product_cat-marijuana-cannabis","7":"product_tag-best-cheap-price-purple-dragon-cannabis-aaaaa","8":"product_tag-best-place-to-buy-purple-dragon-cannabis-aaaaa","9":"product_tag-bulk-online","10":"product_tag-buy-purple-dragon-cannabis-aaaaa","11":"product_tag-cheap-purple-dragon-cannabis-aaaaa","12":"product_tag-high-quality-purple-dragon-cannabis-aaaaa","13":"product_tag-how-to-buy-purple-dragon-cannabis-aaaaa","14":"product_tag-order-purple-dragon-cannabis-aaaaa","15":"product_tag-purcharse-purple-dragon-cannabis-aaaaa","16":"product_tag-purple-dragon-cannabis-aaaaa","17":"product_tag-purple-dragon-cannabis-aaaaa-for-sale","18":"product_tag-purple-dragon-cannabis-aaaaa-legally","19":"product_tag-purple-dragon-cannabis-aaaaa-online","20":"product_tag-purple-dragon-cannabis-aaaaa-price","21":"product_tag-purple-dragon-cannabis-aaaaa-purple-dragon-cannabis-aaaaa-supplier","22":"product_tag-purple-dragon-cannabis-aaaaa-store","23":"product_tag-purple-dragon-cannabis-aaaaa-use","24":"product_tag-purple-dragon-cannabis-aaaaa-wiki","25":"product_tag-purple-dragon-cannabis-aaaaa-worldwide","26":"product_tag-purple-dragon-cannabis-aaaaas","27":"product_tag-shop-purple-dragon-cannabis-aaaaa","28":"product_tag-top-quality","29":"product_tag-where-to-buy-purple-dragon-cannabis-aaaaa","30":"product_tag-where-to-order-purple-dragon-cannabis-aaaaa","31":"product_tag-wholesale-purple-dragon-cannabis-aaaaa","32":"desktop-align-left","33":"tablet-align-left","34":"mobile-align-left","35":"ast-product-gallery-layout-horizontal","36":"ast-product-gallery-with-no-image","37":"ast-product-single-variable","38":"ast-product-tabs-layout-horizontal","39":"ast-qv-on-image","41":"first","42":"instock","43":"shipping-taxable","44":"purchasable","45":"product-type-variable"},"yoast_head":"<!-- This site is optimized with the Yoast SEO plugin v25.9 - https:\/\/yoast.com\/wordpress\/plugins\/seo\/ -->\n<title>Purple Dragon cannabis (AAAAA) for Sale at LegitGrams<\/title>\n<meta name=\"description\" content=\"Find premium purple dragon cannabis (AAAAA) for sale at our online store, providing a secure platform to buy purple dragon cannabis (AAAAA) online with ease, catering to your research needs. Hit your order now!\" \/>\n<meta name=\"robots\" content=\"index, follow, max-snippet:-1, max-image-preview:large, max-video-preview:-1\" \/>\n<link rel=\"canonical\" href=\"https:\/\/legitgrams.com\/es\/producto\/dragon-purpura-cannabis-aaaaa\/\" \/>\n<meta property=\"og:locale\" content=\"es_ES\" \/>\n<meta property=\"og:type\" content=\"article\" \/>\n<meta property=\"og:title\" content=\"Purple Dragon cannabis (AAAAA) for Sale at LegitGrams\" \/>\n<meta property=\"og:description\" content=\"Find premium purple dragon cannabis (AAAAA) for sale at our online store, providing a secure platform to buy purple dragon cannabis (AAAAA) online with ease, catering to your research needs. Hit your order now!\" \/>\n<meta property=\"og:url\" content=\"https:\/\/legitgrams.com\/es\/producto\/dragon-purpura-cannabis-aaaaa\/\" \/>\n<meta property=\"og:site_name\" content=\"Legit Grams\" \/>\n<meta property=\"article:modified_time\" content=\"2025-01-14T10:52:52+00:00\" \/>\n<meta property=\"og:image\" content=\"https:\/\/legitgrams.com\/wp-content\/uploads\/2024\/09\/Buy-Purple-Dragon-cannabis-AAAAA.jpg\" \/>\n\t<meta property=\"og:image:width\" content=\"600\" \/>\n\t<meta property=\"og:image:height\" content=\"600\" \/>\n\t<meta property=\"og:image:type\" content=\"image\/jpeg\" \/>\n<meta name=\"twitter:card\" content=\"summary_large_image\" \/>\n<meta name=\"twitter:label1\" content=\"Tiempo de lectura\" \/>\n\t<meta name=\"twitter:data1\" content=\"2 minutos\" \/>\n<script type=\"application\/ld+json\" class=\"yoast-schema-graph\">{\"@context\":\"https:\/\/schema.org\",\"@graph\":[{\"@type\":\"WebPage\",\"@id\":\"https:\/\/legitgrams.com\/product\/purple-dragon-cannabis-aaaaa\/\",\"url\":\"https:\/\/legitgrams.com\/product\/purple-dragon-cannabis-aaaaa\/\",\"name\":\"Purple Dragon cannabis (AAAAA) for Sale at LegitGrams\",\"isPartOf\":{\"@id\":\"https:\/\/legitgrams.com\/#website\"},\"primaryImageOfPage\":{\"@id\":\"https:\/\/legitgrams.com\/product\/purple-dragon-cannabis-aaaaa\/#primaryimage\"},\"image\":{\"@id\":\"https:\/\/legitgrams.com\/product\/purple-dragon-cannabis-aaaaa\/#primaryimage\"},\"thumbnailUrl\":\"https:\/\/legitgrams.com\/wp-content\/uploads\/2024\/09\/Buy-Purple-Dragon-cannabis-AAAAA.jpg\",\"datePublished\":\"2024-09-20T05:04:07+00:00\",\"dateModified\":\"2025-01-14T10:52:52+00:00\",\"description\":\"Find premium purple dragon cannabis (AAAAA) for sale at our online store, providing a secure platform to buy purple dragon cannabis (AAAAA) online with ease, catering to your research needs. Hit your order now!\",\"breadcrumb\":{\"@id\":\"https:\/\/legitgrams.com\/product\/purple-dragon-cannabis-aaaaa\/#breadcrumb\"},\"inLanguage\":\"es\",\"potentialAction\":[{\"@type\":\"ReadAction\",\"target\":[\"https:\/\/legitgrams.com\/product\/purple-dragon-cannabis-aaaaa\/\"]}]},{\"@type\":\"ImageObject\",\"inLanguage\":\"es\",\"@id\":\"https:\/\/legitgrams.com\/product\/purple-dragon-cannabis-aaaaa\/#primaryimage\",\"url\":\"https:\/\/legitgrams.com\/wp-content\/uploads\/2024\/09\/Buy-Purple-Dragon-cannabis-AAAAA.jpg\",\"contentUrl\":\"https:\/\/legitgrams.com\/wp-content\/uploads\/2024\/09\/Buy-Purple-Dragon-cannabis-AAAAA.jpg\",\"width\":600,\"height\":600,\"caption\":\"Purple Dragon cannabis (AAAAA) for sale\"},{\"@type\":\"BreadcrumbList\",\"@id\":\"https:\/\/legitgrams.com\/product\/purple-dragon-cannabis-aaaaa\/#breadcrumb\",\"itemListElement\":[{\"@type\":\"ListItem\",\"position\":1,\"name\":\"Home\",\"item\":\"https:\/\/legitgrams.com\/\"},{\"@type\":\"ListItem\",\"position\":2,\"name\":\"Shop\",\"item\":\"https:\/\/legitgrams.com\/shop\/\"},{\"@type\":\"ListItem\",\"position\":3,\"name\":\"Purple Dragon cannabis (AAAAA)\"}]},{\"@type\":\"WebSite\",\"@id\":\"https:\/\/legitgrams.com\/#website\",\"url\":\"https:\/\/legitgrams.com\/\",\"name\":\"Legit Grams\",\"description\":\"My WordPress Blog\",\"publisher\":{\"@id\":\"https:\/\/legitgrams.com\/#organization\"},\"potentialAction\":[{\"@type\":\"SearchAction\",\"target\":{\"@type\":\"EntryPoint\",\"urlTemplate\":\"https:\/\/legitgrams.com\/?s={search_term_string}\"},\"query-input\":{\"@type\":\"PropertyValueSpecification\",\"valueRequired\":true,\"valueName\":\"search_term_string\"}}],\"inLanguage\":\"es\"},{\"@type\":\"Organization\",\"@id\":\"https:\/\/legitgrams.com\/#organization\",\"name\":\"Legit Grams\",\"url\":\"https:\/\/legitgrams.com\/\",\"logo\":{\"@type\":\"ImageObject\",\"inLanguage\":\"es\",\"@id\":\"https:\/\/legitgrams.com\/#\/schema\/logo\/image\/\",\"url\":\"https:\/\/legitgrams.com\/wp-content\/uploads\/2024\/09\/main-logo.png\",\"contentUrl\":\"https:\/\/legitgrams.com\/wp-content\/uploads\/2024\/09\/main-logo.png\",\"width\":270,\"height\":75,\"caption\":\"Legit Grams\"},\"image\":{\"@id\":\"https:\/\/legitgrams.com\/#\/schema\/logo\/image\/\"}}]}<\/script>\n<!-- \/ Yoast SEO plugin. -->","yoast_head_json":{"title":"Purple Dragon cannabis (AAAAA) a la venta en LegitGrams","description":"Encuentra cannabis drag\u00f3n p\u00farpura (AAAAA) de primera calidad a la venta en nuestra tienda en l\u00ednea, proporcionando una plataforma segura para comprar cannabis drag\u00f3n p\u00farpura (AAAAA) en l\u00ednea con facilidad, atendiendo a sus necesidades de investigaci\u00f3n. \u00a1Haga su pedido ahora!","robots":{"index":"index","follow":"follow","max-snippet":"max-snippet:-1","max-image-preview":"max-image-preview:large","max-video-preview":"max-video-preview:-1"},"canonical":"https:\/\/legitgrams.com\/es\/producto\/dragon-purpura-cannabis-aaaaa\/","og_locale":"es_ES","og_type":"article","og_title":"Purple Dragon cannabis (AAAAA) for Sale at LegitGrams","og_description":"Find premium purple dragon cannabis (AAAAA) for sale at our online store, providing a secure platform to buy purple dragon cannabis (AAAAA) online with ease, catering to your research needs. Hit your order now!","og_url":"https:\/\/legitgrams.com\/es\/producto\/dragon-purpura-cannabis-aaaaa\/","og_site_name":"Legit Grams","article_modified_time":"2025-01-14T10:52:52+00:00","og_image":[{"width":600,"height":600,"url":"https:\/\/legitgrams.com\/wp-content\/uploads\/2024\/09\/Buy-Purple-Dragon-cannabis-AAAAA.jpg","type":"image\/jpeg"}],"twitter_card":"summary_large_image","twitter_misc":{"Tiempo de lectura":"2 minutos"},"schema":{"@context":"https:\/\/schema.org","@graph":[{"@type":"WebPage","@id":"https:\/\/legitgrams.com\/product\/purple-dragon-cannabis-aaaaa\/","url":"https:\/\/legitgrams.com\/product\/purple-dragon-cannabis-aaaaa\/","name":"Purple Dragon cannabis (AAAAA) a la venta en LegitGrams","isPartOf":{"@id":"https:\/\/legitgrams.com\/#website"},"primaryImageOfPage":{"@id":"https:\/\/legitgrams.com\/product\/purple-dragon-cannabis-aaaaa\/#primaryimage"},"image":{"@id":"https:\/\/legitgrams.com\/product\/purple-dragon-cannabis-aaaaa\/#primaryimage"},"thumbnailUrl":"https:\/\/legitgrams.com\/wp-content\/uploads\/2024\/09\/Buy-Purple-Dragon-cannabis-AAAAA.jpg","datePublished":"2024-09-20T05:04:07+00:00","dateModified":"2025-01-14T10:52:52+00:00","description":"Encuentra cannabis drag\u00f3n p\u00farpura (AAAAA) de primera calidad a la venta en nuestra tienda en l\u00ednea, proporcionando una plataforma segura para comprar cannabis drag\u00f3n p\u00farpura (AAAAA) en l\u00ednea con facilidad, atendiendo a sus necesidades de investigaci\u00f3n. \u00a1Haga su pedido ahora!","breadcrumb":{"@id":"https:\/\/legitgrams.com\/product\/purple-dragon-cannabis-aaaaa\/#breadcrumb"},"inLanguage":"es","potentialAction":[{"@type":"ReadAction","target":["https:\/\/legitgrams.com\/product\/purple-dragon-cannabis-aaaaa\/"]}]},{"@type":"ImageObject","inLanguage":"es","@id":"https:\/\/legitgrams.com\/product\/purple-dragon-cannabis-aaaaa\/#primaryimage","url":"https:\/\/legitgrams.com\/wp-content\/uploads\/2024\/09\/Buy-Purple-Dragon-cannabis-AAAAA.jpg","contentUrl":"https:\/\/legitgrams.com\/wp-content\/uploads\/2024\/09\/Buy-Purple-Dragon-cannabis-AAAAA.jpg","width":600,"height":600,"caption":"Purple Dragon cannabis (AAAAA) for sale"},{"@type":"BreadcrumbList","@id":"https:\/\/legitgrams.com\/product\/purple-dragon-cannabis-aaaaa\/#breadcrumb","itemListElement":[{"@type":"ListItem","position":1,"name":"Home","item":"https:\/\/legitgrams.com\/"},{"@type":"ListItem","position":2,"name":"Shop","item":"https:\/\/legitgrams.com\/shop\/"},{"@type":"ListItem","position":3,"name":"Purple Dragon cannabis (AAAAA)"}]},{"@type":"WebSite","@id":"https:\/\/legitgrams.com\/#website","url":"https:\/\/legitgrams.com\/","name":"Gramos leg\u00edtimos","description":"Mi blog de WordPress","publisher":{"@id":"https:\/\/legitgrams.com\/#organization"},"potentialAction":[{"@type":"SearchAction","target":{"@type":"EntryPoint","urlTemplate":"https:\/\/legitgrams.com\/?s={search_term_string}"},"query-input":{"@type":"PropertyValueSpecification","valueRequired":true,"valueName":"search_term_string"}}],"inLanguage":"es"},{"@type":"Organization","@id":"https:\/\/legitgrams.com\/#organization","name":"Gramos leg\u00edtimos","url":"https:\/\/legitgrams.com\/","logo":{"@type":"ImageObject","inLanguage":"es","@id":"https:\/\/legitgrams.com\/#\/schema\/logo\/image\/","url":"https:\/\/legitgrams.com\/wp-content\/uploads\/2024\/09\/main-logo.png","contentUrl":"https:\/\/legitgrams.com\/wp-content\/uploads\/2024\/09\/main-logo.png","width":270,"height":75,"caption":"Legit Grams"},"image":{"@id":"https:\/\/legitgrams.com\/#\/schema\/logo\/image\/"}}]}},"uagb_featured_image_src":{"full":["https:\/\/legitgrams.com\/wp-content\/uploads\/2024\/09\/Buy-Purple-Dragon-cannabis-AAAAA.jpg",600,600,false],"thumbnail":["https:\/\/legitgrams.com\/wp-content\/uploads\/2024\/09\/Buy-Purple-Dragon-cannabis-AAAAA-150x150.jpg",150,150,true],"medium":["https:\/\/legitgrams.com\/wp-content\/uploads\/2024\/09\/Buy-Purple-Dragon-cannabis-AAAAA-300x300.jpg",300,300,true],"medium_large":["https:\/\/legitgrams.com\/wp-content\/uploads\/2024\/09\/Buy-Purple-Dragon-cannabis-AAAAA.jpg",600,600,false],"large":["https:\/\/legitgrams.com\/wp-content\/uploads\/2024\/09\/Buy-Purple-Dragon-cannabis-AAAAA.jpg",600,600,false],"1536x1536":["https:\/\/legitgrams.com\/wp-content\/uploads\/2024\/09\/Buy-Purple-Dragon-cannabis-AAAAA.jpg",600,600,false],"2048x2048":["https:\/\/legitgrams.com\/wp-content\/uploads\/2024\/09\/Buy-Purple-Dragon-cannabis-AAAAA.jpg",600,600,false],"trp-custom-language-flag":["https:\/\/legitgrams.com\/wp-content\/uploads\/2024\/09\/Buy-Purple-Dragon-cannabis-AAAAA-12x12.jpg",12,12,true],"woocommerce_thumbnail":["https:\/\/legitgrams.com\/wp-content\/uploads\/2024\/09\/Buy-Purple-Dragon-cannabis-AAAAA-300x300.jpg",300,300,true],"woocommerce_single":["https:\/\/legitgrams.com\/wp-content\/uploads\/2024\/09\/Buy-Purple-Dragon-cannabis-AAAAA.jpg",600,600,false],"woocommerce_gallery_thumbnail":["https:\/\/legitgrams.com\/wp-content\/uploads\/2024\/09\/Buy-Purple-Dragon-cannabis-AAAAA-100x100.jpg",100,100,true]},"uagb_author_info":{"display_name":"cokeblog18","author_link":"https:\/\/legitgrams.com\/es\/author\/"},"uagb_comment_info":0,"uagb_excerpt":"Purchase Purple Dragon Cannabis Online (AAAAA) A mix between the Blue Dragon and the Purple Urkle, the Purple Dragon is a strong indica-dominant hybrid. The well-balanced high that Purple Dragon offers calms and relaxes the body and mind. This strain has a very pleasant aroma that combines musk and sage with a lingering flowery taste.&hellip;","_links":{"self":[{"href":"https:\/\/legitgrams.com\/es\/wp-json\/wp\/v2\/product\/3782","targetHints":{"allow":["GET"]}}],"collection":[{"href":"https:\/\/legitgrams.com\/es\/wp-json\/wp\/v2\/product"}],"about":[{"href":"https:\/\/legitgrams.com\/es\/wp-json\/wp\/v2\/types\/product"}],"replies":[{"embeddable":true,"href":"https:\/\/legitgrams.com\/es\/wp-json\/wp\/v2\/comments?post=3782"}],"wp:featuredmedia":[{"embeddable":true,"href":"https:\/\/legitgrams.com\/es\/wp-json\/wp\/v2\/media\/5417"}],"wp:attachment":[{"href":"https:\/\/legitgrams.com\/es\/wp-json\/wp\/v2\/media?parent=3782"}],"wp:term":[{"taxonomy":"product_brand","embeddable":true,"href":"https:\/\/legitgrams.com\/es\/wp-json\/wp\/v2\/product_brand?post=3782"},{"taxonomy":"product_cat","embeddable":true,"href":"https:\/\/legitgrams.com\/es\/wp-json\/wp\/v2\/product_cat?post=3782"},{"taxonomy":"product_tag","embeddable":true,"href":"https:\/\/legitgrams.com\/es\/wp-json\/wp\/v2\/product_tag?post=3782"}],"curies":[{"name":"wp","href":"https:\/\/api.w.org\/{rel}","templated":true}]}}