{"id":3814,"date":"2024-09-20T05:53:37","date_gmt":"2024-09-20T05:53:37","guid":{"rendered":"https:\/\/legitgrams.com\/?post_type=product&#038;p=3814"},"modified":"2025-01-14T10:26:58","modified_gmt":"2025-01-14T10:26:58","slug":"pedido-pink-kush-aaaaa","status":"publish","type":"product","link":"https:\/\/legitgrams.com\/es\/producto\/pedido-pink-kush-aaaaa\/","title":{"rendered":"Orden Pink Kush (AAAAA)"},"content":{"rendered":"<h2>Comprar Pink Kush en l\u00ednea (Aaa)<\/h2>\n<p><a href=\"https:\/\/legitgrams.com\/es\/producto\/pedido-pink-kush-aaaaa\/\">Pink Kush<\/a> es una cepa h\u00edbrida que puede proporcionar efectos fuertes o incapacitantes; es conocida en el noroeste del Pac\u00edfico y Canad\u00e1. Es importante recordar que esta cepa contiene 24% ThC porque incluso los usuarios con tolerancias altas afirman sentirse bastante potentes e intoxicados. Aunque sus or\u00edgenes exactos son inciertos, se cree que esta leyenda de la Costa Oeste surgi\u00f3 de la misma cepa de cannabis que la OG Kush original, reconocida por sus propiedades relajantes y curativas. La planta alta conocida como Pink Kush es especial ya que exhibe un regocijo, inspiraci\u00f3n y risas que disipan todo el estr\u00e9s y la ansiedad, aunque sea un h\u00edbrido con una Indica dominante.<\/p>\n<p>Prep\u00e1rate para las alturas fuertes y pesadas. La punta de Pink Kush ralentiza instant\u00e1neamente el cerebro y luego se vuelve tranquila y relajante, ayudando con el dolor, las migra\u00f1as, el insomnio y las n\u00e1useas. Los fans de la gasolina apreciar\u00e1n Pink Kush por sus fuertes matices de diesel y gasolina combinados con notas dulces y de pino tanto en la fragancia como en el sabor. <a href=\"https:\/\/legitgrams.com\/es\/\">LegitGrams<\/a><\/p>\n<p>Comprar Pink Kush en l\u00ednea: Comprar Kush, Comprar Kush, Comprar Kush Online, Donde Comprar Pink Kush, Pink Kush en Venta, Kush en Venta, Comprar Kush Online, Donde Comprar Pink Kush, Pink Kush en Venta en USA, Canada, UK, Compra, Online, Proveedores, Entrega Segura, <a href=\"https:\/\/en.wikipedia.org\/wiki\/Kush_(cannabis)\">Pink Kush<\/a> a\u00fan est\u00e1 disponible. Puedes adquirirla en l\u00ednea. \u00bfEs legal Pink Kush en Canad\u00e1? \u00bfPuedo comprar Pink Kush en los Estados Unidos?<\/p>","protected":false},"excerpt":{"rendered":"<p>Purchase Pink Kush Online (AAAAA) Pink Kush is a hybrid strain that can provide strong or incapacitating effects; it is known in the Pacific Northwest and Canada. It is important to remember that this strain contains 24% ThC because even users with high tolerances report feeling quite potent and intoxicated. While its exact origins are &hellip;<\/p>\n<p class=\"read-more\"> <a class=\"\" href=\"https:\/\/legitgrams.com\/es\/producto\/pedido-pink-kush-aaaaa\/\"> <span class=\"screen-reader-text\">Orden Pink Kush (AAAAA)<\/span> Leer m\u00e1s \"<\/a><\/p>","protected":false},"featured_media":5423,"comment_status":"open","ping_status":"closed","template":"","meta":{"_uag_custom_page_level_css":"","site-sidebar-layout":"default","site-content-layout":"default","ast-global-header-display":"","ast-main-header-display":"","ast-hfb-above-header-display":"","ast-hfb-below-header-display":"","ast-hfb-mobile-header-display":"","site-post-title":"","ast-breadcrumbs-content":"","ast-featured-img":"","footer-sml-layout":"","theme-transparent-header-meta":"default","adv-header-id-meta":"","stick-header-meta":"default","header-above-stick-meta":"","header-main-stick-meta":"","header-below-stick-meta":"","_joinchat":[]},"product_brand":[],"product_cat":[607],"product_tag":[5085,5075,617,5067,5082,5079,5074,5072,5066,5069,5077,5068,5070,5078,5080,5087,5088,5086,5083,5084,5081,625,5073,5076,5071],"class_list":{"0":"post-3814","1":"product","2":"type-product","3":"status-publish","4":"has-post-thumbnail","6":"product_cat-marijuana-cannabis","7":"product_tag-best-cheap-price-order-pink-kush-aaaaa","8":"product_tag-best-place-to-buy-order-pink-kush-aaaaa","9":"product_tag-bulk-online","10":"product_tag-buy-order-pink-kush-aaaaa","11":"product_tag-cheap-order-pink-kush-aaaaa","12":"product_tag-high-quality-order-pink-kush-aaaaa","13":"product_tag-how-to-buy-order-pink-kush-aaaaa","14":"product_tag-order-order-pink-kush-aaaaa","15":"product_tag-order-pink-kush-aaaaa","16":"product_tag-order-pink-kush-aaaaa-for-sale","17":"product_tag-order-pink-kush-aaaaa-legally","18":"product_tag-order-pink-kush-aaaaa-online","19":"product_tag-order-pink-kush-aaaaa-order-pink-kush-aaaaa-supplier","20":"product_tag-order-pink-kush-aaaaa-price","21":"product_tag-order-pink-kush-aaaaa-store","22":"product_tag-order-pink-kush-aaaaa-use","23":"product_tag-order-pink-kush-aaaaa-wiki","24":"product_tag-order-pink-kush-aaaaa-worldwide","25":"product_tag-order-pink-kush-aaaaas","26":"product_tag-purcharse-order-pink-kush-aaaaa","27":"product_tag-shop-order-pink-kush-aaaaa","28":"product_tag-top-quality","29":"product_tag-where-to-buy-order-pink-kush-aaaaa","30":"product_tag-where-to-order-order-pink-kush-aaaaa","31":"product_tag-wholesale-order-pink-kush-aaaaa","32":"desktop-align-left","33":"tablet-align-left","34":"mobile-align-left","35":"ast-product-gallery-layout-horizontal","36":"ast-product-gallery-with-no-image","37":"ast-product-single-variable","38":"ast-product-tabs-layout-horizontal","39":"ast-qv-on-image","41":"first","42":"instock","43":"shipping-taxable","44":"purchasable","45":"product-type-variable"},"yoast_head":"<!-- This site is optimized with the Yoast SEO plugin v25.9 - https:\/\/yoast.com\/wordpress\/plugins\/seo\/ -->\n<title>Pink Kush (AAAAA) for Sale - Buy Pink Kush (AAAAA) Online<\/title>\n<meta name=\"description\" content=\"Explore our online store for Pink Kush (AAAAA for sale, offering high-quality Pink Kush (AAAAA. Buy Pink Kush (AAAAA online securely and embark on your research journey with confidence.\" \/>\n<meta name=\"robots\" content=\"index, follow, max-snippet:-1, max-image-preview:large, max-video-preview:-1\" \/>\n<link rel=\"canonical\" href=\"https:\/\/legitgrams.com\/es\/producto\/pedido-pink-kush-aaaaa\/\" \/>\n<meta property=\"og:locale\" content=\"es_ES\" \/>\n<meta property=\"og:type\" content=\"article\" \/>\n<meta property=\"og:title\" content=\"Pink Kush (AAAAA) for Sale - Buy Pink Kush (AAAAA) Online\" \/>\n<meta property=\"og:description\" content=\"Explore our online store for Pink Kush (AAAAA for sale, offering high-quality Pink Kush (AAAAA. Buy Pink Kush (AAAAA online securely and embark on your research journey with confidence.\" \/>\n<meta property=\"og:url\" content=\"https:\/\/legitgrams.com\/es\/producto\/pedido-pink-kush-aaaaa\/\" \/>\n<meta property=\"og:site_name\" content=\"Legit Grams\" \/>\n<meta property=\"article:modified_time\" content=\"2025-01-14T10:26:58+00:00\" \/>\n<meta property=\"og:image\" content=\"https:\/\/legitgrams.com\/wp-content\/uploads\/2024\/09\/Order-Pink-Kush-1.jpg\" \/>\n\t<meta property=\"og:image:width\" content=\"600\" \/>\n\t<meta property=\"og:image:height\" content=\"600\" \/>\n\t<meta property=\"og:image:type\" content=\"image\/jpeg\" \/>\n<meta name=\"twitter:card\" content=\"summary_large_image\" \/>\n<meta name=\"twitter:label1\" content=\"Tiempo de lectura\" \/>\n\t<meta name=\"twitter:data1\" content=\"2 minutos\" \/>\n<script type=\"application\/ld+json\" class=\"yoast-schema-graph\">{\"@context\":\"https:\/\/schema.org\",\"@graph\":[{\"@type\":\"WebPage\",\"@id\":\"https:\/\/legitgrams.com\/product\/order-pink-kush-aaaaa\/\",\"url\":\"https:\/\/legitgrams.com\/product\/order-pink-kush-aaaaa\/\",\"name\":\"Pink Kush (AAAAA) for Sale - Buy Pink Kush (AAAAA) Online\",\"isPartOf\":{\"@id\":\"https:\/\/legitgrams.com\/#website\"},\"primaryImageOfPage\":{\"@id\":\"https:\/\/legitgrams.com\/product\/order-pink-kush-aaaaa\/#primaryimage\"},\"image\":{\"@id\":\"https:\/\/legitgrams.com\/product\/order-pink-kush-aaaaa\/#primaryimage\"},\"thumbnailUrl\":\"https:\/\/legitgrams.com\/wp-content\/uploads\/2024\/09\/Order-Pink-Kush-1.jpg\",\"datePublished\":\"2024-09-20T05:53:37+00:00\",\"dateModified\":\"2025-01-14T10:26:58+00:00\",\"description\":\"Explore our online store for Pink Kush (AAAAA for sale, offering high-quality Pink Kush (AAAAA. Buy Pink Kush (AAAAA online securely and embark on your research journey with confidence.\",\"breadcrumb\":{\"@id\":\"https:\/\/legitgrams.com\/product\/order-pink-kush-aaaaa\/#breadcrumb\"},\"inLanguage\":\"es\",\"potentialAction\":[{\"@type\":\"ReadAction\",\"target\":[\"https:\/\/legitgrams.com\/product\/order-pink-kush-aaaaa\/\"]}]},{\"@type\":\"ImageObject\",\"inLanguage\":\"es\",\"@id\":\"https:\/\/legitgrams.com\/product\/order-pink-kush-aaaaa\/#primaryimage\",\"url\":\"https:\/\/legitgrams.com\/wp-content\/uploads\/2024\/09\/Order-Pink-Kush-1.jpg\",\"contentUrl\":\"https:\/\/legitgrams.com\/wp-content\/uploads\/2024\/09\/Order-Pink-Kush-1.jpg\",\"width\":600,\"height\":600,\"caption\":\"Order Pink Kush (AAAAA) for Sale\"},{\"@type\":\"BreadcrumbList\",\"@id\":\"https:\/\/legitgrams.com\/product\/order-pink-kush-aaaaa\/#breadcrumb\",\"itemListElement\":[{\"@type\":\"ListItem\",\"position\":1,\"name\":\"Home\",\"item\":\"https:\/\/legitgrams.com\/\"},{\"@type\":\"ListItem\",\"position\":2,\"name\":\"Shop\",\"item\":\"https:\/\/legitgrams.com\/shop\/\"},{\"@type\":\"ListItem\",\"position\":3,\"name\":\"Order Pink Kush (AAAAA)\"}]},{\"@type\":\"WebSite\",\"@id\":\"https:\/\/legitgrams.com\/#website\",\"url\":\"https:\/\/legitgrams.com\/\",\"name\":\"Legit Grams\",\"description\":\"My WordPress Blog\",\"publisher\":{\"@id\":\"https:\/\/legitgrams.com\/#organization\"},\"potentialAction\":[{\"@type\":\"SearchAction\",\"target\":{\"@type\":\"EntryPoint\",\"urlTemplate\":\"https:\/\/legitgrams.com\/?s={search_term_string}\"},\"query-input\":{\"@type\":\"PropertyValueSpecification\",\"valueRequired\":true,\"valueName\":\"search_term_string\"}}],\"inLanguage\":\"es\"},{\"@type\":\"Organization\",\"@id\":\"https:\/\/legitgrams.com\/#organization\",\"name\":\"Legit Grams\",\"url\":\"https:\/\/legitgrams.com\/\",\"logo\":{\"@type\":\"ImageObject\",\"inLanguage\":\"es\",\"@id\":\"https:\/\/legitgrams.com\/#\/schema\/logo\/image\/\",\"url\":\"https:\/\/legitgrams.com\/wp-content\/uploads\/2024\/09\/main-logo.png\",\"contentUrl\":\"https:\/\/legitgrams.com\/wp-content\/uploads\/2024\/09\/main-logo.png\",\"width\":270,\"height\":75,\"caption\":\"Legit Grams\"},\"image\":{\"@id\":\"https:\/\/legitgrams.com\/#\/schema\/logo\/image\/\"}}]}<\/script>\n<!-- \/ Yoast SEO plugin. -->","yoast_head_json":{"title":"Pink Kush (AAAAA) en venta - Compra Pink Kush (AAAAA) online","description":"Explore nuestra tienda en l\u00ednea para Pink Kush (AAAAA a la venta, que ofrece alta calidad Pink Kush (AAAAA. Compra Pink Kush (AAAAA online de forma segura y emprende tu viaje de investigaci\u00f3n con confianza.","robots":{"index":"index","follow":"follow","max-snippet":"max-snippet:-1","max-image-preview":"max-image-preview:large","max-video-preview":"max-video-preview:-1"},"canonical":"https:\/\/legitgrams.com\/es\/producto\/pedido-pink-kush-aaaaa\/","og_locale":"es_ES","og_type":"article","og_title":"Pink Kush (AAAAA) for Sale - Buy Pink Kush (AAAAA) Online","og_description":"Explore our online store for Pink Kush (AAAAA for sale, offering high-quality Pink Kush (AAAAA. Buy Pink Kush (AAAAA online securely and embark on your research journey with confidence.","og_url":"https:\/\/legitgrams.com\/es\/producto\/pedido-pink-kush-aaaaa\/","og_site_name":"Legit Grams","article_modified_time":"2025-01-14T10:26:58+00:00","og_image":[{"width":600,"height":600,"url":"https:\/\/legitgrams.com\/wp-content\/uploads\/2024\/09\/Order-Pink-Kush-1.jpg","type":"image\/jpeg"}],"twitter_card":"summary_large_image","twitter_misc":{"Tiempo de lectura":"2 minutos"},"schema":{"@context":"https:\/\/schema.org","@graph":[{"@type":"WebPage","@id":"https:\/\/legitgrams.com\/product\/order-pink-kush-aaaaa\/","url":"https:\/\/legitgrams.com\/product\/order-pink-kush-aaaaa\/","name":"Pink Kush (AAAAA) en venta - Compra Pink Kush (AAAAA) online","isPartOf":{"@id":"https:\/\/legitgrams.com\/#website"},"primaryImageOfPage":{"@id":"https:\/\/legitgrams.com\/product\/order-pink-kush-aaaaa\/#primaryimage"},"image":{"@id":"https:\/\/legitgrams.com\/product\/order-pink-kush-aaaaa\/#primaryimage"},"thumbnailUrl":"https:\/\/legitgrams.com\/wp-content\/uploads\/2024\/09\/Order-Pink-Kush-1.jpg","datePublished":"2024-09-20T05:53:37+00:00","dateModified":"2025-01-14T10:26:58+00:00","description":"Explore nuestra tienda en l\u00ednea para Pink Kush (AAAAA a la venta, que ofrece alta calidad Pink Kush (AAAAA. Compra Pink Kush (AAAAA online de forma segura y emprende tu viaje de investigaci\u00f3n con confianza.","breadcrumb":{"@id":"https:\/\/legitgrams.com\/product\/order-pink-kush-aaaaa\/#breadcrumb"},"inLanguage":"es","potentialAction":[{"@type":"ReadAction","target":["https:\/\/legitgrams.com\/product\/order-pink-kush-aaaaa\/"]}]},{"@type":"ImageObject","inLanguage":"es","@id":"https:\/\/legitgrams.com\/product\/order-pink-kush-aaaaa\/#primaryimage","url":"https:\/\/legitgrams.com\/wp-content\/uploads\/2024\/09\/Order-Pink-Kush-1.jpg","contentUrl":"https:\/\/legitgrams.com\/wp-content\/uploads\/2024\/09\/Order-Pink-Kush-1.jpg","width":600,"height":600,"caption":"Order Pink Kush (AAAAA) for Sale"},{"@type":"BreadcrumbList","@id":"https:\/\/legitgrams.com\/product\/order-pink-kush-aaaaa\/#breadcrumb","itemListElement":[{"@type":"ListItem","position":1,"name":"Home","item":"https:\/\/legitgrams.com\/"},{"@type":"ListItem","position":2,"name":"Shop","item":"https:\/\/legitgrams.com\/shop\/"},{"@type":"ListItem","position":3,"name":"Order Pink Kush (AAAAA)"}]},{"@type":"WebSite","@id":"https:\/\/legitgrams.com\/#website","url":"https:\/\/legitgrams.com\/","name":"Gramos leg\u00edtimos","description":"Mi blog de WordPress","publisher":{"@id":"https:\/\/legitgrams.com\/#organization"},"potentialAction":[{"@type":"SearchAction","target":{"@type":"EntryPoint","urlTemplate":"https:\/\/legitgrams.com\/?s={search_term_string}"},"query-input":{"@type":"PropertyValueSpecification","valueRequired":true,"valueName":"search_term_string"}}],"inLanguage":"es"},{"@type":"Organization","@id":"https:\/\/legitgrams.com\/#organization","name":"Gramos leg\u00edtimos","url":"https:\/\/legitgrams.com\/","logo":{"@type":"ImageObject","inLanguage":"es","@id":"https:\/\/legitgrams.com\/#\/schema\/logo\/image\/","url":"https:\/\/legitgrams.com\/wp-content\/uploads\/2024\/09\/main-logo.png","contentUrl":"https:\/\/legitgrams.com\/wp-content\/uploads\/2024\/09\/main-logo.png","width":270,"height":75,"caption":"Legit Grams"},"image":{"@id":"https:\/\/legitgrams.com\/#\/schema\/logo\/image\/"}}]}},"uagb_featured_image_src":{"full":["https:\/\/legitgrams.com\/wp-content\/uploads\/2024\/09\/Order-Pink-Kush-1.jpg",600,600,false],"thumbnail":["https:\/\/legitgrams.com\/wp-content\/uploads\/2024\/09\/Order-Pink-Kush-1-150x150.jpg",150,150,true],"medium":["https:\/\/legitgrams.com\/wp-content\/uploads\/2024\/09\/Order-Pink-Kush-1-300x300.jpg",300,300,true],"medium_large":["https:\/\/legitgrams.com\/wp-content\/uploads\/2024\/09\/Order-Pink-Kush-1.jpg",600,600,false],"large":["https:\/\/legitgrams.com\/wp-content\/uploads\/2024\/09\/Order-Pink-Kush-1.jpg",600,600,false],"1536x1536":["https:\/\/legitgrams.com\/wp-content\/uploads\/2024\/09\/Order-Pink-Kush-1.jpg",600,600,false],"2048x2048":["https:\/\/legitgrams.com\/wp-content\/uploads\/2024\/09\/Order-Pink-Kush-1.jpg",600,600,false],"trp-custom-language-flag":["https:\/\/legitgrams.com\/wp-content\/uploads\/2024\/09\/Order-Pink-Kush-1-12x12.jpg",12,12,true],"woocommerce_thumbnail":["https:\/\/legitgrams.com\/wp-content\/uploads\/2024\/09\/Order-Pink-Kush-1-300x300.jpg",300,300,true],"woocommerce_single":["https:\/\/legitgrams.com\/wp-content\/uploads\/2024\/09\/Order-Pink-Kush-1.jpg",600,600,false],"woocommerce_gallery_thumbnail":["https:\/\/legitgrams.com\/wp-content\/uploads\/2024\/09\/Order-Pink-Kush-1-100x100.jpg",100,100,true]},"uagb_author_info":{"display_name":"cokeblog18","author_link":"https:\/\/legitgrams.com\/es\/author\/"},"uagb_comment_info":0,"uagb_excerpt":"Purchase Pink Kush Online (AAAAA) Pink Kush is a hybrid strain that can provide strong or incapacitating effects; it is known in the Pacific Northwest and Canada. It is important to remember that this strain contains 24% ThC because even users with high tolerances report feeling quite potent and intoxicated. While its exact origins are&hellip;","_links":{"self":[{"href":"https:\/\/legitgrams.com\/es\/wp-json\/wp\/v2\/product\/3814","targetHints":{"allow":["GET"]}}],"collection":[{"href":"https:\/\/legitgrams.com\/es\/wp-json\/wp\/v2\/product"}],"about":[{"href":"https:\/\/legitgrams.com\/es\/wp-json\/wp\/v2\/types\/product"}],"replies":[{"embeddable":true,"href":"https:\/\/legitgrams.com\/es\/wp-json\/wp\/v2\/comments?post=3814"}],"wp:featuredmedia":[{"embeddable":true,"href":"https:\/\/legitgrams.com\/es\/wp-json\/wp\/v2\/media\/5423"}],"wp:attachment":[{"href":"https:\/\/legitgrams.com\/es\/wp-json\/wp\/v2\/media?parent=3814"}],"wp:term":[{"taxonomy":"product_brand","embeddable":true,"href":"https:\/\/legitgrams.com\/es\/wp-json\/wp\/v2\/product_brand?post=3814"},{"taxonomy":"product_cat","embeddable":true,"href":"https:\/\/legitgrams.com\/es\/wp-json\/wp\/v2\/product_cat?post=3814"},{"taxonomy":"product_tag","embeddable":true,"href":"https:\/\/legitgrams.com\/es\/wp-json\/wp\/v2\/product_tag?post=3814"}],"curies":[{"name":"wp","href":"https:\/\/api.w.org\/{rel}","templated":true}]}}