{"id":3818,"date":"2024-09-20T06:12:15","date_gmt":"2024-09-20T06:12:15","guid":{"rendered":"https:\/\/legitgrams.com\/?post_type=product&#038;p=3818"},"modified":"2025-01-14T10:00:10","modified_gmt":"2025-01-14T10:00:10","slug":"mickey-kush-variedad-de-marihuana","status":"publish","type":"product","link":"https:\/\/legitgrams.com\/es\/producto\/mickey-kush-variedad-de-marihuana\/","title":{"rendered":"Mickey Kush Variedad de Marihuana"},"content":{"rendered":"<h2>Comprar la variedad Mickey Kush en l\u00ednea<\/h2>\n<p>Los criadores de la reconocida granja TGA Genetics produjeron <a href=\"https:\/\/en.wikipedia.org\/wiki\/Ochna_serrulata\">Mickey Kush<\/a>, una cepa h\u00edbrida con predominancia sativa que es 75% sativa y 25% \u00edndica. Estos brotes h\u00famedos, un h\u00edbrido de las incre\u00edblemente resistentes cepas Sweet Irish Kush y Jack the Ripper, tienen un potente contenido de THC del 28,6%, el m\u00e1s alto jam\u00e1s registrado en la historia de la instalaci\u00f3n de pruebas. Mickey Kush tiene un sabor a lim\u00f3n terroso con matices florales y huele fant\u00e1stico, como caramelo de lim\u00f3n. Prep\u00e1rate para un comienzo r\u00e1pido con una mente tranquila, un subid\u00f3n c\u00e1lido en todo el cuerpo y una sensaci\u00f3n de atenci\u00f3n activa mientras chupas el grano h\u00famedo. Las cualidades de Mickey Cush lo convierten en el remedio ideal para los trastornos del estado de \u00e1nimo, el TDA y la depresi\u00f3n man\u00edaca, as\u00ed como el TDAH. Aunque los usuarios deben ser cautelosos porque las concentraciones extremadamente altas de THC podr\u00edan matarte instant\u00e1neamente si no tienes cuidado, \u00a1los olores y aromas enga\u00f1osos pueden enga\u00f1ar a los pacientes novatos! Aseg\u00farate de usar este medicamento con cuidado y de esperar un per\u00edodo considerable entre dosis. Nug Mickey Cush ten\u00eda un cabello grueso, pegajoso y de color naranja oscuro. <a href=\"https:\/\/legitgrams.com\/es\/\">LegitGrams<\/a><\/p>\n<p><a href=\"https:\/\/legitgrams.com\/es\/producto\/mickey-kush-variedad-de-marihuana\/\">Mickey Kush Variedad de Marihuana<\/a> En l\u00ednea, comprar la cepa de marihuana Mickey Kush, comprar la cepa de marihuana Mickey Kush, comprar Mickey Kush en l\u00ednea, Mickey Kush todav\u00eda est\u00e1 disponible como cepa de marihuana. Estos son algunos lugares para comprarla: D\u00f3nde comprarla, D\u00f3nde comprarla en l\u00ednea, D\u00f3nde comprarla en EE. UU., Canad\u00e1 y el Reino Unido, D\u00f3nde comprarla en l\u00ednea, Proveedores, Entrega segura. \u00bfCanad\u00e1 permite el uso de la cepa de marihuana Mickey Kush? \u00bfD\u00f3nde puedo comprar Mickey? \u00bfC\u00f3mo puedo obtener la cepa de marihuana Mickey Kush en EE. UU. en l\u00ednea?<\/p>\n<h2><\/h2>\n<h2><\/h2>","protected":false},"excerpt":{"rendered":"<p>Purchase Mickey Kush Strain Online Breeders at the renowned TGA Genetics farm produced Mickey Kush, a sativa-dominant hybrid strain that is 75% sativa and 25% indica. These wet shoots, a hybrid of the incredibly hardy Sweet Irish Kush and Jack the Ripper strains, have a potent THC content of 28.6%, the highest ever recorded in &hellip;<\/p>\n<p class=\"read-more\"> <a class=\"\" href=\"https:\/\/legitgrams.com\/es\/producto\/mickey-kush-variedad-de-marihuana\/\"> <span class=\"screen-reader-text\">Mickey Kush Variedad de Marihuana<\/span> Leer m\u00e1s \"<\/a><\/p>","protected":false},"featured_media":5412,"comment_status":"open","ping_status":"closed","template":"","meta":{"_uag_custom_page_level_css":"","site-sidebar-layout":"default","site-content-layout":"default","ast-global-header-display":"","ast-main-header-display":"","ast-hfb-above-header-display":"","ast-hfb-below-header-display":"","ast-hfb-mobile-header-display":"","site-post-title":"","ast-breadcrumbs-content":"","ast-featured-img":"","footer-sml-layout":"","theme-transparent-header-meta":"default","adv-header-id-meta":"","stick-header-meta":"default","header-above-stick-meta":"","header-main-stick-meta":"","header-below-stick-meta":"","_joinchat":[]},"product_brand":[],"product_cat":[607],"product_tag":[4993,4983,617,4975,4990,4987,4982,4974,4977,4985,4978,4976,4986,4988,4995,4996,4994,4991,4980,4992,4989,625,4981,4984,4979],"class_list":{"0":"post-3818","1":"product","2":"type-product","3":"status-publish","4":"has-post-thumbnail","6":"product_cat-marijuana-cannabis","7":"product_tag-best-cheap-price-mickey-kush-marijuana-strain","8":"product_tag-best-place-to-buy-mickey-kush-marijuana-strain","9":"product_tag-bulk-online","10":"product_tag-buy-mickey-kush-marijuana-strain","11":"product_tag-cheap-mickey-kush-marijuana-strain","12":"product_tag-high-quality-mickey-kush-marijuana-strain","13":"product_tag-how-to-buy-mickey-kush-marijuana-strain","14":"product_tag-mickey-kush-marijuana-strain","15":"product_tag-mickey-kush-marijuana-strain-for-sale","16":"product_tag-mickey-kush-marijuana-strain-legally","17":"product_tag-mickey-kush-marijuana-strain-mickey-kush-marijuana-strain-supplier","18":"product_tag-mickey-kush-marijuana-strain-online","19":"product_tag-mickey-kush-marijuana-strain-price","20":"product_tag-mickey-kush-marijuana-strain-store","21":"product_tag-mickey-kush-marijuana-strain-use","22":"product_tag-mickey-kush-marijuana-strain-wiki","23":"product_tag-mickey-kush-marijuana-strain-worldwide","24":"product_tag-mickey-kush-marijuana-strains","25":"product_tag-order-mickey-kush-marijuana-strain","26":"product_tag-purcharse-mickey-kush-marijuana-strain","27":"product_tag-shop-mickey-kush-marijuana-strain","28":"product_tag-top-quality","29":"product_tag-where-to-buy-mickey-kush-marijuana-strain","30":"product_tag-where-to-order-mickey-kush-marijuana-strain","31":"product_tag-wholesale-mickey-kush-marijuana-strain","32":"desktop-align-left","33":"tablet-align-left","34":"mobile-align-left","35":"ast-product-gallery-layout-horizontal","36":"ast-product-gallery-with-no-image","37":"ast-product-single-variable","38":"ast-product-tabs-layout-horizontal","39":"ast-qv-on-image","41":"first","42":"instock","43":"shipping-taxable","44":"purchasable","45":"product-type-variable"},"yoast_head":"<!-- This site is optimized with the Yoast SEO plugin v25.9 - https:\/\/yoast.com\/wordpress\/plugins\/seo\/ -->\n<title>Mickey Kush Marijuana Strain for Sale @ Best Price | LegitGrams<\/title>\n<meta name=\"description\" content=\"You can buy Mickey Kush Marijuana Strain online at the best prices from our online store. We have cheap and high-quality Mickey Kush Marijuana Strain for sale and providing worldwide delivery. You can order from anytime, anywhere.\" \/>\n<meta name=\"robots\" content=\"index, follow, max-snippet:-1, max-image-preview:large, max-video-preview:-1\" \/>\n<link rel=\"canonical\" href=\"https:\/\/legitgrams.com\/es\/producto\/mickey-kush-variedad-de-marihuana\/\" \/>\n<meta property=\"og:locale\" content=\"es_ES\" \/>\n<meta property=\"og:type\" content=\"article\" \/>\n<meta property=\"og:title\" content=\"Mickey Kush Marijuana Strain for Sale @ Best Price | LegitGrams\" \/>\n<meta property=\"og:description\" content=\"You can buy Mickey Kush Marijuana Strain online at the best prices from our online store. We have cheap and high-quality Mickey Kush Marijuana Strain for sale and providing worldwide delivery. You can order from anytime, anywhere.\" \/>\n<meta property=\"og:url\" content=\"https:\/\/legitgrams.com\/es\/producto\/mickey-kush-variedad-de-marihuana\/\" \/>\n<meta property=\"og:site_name\" content=\"Legit Grams\" \/>\n<meta property=\"article:modified_time\" content=\"2025-01-14T10:00:10+00:00\" \/>\n<meta property=\"og:image\" content=\"https:\/\/legitgrams.com\/wp-content\/uploads\/2024\/09\/Buy-Mickey-Kush-Marijuana-Strain-Online.jpg\" \/>\n\t<meta property=\"og:image:width\" content=\"600\" \/>\n\t<meta property=\"og:image:height\" content=\"600\" \/>\n\t<meta property=\"og:image:type\" content=\"image\/jpeg\" \/>\n<meta name=\"twitter:card\" content=\"summary_large_image\" \/>\n<meta name=\"twitter:label1\" content=\"Tiempo de lectura\" \/>\n\t<meta name=\"twitter:data1\" content=\"3 minutos\" \/>\n<script type=\"application\/ld+json\" class=\"yoast-schema-graph\">{\"@context\":\"https:\/\/schema.org\",\"@graph\":[{\"@type\":\"WebPage\",\"@id\":\"https:\/\/legitgrams.com\/product\/mickey-kush-marijuana-strain\/\",\"url\":\"https:\/\/legitgrams.com\/product\/mickey-kush-marijuana-strain\/\",\"name\":\"Mickey Kush Marijuana Strain for Sale @ Best Price | LegitGrams\",\"isPartOf\":{\"@id\":\"https:\/\/legitgrams.com\/#website\"},\"primaryImageOfPage\":{\"@id\":\"https:\/\/legitgrams.com\/product\/mickey-kush-marijuana-strain\/#primaryimage\"},\"image\":{\"@id\":\"https:\/\/legitgrams.com\/product\/mickey-kush-marijuana-strain\/#primaryimage\"},\"thumbnailUrl\":\"https:\/\/legitgrams.com\/wp-content\/uploads\/2024\/09\/Buy-Mickey-Kush-Marijuana-Strain-Online.jpg\",\"datePublished\":\"2024-09-20T06:12:15+00:00\",\"dateModified\":\"2025-01-14T10:00:10+00:00\",\"description\":\"You can buy Mickey Kush Marijuana Strain online at the best prices from our online store. We have cheap and high-quality Mickey Kush Marijuana Strain for sale and providing worldwide delivery. You can order from anytime, anywhere.\",\"breadcrumb\":{\"@id\":\"https:\/\/legitgrams.com\/product\/mickey-kush-marijuana-strain\/#breadcrumb\"},\"inLanguage\":\"es\",\"potentialAction\":[{\"@type\":\"ReadAction\",\"target\":[\"https:\/\/legitgrams.com\/product\/mickey-kush-marijuana-strain\/\"]}]},{\"@type\":\"ImageObject\",\"inLanguage\":\"es\",\"@id\":\"https:\/\/legitgrams.com\/product\/mickey-kush-marijuana-strain\/#primaryimage\",\"url\":\"https:\/\/legitgrams.com\/wp-content\/uploads\/2024\/09\/Buy-Mickey-Kush-Marijuana-Strain-Online.jpg\",\"contentUrl\":\"https:\/\/legitgrams.com\/wp-content\/uploads\/2024\/09\/Buy-Mickey-Kush-Marijuana-Strain-Online.jpg\",\"width\":600,\"height\":600,\"caption\":\"Mickey Kush Marijuana Strain for Sale\"},{\"@type\":\"BreadcrumbList\",\"@id\":\"https:\/\/legitgrams.com\/product\/mickey-kush-marijuana-strain\/#breadcrumb\",\"itemListElement\":[{\"@type\":\"ListItem\",\"position\":1,\"name\":\"Home\",\"item\":\"https:\/\/legitgrams.com\/\"},{\"@type\":\"ListItem\",\"position\":2,\"name\":\"Shop\",\"item\":\"https:\/\/legitgrams.com\/shop\/\"},{\"@type\":\"ListItem\",\"position\":3,\"name\":\"Mickey Kush Marijuana Strain\"}]},{\"@type\":\"WebSite\",\"@id\":\"https:\/\/legitgrams.com\/#website\",\"url\":\"https:\/\/legitgrams.com\/\",\"name\":\"Legit Grams\",\"description\":\"My WordPress Blog\",\"publisher\":{\"@id\":\"https:\/\/legitgrams.com\/#organization\"},\"potentialAction\":[{\"@type\":\"SearchAction\",\"target\":{\"@type\":\"EntryPoint\",\"urlTemplate\":\"https:\/\/legitgrams.com\/?s={search_term_string}\"},\"query-input\":{\"@type\":\"PropertyValueSpecification\",\"valueRequired\":true,\"valueName\":\"search_term_string\"}}],\"inLanguage\":\"es\"},{\"@type\":\"Organization\",\"@id\":\"https:\/\/legitgrams.com\/#organization\",\"name\":\"Legit Grams\",\"url\":\"https:\/\/legitgrams.com\/\",\"logo\":{\"@type\":\"ImageObject\",\"inLanguage\":\"es\",\"@id\":\"https:\/\/legitgrams.com\/#\/schema\/logo\/image\/\",\"url\":\"https:\/\/legitgrams.com\/wp-content\/uploads\/2024\/09\/main-logo.png\",\"contentUrl\":\"https:\/\/legitgrams.com\/wp-content\/uploads\/2024\/09\/main-logo.png\",\"width\":270,\"height\":75,\"caption\":\"Legit Grams\"},\"image\":{\"@id\":\"https:\/\/legitgrams.com\/#\/schema\/logo\/image\/\"}}]}<\/script>\n<!-- \/ Yoast SEO plugin. -->","yoast_head_json":{"title":"Cepa de marihuana Mickey Kush a la venta al mejor precio | LegitGrams","description":"Usted puede comprar Mickey Kush Marijuana Strain en l\u00ednea a los mejores precios de nuestra tienda en l\u00ednea. Tenemos barato y de alta calidad Mickey Kush Marijuana Strain a la venta y proporcionar la entrega en todo el mundo. Usted puede ordenar en cualquier momento y en cualquier lugar.","robots":{"index":"index","follow":"follow","max-snippet":"max-snippet:-1","max-image-preview":"max-image-preview:large","max-video-preview":"max-video-preview:-1"},"canonical":"https:\/\/legitgrams.com\/es\/producto\/mickey-kush-variedad-de-marihuana\/","og_locale":"es_ES","og_type":"article","og_title":"Mickey Kush Marijuana Strain for Sale @ Best Price | LegitGrams","og_description":"You can buy Mickey Kush Marijuana Strain online at the best prices from our online store. We have cheap and high-quality Mickey Kush Marijuana Strain for sale and providing worldwide delivery. You can order from anytime, anywhere.","og_url":"https:\/\/legitgrams.com\/es\/producto\/mickey-kush-variedad-de-marihuana\/","og_site_name":"Legit Grams","article_modified_time":"2025-01-14T10:00:10+00:00","og_image":[{"width":600,"height":600,"url":"https:\/\/legitgrams.com\/wp-content\/uploads\/2024\/09\/Buy-Mickey-Kush-Marijuana-Strain-Online.jpg","type":"image\/jpeg"}],"twitter_card":"summary_large_image","twitter_misc":{"Tiempo de lectura":"3 minutos"},"schema":{"@context":"https:\/\/schema.org","@graph":[{"@type":"WebPage","@id":"https:\/\/legitgrams.com\/product\/mickey-kush-marijuana-strain\/","url":"https:\/\/legitgrams.com\/product\/mickey-kush-marijuana-strain\/","name":"Cepa de marihuana Mickey Kush a la venta al mejor precio | LegitGrams","isPartOf":{"@id":"https:\/\/legitgrams.com\/#website"},"primaryImageOfPage":{"@id":"https:\/\/legitgrams.com\/product\/mickey-kush-marijuana-strain\/#primaryimage"},"image":{"@id":"https:\/\/legitgrams.com\/product\/mickey-kush-marijuana-strain\/#primaryimage"},"thumbnailUrl":"https:\/\/legitgrams.com\/wp-content\/uploads\/2024\/09\/Buy-Mickey-Kush-Marijuana-Strain-Online.jpg","datePublished":"2024-09-20T06:12:15+00:00","dateModified":"2025-01-14T10:00:10+00:00","description":"Usted puede comprar Mickey Kush Marijuana Strain en l\u00ednea a los mejores precios de nuestra tienda en l\u00ednea. Tenemos barato y de alta calidad Mickey Kush Marijuana Strain a la venta y proporcionar la entrega en todo el mundo. Usted puede ordenar en cualquier momento y en cualquier lugar.","breadcrumb":{"@id":"https:\/\/legitgrams.com\/product\/mickey-kush-marijuana-strain\/#breadcrumb"},"inLanguage":"es","potentialAction":[{"@type":"ReadAction","target":["https:\/\/legitgrams.com\/product\/mickey-kush-marijuana-strain\/"]}]},{"@type":"ImageObject","inLanguage":"es","@id":"https:\/\/legitgrams.com\/product\/mickey-kush-marijuana-strain\/#primaryimage","url":"https:\/\/legitgrams.com\/wp-content\/uploads\/2024\/09\/Buy-Mickey-Kush-Marijuana-Strain-Online.jpg","contentUrl":"https:\/\/legitgrams.com\/wp-content\/uploads\/2024\/09\/Buy-Mickey-Kush-Marijuana-Strain-Online.jpg","width":600,"height":600,"caption":"Mickey Kush Marijuana Strain for Sale"},{"@type":"BreadcrumbList","@id":"https:\/\/legitgrams.com\/product\/mickey-kush-marijuana-strain\/#breadcrumb","itemListElement":[{"@type":"ListItem","position":1,"name":"Home","item":"https:\/\/legitgrams.com\/"},{"@type":"ListItem","position":2,"name":"Shop","item":"https:\/\/legitgrams.com\/shop\/"},{"@type":"ListItem","position":3,"name":"Mickey Kush Marijuana Strain"}]},{"@type":"WebSite","@id":"https:\/\/legitgrams.com\/#website","url":"https:\/\/legitgrams.com\/","name":"Gramos leg\u00edtimos","description":"Mi blog de WordPress","publisher":{"@id":"https:\/\/legitgrams.com\/#organization"},"potentialAction":[{"@type":"SearchAction","target":{"@type":"EntryPoint","urlTemplate":"https:\/\/legitgrams.com\/?s={search_term_string}"},"query-input":{"@type":"PropertyValueSpecification","valueRequired":true,"valueName":"search_term_string"}}],"inLanguage":"es"},{"@type":"Organization","@id":"https:\/\/legitgrams.com\/#organization","name":"Gramos leg\u00edtimos","url":"https:\/\/legitgrams.com\/","logo":{"@type":"ImageObject","inLanguage":"es","@id":"https:\/\/legitgrams.com\/#\/schema\/logo\/image\/","url":"https:\/\/legitgrams.com\/wp-content\/uploads\/2024\/09\/main-logo.png","contentUrl":"https:\/\/legitgrams.com\/wp-content\/uploads\/2024\/09\/main-logo.png","width":270,"height":75,"caption":"Legit Grams"},"image":{"@id":"https:\/\/legitgrams.com\/#\/schema\/logo\/image\/"}}]}},"uagb_featured_image_src":{"full":["https:\/\/legitgrams.com\/wp-content\/uploads\/2024\/09\/Buy-Mickey-Kush-Marijuana-Strain-Online.jpg",600,600,false],"thumbnail":["https:\/\/legitgrams.com\/wp-content\/uploads\/2024\/09\/Buy-Mickey-Kush-Marijuana-Strain-Online-150x150.jpg",150,150,true],"medium":["https:\/\/legitgrams.com\/wp-content\/uploads\/2024\/09\/Buy-Mickey-Kush-Marijuana-Strain-Online-300x300.jpg",300,300,true],"medium_large":["https:\/\/legitgrams.com\/wp-content\/uploads\/2024\/09\/Buy-Mickey-Kush-Marijuana-Strain-Online.jpg",600,600,false],"large":["https:\/\/legitgrams.com\/wp-content\/uploads\/2024\/09\/Buy-Mickey-Kush-Marijuana-Strain-Online.jpg",600,600,false],"1536x1536":["https:\/\/legitgrams.com\/wp-content\/uploads\/2024\/09\/Buy-Mickey-Kush-Marijuana-Strain-Online.jpg",600,600,false],"2048x2048":["https:\/\/legitgrams.com\/wp-content\/uploads\/2024\/09\/Buy-Mickey-Kush-Marijuana-Strain-Online.jpg",600,600,false],"trp-custom-language-flag":["https:\/\/legitgrams.com\/wp-content\/uploads\/2024\/09\/Buy-Mickey-Kush-Marijuana-Strain-Online-12x12.jpg",12,12,true],"woocommerce_thumbnail":["https:\/\/legitgrams.com\/wp-content\/uploads\/2024\/09\/Buy-Mickey-Kush-Marijuana-Strain-Online-300x300.jpg",300,300,true],"woocommerce_single":["https:\/\/legitgrams.com\/wp-content\/uploads\/2024\/09\/Buy-Mickey-Kush-Marijuana-Strain-Online.jpg",600,600,false],"woocommerce_gallery_thumbnail":["https:\/\/legitgrams.com\/wp-content\/uploads\/2024\/09\/Buy-Mickey-Kush-Marijuana-Strain-Online-100x100.jpg",100,100,true]},"uagb_author_info":{"display_name":"cokeblog18","author_link":"https:\/\/legitgrams.com\/es\/author\/"},"uagb_comment_info":0,"uagb_excerpt":"Purchase Mickey Kush Strain Online Breeders at the renowned TGA Genetics farm produced Mickey Kush, a sativa-dominant hybrid strain that is 75% sativa and 25% indica. These wet shoots, a hybrid of the incredibly hardy Sweet Irish Kush and Jack the Ripper strains, have a potent THC content of 28.6%, the highest ever recorded in&hellip;","_links":{"self":[{"href":"https:\/\/legitgrams.com\/es\/wp-json\/wp\/v2\/product\/3818","targetHints":{"allow":["GET"]}}],"collection":[{"href":"https:\/\/legitgrams.com\/es\/wp-json\/wp\/v2\/product"}],"about":[{"href":"https:\/\/legitgrams.com\/es\/wp-json\/wp\/v2\/types\/product"}],"replies":[{"embeddable":true,"href":"https:\/\/legitgrams.com\/es\/wp-json\/wp\/v2\/comments?post=3818"}],"wp:featuredmedia":[{"embeddable":true,"href":"https:\/\/legitgrams.com\/es\/wp-json\/wp\/v2\/media\/5412"}],"wp:attachment":[{"href":"https:\/\/legitgrams.com\/es\/wp-json\/wp\/v2\/media?parent=3818"}],"wp:term":[{"taxonomy":"product_brand","embeddable":true,"href":"https:\/\/legitgrams.com\/es\/wp-json\/wp\/v2\/product_brand?post=3818"},{"taxonomy":"product_cat","embeddable":true,"href":"https:\/\/legitgrams.com\/es\/wp-json\/wp\/v2\/product_cat?post=3818"},{"taxonomy":"product_tag","embeddable":true,"href":"https:\/\/legitgrams.com\/es\/wp-json\/wp\/v2\/product_tag?post=3818"}],"curies":[{"name":"wp","href":"https:\/\/api.w.org\/{rel}","templated":true}]}}