{"id":3823,"date":"2024-09-20T06:19:26","date_gmt":"2024-09-20T06:19:26","guid":{"rendered":"https:\/\/legitgrams.com\/?post_type=product&#038;p=3823"},"modified":"2025-01-13T08:10:48","modified_gmt":"2025-01-13T08:10:48","slug":"agente-naranja-variedad-de-marihuana","status":"publish","type":"product","link":"https:\/\/legitgrams.com\/es\/producto\/agente-naranja-variedad-de-marihuana\/","title":{"rendered":"Agente Naranja Variedad de Marihuana"},"content":{"rendered":"<h2>En venta: variedad de cannabis Agent Orange<\/h2>\n<p>Una forma de visualizar Asia es cerrar los ojos y visualizar costas lejanas, para\u00edsos lamentablemente desaparecidos y comida tan buena que no querr\u00e1s comer nada m\u00e1s. Como alternativa, prueba esta variedad incre\u00edblemente poco com\u00fan y vigorizante; puede ser la fantas\u00eda que has estado esperando. Debido a su reproducci\u00f3n enigm\u00e1tica y su composici\u00f3n gen\u00e9tica altamente secreta, se crey\u00f3 que las naranjas asi\u00e1ticas estaban extintas durante mucho tiempo. Sin embargo, ahora se sabe que esta raza en peligro de extinci\u00f3n todav\u00eda existe gracias a unos pocos partidarios dedicados.<\/p>\n<p>Se ha determinado que se trata de una Sativa fiable con un nivel de THC constante entre el 17% y el 24%, incluso en ausencia de confirmaci\u00f3n de paternidad. A pesar de que el nombre de la cepa \u201c<a href=\"https:\/\/en.wikipedia.org\/wiki\/Agent_Orange\">Naranja asi\u00e1tica<\/a>El nombre \u201cNuez de lim\u00f3n\u201d, que describe su relativa oscuridad, tal vez tenga algo que ver con la herencia asi\u00e1tica de la zona, as\u00ed como con las flores grandes y onduladas cubiertas de pelos de color rojo oscuro. El aroma a c\u00e1scara de lim\u00f3n y acidez mezclados con dulzura impregna estos deliciosos cogollos. Su forma general pretende imitar un anzuelo de langosta, lo que le da atractivo visual y lo eleva por encima de una flor h\u00fameda. <a href=\"https:\/\/legitgrams.com\/es\/\">LegitGrams<\/a><\/p>\n<p>La sensaci\u00f3n se caracteriza por ser psicod\u00e9lica, estimulante y cerebral. Tu singularidad y personalidad crecer\u00e1n r\u00e1pidamente, provocando escalofr\u00edos que recorren tu columna vertebral desde la cabeza hasta las extremidades. La luz se extender\u00e1 hasta tu centro a medida que tu cuerpo comience a relajarse por completo. Es normal estar entusiasmado en este punto. En caso de que est\u00e9s convencido, este tipo de mosca espa\u00f1ola es excelente. Debido a las potentes ondas de la cepa y la intensa psicoactividad, no se recomienda para quienes son propensos a los vuelos mentales o la desconfianza.<\/p>\n<p>Compra en l\u00ednea de la variedad de cannabis Agent Orange: <a href=\"https:\/\/legitgrams.com\/es\/producto\/agente-naranja-variedad-de-marihuana\/\">Comprar Cannabis Naranja<\/a>, Comprar la variedad de cannabis Agent Orange, Comprar la variedad de cannabis Orange Venta de la variedad de marihuana Agent Orange, Venta de la variedad de marihuana Agent Orange, comprar variedad de marihuana en l\u00ednea, d\u00f3nde comprar la variedad de marihuana Agent Orange en l\u00ednea, proveedores, entrega segura, Estados Unidos, Canad\u00e1 y el Reino Unido La variedad de marihuana Agent Orange todav\u00eda est\u00e1 disponible. Adem\u00e1s, puedes averiguar si est\u00e1 permitida en Canad\u00e1, c\u00f3mo conseguirla en l\u00ednea y si es legal en los EE. UU.<\/p>","protected":false},"excerpt":{"rendered":"<p>For Sale: Agent Orange Cannabis Strain One way to visualize Asia is to close your eyes and visualize far coastlines, sadly missing havens, and food so good you won&#8217;t want to eat anything else. As an alternative, try this incredibly uncommon and invigorating strain; it might be the fantasy you&#8217;ve been waiting for. Because of &hellip;<\/p>\n<p class=\"read-more\"> <a class=\"\" href=\"https:\/\/legitgrams.com\/es\/producto\/agente-naranja-variedad-de-marihuana\/\"> <span class=\"screen-reader-text\">Agente Naranja Variedad de Marihuana<\/span> Leer m\u00e1s \"<\/a><\/p>","protected":false},"featured_media":5403,"comment_status":"open","ping_status":"closed","template":"","meta":{"_uag_custom_page_level_css":"","site-sidebar-layout":"default","site-content-layout":"default","ast-global-header-display":"","ast-main-header-display":"","ast-hfb-above-header-display":"","ast-hfb-below-header-display":"","ast-hfb-mobile-header-display":"","site-post-title":"","ast-breadcrumbs-content":"","ast-featured-img":"","footer-sml-layout":"","theme-transparent-header-meta":"default","adv-header-id-meta":"","stick-header-meta":"default","header-above-stick-meta":"","header-main-stick-meta":"","header-below-stick-meta":"","_joinchat":[]},"product_brand":[],"product_cat":[607],"product_tag":[4928,4932,4931,4939,4930,4940,4942,4949,4950,4948,4945,4947,4937,617,4929,4944,4941,4936,4934,4946,4943,625,4935,4938,4933],"class_list":{"0":"post-3823","1":"product","2":"type-product","3":"status-publish","4":"has-post-thumbnail","6":"product_cat-marijuana-cannabis","7":"product_tag-agent-orange-marijuana-strain","8":"product_tag-agent-orange-marijuana-strain-agent-orange-marijuana-strain-supplier","9":"product_tag-agent-orange-marijuana-strain-for-sale","10":"product_tag-agent-orange-marijuana-strain-legally","11":"product_tag-agent-orange-marijuana-strain-online","12":"product_tag-agent-orange-marijuana-strain-price","13":"product_tag-agent-orange-marijuana-strain-store","14":"product_tag-agent-orange-marijuana-strain-use","15":"product_tag-agent-orange-marijuana-strain-wiki","16":"product_tag-agent-orange-marijuana-strain-worldwide","17":"product_tag-agent-orange-marijuana-strains","18":"product_tag-best-cheap-price-agent-orange-marijuana-strain","19":"product_tag-best-place-to-buy-agent-orange-marijuana-strain","20":"product_tag-bulk-online","21":"product_tag-buy-agent-orange-marijuana-strain","22":"product_tag-cheap-agent-orange-marijuana-strain","23":"product_tag-high-quality-agent-orange-marijuana-strain","24":"product_tag-how-to-buy-agent-orange-marijuana-strain","25":"product_tag-order-agent-orange-marijuana-strain","26":"product_tag-purcharse-agent-orange-marijuana-strain","27":"product_tag-shop-agent-orange-marijuana-strain","28":"product_tag-top-quality","29":"product_tag-where-to-buy-agent-orange-marijuana-strain","30":"product_tag-where-to-order-agent-orange-marijuana-strain","31":"product_tag-wholesale-agent-orange-marijuana-strain","32":"desktop-align-left","33":"tablet-align-left","34":"mobile-align-left","35":"ast-product-gallery-layout-horizontal","36":"ast-product-gallery-with-no-image","37":"ast-product-single-variable","38":"ast-product-tabs-layout-horizontal","39":"ast-qv-on-image","41":"first","42":"instock","43":"shipping-taxable","44":"purchasable","45":"product-type-variable"},"yoast_head":"<!-- This site is optimized with the Yoast SEO plugin v25.9 - https:\/\/yoast.com\/wordpress\/plugins\/seo\/ -->\n<title>Agent Orange Marijuana for Sale - Order Agent Orange Online<\/title>\n<meta name=\"description\" content=\"If you have not tried agent orange marijuana strain from our store, then you are missing a lot. We will help you buy orange marijuana strain online at cheap rate. Get orange marijuana strain for sale today!\" \/>\n<meta name=\"robots\" content=\"index, follow, max-snippet:-1, max-image-preview:large, max-video-preview:-1\" \/>\n<link rel=\"canonical\" href=\"https:\/\/legitgrams.com\/es\/producto\/agente-naranja-variedad-de-marihuana\/\" \/>\n<meta property=\"og:locale\" content=\"es_ES\" \/>\n<meta property=\"og:type\" content=\"article\" \/>\n<meta property=\"og:title\" content=\"Agent Orange Marijuana for Sale - Order Agent Orange Online\" \/>\n<meta property=\"og:description\" content=\"If you have not tried agent orange marijuana strain from our store, then you are missing a lot. We will help you buy orange marijuana strain online at cheap rate. Get orange marijuana strain for sale today!\" \/>\n<meta property=\"og:url\" content=\"https:\/\/legitgrams.com\/es\/producto\/agente-naranja-variedad-de-marihuana\/\" \/>\n<meta property=\"og:site_name\" content=\"Legit Grams\" \/>\n<meta property=\"article:modified_time\" content=\"2025-01-13T08:10:48+00:00\" \/>\n<meta property=\"og:image\" content=\"https:\/\/legitgrams.com\/wp-content\/uploads\/2024\/09\/Buy-Agent-Orange-Marijuana-Strain-Online-1.jpg\" \/>\n\t<meta property=\"og:image:width\" content=\"600\" \/>\n\t<meta property=\"og:image:height\" content=\"600\" \/>\n\t<meta property=\"og:image:type\" content=\"image\/jpeg\" \/>\n<meta name=\"twitter:card\" content=\"summary_large_image\" \/>\n<meta name=\"twitter:label1\" content=\"Tiempo de lectura\" \/>\n\t<meta name=\"twitter:data1\" content=\"2 minutos\" \/>\n<script type=\"application\/ld+json\" class=\"yoast-schema-graph\">{\"@context\":\"https:\/\/schema.org\",\"@graph\":[{\"@type\":\"WebPage\",\"@id\":\"https:\/\/legitgrams.com\/product\/agent-orange-marijuana-strain\/\",\"url\":\"https:\/\/legitgrams.com\/product\/agent-orange-marijuana-strain\/\",\"name\":\"Agent Orange Marijuana for Sale - Order Agent Orange Online\",\"isPartOf\":{\"@id\":\"https:\/\/legitgrams.com\/#website\"},\"primaryImageOfPage\":{\"@id\":\"https:\/\/legitgrams.com\/product\/agent-orange-marijuana-strain\/#primaryimage\"},\"image\":{\"@id\":\"https:\/\/legitgrams.com\/product\/agent-orange-marijuana-strain\/#primaryimage\"},\"thumbnailUrl\":\"https:\/\/legitgrams.com\/wp-content\/uploads\/2024\/09\/Buy-Agent-Orange-Marijuana-Strain-Online-1.jpg\",\"datePublished\":\"2024-09-20T06:19:26+00:00\",\"dateModified\":\"2025-01-13T08:10:48+00:00\",\"description\":\"If you have not tried agent orange marijuana strain from our store, then you are missing a lot. We will help you buy orange marijuana strain online at cheap rate. Get orange marijuana strain for sale today!\",\"breadcrumb\":{\"@id\":\"https:\/\/legitgrams.com\/product\/agent-orange-marijuana-strain\/#breadcrumb\"},\"inLanguage\":\"es\",\"potentialAction\":[{\"@type\":\"ReadAction\",\"target\":[\"https:\/\/legitgrams.com\/product\/agent-orange-marijuana-strain\/\"]}]},{\"@type\":\"ImageObject\",\"inLanguage\":\"es\",\"@id\":\"https:\/\/legitgrams.com\/product\/agent-orange-marijuana-strain\/#primaryimage\",\"url\":\"https:\/\/legitgrams.com\/wp-content\/uploads\/2024\/09\/Buy-Agent-Orange-Marijuana-Strain-Online-1.jpg\",\"contentUrl\":\"https:\/\/legitgrams.com\/wp-content\/uploads\/2024\/09\/Buy-Agent-Orange-Marijuana-Strain-Online-1.jpg\",\"width\":600,\"height\":600,\"caption\":\"Agent Orange Marijuana Strain for Sale\"},{\"@type\":\"BreadcrumbList\",\"@id\":\"https:\/\/legitgrams.com\/product\/agent-orange-marijuana-strain\/#breadcrumb\",\"itemListElement\":[{\"@type\":\"ListItem\",\"position\":1,\"name\":\"Home\",\"item\":\"https:\/\/legitgrams.com\/\"},{\"@type\":\"ListItem\",\"position\":2,\"name\":\"Shop\",\"item\":\"https:\/\/legitgrams.com\/shop\/\"},{\"@type\":\"ListItem\",\"position\":3,\"name\":\"Agent Orange Marijuana Strain\"}]},{\"@type\":\"WebSite\",\"@id\":\"https:\/\/legitgrams.com\/#website\",\"url\":\"https:\/\/legitgrams.com\/\",\"name\":\"Legit Grams\",\"description\":\"My WordPress Blog\",\"publisher\":{\"@id\":\"https:\/\/legitgrams.com\/#organization\"},\"potentialAction\":[{\"@type\":\"SearchAction\",\"target\":{\"@type\":\"EntryPoint\",\"urlTemplate\":\"https:\/\/legitgrams.com\/?s={search_term_string}\"},\"query-input\":{\"@type\":\"PropertyValueSpecification\",\"valueRequired\":true,\"valueName\":\"search_term_string\"}}],\"inLanguage\":\"es\"},{\"@type\":\"Organization\",\"@id\":\"https:\/\/legitgrams.com\/#organization\",\"name\":\"Legit Grams\",\"url\":\"https:\/\/legitgrams.com\/\",\"logo\":{\"@type\":\"ImageObject\",\"inLanguage\":\"es\",\"@id\":\"https:\/\/legitgrams.com\/#\/schema\/logo\/image\/\",\"url\":\"https:\/\/legitgrams.com\/wp-content\/uploads\/2024\/09\/main-logo.png\",\"contentUrl\":\"https:\/\/legitgrams.com\/wp-content\/uploads\/2024\/09\/main-logo.png\",\"width\":270,\"height\":75,\"caption\":\"Legit Grams\"},\"image\":{\"@id\":\"https:\/\/legitgrams.com\/#\/schema\/logo\/image\/\"}}]}<\/script>\n<!-- \/ Yoast SEO plugin. -->","yoast_head_json":{"title":"Agente Naranja Marihuana en Venta - Pedir Agente Naranja Online","description":"Si usted no ha intentado agente naranja cepa de marihuana de nuestra tienda, entonces usted est\u00e1 perdiendo mucho. Nosotros le ayudaremos a comprar naranja cepa de marihuana en l\u00ednea a precios baratos. \u00a1Obtener naranja cepa de marihuana a la venta hoy!","robots":{"index":"index","follow":"follow","max-snippet":"max-snippet:-1","max-image-preview":"max-image-preview:large","max-video-preview":"max-video-preview:-1"},"canonical":"https:\/\/legitgrams.com\/es\/producto\/agente-naranja-variedad-de-marihuana\/","og_locale":"es_ES","og_type":"article","og_title":"Agent Orange Marijuana for Sale - Order Agent Orange Online","og_description":"If you have not tried agent orange marijuana strain from our store, then you are missing a lot. We will help you buy orange marijuana strain online at cheap rate. Get orange marijuana strain for sale today!","og_url":"https:\/\/legitgrams.com\/es\/producto\/agente-naranja-variedad-de-marihuana\/","og_site_name":"Legit Grams","article_modified_time":"2025-01-13T08:10:48+00:00","og_image":[{"width":600,"height":600,"url":"https:\/\/legitgrams.com\/wp-content\/uploads\/2024\/09\/Buy-Agent-Orange-Marijuana-Strain-Online-1.jpg","type":"image\/jpeg"}],"twitter_card":"summary_large_image","twitter_misc":{"Tiempo de lectura":"2 minutos"},"schema":{"@context":"https:\/\/schema.org","@graph":[{"@type":"WebPage","@id":"https:\/\/legitgrams.com\/product\/agent-orange-marijuana-strain\/","url":"https:\/\/legitgrams.com\/product\/agent-orange-marijuana-strain\/","name":"Agente Naranja Marihuana en Venta - Pedir Agente Naranja Online","isPartOf":{"@id":"https:\/\/legitgrams.com\/#website"},"primaryImageOfPage":{"@id":"https:\/\/legitgrams.com\/product\/agent-orange-marijuana-strain\/#primaryimage"},"image":{"@id":"https:\/\/legitgrams.com\/product\/agent-orange-marijuana-strain\/#primaryimage"},"thumbnailUrl":"https:\/\/legitgrams.com\/wp-content\/uploads\/2024\/09\/Buy-Agent-Orange-Marijuana-Strain-Online-1.jpg","datePublished":"2024-09-20T06:19:26+00:00","dateModified":"2025-01-13T08:10:48+00:00","description":"Si usted no ha intentado agente naranja cepa de marihuana de nuestra tienda, entonces usted est\u00e1 perdiendo mucho. Nosotros le ayudaremos a comprar naranja cepa de marihuana en l\u00ednea a precios baratos. \u00a1Obtener naranja cepa de marihuana a la venta hoy!","breadcrumb":{"@id":"https:\/\/legitgrams.com\/product\/agent-orange-marijuana-strain\/#breadcrumb"},"inLanguage":"es","potentialAction":[{"@type":"ReadAction","target":["https:\/\/legitgrams.com\/product\/agent-orange-marijuana-strain\/"]}]},{"@type":"ImageObject","inLanguage":"es","@id":"https:\/\/legitgrams.com\/product\/agent-orange-marijuana-strain\/#primaryimage","url":"https:\/\/legitgrams.com\/wp-content\/uploads\/2024\/09\/Buy-Agent-Orange-Marijuana-Strain-Online-1.jpg","contentUrl":"https:\/\/legitgrams.com\/wp-content\/uploads\/2024\/09\/Buy-Agent-Orange-Marijuana-Strain-Online-1.jpg","width":600,"height":600,"caption":"Agent Orange Marijuana Strain for Sale"},{"@type":"BreadcrumbList","@id":"https:\/\/legitgrams.com\/product\/agent-orange-marijuana-strain\/#breadcrumb","itemListElement":[{"@type":"ListItem","position":1,"name":"Home","item":"https:\/\/legitgrams.com\/"},{"@type":"ListItem","position":2,"name":"Shop","item":"https:\/\/legitgrams.com\/shop\/"},{"@type":"ListItem","position":3,"name":"Agent Orange Marijuana Strain"}]},{"@type":"WebSite","@id":"https:\/\/legitgrams.com\/#website","url":"https:\/\/legitgrams.com\/","name":"Gramos leg\u00edtimos","description":"Mi blog de WordPress","publisher":{"@id":"https:\/\/legitgrams.com\/#organization"},"potentialAction":[{"@type":"SearchAction","target":{"@type":"EntryPoint","urlTemplate":"https:\/\/legitgrams.com\/?s={search_term_string}"},"query-input":{"@type":"PropertyValueSpecification","valueRequired":true,"valueName":"search_term_string"}}],"inLanguage":"es"},{"@type":"Organization","@id":"https:\/\/legitgrams.com\/#organization","name":"Gramos leg\u00edtimos","url":"https:\/\/legitgrams.com\/","logo":{"@type":"ImageObject","inLanguage":"es","@id":"https:\/\/legitgrams.com\/#\/schema\/logo\/image\/","url":"https:\/\/legitgrams.com\/wp-content\/uploads\/2024\/09\/main-logo.png","contentUrl":"https:\/\/legitgrams.com\/wp-content\/uploads\/2024\/09\/main-logo.png","width":270,"height":75,"caption":"Legit Grams"},"image":{"@id":"https:\/\/legitgrams.com\/#\/schema\/logo\/image\/"}}]}},"uagb_featured_image_src":{"full":["https:\/\/legitgrams.com\/wp-content\/uploads\/2024\/09\/Buy-Agent-Orange-Marijuana-Strain-Online-1.jpg",600,600,false],"thumbnail":["https:\/\/legitgrams.com\/wp-content\/uploads\/2024\/09\/Buy-Agent-Orange-Marijuana-Strain-Online-1-150x150.jpg",150,150,true],"medium":["https:\/\/legitgrams.com\/wp-content\/uploads\/2024\/09\/Buy-Agent-Orange-Marijuana-Strain-Online-1-300x300.jpg",300,300,true],"medium_large":["https:\/\/legitgrams.com\/wp-content\/uploads\/2024\/09\/Buy-Agent-Orange-Marijuana-Strain-Online-1.jpg",600,600,false],"large":["https:\/\/legitgrams.com\/wp-content\/uploads\/2024\/09\/Buy-Agent-Orange-Marijuana-Strain-Online-1.jpg",600,600,false],"1536x1536":["https:\/\/legitgrams.com\/wp-content\/uploads\/2024\/09\/Buy-Agent-Orange-Marijuana-Strain-Online-1.jpg",600,600,false],"2048x2048":["https:\/\/legitgrams.com\/wp-content\/uploads\/2024\/09\/Buy-Agent-Orange-Marijuana-Strain-Online-1.jpg",600,600,false],"trp-custom-language-flag":["https:\/\/legitgrams.com\/wp-content\/uploads\/2024\/09\/Buy-Agent-Orange-Marijuana-Strain-Online-1-12x12.jpg",12,12,true],"woocommerce_thumbnail":["https:\/\/legitgrams.com\/wp-content\/uploads\/2024\/09\/Buy-Agent-Orange-Marijuana-Strain-Online-1-300x300.jpg",300,300,true],"woocommerce_single":["https:\/\/legitgrams.com\/wp-content\/uploads\/2024\/09\/Buy-Agent-Orange-Marijuana-Strain-Online-1.jpg",600,600,false],"woocommerce_gallery_thumbnail":["https:\/\/legitgrams.com\/wp-content\/uploads\/2024\/09\/Buy-Agent-Orange-Marijuana-Strain-Online-1-100x100.jpg",100,100,true]},"uagb_author_info":{"display_name":"cokeblog18","author_link":"https:\/\/legitgrams.com\/es\/author\/"},"uagb_comment_info":0,"uagb_excerpt":"For Sale: Agent Orange Cannabis Strain One way to visualize Asia is to close your eyes and visualize far coastlines, sadly missing havens, and food so good you won&#8217;t want to eat anything else. As an alternative, try this incredibly uncommon and invigorating strain; it might be the fantasy you&#8217;ve been waiting for. Because of&hellip;","_links":{"self":[{"href":"https:\/\/legitgrams.com\/es\/wp-json\/wp\/v2\/product\/3823","targetHints":{"allow":["GET"]}}],"collection":[{"href":"https:\/\/legitgrams.com\/es\/wp-json\/wp\/v2\/product"}],"about":[{"href":"https:\/\/legitgrams.com\/es\/wp-json\/wp\/v2\/types\/product"}],"replies":[{"embeddable":true,"href":"https:\/\/legitgrams.com\/es\/wp-json\/wp\/v2\/comments?post=3823"}],"wp:featuredmedia":[{"embeddable":true,"href":"https:\/\/legitgrams.com\/es\/wp-json\/wp\/v2\/media\/5403"}],"wp:attachment":[{"href":"https:\/\/legitgrams.com\/es\/wp-json\/wp\/v2\/media?parent=3823"}],"wp:term":[{"taxonomy":"product_brand","embeddable":true,"href":"https:\/\/legitgrams.com\/es\/wp-json\/wp\/v2\/product_brand?post=3823"},{"taxonomy":"product_cat","embeddable":true,"href":"https:\/\/legitgrams.com\/es\/wp-json\/wp\/v2\/product_cat?post=3823"},{"taxonomy":"product_tag","embeddable":true,"href":"https:\/\/legitgrams.com\/es\/wp-json\/wp\/v2\/product_tag?post=3823"}],"curies":[{"name":"wp","href":"https:\/\/api.w.org\/{rel}","templated":true}]}}