{"id":3834,"date":"2024-09-20T06:32:23","date_gmt":"2024-09-20T06:32:23","guid":{"rendered":"https:\/\/legitgrams.com\/?post_type=product&#038;p=3834"},"modified":"2025-03-07T04:57:10","modified_gmt":"2025-03-07T04:57:10","slug":"1p-lsd-100mcg-blotters-barato","status":"publish","type":"product","link":"https:\/\/legitgrams.com\/es\/producto\/1p-lsd-100mcg-blotters-barato\/","title":{"rendered":"Compre papel secante 1P-LSD 100 mcg barato en l\u00ednea"},"content":{"rendered":"<h2>Papel secante de 100 mcg de 1P-LSD a la venta<\/h2>\n<p>La cepa dominante Indica <a href=\"https:\/\/legitgrams.com\/es\/producto\/1p-lsd-100mcg-blotters-barato\/\">L.S.D<\/a>. recibi\u00f3 su nombre de una fuerte sustancia alucin\u00f3gena debido a sus incre\u00edbles propiedades intelectuales y <a href=\"https:\/\/www.bing.com\/search?q=Buy%201P-LSD%20100mcg%20Blotters%20cheap%20Online&amp;qs=n&amp;form=QBRE&amp;sp=-1&amp;lq=0&amp;pq=buy%201p-lsd%20100mcg%20blotters%20cheap%20online&amp;sc=0-39&amp;sk=&amp;cvid=CB9D41D5B6F844BEAAD6316CF564FD0F&amp;ghsh=0&amp;ghacc=0&amp;ghpl=\">psychedelic<\/a> Alto. Antes de la tensi\u00f3n, hay una sensaci\u00f3n de alta energ\u00eda y alegr\u00eda que puede inducir una confusi\u00f3n mental, dejando a algunas personas completamente confundidas y \"intelectualmente estancadas\". Varios clientes informan que usar <a href=\"https:\/\/www.bing.com\/search?q=Buy%201P-LSD%20100mcg%20Blotters%20cheap%20Online&amp;qs=n&amp;form=QBRE&amp;sp=-1&amp;lq=0&amp;pq=buy%201p-lsd%20100mcg%20blotters%20cheap%20online&amp;sc=0-39&amp;sk=&amp;cvid=CB9D41D5B6F844BEAAD6316CF564FD0F&amp;ghsh=0&amp;ghacc=0&amp;ghpl=\">LSD<\/a> les hace sentir m\u00e1s creativos o gregarios a pesar de la intensa estimulaci\u00f3n cerebral.<\/p>\n<h3>Comprar 1P-LSD 100mcg Blotters Baratos Online<\/h3>\n<p>Para una Indica, este grado de estimulaci\u00f3n mental es realmente inusual. <a href=\"https:\/\/www.google.com\/search?q=Buy+1P-LSD+100mcg+Blotters+cheap+Online&amp;num=10&amp;sca_esv=1a2a07081c7891bb&amp;rlz=1C1RXQR_enIN1098IN1098&amp;sxsrf=AHTn8zr4KiQqQMeBWxMyIh4N-_SnSv1Bvg%3A1741323239722&amp;ei=53vKZ8jnK-3jseMP8MuJuQ8&amp;ved=0ahUKEwiI95HJlveLAxXtcWwGHfBlIvcQ4dUDCBA&amp;uact=5&amp;oq=Buy+1P-LSD+100mcg+Blotters+cheap+Online&amp;gs_lp=Egxnd3Mtd2l6LXNlcnAiJ0J1eSAxUC1MU0QgMTAwbWNnIEJsb3R0ZXJzIGNoZWFwIE9ubGluZUjTBlCMA1iMA3ACeACQAQCYAfsBoAH7AaoBAzItMbgBA8gBAPgBAvgBAZgCAKACAJgDAIgGAZIHAKAH8gE&amp;sclient=gws-wiz-serp\">L.S.D<\/a>Este tipo de estimulaci\u00f3n mental es realmente inusual para una \u00edndica. Como es de esperar, el LSD tambi\u00e9n tiene los efectos f\u00edsicos habituales de las \u00edndicas. Los consumidores suelen experimentar los revolucionarios efectos desensibilizadores del cuerpo una o dos horas despu\u00e9s de la ingesti\u00f3n, una vez que la mayor\u00eda de los efectos cerebrales han desaparecido. Entre las consecuencias nocivas se encuentran los dolores de cabeza, la somnolencia, los ojos y los labios secos y una ligera sospecha.<\/p>\n<p>Para la mayor\u00eda de las personas, esta cepa puede ayudar a aliviar el dolor punzante cr\u00f3nico en cualquier momento del d\u00eda. <a href=\"https:\/\/www.google.com\/search?q=Buy+1P-LSD+100mcg+Blotters+cheap+Online&amp;num=10&amp;sca_esv=1a2a07081c7891bb&amp;rlz=1C1RXQR_enIN1098IN1098&amp;sxsrf=AHTn8zr4KiQqQMeBWxMyIh4N-_SnSv1Bvg%3A1741323239722&amp;ei=53vKZ8jnK-3jseMP8MuJuQ8&amp;ved=0ahUKEwiI95HJlveLAxXtcWwGHfBlIvcQ4dUDCBA&amp;uact=5&amp;oq=Buy+1P-LSD+100mcg+Blotters+cheap+Online&amp;gs_lp=Egxnd3Mtd2l6LXNlcnAiJ0J1eSAxUC1MU0QgMTAwbWNnIEJsb3R0ZXJzIGNoZWFwIE9ubGluZUjTBlCMA1iMA3ACeACQAQCYAfsBoAH7AaoBAzItMbgBA8gBAPgBAvgBAZgCAKACAJgDAIgGAZIHAKAH8gE&amp;sclient=gws-wiz-serp\">LSD<\/a> Para la mayor\u00eda de las personas, esta cepa puede ayudar a aliviar el dolor punzante cr\u00f3nico en cualquier momento del d\u00eda. El LSD se recomienda con frecuencia para tratar la melancol\u00eda, la ansiedad o la tensi\u00f3n. Algunas personas la utilizan para tratar los dolores de cabeza, mientras que otras la utilizan para tratar los problemas de sue\u00f1o.<\/p>\n<p><a href=\"https:\/\/en.wikipedia.org\/wiki\/1P-LSD\">L.S.D.<\/a> es un h\u00edbrido entre Mazar y Skunk #1, una antigua raza de skunk de Barney\u2019s Farm. Debido a que se puede cultivar tanto en interior como en exterior y es resistente a muchas enfermedades, esta cepa es muy f\u00e1cil de cultivar, aunque no se recomienda para jardineros inexpertos. Las flores con un largo per\u00edodo de floraci\u00f3n de 65-78 d\u00edas se pueden producir mediante LSD al menos 650 gramos por metro cuadrado. La cepa suele detenerse en octubre en la regi\u00f3n \u00e1rtica y en abril en la regi\u00f3n tropical, y rara vez supera los 60 cent\u00edmetros. Esta cepa tiene una concentraci\u00f3n de THC de hasta el 24%. <a href=\"https:\/\/duckduckgo.com\/?q=Buy+1P-LSD+100mcg+Blotters+cheap+Online&amp;t=h_&amp;ia=web\">L.S.D.<\/a> Al menos 650 gramos por metro cuadrado. Esta cepa suele detenerse en octubre en la regi\u00f3n \u00e1rtica y en abril en la regi\u00f3n tropical, y rara vez supera los 60 cent\u00edmetros. Esta cepa tiene una concentraci\u00f3n de THC de hasta el 24 %.<\/p>\n<p>Compre Blotters de 100 mcg de 1P-LSD baratos en l\u00ednea \u2013 Compre 1P-LSD, Compre Blotters de 100 mcg baratos, <a href=\"https:\/\/duckduckgo.com\/?q=Buy+1P-LSD+100mcg+Blotters+cheap+Online&amp;t=h_&amp;ia=web\">Compre papel secante 1P-LSD en l\u00ednea<\/a>Compre Blotters de 100 mcg de 1P-LSD baratos en l\u00ednea: compre 1P-LSD, compre Blotters de 100 mcg baratos, compre Blotters de 1P-LSD en l\u00ednea, d\u00f3nde comprar Blotters de 100 mcg baratos, compre Blotters de 100 mcg baratos, compre Blotters de 100 mcg baratos, compre Blotters de 100 mcg baratos en EE. UU., Canad\u00e1, Reino Unido, compre en l\u00ednea, proveedores, entrega segura, descubra si los Blotters de 100 mcg baratos de 1P-LSD son legales en EE. UU., c\u00f3mo obtenerlos, si son legales en Canad\u00e1 y si todav\u00eda est\u00e1n disponibles para comprar en l\u00ednea.<\/p>","protected":false},"excerpt":{"rendered":"<p>Cheap 100mcg 1P-LSD Blotters for Sale The Indica dominating strain L.S.D. was named after a strong hallucinogenic substance because of its incredibly intellectual and psychedelic high. Before the strain, there is a high-energy, joyful feeling that can induce psychological fog, leaving some people entirely confused and &#8220;intellectually stuck.&#8221; Several clients report that using LSD makes &hellip;<\/p>\n<p class=\"read-more\"> <a class=\"\" href=\"https:\/\/legitgrams.com\/es\/producto\/1p-lsd-100mcg-blotters-barato\/\"> <span class=\"screen-reader-text\">Compre papel secante 1P-LSD 100 mcg barato en l\u00ednea<\/span> Leer m\u00e1s \"<\/a><\/p>","protected":false},"featured_media":5177,"comment_status":"open","ping_status":"closed","template":"","meta":{"_uag_custom_page_level_css":"","site-sidebar-layout":"default","site-content-layout":"default","ast-global-header-display":"","ast-main-header-display":"","ast-hfb-above-header-display":"","ast-hfb-below-header-display":"","ast-hfb-mobile-header-display":"","site-post-title":"","ast-breadcrumbs-content":"","ast-featured-img":"","footer-sml-layout":"","theme-transparent-header-meta":"default","adv-header-id-meta":"","stick-header-meta":"default","header-above-stick-meta":"","header-main-stick-meta":"","header-below-stick-meta":"","_joinchat":[]},"product_brand":[],"product_cat":[595],"product_tag":[4882,4886,4885,4893,4884,4894,4896,4903,4904,4902,4899,4901,4891,617,4883,4898,4895,4890,4888,4900,4897,625,4889,4892,4887],"class_list":{"0":"post-3834","1":"product","2":"type-product","3":"status-publish","4":"has-post-thumbnail","6":"product_cat-psychedelic-drugs","7":"product_tag-1p-lsd-100mcg-blotters-cheap","8":"product_tag-1p-lsd-100mcg-blotters-cheap-1p-lsd-100mcg-blotters-cheap-supplier","9":"product_tag-1p-lsd-100mcg-blotters-cheap-for-sale","10":"product_tag-1p-lsd-100mcg-blotters-cheap-legally","11":"product_tag-1p-lsd-100mcg-blotters-cheap-online","12":"product_tag-1p-lsd-100mcg-blotters-cheap-price","13":"product_tag-1p-lsd-100mcg-blotters-cheap-store","14":"product_tag-1p-lsd-100mcg-blotters-cheap-use","15":"product_tag-1p-lsd-100mcg-blotters-cheap-wiki","16":"product_tag-1p-lsd-100mcg-blotters-cheap-worldwide","17":"product_tag-1p-lsd-100mcg-blotters-cheaps","18":"product_tag-best-cheap-price-1p-lsd-100mcg-blotters-cheap","19":"product_tag-best-place-to-buy-1p-lsd-100mcg-blotters-cheap","20":"product_tag-bulk-online","21":"product_tag-buy-1p-lsd-100mcg-blotters-cheap","22":"product_tag-cheap-1p-lsd-100mcg-blotters-cheap","23":"product_tag-high-quality-1p-lsd-100mcg-blotters-cheap","24":"product_tag-how-to-buy-1p-lsd-100mcg-blotters-cheap","25":"product_tag-order-1p-lsd-100mcg-blotters-cheap","26":"product_tag-purcharse-1p-lsd-100mcg-blotters-cheap","27":"product_tag-shop-1p-lsd-100mcg-blotters-cheap","28":"product_tag-top-quality","29":"product_tag-where-to-buy-1p-lsd-100mcg-blotters-cheap","30":"product_tag-where-to-order-1p-lsd-100mcg-blotters-cheap","31":"product_tag-wholesale-1p-lsd-100mcg-blotters-cheap","32":"desktop-align-left","33":"tablet-align-left","34":"mobile-align-left","35":"ast-product-gallery-layout-horizontal","36":"ast-product-gallery-with-no-image","37":"ast-product-single-variable","38":"ast-product-tabs-layout-horizontal","39":"ast-qv-on-image","41":"first","42":"instock","43":"shipping-taxable","44":"purchasable","45":"product-type-variable"},"yoast_head":"<!-- This site is optimized with the Yoast SEO plugin v25.9 - https:\/\/yoast.com\/wordpress\/plugins\/seo\/ -->\n<title>1P-LSD 100mcg Blotters for Sale - Buy 1P-LSD 100mcg Online<\/title>\n<meta name=\"description\" content=\"Looking for a reliable source to buy 1P-LSD 100mcg Blotters online? Your search ends here. Order 1P-LSD 100mcg Blotters for sale today and receive up to 50% off on selected items. Grab the deals Now!\" \/>\n<meta name=\"robots\" content=\"index, follow, max-snippet:-1, max-image-preview:large, max-video-preview:-1\" \/>\n<link rel=\"canonical\" href=\"https:\/\/legitgrams.com\/es\/producto\/1p-lsd-100mcg-blotters-barato\/\" \/>\n<meta property=\"og:locale\" content=\"es_ES\" \/>\n<meta property=\"og:type\" content=\"article\" \/>\n<meta property=\"og:title\" content=\"1P-LSD 100mcg Blotters for Sale - Buy 1P-LSD 100mcg Online\" \/>\n<meta property=\"og:description\" content=\"Looking for a reliable source to buy 1P-LSD 100mcg Blotters online? Your search ends here. Order 1P-LSD 100mcg Blotters for sale today and receive up to 50% off on selected items. Grab the deals Now!\" \/>\n<meta property=\"og:url\" content=\"https:\/\/legitgrams.com\/es\/producto\/1p-lsd-100mcg-blotters-barato\/\" \/>\n<meta property=\"og:site_name\" content=\"Legit Grams\" \/>\n<meta property=\"article:modified_time\" content=\"2025-03-07T04:57:10+00:00\" \/>\n<meta property=\"og:image\" content=\"https:\/\/legitgrams.com\/wp-content\/uploads\/2024\/09\/Buy-1P-LSD-100mcg-Blotters-cheap-online.jpg\" \/>\n\t<meta property=\"og:image:width\" content=\"600\" \/>\n\t<meta property=\"og:image:height\" content=\"600\" \/>\n\t<meta property=\"og:image:type\" content=\"image\/jpeg\" \/>\n<meta name=\"twitter:card\" content=\"summary_large_image\" \/>\n<meta name=\"twitter:label1\" content=\"Tiempo de lectura\" \/>\n\t<meta name=\"twitter:data1\" content=\"2 minutos\" \/>\n<script type=\"application\/ld+json\" class=\"yoast-schema-graph\">{\"@context\":\"https:\/\/schema.org\",\"@graph\":[{\"@type\":\"WebPage\",\"@id\":\"https:\/\/legitgrams.com\/product\/1p-lsd-100mcg-blotters-cheap\/\",\"url\":\"https:\/\/legitgrams.com\/product\/1p-lsd-100mcg-blotters-cheap\/\",\"name\":\"1P-LSD 100mcg Blotters for Sale - Buy 1P-LSD 100mcg Online\",\"isPartOf\":{\"@id\":\"https:\/\/legitgrams.com\/#website\"},\"primaryImageOfPage\":{\"@id\":\"https:\/\/legitgrams.com\/product\/1p-lsd-100mcg-blotters-cheap\/#primaryimage\"},\"image\":{\"@id\":\"https:\/\/legitgrams.com\/product\/1p-lsd-100mcg-blotters-cheap\/#primaryimage\"},\"thumbnailUrl\":\"https:\/\/legitgrams.com\/wp-content\/uploads\/2024\/09\/Buy-1P-LSD-100mcg-Blotters-cheap-online.jpg\",\"datePublished\":\"2024-09-20T06:32:23+00:00\",\"dateModified\":\"2025-03-07T04:57:10+00:00\",\"description\":\"Looking for a reliable source to buy 1P-LSD 100mcg Blotters online? Your search ends here. Order 1P-LSD 100mcg Blotters for sale today and receive up to 50% off on selected items. Grab the deals Now!\",\"breadcrumb\":{\"@id\":\"https:\/\/legitgrams.com\/product\/1p-lsd-100mcg-blotters-cheap\/#breadcrumb\"},\"inLanguage\":\"es\",\"potentialAction\":[{\"@type\":\"ReadAction\",\"target\":[\"https:\/\/legitgrams.com\/product\/1p-lsd-100mcg-blotters-cheap\/\"]}]},{\"@type\":\"ImageObject\",\"inLanguage\":\"es\",\"@id\":\"https:\/\/legitgrams.com\/product\/1p-lsd-100mcg-blotters-cheap\/#primaryimage\",\"url\":\"https:\/\/legitgrams.com\/wp-content\/uploads\/2024\/09\/Buy-1P-LSD-100mcg-Blotters-cheap-online.jpg\",\"contentUrl\":\"https:\/\/legitgrams.com\/wp-content\/uploads\/2024\/09\/Buy-1P-LSD-100mcg-Blotters-cheap-online.jpg\",\"width\":600,\"height\":600,\"caption\":\"1P-LSD 100mcg Blotters cheap for Sale\"},{\"@type\":\"BreadcrumbList\",\"@id\":\"https:\/\/legitgrams.com\/product\/1p-lsd-100mcg-blotters-cheap\/#breadcrumb\",\"itemListElement\":[{\"@type\":\"ListItem\",\"position\":1,\"name\":\"Home\",\"item\":\"https:\/\/legitgrams.com\/\"},{\"@type\":\"ListItem\",\"position\":2,\"name\":\"Shop\",\"item\":\"https:\/\/legitgrams.com\/shop\/\"},{\"@type\":\"ListItem\",\"position\":3,\"name\":\"Buy 1P-LSD 100mcg Blotters cheap Online\"}]},{\"@type\":\"WebSite\",\"@id\":\"https:\/\/legitgrams.com\/#website\",\"url\":\"https:\/\/legitgrams.com\/\",\"name\":\"Legit Grams\",\"description\":\"My WordPress Blog\",\"publisher\":{\"@id\":\"https:\/\/legitgrams.com\/#organization\"},\"potentialAction\":[{\"@type\":\"SearchAction\",\"target\":{\"@type\":\"EntryPoint\",\"urlTemplate\":\"https:\/\/legitgrams.com\/?s={search_term_string}\"},\"query-input\":{\"@type\":\"PropertyValueSpecification\",\"valueRequired\":true,\"valueName\":\"search_term_string\"}}],\"inLanguage\":\"es\"},{\"@type\":\"Organization\",\"@id\":\"https:\/\/legitgrams.com\/#organization\",\"name\":\"Legit Grams\",\"url\":\"https:\/\/legitgrams.com\/\",\"logo\":{\"@type\":\"ImageObject\",\"inLanguage\":\"es\",\"@id\":\"https:\/\/legitgrams.com\/#\/schema\/logo\/image\/\",\"url\":\"https:\/\/legitgrams.com\/wp-content\/uploads\/2024\/09\/main-logo.png\",\"contentUrl\":\"https:\/\/legitgrams.com\/wp-content\/uploads\/2024\/09\/main-logo.png\",\"width\":270,\"height\":75,\"caption\":\"Legit Grams\"},\"image\":{\"@id\":\"https:\/\/legitgrams.com\/#\/schema\/logo\/image\/\"}}]}<\/script>\n<!-- \/ Yoast SEO plugin. -->","yoast_head_json":{"title":"1P-LSD 100mcg Blotters en Venta - Comprar 1P-LSD 100mcg Online","description":"\u00bfBusca una fuente fiable para comprar 1P-LSD 100mcg Blotters en l\u00ednea? Su b\u00fasqueda termina aqu\u00ed. Ordene 1P-LSD 100mcg Blotters a la venta hoy y reciba hasta 50% de descuento en art\u00edculos seleccionados. \u00a1Aproveche las ofertas ahora!","robots":{"index":"index","follow":"follow","max-snippet":"max-snippet:-1","max-image-preview":"max-image-preview:large","max-video-preview":"max-video-preview:-1"},"canonical":"https:\/\/legitgrams.com\/es\/producto\/1p-lsd-100mcg-blotters-barato\/","og_locale":"es_ES","og_type":"article","og_title":"1P-LSD 100mcg Blotters for Sale - Buy 1P-LSD 100mcg Online","og_description":"Looking for a reliable source to buy 1P-LSD 100mcg Blotters online? Your search ends here. Order 1P-LSD 100mcg Blotters for sale today and receive up to 50% off on selected items. Grab the deals Now!","og_url":"https:\/\/legitgrams.com\/es\/producto\/1p-lsd-100mcg-blotters-barato\/","og_site_name":"Legit Grams","article_modified_time":"2025-03-07T04:57:10+00:00","og_image":[{"width":600,"height":600,"url":"https:\/\/legitgrams.com\/wp-content\/uploads\/2024\/09\/Buy-1P-LSD-100mcg-Blotters-cheap-online.jpg","type":"image\/jpeg"}],"twitter_card":"summary_large_image","twitter_misc":{"Tiempo de lectura":"2 minutos"},"schema":{"@context":"https:\/\/schema.org","@graph":[{"@type":"WebPage","@id":"https:\/\/legitgrams.com\/product\/1p-lsd-100mcg-blotters-cheap\/","url":"https:\/\/legitgrams.com\/product\/1p-lsd-100mcg-blotters-cheap\/","name":"1P-LSD 100mcg Blotters en Venta - Comprar 1P-LSD 100mcg Online","isPartOf":{"@id":"https:\/\/legitgrams.com\/#website"},"primaryImageOfPage":{"@id":"https:\/\/legitgrams.com\/product\/1p-lsd-100mcg-blotters-cheap\/#primaryimage"},"image":{"@id":"https:\/\/legitgrams.com\/product\/1p-lsd-100mcg-blotters-cheap\/#primaryimage"},"thumbnailUrl":"https:\/\/legitgrams.com\/wp-content\/uploads\/2024\/09\/Buy-1P-LSD-100mcg-Blotters-cheap-online.jpg","datePublished":"2024-09-20T06:32:23+00:00","dateModified":"2025-03-07T04:57:10+00:00","description":"\u00bfBusca una fuente fiable para comprar 1P-LSD 100mcg Blotters en l\u00ednea? Su b\u00fasqueda termina aqu\u00ed. Ordene 1P-LSD 100mcg Blotters a la venta hoy y reciba hasta 50% de descuento en art\u00edculos seleccionados. \u00a1Aproveche las ofertas ahora!","breadcrumb":{"@id":"https:\/\/legitgrams.com\/product\/1p-lsd-100mcg-blotters-cheap\/#breadcrumb"},"inLanguage":"es","potentialAction":[{"@type":"ReadAction","target":["https:\/\/legitgrams.com\/product\/1p-lsd-100mcg-blotters-cheap\/"]}]},{"@type":"ImageObject","inLanguage":"es","@id":"https:\/\/legitgrams.com\/product\/1p-lsd-100mcg-blotters-cheap\/#primaryimage","url":"https:\/\/legitgrams.com\/wp-content\/uploads\/2024\/09\/Buy-1P-LSD-100mcg-Blotters-cheap-online.jpg","contentUrl":"https:\/\/legitgrams.com\/wp-content\/uploads\/2024\/09\/Buy-1P-LSD-100mcg-Blotters-cheap-online.jpg","width":600,"height":600,"caption":"1P-LSD 100mcg Blotters cheap for Sale"},{"@type":"BreadcrumbList","@id":"https:\/\/legitgrams.com\/product\/1p-lsd-100mcg-blotters-cheap\/#breadcrumb","itemListElement":[{"@type":"ListItem","position":1,"name":"Home","item":"https:\/\/legitgrams.com\/"},{"@type":"ListItem","position":2,"name":"Shop","item":"https:\/\/legitgrams.com\/shop\/"},{"@type":"ListItem","position":3,"name":"Buy 1P-LSD 100mcg Blotters cheap Online"}]},{"@type":"WebSite","@id":"https:\/\/legitgrams.com\/#website","url":"https:\/\/legitgrams.com\/","name":"Gramos leg\u00edtimos","description":"Mi blog de WordPress","publisher":{"@id":"https:\/\/legitgrams.com\/#organization"},"potentialAction":[{"@type":"SearchAction","target":{"@type":"EntryPoint","urlTemplate":"https:\/\/legitgrams.com\/?s={search_term_string}"},"query-input":{"@type":"PropertyValueSpecification","valueRequired":true,"valueName":"search_term_string"}}],"inLanguage":"es"},{"@type":"Organization","@id":"https:\/\/legitgrams.com\/#organization","name":"Gramos leg\u00edtimos","url":"https:\/\/legitgrams.com\/","logo":{"@type":"ImageObject","inLanguage":"es","@id":"https:\/\/legitgrams.com\/#\/schema\/logo\/image\/","url":"https:\/\/legitgrams.com\/wp-content\/uploads\/2024\/09\/main-logo.png","contentUrl":"https:\/\/legitgrams.com\/wp-content\/uploads\/2024\/09\/main-logo.png","width":270,"height":75,"caption":"Legit Grams"},"image":{"@id":"https:\/\/legitgrams.com\/#\/schema\/logo\/image\/"}}]}},"uagb_featured_image_src":{"full":["https:\/\/legitgrams.com\/wp-content\/uploads\/2024\/09\/Buy-1P-LSD-100mcg-Blotters-cheap-online.jpg",600,600,false],"thumbnail":["https:\/\/legitgrams.com\/wp-content\/uploads\/2024\/09\/Buy-1P-LSD-100mcg-Blotters-cheap-online-150x150.jpg",150,150,true],"medium":["https:\/\/legitgrams.com\/wp-content\/uploads\/2024\/09\/Buy-1P-LSD-100mcg-Blotters-cheap-online-300x300.jpg",300,300,true],"medium_large":["https:\/\/legitgrams.com\/wp-content\/uploads\/2024\/09\/Buy-1P-LSD-100mcg-Blotters-cheap-online.jpg",600,600,false],"large":["https:\/\/legitgrams.com\/wp-content\/uploads\/2024\/09\/Buy-1P-LSD-100mcg-Blotters-cheap-online.jpg",600,600,false],"1536x1536":["https:\/\/legitgrams.com\/wp-content\/uploads\/2024\/09\/Buy-1P-LSD-100mcg-Blotters-cheap-online.jpg",600,600,false],"2048x2048":["https:\/\/legitgrams.com\/wp-content\/uploads\/2024\/09\/Buy-1P-LSD-100mcg-Blotters-cheap-online.jpg",600,600,false],"trp-custom-language-flag":["https:\/\/legitgrams.com\/wp-content\/uploads\/2024\/09\/Buy-1P-LSD-100mcg-Blotters-cheap-online-12x12.jpg",12,12,true],"woocommerce_thumbnail":["https:\/\/legitgrams.com\/wp-content\/uploads\/2024\/09\/Buy-1P-LSD-100mcg-Blotters-cheap-online-300x300.jpg",300,300,true],"woocommerce_single":["https:\/\/legitgrams.com\/wp-content\/uploads\/2024\/09\/Buy-1P-LSD-100mcg-Blotters-cheap-online.jpg",600,600,false],"woocommerce_gallery_thumbnail":["https:\/\/legitgrams.com\/wp-content\/uploads\/2024\/09\/Buy-1P-LSD-100mcg-Blotters-cheap-online-100x100.jpg",100,100,true]},"uagb_author_info":{"display_name":"cokeblog18","author_link":"https:\/\/legitgrams.com\/es\/author\/"},"uagb_comment_info":0,"uagb_excerpt":"Cheap 100mcg 1P-LSD Blotters for Sale The Indica dominating strain L.S.D. was named after a strong hallucinogenic substance because of its incredibly intellectual and psychedelic high. Before the strain, there is a high-energy, joyful feeling that can induce psychological fog, leaving some people entirely confused and &#8220;intellectually stuck.&#8221; Several clients report that using LSD makes&hellip;","_links":{"self":[{"href":"https:\/\/legitgrams.com\/es\/wp-json\/wp\/v2\/product\/3834","targetHints":{"allow":["GET"]}}],"collection":[{"href":"https:\/\/legitgrams.com\/es\/wp-json\/wp\/v2\/product"}],"about":[{"href":"https:\/\/legitgrams.com\/es\/wp-json\/wp\/v2\/types\/product"}],"replies":[{"embeddable":true,"href":"https:\/\/legitgrams.com\/es\/wp-json\/wp\/v2\/comments?post=3834"}],"wp:featuredmedia":[{"embeddable":true,"href":"https:\/\/legitgrams.com\/es\/wp-json\/wp\/v2\/media\/5177"}],"wp:attachment":[{"href":"https:\/\/legitgrams.com\/es\/wp-json\/wp\/v2\/media?parent=3834"}],"wp:term":[{"taxonomy":"product_brand","embeddable":true,"href":"https:\/\/legitgrams.com\/es\/wp-json\/wp\/v2\/product_brand?post=3834"},{"taxonomy":"product_cat","embeddable":true,"href":"https:\/\/legitgrams.com\/es\/wp-json\/wp\/v2\/product_cat?post=3834"},{"taxonomy":"product_tag","embeddable":true,"href":"https:\/\/legitgrams.com\/es\/wp-json\/wp\/v2\/product_tag?post=3834"}],"curies":[{"name":"wp","href":"https:\/\/api.w.org\/{rel}","templated":true}]}}