{"id":3843,"date":"2024-09-20T06:55:22","date_gmt":"2024-09-20T06:55:22","guid":{"rendered":"https:\/\/legitgrams.com\/?post_type=product&#038;p=3843"},"modified":"2025-01-14T10:31:05","modified_gmt":"2025-01-14T10:31:05","slug":"oxicodona-40mg-pastillas","status":"publish","type":"product","link":"https:\/\/legitgrams.com\/es\/producto\/oxicodona-40mg-pastillas\/","title":{"rendered":"OxyCodone 40mg pastillas"},"content":{"rendered":"<h2>Comprar pastillas de oxicodona de 40 mg en l\u00ednea<\/h2>\n<p>Encargar comprimidos de 40 mg de <a href=\"https:\/\/legitgrams.com\/es\/producto\/oxicodona-40mg-pastillas\/\">OxyCodone online<\/a>. Tambi\u00e9n vendemos code\u00edna. Los medicamentos, incluidos los analg\u00e9sicos, se utilizan en todo el mundo.<\/p>\n<p>Para el tratamiento del dolor moderado a intenso se recomienda la oxicodona. Etiquetado Para el dolor cr\u00f3nico de moderado a intenso que requiera analg\u00e9sicos opioides de acci\u00f3n prolongada, existen tambi\u00e9n formulaciones de liberaci\u00f3n sostenida. <a href=\"https:\/\/legitgrams.com\/es\/\">LegitGrams<\/a><\/p>\n<p>Comprar 40 mg de OxyCodone p\u00edldoras en l\u00ednea - comprar OxyCodone, comprar OxyCodone 40 mg p\u00edldoras, comprar OxyCodone p\u00edldoras en l\u00ednea, D\u00f3nde comprar OxyCodone 40mg p\u00edldoras: USA, Canada, UK, compra, online, proveedores, entrega segura, OxyCodone 40mg pastillas, OxyCodone en venta, comprar <a href=\"https:\/\/en.wikipedia.org\/wiki\/Oxycodone\">Oxicodona<\/a> 40mg online, donde Comprar OxyCodone 40mg pastillas online Todav\u00eda hay disponibilidad para OxyCodone 40mg pastillas. Puede averiguar si las p\u00edldoras de Oxicodona 40 mg son legales en los Estados Unidos, c\u00f3mo adquirir p\u00edldoras de Oxicodona 40 mg y si son legales en Canad\u00e1.<\/p>","protected":false},"excerpt":{"rendered":"<p>Purchase OxyCodone 40mg pills online Order 40 mg tablets of OxyCodone online. We are also selling codeine. Medications, including painkillers, are used globally. Treatment for moderate to severe pain is recommended by oxycodone. Labeling For moderate to severe chronic pain that calls for long-acting opioid analgesics, there are also sustained-release formulations available. LegitGrams Purchase 40 &hellip;<\/p>\n<p class=\"read-more\"> <a class=\"\" href=\"https:\/\/legitgrams.com\/es\/producto\/oxicodona-40mg-pastillas\/\"> <span class=\"screen-reader-text\">OxyCodone 40mg pastillas<\/span> Leer m\u00e1s \"<\/a><\/p>","protected":false},"featured_media":5218,"comment_status":"open","ping_status":"closed","template":"","meta":{"_uag_custom_page_level_css":"","site-sidebar-layout":"default","site-content-layout":"default","ast-global-header-display":"","ast-main-header-display":"","ast-hfb-above-header-display":"","ast-hfb-below-header-display":"","ast-hfb-mobile-header-display":"","site-post-title":"","ast-breadcrumbs-content":"","ast-featured-img":"","footer-sml-layout":"","theme-transparent-header-meta":"default","adv-header-id-meta":"","stick-header-meta":"default","header-above-stick-meta":"","header-main-stick-meta":"","header-below-stick-meta":"","_joinchat":[]},"product_brand":[],"product_cat":[608,597],"product_tag":[4740,4730,617,4722,4737,4734,4729,4727,4721,4724,4732,4723,4725,4733,4735,4742,4743,4741,4738,4739,4736,625,4728,4731,4726],"class_list":{"0":"post-3843","1":"product","2":"type-product","3":"status-publish","4":"has-post-thumbnail","6":"product_cat-pain-pills","7":"product_cat-pain-sleeping-sex-pills","8":"product_tag-best-cheap-price-oxycodone-40mg-pills","9":"product_tag-best-place-to-buy-oxycodone-40mg-pills","10":"product_tag-bulk-online","11":"product_tag-buy-oxycodone-40mg-pills","12":"product_tag-cheap-oxycodone-40mg-pills","13":"product_tag-high-quality-oxycodone-40mg-pills","14":"product_tag-how-to-buy-oxycodone-40mg-pills","15":"product_tag-order-oxycodone-40mg-pills","16":"product_tag-oxycodone-40mg-pills","17":"product_tag-oxycodone-40mg-pills-for-sale","18":"product_tag-oxycodone-40mg-pills-legally","19":"product_tag-oxycodone-40mg-pills-online","20":"product_tag-oxycodone-40mg-pills-oxycodone-40mg-pills-supplier","21":"product_tag-oxycodone-40mg-pills-price","22":"product_tag-oxycodone-40mg-pills-store","23":"product_tag-oxycodone-40mg-pills-use","24":"product_tag-oxycodone-40mg-pills-wiki","25":"product_tag-oxycodone-40mg-pills-worldwide","26":"product_tag-oxycodone-40mg-pillss","27":"product_tag-purcharse-oxycodone-40mg-pills","28":"product_tag-shop-oxycodone-40mg-pills","29":"product_tag-top-quality","30":"product_tag-where-to-buy-oxycodone-40mg-pills","31":"product_tag-where-to-order-oxycodone-40mg-pills","32":"product_tag-wholesale-oxycodone-40mg-pills","33":"desktop-align-left","34":"tablet-align-left","35":"mobile-align-left","36":"ast-product-gallery-layout-horizontal","37":"ast-product-gallery-with-no-image","38":"ast-product-single-variable","39":"ast-product-tabs-layout-horizontal","40":"ast-qv-on-image","42":"first","43":"instock","44":"shipping-taxable","45":"purchasable","46":"product-type-variable"},"yoast_head":"<!-- This site is optimized with the Yoast SEO plugin v25.9 - https:\/\/yoast.com\/wordpress\/plugins\/seo\/ -->\n<title>OxyCodone 40mg Pills for Sale - Buy OxyCodone Pills Online<\/title>\n<meta name=\"description\" content=\"Looking to Buy OxyCodone 40mg pills Online? Discover a seamless platform at our online store where you can buy LOxyCodone 40mg pills , ensuring top-grade quality for your research needs.\" \/>\n<meta name=\"robots\" content=\"index, follow, max-snippet:-1, max-image-preview:large, max-video-preview:-1\" \/>\n<link rel=\"canonical\" href=\"https:\/\/legitgrams.com\/es\/producto\/oxicodona-40mg-pastillas\/\" \/>\n<meta property=\"og:locale\" content=\"es_ES\" \/>\n<meta property=\"og:type\" content=\"article\" \/>\n<meta property=\"og:title\" content=\"OxyCodone 40mg Pills for Sale - Buy OxyCodone Pills Online\" \/>\n<meta property=\"og:description\" content=\"Looking to Buy OxyCodone 40mg pills Online? Discover a seamless platform at our online store where you can buy LOxyCodone 40mg pills , ensuring top-grade quality for your research needs.\" \/>\n<meta property=\"og:url\" content=\"https:\/\/legitgrams.com\/es\/producto\/oxicodona-40mg-pastillas\/\" \/>\n<meta property=\"og:site_name\" content=\"Legit Grams\" \/>\n<meta property=\"article:modified_time\" content=\"2025-01-14T10:31:05+00:00\" \/>\n<meta property=\"og:image\" content=\"https:\/\/legitgrams.com\/wp-content\/uploads\/2024\/09\/buy-oxycodone-40mg-pills-online.jpg\" \/>\n\t<meta property=\"og:image:width\" content=\"600\" \/>\n\t<meta property=\"og:image:height\" content=\"600\" \/>\n\t<meta property=\"og:image:type\" content=\"image\/jpeg\" \/>\n<meta name=\"twitter:card\" content=\"summary_large_image\" \/>\n<meta name=\"twitter:label1\" content=\"Tiempo de lectura\" \/>\n\t<meta name=\"twitter:data1\" content=\"1 minuto\" \/>\n<script type=\"application\/ld+json\" class=\"yoast-schema-graph\">{\"@context\":\"https:\/\/schema.org\",\"@graph\":[{\"@type\":\"WebPage\",\"@id\":\"https:\/\/legitgrams.com\/product\/oxycodone-40mg-pills\/\",\"url\":\"https:\/\/legitgrams.com\/product\/oxycodone-40mg-pills\/\",\"name\":\"OxyCodone 40mg Pills for Sale - Buy OxyCodone Pills Online\",\"isPartOf\":{\"@id\":\"https:\/\/legitgrams.com\/#website\"},\"primaryImageOfPage\":{\"@id\":\"https:\/\/legitgrams.com\/product\/oxycodone-40mg-pills\/#primaryimage\"},\"image\":{\"@id\":\"https:\/\/legitgrams.com\/product\/oxycodone-40mg-pills\/#primaryimage\"},\"thumbnailUrl\":\"https:\/\/legitgrams.com\/wp-content\/uploads\/2024\/09\/buy-oxycodone-40mg-pills-online.jpg\",\"datePublished\":\"2024-09-20T06:55:22+00:00\",\"dateModified\":\"2025-01-14T10:31:05+00:00\",\"description\":\"Looking to Buy OxyCodone 40mg pills Online? Discover a seamless platform at our online store where you can buy LOxyCodone 40mg pills , ensuring top-grade quality for your research needs.\",\"breadcrumb\":{\"@id\":\"https:\/\/legitgrams.com\/product\/oxycodone-40mg-pills\/#breadcrumb\"},\"inLanguage\":\"es\",\"potentialAction\":[{\"@type\":\"ReadAction\",\"target\":[\"https:\/\/legitgrams.com\/product\/oxycodone-40mg-pills\/\"]}]},{\"@type\":\"ImageObject\",\"inLanguage\":\"es\",\"@id\":\"https:\/\/legitgrams.com\/product\/oxycodone-40mg-pills\/#primaryimage\",\"url\":\"https:\/\/legitgrams.com\/wp-content\/uploads\/2024\/09\/buy-oxycodone-40mg-pills-online.jpg\",\"contentUrl\":\"https:\/\/legitgrams.com\/wp-content\/uploads\/2024\/09\/buy-oxycodone-40mg-pills-online.jpg\",\"width\":600,\"height\":600,\"caption\":\"OxyCodone 40mg Pills for Sale\"},{\"@type\":\"BreadcrumbList\",\"@id\":\"https:\/\/legitgrams.com\/product\/oxycodone-40mg-pills\/#breadcrumb\",\"itemListElement\":[{\"@type\":\"ListItem\",\"position\":1,\"name\":\"Home\",\"item\":\"https:\/\/legitgrams.com\/\"},{\"@type\":\"ListItem\",\"position\":2,\"name\":\"Shop\",\"item\":\"https:\/\/legitgrams.com\/shop\/\"},{\"@type\":\"ListItem\",\"position\":3,\"name\":\"OxyCodone 40mg pills\"}]},{\"@type\":\"WebSite\",\"@id\":\"https:\/\/legitgrams.com\/#website\",\"url\":\"https:\/\/legitgrams.com\/\",\"name\":\"Legit Grams\",\"description\":\"My WordPress Blog\",\"publisher\":{\"@id\":\"https:\/\/legitgrams.com\/#organization\"},\"potentialAction\":[{\"@type\":\"SearchAction\",\"target\":{\"@type\":\"EntryPoint\",\"urlTemplate\":\"https:\/\/legitgrams.com\/?s={search_term_string}\"},\"query-input\":{\"@type\":\"PropertyValueSpecification\",\"valueRequired\":true,\"valueName\":\"search_term_string\"}}],\"inLanguage\":\"es\"},{\"@type\":\"Organization\",\"@id\":\"https:\/\/legitgrams.com\/#organization\",\"name\":\"Legit Grams\",\"url\":\"https:\/\/legitgrams.com\/\",\"logo\":{\"@type\":\"ImageObject\",\"inLanguage\":\"es\",\"@id\":\"https:\/\/legitgrams.com\/#\/schema\/logo\/image\/\",\"url\":\"https:\/\/legitgrams.com\/wp-content\/uploads\/2024\/09\/main-logo.png\",\"contentUrl\":\"https:\/\/legitgrams.com\/wp-content\/uploads\/2024\/09\/main-logo.png\",\"width\":270,\"height\":75,\"caption\":\"Legit Grams\"},\"image\":{\"@id\":\"https:\/\/legitgrams.com\/#\/schema\/logo\/image\/\"}}]}<\/script>\n<!-- \/ Yoast SEO plugin. -->","yoast_head_json":{"title":"Pastillas de oxicodona de 40 mg a la venta: compre pastillas de oxicodona en l\u00ednea","description":"\u00bfBusca Comprar OxyCodone 40mg p\u00edldoras Online? Descubra una plataforma sin fisuras en nuestra tienda en l\u00ednea donde se puede comprar LOxyCodone 40mg p\u00edldoras , asegurando la calidad de primer nivel para sus necesidades de investigaci\u00f3n.","robots":{"index":"index","follow":"follow","max-snippet":"max-snippet:-1","max-image-preview":"max-image-preview:large","max-video-preview":"max-video-preview:-1"},"canonical":"https:\/\/legitgrams.com\/es\/producto\/oxicodona-40mg-pastillas\/","og_locale":"es_ES","og_type":"article","og_title":"OxyCodone 40mg Pills for Sale - Buy OxyCodone Pills Online","og_description":"Looking to Buy OxyCodone 40mg pills Online? Discover a seamless platform at our online store where you can buy LOxyCodone 40mg pills , ensuring top-grade quality for your research needs.","og_url":"https:\/\/legitgrams.com\/es\/producto\/oxicodona-40mg-pastillas\/","og_site_name":"Legit Grams","article_modified_time":"2025-01-14T10:31:05+00:00","og_image":[{"width":600,"height":600,"url":"https:\/\/legitgrams.com\/wp-content\/uploads\/2024\/09\/buy-oxycodone-40mg-pills-online.jpg","type":"image\/jpeg"}],"twitter_card":"summary_large_image","twitter_misc":{"Tiempo de lectura":"1 minuto"},"schema":{"@context":"https:\/\/schema.org","@graph":[{"@type":"WebPage","@id":"https:\/\/legitgrams.com\/product\/oxycodone-40mg-pills\/","url":"https:\/\/legitgrams.com\/product\/oxycodone-40mg-pills\/","name":"Pastillas de oxicodona de 40 mg a la venta: compre pastillas de oxicodona en l\u00ednea","isPartOf":{"@id":"https:\/\/legitgrams.com\/#website"},"primaryImageOfPage":{"@id":"https:\/\/legitgrams.com\/product\/oxycodone-40mg-pills\/#primaryimage"},"image":{"@id":"https:\/\/legitgrams.com\/product\/oxycodone-40mg-pills\/#primaryimage"},"thumbnailUrl":"https:\/\/legitgrams.com\/wp-content\/uploads\/2024\/09\/buy-oxycodone-40mg-pills-online.jpg","datePublished":"2024-09-20T06:55:22+00:00","dateModified":"2025-01-14T10:31:05+00:00","description":"\u00bfBusca Comprar OxyCodone 40mg p\u00edldoras Online? Descubra una plataforma sin fisuras en nuestra tienda en l\u00ednea donde se puede comprar LOxyCodone 40mg p\u00edldoras , asegurando la calidad de primer nivel para sus necesidades de investigaci\u00f3n.","breadcrumb":{"@id":"https:\/\/legitgrams.com\/product\/oxycodone-40mg-pills\/#breadcrumb"},"inLanguage":"es","potentialAction":[{"@type":"ReadAction","target":["https:\/\/legitgrams.com\/product\/oxycodone-40mg-pills\/"]}]},{"@type":"ImageObject","inLanguage":"es","@id":"https:\/\/legitgrams.com\/product\/oxycodone-40mg-pills\/#primaryimage","url":"https:\/\/legitgrams.com\/wp-content\/uploads\/2024\/09\/buy-oxycodone-40mg-pills-online.jpg","contentUrl":"https:\/\/legitgrams.com\/wp-content\/uploads\/2024\/09\/buy-oxycodone-40mg-pills-online.jpg","width":600,"height":600,"caption":"OxyCodone 40mg Pills for Sale"},{"@type":"BreadcrumbList","@id":"https:\/\/legitgrams.com\/product\/oxycodone-40mg-pills\/#breadcrumb","itemListElement":[{"@type":"ListItem","position":1,"name":"Home","item":"https:\/\/legitgrams.com\/"},{"@type":"ListItem","position":2,"name":"Shop","item":"https:\/\/legitgrams.com\/shop\/"},{"@type":"ListItem","position":3,"name":"OxyCodone 40mg pills"}]},{"@type":"WebSite","@id":"https:\/\/legitgrams.com\/#website","url":"https:\/\/legitgrams.com\/","name":"Gramos leg\u00edtimos","description":"Mi blog de WordPress","publisher":{"@id":"https:\/\/legitgrams.com\/#organization"},"potentialAction":[{"@type":"SearchAction","target":{"@type":"EntryPoint","urlTemplate":"https:\/\/legitgrams.com\/?s={search_term_string}"},"query-input":{"@type":"PropertyValueSpecification","valueRequired":true,"valueName":"search_term_string"}}],"inLanguage":"es"},{"@type":"Organization","@id":"https:\/\/legitgrams.com\/#organization","name":"Gramos leg\u00edtimos","url":"https:\/\/legitgrams.com\/","logo":{"@type":"ImageObject","inLanguage":"es","@id":"https:\/\/legitgrams.com\/#\/schema\/logo\/image\/","url":"https:\/\/legitgrams.com\/wp-content\/uploads\/2024\/09\/main-logo.png","contentUrl":"https:\/\/legitgrams.com\/wp-content\/uploads\/2024\/09\/main-logo.png","width":270,"height":75,"caption":"Legit Grams"},"image":{"@id":"https:\/\/legitgrams.com\/#\/schema\/logo\/image\/"}}]}},"uagb_featured_image_src":{"full":["https:\/\/legitgrams.com\/wp-content\/uploads\/2024\/09\/buy-oxycodone-40mg-pills-online.jpg",600,600,false],"thumbnail":["https:\/\/legitgrams.com\/wp-content\/uploads\/2024\/09\/buy-oxycodone-40mg-pills-online-150x150.jpg",150,150,true],"medium":["https:\/\/legitgrams.com\/wp-content\/uploads\/2024\/09\/buy-oxycodone-40mg-pills-online-300x300.jpg",300,300,true],"medium_large":["https:\/\/legitgrams.com\/wp-content\/uploads\/2024\/09\/buy-oxycodone-40mg-pills-online.jpg",600,600,false],"large":["https:\/\/legitgrams.com\/wp-content\/uploads\/2024\/09\/buy-oxycodone-40mg-pills-online.jpg",600,600,false],"1536x1536":["https:\/\/legitgrams.com\/wp-content\/uploads\/2024\/09\/buy-oxycodone-40mg-pills-online.jpg",600,600,false],"2048x2048":["https:\/\/legitgrams.com\/wp-content\/uploads\/2024\/09\/buy-oxycodone-40mg-pills-online.jpg",600,600,false],"trp-custom-language-flag":["https:\/\/legitgrams.com\/wp-content\/uploads\/2024\/09\/buy-oxycodone-40mg-pills-online-12x12.jpg",12,12,true],"woocommerce_thumbnail":["https:\/\/legitgrams.com\/wp-content\/uploads\/2024\/09\/buy-oxycodone-40mg-pills-online-300x300.jpg",300,300,true],"woocommerce_single":["https:\/\/legitgrams.com\/wp-content\/uploads\/2024\/09\/buy-oxycodone-40mg-pills-online.jpg",600,600,false],"woocommerce_gallery_thumbnail":["https:\/\/legitgrams.com\/wp-content\/uploads\/2024\/09\/buy-oxycodone-40mg-pills-online-100x100.jpg",100,100,true]},"uagb_author_info":{"display_name":"cokeblog18","author_link":"https:\/\/legitgrams.com\/es\/author\/"},"uagb_comment_info":0,"uagb_excerpt":"Purchase OxyCodone 40mg pills online Order 40 mg tablets of OxyCodone online. We are also selling codeine. Medications, including painkillers, are used globally. Treatment for moderate to severe pain is recommended by oxycodone. Labeling For moderate to severe chronic pain that calls for long-acting opioid analgesics, there are also sustained-release formulations available. LegitGrams Purchase 40&hellip;","_links":{"self":[{"href":"https:\/\/legitgrams.com\/es\/wp-json\/wp\/v2\/product\/3843","targetHints":{"allow":["GET"]}}],"collection":[{"href":"https:\/\/legitgrams.com\/es\/wp-json\/wp\/v2\/product"}],"about":[{"href":"https:\/\/legitgrams.com\/es\/wp-json\/wp\/v2\/types\/product"}],"replies":[{"embeddable":true,"href":"https:\/\/legitgrams.com\/es\/wp-json\/wp\/v2\/comments?post=3843"}],"wp:featuredmedia":[{"embeddable":true,"href":"https:\/\/legitgrams.com\/es\/wp-json\/wp\/v2\/media\/5218"}],"wp:attachment":[{"href":"https:\/\/legitgrams.com\/es\/wp-json\/wp\/v2\/media?parent=3843"}],"wp:term":[{"taxonomy":"product_brand","embeddable":true,"href":"https:\/\/legitgrams.com\/es\/wp-json\/wp\/v2\/product_brand?post=3843"},{"taxonomy":"product_cat","embeddable":true,"href":"https:\/\/legitgrams.com\/es\/wp-json\/wp\/v2\/product_cat?post=3843"},{"taxonomy":"product_tag","embeddable":true,"href":"https:\/\/legitgrams.com\/es\/wp-json\/wp\/v2\/product_tag?post=3843"}],"curies":[{"name":"wp","href":"https:\/\/api.w.org\/{rel}","templated":true}]}}