{"id":3852,"date":"2024-09-20T07:31:36","date_gmt":"2024-09-20T07:31:36","guid":{"rendered":"https:\/\/legitgrams.com\/?post_type=product&#038;p=3852"},"modified":"2025-04-05T06:24:32","modified_gmt":"2025-04-05T06:24:32","slug":"oxicodona-10-mg","status":"publish","type":"product","link":"https:\/\/legitgrams.com\/es\/producto\/oxicodona-10-mg\/","title":{"rendered":"Comprar oxicodona 10 mg en l\u00ednea"},"content":{"rendered":"<h2>Comprar oxicodona 10 mg en l\u00ednea. Comprar oxicodona 10 mg y 30 mg en l\u00ednea.<\/h2>\n<p>Un medicamento opi\u00e1ceo para tratar el dolor moderado a intenso es <a href=\"https:\/\/en.wikipedia.org\/wiki\/Oxycodone\">oxicodona<\/a>. Es un f\u00e1rmaco oral disponible en formulaciones tanto de liberaci\u00f3n inmediata como prolongada. Los efectos de la oxicodona de liberaci\u00f3n inmediata suelen desaparecer en unas seis horas, con un tiempo medio de inicio de quince minutos. Adem\u00e1s, la oxicodona puede comprarse en l\u00ednea en combinaci\u00f3n con aspirina o paracetamol.<\/p>\n<p><a href=\"https:\/\/www.bing.com\/search?q=Buy%20Oxycodone%2010mg%20Online&amp;qs=n&amp;form=QBRE&amp;sp=-1&amp;lq=0&amp;pq=buy%20oxycodone%2010mg%20online&amp;sc=0-25&amp;sk=&amp;cvid=802B02329C1B4EC996D8AEE3F861180A&amp;ghsh=0&amp;ghacc=0&amp;ghpl=\">Oxicodona<\/a> es m\u00e1s potente que la morfina, como lo demuestran estudios que muestran que 5 mg de oxicodona son alrededor de 1,5 veces m\u00e1s eficaces que 5 mg de morfina.<\/p>\n<p>En 1916 se produjo el primer <a href=\"https:\/\/legitgrams.com\/es\/producto\/oxicodona-10-mg\/\">oxicodona<\/a> producido a partir del bovino por los alemanes. En EE.UU. tambi\u00e9n se ofrece una versi\u00f3n gen\u00e9rica del medicamento que cuesta menos de $0,30 la pastilla al por mayor.<\/p>\n<p>Con m\u00e1s de 10 millones de recetas escritas anualmente, <a href=\"https:\/\/www.google.com\/search?q=Comprar+oxicodona+10+mg+en+lnea&amp;sca_esv=eddefdb7b92e7545&amp;sxsrf=AHTn8zqqmrukmiEjlsA0Agc5Rmy9yH-euA1743830694729&amp;ei=pr7wZ6qiLLek0PEPn_HW2A8&amp;ved=0ahUKEwiqje7Ik8CMAxU3EjQIHZ-4FfsQ4dUDCBA&amp;uact=5&amp;oq=Comprar+oxicodona+10+mg+en+lnea&amp;gs_lp=Egxnd3Mtd2l6LXNlcnAiIUNvbXByYXIgb3hpY29kb25hIDEwIG1nIGVuIGzDrW5lYTIFECEYoAEyBRAhGKABMgUQIRigATIFECEYoAFI4ARQAFgAcAB4AZABAJgBjAOgAYwDqgEDMy0xuAEDyAEA-AEC-AEBmAIBoAKWA5gDAJIHAzQtMaAH8QOyBwM0LTG4B5YD&amp;sclient=gws-wiz-serp\">oxicodona<\/a> Es uno de los analg\u00e9sicos opioides m\u00e1s recetados en los EE. UU.<\/p>\n<h3>Aplicaciones de la Oxicodona<\/h3>\n<p>Para el tratamiento del dolor agudo o cr\u00f3nico de moderado a intenso, puede comprar oxicodona en l\u00ednea. Los m\u00e9dicos s\u00f3lo recomiendan la oxicodona cuando los pacientes no pueden recibir el alivio necesario del dolor con opciones terap\u00e9uticas alternativas, como los opi\u00e1ceos combinados o los analg\u00e9sicos no opi\u00e1ceos. En determinadas circunstancias, el f\u00e1rmaco tambi\u00e9n puede mejorar la calidad de vida. <a href=\"https:\/\/legitgrams.com\/es\/\">LegitGrams<\/a><\/p>\n<p>Adem\u00e1s, la oxicodona tiene efectos analg\u00e9sicos que duran hasta 12 horas y est\u00e1 disponible en forma de comprimidos de liberaci\u00f3n controlada. Seg\u00fan un estudio independiente realizado en julio de 1996, la forma de liberaci\u00f3n controlada de oxicodona tiene una vida media variable de 10 a 12 horas.<\/p>\n<p>A 2006 analysis found that when used to treat cancer pain, oxycodone-controlled release has fewer side effects than hydromorphone, morphine, and its immediate-release counterparts. According to the study, controlled-release <a href=\"https:\/\/duckduckgo.com\/?q=Comprar+oxicodona+10+mg+en+lnea&amp;t=h_&amp;ia=web\">oxicodona<\/a> is a competitive alternative to morphine and a good first-line treatment for cancer pain.<\/p>\n<p>En los EE. UU., la FDA solo autoriza la oxicodona de liberaci\u00f3n prolongada para ni\u00f1os de 11 a\u00f1os o m\u00e1s que experimentan dolor posoperatorio, trauma o c\u00e1ncer y que actualmente est\u00e1n bajo terapia analg\u00e9sica con opioides y que pueden tomar al menos 20 mg del medicamento.<span style=\"font-size: 16px;\">\u00a0de oxicodona por d\u00eda.<\/span><\/p>\n<h3>Enfoque de la acci\u00f3n<\/h3>\n<p>La oxicodona es un opioide artificial o semisint\u00e9tico que funciona como un agonista selectivo completo del receptor opioide mu (MOR), el objetivo biol\u00f3gico principal del neurop\u00e9ptido opioide end\u00f3geno beta-endorfina. Aunque el medicamento tiene una afinidad modesta por estos receptores, es un agonista del receptor opioide delta (DOR) y del receptor opioide k (KOR). Despu\u00e9s de unirse al MOR, la oxicodona forma un complejo de prote\u00edna G que reduce la producci\u00f3n de AMPc, abre los canales de calcio y cierra los canales de potasio, bloqueando as\u00ed la liberaci\u00f3n de neurotransmisores celulares.<\/p>\n<p>Se cree que la activaci\u00f3n de MOR en las \u00e1reas de la m\u00e9dula ventromedial rostral (RVM) y la sustancia gris periacueductal (PAG) del mesenc\u00e9falo es la causa de los efectos analg\u00e9sicos de la oxicodona. Sin embargo, inducen adicci\u00f3n al activar MOR en el n\u00facleo accumbens, el p\u00e1lido ventral y el \u00e1rea tegmental ventral de la v\u00eda de recompensa mesol\u00edmbica.<\/p>\n<h3>Resultados adversos<\/h3>\n<p>La oxicodona tiene varios efectos negativos adem\u00e1s de su funci\u00f3n terap\u00e9utica esencial. Solo debe comprar oxicodona en l\u00ednea con receta m\u00e9dica. El medicamento tiene efectos secundarios graves, que incluyen depresi\u00f3n respiratoria, euforia, ansiolisis, reducci\u00f3n de la sensibilidad al dolor y sensaciones de relajaci\u00f3n.<\/p>\n<h3>Entre los efectos secundarios frecuentes de la oxicodona se encuentran:<\/h3>\n<p>n\u00e1useas (23%).<br \/>\nestre\u00f1imiento (23%).<\/p>\n<p>Somnolencia (23%).<br \/>\nPicor (13%).<br \/>\nMareo (13%)<br \/>\nArcadas (12%)<br \/>\nSequedad bucal (6%).<br \/>\nTranspiraci\u00f3n (5%)<br \/>\nMenos del 5% de los pacientes presentan efectos secundarios menos frecuentes con la oxicodona, como hipo, ansiedad, diarrea, dolor abdominal, disnea y falta de apetito.<\/p>\n<p>Con el tiempo, la mayor\u00eda de los efectos negativos disminuyen en intensidad y acaban desapareciendo en unos d\u00edas o una semana. Sin embargo, es m\u00e1s probable que el estre\u00f1imiento persista durante el consumo.<\/p>\n<h3>Interacciones<\/h3>\n<p>El medicamento tiene efectos secundarios indeseables cuando se mezcla con otros medicamentos. Para conocer todas las posibles interacciones farmacol\u00f3gicas, lo mejor es comprar oxicodona en l\u00ednea y leer atentamente las instrucciones de la etiqueta.<\/p>\n<p>Las enzimas CYP3A4 y CYP2D6 descomponen la oxicodona. Por lo tanto, al alargar o acortar la semivida del f\u00e1rmaco, respectivamente, los inductores e inhibidores de estas enzimas pueden cambiar la velocidad a la que la oxicodona se elimina del organismo. Las variantes gen\u00e9ticas de estas enzimas tambi\u00e9n afectan a la cantidad de oxicodona que se elimina, lo que est\u00e1 relacionado con la gran variabilidad interindividual de la potencia y la semivida de la oxicodona.<\/p>\n<p>Dado que el CYP2D6 y el CYP3A4 son inhibidos por lopinavir\/ritonavir o ritonavir, las concentraciones plasm\u00e1ticas de oxicodona aumentan dr\u00e1sticamente en individuos sanos.<\/p>\n<p>La capacidad de la rifampicina para inducir el CYP3A4 activo disminuye los niveles plasm\u00e1ticos de oxicodona. La fosfenito\u00edna, un inductor del CYP2A4, disminuye significativamente los efectos analg\u00e9sicos de la oxicodona en un paciente con dolor cr\u00f3nico.<\/p>\n<p>Si hay alguna interacci\u00f3n entre medicamentos, el m\u00e9dico tiene que cambiar las dosis o las recetas.<\/p>\n<p>&nbsp;<\/p>","protected":false},"excerpt":{"rendered":"<p>Purchase Oxycodone 10 mg online. Buy Oxycodone 10 mg and 30 mg online. One opioid medication for treating moderate to severe pain is oxycodone. It is an oral drug available in formulations for both immediate and prolonged release. The effects of immediate-release oxycodone usually wear off in about six hours, with an average start time &hellip;<\/p>\n<p class=\"read-more\"> <a class=\"\" href=\"https:\/\/legitgrams.com\/es\/producto\/oxicodona-10-mg\/\"> <span class=\"screen-reader-text\">Comprar oxicodona 10 mg en l\u00ednea<\/span> Leer m\u00e1s \"<\/a><\/p>","protected":false},"featured_media":5220,"comment_status":"open","ping_status":"closed","template":"","meta":{"_uag_custom_page_level_css":"","site-sidebar-layout":"default","site-content-layout":"default","ast-global-header-display":"","ast-main-header-display":"","ast-hfb-above-header-display":"","ast-hfb-below-header-display":"","ast-hfb-mobile-header-display":"","site-post-title":"","ast-breadcrumbs-content":"","ast-featured-img":"","footer-sml-layout":"","theme-transparent-header-meta":"default","adv-header-id-meta":"","stick-header-meta":"default","header-above-stick-meta":"","header-main-stick-meta":"","header-below-stick-meta":"","_joinchat":[]},"product_brand":[],"product_cat":[608,597],"product_tag":[4717,4707,617,4699,4714,4711,4706,4704,4698,4701,4709,4700,4702,4710,4712,4719,4720,4718,4715,4716,4713,625,4705,4708,4703],"class_list":{"0":"post-3852","1":"product","2":"type-product","3":"status-publish","4":"has-post-thumbnail","6":"product_cat-pain-pills","7":"product_cat-pain-sleeping-sex-pills","8":"product_tag-best-cheap-price-oxycodone-10mg","9":"product_tag-best-place-to-buy-oxycodone-10mg","10":"product_tag-bulk-online","11":"product_tag-buy-oxycodone-10mg","12":"product_tag-cheap-oxycodone-10mg","13":"product_tag-high-quality-oxycodone-10mg","14":"product_tag-how-to-buy-oxycodone-10mg","15":"product_tag-order-oxycodone-10mg","16":"product_tag-oxycodone-10mg","17":"product_tag-oxycodone-10mg-for-sale","18":"product_tag-oxycodone-10mg-legally","19":"product_tag-oxycodone-10mg-online","20":"product_tag-oxycodone-10mg-oxycodone-10mg-supplier","21":"product_tag-oxycodone-10mg-price","22":"product_tag-oxycodone-10mg-store","23":"product_tag-oxycodone-10mg-use","24":"product_tag-oxycodone-10mg-wiki","25":"product_tag-oxycodone-10mg-worldwide","26":"product_tag-oxycodone-10mgs","27":"product_tag-purcharse-oxycodone-10mg","28":"product_tag-shop-oxycodone-10mg","29":"product_tag-top-quality","30":"product_tag-where-to-buy-oxycodone-10mg","31":"product_tag-where-to-order-oxycodone-10mg","32":"product_tag-wholesale-oxycodone-10mg","33":"desktop-align-left","34":"tablet-align-left","35":"mobile-align-left","36":"ast-product-gallery-layout-horizontal","37":"ast-product-gallery-with-no-image","38":"ast-product-single-variable","39":"ast-product-tabs-layout-horizontal","40":"ast-qv-on-image","42":"first","43":"instock","44":"featured","45":"shipping-taxable","46":"purchasable","47":"product-type-variable"},"yoast_head":"<!-- This site is optimized with the Yoast SEO plugin v25.9 - https:\/\/yoast.com\/wordpress\/plugins\/seo\/ -->\n<title>Oxycodone 10mg for Sale - Order Oxycodone 10mg Pills Online<\/title>\n<meta name=\"description\" content=\"Discover top-notch Oxycodone 10mg for sale at our online store - buy Oxycodone 10mg conveniently and securely to fuel your research. Explore and buy Oxycodone 10mg online, advancing your scientific endeavors with ease. Order Now!\" \/>\n<meta name=\"robots\" content=\"index, follow, max-snippet:-1, max-image-preview:large, max-video-preview:-1\" \/>\n<link rel=\"canonical\" href=\"https:\/\/legitgrams.com\/es\/producto\/oxicodona-10-mg\/\" \/>\n<meta property=\"og:locale\" content=\"es_ES\" \/>\n<meta property=\"og:type\" content=\"article\" \/>\n<meta property=\"og:title\" content=\"Oxycodone 10mg for Sale - Order Oxycodone 10mg Pills Online\" \/>\n<meta property=\"og:description\" content=\"Discover top-notch Oxycodone 10mg for sale at our online store - buy Oxycodone 10mg conveniently and securely to fuel your research. Explore and buy Oxycodone 10mg online, advancing your scientific endeavors with ease. Order Now!\" \/>\n<meta property=\"og:url\" content=\"https:\/\/legitgrams.com\/es\/producto\/oxicodona-10-mg\/\" \/>\n<meta property=\"og:site_name\" content=\"Legit Grams\" \/>\n<meta property=\"article:modified_time\" content=\"2025-04-05T06:24:32+00:00\" \/>\n<meta property=\"og:image\" content=\"https:\/\/legitgrams.com\/wp-content\/uploads\/2024\/09\/buy-roxicodone-30mg-pills-online.jpg\" \/>\n\t<meta property=\"og:image:width\" content=\"600\" \/>\n\t<meta property=\"og:image:height\" content=\"600\" \/>\n\t<meta property=\"og:image:type\" content=\"image\/jpeg\" \/>\n<meta name=\"twitter:card\" content=\"summary_large_image\" \/>\n<meta name=\"twitter:label1\" content=\"Tiempo de lectura\" \/>\n\t<meta name=\"twitter:data1\" content=\"4 minutos\" \/>\n<script type=\"application\/ld+json\" class=\"yoast-schema-graph\">{\"@context\":\"https:\/\/schema.org\",\"@graph\":[{\"@type\":\"WebPage\",\"@id\":\"https:\/\/legitgrams.com\/product\/oxycodone-10mg\/\",\"url\":\"https:\/\/legitgrams.com\/product\/oxycodone-10mg\/\",\"name\":\"Oxycodone 10mg for Sale - Order Oxycodone 10mg Pills Online\",\"isPartOf\":{\"@id\":\"https:\/\/legitgrams.com\/#website\"},\"primaryImageOfPage\":{\"@id\":\"https:\/\/legitgrams.com\/product\/oxycodone-10mg\/#primaryimage\"},\"image\":{\"@id\":\"https:\/\/legitgrams.com\/product\/oxycodone-10mg\/#primaryimage\"},\"thumbnailUrl\":\"https:\/\/legitgrams.com\/wp-content\/uploads\/2024\/09\/buy-roxicodone-30mg-pills-online.jpg\",\"datePublished\":\"2024-09-20T07:31:36+00:00\",\"dateModified\":\"2025-04-05T06:24:32+00:00\",\"description\":\"Discover top-notch Oxycodone 10mg for sale at our online store - buy Oxycodone 10mg conveniently and securely to fuel your research. Explore and buy Oxycodone 10mg online, advancing your scientific endeavors with ease. Order Now!\",\"breadcrumb\":{\"@id\":\"https:\/\/legitgrams.com\/product\/oxycodone-10mg\/#breadcrumb\"},\"inLanguage\":\"es\",\"potentialAction\":[{\"@type\":\"ReadAction\",\"target\":[\"https:\/\/legitgrams.com\/product\/oxycodone-10mg\/\"]}]},{\"@type\":\"ImageObject\",\"inLanguage\":\"es\",\"@id\":\"https:\/\/legitgrams.com\/product\/oxycodone-10mg\/#primaryimage\",\"url\":\"https:\/\/legitgrams.com\/wp-content\/uploads\/2024\/09\/buy-roxicodone-30mg-pills-online.jpg\",\"contentUrl\":\"https:\/\/legitgrams.com\/wp-content\/uploads\/2024\/09\/buy-roxicodone-30mg-pills-online.jpg\",\"width\":600,\"height\":600,\"caption\":\"Oxycodone 10mg for Sale\"},{\"@type\":\"BreadcrumbList\",\"@id\":\"https:\/\/legitgrams.com\/product\/oxycodone-10mg\/#breadcrumb\",\"itemListElement\":[{\"@type\":\"ListItem\",\"position\":1,\"name\":\"Home\",\"item\":\"https:\/\/legitgrams.com\/\"},{\"@type\":\"ListItem\",\"position\":2,\"name\":\"Shop\",\"item\":\"https:\/\/legitgrams.com\/shop\/\"},{\"@type\":\"ListItem\",\"position\":3,\"name\":\"Buy Oxycodone 10mg Online\"}]},{\"@type\":\"WebSite\",\"@id\":\"https:\/\/legitgrams.com\/#website\",\"url\":\"https:\/\/legitgrams.com\/\",\"name\":\"Legit Grams\",\"description\":\"My WordPress Blog\",\"publisher\":{\"@id\":\"https:\/\/legitgrams.com\/#organization\"},\"potentialAction\":[{\"@type\":\"SearchAction\",\"target\":{\"@type\":\"EntryPoint\",\"urlTemplate\":\"https:\/\/legitgrams.com\/?s={search_term_string}\"},\"query-input\":{\"@type\":\"PropertyValueSpecification\",\"valueRequired\":true,\"valueName\":\"search_term_string\"}}],\"inLanguage\":\"es\"},{\"@type\":\"Organization\",\"@id\":\"https:\/\/legitgrams.com\/#organization\",\"name\":\"Legit Grams\",\"url\":\"https:\/\/legitgrams.com\/\",\"logo\":{\"@type\":\"ImageObject\",\"inLanguage\":\"es\",\"@id\":\"https:\/\/legitgrams.com\/#\/schema\/logo\/image\/\",\"url\":\"https:\/\/legitgrams.com\/wp-content\/uploads\/2024\/09\/main-logo.png\",\"contentUrl\":\"https:\/\/legitgrams.com\/wp-content\/uploads\/2024\/09\/main-logo.png\",\"width\":270,\"height\":75,\"caption\":\"Legit Grams\"},\"image\":{\"@id\":\"https:\/\/legitgrams.com\/#\/schema\/logo\/image\/\"}}]}<\/script>\n<!-- \/ Yoast SEO plugin. -->","yoast_head_json":{"title":"Oxycodone 10mg for Sale - Order Oxycodone 10mg Pills Online","description":"Descubra Oxycodone 10mg de primera calidad a la venta en nuestra tienda online - compre Oxycodone 10mg de forma c\u00f3moda y segura para alimentar su investigaci\u00f3n. Explore y compre Oxicodona 10mg en l\u00ednea, avanzando en sus esfuerzos cient\u00edficos con facilidad. \u00a1Haga su pedido ahora!","robots":{"index":"index","follow":"follow","max-snippet":"max-snippet:-1","max-image-preview":"max-image-preview:large","max-video-preview":"max-video-preview:-1"},"canonical":"https:\/\/legitgrams.com\/es\/producto\/oxicodona-10-mg\/","og_locale":"es_ES","og_type":"article","og_title":"Oxycodone 10mg for Sale - Order Oxycodone 10mg Pills Online","og_description":"Discover top-notch Oxycodone 10mg for sale at our online store - buy Oxycodone 10mg conveniently and securely to fuel your research. Explore and buy Oxycodone 10mg online, advancing your scientific endeavors with ease. Order Now!","og_url":"https:\/\/legitgrams.com\/es\/producto\/oxicodona-10-mg\/","og_site_name":"Legit Grams","article_modified_time":"2025-04-05T06:24:32+00:00","og_image":[{"width":600,"height":600,"url":"https:\/\/legitgrams.com\/wp-content\/uploads\/2024\/09\/buy-roxicodone-30mg-pills-online.jpg","type":"image\/jpeg"}],"twitter_card":"summary_large_image","twitter_misc":{"Tiempo de lectura":"4 minutos"},"schema":{"@context":"https:\/\/schema.org","@graph":[{"@type":"WebPage","@id":"https:\/\/legitgrams.com\/product\/oxycodone-10mg\/","url":"https:\/\/legitgrams.com\/product\/oxycodone-10mg\/","name":"Oxycodone 10mg for Sale - Order Oxycodone 10mg Pills Online","isPartOf":{"@id":"https:\/\/legitgrams.com\/#website"},"primaryImageOfPage":{"@id":"https:\/\/legitgrams.com\/product\/oxycodone-10mg\/#primaryimage"},"image":{"@id":"https:\/\/legitgrams.com\/product\/oxycodone-10mg\/#primaryimage"},"thumbnailUrl":"https:\/\/legitgrams.com\/wp-content\/uploads\/2024\/09\/buy-roxicodone-30mg-pills-online.jpg","datePublished":"2024-09-20T07:31:36+00:00","dateModified":"2025-04-05T06:24:32+00:00","description":"Descubra Oxycodone 10mg de primera calidad a la venta en nuestra tienda online - compre Oxycodone 10mg de forma c\u00f3moda y segura para alimentar su investigaci\u00f3n. Explore y compre Oxicodona 10mg en l\u00ednea, avanzando en sus esfuerzos cient\u00edficos con facilidad. \u00a1Haga su pedido ahora!","breadcrumb":{"@id":"https:\/\/legitgrams.com\/product\/oxycodone-10mg\/#breadcrumb"},"inLanguage":"es","potentialAction":[{"@type":"ReadAction","target":["https:\/\/legitgrams.com\/product\/oxycodone-10mg\/"]}]},{"@type":"ImageObject","inLanguage":"es","@id":"https:\/\/legitgrams.com\/product\/oxycodone-10mg\/#primaryimage","url":"https:\/\/legitgrams.com\/wp-content\/uploads\/2024\/09\/buy-roxicodone-30mg-pills-online.jpg","contentUrl":"https:\/\/legitgrams.com\/wp-content\/uploads\/2024\/09\/buy-roxicodone-30mg-pills-online.jpg","width":600,"height":600,"caption":"Oxycodone 10mg for Sale"},{"@type":"BreadcrumbList","@id":"https:\/\/legitgrams.com\/product\/oxycodone-10mg\/#breadcrumb","itemListElement":[{"@type":"ListItem","position":1,"name":"Home","item":"https:\/\/legitgrams.com\/"},{"@type":"ListItem","position":2,"name":"Shop","item":"https:\/\/legitgrams.com\/shop\/"},{"@type":"ListItem","position":3,"name":"Buy Oxycodone 10mg Online"}]},{"@type":"WebSite","@id":"https:\/\/legitgrams.com\/#website","url":"https:\/\/legitgrams.com\/","name":"Gramos leg\u00edtimos","description":"Mi blog de WordPress","publisher":{"@id":"https:\/\/legitgrams.com\/#organization"},"potentialAction":[{"@type":"SearchAction","target":{"@type":"EntryPoint","urlTemplate":"https:\/\/legitgrams.com\/?s={search_term_string}"},"query-input":{"@type":"PropertyValueSpecification","valueRequired":true,"valueName":"search_term_string"}}],"inLanguage":"es"},{"@type":"Organization","@id":"https:\/\/legitgrams.com\/#organization","name":"Gramos leg\u00edtimos","url":"https:\/\/legitgrams.com\/","logo":{"@type":"ImageObject","inLanguage":"es","@id":"https:\/\/legitgrams.com\/#\/schema\/logo\/image\/","url":"https:\/\/legitgrams.com\/wp-content\/uploads\/2024\/09\/main-logo.png","contentUrl":"https:\/\/legitgrams.com\/wp-content\/uploads\/2024\/09\/main-logo.png","width":270,"height":75,"caption":"Legit Grams"},"image":{"@id":"https:\/\/legitgrams.com\/#\/schema\/logo\/image\/"}}]}},"uagb_featured_image_src":{"full":["https:\/\/legitgrams.com\/wp-content\/uploads\/2024\/09\/buy-roxicodone-30mg-pills-online.jpg",600,600,false],"thumbnail":["https:\/\/legitgrams.com\/wp-content\/uploads\/2024\/09\/buy-roxicodone-30mg-pills-online-150x150.jpg",150,150,true],"medium":["https:\/\/legitgrams.com\/wp-content\/uploads\/2024\/09\/buy-roxicodone-30mg-pills-online-300x300.jpg",300,300,true],"medium_large":["https:\/\/legitgrams.com\/wp-content\/uploads\/2024\/09\/buy-roxicodone-30mg-pills-online.jpg",600,600,false],"large":["https:\/\/legitgrams.com\/wp-content\/uploads\/2024\/09\/buy-roxicodone-30mg-pills-online.jpg",600,600,false],"1536x1536":["https:\/\/legitgrams.com\/wp-content\/uploads\/2024\/09\/buy-roxicodone-30mg-pills-online.jpg",600,600,false],"2048x2048":["https:\/\/legitgrams.com\/wp-content\/uploads\/2024\/09\/buy-roxicodone-30mg-pills-online.jpg",600,600,false],"trp-custom-language-flag":["https:\/\/legitgrams.com\/wp-content\/uploads\/2024\/09\/buy-roxicodone-30mg-pills-online-12x12.jpg",12,12,true],"woocommerce_thumbnail":["https:\/\/legitgrams.com\/wp-content\/uploads\/2024\/09\/buy-roxicodone-30mg-pills-online-300x300.jpg",300,300,true],"woocommerce_single":["https:\/\/legitgrams.com\/wp-content\/uploads\/2024\/09\/buy-roxicodone-30mg-pills-online.jpg",600,600,false],"woocommerce_gallery_thumbnail":["https:\/\/legitgrams.com\/wp-content\/uploads\/2024\/09\/buy-roxicodone-30mg-pills-online-100x100.jpg",100,100,true]},"uagb_author_info":{"display_name":"cokeblog18","author_link":"https:\/\/legitgrams.com\/es\/author\/"},"uagb_comment_info":0,"uagb_excerpt":"Purchase Oxycodone 10 mg online. Buy Oxycodone 10 mg and 30 mg online. One opioid medication for treating moderate to severe pain is oxycodone. It is an oral drug available in formulations for both immediate and prolonged release. The effects of immediate-release oxycodone usually wear off in about six hours, with an average start time&hellip;","_links":{"self":[{"href":"https:\/\/legitgrams.com\/es\/wp-json\/wp\/v2\/product\/3852","targetHints":{"allow":["GET"]}}],"collection":[{"href":"https:\/\/legitgrams.com\/es\/wp-json\/wp\/v2\/product"}],"about":[{"href":"https:\/\/legitgrams.com\/es\/wp-json\/wp\/v2\/types\/product"}],"replies":[{"embeddable":true,"href":"https:\/\/legitgrams.com\/es\/wp-json\/wp\/v2\/comments?post=3852"}],"wp:featuredmedia":[{"embeddable":true,"href":"https:\/\/legitgrams.com\/es\/wp-json\/wp\/v2\/media\/5220"}],"wp:attachment":[{"href":"https:\/\/legitgrams.com\/es\/wp-json\/wp\/v2\/media?parent=3852"}],"wp:term":[{"taxonomy":"product_brand","embeddable":true,"href":"https:\/\/legitgrams.com\/es\/wp-json\/wp\/v2\/product_brand?post=3852"},{"taxonomy":"product_cat","embeddable":true,"href":"https:\/\/legitgrams.com\/es\/wp-json\/wp\/v2\/product_cat?post=3852"},{"taxonomy":"product_tag","embeddable":true,"href":"https:\/\/legitgrams.com\/es\/wp-json\/wp\/v2\/product_tag?post=3852"}],"curies":[{"name":"wp","href":"https:\/\/api.w.org\/{rel}","templated":true}]}}