{"id":3857,"date":"2024-09-20T08:14:45","date_gmt":"2024-09-20T08:14:45","guid":{"rendered":"https:\/\/legitgrams.com\/?post_type=product&#038;p=3857"},"modified":"2025-01-15T05:47:49","modified_gmt":"2025-01-15T05:47:49","slug":"ultram-tramadol-online-200mg","status":"publish","type":"product","link":"https:\/\/legitgrams.com\/es\/producto\/ultram-tramadol-online-200mg\/","title":{"rendered":"Ultram Tramadol online 200mg"},"content":{"rendered":"<h2>Comprar Tramadol 200 mg en l\u00ednea<\/h2>\n<p>Vendemos 200 mg de tramadol online. Existen dos tipos de tramadol: el de liberaci\u00f3n inmediata y el de liberaci\u00f3n prolongada. Mientras que el tipo de liberaci\u00f3n prolongada se utiliza para realizar un seguimiento de la recuperaci\u00f3n a lo largo del tiempo, la forma de liberaci\u00f3n r\u00e1pida alivia el dolor de forma instant\u00e1nea.<\/p>\n<p>No es aconsejable tomar medicamentos de liberaci\u00f3n inmediata \"cuando se necesitan\", sino s\u00f3lo si los s\u00edntomas duran m\u00e1s de una semana. Compre tramadol en l\u00ednea para el tratamiento de enfermedades si desea saber c\u00f3mo vivir una vida mejor. Comprar pastillas para dormir y 200 mg de tramadol online.<\/p>\n<p><a href=\"https:\/\/en.wikipedia.org\/wiki\/Tramadol\">Tramadol<\/a> sin receta para entrega al d\u00eda siguiente, tramadol analg\u00e9sicos en l\u00ednea EE.UU., medicamentos recetados sin receta, tramadol comprimidos en l\u00ednea, tramadol para comprar en el Reino Unido, tramadol farmacia almac\u00e9n, analg\u00e9sico sin receta, tramadol 50 mg, tramadol uk online, tramadol uk for sale, tramadol capsules for sale uk, tramadol tablets 50 mg to buy, tramadol tablets buy online, tramadol 50 mg tablets uk, tramadol tablets for sale, tramadol tablets buy online, tramadol 50 mg comprimidos uk, tramadol comprimidos comprar online, tramadol 50 mg, tramadol 50 mg en venta, pil tramadol 50 mg c\u00e1psulas, tramadol 100 mg en venta, tramadol c\u00e1psulas en venta uk, tramadol comprimidos 50 mg comprar, tramadol comprimidos en venta uk, tramadol c\u00e1psulas en venta uk, tramadol 50 mg comprimidos a la venta uk, tramadol 50 mg comprimidos a la venta uk, tramadol 50 mg comprimidos a la venta uk, tramadol 50 mg comprimidos a la venta, que tan fuerte es 50 mg de tramadol, tramadol 50 mg a la venta, tramadol uk online, tramadol uk a la venta, tramadol uk para comprar, <a href=\"https:\/\/legitgrams.com\/es\/\">LegitGrams<\/a><\/p>\n<p>Comprar <a href=\"https:\/\/legitgrams.com\/es\/producto\/ultram-tramadol-online-200mg\/\">Ultram Tramadol 200 mg p\u00edldoras<\/a> online - comprar Ultram Tramadol, comprar Ultram Tramadol 200 mg pastillas, comprar Ultram Tramadol online, D\u00f3nde comprar Ultram Tramadol 200 mg pastillas, Ultram Tramadol 200 mg pastillas en venta, comprar Tramadol 200 mg pastillas online, d\u00f3nde comprar Ultram Tramadol 200 mg pastillas, comprar Ultram Tramadol 200 mg pastillas, Ultram Tramadol 200 mg pastillas en venta en Estados Unidos, Canad\u00e1, Reino Unido, comprar, online, proveedores, tr\u00e1nsito seguro, Todav\u00eda hay Ultram Tramadol 200 mg pastillas disponibles. \u00bfEs posible comprar Ultram Tramadol 200 mg comprimidos en l\u00ednea en los Estados Unidos? \u00bfC\u00f3mo puedo realizar un pedido de Ultram Tramadol 200 mg comprimidos? \u00bfSon legales los comprimidos de Ultram Tramadol 200 mg en Canad\u00e1?<\/p>","protected":false},"excerpt":{"rendered":"<p>Purchase Tramadol online 200mg Online We sell 200 mg of tramadol online. There are two types of tramadol: immediate-release and sustained-release. While the extended-release type is used to track recovery over time, the quick-release form relieves pain instantly. It is not advisable to take immediate-release medications &#8220;when needed,&#8221; but rather only if symptoms last longer &hellip;<\/p>\n<p class=\"read-more\"> <a class=\"\" href=\"https:\/\/legitgrams.com\/es\/producto\/ultram-tramadol-online-200mg\/\"> <span class=\"screen-reader-text\">Ultram Tramadol online 200mg<\/span> Leer m\u00e1s \"<\/a><\/p>","protected":false},"featured_media":5225,"comment_status":"open","ping_status":"closed","template":"","meta":{"_uag_custom_page_level_css":"","site-sidebar-layout":"default","site-content-layout":"default","ast-global-header-display":"","ast-main-header-display":"","ast-hfb-above-header-display":"","ast-hfb-below-header-display":"","ast-hfb-mobile-header-display":"","site-post-title":"","ast-breadcrumbs-content":"","ast-featured-img":"","footer-sml-layout":"","theme-transparent-header-meta":"default","adv-header-id-meta":"","stick-header-meta":"default","header-above-stick-meta":"","header-main-stick-meta":"","header-below-stick-meta":"","_joinchat":[]},"product_brand":[],"product_cat":[608,597,609,610],"product_tag":[4648,4638,617,4630,4645,4642,4637,4635,4647,4644,625,4629,4632,4640,4631,4641,4643,4633,4650,4651,4649,4646,4636,4639,4634],"class_list":{"0":"post-3857","1":"product","2":"type-product","3":"status-publish","4":"has-post-thumbnail","6":"product_cat-pain-pills","7":"product_cat-pain-sleeping-sex-pills","8":"product_cat-sex-pills","9":"product_cat-sleeping-pills","10":"product_tag-best-cheap-price-ultram-tramadol-online-200mg","11":"product_tag-best-place-to-buy-ultram-tramadol-online-200mg","12":"product_tag-bulk-online","13":"product_tag-buy-ultram-tramadol-online-200mg","14":"product_tag-cheap-ultram-tramadol-online-200mg","15":"product_tag-high-quality-ultram-tramadol-online-200mg","16":"product_tag-how-to-buy-ultram-tramadol-online-200mg","17":"product_tag-order-ultram-tramadol-online-200mg","18":"product_tag-purcharse-ultram-tramadol-online-200mg","19":"product_tag-shop-ultram-tramadol-online-200mg","20":"product_tag-top-quality","21":"product_tag-ultram-tramadol-online-200mg","22":"product_tag-ultram-tramadol-online-200mg-for-sale","23":"product_tag-ultram-tramadol-online-200mg-legally","24":"product_tag-ultram-tramadol-online-200mg-online","25":"product_tag-ultram-tramadol-online-200mg-price","26":"product_tag-ultram-tramadol-online-200mg-store","27":"product_tag-ultram-tramadol-online-200mg-ultram-tramadol-online-200mg-supplier","28":"product_tag-ultram-tramadol-online-200mg-use","29":"product_tag-ultram-tramadol-online-200mg-wiki","30":"product_tag-ultram-tramadol-online-200mg-worldwide","31":"product_tag-ultram-tramadol-online-200mgs","32":"product_tag-where-to-buy-ultram-tramadol-online-200mg","33":"product_tag-where-to-order-ultram-tramadol-online-200mg","34":"product_tag-wholesale-ultram-tramadol-online-200mg","35":"desktop-align-left","36":"tablet-align-left","37":"mobile-align-left","38":"ast-product-gallery-layout-horizontal","39":"ast-product-gallery-with-no-image","40":"ast-product-single-variable","41":"ast-product-tabs-layout-horizontal","42":"ast-qv-on-image","44":"first","45":"instock","46":"shipping-taxable","47":"purchasable","48":"product-type-variable"},"yoast_head":"<!-- This site is optimized with the Yoast SEO plugin v25.9 - https:\/\/yoast.com\/wordpress\/plugins\/seo\/ -->\n<title>Ultram Tramadol Online 200mg for Sale - Buy Ultram Tramadol Pills Online<\/title>\n<meta name=\"description\" content=\"Find premium ultram tramadol for sale at our online store, providing a secure platform to buy ultram tramadol online a long with quick and secure delievery.\" \/>\n<meta name=\"robots\" content=\"index, follow, max-snippet:-1, max-image-preview:large, max-video-preview:-1\" \/>\n<link rel=\"canonical\" href=\"https:\/\/legitgrams.com\/es\/producto\/ultram-tramadol-online-200mg\/\" \/>\n<meta property=\"og:locale\" content=\"es_ES\" \/>\n<meta property=\"og:type\" content=\"article\" \/>\n<meta property=\"og:title\" content=\"Ultram Tramadol Online 200mg for Sale - Buy Ultram Tramadol Pills Online\" \/>\n<meta property=\"og:description\" content=\"Find premium ultram tramadol for sale at our online store, providing a secure platform to buy ultram tramadol online a long with quick and secure delievery.\" \/>\n<meta property=\"og:url\" content=\"https:\/\/legitgrams.com\/es\/producto\/ultram-tramadol-online-200mg\/\" \/>\n<meta property=\"og:site_name\" content=\"Legit Grams\" \/>\n<meta property=\"article:modified_time\" content=\"2025-01-15T05:47:49+00:00\" \/>\n<meta property=\"og:image\" content=\"https:\/\/legitgrams.com\/wp-content\/uploads\/2024\/09\/buy-ultram-tramadol-200mg-pills-online.jpg\" \/>\n\t<meta property=\"og:image:width\" content=\"600\" \/>\n\t<meta property=\"og:image:height\" content=\"600\" \/>\n\t<meta property=\"og:image:type\" content=\"image\/jpeg\" \/>\n<meta name=\"twitter:card\" content=\"summary_large_image\" \/>\n<meta name=\"twitter:label1\" content=\"Tiempo de lectura\" \/>\n\t<meta name=\"twitter:data1\" content=\"2 minutos\" \/>\n<script type=\"application\/ld+json\" class=\"yoast-schema-graph\">{\"@context\":\"https:\/\/schema.org\",\"@graph\":[{\"@type\":\"WebPage\",\"@id\":\"https:\/\/legitgrams.com\/product\/ultram-tramadol-online-200mg\/\",\"url\":\"https:\/\/legitgrams.com\/product\/ultram-tramadol-online-200mg\/\",\"name\":\"Ultram Tramadol Online 200mg for Sale - Buy Ultram Tramadol Pills Online\",\"isPartOf\":{\"@id\":\"https:\/\/legitgrams.com\/#website\"},\"primaryImageOfPage\":{\"@id\":\"https:\/\/legitgrams.com\/product\/ultram-tramadol-online-200mg\/#primaryimage\"},\"image\":{\"@id\":\"https:\/\/legitgrams.com\/product\/ultram-tramadol-online-200mg\/#primaryimage\"},\"thumbnailUrl\":\"https:\/\/legitgrams.com\/wp-content\/uploads\/2024\/09\/buy-ultram-tramadol-200mg-pills-online.jpg\",\"datePublished\":\"2024-09-20T08:14:45+00:00\",\"dateModified\":\"2025-01-15T05:47:49+00:00\",\"description\":\"Find premium ultram tramadol for sale at our online store, providing a secure platform to buy ultram tramadol online a long with quick and secure delievery.\",\"breadcrumb\":{\"@id\":\"https:\/\/legitgrams.com\/product\/ultram-tramadol-online-200mg\/#breadcrumb\"},\"inLanguage\":\"es\",\"potentialAction\":[{\"@type\":\"ReadAction\",\"target\":[\"https:\/\/legitgrams.com\/product\/ultram-tramadol-online-200mg\/\"]}]},{\"@type\":\"ImageObject\",\"inLanguage\":\"es\",\"@id\":\"https:\/\/legitgrams.com\/product\/ultram-tramadol-online-200mg\/#primaryimage\",\"url\":\"https:\/\/legitgrams.com\/wp-content\/uploads\/2024\/09\/buy-ultram-tramadol-200mg-pills-online.jpg\",\"contentUrl\":\"https:\/\/legitgrams.com\/wp-content\/uploads\/2024\/09\/buy-ultram-tramadol-200mg-pills-online.jpg\",\"width\":600,\"height\":600,\"caption\":\"Ultram Tramadol Online 200mg for Sale\"},{\"@type\":\"BreadcrumbList\",\"@id\":\"https:\/\/legitgrams.com\/product\/ultram-tramadol-online-200mg\/#breadcrumb\",\"itemListElement\":[{\"@type\":\"ListItem\",\"position\":1,\"name\":\"Home\",\"item\":\"https:\/\/legitgrams.com\/\"},{\"@type\":\"ListItem\",\"position\":2,\"name\":\"Shop\",\"item\":\"https:\/\/legitgrams.com\/shop\/\"},{\"@type\":\"ListItem\",\"position\":3,\"name\":\"Ultram Tramadol online 200mg\"}]},{\"@type\":\"WebSite\",\"@id\":\"https:\/\/legitgrams.com\/#website\",\"url\":\"https:\/\/legitgrams.com\/\",\"name\":\"Legit Grams\",\"description\":\"My WordPress Blog\",\"publisher\":{\"@id\":\"https:\/\/legitgrams.com\/#organization\"},\"potentialAction\":[{\"@type\":\"SearchAction\",\"target\":{\"@type\":\"EntryPoint\",\"urlTemplate\":\"https:\/\/legitgrams.com\/?s={search_term_string}\"},\"query-input\":{\"@type\":\"PropertyValueSpecification\",\"valueRequired\":true,\"valueName\":\"search_term_string\"}}],\"inLanguage\":\"es\"},{\"@type\":\"Organization\",\"@id\":\"https:\/\/legitgrams.com\/#organization\",\"name\":\"Legit Grams\",\"url\":\"https:\/\/legitgrams.com\/\",\"logo\":{\"@type\":\"ImageObject\",\"inLanguage\":\"es\",\"@id\":\"https:\/\/legitgrams.com\/#\/schema\/logo\/image\/\",\"url\":\"https:\/\/legitgrams.com\/wp-content\/uploads\/2024\/09\/main-logo.png\",\"contentUrl\":\"https:\/\/legitgrams.com\/wp-content\/uploads\/2024\/09\/main-logo.png\",\"width\":270,\"height\":75,\"caption\":\"Legit Grams\"},\"image\":{\"@id\":\"https:\/\/legitgrams.com\/#\/schema\/logo\/image\/\"}}]}<\/script>\n<!-- \/ Yoast SEO plugin. -->","yoast_head_json":{"title":"Ultram Tramadol Online 200mg en Venta - Comprar Ultram Tramadol Pastillas Online","description":"Encuentra tramadol ultram premium para la venta en nuestra tienda en l\u00ednea, proporcionando una plataforma segura para comprar tramadol ultram en l\u00ednea a largo con la entrega r\u00e1pida y segura.","robots":{"index":"index","follow":"follow","max-snippet":"max-snippet:-1","max-image-preview":"max-image-preview:large","max-video-preview":"max-video-preview:-1"},"canonical":"https:\/\/legitgrams.com\/es\/producto\/ultram-tramadol-online-200mg\/","og_locale":"es_ES","og_type":"article","og_title":"Ultram Tramadol Online 200mg for Sale - Buy Ultram Tramadol Pills Online","og_description":"Find premium ultram tramadol for sale at our online store, providing a secure platform to buy ultram tramadol online a long with quick and secure delievery.","og_url":"https:\/\/legitgrams.com\/es\/producto\/ultram-tramadol-online-200mg\/","og_site_name":"Legit Grams","article_modified_time":"2025-01-15T05:47:49+00:00","og_image":[{"width":600,"height":600,"url":"https:\/\/legitgrams.com\/wp-content\/uploads\/2024\/09\/buy-ultram-tramadol-200mg-pills-online.jpg","type":"image\/jpeg"}],"twitter_card":"summary_large_image","twitter_misc":{"Tiempo de lectura":"2 minutos"},"schema":{"@context":"https:\/\/schema.org","@graph":[{"@type":"WebPage","@id":"https:\/\/legitgrams.com\/product\/ultram-tramadol-online-200mg\/","url":"https:\/\/legitgrams.com\/product\/ultram-tramadol-online-200mg\/","name":"Ultram Tramadol Online 200mg en Venta - Comprar Ultram Tramadol Pastillas Online","isPartOf":{"@id":"https:\/\/legitgrams.com\/#website"},"primaryImageOfPage":{"@id":"https:\/\/legitgrams.com\/product\/ultram-tramadol-online-200mg\/#primaryimage"},"image":{"@id":"https:\/\/legitgrams.com\/product\/ultram-tramadol-online-200mg\/#primaryimage"},"thumbnailUrl":"https:\/\/legitgrams.com\/wp-content\/uploads\/2024\/09\/buy-ultram-tramadol-200mg-pills-online.jpg","datePublished":"2024-09-20T08:14:45+00:00","dateModified":"2025-01-15T05:47:49+00:00","description":"Encuentra tramadol ultram premium para la venta en nuestra tienda en l\u00ednea, proporcionando una plataforma segura para comprar tramadol ultram en l\u00ednea a largo con la entrega r\u00e1pida y segura.","breadcrumb":{"@id":"https:\/\/legitgrams.com\/product\/ultram-tramadol-online-200mg\/#breadcrumb"},"inLanguage":"es","potentialAction":[{"@type":"ReadAction","target":["https:\/\/legitgrams.com\/product\/ultram-tramadol-online-200mg\/"]}]},{"@type":"ImageObject","inLanguage":"es","@id":"https:\/\/legitgrams.com\/product\/ultram-tramadol-online-200mg\/#primaryimage","url":"https:\/\/legitgrams.com\/wp-content\/uploads\/2024\/09\/buy-ultram-tramadol-200mg-pills-online.jpg","contentUrl":"https:\/\/legitgrams.com\/wp-content\/uploads\/2024\/09\/buy-ultram-tramadol-200mg-pills-online.jpg","width":600,"height":600,"caption":"Ultram Tramadol Online 200mg for Sale"},{"@type":"BreadcrumbList","@id":"https:\/\/legitgrams.com\/product\/ultram-tramadol-online-200mg\/#breadcrumb","itemListElement":[{"@type":"ListItem","position":1,"name":"Home","item":"https:\/\/legitgrams.com\/"},{"@type":"ListItem","position":2,"name":"Shop","item":"https:\/\/legitgrams.com\/shop\/"},{"@type":"ListItem","position":3,"name":"Ultram Tramadol online 200mg"}]},{"@type":"WebSite","@id":"https:\/\/legitgrams.com\/#website","url":"https:\/\/legitgrams.com\/","name":"Gramos leg\u00edtimos","description":"Mi blog de WordPress","publisher":{"@id":"https:\/\/legitgrams.com\/#organization"},"potentialAction":[{"@type":"SearchAction","target":{"@type":"EntryPoint","urlTemplate":"https:\/\/legitgrams.com\/?s={search_term_string}"},"query-input":{"@type":"PropertyValueSpecification","valueRequired":true,"valueName":"search_term_string"}}],"inLanguage":"es"},{"@type":"Organization","@id":"https:\/\/legitgrams.com\/#organization","name":"Gramos leg\u00edtimos","url":"https:\/\/legitgrams.com\/","logo":{"@type":"ImageObject","inLanguage":"es","@id":"https:\/\/legitgrams.com\/#\/schema\/logo\/image\/","url":"https:\/\/legitgrams.com\/wp-content\/uploads\/2024\/09\/main-logo.png","contentUrl":"https:\/\/legitgrams.com\/wp-content\/uploads\/2024\/09\/main-logo.png","width":270,"height":75,"caption":"Legit Grams"},"image":{"@id":"https:\/\/legitgrams.com\/#\/schema\/logo\/image\/"}}]}},"uagb_featured_image_src":{"full":["https:\/\/legitgrams.com\/wp-content\/uploads\/2024\/09\/buy-ultram-tramadol-200mg-pills-online.jpg",600,600,false],"thumbnail":["https:\/\/legitgrams.com\/wp-content\/uploads\/2024\/09\/buy-ultram-tramadol-200mg-pills-online-150x150.jpg",150,150,true],"medium":["https:\/\/legitgrams.com\/wp-content\/uploads\/2024\/09\/buy-ultram-tramadol-200mg-pills-online-300x300.jpg",300,300,true],"medium_large":["https:\/\/legitgrams.com\/wp-content\/uploads\/2024\/09\/buy-ultram-tramadol-200mg-pills-online.jpg",600,600,false],"large":["https:\/\/legitgrams.com\/wp-content\/uploads\/2024\/09\/buy-ultram-tramadol-200mg-pills-online.jpg",600,600,false],"1536x1536":["https:\/\/legitgrams.com\/wp-content\/uploads\/2024\/09\/buy-ultram-tramadol-200mg-pills-online.jpg",600,600,false],"2048x2048":["https:\/\/legitgrams.com\/wp-content\/uploads\/2024\/09\/buy-ultram-tramadol-200mg-pills-online.jpg",600,600,false],"trp-custom-language-flag":["https:\/\/legitgrams.com\/wp-content\/uploads\/2024\/09\/buy-ultram-tramadol-200mg-pills-online-12x12.jpg",12,12,true],"woocommerce_thumbnail":["https:\/\/legitgrams.com\/wp-content\/uploads\/2024\/09\/buy-ultram-tramadol-200mg-pills-online-300x300.jpg",300,300,true],"woocommerce_single":["https:\/\/legitgrams.com\/wp-content\/uploads\/2024\/09\/buy-ultram-tramadol-200mg-pills-online.jpg",600,600,false],"woocommerce_gallery_thumbnail":["https:\/\/legitgrams.com\/wp-content\/uploads\/2024\/09\/buy-ultram-tramadol-200mg-pills-online-100x100.jpg",100,100,true]},"uagb_author_info":{"display_name":"cokeblog18","author_link":"https:\/\/legitgrams.com\/es\/author\/"},"uagb_comment_info":0,"uagb_excerpt":"Purchase Tramadol online 200mg Online We sell 200 mg of tramadol online. There are two types of tramadol: immediate-release and sustained-release. While the extended-release type is used to track recovery over time, the quick-release form relieves pain instantly. It is not advisable to take immediate-release medications &#8220;when needed,&#8221; but rather only if symptoms last longer&hellip;","_links":{"self":[{"href":"https:\/\/legitgrams.com\/es\/wp-json\/wp\/v2\/product\/3857","targetHints":{"allow":["GET"]}}],"collection":[{"href":"https:\/\/legitgrams.com\/es\/wp-json\/wp\/v2\/product"}],"about":[{"href":"https:\/\/legitgrams.com\/es\/wp-json\/wp\/v2\/types\/product"}],"replies":[{"embeddable":true,"href":"https:\/\/legitgrams.com\/es\/wp-json\/wp\/v2\/comments?post=3857"}],"wp:featuredmedia":[{"embeddable":true,"href":"https:\/\/legitgrams.com\/es\/wp-json\/wp\/v2\/media\/5225"}],"wp:attachment":[{"href":"https:\/\/legitgrams.com\/es\/wp-json\/wp\/v2\/media?parent=3857"}],"wp:term":[{"taxonomy":"product_brand","embeddable":true,"href":"https:\/\/legitgrams.com\/es\/wp-json\/wp\/v2\/product_brand?post=3857"},{"taxonomy":"product_cat","embeddable":true,"href":"https:\/\/legitgrams.com\/es\/wp-json\/wp\/v2\/product_cat?post=3857"},{"taxonomy":"product_tag","embeddable":true,"href":"https:\/\/legitgrams.com\/es\/wp-json\/wp\/v2\/product_tag?post=3857"}],"curies":[{"name":"wp","href":"https:\/\/api.w.org\/{rel}","templated":true}]}}