{"id":3871,"date":"2024-09-20T09:25:11","date_gmt":"2024-09-20T09:25:11","guid":{"rendered":"https:\/\/legitgrams.com\/?post_type=product&#038;p=3871"},"modified":"2025-01-14T06:12:57","modified_gmt":"2025-01-14T06:12:57","slug":"hidrocodona-10-pastillas-de-500-mg","status":"publish","type":"product","link":"https:\/\/legitgrams.com\/es\/producto\/hidrocodona-10-pastillas-de-500-mg\/","title":{"rendered":"Hidrocodona 10\/500mg pastillas"},"content":{"rendered":"<h2>Compre 500 mg o 10 miligramos de hidrocodona en l\u00ednea.<\/h2>\n<p>Comprar bitartrato de hidrocodona acetaminofen <a href=\"https:\/\/en.wikipedia.org\/wiki\/Hydrocodone\">Hidrocodona<\/a> online Chiedi al tuo medico informazioni sul naloxone, un farmaco comune che pu\u00f2 salvarti la vita se assunto con l'idrocodone (ad esempio, a casa o al lavoro). Il naloxone pu\u00f2 invertire un sovradosaggio potenzialmente letale. Prevenendo gli effetti degli oppiacei, riduce le sensazioni spiacevoli causate da alti livelli di oppiacei nel sangue. Il tuo medico potrebbe anche suggerire il naloxone se hai una storia di abuso di sostanze prescritte o illegali o se vivi con bambini piccoli. Assicurati che tutti coloro con cui interagisci, compresi i tuoi cari, gli assistenti e gli amici, sappiano come somministrare il naloxone, come individuare un sovradosaggio e cosa fare fino all'arrivo dei soccorsi. Tu e la tua famiglia il tuo medico o farmacista vi dar\u00e0 consigli su come usare questo farmaco. Consulta il tuo farmacista o il sito Web del produttore per le istruzioni. Un amico o un familiare dovrebbe aiutarti a somministrare la prima dose di naloxone se soffri di sintomi di sovradosaggio. Dovrebbero anche monitorarti attentamente fino all'arrivo di un'ambulanza. Entro pochi minuti dall'uso del naloxone, i tuoi sintomi potrebbero ripresentarsi. Se i sintomi peggiorano, il tuo caregiver dovrebbe somministrarti un'altra dose di naloxone. Ulteriori dosi possono essere somministrate ogni due o tre minuti se i sintomi ricompaiono prima dell'arrivo dei soccorsi. <a href=\"https:\/\/legitgrams.com\/es\/\">LegitGrams<\/a><\/p>\n<p>Compre pastillas de hidrocodona de 10\/500 mg en l\u00ednea: compre hidrocodona, compre <a href=\"https:\/\/legitgrams.com\/es\/producto\/hidrocodona-10-pastillas-de-500-mg\/\">Hidrocodona, compra 10\/500mg<\/a> pastillas, comprar pastillas de hidrocodona en l\u00ednea, \u00bfd\u00f3nde puedo conseguir pastillas de hidrocodona 10\/500 mg? Hay tabletas de hidrocodona 10\/500 mg a la venta. La hidrocodona 10\/500 mg est\u00e1 disponible en l\u00ednea. Estados Unidos, Canad\u00e1, el Reino Unido y otras naciones venden pastillas de hidrocodona 10\/500 mg. Los vendedores en l\u00ednea garantizan una entrega segura. Las pastillas de hidrocodona 10\/500 mg todav\u00eda est\u00e1n disponibles. Adem\u00e1s, puede aprender c\u00f3mo adquirir pastillas de hidrocodona 10\/500 mg, si son legales en Canad\u00e1 y si son legales en los Estados Unidos.<\/p>\n<h2><\/h2>\n<p>&nbsp;<\/p>","protected":false},"excerpt":{"rendered":"<p>Purchase 500 mg or 10 milligrams of hydrocodone online. Hydrocodone Bitartrate Acetaminophen Buy Hydrocodone online Ask your doctor about naloxone, a common drug that can save your life when taken with hydrocodone (for example, at home or at work). Naloxone can reverse a potentially lethal overdose. By preventing the effects of opiates, it reduces the &hellip;<\/p>\n<p class=\"read-more\"> <a class=\"\" href=\"https:\/\/legitgrams.com\/es\/producto\/hidrocodona-10-pastillas-de-500-mg\/\"> <span class=\"screen-reader-text\">Hidrocodona 10\/500mg pastillas<\/span> Leer m\u00e1s \"<\/a><\/p>","protected":false},"featured_media":5212,"comment_status":"open","ping_status":"closed","template":"","meta":{"_uag_custom_page_level_css":"","site-sidebar-layout":"default","site-content-layout":"default","ast-global-header-display":"","ast-main-header-display":"","ast-hfb-above-header-display":"","ast-hfb-below-header-display":"","ast-hfb-mobile-header-display":"","site-post-title":"","ast-breadcrumbs-content":"","ast-featured-img":"","footer-sml-layout":"","theme-transparent-header-meta":"default","adv-header-id-meta":"","stick-header-meta":"default","header-above-stick-meta":"","header-main-stick-meta":"","header-below-stick-meta":"","_joinchat":[]},"product_brand":[],"product_cat":[608,597],"product_tag":[4487,4477,617,4469,4484,4481,4476,4468,4471,4472,4479,4470,4480,4482,4489,4490,4488,4485,4474,4486,4483,625,4475,4478,4473],"class_list":{"0":"post-3871","1":"product","2":"type-product","3":"status-publish","4":"has-post-thumbnail","6":"product_cat-pain-pills","7":"product_cat-pain-sleeping-sex-pills","8":"product_tag-best-cheap-price-hydrocodone-10-500mg-pills","9":"product_tag-best-place-to-buy-hydrocodone-10-500mg-pills","10":"product_tag-bulk-online","11":"product_tag-buy-hydrocodone-10-500mg-pills","12":"product_tag-cheap-hydrocodone-10-500mg-pills","13":"product_tag-high-quality-hydrocodone-10-500mg-pills","14":"product_tag-how-to-buy-hydrocodone-10-500mg-pills","15":"product_tag-hydrocodone-10-500mg-pills","16":"product_tag-hydrocodone-10-500mg-pills-for-sale","17":"product_tag-hydrocodone-10-500mg-pills-hydrocodone-10-500mg-pills-supplier","18":"product_tag-hydrocodone-10-500mg-pills-legally","19":"product_tag-hydrocodone-10-500mg-pills-online","20":"product_tag-hydrocodone-10-500mg-pills-price","21":"product_tag-hydrocodone-10-500mg-pills-store","22":"product_tag-hydrocodone-10-500mg-pills-use","23":"product_tag-hydrocodone-10-500mg-pills-wiki","24":"product_tag-hydrocodone-10-500mg-pills-worldwide","25":"product_tag-hydrocodone-10-500mg-pillss","26":"product_tag-order-hydrocodone-10-500mg-pills","27":"product_tag-purcharse-hydrocodone-10-500mg-pills","28":"product_tag-shop-hydrocodone-10-500mg-pills","29":"product_tag-top-quality","30":"product_tag-where-to-buy-hydrocodone-10-500mg-pills","31":"product_tag-where-to-order-hydrocodone-10-500mg-pills","32":"product_tag-wholesale-hydrocodone-10-500mg-pills","33":"desktop-align-left","34":"tablet-align-left","35":"mobile-align-left","36":"ast-product-gallery-layout-horizontal","37":"ast-product-gallery-with-no-image","38":"ast-product-single-variable","39":"ast-product-tabs-layout-horizontal","40":"ast-qv-on-image","42":"first","43":"instock","44":"shipping-taxable","45":"purchasable","46":"product-type-variable"},"yoast_head":"<!-- This site is optimized with the Yoast SEO plugin v25.9 - https:\/\/yoast.com\/wordpress\/plugins\/seo\/ -->\n<title>Hydrocodone 10\/500mg Pills for Sale @ Best Price | LegitGrams<\/title>\n<meta name=\"description\" content=\"You can buy Hydrocodone 10\/500mg Pills online at the best prices from our online store. We have cheap and high-quality Hydrocodone 10\/500mg Pills for sale and provide worldwide delivery. You can order from anywhere, anytime.\" \/>\n<meta name=\"robots\" content=\"index, follow, max-snippet:-1, max-image-preview:large, max-video-preview:-1\" \/>\n<link rel=\"canonical\" href=\"https:\/\/legitgrams.com\/es\/producto\/hidrocodona-10-pastillas-de-500-mg\/\" \/>\n<meta property=\"og:locale\" content=\"es_ES\" \/>\n<meta property=\"og:type\" content=\"article\" \/>\n<meta property=\"og:title\" content=\"Hydrocodone 10\/500mg Pills for Sale @ Best Price | LegitGrams\" \/>\n<meta property=\"og:description\" content=\"You can buy Hydrocodone 10\/500mg Pills online at the best prices from our online store. We have cheap and high-quality Hydrocodone 10\/500mg Pills for sale and provide worldwide delivery. You can order from anywhere, anytime.\" \/>\n<meta property=\"og:url\" content=\"https:\/\/legitgrams.com\/es\/producto\/hidrocodona-10-pastillas-de-500-mg\/\" \/>\n<meta property=\"og:site_name\" content=\"Legit Grams\" \/>\n<meta property=\"article:modified_time\" content=\"2025-01-14T06:12:57+00:00\" \/>\n<meta property=\"og:image\" content=\"https:\/\/legitgrams.com\/wp-content\/uploads\/2024\/09\/buy-hydrocodone-10-500mg-pills-online.jpg\" \/>\n\t<meta property=\"og:image:width\" content=\"600\" \/>\n\t<meta property=\"og:image:height\" content=\"600\" \/>\n\t<meta property=\"og:image:type\" content=\"image\/jpeg\" \/>\n<meta name=\"twitter:card\" content=\"summary_large_image\" \/>\n<meta name=\"twitter:label1\" content=\"Tiempo de lectura\" \/>\n\t<meta name=\"twitter:data1\" content=\"3 minutos\" \/>\n<script type=\"application\/ld+json\" class=\"yoast-schema-graph\">{\"@context\":\"https:\/\/schema.org\",\"@graph\":[{\"@type\":\"WebPage\",\"@id\":\"https:\/\/legitgrams.com\/product\/hydrocodone-10-500mg-pills\/\",\"url\":\"https:\/\/legitgrams.com\/product\/hydrocodone-10-500mg-pills\/\",\"name\":\"Hydrocodone 10\/500mg Pills for Sale @ Best Price | LegitGrams\",\"isPartOf\":{\"@id\":\"https:\/\/legitgrams.com\/#website\"},\"primaryImageOfPage\":{\"@id\":\"https:\/\/legitgrams.com\/product\/hydrocodone-10-500mg-pills\/#primaryimage\"},\"image\":{\"@id\":\"https:\/\/legitgrams.com\/product\/hydrocodone-10-500mg-pills\/#primaryimage\"},\"thumbnailUrl\":\"https:\/\/legitgrams.com\/wp-content\/uploads\/2024\/09\/buy-hydrocodone-10-500mg-pills-online.jpg\",\"datePublished\":\"2024-09-20T09:25:11+00:00\",\"dateModified\":\"2025-01-14T06:12:57+00:00\",\"description\":\"You can buy Hydrocodone 10\/500mg Pills online at the best prices from our online store. We have cheap and high-quality Hydrocodone 10\/500mg Pills for sale and provide worldwide delivery. You can order from anywhere, anytime.\",\"breadcrumb\":{\"@id\":\"https:\/\/legitgrams.com\/product\/hydrocodone-10-500mg-pills\/#breadcrumb\"},\"inLanguage\":\"es\",\"potentialAction\":[{\"@type\":\"ReadAction\",\"target\":[\"https:\/\/legitgrams.com\/product\/hydrocodone-10-500mg-pills\/\"]}]},{\"@type\":\"ImageObject\",\"inLanguage\":\"es\",\"@id\":\"https:\/\/legitgrams.com\/product\/hydrocodone-10-500mg-pills\/#primaryimage\",\"url\":\"https:\/\/legitgrams.com\/wp-content\/uploads\/2024\/09\/buy-hydrocodone-10-500mg-pills-online.jpg\",\"contentUrl\":\"https:\/\/legitgrams.com\/wp-content\/uploads\/2024\/09\/buy-hydrocodone-10-500mg-pills-online.jpg\",\"width\":600,\"height\":600,\"caption\":\"Hydrocodone 10\/500mg Pills for Sale\"},{\"@type\":\"BreadcrumbList\",\"@id\":\"https:\/\/legitgrams.com\/product\/hydrocodone-10-500mg-pills\/#breadcrumb\",\"itemListElement\":[{\"@type\":\"ListItem\",\"position\":1,\"name\":\"Home\",\"item\":\"https:\/\/legitgrams.com\/\"},{\"@type\":\"ListItem\",\"position\":2,\"name\":\"Shop\",\"item\":\"https:\/\/legitgrams.com\/shop\/\"},{\"@type\":\"ListItem\",\"position\":3,\"name\":\"Hydrocodone 10\/500mg pills\"}]},{\"@type\":\"WebSite\",\"@id\":\"https:\/\/legitgrams.com\/#website\",\"url\":\"https:\/\/legitgrams.com\/\",\"name\":\"Legit Grams\",\"description\":\"My WordPress Blog\",\"publisher\":{\"@id\":\"https:\/\/legitgrams.com\/#organization\"},\"potentialAction\":[{\"@type\":\"SearchAction\",\"target\":{\"@type\":\"EntryPoint\",\"urlTemplate\":\"https:\/\/legitgrams.com\/?s={search_term_string}\"},\"query-input\":{\"@type\":\"PropertyValueSpecification\",\"valueRequired\":true,\"valueName\":\"search_term_string\"}}],\"inLanguage\":\"es\"},{\"@type\":\"Organization\",\"@id\":\"https:\/\/legitgrams.com\/#organization\",\"name\":\"Legit Grams\",\"url\":\"https:\/\/legitgrams.com\/\",\"logo\":{\"@type\":\"ImageObject\",\"inLanguage\":\"es\",\"@id\":\"https:\/\/legitgrams.com\/#\/schema\/logo\/image\/\",\"url\":\"https:\/\/legitgrams.com\/wp-content\/uploads\/2024\/09\/main-logo.png\",\"contentUrl\":\"https:\/\/legitgrams.com\/wp-content\/uploads\/2024\/09\/main-logo.png\",\"width\":270,\"height\":75,\"caption\":\"Legit Grams\"},\"image\":{\"@id\":\"https:\/\/legitgrams.com\/#\/schema\/logo\/image\/\"}}]}<\/script>\n<!-- \/ Yoast SEO plugin. -->","yoast_head_json":{"title":"Pastillas de hidrocodona 10\/500 mg a la venta al mejor precio | LegitGrams","description":"Puede comprar Hydrocodone 10\/500mg Pills online a los mejores precios en nuestra tienda online. Tenemos pastillas de hidrocodona 10\/500mg baratas y de alta calidad a la venta y ofrecemos entrega en todo el mundo. Puede hacer su pedido desde cualquier lugar y en cualquier momento.","robots":{"index":"index","follow":"follow","max-snippet":"max-snippet:-1","max-image-preview":"max-image-preview:large","max-video-preview":"max-video-preview:-1"},"canonical":"https:\/\/legitgrams.com\/es\/producto\/hidrocodona-10-pastillas-de-500-mg\/","og_locale":"es_ES","og_type":"article","og_title":"Hydrocodone 10\/500mg Pills for Sale @ Best Price | LegitGrams","og_description":"You can buy Hydrocodone 10\/500mg Pills online at the best prices from our online store. We have cheap and high-quality Hydrocodone 10\/500mg Pills for sale and provide worldwide delivery. You can order from anywhere, anytime.","og_url":"https:\/\/legitgrams.com\/es\/producto\/hidrocodona-10-pastillas-de-500-mg\/","og_site_name":"Legit Grams","article_modified_time":"2025-01-14T06:12:57+00:00","og_image":[{"width":600,"height":600,"url":"https:\/\/legitgrams.com\/wp-content\/uploads\/2024\/09\/buy-hydrocodone-10-500mg-pills-online.jpg","type":"image\/jpeg"}],"twitter_card":"summary_large_image","twitter_misc":{"Tiempo de lectura":"3 minutos"},"schema":{"@context":"https:\/\/schema.org","@graph":[{"@type":"WebPage","@id":"https:\/\/legitgrams.com\/product\/hydrocodone-10-500mg-pills\/","url":"https:\/\/legitgrams.com\/product\/hydrocodone-10-500mg-pills\/","name":"Pastillas de hidrocodona 10\/500 mg a la venta al mejor precio | LegitGrams","isPartOf":{"@id":"https:\/\/legitgrams.com\/#website"},"primaryImageOfPage":{"@id":"https:\/\/legitgrams.com\/product\/hydrocodone-10-500mg-pills\/#primaryimage"},"image":{"@id":"https:\/\/legitgrams.com\/product\/hydrocodone-10-500mg-pills\/#primaryimage"},"thumbnailUrl":"https:\/\/legitgrams.com\/wp-content\/uploads\/2024\/09\/buy-hydrocodone-10-500mg-pills-online.jpg","datePublished":"2024-09-20T09:25:11+00:00","dateModified":"2025-01-14T06:12:57+00:00","description":"Puede comprar Hydrocodone 10\/500mg Pills online a los mejores precios en nuestra tienda online. Tenemos pastillas de hidrocodona 10\/500mg baratas y de alta calidad a la venta y ofrecemos entrega en todo el mundo. Puede hacer su pedido desde cualquier lugar y en cualquier momento.","breadcrumb":{"@id":"https:\/\/legitgrams.com\/product\/hydrocodone-10-500mg-pills\/#breadcrumb"},"inLanguage":"es","potentialAction":[{"@type":"ReadAction","target":["https:\/\/legitgrams.com\/product\/hydrocodone-10-500mg-pills\/"]}]},{"@type":"ImageObject","inLanguage":"es","@id":"https:\/\/legitgrams.com\/product\/hydrocodone-10-500mg-pills\/#primaryimage","url":"https:\/\/legitgrams.com\/wp-content\/uploads\/2024\/09\/buy-hydrocodone-10-500mg-pills-online.jpg","contentUrl":"https:\/\/legitgrams.com\/wp-content\/uploads\/2024\/09\/buy-hydrocodone-10-500mg-pills-online.jpg","width":600,"height":600,"caption":"Hydrocodone 10\/500mg Pills for Sale"},{"@type":"BreadcrumbList","@id":"https:\/\/legitgrams.com\/product\/hydrocodone-10-500mg-pills\/#breadcrumb","itemListElement":[{"@type":"ListItem","position":1,"name":"Home","item":"https:\/\/legitgrams.com\/"},{"@type":"ListItem","position":2,"name":"Shop","item":"https:\/\/legitgrams.com\/shop\/"},{"@type":"ListItem","position":3,"name":"Hydrocodone 10\/500mg pills"}]},{"@type":"WebSite","@id":"https:\/\/legitgrams.com\/#website","url":"https:\/\/legitgrams.com\/","name":"Gramos leg\u00edtimos","description":"Mi blog de WordPress","publisher":{"@id":"https:\/\/legitgrams.com\/#organization"},"potentialAction":[{"@type":"SearchAction","target":{"@type":"EntryPoint","urlTemplate":"https:\/\/legitgrams.com\/?s={search_term_string}"},"query-input":{"@type":"PropertyValueSpecification","valueRequired":true,"valueName":"search_term_string"}}],"inLanguage":"es"},{"@type":"Organization","@id":"https:\/\/legitgrams.com\/#organization","name":"Gramos leg\u00edtimos","url":"https:\/\/legitgrams.com\/","logo":{"@type":"ImageObject","inLanguage":"es","@id":"https:\/\/legitgrams.com\/#\/schema\/logo\/image\/","url":"https:\/\/legitgrams.com\/wp-content\/uploads\/2024\/09\/main-logo.png","contentUrl":"https:\/\/legitgrams.com\/wp-content\/uploads\/2024\/09\/main-logo.png","width":270,"height":75,"caption":"Legit Grams"},"image":{"@id":"https:\/\/legitgrams.com\/#\/schema\/logo\/image\/"}}]}},"uagb_featured_image_src":{"full":["https:\/\/legitgrams.com\/wp-content\/uploads\/2024\/09\/buy-hydrocodone-10-500mg-pills-online.jpg",600,600,false],"thumbnail":["https:\/\/legitgrams.com\/wp-content\/uploads\/2024\/09\/buy-hydrocodone-10-500mg-pills-online-150x150.jpg",150,150,true],"medium":["https:\/\/legitgrams.com\/wp-content\/uploads\/2024\/09\/buy-hydrocodone-10-500mg-pills-online-300x300.jpg",300,300,true],"medium_large":["https:\/\/legitgrams.com\/wp-content\/uploads\/2024\/09\/buy-hydrocodone-10-500mg-pills-online.jpg",600,600,false],"large":["https:\/\/legitgrams.com\/wp-content\/uploads\/2024\/09\/buy-hydrocodone-10-500mg-pills-online.jpg",600,600,false],"1536x1536":["https:\/\/legitgrams.com\/wp-content\/uploads\/2024\/09\/buy-hydrocodone-10-500mg-pills-online.jpg",600,600,false],"2048x2048":["https:\/\/legitgrams.com\/wp-content\/uploads\/2024\/09\/buy-hydrocodone-10-500mg-pills-online.jpg",600,600,false],"trp-custom-language-flag":["https:\/\/legitgrams.com\/wp-content\/uploads\/2024\/09\/buy-hydrocodone-10-500mg-pills-online-12x12.jpg",12,12,true],"woocommerce_thumbnail":["https:\/\/legitgrams.com\/wp-content\/uploads\/2024\/09\/buy-hydrocodone-10-500mg-pills-online-300x300.jpg",300,300,true],"woocommerce_single":["https:\/\/legitgrams.com\/wp-content\/uploads\/2024\/09\/buy-hydrocodone-10-500mg-pills-online.jpg",600,600,false],"woocommerce_gallery_thumbnail":["https:\/\/legitgrams.com\/wp-content\/uploads\/2024\/09\/buy-hydrocodone-10-500mg-pills-online-100x100.jpg",100,100,true]},"uagb_author_info":{"display_name":"cokeblog18","author_link":"https:\/\/legitgrams.com\/es\/author\/"},"uagb_comment_info":0,"uagb_excerpt":"Purchase 500 mg or 10 milligrams of hydrocodone online. Hydrocodone Bitartrate Acetaminophen Buy Hydrocodone online Ask your doctor about naloxone, a common drug that can save your life when taken with hydrocodone (for example, at home or at work). Naloxone can reverse a potentially lethal overdose. By preventing the effects of opiates, it reduces the&hellip;","_links":{"self":[{"href":"https:\/\/legitgrams.com\/es\/wp-json\/wp\/v2\/product\/3871","targetHints":{"allow":["GET"]}}],"collection":[{"href":"https:\/\/legitgrams.com\/es\/wp-json\/wp\/v2\/product"}],"about":[{"href":"https:\/\/legitgrams.com\/es\/wp-json\/wp\/v2\/types\/product"}],"replies":[{"embeddable":true,"href":"https:\/\/legitgrams.com\/es\/wp-json\/wp\/v2\/comments?post=3871"}],"wp:featuredmedia":[{"embeddable":true,"href":"https:\/\/legitgrams.com\/es\/wp-json\/wp\/v2\/media\/5212"}],"wp:attachment":[{"href":"https:\/\/legitgrams.com\/es\/wp-json\/wp\/v2\/media?parent=3871"}],"wp:term":[{"taxonomy":"product_brand","embeddable":true,"href":"https:\/\/legitgrams.com\/es\/wp-json\/wp\/v2\/product_brand?post=3871"},{"taxonomy":"product_cat","embeddable":true,"href":"https:\/\/legitgrams.com\/es\/wp-json\/wp\/v2\/product_cat?post=3871"},{"taxonomy":"product_tag","embeddable":true,"href":"https:\/\/legitgrams.com\/es\/wp-json\/wp\/v2\/product_tag?post=3871"}],"curies":[{"name":"wp","href":"https:\/\/api.w.org\/{rel}","templated":true}]}}