{"id":3877,"date":"2024-09-20T09:44:30","date_gmt":"2024-09-20T09:44:30","guid":{"rendered":"https:\/\/legitgrams.com\/?post_type=product&#038;p=3877"},"modified":"2025-01-14T08:15:55","modified_gmt":"2025-01-14T08:15:55","slug":"lortab-10mg-pills","status":"publish","type":"product","link":"https:\/\/legitgrams.com\/es\/producto\/lortab-10mg-pills\/","title":{"rendered":"Lortab 10\/325mg pastillas"},"content":{"rendered":"<h2>Compre tabletas de Lortab 10\/325 mg en l\u00ednea.<\/h2>\n<p>El dolor moderado a intenso se trata con el medicamento Lortab, que contiene un analg\u00e9sico opioide (hidrocodona) y un analg\u00e9sico no opioide (paracetamol). Los efectos de la hidrocodona en el cerebro cambian la forma en que el cuerpo experimenta y responde al dolor. Tambi\u00e9n se puede utilizar acetaminofeno para reducir la temperatura. <a href=\"https:\/\/legitgrams.com\/es\/\">LegitGrams<\/a><\/p>\n<p>Las p\u00edldoras de Lortab de 10 mg y 325 mg est\u00e1n disponibles en una farmacia en l\u00ednea; compre <a href=\"https:\/\/en.wikipedia.org\/wiki\/Hydrocodone\">Lortab<\/a>, comprar pastillas de Lortab 10\/325 mg, comprar pastillas de Lortab, \u00bfD\u00f3nde puedo comprar pastillas de Lortab 10\/325 mg en l\u00ednea? En Estados Unidos, Canad\u00e1 y el Reino Unido, las pastillas de Lortab 10\/325 mg est\u00e1n disponibles para su compra en l\u00ednea a trav\u00e9s de vendedores con entrega segura. Las pastillas de Lortab 10\/325 mg todav\u00eda est\u00e1n disponibles. Adem\u00e1s, puede averiguar si usar <a href=\"https:\/\/legitgrams.com\/es\/producto\/lortab-10mg-pills\/\">Lortab 10\/325 mg pastillas<\/a> est\u00e1 permitido en los Estados Unidos, c\u00f3mo pedir pastillas de Lortab 10\/325 mg y si son legales en Canad\u00e1.<\/p>\n<h2><\/h2>\n<p>&nbsp;<\/p>","protected":false},"excerpt":{"rendered":"<p>Purchase 10\/325 mg Lortab tablets online. Moderate to severe pain is treated with the drug Lortab. contains both an opioid analgesic (hydrocodone) and a non-opioid analgesic (paracetamol). The effects of hydrocodone on the brain change how your body experiences and responds to pain. Acetaminophen can also be used to reduce the temperature. LegitGrams Lortab 10mg &hellip;<\/p>\n<p class=\"read-more\"> <a class=\"\" href=\"https:\/\/legitgrams.com\/es\/producto\/lortab-10mg-pills\/\"> <span class=\"screen-reader-text\">Lortab 10\/325mg pastillas<\/span> Leer m\u00e1s \"<\/a><\/p>","protected":false},"featured_media":5234,"comment_status":"open","ping_status":"closed","template":"","meta":{"_uag_custom_page_level_css":"","site-sidebar-layout":"default","site-content-layout":"default","ast-global-header-display":"","ast-main-header-display":"","ast-hfb-above-header-display":"","ast-hfb-below-header-display":"","ast-hfb-mobile-header-display":"","site-post-title":"","ast-breadcrumbs-content":"","ast-featured-img":"","footer-sml-layout":"","theme-transparent-header-meta":"default","adv-header-id-meta":"","stick-header-meta":"default","header-above-stick-meta":"","header-main-stick-meta":"","header-below-stick-meta":"","_joinchat":[]},"product_brand":[],"product_cat":[608,597],"product_tag":[4349,4339,617,4331,4346,4343,4338,4330,4333,4341,4334,4332,4342,4344,4351,4352,4350,4347,4336,4348,4345,625,4337,4340,4335],"class_list":{"0":"post-3877","1":"product","2":"type-product","3":"status-publish","4":"has-post-thumbnail","6":"product_cat-pain-pills","7":"product_cat-pain-sleeping-sex-pills","8":"product_tag-best-cheap-price-lortab-10-325mg-pills","9":"product_tag-best-place-to-buy-lortab-10-325mg-pills","10":"product_tag-bulk-online","11":"product_tag-buy-lortab-10-325mg-pills","12":"product_tag-cheap-lortab-10-325mg-pills","13":"product_tag-high-quality-lortab-10-325mg-pills","14":"product_tag-how-to-buy-lortab-10-325mg-pills","15":"product_tag-lortab-10-325mg-pills","16":"product_tag-lortab-10-325mg-pills-for-sale","17":"product_tag-lortab-10-325mg-pills-legally","18":"product_tag-lortab-10-325mg-pills-lortab-10-325mg-pills-supplier","19":"product_tag-lortab-10-325mg-pills-online","20":"product_tag-lortab-10-325mg-pills-price","21":"product_tag-lortab-10-325mg-pills-store","22":"product_tag-lortab-10-325mg-pills-use","23":"product_tag-lortab-10-325mg-pills-wiki","24":"product_tag-lortab-10-325mg-pills-worldwide","25":"product_tag-lortab-10-325mg-pillss","26":"product_tag-order-lortab-10-325mg-pills","27":"product_tag-purcharse-lortab-10-325mg-pills","28":"product_tag-shop-lortab-10-325mg-pills","29":"product_tag-top-quality","30":"product_tag-where-to-buy-lortab-10-325mg-pills","31":"product_tag-where-to-order-lortab-10-325mg-pills","32":"product_tag-wholesale-lortab-10-325mg-pills","33":"desktop-align-left","34":"tablet-align-left","35":"mobile-align-left","36":"ast-product-gallery-layout-horizontal","37":"ast-product-gallery-with-no-image","38":"ast-product-single-variable","39":"ast-product-tabs-layout-horizontal","40":"ast-qv-on-image","42":"first","43":"instock","44":"shipping-taxable","45":"purchasable","46":"product-type-variable"},"yoast_head":"<!-- This site is optimized with the Yoast SEO plugin v25.9 - https:\/\/yoast.com\/wordpress\/plugins\/seo\/ -->\n<title>Lortab 10\/325mg Pills for Sale - Order Lortab 10\/325mg Pills Online<\/title>\n<meta name=\"description\" content=\"Your requirement to buy Lortab 10\/325mg Pills can be fulfilled at our online Legitgrams store as we are having Lortab 10\/325mg Pills for sale here. Place your order and get affordable deals every day.\" \/>\n<meta name=\"robots\" content=\"index, follow, max-snippet:-1, max-image-preview:large, max-video-preview:-1\" \/>\n<link rel=\"canonical\" href=\"https:\/\/legitgrams.com\/es\/producto\/lortab-10mg-pills\/\" \/>\n<meta property=\"og:locale\" content=\"es_ES\" \/>\n<meta property=\"og:type\" content=\"article\" \/>\n<meta property=\"og:title\" content=\"Lortab 10\/325mg Pills for Sale - Order Lortab 10\/325mg Pills Online\" \/>\n<meta property=\"og:description\" content=\"Your requirement to buy Lortab 10\/325mg Pills can be fulfilled at our online Legitgrams store as we are having Lortab 10\/325mg Pills for sale here. Place your order and get affordable deals every day.\" \/>\n<meta property=\"og:url\" content=\"https:\/\/legitgrams.com\/es\/producto\/lortab-10mg-pills\/\" \/>\n<meta property=\"og:site_name\" content=\"Legit Grams\" \/>\n<meta property=\"article:modified_time\" content=\"2025-01-14T08:15:55+00:00\" \/>\n<meta property=\"og:image\" content=\"https:\/\/legitgrams.com\/wp-content\/uploads\/2024\/09\/buy-lortab-10-325mg-pills-online.jpg\" \/>\n\t<meta property=\"og:image:width\" content=\"600\" \/>\n\t<meta property=\"og:image:height\" content=\"600\" \/>\n\t<meta property=\"og:image:type\" content=\"image\/jpeg\" \/>\n<meta name=\"twitter:card\" content=\"summary_large_image\" \/>\n<meta name=\"twitter:label1\" content=\"Tiempo de lectura\" \/>\n\t<meta name=\"twitter:data1\" content=\"2 minutos\" \/>\n<script type=\"application\/ld+json\" class=\"yoast-schema-graph\">{\"@context\":\"https:\/\/schema.org\",\"@graph\":[{\"@type\":\"WebPage\",\"@id\":\"https:\/\/legitgrams.com\/product\/lortab-10mg-pills\/\",\"url\":\"https:\/\/legitgrams.com\/product\/lortab-10mg-pills\/\",\"name\":\"Lortab 10\/325mg Pills for Sale - Order Lortab 10\/325mg Pills Online\",\"isPartOf\":{\"@id\":\"https:\/\/legitgrams.com\/#website\"},\"primaryImageOfPage\":{\"@id\":\"https:\/\/legitgrams.com\/product\/lortab-10mg-pills\/#primaryimage\"},\"image\":{\"@id\":\"https:\/\/legitgrams.com\/product\/lortab-10mg-pills\/#primaryimage\"},\"thumbnailUrl\":\"https:\/\/legitgrams.com\/wp-content\/uploads\/2024\/09\/buy-lortab-10-325mg-pills-online.jpg\",\"datePublished\":\"2024-09-20T09:44:30+00:00\",\"dateModified\":\"2025-01-14T08:15:55+00:00\",\"description\":\"Your requirement to buy Lortab 10\/325mg Pills can be fulfilled at our online Legitgrams store as we are having Lortab 10\/325mg Pills for sale here. Place your order and get affordable deals every day.\",\"breadcrumb\":{\"@id\":\"https:\/\/legitgrams.com\/product\/lortab-10mg-pills\/#breadcrumb\"},\"inLanguage\":\"es\",\"potentialAction\":[{\"@type\":\"ReadAction\",\"target\":[\"https:\/\/legitgrams.com\/product\/lortab-10mg-pills\/\"]}]},{\"@type\":\"ImageObject\",\"inLanguage\":\"es\",\"@id\":\"https:\/\/legitgrams.com\/product\/lortab-10mg-pills\/#primaryimage\",\"url\":\"https:\/\/legitgrams.com\/wp-content\/uploads\/2024\/09\/buy-lortab-10-325mg-pills-online.jpg\",\"contentUrl\":\"https:\/\/legitgrams.com\/wp-content\/uploads\/2024\/09\/buy-lortab-10-325mg-pills-online.jpg\",\"width\":600,\"height\":600,\"caption\":\"Lortab 10\/325mg Pills for Sale\"},{\"@type\":\"BreadcrumbList\",\"@id\":\"https:\/\/legitgrams.com\/product\/lortab-10mg-pills\/#breadcrumb\",\"itemListElement\":[{\"@type\":\"ListItem\",\"position\":1,\"name\":\"Home\",\"item\":\"https:\/\/legitgrams.com\/\"},{\"@type\":\"ListItem\",\"position\":2,\"name\":\"Shop\",\"item\":\"https:\/\/legitgrams.com\/shop\/\"},{\"@type\":\"ListItem\",\"position\":3,\"name\":\"Lortab 10\/325mg pills\"}]},{\"@type\":\"WebSite\",\"@id\":\"https:\/\/legitgrams.com\/#website\",\"url\":\"https:\/\/legitgrams.com\/\",\"name\":\"Legit Grams\",\"description\":\"My WordPress Blog\",\"publisher\":{\"@id\":\"https:\/\/legitgrams.com\/#organization\"},\"potentialAction\":[{\"@type\":\"SearchAction\",\"target\":{\"@type\":\"EntryPoint\",\"urlTemplate\":\"https:\/\/legitgrams.com\/?s={search_term_string}\"},\"query-input\":{\"@type\":\"PropertyValueSpecification\",\"valueRequired\":true,\"valueName\":\"search_term_string\"}}],\"inLanguage\":\"es\"},{\"@type\":\"Organization\",\"@id\":\"https:\/\/legitgrams.com\/#organization\",\"name\":\"Legit Grams\",\"url\":\"https:\/\/legitgrams.com\/\",\"logo\":{\"@type\":\"ImageObject\",\"inLanguage\":\"es\",\"@id\":\"https:\/\/legitgrams.com\/#\/schema\/logo\/image\/\",\"url\":\"https:\/\/legitgrams.com\/wp-content\/uploads\/2024\/09\/main-logo.png\",\"contentUrl\":\"https:\/\/legitgrams.com\/wp-content\/uploads\/2024\/09\/main-logo.png\",\"width\":270,\"height\":75,\"caption\":\"Legit Grams\"},\"image\":{\"@id\":\"https:\/\/legitgrams.com\/#\/schema\/logo\/image\/\"}}]}<\/script>\n<!-- \/ Yoast SEO plugin. -->","yoast_head_json":{"title":"Venta de pastillas Lortab 10\/325mg - Encargar pastillas Lortab 10\/325mg en l\u00ednea","description":"Su necesidad de comprar Lortab 10\/325mg Pastillas se puede cumplir en nuestra tienda en l\u00ednea Legitgrams como estamos teniendo Lortab 10\/325mg Pastillas a la venta aqu\u00ed. Haga su pedido y obtener ofertas asequibles todos los d\u00edas.","robots":{"index":"index","follow":"follow","max-snippet":"max-snippet:-1","max-image-preview":"max-image-preview:large","max-video-preview":"max-video-preview:-1"},"canonical":"https:\/\/legitgrams.com\/es\/producto\/lortab-10mg-pills\/","og_locale":"es_ES","og_type":"article","og_title":"Lortab 10\/325mg Pills for Sale - Order Lortab 10\/325mg Pills Online","og_description":"Your requirement to buy Lortab 10\/325mg Pills can be fulfilled at our online Legitgrams store as we are having Lortab 10\/325mg Pills for sale here. Place your order and get affordable deals every day.","og_url":"https:\/\/legitgrams.com\/es\/producto\/lortab-10mg-pills\/","og_site_name":"Legit Grams","article_modified_time":"2025-01-14T08:15:55+00:00","og_image":[{"width":600,"height":600,"url":"https:\/\/legitgrams.com\/wp-content\/uploads\/2024\/09\/buy-lortab-10-325mg-pills-online.jpg","type":"image\/jpeg"}],"twitter_card":"summary_large_image","twitter_misc":{"Tiempo de lectura":"2 minutos"},"schema":{"@context":"https:\/\/schema.org","@graph":[{"@type":"WebPage","@id":"https:\/\/legitgrams.com\/product\/lortab-10mg-pills\/","url":"https:\/\/legitgrams.com\/product\/lortab-10mg-pills\/","name":"Venta de pastillas Lortab 10\/325mg - Encargar pastillas Lortab 10\/325mg en l\u00ednea","isPartOf":{"@id":"https:\/\/legitgrams.com\/#website"},"primaryImageOfPage":{"@id":"https:\/\/legitgrams.com\/product\/lortab-10mg-pills\/#primaryimage"},"image":{"@id":"https:\/\/legitgrams.com\/product\/lortab-10mg-pills\/#primaryimage"},"thumbnailUrl":"https:\/\/legitgrams.com\/wp-content\/uploads\/2024\/09\/buy-lortab-10-325mg-pills-online.jpg","datePublished":"2024-09-20T09:44:30+00:00","dateModified":"2025-01-14T08:15:55+00:00","description":"Su necesidad de comprar Lortab 10\/325mg Pastillas se puede cumplir en nuestra tienda en l\u00ednea Legitgrams como estamos teniendo Lortab 10\/325mg Pastillas a la venta aqu\u00ed. Haga su pedido y obtener ofertas asequibles todos los d\u00edas.","breadcrumb":{"@id":"https:\/\/legitgrams.com\/product\/lortab-10mg-pills\/#breadcrumb"},"inLanguage":"es","potentialAction":[{"@type":"ReadAction","target":["https:\/\/legitgrams.com\/product\/lortab-10mg-pills\/"]}]},{"@type":"ImageObject","inLanguage":"es","@id":"https:\/\/legitgrams.com\/product\/lortab-10mg-pills\/#primaryimage","url":"https:\/\/legitgrams.com\/wp-content\/uploads\/2024\/09\/buy-lortab-10-325mg-pills-online.jpg","contentUrl":"https:\/\/legitgrams.com\/wp-content\/uploads\/2024\/09\/buy-lortab-10-325mg-pills-online.jpg","width":600,"height":600,"caption":"Lortab 10\/325mg Pills for Sale"},{"@type":"BreadcrumbList","@id":"https:\/\/legitgrams.com\/product\/lortab-10mg-pills\/#breadcrumb","itemListElement":[{"@type":"ListItem","position":1,"name":"Home","item":"https:\/\/legitgrams.com\/"},{"@type":"ListItem","position":2,"name":"Shop","item":"https:\/\/legitgrams.com\/shop\/"},{"@type":"ListItem","position":3,"name":"Lortab 10\/325mg pills"}]},{"@type":"WebSite","@id":"https:\/\/legitgrams.com\/#website","url":"https:\/\/legitgrams.com\/","name":"Gramos leg\u00edtimos","description":"Mi blog de WordPress","publisher":{"@id":"https:\/\/legitgrams.com\/#organization"},"potentialAction":[{"@type":"SearchAction","target":{"@type":"EntryPoint","urlTemplate":"https:\/\/legitgrams.com\/?s={search_term_string}"},"query-input":{"@type":"PropertyValueSpecification","valueRequired":true,"valueName":"search_term_string"}}],"inLanguage":"es"},{"@type":"Organization","@id":"https:\/\/legitgrams.com\/#organization","name":"Gramos leg\u00edtimos","url":"https:\/\/legitgrams.com\/","logo":{"@type":"ImageObject","inLanguage":"es","@id":"https:\/\/legitgrams.com\/#\/schema\/logo\/image\/","url":"https:\/\/legitgrams.com\/wp-content\/uploads\/2024\/09\/main-logo.png","contentUrl":"https:\/\/legitgrams.com\/wp-content\/uploads\/2024\/09\/main-logo.png","width":270,"height":75,"caption":"Legit Grams"},"image":{"@id":"https:\/\/legitgrams.com\/#\/schema\/logo\/image\/"}}]}},"uagb_featured_image_src":{"full":["https:\/\/legitgrams.com\/wp-content\/uploads\/2024\/09\/buy-lortab-10-325mg-pills-online.jpg",600,600,false],"thumbnail":["https:\/\/legitgrams.com\/wp-content\/uploads\/2024\/09\/buy-lortab-10-325mg-pills-online-150x150.jpg",150,150,true],"medium":["https:\/\/legitgrams.com\/wp-content\/uploads\/2024\/09\/buy-lortab-10-325mg-pills-online-300x300.jpg",300,300,true],"medium_large":["https:\/\/legitgrams.com\/wp-content\/uploads\/2024\/09\/buy-lortab-10-325mg-pills-online.jpg",600,600,false],"large":["https:\/\/legitgrams.com\/wp-content\/uploads\/2024\/09\/buy-lortab-10-325mg-pills-online.jpg",600,600,false],"1536x1536":["https:\/\/legitgrams.com\/wp-content\/uploads\/2024\/09\/buy-lortab-10-325mg-pills-online.jpg",600,600,false],"2048x2048":["https:\/\/legitgrams.com\/wp-content\/uploads\/2024\/09\/buy-lortab-10-325mg-pills-online.jpg",600,600,false],"trp-custom-language-flag":["https:\/\/legitgrams.com\/wp-content\/uploads\/2024\/09\/buy-lortab-10-325mg-pills-online-12x12.jpg",12,12,true],"woocommerce_thumbnail":["https:\/\/legitgrams.com\/wp-content\/uploads\/2024\/09\/buy-lortab-10-325mg-pills-online-300x300.jpg",300,300,true],"woocommerce_single":["https:\/\/legitgrams.com\/wp-content\/uploads\/2024\/09\/buy-lortab-10-325mg-pills-online.jpg",600,600,false],"woocommerce_gallery_thumbnail":["https:\/\/legitgrams.com\/wp-content\/uploads\/2024\/09\/buy-lortab-10-325mg-pills-online-100x100.jpg",100,100,true]},"uagb_author_info":{"display_name":"cokeblog18","author_link":"https:\/\/legitgrams.com\/es\/author\/"},"uagb_comment_info":0,"uagb_excerpt":"Purchase 10\/325 mg Lortab tablets online. Moderate to severe pain is treated with the drug Lortab. contains both an opioid analgesic (hydrocodone) and a non-opioid analgesic (paracetamol). The effects of hydrocodone on the brain change how your body experiences and responds to pain. Acetaminophen can also be used to reduce the temperature. LegitGrams Lortab 10mg&hellip;","_links":{"self":[{"href":"https:\/\/legitgrams.com\/es\/wp-json\/wp\/v2\/product\/3877","targetHints":{"allow":["GET"]}}],"collection":[{"href":"https:\/\/legitgrams.com\/es\/wp-json\/wp\/v2\/product"}],"about":[{"href":"https:\/\/legitgrams.com\/es\/wp-json\/wp\/v2\/types\/product"}],"replies":[{"embeddable":true,"href":"https:\/\/legitgrams.com\/es\/wp-json\/wp\/v2\/comments?post=3877"}],"wp:featuredmedia":[{"embeddable":true,"href":"https:\/\/legitgrams.com\/es\/wp-json\/wp\/v2\/media\/5234"}],"wp:attachment":[{"href":"https:\/\/legitgrams.com\/es\/wp-json\/wp\/v2\/media?parent=3877"}],"wp:term":[{"taxonomy":"product_brand","embeddable":true,"href":"https:\/\/legitgrams.com\/es\/wp-json\/wp\/v2\/product_brand?post=3877"},{"taxonomy":"product_cat","embeddable":true,"href":"https:\/\/legitgrams.com\/es\/wp-json\/wp\/v2\/product_cat?post=3877"},{"taxonomy":"product_tag","embeddable":true,"href":"https:\/\/legitgrams.com\/es\/wp-json\/wp\/v2\/product_tag?post=3877"}],"curies":[{"name":"wp","href":"https:\/\/api.w.org\/{rel}","templated":true}]}}