{"id":3882,"date":"2024-09-20T09:51:17","date_gmt":"2024-09-20T09:51:17","guid":{"rendered":"https:\/\/legitgrams.com\/?post_type=product&#038;p=3882"},"modified":"2025-12-19T08:27:51","modified_gmt":"2025-12-19T08:27:51","slug":"2-fma-polvo-de-alta-pureza","status":"publish","type":"product","link":"https:\/\/legitgrams.com\/es\/producto\/2-fma-polvo-de-alta-pureza\/","title":{"rendered":"Compre polvo de alta pureza 2-FMA en l\u00ednea"},"content":{"rendered":"<h2>Venta de polvo de 2-FMA de gran pureza<\/h2>\n<p><a href=\"https:\/\/www.bing.com\/search?q=Comprepolvodealtapureza2-FMAenlnea&amp;qs=n&amp;form=QBRE&amp;sp=-1&amp;ghc=1&amp;lq=0&amp;pq=comprepolvodealtapureza2-fmaenlnea&amp;sc=1-42&amp;sk=&amp;cvid=05A65CE60A2F48658BF37A936AB954F9&amp;ghsh=0&amp;ghacc=0&amp;ghpl=\">2-FMA<\/a>conocida com\u00fanmente como 2-fluorometanfetamina, es un nuevo estimulante de la clase de las anfetaminas. Junto con la 2-FA, la 3-FA y la 4-FMA, <a href=\"https:\/\/duckduckgo.com\/?q=Compre+polvo+de+alta+pureza+2-FMA+en+lnea&amp;t=h_&amp;ia=web\">2-FMA<\/a> pertenece a la clase de compuestos conocidos como anfetaminas sustituidas. <a href=\"https:\/\/legitgrams.com\/es\/producto\/2-fma-polvo-de-alta-pureza\/\">2. FMA<\/a> Produce un efecto estimulante al actuar sobre los receptores de dopamina y noradrenalina en el cerebro. Los efectos estimulantes t\u00edpicos incluyen excitaci\u00f3n, aumento de la atenci\u00f3n y euforia.<\/p>\n<h3>F\u00f3rmula del n\u00famero de cajero para 1017176-48-5: C10H14FN<\/h3>\n<p>IUPAC significa (RS)-1-(2-fluorofenil)-N-metilpropan-2-amina.<br \/>\nMira: Orden<\/p>\n<p>Compre en l\u00ednea para <a href=\"https:\/\/en.wikipedia.org\/wiki\/2-Fluoromethamphetamine\">2-FMA<\/a> Polvo Puro: Comprar Polvo de Pureza, Comprar 2-FMA Polvo Puro, Comprar Polvo de Pureza Online Lugares donde comprar 2-FMA Polvo de Alta Pureza: EE.UU., Canad\u00e1, Reino Unido, proveedores, online, env\u00edo seguro, 2-FMA Polvo a la venta, 2-FMA Polvo a la venta, d\u00f3nde comprar 2-FMA Polvo 2. Polvo de alta pureza FMA en l\u00ednea <a href=\"https:\/\/www.google.com\/search?q=2-FMA+High+Purity+Powder&amp;num=10&amp;sca_esv=1a2a07081c7891bb&amp;rlz=1C1RXQR_enIN1098IN1098&amp;sxsrf=AHTn8zrc_HQo0Sqcs2tEXET_U19j5PVTZw%3A1741161047951&amp;ei=VwLIZ8PWOZGC4-EPj7e-gQM&amp;ved=0ahUKEwiD3omuuvKLAxURwTgGHY-bLzAQ4dUDCBA&amp;uact=5&amp;oq=2-FMA+High+Purity+Powder&amp;gs_lp=Egxnd3Mtd2l6LXNlcnAiGDItRk1BIEhpZ2ggUHVyaXR5IFBvd2RlcjIFECEYoAFIhwdQ7wJY7wJwAngAkAEAmAHjAaAB4wGqAQMyLTG4AQPIAQD4AQL4AQGYAgGgAvABmAMAiAYBkgcDMi0xoAe5AQ&amp;sclient=gws-wiz-serp\">2-FMA Polvo de gran pureza<\/a> sigue siendo accesible. Adem\u00e1s, puede averiguar si es legal en Canad\u00e1, c\u00f3mo adquirirla en l\u00ednea y si es legal en Estados Unidos.<\/p>","protected":false},"excerpt":{"rendered":"<p>Sale of 2-FMA High Purity Powder 2-FMA, commonly known as 2-fluoromethamphetamine, is a new stimulant of the amphetamine class. Along with 2-FA, 3-FA, and 4-FMA, 2-FMA is a member of the class of compounds known as substituted amphetamines. 2. FMA produces a stimulatory effect by acting on the dopamine and norepinephrine receptors in the brain. &hellip;<\/p>\n<p class=\"read-more\"> <a class=\"\" href=\"https:\/\/legitgrams.com\/es\/producto\/2-fma-polvo-de-alta-pureza\/\"> <span class=\"screen-reader-text\">Compre polvo de alta pureza 2-FMA en l\u00ednea<\/span> Leer m\u00e1s \"<\/a><\/p>","protected":false},"featured_media":5253,"comment_status":"open","ping_status":"closed","template":"","meta":{"_uag_custom_page_level_css":"","site-sidebar-layout":"default","site-content-layout":"default","ast-global-header-display":"","ast-main-header-display":"","ast-hfb-above-header-display":"","ast-hfb-below-header-display":"","ast-hfb-mobile-header-display":"","site-post-title":"","ast-breadcrumbs-content":"","ast-featured-img":"","footer-sml-layout":"","theme-transparent-header-meta":"default","adv-header-id-meta":"","stick-header-meta":"default","header-above-stick-meta":"","header-main-stick-meta":"","header-below-stick-meta":"","_joinchat":[]},"product_brand":[],"product_cat":[598],"product_tag":[4284,4288,4287,4295,4286,4296,4298,4305,4306,4304,4301,4303,4293,617,4285,4300,4297,4292,4290,4302,4299,625,4291,4294,4289],"class_list":{"0":"post-3882","1":"product","2":"type-product","3":"status-publish","4":"has-post-thumbnail","6":"product_cat-stimulants","7":"product_tag-2-fma-high-purity-powder","8":"product_tag-2-fma-high-purity-powder-2-fma-high-purity-powder-supplier","9":"product_tag-2-fma-high-purity-powder-for-sale","10":"product_tag-2-fma-high-purity-powder-legally","11":"product_tag-2-fma-high-purity-powder-online","12":"product_tag-2-fma-high-purity-powder-price","13":"product_tag-2-fma-high-purity-powder-store","14":"product_tag-2-fma-high-purity-powder-use","15":"product_tag-2-fma-high-purity-powder-wiki","16":"product_tag-2-fma-high-purity-powder-worldwide","17":"product_tag-2-fma-high-purity-powders","18":"product_tag-best-cheap-price-2-fma-high-purity-powder","19":"product_tag-best-place-to-buy-2-fma-high-purity-powder","20":"product_tag-bulk-online","21":"product_tag-buy-2-fma-high-purity-powder","22":"product_tag-cheap-2-fma-high-purity-powder","23":"product_tag-high-quality-2-fma-high-purity-powder","24":"product_tag-how-to-buy-2-fma-high-purity-powder","25":"product_tag-order-2-fma-high-purity-powder","26":"product_tag-purcharse-2-fma-high-purity-powder","27":"product_tag-shop-2-fma-high-purity-powder","28":"product_tag-top-quality","29":"product_tag-where-to-buy-2-fma-high-purity-powder","30":"product_tag-where-to-order-2-fma-high-purity-powder","31":"product_tag-wholesale-2-fma-high-purity-powder","32":"desktop-align-left","33":"tablet-align-left","34":"mobile-align-left","35":"ast-product-gallery-layout-horizontal","36":"ast-product-gallery-with-no-image","37":"ast-product-single-variable","38":"ast-product-tabs-layout-horizontal","39":"ast-qv-on-image","41":"first","42":"instock","43":"featured","44":"shipping-taxable","45":"purchasable","46":"product-type-variable"},"yoast_head":"<!-- This site is optimized with the Yoast SEO plugin v25.9 - https:\/\/yoast.com\/wordpress\/plugins\/seo\/ -->\n<title>2-FMA Powder for Sale - Buy 2-FMA Online | LegitGrams<\/title>\n<meta name=\"description\" content=\"Looking to Buy 2-FMA Online? Discover a seamless platform at our online store where you can buy 2-FMA powder, Order Today and receive up to 50% off on selected items. Shop Now!\" \/>\n<meta name=\"robots\" content=\"index, follow, max-snippet:-1, max-image-preview:large, max-video-preview:-1\" \/>\n<link rel=\"canonical\" href=\"https:\/\/legitgrams.com\/es\/producto\/2-fma-polvo-de-alta-pureza\/\" \/>\n<meta property=\"og:locale\" content=\"es_ES\" \/>\n<meta property=\"og:type\" content=\"article\" \/>\n<meta property=\"og:title\" content=\"2-FMA Powder for Sale - Buy 2-FMA Online | LegitGrams\" \/>\n<meta property=\"og:description\" content=\"Looking to Buy 2-FMA Online? Discover a seamless platform at our online store where you can buy 2-FMA powder, Order Today and receive up to 50% off on selected items. Shop Now!\" \/>\n<meta property=\"og:url\" content=\"https:\/\/legitgrams.com\/es\/producto\/2-fma-polvo-de-alta-pureza\/\" \/>\n<meta property=\"og:site_name\" content=\"Legit Grams\" \/>\n<meta property=\"article:modified_time\" content=\"2025-12-19T08:27:51+00:00\" \/>\n<meta property=\"og:image\" content=\"https:\/\/legitgrams.com\/wp-content\/uploads\/2024\/09\/buy-2-fma-high-purity-powder-online.jpg\" \/>\n\t<meta property=\"og:image:width\" content=\"600\" \/>\n\t<meta property=\"og:image:height\" content=\"600\" \/>\n\t<meta property=\"og:image:type\" content=\"image\/jpeg\" \/>\n<meta name=\"twitter:card\" content=\"summary_large_image\" \/>\n<meta name=\"twitter:label1\" content=\"Tiempo de lectura\" \/>\n\t<meta name=\"twitter:data1\" content=\"1 minuto\" \/>\n<script type=\"application\/ld+json\" class=\"yoast-schema-graph\">{\"@context\":\"https:\/\/schema.org\",\"@graph\":[{\"@type\":\"WebPage\",\"@id\":\"https:\/\/legitgrams.com\/product\/2-fma-high-purity-powder\/\",\"url\":\"https:\/\/legitgrams.com\/product\/2-fma-high-purity-powder\/\",\"name\":\"2-FMA Powder for Sale - Buy 2-FMA Online | LegitGrams\",\"isPartOf\":{\"@id\":\"https:\/\/legitgrams.com\/#website\"},\"primaryImageOfPage\":{\"@id\":\"https:\/\/legitgrams.com\/product\/2-fma-high-purity-powder\/#primaryimage\"},\"image\":{\"@id\":\"https:\/\/legitgrams.com\/product\/2-fma-high-purity-powder\/#primaryimage\"},\"thumbnailUrl\":\"https:\/\/legitgrams.com\/wp-content\/uploads\/2024\/09\/buy-2-fma-high-purity-powder-online.jpg\",\"datePublished\":\"2024-09-20T09:51:17+00:00\",\"dateModified\":\"2025-12-19T08:27:51+00:00\",\"description\":\"Looking to Buy 2-FMA Online? Discover a seamless platform at our online store where you can buy 2-FMA powder, Order Today and receive up to 50% off on selected items. Shop Now!\",\"breadcrumb\":{\"@id\":\"https:\/\/legitgrams.com\/product\/2-fma-high-purity-powder\/#breadcrumb\"},\"inLanguage\":\"es\",\"potentialAction\":[{\"@type\":\"ReadAction\",\"target\":[\"https:\/\/legitgrams.com\/product\/2-fma-high-purity-powder\/\"]}]},{\"@type\":\"ImageObject\",\"inLanguage\":\"es\",\"@id\":\"https:\/\/legitgrams.com\/product\/2-fma-high-purity-powder\/#primaryimage\",\"url\":\"https:\/\/legitgrams.com\/wp-content\/uploads\/2024\/09\/buy-2-fma-high-purity-powder-online.jpg\",\"contentUrl\":\"https:\/\/legitgrams.com\/wp-content\/uploads\/2024\/09\/buy-2-fma-high-purity-powder-online.jpg\",\"width\":600,\"height\":600,\"caption\":\"2-FMA High Purity Powder for Sale\"},{\"@type\":\"BreadcrumbList\",\"@id\":\"https:\/\/legitgrams.com\/product\/2-fma-high-purity-powder\/#breadcrumb\",\"itemListElement\":[{\"@type\":\"ListItem\",\"position\":1,\"name\":\"Home\",\"item\":\"https:\/\/legitgrams.com\/\"},{\"@type\":\"ListItem\",\"position\":2,\"name\":\"Shop\",\"item\":\"https:\/\/legitgrams.com\/shop\/\"},{\"@type\":\"ListItem\",\"position\":3,\"name\":\"Buy 2-FMA High Purity Powder Online\"}]},{\"@type\":\"WebSite\",\"@id\":\"https:\/\/legitgrams.com\/#website\",\"url\":\"https:\/\/legitgrams.com\/\",\"name\":\"Legit Grams\",\"description\":\"My WordPress Blog\",\"publisher\":{\"@id\":\"https:\/\/legitgrams.com\/#organization\"},\"potentialAction\":[{\"@type\":\"SearchAction\",\"target\":{\"@type\":\"EntryPoint\",\"urlTemplate\":\"https:\/\/legitgrams.com\/?s={search_term_string}\"},\"query-input\":{\"@type\":\"PropertyValueSpecification\",\"valueRequired\":true,\"valueName\":\"search_term_string\"}}],\"inLanguage\":\"es\"},{\"@type\":\"Organization\",\"@id\":\"https:\/\/legitgrams.com\/#organization\",\"name\":\"Legit Grams\",\"url\":\"https:\/\/legitgrams.com\/\",\"logo\":{\"@type\":\"ImageObject\",\"inLanguage\":\"es\",\"@id\":\"https:\/\/legitgrams.com\/#\/schema\/logo\/image\/\",\"url\":\"https:\/\/legitgrams.com\/wp-content\/uploads\/2024\/09\/main-logo.png\",\"contentUrl\":\"https:\/\/legitgrams.com\/wp-content\/uploads\/2024\/09\/main-logo.png\",\"width\":270,\"height\":75,\"caption\":\"Legit Grams\"},\"image\":{\"@id\":\"https:\/\/legitgrams.com\/#\/schema\/logo\/image\/\"}}]}<\/script>\n<!-- \/ Yoast SEO plugin. -->","yoast_head_json":{"title":"Venta de polvo de 2-FMA: compre 2-FMA en l\u00ednea | LegitGrams","description":"\u00bfDesea comprar 2-FMA en l\u00ednea? Descubra una plataforma sin fisuras en nuestra tienda online donde puede comprar 2-FMA en polvo, Haga su pedido hoy y reciba hasta 50% de descuento en art\u00edculos seleccionados. \u00a1Compre ahora!","robots":{"index":"index","follow":"follow","max-snippet":"max-snippet:-1","max-image-preview":"max-image-preview:large","max-video-preview":"max-video-preview:-1"},"canonical":"https:\/\/legitgrams.com\/es\/producto\/2-fma-polvo-de-alta-pureza\/","og_locale":"es_ES","og_type":"article","og_title":"2-FMA Powder for Sale - Buy 2-FMA Online | LegitGrams","og_description":"Looking to Buy 2-FMA Online? Discover a seamless platform at our online store where you can buy 2-FMA powder, Order Today and receive up to 50% off on selected items. Shop Now!","og_url":"https:\/\/legitgrams.com\/es\/producto\/2-fma-polvo-de-alta-pureza\/","og_site_name":"Legit Grams","article_modified_time":"2025-12-19T08:27:51+00:00","og_image":[{"width":600,"height":600,"url":"https:\/\/legitgrams.com\/wp-content\/uploads\/2024\/09\/buy-2-fma-high-purity-powder-online.jpg","type":"image\/jpeg"}],"twitter_card":"summary_large_image","twitter_misc":{"Tiempo de lectura":"1 minuto"},"schema":{"@context":"https:\/\/schema.org","@graph":[{"@type":"WebPage","@id":"https:\/\/legitgrams.com\/product\/2-fma-high-purity-powder\/","url":"https:\/\/legitgrams.com\/product\/2-fma-high-purity-powder\/","name":"Venta de polvo de 2-FMA: compre 2-FMA en l\u00ednea | LegitGrams","isPartOf":{"@id":"https:\/\/legitgrams.com\/#website"},"primaryImageOfPage":{"@id":"https:\/\/legitgrams.com\/product\/2-fma-high-purity-powder\/#primaryimage"},"image":{"@id":"https:\/\/legitgrams.com\/product\/2-fma-high-purity-powder\/#primaryimage"},"thumbnailUrl":"https:\/\/legitgrams.com\/wp-content\/uploads\/2024\/09\/buy-2-fma-high-purity-powder-online.jpg","datePublished":"2024-09-20T09:51:17+00:00","dateModified":"2025-12-19T08:27:51+00:00","description":"\u00bfDesea comprar 2-FMA en l\u00ednea? Descubra una plataforma sin fisuras en nuestra tienda online donde puede comprar 2-FMA en polvo, Haga su pedido hoy y reciba hasta 50% de descuento en art\u00edculos seleccionados. \u00a1Compre ahora!","breadcrumb":{"@id":"https:\/\/legitgrams.com\/product\/2-fma-high-purity-powder\/#breadcrumb"},"inLanguage":"es","potentialAction":[{"@type":"ReadAction","target":["https:\/\/legitgrams.com\/product\/2-fma-high-purity-powder\/"]}]},{"@type":"ImageObject","inLanguage":"es","@id":"https:\/\/legitgrams.com\/product\/2-fma-high-purity-powder\/#primaryimage","url":"https:\/\/legitgrams.com\/wp-content\/uploads\/2024\/09\/buy-2-fma-high-purity-powder-online.jpg","contentUrl":"https:\/\/legitgrams.com\/wp-content\/uploads\/2024\/09\/buy-2-fma-high-purity-powder-online.jpg","width":600,"height":600,"caption":"2-FMA High Purity Powder for Sale"},{"@type":"BreadcrumbList","@id":"https:\/\/legitgrams.com\/product\/2-fma-high-purity-powder\/#breadcrumb","itemListElement":[{"@type":"ListItem","position":1,"name":"Home","item":"https:\/\/legitgrams.com\/"},{"@type":"ListItem","position":2,"name":"Shop","item":"https:\/\/legitgrams.com\/shop\/"},{"@type":"ListItem","position":3,"name":"Buy 2-FMA High Purity Powder Online"}]},{"@type":"WebSite","@id":"https:\/\/legitgrams.com\/#website","url":"https:\/\/legitgrams.com\/","name":"Gramos leg\u00edtimos","description":"Mi blog de WordPress","publisher":{"@id":"https:\/\/legitgrams.com\/#organization"},"potentialAction":[{"@type":"SearchAction","target":{"@type":"EntryPoint","urlTemplate":"https:\/\/legitgrams.com\/?s={search_term_string}"},"query-input":{"@type":"PropertyValueSpecification","valueRequired":true,"valueName":"search_term_string"}}],"inLanguage":"es"},{"@type":"Organization","@id":"https:\/\/legitgrams.com\/#organization","name":"Gramos leg\u00edtimos","url":"https:\/\/legitgrams.com\/","logo":{"@type":"ImageObject","inLanguage":"es","@id":"https:\/\/legitgrams.com\/#\/schema\/logo\/image\/","url":"https:\/\/legitgrams.com\/wp-content\/uploads\/2024\/09\/main-logo.png","contentUrl":"https:\/\/legitgrams.com\/wp-content\/uploads\/2024\/09\/main-logo.png","width":270,"height":75,"caption":"Legit Grams"},"image":{"@id":"https:\/\/legitgrams.com\/#\/schema\/logo\/image\/"}}]}},"uagb_featured_image_src":{"full":["https:\/\/legitgrams.com\/wp-content\/uploads\/2024\/09\/buy-2-fma-high-purity-powder-online.jpg",600,600,false],"thumbnail":["https:\/\/legitgrams.com\/wp-content\/uploads\/2024\/09\/buy-2-fma-high-purity-powder-online-150x150.jpg",150,150,true],"medium":["https:\/\/legitgrams.com\/wp-content\/uploads\/2024\/09\/buy-2-fma-high-purity-powder-online-300x300.jpg",300,300,true],"medium_large":["https:\/\/legitgrams.com\/wp-content\/uploads\/2024\/09\/buy-2-fma-high-purity-powder-online.jpg",600,600,false],"large":["https:\/\/legitgrams.com\/wp-content\/uploads\/2024\/09\/buy-2-fma-high-purity-powder-online.jpg",600,600,false],"1536x1536":["https:\/\/legitgrams.com\/wp-content\/uploads\/2024\/09\/buy-2-fma-high-purity-powder-online.jpg",600,600,false],"2048x2048":["https:\/\/legitgrams.com\/wp-content\/uploads\/2024\/09\/buy-2-fma-high-purity-powder-online.jpg",600,600,false],"trp-custom-language-flag":["https:\/\/legitgrams.com\/wp-content\/uploads\/2024\/09\/buy-2-fma-high-purity-powder-online-12x12.jpg",12,12,true],"woocommerce_thumbnail":["https:\/\/legitgrams.com\/wp-content\/uploads\/2024\/09\/buy-2-fma-high-purity-powder-online-300x300.jpg",300,300,true],"woocommerce_single":["https:\/\/legitgrams.com\/wp-content\/uploads\/2024\/09\/buy-2-fma-high-purity-powder-online.jpg",600,600,false],"woocommerce_gallery_thumbnail":["https:\/\/legitgrams.com\/wp-content\/uploads\/2024\/09\/buy-2-fma-high-purity-powder-online-100x100.jpg",100,100,true]},"uagb_author_info":{"display_name":"cokeblog18","author_link":"https:\/\/legitgrams.com\/es\/author\/"},"uagb_comment_info":1,"uagb_excerpt":"Sale of 2-FMA High Purity Powder 2-FMA, commonly known as 2-fluoromethamphetamine, is a new stimulant of the amphetamine class. Along with 2-FA, 3-FA, and 4-FMA, 2-FMA is a member of the class of compounds known as substituted amphetamines. 2. FMA produces a stimulatory effect by acting on the dopamine and norepinephrine receptors in the brain.&hellip;","_links":{"self":[{"href":"https:\/\/legitgrams.com\/es\/wp-json\/wp\/v2\/product\/3882","targetHints":{"allow":["GET"]}}],"collection":[{"href":"https:\/\/legitgrams.com\/es\/wp-json\/wp\/v2\/product"}],"about":[{"href":"https:\/\/legitgrams.com\/es\/wp-json\/wp\/v2\/types\/product"}],"replies":[{"embeddable":true,"href":"https:\/\/legitgrams.com\/es\/wp-json\/wp\/v2\/comments?post=3882"}],"wp:featuredmedia":[{"embeddable":true,"href":"https:\/\/legitgrams.com\/es\/wp-json\/wp\/v2\/media\/5253"}],"wp:attachment":[{"href":"https:\/\/legitgrams.com\/es\/wp-json\/wp\/v2\/media?parent=3882"}],"wp:term":[{"taxonomy":"product_brand","embeddable":true,"href":"https:\/\/legitgrams.com\/es\/wp-json\/wp\/v2\/product_brand?post=3882"},{"taxonomy":"product_cat","embeddable":true,"href":"https:\/\/legitgrams.com\/es\/wp-json\/wp\/v2\/product_cat?post=3882"},{"taxonomy":"product_tag","embeddable":true,"href":"https:\/\/legitgrams.com\/es\/wp-json\/wp\/v2\/product_tag?post=3882"}],"curies":[{"name":"wp","href":"https:\/\/api.w.org\/{rel}","templated":true}]}}