{"id":3890,"date":"2024-09-20T10:09:25","date_gmt":"2024-09-20T10:09:25","guid":{"rendered":"https:\/\/legitgrams.com\/?post_type=product&#038;p=3890"},"modified":"2025-04-04T13:43:33","modified_gmt":"2025-04-04T13:43:33","slug":"hongos-envidia-del-pene","status":"publish","type":"product","link":"https:\/\/legitgrams.com\/es\/producto\/hongos-envidia-del-pene\/","title":{"rendered":"Comprar Setas Penis Envy Online"},"content":{"rendered":"<h2>Compra hongos Penis Envy en l\u00ednea: Penis Envy Cubensis a la venta<\/h2>\n<p>\"\u00bfCu\u00e1l es el <a href=\"https:\/\/legitgrams.com\/es\/producto\/hongos-envidia-del-pene\/\">Envidia del pene Cubensis<\/a>Quiz\u00e1s te est\u00e9s preguntando \"\u00bfQu\u00e9 tiene de raro ese nombre?\". La cuesti\u00f3n es sencilla. Es evidente que este hongo alucin\u00f3geno se parece a un pene. Te sorprender\u00e1 saber que este hongo tiene uno de los mayores potenciales psicod\u00e9licos de cualquier especie conocida. Se rumorea que Terence McKenna, de los Psychonauts, fue el creador del... <a href=\"https:\/\/www.bing.com\/search?q=Comprehongosparalaenvidiadelpeneenlnea&amp;qs=n&amp;form=QBRE&amp;sp=-1&amp;lq=0&amp;pq=comprehongosparalaenvidiadelpeneenlnea&amp;sc=9-47&amp;sk=&amp;cvid=DE5B5AB14897440FAB3388401C7C0E08&amp;ghsh=0&amp;ghacc=0&amp;ghpl=\">Envidia del pene Cubensis<\/a>.<\/p>\n<p>Tiene un sombrero carnoso, un tallo grueso y bulboso, y un ped\u00fanculo que contin\u00faa creciendo incluso despu\u00e9s de abrir el sombrero. A diferencia de otras cepas de Cubensis, esta tiene una densidad de hongos muy alta. Cultivar este tipo de hongo no es f\u00e1cil. Al microscopio, las esporas parecen id\u00e9nticas, pero el proceso de generaci\u00f3n es completamente distinto al de otras cepas. En esencia, no es posible obtener impresiones de esporas, y las jeringas de esporas son la \u00fanica forma de obtenerlas. <a href=\"https:\/\/www.google.com\/search?q=Compre+hongos+para+la+envidia+del+pene+en+lnea&amp;sca_esv=eddefdb7b92e7545&amp;sxsrf=AHTn8zq8kqSJ96mHwRHrjcvJxjyEOjcQ-Q1743774308927&amp;ei=ZOLvZ5WrOLrj2roPs_y0oQE&amp;ved=0ahUKEwiV7YHCwb6MAxW6sVYBHTM-LRQQ4dUDCBA&amp;uact=5&amp;oq=Compre+hongos+para+la+envidia+del+pene+en+lnea&amp;gs_lp=Egxnd3Mtd2l6LXNlcnAiMENvbXByZSBob25nb3MgcGFyYSBsYSBlbnZpZGlhIGRlbCBwZW5lIGVuIGzDrW5lYUj0A1AAWABwAHgAkAEAmAHfAaAB3wGqAQMyLTG4AQPIAQD4AQL4AQGYAgCgAgCYAwCSBwCgB48CsgcAuAcA&amp;sclient=gws-wiz-serp\">Envidia del pene Cubensis<\/a> spores. <a href=\"https:\/\/legitgrams.com\/es\/\">LegitGrams<\/a><\/p>\n<h3>\u00bfQu\u00e9 efectos le proporciona este hongo?<\/h3>\n<p>El hongo fuerte a base de psilocibina es Penis Envy Cubensis Canada. Evidentemente, el ingrediente activo se llama psilocibina, y tiene una variedad de efectos fisiol\u00f3gicos. En esencia, experimentar\u00e1s algo m\u00edstico, y esto var\u00eda de una persona a otra. El tipo de experiencia que tengas depender\u00e1 de la cantidad de la dosis que tomes.<\/p>\n<p>Por ejemplo, <a href=\"https:\/\/en.wikipedia.org\/wiki\/Penis_envy\">Envidia del pene<\/a> Cubensis tiene efectos fuertes que pueden ser comparables a dos o tres gramos de hongos m\u00e1s d\u00e9biles por gramo. Por ello, aconsejamos empezar con una dosis m\u00e1s peque\u00f1a, sobre todo si es la primera vez que se consume. Para un usuario novato, los profundos e inquietantes efectos de las setas de psilocibina pueden ser bastante perturbadores.<\/p>\n<h3>Los siguientes posibles resultados podr\u00edan resultar de tomar dosis mayores de este hongo:<\/h3>\n<p>Percepciones de dilataci\u00f3n del tiempo<br \/>\nDelirios<br \/>\nLa sinestesia es la capacidad de percibir sonidos y escuchar colores.<\/p>\n<p>Surf fractal<br \/>\nDestellos de sucesos e incidentes que son tan v\u00edvidos que se apoderan de tus pensamientos mientras miras los cuerpos celestes.<br \/>\nLa palabra \u201csaludable\u201d es la que mejor resume un viaje con Penis Envy Cubensis. Es poco probable que te sientas agotado o somnoliento. Por otro lado, la variedad de est\u00edmulos visuales y auditivos que experimentar\u00e1s durante el viaje te har\u00e1n sentir lleno de energ\u00eda, euf\u00f3rico y curioso.<\/p>\n<h3>\u00bfTiene ventajas para la salud?<\/h3>\n<p>El consumo de psilocibina se ha relacionado frecuentemente con efectos antidepresivos, ansiol\u00edticos y antiestr\u00e9s. Personas de todo el mundo la utilizan para tratarse los diversos problemas a los que se enfrentan. Sin embargo, es mejor consumirla dentro de la zona de confort. Cuando se toman en exceso, muchas cosas que pueden ayudarte a controlar la ansiedad tambi\u00e9n pueden hacerte sentir ansioso, sobre todo si nunca antes has tomado setas. Puede que te aterroricen la dilataci\u00f3n temporal, el fen\u00f3meno de la muerte del ego y las consecuencias que alteran la mente.<\/p>\n<p>La psilocibina tambi\u00e9n podr\u00eda tener efectos neuroprotectores y relacionados con la neurog\u00e9nesis, seg\u00fan algunos estudios. Dicho de otro modo, los hongos con psilocibina, como el que se analiza en esta rese\u00f1a de... <a href=\"https:\/\/duckduckgo.com\/?q=Compre+hongos+para+la+envidia+del+pene+en+lnea&amp;t=h_&amp;ia=web\">Envidia del pene Cubensis<\/a> Fomentar\u00e1 la neurog\u00e9nesis y evitar\u00e1 el deterioro de las funciones cerebrales. Deber\u00edas comer estos hongos al menos una vez en la vida por diversas razones. Mejor a\u00fan si te gustan y te ayudan.<\/p>\n<p>Si consigues Penis Envy Cubensis en l\u00ednea, te va a encantar. Tanto si quieres tomar una dosis mayor y abordar cualquier asunto pendiente con el que est\u00e9s luchando, como si quieres microdosificar cantidades menores para la ansiedad y la concentraci\u00f3n. En lugar de obsesionarte con detalles triviales y llenarte la cabeza de inquietantes preguntas, deja que tus ideas fluyan y permite que tu creatividad supere tus nociones preconcebidas. Mucha gente cree que las setas de psilocibina son el mejor m\u00e9todo para aliviar el estr\u00e9s y la desesperaci\u00f3n.<\/p>\n<h3>Seta extremadamente potente<\/h3>\n<p>La Penis Envy Cubensis est\u00e1 considerada como una de las setas m\u00e1s potentes del mundo, y con raz\u00f3n. Un conjunto \u00fanico de efectos psicoactivos es el resultado de su mayor potencia. Esta seta crece mucho m\u00e1s lentamente que otras, lo que tiene una explicaci\u00f3n fisiol\u00f3gica directa. Esto hace posible que la producci\u00f3n de psilocibina aumente desde la fase de espora hasta la fase adulta.<\/p>\n<p>El potencial alucin\u00f3geno del Penis Envy Cubensis es mayor que el de la mayor\u00eda de las otras setas. Por lo tanto, se debe tener precauci\u00f3n al elegir las condiciones y los momentos en los que se utiliza esta seta. Dosis mayores provocar\u00e1n sin duda cambios en la conciencia, as\u00ed como alucinaciones y sensaciones de alteraci\u00f3n del tiempo. Adem\u00e1s, el est\u00edmulo visual fractal dificultar\u00e1 moment\u00e1neamente tu conciencia y tu capacidad para tomar decisiones.<\/p>\n<h3>Se venden esporas de envidia de pene<\/h3>\n<p>Online Penis Envy Cubensis<br \/>\nPenis Envy Cubensis: Comprar en l\u00ednea<\/p>\n<p>Penis Envy Cubensis: Comprar en l\u00ednea<\/p>\n<p>Comprar Penis Envy<\/p>\n<p>Se vende: pene albino envidia<\/p>\n<p>&nbsp;<\/p>","protected":false},"excerpt":{"rendered":"<p>Purchase Penis Envy Mushrooms Online: Penis Envy Cubensis for Sale &#8220;What is the Penis Envy Cubensis? What&#8217;s with the weird name?&#8221; may be on your mind. The situation really is straightforward. There&#8217;s no getting around the fact that this hallucinogenic fungus resembles a penis. You may be surprised to learn that this mushroom has some &hellip;<\/p>\n<p class=\"read-more\"> <a class=\"\" href=\"https:\/\/legitgrams.com\/es\/producto\/hongos-envidia-del-pene\/\"> <span class=\"screen-reader-text\">Comprar Setas Penis Envy Online<\/span> Leer m\u00e1s \"<\/a><\/p>","protected":false},"featured_media":5241,"comment_status":"open","ping_status":"closed","template":"","meta":{"_uag_custom_page_level_css":"","site-sidebar-layout":"default","site-content-layout":"default","ast-global-header-display":"","ast-main-header-display":"","ast-hfb-above-header-display":"","ast-hfb-below-header-display":"","ast-hfb-mobile-header-display":"","site-post-title":"","ast-breadcrumbs-content":"","ast-featured-img":"","footer-sml-layout":"","theme-transparent-header-meta":"default","adv-header-id-meta":"","stick-header-meta":"default","header-above-stick-meta":"","header-main-stick-meta":"","header-below-stick-meta":"","_joinchat":[]},"product_brand":[],"product_cat":[599],"product_tag":[4234,4224,617,4216,4231,4228,4223,4221,4215,4218,4226,4217,4219,4227,4229,4236,4237,4235,4232,4233,4230,625,4222,4225,4220],"class_list":{"0":"post-3890","1":"product","2":"type-product","3":"status-publish","4":"has-post-thumbnail","6":"product_cat-psilocybin-or-magic-mushrooms","7":"product_tag-best-cheap-price-penis-envy-mushrooms","8":"product_tag-best-place-to-buy-penis-envy-mushrooms","9":"product_tag-bulk-online","10":"product_tag-buy-penis-envy-mushrooms","11":"product_tag-cheap-penis-envy-mushrooms","12":"product_tag-high-quality-penis-envy-mushrooms","13":"product_tag-how-to-buy-penis-envy-mushrooms","14":"product_tag-order-penis-envy-mushrooms","15":"product_tag-penis-envy-mushrooms","16":"product_tag-penis-envy-mushrooms-for-sale","17":"product_tag-penis-envy-mushrooms-legally","18":"product_tag-penis-envy-mushrooms-online","19":"product_tag-penis-envy-mushrooms-penis-envy-mushrooms-supplier","20":"product_tag-penis-envy-mushrooms-price","21":"product_tag-penis-envy-mushrooms-store","22":"product_tag-penis-envy-mushrooms-use","23":"product_tag-penis-envy-mushrooms-wiki","24":"product_tag-penis-envy-mushrooms-worldwide","25":"product_tag-penis-envy-mushroomss","26":"product_tag-purcharse-penis-envy-mushrooms","27":"product_tag-shop-penis-envy-mushrooms","28":"product_tag-top-quality","29":"product_tag-where-to-buy-penis-envy-mushrooms","30":"product_tag-where-to-order-penis-envy-mushrooms","31":"product_tag-wholesale-penis-envy-mushrooms","32":"desktop-align-left","33":"tablet-align-left","34":"mobile-align-left","35":"ast-product-gallery-layout-horizontal","36":"ast-product-gallery-with-no-image","37":"ast-product-single-variable","38":"ast-product-tabs-layout-horizontal","39":"ast-qv-on-image","41":"first","42":"instock","43":"featured","44":"shipping-taxable","45":"purchasable","46":"product-type-variable"},"yoast_head":"<!-- This site is optimized with the Yoast SEO plugin v25.9 - https:\/\/yoast.com\/wordpress\/plugins\/seo\/ -->\n<title>Penis Envy Mushrooms for Sale - Buy Penis Envy Mushrooms<\/title>\n<meta name=\"description\" content=\"Explore our online store for Penis Envy Mushrooms for sale, offering high-quality Penis Envy Mushrooms . Buy Penis Envy Mushrooms online securely and embark on your research journey with confidence. Place your order now!\" \/>\n<meta name=\"robots\" content=\"index, follow, max-snippet:-1, max-image-preview:large, max-video-preview:-1\" \/>\n<link rel=\"canonical\" href=\"https:\/\/legitgrams.com\/es\/producto\/hongos-envidia-del-pene\/\" \/>\n<meta property=\"og:locale\" content=\"es_ES\" \/>\n<meta property=\"og:type\" content=\"article\" \/>\n<meta property=\"og:title\" content=\"Penis Envy Mushrooms for Sale - Buy Penis Envy Mushrooms\" \/>\n<meta property=\"og:description\" content=\"Explore our online store for Penis Envy Mushrooms for sale, offering high-quality Penis Envy Mushrooms . Buy Penis Envy Mushrooms online securely and embark on your research journey with confidence. Place your order now!\" \/>\n<meta property=\"og:url\" content=\"https:\/\/legitgrams.com\/es\/producto\/hongos-envidia-del-pene\/\" \/>\n<meta property=\"og:site_name\" content=\"Legit Grams\" \/>\n<meta property=\"article:modified_time\" content=\"2025-04-04T13:43:33+00:00\" \/>\n<meta property=\"og:image\" content=\"https:\/\/legitgrams.com\/wp-content\/uploads\/2024\/09\/penis-envy-for-salepsilocybin-or-magic-mushrooms.jpg\" \/>\n\t<meta property=\"og:image:width\" content=\"430\" \/>\n\t<meta property=\"og:image:height\" content=\"430\" \/>\n\t<meta property=\"og:image:type\" content=\"image\/jpeg\" \/>\n<meta name=\"twitter:card\" content=\"summary_large_image\" \/>\n<meta name=\"twitter:label1\" content=\"Tiempo de lectura\" \/>\n\t<meta name=\"twitter:data1\" content=\"4 minutos\" \/>\n<script type=\"application\/ld+json\" class=\"yoast-schema-graph\">{\"@context\":\"https:\/\/schema.org\",\"@graph\":[{\"@type\":\"WebPage\",\"@id\":\"https:\/\/legitgrams.com\/product\/penis-envy-mushrooms\/\",\"url\":\"https:\/\/legitgrams.com\/product\/penis-envy-mushrooms\/\",\"name\":\"Penis Envy Mushrooms for Sale - Buy Penis Envy Mushrooms\",\"isPartOf\":{\"@id\":\"https:\/\/legitgrams.com\/#website\"},\"primaryImageOfPage\":{\"@id\":\"https:\/\/legitgrams.com\/product\/penis-envy-mushrooms\/#primaryimage\"},\"image\":{\"@id\":\"https:\/\/legitgrams.com\/product\/penis-envy-mushrooms\/#primaryimage\"},\"thumbnailUrl\":\"https:\/\/legitgrams.com\/wp-content\/uploads\/2024\/09\/penis-envy-for-salepsilocybin-or-magic-mushrooms.jpg\",\"datePublished\":\"2024-09-20T10:09:25+00:00\",\"dateModified\":\"2025-04-04T13:43:33+00:00\",\"description\":\"Explore our online store for Penis Envy Mushrooms for sale, offering high-quality Penis Envy Mushrooms . Buy Penis Envy Mushrooms online securely and embark on your research journey with confidence. Place your order now!\",\"breadcrumb\":{\"@id\":\"https:\/\/legitgrams.com\/product\/penis-envy-mushrooms\/#breadcrumb\"},\"inLanguage\":\"es\",\"potentialAction\":[{\"@type\":\"ReadAction\",\"target\":[\"https:\/\/legitgrams.com\/product\/penis-envy-mushrooms\/\"]}]},{\"@type\":\"ImageObject\",\"inLanguage\":\"es\",\"@id\":\"https:\/\/legitgrams.com\/product\/penis-envy-mushrooms\/#primaryimage\",\"url\":\"https:\/\/legitgrams.com\/wp-content\/uploads\/2024\/09\/penis-envy-for-salepsilocybin-or-magic-mushrooms.jpg\",\"contentUrl\":\"https:\/\/legitgrams.com\/wp-content\/uploads\/2024\/09\/penis-envy-for-salepsilocybin-or-magic-mushrooms.jpg\",\"width\":430,\"height\":430,\"caption\":\"Penis Envy Mushrooms for Sale\"},{\"@type\":\"BreadcrumbList\",\"@id\":\"https:\/\/legitgrams.com\/product\/penis-envy-mushrooms\/#breadcrumb\",\"itemListElement\":[{\"@type\":\"ListItem\",\"position\":1,\"name\":\"Home\",\"item\":\"https:\/\/legitgrams.com\/\"},{\"@type\":\"ListItem\",\"position\":2,\"name\":\"Shop\",\"item\":\"https:\/\/legitgrams.com\/shop\/\"},{\"@type\":\"ListItem\",\"position\":3,\"name\":\"Buy Penis Envy Mushrooms Online\"}]},{\"@type\":\"WebSite\",\"@id\":\"https:\/\/legitgrams.com\/#website\",\"url\":\"https:\/\/legitgrams.com\/\",\"name\":\"Legit Grams\",\"description\":\"My WordPress Blog\",\"publisher\":{\"@id\":\"https:\/\/legitgrams.com\/#organization\"},\"potentialAction\":[{\"@type\":\"SearchAction\",\"target\":{\"@type\":\"EntryPoint\",\"urlTemplate\":\"https:\/\/legitgrams.com\/?s={search_term_string}\"},\"query-input\":{\"@type\":\"PropertyValueSpecification\",\"valueRequired\":true,\"valueName\":\"search_term_string\"}}],\"inLanguage\":\"es\"},{\"@type\":\"Organization\",\"@id\":\"https:\/\/legitgrams.com\/#organization\",\"name\":\"Legit Grams\",\"url\":\"https:\/\/legitgrams.com\/\",\"logo\":{\"@type\":\"ImageObject\",\"inLanguage\":\"es\",\"@id\":\"https:\/\/legitgrams.com\/#\/schema\/logo\/image\/\",\"url\":\"https:\/\/legitgrams.com\/wp-content\/uploads\/2024\/09\/main-logo.png\",\"contentUrl\":\"https:\/\/legitgrams.com\/wp-content\/uploads\/2024\/09\/main-logo.png\",\"width\":270,\"height\":75,\"caption\":\"Legit Grams\"},\"image\":{\"@id\":\"https:\/\/legitgrams.com\/#\/schema\/logo\/image\/\"}}]}<\/script>\n<!-- \/ Yoast SEO plugin. -->","yoast_head_json":{"title":"Hongos que provocan envidia del pene a la venta: compre hongos que provocan envidia del pene","description":"Explore nuestra tienda en l\u00ednea para Setas Penis Envy en venta, que ofrece alta calidad Setas Penis Envy . Compra Setas Penis Envy online de forma segura y emprende tu viaje de investigaci\u00f3n con confianza. \u00a1Haga su pedido ahora!","robots":{"index":"index","follow":"follow","max-snippet":"max-snippet:-1","max-image-preview":"max-image-preview:large","max-video-preview":"max-video-preview:-1"},"canonical":"https:\/\/legitgrams.com\/es\/producto\/hongos-envidia-del-pene\/","og_locale":"es_ES","og_type":"article","og_title":"Penis Envy Mushrooms for Sale - Buy Penis Envy Mushrooms","og_description":"Explore our online store for Penis Envy Mushrooms for sale, offering high-quality Penis Envy Mushrooms . Buy Penis Envy Mushrooms online securely and embark on your research journey with confidence. Place your order now!","og_url":"https:\/\/legitgrams.com\/es\/producto\/hongos-envidia-del-pene\/","og_site_name":"Legit Grams","article_modified_time":"2025-04-04T13:43:33+00:00","og_image":[{"width":430,"height":430,"url":"https:\/\/legitgrams.com\/wp-content\/uploads\/2024\/09\/penis-envy-for-salepsilocybin-or-magic-mushrooms.jpg","type":"image\/jpeg"}],"twitter_card":"summary_large_image","twitter_misc":{"Tiempo de lectura":"4 minutos"},"schema":{"@context":"https:\/\/schema.org","@graph":[{"@type":"WebPage","@id":"https:\/\/legitgrams.com\/product\/penis-envy-mushrooms\/","url":"https:\/\/legitgrams.com\/product\/penis-envy-mushrooms\/","name":"Hongos que provocan envidia del pene a la venta: compre hongos que provocan envidia del pene","isPartOf":{"@id":"https:\/\/legitgrams.com\/#website"},"primaryImageOfPage":{"@id":"https:\/\/legitgrams.com\/product\/penis-envy-mushrooms\/#primaryimage"},"image":{"@id":"https:\/\/legitgrams.com\/product\/penis-envy-mushrooms\/#primaryimage"},"thumbnailUrl":"https:\/\/legitgrams.com\/wp-content\/uploads\/2024\/09\/penis-envy-for-salepsilocybin-or-magic-mushrooms.jpg","datePublished":"2024-09-20T10:09:25+00:00","dateModified":"2025-04-04T13:43:33+00:00","description":"Explore nuestra tienda en l\u00ednea para Setas Penis Envy en venta, que ofrece alta calidad Setas Penis Envy . Compra Setas Penis Envy online de forma segura y emprende tu viaje de investigaci\u00f3n con confianza. \u00a1Haga su pedido ahora!","breadcrumb":{"@id":"https:\/\/legitgrams.com\/product\/penis-envy-mushrooms\/#breadcrumb"},"inLanguage":"es","potentialAction":[{"@type":"ReadAction","target":["https:\/\/legitgrams.com\/product\/penis-envy-mushrooms\/"]}]},{"@type":"ImageObject","inLanguage":"es","@id":"https:\/\/legitgrams.com\/product\/penis-envy-mushrooms\/#primaryimage","url":"https:\/\/legitgrams.com\/wp-content\/uploads\/2024\/09\/penis-envy-for-salepsilocybin-or-magic-mushrooms.jpg","contentUrl":"https:\/\/legitgrams.com\/wp-content\/uploads\/2024\/09\/penis-envy-for-salepsilocybin-or-magic-mushrooms.jpg","width":430,"height":430,"caption":"Penis Envy Mushrooms for Sale"},{"@type":"BreadcrumbList","@id":"https:\/\/legitgrams.com\/product\/penis-envy-mushrooms\/#breadcrumb","itemListElement":[{"@type":"ListItem","position":1,"name":"Home","item":"https:\/\/legitgrams.com\/"},{"@type":"ListItem","position":2,"name":"Shop","item":"https:\/\/legitgrams.com\/shop\/"},{"@type":"ListItem","position":3,"name":"Buy Penis Envy Mushrooms Online"}]},{"@type":"WebSite","@id":"https:\/\/legitgrams.com\/#website","url":"https:\/\/legitgrams.com\/","name":"Gramos leg\u00edtimos","description":"Mi blog de WordPress","publisher":{"@id":"https:\/\/legitgrams.com\/#organization"},"potentialAction":[{"@type":"SearchAction","target":{"@type":"EntryPoint","urlTemplate":"https:\/\/legitgrams.com\/?s={search_term_string}"},"query-input":{"@type":"PropertyValueSpecification","valueRequired":true,"valueName":"search_term_string"}}],"inLanguage":"es"},{"@type":"Organization","@id":"https:\/\/legitgrams.com\/#organization","name":"Gramos leg\u00edtimos","url":"https:\/\/legitgrams.com\/","logo":{"@type":"ImageObject","inLanguage":"es","@id":"https:\/\/legitgrams.com\/#\/schema\/logo\/image\/","url":"https:\/\/legitgrams.com\/wp-content\/uploads\/2024\/09\/main-logo.png","contentUrl":"https:\/\/legitgrams.com\/wp-content\/uploads\/2024\/09\/main-logo.png","width":270,"height":75,"caption":"Legit Grams"},"image":{"@id":"https:\/\/legitgrams.com\/#\/schema\/logo\/image\/"}}]}},"uagb_featured_image_src":{"full":["https:\/\/legitgrams.com\/wp-content\/uploads\/2024\/09\/penis-envy-for-salepsilocybin-or-magic-mushrooms.jpg",430,430,false],"thumbnail":["https:\/\/legitgrams.com\/wp-content\/uploads\/2024\/09\/penis-envy-for-salepsilocybin-or-magic-mushrooms-150x150.jpg",150,150,true],"medium":["https:\/\/legitgrams.com\/wp-content\/uploads\/2024\/09\/penis-envy-for-salepsilocybin-or-magic-mushrooms-300x300.jpg",300,300,true],"medium_large":["https:\/\/legitgrams.com\/wp-content\/uploads\/2024\/09\/penis-envy-for-salepsilocybin-or-magic-mushrooms.jpg",430,430,false],"large":["https:\/\/legitgrams.com\/wp-content\/uploads\/2024\/09\/penis-envy-for-salepsilocybin-or-magic-mushrooms.jpg",430,430,false],"1536x1536":["https:\/\/legitgrams.com\/wp-content\/uploads\/2024\/09\/penis-envy-for-salepsilocybin-or-magic-mushrooms.jpg",430,430,false],"2048x2048":["https:\/\/legitgrams.com\/wp-content\/uploads\/2024\/09\/penis-envy-for-salepsilocybin-or-magic-mushrooms.jpg",430,430,false],"trp-custom-language-flag":["https:\/\/legitgrams.com\/wp-content\/uploads\/2024\/09\/penis-envy-for-salepsilocybin-or-magic-mushrooms-12x12.jpg",12,12,true],"woocommerce_thumbnail":["https:\/\/legitgrams.com\/wp-content\/uploads\/2024\/09\/penis-envy-for-salepsilocybin-or-magic-mushrooms-300x300.jpg",300,300,true],"woocommerce_single":["https:\/\/legitgrams.com\/wp-content\/uploads\/2024\/09\/penis-envy-for-salepsilocybin-or-magic-mushrooms.jpg",430,430,false],"woocommerce_gallery_thumbnail":["https:\/\/legitgrams.com\/wp-content\/uploads\/2024\/09\/penis-envy-for-salepsilocybin-or-magic-mushrooms-100x100.jpg",100,100,true]},"uagb_author_info":{"display_name":"cokeblog18","author_link":"https:\/\/legitgrams.com\/es\/author\/"},"uagb_comment_info":0,"uagb_excerpt":"Purchase Penis Envy Mushrooms Online: Penis Envy Cubensis for Sale &#8220;What is the Penis Envy Cubensis? What&#8217;s with the weird name?&#8221; may be on your mind. The situation really is straightforward. There&#8217;s no getting around the fact that this hallucinogenic fungus resembles a penis. You may be surprised to learn that this mushroom has some&hellip;","_links":{"self":[{"href":"https:\/\/legitgrams.com\/es\/wp-json\/wp\/v2\/product\/3890","targetHints":{"allow":["GET"]}}],"collection":[{"href":"https:\/\/legitgrams.com\/es\/wp-json\/wp\/v2\/product"}],"about":[{"href":"https:\/\/legitgrams.com\/es\/wp-json\/wp\/v2\/types\/product"}],"replies":[{"embeddable":true,"href":"https:\/\/legitgrams.com\/es\/wp-json\/wp\/v2\/comments?post=3890"}],"wp:featuredmedia":[{"embeddable":true,"href":"https:\/\/legitgrams.com\/es\/wp-json\/wp\/v2\/media\/5241"}],"wp:attachment":[{"href":"https:\/\/legitgrams.com\/es\/wp-json\/wp\/v2\/media?parent=3890"}],"wp:term":[{"taxonomy":"product_brand","embeddable":true,"href":"https:\/\/legitgrams.com\/es\/wp-json\/wp\/v2\/product_brand?post=3890"},{"taxonomy":"product_cat","embeddable":true,"href":"https:\/\/legitgrams.com\/es\/wp-json\/wp\/v2\/product_cat?post=3890"},{"taxonomy":"product_tag","embeddable":true,"href":"https:\/\/legitgrams.com\/es\/wp-json\/wp\/v2\/product_tag?post=3890"}],"curies":[{"name":"wp","href":"https:\/\/api.w.org\/{rel}","templated":true}]}}