{"id":3892,"date":"2024-09-20T10:13:09","date_gmt":"2024-09-20T10:13:09","guid":{"rendered":"https:\/\/legitgrams.com\/?post_type=product&#038;p=3892"},"modified":"2025-01-13T09:15:46","modified_gmt":"2025-01-13T09:15:46","slug":"alprox-2mg-pastillas-xanax","status":"publish","type":"product","link":"https:\/\/legitgrams.com\/es\/producto\/alprox-2mg-pastillas-xanax\/","title":{"rendered":"Alprox 2mg pastillas (Xanax)"},"content":{"rendered":"<h2>Venta de comprimidos de Alprox 2 mg (Xanax)<\/h2>\n<p><a href=\"https:\/\/legitgrams.com\/es\/producto\/alprox-2mg-pastillas-xanax\/\">Alprox (Xanax)<\/a> Se utiliza para tratar la ansiedad y los trastornos de p\u00e1nico. Pertenece a la clase de medicamentos llamados benzodiazepinas, que tienen efectos sedantes sobre el sistema nervioso central, el cerebro y los nervios. Act\u00faa intensificando las acciones de algunas sustancias qu\u00edmicas end\u00f3genas (GABA). <a href=\"https:\/\/legitgrams.com\/es\/\">LegitGrams<\/a><\/p>\n<p>Compre en l\u00ednea para <a href=\"https:\/\/en.wikipedia.org\/wiki\/Alprazolam\">Alprox<\/a> Pastillas de 2 mg (Xanax): comprar Xanax, comprar pastillas de Alprox de 2 mg, comprar pastillas de Alprox de 2 mg, d\u00f3nde comprar pastillas de Alprox de 2 mg, d\u00f3nde comprar pastillas de Alprox de 2 mg a la venta, d\u00f3nde comprar pastillas de Alprox de 2 mg en l\u00ednea, d\u00f3nde comprar pastillas de Alprox de 2 mg a la venta en EE. UU., Canad\u00e1 y el Reino Unido, d\u00f3nde comprar en l\u00ednea, proveedores y entrega segura, las pastillas de Alprox de 2 mg todav\u00eda est\u00e1n en stock. \u00bfC\u00f3mo comprar pastillas de 2 mg de Alprox? \u00bfPuedo comprar pastillas de Alprox de 2 mg en l\u00ednea en EE. UU.? \u00bfSon legales las pastillas de Alprox de 2 mg en Canad\u00e1?<\/p>","protected":false},"excerpt":{"rendered":"<p>Sale of Alprox 2mg tablets (Xanax) Alprox (Xanax) is used to treat anxiety and panic disorders. It belongs to the class of drugs called benzodiazepines, which have sedative effects on the central nervous system, brain, and nerves. It works by intensifying some endogenous chemicals&#8217; actions (GABA). LegitGrams Shop online for Alprox 2 mg tablets (Xanax): &hellip;<\/p>\n<p class=\"read-more\"> <a class=\"\" href=\"https:\/\/legitgrams.com\/es\/producto\/alprox-2mg-pastillas-xanax\/\"> <span class=\"screen-reader-text\">Alprox 2mg pastillas (Xanax)<\/span> Leer m\u00e1s \"<\/a><\/p>","protected":false},"featured_media":5207,"comment_status":"open","ping_status":"closed","template":"","meta":{"_uag_custom_page_level_css":"","site-sidebar-layout":"default","site-content-layout":"default","ast-global-header-display":"","ast-main-header-display":"","ast-hfb-above-header-display":"","ast-hfb-below-header-display":"","ast-hfb-mobile-header-display":"","site-post-title":"","ast-breadcrumbs-content":"","ast-featured-img":"","footer-sml-layout":"","theme-transparent-header-meta":"default","adv-header-id-meta":"","stick-header-meta":"default","header-above-stick-meta":"","header-main-stick-meta":"","header-below-stick-meta":"","_joinchat":[]},"product_brand":[],"product_cat":[608,597],"product_tag":[4169,4173,4172,4180,4171,4181,4183,4190,4191,4189,4186,4188,4178,617,4170,4185,4182,4177,4175,4187,4184,625,4176,4179,4174],"class_list":{"0":"post-3892","1":"product","2":"type-product","3":"status-publish","4":"has-post-thumbnail","6":"product_cat-pain-pills","7":"product_cat-pain-sleeping-sex-pills","8":"product_tag-alprox-2mg-pills-xanax","9":"product_tag-alprox-2mg-pills-xanax-alprox-2mg-pills-xanax-supplier","10":"product_tag-alprox-2mg-pills-xanax-for-sale","11":"product_tag-alprox-2mg-pills-xanax-legally","12":"product_tag-alprox-2mg-pills-xanax-online","13":"product_tag-alprox-2mg-pills-xanax-price","14":"product_tag-alprox-2mg-pills-xanax-store","15":"product_tag-alprox-2mg-pills-xanax-use","16":"product_tag-alprox-2mg-pills-xanax-wiki","17":"product_tag-alprox-2mg-pills-xanax-worldwide","18":"product_tag-alprox-2mg-pills-xanaxs","19":"product_tag-best-cheap-price-alprox-2mg-pills-xanax","20":"product_tag-best-place-to-buy-alprox-2mg-pills-xanax","21":"product_tag-bulk-online","22":"product_tag-buy-alprox-2mg-pills-xanax","23":"product_tag-cheap-alprox-2mg-pills-xanax","24":"product_tag-high-quality-alprox-2mg-pills-xanax","25":"product_tag-how-to-buy-alprox-2mg-pills-xanax","26":"product_tag-order-alprox-2mg-pills-xanax","27":"product_tag-purcharse-alprox-2mg-pills-xanax","28":"product_tag-shop-alprox-2mg-pills-xanax","29":"product_tag-top-quality","30":"product_tag-where-to-buy-alprox-2mg-pills-xanax","31":"product_tag-where-to-order-alprox-2mg-pills-xanax","32":"product_tag-wholesale-alprox-2mg-pills-xanax","33":"desktop-align-left","34":"tablet-align-left","35":"mobile-align-left","36":"ast-product-gallery-layout-horizontal","37":"ast-product-gallery-with-no-image","38":"ast-product-single-variable","39":"ast-product-tabs-layout-horizontal","40":"ast-qv-on-image","42":"first","43":"instock","44":"shipping-taxable","45":"purchasable","46":"product-type-variable"},"yoast_head":"<!-- This site is optimized with the Yoast SEO plugin v25.9 - https:\/\/yoast.com\/wordpress\/plugins\/seo\/ -->\n<title>Alprox 2mg Pills for Sale - Buy Xanax 2mg Pills Online | LG<\/title>\n<meta name=\"description\" content=\"Alprox 2mg pills (xanax) for sale is now easily available at our online LegitGrams store. You can connect directly with our store and buy Alprox 2mg Pills online at the best prices. Order Now!\" \/>\n<meta name=\"robots\" content=\"index, follow, max-snippet:-1, max-image-preview:large, max-video-preview:-1\" \/>\n<link rel=\"canonical\" href=\"https:\/\/legitgrams.com\/es\/producto\/alprox-2mg-pastillas-xanax\/\" \/>\n<meta property=\"og:locale\" content=\"es_ES\" \/>\n<meta property=\"og:type\" content=\"article\" \/>\n<meta property=\"og:title\" content=\"Alprox 2mg Pills for Sale - Buy Xanax 2mg Pills Online | LG\" \/>\n<meta property=\"og:description\" content=\"Alprox 2mg pills (xanax) for sale is now easily available at our online LegitGrams store. You can connect directly with our store and buy Alprox 2mg Pills online at the best prices. Order Now!\" \/>\n<meta property=\"og:url\" content=\"https:\/\/legitgrams.com\/es\/producto\/alprox-2mg-pastillas-xanax\/\" \/>\n<meta property=\"og:site_name\" content=\"Legit Grams\" \/>\n<meta property=\"article:modified_time\" content=\"2025-01-13T09:15:46+00:00\" \/>\n<meta property=\"og:image\" content=\"https:\/\/legitgrams.com\/wp-content\/uploads\/2024\/09\/buy-alprox-2mg-pills-online.jpg\" \/>\n\t<meta property=\"og:image:width\" content=\"600\" \/>\n\t<meta property=\"og:image:height\" content=\"600\" \/>\n\t<meta property=\"og:image:type\" content=\"image\/jpeg\" \/>\n<meta name=\"twitter:card\" content=\"summary_large_image\" \/>\n<meta name=\"twitter:label1\" content=\"Tiempo de lectura\" \/>\n\t<meta name=\"twitter:data1\" content=\"1 minuto\" \/>\n<script type=\"application\/ld+json\" class=\"yoast-schema-graph\">{\"@context\":\"https:\/\/schema.org\",\"@graph\":[{\"@type\":\"WebPage\",\"@id\":\"https:\/\/legitgrams.com\/product\/alprox-2mg-pills-xanax\/\",\"url\":\"https:\/\/legitgrams.com\/product\/alprox-2mg-pills-xanax\/\",\"name\":\"Alprox 2mg Pills for Sale - Buy Xanax 2mg Pills Online | LG\",\"isPartOf\":{\"@id\":\"https:\/\/legitgrams.com\/#website\"},\"primaryImageOfPage\":{\"@id\":\"https:\/\/legitgrams.com\/product\/alprox-2mg-pills-xanax\/#primaryimage\"},\"image\":{\"@id\":\"https:\/\/legitgrams.com\/product\/alprox-2mg-pills-xanax\/#primaryimage\"},\"thumbnailUrl\":\"https:\/\/legitgrams.com\/wp-content\/uploads\/2024\/09\/buy-alprox-2mg-pills-online.jpg\",\"datePublished\":\"2024-09-20T10:13:09+00:00\",\"dateModified\":\"2025-01-13T09:15:46+00:00\",\"description\":\"Alprox 2mg pills (xanax) for sale is now easily available at our online LegitGrams store. You can connect directly with our store and buy Alprox 2mg Pills online at the best prices. Order Now!\",\"breadcrumb\":{\"@id\":\"https:\/\/legitgrams.com\/product\/alprox-2mg-pills-xanax\/#breadcrumb\"},\"inLanguage\":\"es\",\"potentialAction\":[{\"@type\":\"ReadAction\",\"target\":[\"https:\/\/legitgrams.com\/product\/alprox-2mg-pills-xanax\/\"]}]},{\"@type\":\"ImageObject\",\"inLanguage\":\"es\",\"@id\":\"https:\/\/legitgrams.com\/product\/alprox-2mg-pills-xanax\/#primaryimage\",\"url\":\"https:\/\/legitgrams.com\/wp-content\/uploads\/2024\/09\/buy-alprox-2mg-pills-online.jpg\",\"contentUrl\":\"https:\/\/legitgrams.com\/wp-content\/uploads\/2024\/09\/buy-alprox-2mg-pills-online.jpg\",\"width\":600,\"height\":600,\"caption\":\"Alprox 2mg pills (Xanax) for Sale\"},{\"@type\":\"BreadcrumbList\",\"@id\":\"https:\/\/legitgrams.com\/product\/alprox-2mg-pills-xanax\/#breadcrumb\",\"itemListElement\":[{\"@type\":\"ListItem\",\"position\":1,\"name\":\"Home\",\"item\":\"https:\/\/legitgrams.com\/\"},{\"@type\":\"ListItem\",\"position\":2,\"name\":\"Shop\",\"item\":\"https:\/\/legitgrams.com\/shop\/\"},{\"@type\":\"ListItem\",\"position\":3,\"name\":\"Alprox 2mg pills (Xanax)\"}]},{\"@type\":\"WebSite\",\"@id\":\"https:\/\/legitgrams.com\/#website\",\"url\":\"https:\/\/legitgrams.com\/\",\"name\":\"Legit Grams\",\"description\":\"My WordPress Blog\",\"publisher\":{\"@id\":\"https:\/\/legitgrams.com\/#organization\"},\"potentialAction\":[{\"@type\":\"SearchAction\",\"target\":{\"@type\":\"EntryPoint\",\"urlTemplate\":\"https:\/\/legitgrams.com\/?s={search_term_string}\"},\"query-input\":{\"@type\":\"PropertyValueSpecification\",\"valueRequired\":true,\"valueName\":\"search_term_string\"}}],\"inLanguage\":\"es\"},{\"@type\":\"Organization\",\"@id\":\"https:\/\/legitgrams.com\/#organization\",\"name\":\"Legit Grams\",\"url\":\"https:\/\/legitgrams.com\/\",\"logo\":{\"@type\":\"ImageObject\",\"inLanguage\":\"es\",\"@id\":\"https:\/\/legitgrams.com\/#\/schema\/logo\/image\/\",\"url\":\"https:\/\/legitgrams.com\/wp-content\/uploads\/2024\/09\/main-logo.png\",\"contentUrl\":\"https:\/\/legitgrams.com\/wp-content\/uploads\/2024\/09\/main-logo.png\",\"width\":270,\"height\":75,\"caption\":\"Legit Grams\"},\"image\":{\"@id\":\"https:\/\/legitgrams.com\/#\/schema\/logo\/image\/\"}}]}<\/script>\n<!-- \/ Yoast SEO plugin. -->","yoast_head_json":{"title":"Alprox 2mg Pills for Sale - Buy Xanax 2mg Pills Online | LG","description":"Alprox 2mg p\u00edldoras (xanax) para la venta es ahora f\u00e1cilmente disponible en nuestra tienda en l\u00ednea LegitGrams. Puede conectarse directamente con nuestra tienda y comprar Alprox 2mg Pills online a los mejores precios. \u00a1Haga su pedido ahora!","robots":{"index":"index","follow":"follow","max-snippet":"max-snippet:-1","max-image-preview":"max-image-preview:large","max-video-preview":"max-video-preview:-1"},"canonical":"https:\/\/legitgrams.com\/es\/producto\/alprox-2mg-pastillas-xanax\/","og_locale":"es_ES","og_type":"article","og_title":"Alprox 2mg Pills for Sale - Buy Xanax 2mg Pills Online | LG","og_description":"Alprox 2mg pills (xanax) for sale is now easily available at our online LegitGrams store. You can connect directly with our store and buy Alprox 2mg Pills online at the best prices. Order Now!","og_url":"https:\/\/legitgrams.com\/es\/producto\/alprox-2mg-pastillas-xanax\/","og_site_name":"Legit Grams","article_modified_time":"2025-01-13T09:15:46+00:00","og_image":[{"width":600,"height":600,"url":"https:\/\/legitgrams.com\/wp-content\/uploads\/2024\/09\/buy-alprox-2mg-pills-online.jpg","type":"image\/jpeg"}],"twitter_card":"summary_large_image","twitter_misc":{"Tiempo de lectura":"1 minuto"},"schema":{"@context":"https:\/\/schema.org","@graph":[{"@type":"WebPage","@id":"https:\/\/legitgrams.com\/product\/alprox-2mg-pills-xanax\/","url":"https:\/\/legitgrams.com\/product\/alprox-2mg-pills-xanax\/","name":"Alprox 2mg Pills for Sale - Buy Xanax 2mg Pills Online | LG","isPartOf":{"@id":"https:\/\/legitgrams.com\/#website"},"primaryImageOfPage":{"@id":"https:\/\/legitgrams.com\/product\/alprox-2mg-pills-xanax\/#primaryimage"},"image":{"@id":"https:\/\/legitgrams.com\/product\/alprox-2mg-pills-xanax\/#primaryimage"},"thumbnailUrl":"https:\/\/legitgrams.com\/wp-content\/uploads\/2024\/09\/buy-alprox-2mg-pills-online.jpg","datePublished":"2024-09-20T10:13:09+00:00","dateModified":"2025-01-13T09:15:46+00:00","description":"Alprox 2mg p\u00edldoras (xanax) para la venta es ahora f\u00e1cilmente disponible en nuestra tienda en l\u00ednea LegitGrams. Puede conectarse directamente con nuestra tienda y comprar Alprox 2mg Pills online a los mejores precios. \u00a1Haga su pedido ahora!","breadcrumb":{"@id":"https:\/\/legitgrams.com\/product\/alprox-2mg-pills-xanax\/#breadcrumb"},"inLanguage":"es","potentialAction":[{"@type":"ReadAction","target":["https:\/\/legitgrams.com\/product\/alprox-2mg-pills-xanax\/"]}]},{"@type":"ImageObject","inLanguage":"es","@id":"https:\/\/legitgrams.com\/product\/alprox-2mg-pills-xanax\/#primaryimage","url":"https:\/\/legitgrams.com\/wp-content\/uploads\/2024\/09\/buy-alprox-2mg-pills-online.jpg","contentUrl":"https:\/\/legitgrams.com\/wp-content\/uploads\/2024\/09\/buy-alprox-2mg-pills-online.jpg","width":600,"height":600,"caption":"Alprox 2mg pills (Xanax) for Sale"},{"@type":"BreadcrumbList","@id":"https:\/\/legitgrams.com\/product\/alprox-2mg-pills-xanax\/#breadcrumb","itemListElement":[{"@type":"ListItem","position":1,"name":"Home","item":"https:\/\/legitgrams.com\/"},{"@type":"ListItem","position":2,"name":"Shop","item":"https:\/\/legitgrams.com\/shop\/"},{"@type":"ListItem","position":3,"name":"Alprox 2mg pills (Xanax)"}]},{"@type":"WebSite","@id":"https:\/\/legitgrams.com\/#website","url":"https:\/\/legitgrams.com\/","name":"Gramos leg\u00edtimos","description":"Mi blog de WordPress","publisher":{"@id":"https:\/\/legitgrams.com\/#organization"},"potentialAction":[{"@type":"SearchAction","target":{"@type":"EntryPoint","urlTemplate":"https:\/\/legitgrams.com\/?s={search_term_string}"},"query-input":{"@type":"PropertyValueSpecification","valueRequired":true,"valueName":"search_term_string"}}],"inLanguage":"es"},{"@type":"Organization","@id":"https:\/\/legitgrams.com\/#organization","name":"Gramos leg\u00edtimos","url":"https:\/\/legitgrams.com\/","logo":{"@type":"ImageObject","inLanguage":"es","@id":"https:\/\/legitgrams.com\/#\/schema\/logo\/image\/","url":"https:\/\/legitgrams.com\/wp-content\/uploads\/2024\/09\/main-logo.png","contentUrl":"https:\/\/legitgrams.com\/wp-content\/uploads\/2024\/09\/main-logo.png","width":270,"height":75,"caption":"Legit Grams"},"image":{"@id":"https:\/\/legitgrams.com\/#\/schema\/logo\/image\/"}}]}},"uagb_featured_image_src":{"full":["https:\/\/legitgrams.com\/wp-content\/uploads\/2024\/09\/buy-alprox-2mg-pills-online.jpg",600,600,false],"thumbnail":["https:\/\/legitgrams.com\/wp-content\/uploads\/2024\/09\/buy-alprox-2mg-pills-online-150x150.jpg",150,150,true],"medium":["https:\/\/legitgrams.com\/wp-content\/uploads\/2024\/09\/buy-alprox-2mg-pills-online-300x300.jpg",300,300,true],"medium_large":["https:\/\/legitgrams.com\/wp-content\/uploads\/2024\/09\/buy-alprox-2mg-pills-online.jpg",600,600,false],"large":["https:\/\/legitgrams.com\/wp-content\/uploads\/2024\/09\/buy-alprox-2mg-pills-online.jpg",600,600,false],"1536x1536":["https:\/\/legitgrams.com\/wp-content\/uploads\/2024\/09\/buy-alprox-2mg-pills-online.jpg",600,600,false],"2048x2048":["https:\/\/legitgrams.com\/wp-content\/uploads\/2024\/09\/buy-alprox-2mg-pills-online.jpg",600,600,false],"trp-custom-language-flag":["https:\/\/legitgrams.com\/wp-content\/uploads\/2024\/09\/buy-alprox-2mg-pills-online-12x12.jpg",12,12,true],"woocommerce_thumbnail":["https:\/\/legitgrams.com\/wp-content\/uploads\/2024\/09\/buy-alprox-2mg-pills-online-300x300.jpg",300,300,true],"woocommerce_single":["https:\/\/legitgrams.com\/wp-content\/uploads\/2024\/09\/buy-alprox-2mg-pills-online.jpg",600,600,false],"woocommerce_gallery_thumbnail":["https:\/\/legitgrams.com\/wp-content\/uploads\/2024\/09\/buy-alprox-2mg-pills-online-100x100.jpg",100,100,true]},"uagb_author_info":{"display_name":"cokeblog18","author_link":"https:\/\/legitgrams.com\/es\/author\/"},"uagb_comment_info":0,"uagb_excerpt":"Sale of Alprox 2mg tablets (Xanax) Alprox (Xanax) is used to treat anxiety and panic disorders. It belongs to the class of drugs called benzodiazepines, which have sedative effects on the central nervous system, brain, and nerves. It works by intensifying some endogenous chemicals&#8217; actions (GABA). LegitGrams Shop online for Alprox 2 mg tablets (Xanax):&hellip;","_links":{"self":[{"href":"https:\/\/legitgrams.com\/es\/wp-json\/wp\/v2\/product\/3892","targetHints":{"allow":["GET"]}}],"collection":[{"href":"https:\/\/legitgrams.com\/es\/wp-json\/wp\/v2\/product"}],"about":[{"href":"https:\/\/legitgrams.com\/es\/wp-json\/wp\/v2\/types\/product"}],"replies":[{"embeddable":true,"href":"https:\/\/legitgrams.com\/es\/wp-json\/wp\/v2\/comments?post=3892"}],"wp:featuredmedia":[{"embeddable":true,"href":"https:\/\/legitgrams.com\/es\/wp-json\/wp\/v2\/media\/5207"}],"wp:attachment":[{"href":"https:\/\/legitgrams.com\/es\/wp-json\/wp\/v2\/media?parent=3892"}],"wp:term":[{"taxonomy":"product_brand","embeddable":true,"href":"https:\/\/legitgrams.com\/es\/wp-json\/wp\/v2\/product_brand?post=3892"},{"taxonomy":"product_cat","embeddable":true,"href":"https:\/\/legitgrams.com\/es\/wp-json\/wp\/v2\/product_cat?post=3892"},{"taxonomy":"product_tag","embeddable":true,"href":"https:\/\/legitgrams.com\/es\/wp-json\/wp\/v2\/product_tag?post=3892"}],"curies":[{"name":"wp","href":"https:\/\/api.w.org\/{rel}","templated":true}]}}