{"id":3898,"date":"2024-09-20T10:27:39","date_gmt":"2024-09-20T10:27:39","guid":{"rendered":"https:\/\/legitgrams.com\/?post_type=product&#038;p=3898"},"modified":"2025-01-14T10:48:15","modified_gmt":"2025-01-14T10:48:15","slug":"psilocybe-semilanceata","status":"publish","type":"product","link":"https:\/\/legitgrams.com\/es\/producto\/psilocybe-semilanceata\/","title":{"rendered":"Psilocybe Semilanceata"},"content":{"rendered":"<h2>Comprar Psilocybe Semilanceata en l\u00ednea<\/h2>\n<h3>Venta de setas m\u00e1gicas: Psilocybe semilanceata.<\/h3>\n<p>Los lugares m\u00e1s habituales para <a href=\"https:\/\/legitgrams.com\/es\/producto\/psilocybe-semilanceata\/\">Psilocybe semilanceata<\/a> se encuentran en Inglaterra e Irlanda. Los t\u00e9rminos \"semi\" y \"lanceata\", que implican \"mitad\" y \"en forma de lanza\", respectivamente, son las etimolog\u00edas de la palabra. Como las setas se parecen a lanzas, el nombre encaja bastante bien con la especie.<\/p>\n<p>El renombrado mic\u00f3logo sueco Elias Magnus Fries fue el primero en registrar la existencia de esta especie. <a href=\"https:\/\/en.wikipedia.org\/wiki\/Psilocybe_semilanceata\">psilocybe<\/a> especies hacia 1838. Un mic\u00f3logo es una persona que investiga los hongos y las setas.<\/p>\n<h3>\u00bfC\u00f3mo reconocer\u00edas a este hechicero curandero?<\/h3>\n<p>En estado bruto, la corona de color crema tiene un di\u00e1metro de 0,5 a 2 cm. Adem\u00e1s, presentan un pez\u00f3n muy notable en la parte superior. Las agallas, que son de color gris oliva y se vuelven negro p\u00farpura cuando las esporas se magullan o se desarrollan, son la siguiente caracter\u00edstica notable. Si decide buscarlas, h\u00e1galo en oto\u00f1o, de septiembre a diciembre. Tambi\u00e9n puede comprarlas a un vendedor de confianza, como nuestro mercado. <a href=\"https:\/\/legitgrams.com\/es\/\">LegitGrams<\/a><\/p>\n<p>Las Liberty Caps son las \u00fanicas setas que contienen psilocibina en los Pa\u00edses Bajos, lo que constituye otra informaci\u00f3n interesante.<\/p>\n<p>La mejor forma de describir los efectos es como bastante agradables. No importa si tomas una dosis recreativa o una microdosis; los niveles de amabilidad variar\u00e1n. M\u00e1s conversaci\u00f3n, deleite y risa incontrolable son indicativos de una dosis mayor. Una dosis reducida equivale a un pensamiento m\u00e1s feliz, m\u00e1s social y m\u00e1s claro. Ideal para diversas situaciones.<\/p>\n<h3>Distribuidor en l\u00ednea de psilocybe semilanceata en EE.UU.<\/h3>\n<p>Conocida por la mayor\u00eda de la gente en Norteam\u00e9rica como \"Liberty Cap\", es m\u00e1s frecuente encontrarla en Europa. En toda Europa se la conoce como \"LA seta m\u00e1gica\".<\/p>","protected":false},"excerpt":{"rendered":"<p>Purchase Psilocybe Semilanceata Online Magic mushrooms for sale: Psilocybe semilanceata. The most common locations for Psilocybe semilanceata are in England and Ireland. The terms &#8220;semi&#8221; and &#8220;lanceata,&#8221; which imply &#8220;half&#8221; and &#8220;spear-shaped,&#8221; respectively, are the etymologies of the word. Since the mushrooms resemble spears, the name fits the species quite well. The renowned Swedish mycologist &hellip;<\/p>\n<p class=\"read-more\"> <a class=\"\" href=\"https:\/\/legitgrams.com\/es\/producto\/psilocybe-semilanceata\/\"> <span class=\"screen-reader-text\">Psilocybe Semilanceata<\/span> Leer m\u00e1s \"<\/a><\/p>","protected":false},"featured_media":5247,"comment_status":"open","ping_status":"closed","template":"","meta":{"_uag_custom_page_level_css":"","site-sidebar-layout":"default","site-content-layout":"default","ast-global-header-display":"","ast-main-header-display":"","ast-hfb-above-header-display":"","ast-hfb-below-header-display":"","ast-hfb-mobile-header-display":"","site-post-title":"","ast-breadcrumbs-content":"","ast-featured-img":"","footer-sml-layout":"","theme-transparent-header-meta":"default","adv-header-id-meta":"","stick-header-meta":"default","header-above-stick-meta":"","header-main-stick-meta":"","header-below-stick-meta":"","_joinchat":[]},"product_brand":[],"product_cat":[599],"product_tag":[4096,4086,617,4078,4093,4090,4085,4083,4077,4080,4088,4079,4089,4081,4091,4098,4099,4097,4094,4095,4092,625,4084,4087,4082],"class_list":{"0":"post-3898","1":"product","2":"type-product","3":"status-publish","4":"has-post-thumbnail","6":"product_cat-psilocybin-or-magic-mushrooms","7":"product_tag-best-cheap-price-psilocybe-semilanceata","8":"product_tag-best-place-to-buy-psilocybe-semilanceata","9":"product_tag-bulk-online","10":"product_tag-buy-psilocybe-semilanceata","11":"product_tag-cheap-psilocybe-semilanceata","12":"product_tag-high-quality-psilocybe-semilanceata","13":"product_tag-how-to-buy-psilocybe-semilanceata","14":"product_tag-order-psilocybe-semilanceata","15":"product_tag-psilocybe-semilanceata","16":"product_tag-psilocybe-semilanceata-for-sale","17":"product_tag-psilocybe-semilanceata-legally","18":"product_tag-psilocybe-semilanceata-online","19":"product_tag-psilocybe-semilanceata-price","20":"product_tag-psilocybe-semilanceata-psilocybe-semilanceata-supplier","21":"product_tag-psilocybe-semilanceata-store","22":"product_tag-psilocybe-semilanceata-use","23":"product_tag-psilocybe-semilanceata-wiki","24":"product_tag-psilocybe-semilanceata-worldwide","25":"product_tag-psilocybe-semilanceatas","26":"product_tag-purcharse-psilocybe-semilanceata","27":"product_tag-shop-psilocybe-semilanceata","28":"product_tag-top-quality","29":"product_tag-where-to-buy-psilocybe-semilanceata","30":"product_tag-where-to-order-psilocybe-semilanceata","31":"product_tag-wholesale-psilocybe-semilanceata","32":"desktop-align-left","33":"tablet-align-left","34":"mobile-align-left","35":"ast-product-gallery-layout-horizontal","36":"ast-product-gallery-with-no-image","37":"ast-product-single-variable","38":"ast-product-tabs-layout-horizontal","39":"ast-qv-on-image","41":"first","42":"instock","43":"shipping-taxable","44":"purchasable","45":"product-type-variable"},"yoast_head":"<!-- This site is optimized with the Yoast SEO plugin v25.9 - https:\/\/yoast.com\/wordpress\/plugins\/seo\/ -->\n<title>Psilocybe Semilanceata for Sale - Buy Psilocybe Semilanceata<\/title>\n<meta name=\"description\" content=\"Explore our online store for psilocybe semilanceata for sale, offering high-quality psilocybe semilanceata. Buy psilocybe semilanceata online securely and embark on your research journey with confidence.\" \/>\n<meta name=\"robots\" content=\"index, follow, max-snippet:-1, max-image-preview:large, max-video-preview:-1\" \/>\n<link rel=\"canonical\" href=\"https:\/\/legitgrams.com\/es\/producto\/psilocybe-semilanceata\/\" \/>\n<meta property=\"og:locale\" content=\"es_ES\" \/>\n<meta property=\"og:type\" content=\"article\" \/>\n<meta property=\"og:title\" content=\"Psilocybe Semilanceata for Sale - Buy Psilocybe Semilanceata\" \/>\n<meta property=\"og:description\" content=\"Explore our online store for psilocybe semilanceata for sale, offering high-quality psilocybe semilanceata. Buy psilocybe semilanceata online securely and embark on your research journey with confidence.\" \/>\n<meta property=\"og:url\" content=\"https:\/\/legitgrams.com\/es\/producto\/psilocybe-semilanceata\/\" \/>\n<meta property=\"og:site_name\" content=\"Legit Grams\" \/>\n<meta property=\"article:modified_time\" content=\"2025-01-14T10:48:15+00:00\" \/>\n<meta property=\"og:image\" content=\"https:\/\/legitgrams.com\/wp-content\/uploads\/2024\/09\/psilocybe-semilanceatahome.jpg\" \/>\n\t<meta property=\"og:image:width\" content=\"430\" \/>\n\t<meta property=\"og:image:height\" content=\"430\" \/>\n\t<meta property=\"og:image:type\" content=\"image\/jpeg\" \/>\n<meta name=\"twitter:card\" content=\"summary_large_image\" \/>\n<meta name=\"twitter:label1\" content=\"Tiempo de lectura\" \/>\n\t<meta name=\"twitter:data1\" content=\"2 minutos\" \/>\n<script type=\"application\/ld+json\" class=\"yoast-schema-graph\">{\"@context\":\"https:\/\/schema.org\",\"@graph\":[{\"@type\":\"WebPage\",\"@id\":\"https:\/\/legitgrams.com\/product\/psilocybe-semilanceata\/\",\"url\":\"https:\/\/legitgrams.com\/product\/psilocybe-semilanceata\/\",\"name\":\"Psilocybe Semilanceata for Sale - Buy Psilocybe Semilanceata\",\"isPartOf\":{\"@id\":\"https:\/\/legitgrams.com\/#website\"},\"primaryImageOfPage\":{\"@id\":\"https:\/\/legitgrams.com\/product\/psilocybe-semilanceata\/#primaryimage\"},\"image\":{\"@id\":\"https:\/\/legitgrams.com\/product\/psilocybe-semilanceata\/#primaryimage\"},\"thumbnailUrl\":\"https:\/\/legitgrams.com\/wp-content\/uploads\/2024\/09\/psilocybe-semilanceatahome.jpg\",\"datePublished\":\"2024-09-20T10:27:39+00:00\",\"dateModified\":\"2025-01-14T10:48:15+00:00\",\"description\":\"Explore our online store for psilocybe semilanceata for sale, offering high-quality psilocybe semilanceata. Buy psilocybe semilanceata online securely and embark on your research journey with confidence.\",\"breadcrumb\":{\"@id\":\"https:\/\/legitgrams.com\/product\/psilocybe-semilanceata\/#breadcrumb\"},\"inLanguage\":\"es\",\"potentialAction\":[{\"@type\":\"ReadAction\",\"target\":[\"https:\/\/legitgrams.com\/product\/psilocybe-semilanceata\/\"]}]},{\"@type\":\"ImageObject\",\"inLanguage\":\"es\",\"@id\":\"https:\/\/legitgrams.com\/product\/psilocybe-semilanceata\/#primaryimage\",\"url\":\"https:\/\/legitgrams.com\/wp-content\/uploads\/2024\/09\/psilocybe-semilanceatahome.jpg\",\"contentUrl\":\"https:\/\/legitgrams.com\/wp-content\/uploads\/2024\/09\/psilocybe-semilanceatahome.jpg\",\"width\":430,\"height\":430,\"caption\":\"Psilocybe Semilanceata for Sale\"},{\"@type\":\"BreadcrumbList\",\"@id\":\"https:\/\/legitgrams.com\/product\/psilocybe-semilanceata\/#breadcrumb\",\"itemListElement\":[{\"@type\":\"ListItem\",\"position\":1,\"name\":\"Home\",\"item\":\"https:\/\/legitgrams.com\/\"},{\"@type\":\"ListItem\",\"position\":2,\"name\":\"Shop\",\"item\":\"https:\/\/legitgrams.com\/shop\/\"},{\"@type\":\"ListItem\",\"position\":3,\"name\":\"Psilocybe Semilanceata\"}]},{\"@type\":\"WebSite\",\"@id\":\"https:\/\/legitgrams.com\/#website\",\"url\":\"https:\/\/legitgrams.com\/\",\"name\":\"Legit Grams\",\"description\":\"My WordPress Blog\",\"publisher\":{\"@id\":\"https:\/\/legitgrams.com\/#organization\"},\"potentialAction\":[{\"@type\":\"SearchAction\",\"target\":{\"@type\":\"EntryPoint\",\"urlTemplate\":\"https:\/\/legitgrams.com\/?s={search_term_string}\"},\"query-input\":{\"@type\":\"PropertyValueSpecification\",\"valueRequired\":true,\"valueName\":\"search_term_string\"}}],\"inLanguage\":\"es\"},{\"@type\":\"Organization\",\"@id\":\"https:\/\/legitgrams.com\/#organization\",\"name\":\"Legit Grams\",\"url\":\"https:\/\/legitgrams.com\/\",\"logo\":{\"@type\":\"ImageObject\",\"inLanguage\":\"es\",\"@id\":\"https:\/\/legitgrams.com\/#\/schema\/logo\/image\/\",\"url\":\"https:\/\/legitgrams.com\/wp-content\/uploads\/2024\/09\/main-logo.png\",\"contentUrl\":\"https:\/\/legitgrams.com\/wp-content\/uploads\/2024\/09\/main-logo.png\",\"width\":270,\"height\":75,\"caption\":\"Legit Grams\"},\"image\":{\"@id\":\"https:\/\/legitgrams.com\/#\/schema\/logo\/image\/\"}}]}<\/script>\n<!-- \/ Yoast SEO plugin. -->","yoast_head_json":{"title":"Psilocybe Semilanceata en venta - Comprar Psilocybe Semilanceata","description":"Explore nuestra tienda en l\u00ednea de psilocybe semilanceata en venta, que ofrece psilocybe semilanceata de alta calidad. Compre psilocybe semilanceata en l\u00ednea de forma segura y emprenda su viaje de investigaci\u00f3n con confianza.","robots":{"index":"index","follow":"follow","max-snippet":"max-snippet:-1","max-image-preview":"max-image-preview:large","max-video-preview":"max-video-preview:-1"},"canonical":"https:\/\/legitgrams.com\/es\/producto\/psilocybe-semilanceata\/","og_locale":"es_ES","og_type":"article","og_title":"Psilocybe Semilanceata for Sale - Buy Psilocybe Semilanceata","og_description":"Explore our online store for psilocybe semilanceata for sale, offering high-quality psilocybe semilanceata. Buy psilocybe semilanceata online securely and embark on your research journey with confidence.","og_url":"https:\/\/legitgrams.com\/es\/producto\/psilocybe-semilanceata\/","og_site_name":"Legit Grams","article_modified_time":"2025-01-14T10:48:15+00:00","og_image":[{"width":430,"height":430,"url":"https:\/\/legitgrams.com\/wp-content\/uploads\/2024\/09\/psilocybe-semilanceatahome.jpg","type":"image\/jpeg"}],"twitter_card":"summary_large_image","twitter_misc":{"Tiempo de lectura":"2 minutos"},"schema":{"@context":"https:\/\/schema.org","@graph":[{"@type":"WebPage","@id":"https:\/\/legitgrams.com\/product\/psilocybe-semilanceata\/","url":"https:\/\/legitgrams.com\/product\/psilocybe-semilanceata\/","name":"Psilocybe Semilanceata en venta - Comprar Psilocybe Semilanceata","isPartOf":{"@id":"https:\/\/legitgrams.com\/#website"},"primaryImageOfPage":{"@id":"https:\/\/legitgrams.com\/product\/psilocybe-semilanceata\/#primaryimage"},"image":{"@id":"https:\/\/legitgrams.com\/product\/psilocybe-semilanceata\/#primaryimage"},"thumbnailUrl":"https:\/\/legitgrams.com\/wp-content\/uploads\/2024\/09\/psilocybe-semilanceatahome.jpg","datePublished":"2024-09-20T10:27:39+00:00","dateModified":"2025-01-14T10:48:15+00:00","description":"Explore nuestra tienda en l\u00ednea de psilocybe semilanceata en venta, que ofrece psilocybe semilanceata de alta calidad. Compre psilocybe semilanceata en l\u00ednea de forma segura y emprenda su viaje de investigaci\u00f3n con confianza.","breadcrumb":{"@id":"https:\/\/legitgrams.com\/product\/psilocybe-semilanceata\/#breadcrumb"},"inLanguage":"es","potentialAction":[{"@type":"ReadAction","target":["https:\/\/legitgrams.com\/product\/psilocybe-semilanceata\/"]}]},{"@type":"ImageObject","inLanguage":"es","@id":"https:\/\/legitgrams.com\/product\/psilocybe-semilanceata\/#primaryimage","url":"https:\/\/legitgrams.com\/wp-content\/uploads\/2024\/09\/psilocybe-semilanceatahome.jpg","contentUrl":"https:\/\/legitgrams.com\/wp-content\/uploads\/2024\/09\/psilocybe-semilanceatahome.jpg","width":430,"height":430,"caption":"Psilocybe Semilanceata for Sale"},{"@type":"BreadcrumbList","@id":"https:\/\/legitgrams.com\/product\/psilocybe-semilanceata\/#breadcrumb","itemListElement":[{"@type":"ListItem","position":1,"name":"Home","item":"https:\/\/legitgrams.com\/"},{"@type":"ListItem","position":2,"name":"Shop","item":"https:\/\/legitgrams.com\/shop\/"},{"@type":"ListItem","position":3,"name":"Psilocybe Semilanceata"}]},{"@type":"WebSite","@id":"https:\/\/legitgrams.com\/#website","url":"https:\/\/legitgrams.com\/","name":"Gramos leg\u00edtimos","description":"Mi blog de WordPress","publisher":{"@id":"https:\/\/legitgrams.com\/#organization"},"potentialAction":[{"@type":"SearchAction","target":{"@type":"EntryPoint","urlTemplate":"https:\/\/legitgrams.com\/?s={search_term_string}"},"query-input":{"@type":"PropertyValueSpecification","valueRequired":true,"valueName":"search_term_string"}}],"inLanguage":"es"},{"@type":"Organization","@id":"https:\/\/legitgrams.com\/#organization","name":"Gramos leg\u00edtimos","url":"https:\/\/legitgrams.com\/","logo":{"@type":"ImageObject","inLanguage":"es","@id":"https:\/\/legitgrams.com\/#\/schema\/logo\/image\/","url":"https:\/\/legitgrams.com\/wp-content\/uploads\/2024\/09\/main-logo.png","contentUrl":"https:\/\/legitgrams.com\/wp-content\/uploads\/2024\/09\/main-logo.png","width":270,"height":75,"caption":"Legit Grams"},"image":{"@id":"https:\/\/legitgrams.com\/#\/schema\/logo\/image\/"}}]}},"uagb_featured_image_src":{"full":["https:\/\/legitgrams.com\/wp-content\/uploads\/2024\/09\/psilocybe-semilanceatahome.jpg",430,430,false],"thumbnail":["https:\/\/legitgrams.com\/wp-content\/uploads\/2024\/09\/psilocybe-semilanceatahome-150x150.jpg",150,150,true],"medium":["https:\/\/legitgrams.com\/wp-content\/uploads\/2024\/09\/psilocybe-semilanceatahome-300x300.jpg",300,300,true],"medium_large":["https:\/\/legitgrams.com\/wp-content\/uploads\/2024\/09\/psilocybe-semilanceatahome.jpg",430,430,false],"large":["https:\/\/legitgrams.com\/wp-content\/uploads\/2024\/09\/psilocybe-semilanceatahome.jpg",430,430,false],"1536x1536":["https:\/\/legitgrams.com\/wp-content\/uploads\/2024\/09\/psilocybe-semilanceatahome.jpg",430,430,false],"2048x2048":["https:\/\/legitgrams.com\/wp-content\/uploads\/2024\/09\/psilocybe-semilanceatahome.jpg",430,430,false],"trp-custom-language-flag":["https:\/\/legitgrams.com\/wp-content\/uploads\/2024\/09\/psilocybe-semilanceatahome-12x12.jpg",12,12,true],"woocommerce_thumbnail":["https:\/\/legitgrams.com\/wp-content\/uploads\/2024\/09\/psilocybe-semilanceatahome-300x300.jpg",300,300,true],"woocommerce_single":["https:\/\/legitgrams.com\/wp-content\/uploads\/2024\/09\/psilocybe-semilanceatahome.jpg",430,430,false],"woocommerce_gallery_thumbnail":["https:\/\/legitgrams.com\/wp-content\/uploads\/2024\/09\/psilocybe-semilanceatahome-100x100.jpg",100,100,true]},"uagb_author_info":{"display_name":"cokeblog18","author_link":"https:\/\/legitgrams.com\/es\/author\/"},"uagb_comment_info":0,"uagb_excerpt":"Purchase Psilocybe Semilanceata Online Magic mushrooms for sale: Psilocybe semilanceata. The most common locations for Psilocybe semilanceata are in England and Ireland. The terms &#8220;semi&#8221; and &#8220;lanceata,&#8221; which imply &#8220;half&#8221; and &#8220;spear-shaped,&#8221; respectively, are the etymologies of the word. Since the mushrooms resemble spears, the name fits the species quite well. The renowned Swedish mycologist&hellip;","_links":{"self":[{"href":"https:\/\/legitgrams.com\/es\/wp-json\/wp\/v2\/product\/3898","targetHints":{"allow":["GET"]}}],"collection":[{"href":"https:\/\/legitgrams.com\/es\/wp-json\/wp\/v2\/product"}],"about":[{"href":"https:\/\/legitgrams.com\/es\/wp-json\/wp\/v2\/types\/product"}],"replies":[{"embeddable":true,"href":"https:\/\/legitgrams.com\/es\/wp-json\/wp\/v2\/comments?post=3898"}],"wp:featuredmedia":[{"embeddable":true,"href":"https:\/\/legitgrams.com\/es\/wp-json\/wp\/v2\/media\/5247"}],"wp:attachment":[{"href":"https:\/\/legitgrams.com\/es\/wp-json\/wp\/v2\/media?parent=3898"}],"wp:term":[{"taxonomy":"product_brand","embeddable":true,"href":"https:\/\/legitgrams.com\/es\/wp-json\/wp\/v2\/product_brand?post=3898"},{"taxonomy":"product_cat","embeddable":true,"href":"https:\/\/legitgrams.com\/es\/wp-json\/wp\/v2\/product_cat?post=3898"},{"taxonomy":"product_tag","embeddable":true,"href":"https:\/\/legitgrams.com\/es\/wp-json\/wp\/v2\/product_tag?post=3898"}],"curies":[{"name":"wp","href":"https:\/\/api.w.org\/{rel}","templated":true}]}}