{"id":3899,"date":"2024-09-20T10:32:24","date_gmt":"2024-09-20T10:32:24","guid":{"rendered":"https:\/\/legitgrams.com\/?post_type=product&#038;p=3899"},"modified":"2025-01-14T10:48:07","modified_gmt":"2025-01-14T10:48:07","slug":"psilocybe-mexicana","status":"publish","type":"product","link":"https:\/\/legitgrams.com\/es\/producto\/psilocybe-mexicana\/","title":{"rendered":"Psilocybe Mexicana"},"content":{"rendered":"<h2>Comprar psilocybe mexicana en l\u00ednea.<\/h2>\n<p>La Psilocybe Mexicana es una de las variedades de trufas m\u00e1gicas m\u00e1s populares y conocidas. Los ind\u00edgenas de Sudam\u00e9rica llevan utilizando la Psilocybe Mexicana con fines espirituales desde hace miles de a\u00f1os. Tendr\u00e1s un viaje agradable y entretenido que no olvidar\u00e1s f\u00e1cilmente. Es la especie perfecta para principiantes porque no es especialmente fuerte.<\/p>\n<p>El mic\u00f3logo estadounidense Robert Watson descubri\u00f3 la <a href=\"https:\/\/legitgrams.com\/es\/producto\/psilocybe-mexicana\/\">Psilocybe Mexicana<\/a> en 1958. En otras palabras, fue en ese momento cuando los occidentales empezaron a experimentar con ella. Debido a los potentes efectos de este hongo, que los mayas, aztecas y otros grupos de poblaci\u00f3n de Am\u00e9rica Central y del Sur han utilizado durante miles de a\u00f1os, lo han apodado \"carne de los dioses\".<\/p>\n<p>Se han realizado numerosas investigaciones sobre la <a href=\"https:\/\/en.wikipedia.org\/wiki\/Psilocybe_mexicana\">Psilocybe Mexicana<\/a> planta. Tras el uso de la Psilocybe Mexicana, el psic\u00f3logo Timothy Leary, especializado en sustancias psicod\u00e9licas, dijo: \"En cuatro horas aprend\u00ed m\u00e1s sobre la mente, el cerebro y sus estructuras que en los 15 a\u00f1os anteriores como diligente psic\u00f3logo.\" Es una frase preciosa.<\/p>\n<p>Estoy seguro de que utilizando estas trufas conseguir\u00e1 algo muy exclusivo para usted tambi\u00e9n. Aunque es la especie m\u00e1s suave de nuestra colecci\u00f3n, no la infravalores. Una percepci\u00f3n m\u00e1s aguda, un coraz\u00f3n alegre y una leve sensaci\u00f3n de euforia son los principales efectos de la Psilocybe Mexicana. Como el viaje no es demasiado intenso, es perfecta para tomar con amigos. <a href=\"https:\/\/legitgrams.com\/es\/\">LegitGrams<\/a><\/p>\n<p>Venta en l\u00ednea de Psilocybe mexicana<\/p>","protected":false},"excerpt":{"rendered":"<p>Purchase Mexican psilocybe online. Psilocybe Mexicana is one of the most popular and well-known varieties of magic truffles. The indigenous people of South America have been using psilocybe Mexicana for spiritual purposes for thousands of years. You&#8217;ll have a pleasant and entertaining journey that you won&#8217;t soon forget. It is the perfect species for beginners &hellip;<\/p>\n<p class=\"read-more\"> <a class=\"\" href=\"https:\/\/legitgrams.com\/es\/producto\/psilocybe-mexicana\/\"> <span class=\"screen-reader-text\">Psilocybe Mexicana<\/span> Leer m\u00e1s \"<\/a><\/p>","protected":false},"featured_media":5246,"comment_status":"open","ping_status":"closed","template":"","meta":{"_uag_custom_page_level_css":"","site-sidebar-layout":"default","site-content-layout":"default","ast-global-header-display":"","ast-main-header-display":"","ast-hfb-above-header-display":"","ast-hfb-below-header-display":"","ast-hfb-mobile-header-display":"","site-post-title":"","ast-breadcrumbs-content":"","ast-featured-img":"","footer-sml-layout":"","theme-transparent-header-meta":"default","adv-header-id-meta":"","stick-header-meta":"default","header-above-stick-meta":"","header-main-stick-meta":"","header-below-stick-meta":"","_joinchat":[]},"product_brand":[],"product_cat":[599],"product_tag":[4073,4063,617,4055,4070,4067,4062,4060,4054,4057,4065,4056,4066,4058,4068,4075,4076,4074,4071,4072,4069,625,4061,4064,4059],"class_list":{"0":"post-3899","1":"product","2":"type-product","3":"status-publish","4":"has-post-thumbnail","6":"product_cat-psilocybin-or-magic-mushrooms","7":"product_tag-best-cheap-price-psilocybe-mexicana","8":"product_tag-best-place-to-buy-psilocybe-mexicana","9":"product_tag-bulk-online","10":"product_tag-buy-psilocybe-mexicana","11":"product_tag-cheap-psilocybe-mexicana","12":"product_tag-high-quality-psilocybe-mexicana","13":"product_tag-how-to-buy-psilocybe-mexicana","14":"product_tag-order-psilocybe-mexicana","15":"product_tag-psilocybe-mexicana","16":"product_tag-psilocybe-mexicana-for-sale","17":"product_tag-psilocybe-mexicana-legally","18":"product_tag-psilocybe-mexicana-online","19":"product_tag-psilocybe-mexicana-price","20":"product_tag-psilocybe-mexicana-psilocybe-mexicana-supplier","21":"product_tag-psilocybe-mexicana-store","22":"product_tag-psilocybe-mexicana-use","23":"product_tag-psilocybe-mexicana-wiki","24":"product_tag-psilocybe-mexicana-worldwide","25":"product_tag-psilocybe-mexicanas","26":"product_tag-purcharse-psilocybe-mexicana","27":"product_tag-shop-psilocybe-mexicana","28":"product_tag-top-quality","29":"product_tag-where-to-buy-psilocybe-mexicana","30":"product_tag-where-to-order-psilocybe-mexicana","31":"product_tag-wholesale-psilocybe-mexicana","32":"desktop-align-left","33":"tablet-align-left","34":"mobile-align-left","35":"ast-product-gallery-layout-horizontal","36":"ast-product-gallery-with-no-image","37":"ast-product-single-variable","38":"ast-product-tabs-layout-horizontal","39":"ast-qv-on-image","41":"first","42":"instock","43":"shipping-taxable","44":"purchasable","45":"product-type-variable"},"yoast_head":"<!-- This site is optimized with the Yoast SEO plugin v25.9 - https:\/\/yoast.com\/wordpress\/plugins\/seo\/ -->\n<title>Psilocybe Mexicana for Sale - Order Psilocybe Mexicana Online<\/title>\n<meta name=\"description\" content=\"Looking to further your research? Buy psilocybe mexicana conveniently and securely online, with a straightforward ordering process for psilocybe mexicana for sale. Order Now!\" \/>\n<meta name=\"robots\" content=\"index, follow, max-snippet:-1, max-image-preview:large, max-video-preview:-1\" \/>\n<link rel=\"canonical\" href=\"https:\/\/legitgrams.com\/es\/producto\/psilocybe-mexicana\/\" \/>\n<meta property=\"og:locale\" content=\"es_ES\" \/>\n<meta property=\"og:type\" content=\"article\" \/>\n<meta property=\"og:title\" content=\"Psilocybe Mexicana for Sale - Order Psilocybe Mexicana Online\" \/>\n<meta property=\"og:description\" content=\"Looking to further your research? Buy psilocybe mexicana conveniently and securely online, with a straightforward ordering process for psilocybe mexicana for sale. Order Now!\" \/>\n<meta property=\"og:url\" content=\"https:\/\/legitgrams.com\/es\/producto\/psilocybe-mexicana\/\" \/>\n<meta property=\"og:site_name\" content=\"Legit Grams\" \/>\n<meta property=\"article:modified_time\" content=\"2025-01-14T10:48:07+00:00\" \/>\n<meta property=\"og:image\" content=\"https:\/\/legitgrams.com\/wp-content\/uploads\/2024\/09\/psilocybe-mexicanapsilocybin-or-magic-mushrooms.jpg\" \/>\n\t<meta property=\"og:image:width\" content=\"430\" \/>\n\t<meta property=\"og:image:height\" content=\"430\" \/>\n\t<meta property=\"og:image:type\" content=\"image\/jpeg\" \/>\n<meta name=\"twitter:card\" content=\"summary_large_image\" \/>\n<meta name=\"twitter:label1\" content=\"Tiempo de lectura\" \/>\n\t<meta name=\"twitter:data1\" content=\"2 minutos\" \/>\n<script type=\"application\/ld+json\" class=\"yoast-schema-graph\">{\"@context\":\"https:\/\/schema.org\",\"@graph\":[{\"@type\":\"WebPage\",\"@id\":\"https:\/\/legitgrams.com\/product\/psilocybe-mexicana\/\",\"url\":\"https:\/\/legitgrams.com\/product\/psilocybe-mexicana\/\",\"name\":\"Psilocybe Mexicana for Sale - Order Psilocybe Mexicana Online\",\"isPartOf\":{\"@id\":\"https:\/\/legitgrams.com\/#website\"},\"primaryImageOfPage\":{\"@id\":\"https:\/\/legitgrams.com\/product\/psilocybe-mexicana\/#primaryimage\"},\"image\":{\"@id\":\"https:\/\/legitgrams.com\/product\/psilocybe-mexicana\/#primaryimage\"},\"thumbnailUrl\":\"https:\/\/legitgrams.com\/wp-content\/uploads\/2024\/09\/psilocybe-mexicanapsilocybin-or-magic-mushrooms.jpg\",\"datePublished\":\"2024-09-20T10:32:24+00:00\",\"dateModified\":\"2025-01-14T10:48:07+00:00\",\"description\":\"Looking to further your research? Buy psilocybe mexicana conveniently and securely online, with a straightforward ordering process for psilocybe mexicana for sale. Order Now!\",\"breadcrumb\":{\"@id\":\"https:\/\/legitgrams.com\/product\/psilocybe-mexicana\/#breadcrumb\"},\"inLanguage\":\"es\",\"potentialAction\":[{\"@type\":\"ReadAction\",\"target\":[\"https:\/\/legitgrams.com\/product\/psilocybe-mexicana\/\"]}]},{\"@type\":\"ImageObject\",\"inLanguage\":\"es\",\"@id\":\"https:\/\/legitgrams.com\/product\/psilocybe-mexicana\/#primaryimage\",\"url\":\"https:\/\/legitgrams.com\/wp-content\/uploads\/2024\/09\/psilocybe-mexicanapsilocybin-or-magic-mushrooms.jpg\",\"contentUrl\":\"https:\/\/legitgrams.com\/wp-content\/uploads\/2024\/09\/psilocybe-mexicanapsilocybin-or-magic-mushrooms.jpg\",\"width\":430,\"height\":430,\"caption\":\"Psilocybe Mexicana for Sale\"},{\"@type\":\"BreadcrumbList\",\"@id\":\"https:\/\/legitgrams.com\/product\/psilocybe-mexicana\/#breadcrumb\",\"itemListElement\":[{\"@type\":\"ListItem\",\"position\":1,\"name\":\"Home\",\"item\":\"https:\/\/legitgrams.com\/\"},{\"@type\":\"ListItem\",\"position\":2,\"name\":\"Shop\",\"item\":\"https:\/\/legitgrams.com\/shop\/\"},{\"@type\":\"ListItem\",\"position\":3,\"name\":\"Psilocybe Mexicana\"}]},{\"@type\":\"WebSite\",\"@id\":\"https:\/\/legitgrams.com\/#website\",\"url\":\"https:\/\/legitgrams.com\/\",\"name\":\"Legit Grams\",\"description\":\"My WordPress Blog\",\"publisher\":{\"@id\":\"https:\/\/legitgrams.com\/#organization\"},\"potentialAction\":[{\"@type\":\"SearchAction\",\"target\":{\"@type\":\"EntryPoint\",\"urlTemplate\":\"https:\/\/legitgrams.com\/?s={search_term_string}\"},\"query-input\":{\"@type\":\"PropertyValueSpecification\",\"valueRequired\":true,\"valueName\":\"search_term_string\"}}],\"inLanguage\":\"es\"},{\"@type\":\"Organization\",\"@id\":\"https:\/\/legitgrams.com\/#organization\",\"name\":\"Legit Grams\",\"url\":\"https:\/\/legitgrams.com\/\",\"logo\":{\"@type\":\"ImageObject\",\"inLanguage\":\"es\",\"@id\":\"https:\/\/legitgrams.com\/#\/schema\/logo\/image\/\",\"url\":\"https:\/\/legitgrams.com\/wp-content\/uploads\/2024\/09\/main-logo.png\",\"contentUrl\":\"https:\/\/legitgrams.com\/wp-content\/uploads\/2024\/09\/main-logo.png\",\"width\":270,\"height\":75,\"caption\":\"Legit Grams\"},\"image\":{\"@id\":\"https:\/\/legitgrams.com\/#\/schema\/logo\/image\/\"}}]}<\/script>\n<!-- \/ Yoast SEO plugin. -->","yoast_head_json":{"title":"Psilocybe Mexicana en venta - Comprar Psilocybe Mexicana en l\u00ednea","description":"\u00bfDesea ampliar su investigaci\u00f3n? Compre psilocybe mexicana en l\u00ednea de forma c\u00f3moda y segura, con un sencillo proceso de pedido de psilocybe mexicana en venta. \u00a1Haga su pedido ahora!","robots":{"index":"index","follow":"follow","max-snippet":"max-snippet:-1","max-image-preview":"max-image-preview:large","max-video-preview":"max-video-preview:-1"},"canonical":"https:\/\/legitgrams.com\/es\/producto\/psilocybe-mexicana\/","og_locale":"es_ES","og_type":"article","og_title":"Psilocybe Mexicana for Sale - Order Psilocybe Mexicana Online","og_description":"Looking to further your research? Buy psilocybe mexicana conveniently and securely online, with a straightforward ordering process for psilocybe mexicana for sale. Order Now!","og_url":"https:\/\/legitgrams.com\/es\/producto\/psilocybe-mexicana\/","og_site_name":"Legit Grams","article_modified_time":"2025-01-14T10:48:07+00:00","og_image":[{"width":430,"height":430,"url":"https:\/\/legitgrams.com\/wp-content\/uploads\/2024\/09\/psilocybe-mexicanapsilocybin-or-magic-mushrooms.jpg","type":"image\/jpeg"}],"twitter_card":"summary_large_image","twitter_misc":{"Tiempo de lectura":"2 minutos"},"schema":{"@context":"https:\/\/schema.org","@graph":[{"@type":"WebPage","@id":"https:\/\/legitgrams.com\/product\/psilocybe-mexicana\/","url":"https:\/\/legitgrams.com\/product\/psilocybe-mexicana\/","name":"Psilocybe Mexicana en venta - Comprar Psilocybe Mexicana en l\u00ednea","isPartOf":{"@id":"https:\/\/legitgrams.com\/#website"},"primaryImageOfPage":{"@id":"https:\/\/legitgrams.com\/product\/psilocybe-mexicana\/#primaryimage"},"image":{"@id":"https:\/\/legitgrams.com\/product\/psilocybe-mexicana\/#primaryimage"},"thumbnailUrl":"https:\/\/legitgrams.com\/wp-content\/uploads\/2024\/09\/psilocybe-mexicanapsilocybin-or-magic-mushrooms.jpg","datePublished":"2024-09-20T10:32:24+00:00","dateModified":"2025-01-14T10:48:07+00:00","description":"\u00bfDesea ampliar su investigaci\u00f3n? Compre psilocybe mexicana en l\u00ednea de forma c\u00f3moda y segura, con un sencillo proceso de pedido de psilocybe mexicana en venta. \u00a1Haga su pedido ahora!","breadcrumb":{"@id":"https:\/\/legitgrams.com\/product\/psilocybe-mexicana\/#breadcrumb"},"inLanguage":"es","potentialAction":[{"@type":"ReadAction","target":["https:\/\/legitgrams.com\/product\/psilocybe-mexicana\/"]}]},{"@type":"ImageObject","inLanguage":"es","@id":"https:\/\/legitgrams.com\/product\/psilocybe-mexicana\/#primaryimage","url":"https:\/\/legitgrams.com\/wp-content\/uploads\/2024\/09\/psilocybe-mexicanapsilocybin-or-magic-mushrooms.jpg","contentUrl":"https:\/\/legitgrams.com\/wp-content\/uploads\/2024\/09\/psilocybe-mexicanapsilocybin-or-magic-mushrooms.jpg","width":430,"height":430,"caption":"Psilocybe Mexicana for Sale"},{"@type":"BreadcrumbList","@id":"https:\/\/legitgrams.com\/product\/psilocybe-mexicana\/#breadcrumb","itemListElement":[{"@type":"ListItem","position":1,"name":"Home","item":"https:\/\/legitgrams.com\/"},{"@type":"ListItem","position":2,"name":"Shop","item":"https:\/\/legitgrams.com\/shop\/"},{"@type":"ListItem","position":3,"name":"Psilocybe Mexicana"}]},{"@type":"WebSite","@id":"https:\/\/legitgrams.com\/#website","url":"https:\/\/legitgrams.com\/","name":"Gramos leg\u00edtimos","description":"Mi blog de WordPress","publisher":{"@id":"https:\/\/legitgrams.com\/#organization"},"potentialAction":[{"@type":"SearchAction","target":{"@type":"EntryPoint","urlTemplate":"https:\/\/legitgrams.com\/?s={search_term_string}"},"query-input":{"@type":"PropertyValueSpecification","valueRequired":true,"valueName":"search_term_string"}}],"inLanguage":"es"},{"@type":"Organization","@id":"https:\/\/legitgrams.com\/#organization","name":"Gramos leg\u00edtimos","url":"https:\/\/legitgrams.com\/","logo":{"@type":"ImageObject","inLanguage":"es","@id":"https:\/\/legitgrams.com\/#\/schema\/logo\/image\/","url":"https:\/\/legitgrams.com\/wp-content\/uploads\/2024\/09\/main-logo.png","contentUrl":"https:\/\/legitgrams.com\/wp-content\/uploads\/2024\/09\/main-logo.png","width":270,"height":75,"caption":"Legit Grams"},"image":{"@id":"https:\/\/legitgrams.com\/#\/schema\/logo\/image\/"}}]}},"uagb_featured_image_src":{"full":["https:\/\/legitgrams.com\/wp-content\/uploads\/2024\/09\/psilocybe-mexicanapsilocybin-or-magic-mushrooms.jpg",430,430,false],"thumbnail":["https:\/\/legitgrams.com\/wp-content\/uploads\/2024\/09\/psilocybe-mexicanapsilocybin-or-magic-mushrooms-150x150.jpg",150,150,true],"medium":["https:\/\/legitgrams.com\/wp-content\/uploads\/2024\/09\/psilocybe-mexicanapsilocybin-or-magic-mushrooms-300x300.jpg",300,300,true],"medium_large":["https:\/\/legitgrams.com\/wp-content\/uploads\/2024\/09\/psilocybe-mexicanapsilocybin-or-magic-mushrooms.jpg",430,430,false],"large":["https:\/\/legitgrams.com\/wp-content\/uploads\/2024\/09\/psilocybe-mexicanapsilocybin-or-magic-mushrooms.jpg",430,430,false],"1536x1536":["https:\/\/legitgrams.com\/wp-content\/uploads\/2024\/09\/psilocybe-mexicanapsilocybin-or-magic-mushrooms.jpg",430,430,false],"2048x2048":["https:\/\/legitgrams.com\/wp-content\/uploads\/2024\/09\/psilocybe-mexicanapsilocybin-or-magic-mushrooms.jpg",430,430,false],"trp-custom-language-flag":["https:\/\/legitgrams.com\/wp-content\/uploads\/2024\/09\/psilocybe-mexicanapsilocybin-or-magic-mushrooms-12x12.jpg",12,12,true],"woocommerce_thumbnail":["https:\/\/legitgrams.com\/wp-content\/uploads\/2024\/09\/psilocybe-mexicanapsilocybin-or-magic-mushrooms-300x300.jpg",300,300,true],"woocommerce_single":["https:\/\/legitgrams.com\/wp-content\/uploads\/2024\/09\/psilocybe-mexicanapsilocybin-or-magic-mushrooms.jpg",430,430,false],"woocommerce_gallery_thumbnail":["https:\/\/legitgrams.com\/wp-content\/uploads\/2024\/09\/psilocybe-mexicanapsilocybin-or-magic-mushrooms-100x100.jpg",100,100,true]},"uagb_author_info":{"display_name":"cokeblog18","author_link":"https:\/\/legitgrams.com\/es\/author\/"},"uagb_comment_info":0,"uagb_excerpt":"Purchase Mexican psilocybe online. Psilocybe Mexicana is one of the most popular and well-known varieties of magic truffles. The indigenous people of South America have been using psilocybe Mexicana for spiritual purposes for thousands of years. You&#8217;ll have a pleasant and entertaining journey that you won&#8217;t soon forget. It is the perfect species for beginners&hellip;","_links":{"self":[{"href":"https:\/\/legitgrams.com\/es\/wp-json\/wp\/v2\/product\/3899","targetHints":{"allow":["GET"]}}],"collection":[{"href":"https:\/\/legitgrams.com\/es\/wp-json\/wp\/v2\/product"}],"about":[{"href":"https:\/\/legitgrams.com\/es\/wp-json\/wp\/v2\/types\/product"}],"replies":[{"embeddable":true,"href":"https:\/\/legitgrams.com\/es\/wp-json\/wp\/v2\/comments?post=3899"}],"wp:featuredmedia":[{"embeddable":true,"href":"https:\/\/legitgrams.com\/es\/wp-json\/wp\/v2\/media\/5246"}],"wp:attachment":[{"href":"https:\/\/legitgrams.com\/es\/wp-json\/wp\/v2\/media?parent=3899"}],"wp:term":[{"taxonomy":"product_brand","embeddable":true,"href":"https:\/\/legitgrams.com\/es\/wp-json\/wp\/v2\/product_brand?post=3899"},{"taxonomy":"product_cat","embeddable":true,"href":"https:\/\/legitgrams.com\/es\/wp-json\/wp\/v2\/product_cat?post=3899"},{"taxonomy":"product_tag","embeddable":true,"href":"https:\/\/legitgrams.com\/es\/wp-json\/wp\/v2\/product_tag?post=3899"}],"curies":[{"name":"wp","href":"https:\/\/api.w.org\/{rel}","templated":true}]}}