{"id":3911,"date":"2024-09-20T10:50:40","date_gmt":"2024-09-20T10:50:40","guid":{"rendered":"https:\/\/legitgrams.com\/?post_type=product&#038;p=3911"},"modified":"2025-01-15T05:47:36","modified_gmt":"2025-01-15T05:47:36","slug":"u-47700-polvo-1-oz-al-por-mayor","status":"publish","type":"product","link":"https:\/\/legitgrams.com\/es\/producto\/u-47700-polvo-1-oz-al-por-mayor\/","title":{"rendered":"U-47700 Polvo 1 oz al por mayor"},"content":{"rendered":"<h2>Compra U-47700 en polvo 1 oz al por mayor en l\u00ednea<\/h2>\n<p>En EE.UU., compre U-47700 en l\u00ednea<br \/>\nUpjohn cre\u00f3 inicialmente el analg\u00e9sico opi\u00e1ceo <a href=\"https:\/\/en.wikipedia.org\/wiki\/U-47700\">U-47700<\/a> hace casi 40 a\u00f1os. Procede del opioide similar conocido como AH-7921. El U-47700 nunca se ha probado formalmente en humanos o animales, a pesar de su importancia en el desarrollo de esta clase de compuestos opioides.<\/p>\n<h3>Farmacolog\u00eda:<\/h3>\n<p>Se cree que el U-47700 es de siete a ocho veces m\u00e1s eficaz que la morfina por dosis, y es muy selectivo para los receptores -opioides. Dado que se considera un potente agonista kappa, la disforia y otros efectos adversos no deber\u00edan ser demasiado graves. <a href=\"https:\/\/legitgrams.com\/es\/\">LegitGrams<\/a><\/p>\n<p>Comprar U-47700 Polvo 1 oz a granel en l\u00ednea - comprar U-47700 Polvo 1 oz a granel, comprar U-47700 Polvo 1 oz a granel EE.UU., comprar <a href=\"https:\/\/legitgrams.com\/es\/producto\/u-47700-polvo-1-oz-al-por-mayor\/\">U-47700 Polvo<\/a> 1 oz Donde Comprar U-47700 Polvo 1 oz al por mayor, U-47700 Polvo 1 oz, al por mayor online USA U-47700 Polvo, 1 oz, al por mayor disponible A la venta al por mayor cerca de mi, comprar 1 oz de U-47700 Polvo \u00bfDonde puedo conseguir U-47700 Polvo 1 oz al por mayor online cerca de mi? U-47700 Polvo 1 oz. USA, Canada, UK, proveedores, compra online, env\u00edo seguro, venta al por mayor Todav\u00eda es posible U-47700 1 oz. Polvo al por mayor \u00bfEs legal 1 oz. de U-47700 Polvo USA al por mayor, comprar 1 oz. de U-47700 Polvo USA al por mayor online, donde comprar U-47700 Polvo, U-47700, 1 oz. al por mayor 1 oz. de polvo, venta al por mayor legal en Canada<\/p>","protected":false},"excerpt":{"rendered":"<p>Purchase U-47700 Powder 1 oz wholesale online In the US, purchase U-47700 online Upjohn initially created the opioid analgesic U-47700 almost 40 years ago. It comes from the similar opioid known as AH-7921. U-47700 has never been formally tested on humans or animals, despite its significance in the development of this class of opioid compounds. &hellip;<\/p>\n<p class=\"read-more\"> <a class=\"\" href=\"https:\/\/legitgrams.com\/es\/producto\/u-47700-polvo-1-oz-al-por-mayor\/\"> <span class=\"screen-reader-text\">U-47700 Polvo 1 oz al por mayor<\/span> Leer m\u00e1s \"<\/a><\/p>","protected":false},"featured_media":5436,"comment_status":"open","ping_status":"closed","template":"","meta":{"_uag_custom_page_level_css":"","site-sidebar-layout":"default","site-content-layout":"default","ast-global-header-display":"","ast-main-header-display":"","ast-hfb-above-header-display":"","ast-hfb-below-header-display":"","ast-hfb-mobile-header-display":"","site-post-title":"","ast-breadcrumbs-content":"","ast-featured-img":"","footer-sml-layout":"","theme-transparent-header-meta":"default","adv-header-id-meta":"","stick-header-meta":"default","header-above-stick-meta":"","header-main-stick-meta":"","header-below-stick-meta":"","_joinchat":[]},"product_brand":[],"product_cat":[600],"product_tag":[4027,4017,617,4009,4024,4021,4016,4014,4026,4023,625,4008,4011,4019,4010,4020,4022,4012,4029,4030,4028,4025,4015,4018,4013],"class_list":{"0":"post-3911","1":"product","2":"type-product","3":"status-publish","4":"has-post-thumbnail","6":"product_cat-research-chemicals-and-bath-salt","7":"product_tag-best-cheap-price-u-47700-powder-1-oz-wholesale","8":"product_tag-best-place-to-buy-u-47700-powder-1-oz-wholesale","9":"product_tag-bulk-online","10":"product_tag-buy-u-47700-powder-1-oz-wholesale","11":"product_tag-cheap-u-47700-powder-1-oz-wholesale","12":"product_tag-high-quality-u-47700-powder-1-oz-wholesale","13":"product_tag-how-to-buy-u-47700-powder-1-oz-wholesale","14":"product_tag-order-u-47700-powder-1-oz-wholesale","15":"product_tag-purcharse-u-47700-powder-1-oz-wholesale","16":"product_tag-shop-u-47700-powder-1-oz-wholesale","17":"product_tag-top-quality","18":"product_tag-u-47700-powder-1-oz-wholesale","19":"product_tag-u-47700-powder-1-oz-wholesale-for-sale","20":"product_tag-u-47700-powder-1-oz-wholesale-legally","21":"product_tag-u-47700-powder-1-oz-wholesale-online","22":"product_tag-u-47700-powder-1-oz-wholesale-price","23":"product_tag-u-47700-powder-1-oz-wholesale-store","24":"product_tag-u-47700-powder-1-oz-wholesale-u-47700-powder-1-oz-wholesale-supplier","25":"product_tag-u-47700-powder-1-oz-wholesale-use","26":"product_tag-u-47700-powder-1-oz-wholesale-wiki","27":"product_tag-u-47700-powder-1-oz-wholesale-worldwide","28":"product_tag-u-47700-powder-1-oz-wholesales","29":"product_tag-where-to-buy-u-47700-powder-1-oz-wholesale","30":"product_tag-where-to-order-u-47700-powder-1-oz-wholesale","31":"product_tag-wholesale-u-47700-powder-1-oz-wholesale","32":"desktop-align-left","33":"tablet-align-left","34":"mobile-align-left","35":"ast-product-gallery-layout-horizontal","36":"ast-product-gallery-with-no-image","37":"ast-product-single-variable","38":"ast-product-tabs-layout-horizontal","39":"ast-qv-on-image","41":"first","42":"instock","43":"shipping-taxable","44":"purchasable","45":"product-type-variable"},"yoast_head":"<!-- This site is optimized with the Yoast SEO plugin v25.9 - https:\/\/yoast.com\/wordpress\/plugins\/seo\/ -->\n<title>U-47700 Powder for sale - Order U-47700 Online | LegitGrams<\/title>\n<meta name=\"description\" content=\"Explore our online store for u-47700 powder wholesale for sale, offering high-quality u-47700 powder online securely and embark on your research journey with confidence. Place your order now!\" \/>\n<meta name=\"robots\" content=\"index, follow, max-snippet:-1, max-image-preview:large, max-video-preview:-1\" \/>\n<link rel=\"canonical\" href=\"https:\/\/legitgrams.com\/es\/producto\/u-47700-polvo-1-oz-al-por-mayor\/\" \/>\n<meta property=\"og:locale\" content=\"es_ES\" \/>\n<meta property=\"og:type\" content=\"article\" \/>\n<meta property=\"og:title\" content=\"U-47700 Powder for sale - Order U-47700 Online | LegitGrams\" \/>\n<meta property=\"og:description\" content=\"Explore our online store for u-47700 powder wholesale for sale, offering high-quality u-47700 powder online securely and embark on your research journey with confidence. Place your order now!\" \/>\n<meta property=\"og:url\" content=\"https:\/\/legitgrams.com\/es\/producto\/u-47700-polvo-1-oz-al-por-mayor\/\" \/>\n<meta property=\"og:site_name\" content=\"Legit Grams\" \/>\n<meta property=\"article:modified_time\" content=\"2025-01-15T05:47:36+00:00\" \/>\n<meta property=\"og:image\" content=\"https:\/\/legitgrams.com\/wp-content\/uploads\/2024\/09\/buy-u-47700-powder-1-oz-wholesale-online-1-1.jpg\" \/>\n\t<meta property=\"og:image:width\" content=\"600\" \/>\n\t<meta property=\"og:image:height\" content=\"600\" \/>\n\t<meta property=\"og:image:type\" content=\"image\/jpeg\" \/>\n<meta name=\"twitter:card\" content=\"summary_large_image\" \/>\n<meta name=\"twitter:label1\" content=\"Tiempo de lectura\" \/>\n\t<meta name=\"twitter:data1\" content=\"2 minutos\" \/>\n<script type=\"application\/ld+json\" class=\"yoast-schema-graph\">{\"@context\":\"https:\/\/schema.org\",\"@graph\":[{\"@type\":\"WebPage\",\"@id\":\"https:\/\/legitgrams.com\/product\/u-47700-powder-1-oz-wholesale\/\",\"url\":\"https:\/\/legitgrams.com\/product\/u-47700-powder-1-oz-wholesale\/\",\"name\":\"U-47700 Powder for sale - Order U-47700 Online | LegitGrams\",\"isPartOf\":{\"@id\":\"https:\/\/legitgrams.com\/#website\"},\"primaryImageOfPage\":{\"@id\":\"https:\/\/legitgrams.com\/product\/u-47700-powder-1-oz-wholesale\/#primaryimage\"},\"image\":{\"@id\":\"https:\/\/legitgrams.com\/product\/u-47700-powder-1-oz-wholesale\/#primaryimage\"},\"thumbnailUrl\":\"https:\/\/legitgrams.com\/wp-content\/uploads\/2024\/09\/buy-u-47700-powder-1-oz-wholesale-online-1-1.jpg\",\"datePublished\":\"2024-09-20T10:50:40+00:00\",\"dateModified\":\"2025-01-15T05:47:36+00:00\",\"description\":\"Explore our online store for u-47700 powder wholesale for sale, offering high-quality u-47700 powder online securely and embark on your research journey with confidence. Place your order now!\",\"breadcrumb\":{\"@id\":\"https:\/\/legitgrams.com\/product\/u-47700-powder-1-oz-wholesale\/#breadcrumb\"},\"inLanguage\":\"es\",\"potentialAction\":[{\"@type\":\"ReadAction\",\"target\":[\"https:\/\/legitgrams.com\/product\/u-47700-powder-1-oz-wholesale\/\"]}]},{\"@type\":\"ImageObject\",\"inLanguage\":\"es\",\"@id\":\"https:\/\/legitgrams.com\/product\/u-47700-powder-1-oz-wholesale\/#primaryimage\",\"url\":\"https:\/\/legitgrams.com\/wp-content\/uploads\/2024\/09\/buy-u-47700-powder-1-oz-wholesale-online-1-1.jpg\",\"contentUrl\":\"https:\/\/legitgrams.com\/wp-content\/uploads\/2024\/09\/buy-u-47700-powder-1-oz-wholesale-online-1-1.jpg\",\"width\":600,\"height\":600,\"caption\":\"U-47700 Powder for sale\"},{\"@type\":\"BreadcrumbList\",\"@id\":\"https:\/\/legitgrams.com\/product\/u-47700-powder-1-oz-wholesale\/#breadcrumb\",\"itemListElement\":[{\"@type\":\"ListItem\",\"position\":1,\"name\":\"Home\",\"item\":\"https:\/\/legitgrams.com\/\"},{\"@type\":\"ListItem\",\"position\":2,\"name\":\"Shop\",\"item\":\"https:\/\/legitgrams.com\/shop\/\"},{\"@type\":\"ListItem\",\"position\":3,\"name\":\"U-47700 Powder 1 oz wholesale\"}]},{\"@type\":\"WebSite\",\"@id\":\"https:\/\/legitgrams.com\/#website\",\"url\":\"https:\/\/legitgrams.com\/\",\"name\":\"Legit Grams\",\"description\":\"My WordPress Blog\",\"publisher\":{\"@id\":\"https:\/\/legitgrams.com\/#organization\"},\"potentialAction\":[{\"@type\":\"SearchAction\",\"target\":{\"@type\":\"EntryPoint\",\"urlTemplate\":\"https:\/\/legitgrams.com\/?s={search_term_string}\"},\"query-input\":{\"@type\":\"PropertyValueSpecification\",\"valueRequired\":true,\"valueName\":\"search_term_string\"}}],\"inLanguage\":\"es\"},{\"@type\":\"Organization\",\"@id\":\"https:\/\/legitgrams.com\/#organization\",\"name\":\"Legit Grams\",\"url\":\"https:\/\/legitgrams.com\/\",\"logo\":{\"@type\":\"ImageObject\",\"inLanguage\":\"es\",\"@id\":\"https:\/\/legitgrams.com\/#\/schema\/logo\/image\/\",\"url\":\"https:\/\/legitgrams.com\/wp-content\/uploads\/2024\/09\/main-logo.png\",\"contentUrl\":\"https:\/\/legitgrams.com\/wp-content\/uploads\/2024\/09\/main-logo.png\",\"width\":270,\"height\":75,\"caption\":\"Legit Grams\"},\"image\":{\"@id\":\"https:\/\/legitgrams.com\/#\/schema\/logo\/image\/\"}}]}<\/script>\n<!-- \/ Yoast SEO plugin. -->","yoast_head_json":{"title":"U-47700 Powder for sale - Order U-47700 Online | LegitGrams","description":"Explore nuestra tienda en l\u00ednea para u-47700 polvo al por mayor para la venta, ofreciendo alta calidad u-47700 polvo en l\u00ednea de forma segura y embarcarse en su viaje de investigaci\u00f3n con confianza. \u00a1Haga su pedido ahora!","robots":{"index":"index","follow":"follow","max-snippet":"max-snippet:-1","max-image-preview":"max-image-preview:large","max-video-preview":"max-video-preview:-1"},"canonical":"https:\/\/legitgrams.com\/es\/producto\/u-47700-polvo-1-oz-al-por-mayor\/","og_locale":"es_ES","og_type":"article","og_title":"U-47700 Powder for sale - Order U-47700 Online | LegitGrams","og_description":"Explore our online store for u-47700 powder wholesale for sale, offering high-quality u-47700 powder online securely and embark on your research journey with confidence. Place your order now!","og_url":"https:\/\/legitgrams.com\/es\/producto\/u-47700-polvo-1-oz-al-por-mayor\/","og_site_name":"Legit Grams","article_modified_time":"2025-01-15T05:47:36+00:00","og_image":[{"width":600,"height":600,"url":"https:\/\/legitgrams.com\/wp-content\/uploads\/2024\/09\/buy-u-47700-powder-1-oz-wholesale-online-1-1.jpg","type":"image\/jpeg"}],"twitter_card":"summary_large_image","twitter_misc":{"Tiempo de lectura":"2 minutos"},"schema":{"@context":"https:\/\/schema.org","@graph":[{"@type":"WebPage","@id":"https:\/\/legitgrams.com\/product\/u-47700-powder-1-oz-wholesale\/","url":"https:\/\/legitgrams.com\/product\/u-47700-powder-1-oz-wholesale\/","name":"U-47700 Powder for sale - Order U-47700 Online | LegitGrams","isPartOf":{"@id":"https:\/\/legitgrams.com\/#website"},"primaryImageOfPage":{"@id":"https:\/\/legitgrams.com\/product\/u-47700-powder-1-oz-wholesale\/#primaryimage"},"image":{"@id":"https:\/\/legitgrams.com\/product\/u-47700-powder-1-oz-wholesale\/#primaryimage"},"thumbnailUrl":"https:\/\/legitgrams.com\/wp-content\/uploads\/2024\/09\/buy-u-47700-powder-1-oz-wholesale-online-1-1.jpg","datePublished":"2024-09-20T10:50:40+00:00","dateModified":"2025-01-15T05:47:36+00:00","description":"Explore nuestra tienda en l\u00ednea para u-47700 polvo al por mayor para la venta, ofreciendo alta calidad u-47700 polvo en l\u00ednea de forma segura y embarcarse en su viaje de investigaci\u00f3n con confianza. \u00a1Haga su pedido ahora!","breadcrumb":{"@id":"https:\/\/legitgrams.com\/product\/u-47700-powder-1-oz-wholesale\/#breadcrumb"},"inLanguage":"es","potentialAction":[{"@type":"ReadAction","target":["https:\/\/legitgrams.com\/product\/u-47700-powder-1-oz-wholesale\/"]}]},{"@type":"ImageObject","inLanguage":"es","@id":"https:\/\/legitgrams.com\/product\/u-47700-powder-1-oz-wholesale\/#primaryimage","url":"https:\/\/legitgrams.com\/wp-content\/uploads\/2024\/09\/buy-u-47700-powder-1-oz-wholesale-online-1-1.jpg","contentUrl":"https:\/\/legitgrams.com\/wp-content\/uploads\/2024\/09\/buy-u-47700-powder-1-oz-wholesale-online-1-1.jpg","width":600,"height":600,"caption":"U-47700 Powder for sale"},{"@type":"BreadcrumbList","@id":"https:\/\/legitgrams.com\/product\/u-47700-powder-1-oz-wholesale\/#breadcrumb","itemListElement":[{"@type":"ListItem","position":1,"name":"Home","item":"https:\/\/legitgrams.com\/"},{"@type":"ListItem","position":2,"name":"Shop","item":"https:\/\/legitgrams.com\/shop\/"},{"@type":"ListItem","position":3,"name":"U-47700 Powder 1 oz wholesale"}]},{"@type":"WebSite","@id":"https:\/\/legitgrams.com\/#website","url":"https:\/\/legitgrams.com\/","name":"Gramos leg\u00edtimos","description":"Mi blog de WordPress","publisher":{"@id":"https:\/\/legitgrams.com\/#organization"},"potentialAction":[{"@type":"SearchAction","target":{"@type":"EntryPoint","urlTemplate":"https:\/\/legitgrams.com\/?s={search_term_string}"},"query-input":{"@type":"PropertyValueSpecification","valueRequired":true,"valueName":"search_term_string"}}],"inLanguage":"es"},{"@type":"Organization","@id":"https:\/\/legitgrams.com\/#organization","name":"Gramos leg\u00edtimos","url":"https:\/\/legitgrams.com\/","logo":{"@type":"ImageObject","inLanguage":"es","@id":"https:\/\/legitgrams.com\/#\/schema\/logo\/image\/","url":"https:\/\/legitgrams.com\/wp-content\/uploads\/2024\/09\/main-logo.png","contentUrl":"https:\/\/legitgrams.com\/wp-content\/uploads\/2024\/09\/main-logo.png","width":270,"height":75,"caption":"Legit Grams"},"image":{"@id":"https:\/\/legitgrams.com\/#\/schema\/logo\/image\/"}}]}},"uagb_featured_image_src":{"full":["https:\/\/legitgrams.com\/wp-content\/uploads\/2024\/09\/buy-u-47700-powder-1-oz-wholesale-online-1-1.jpg",600,600,false],"thumbnail":["https:\/\/legitgrams.com\/wp-content\/uploads\/2024\/09\/buy-u-47700-powder-1-oz-wholesale-online-1-1-150x150.jpg",150,150,true],"medium":["https:\/\/legitgrams.com\/wp-content\/uploads\/2024\/09\/buy-u-47700-powder-1-oz-wholesale-online-1-1-300x300.jpg",300,300,true],"medium_large":["https:\/\/legitgrams.com\/wp-content\/uploads\/2024\/09\/buy-u-47700-powder-1-oz-wholesale-online-1-1.jpg",600,600,false],"large":["https:\/\/legitgrams.com\/wp-content\/uploads\/2024\/09\/buy-u-47700-powder-1-oz-wholesale-online-1-1.jpg",600,600,false],"1536x1536":["https:\/\/legitgrams.com\/wp-content\/uploads\/2024\/09\/buy-u-47700-powder-1-oz-wholesale-online-1-1.jpg",600,600,false],"2048x2048":["https:\/\/legitgrams.com\/wp-content\/uploads\/2024\/09\/buy-u-47700-powder-1-oz-wholesale-online-1-1.jpg",600,600,false],"trp-custom-language-flag":["https:\/\/legitgrams.com\/wp-content\/uploads\/2024\/09\/buy-u-47700-powder-1-oz-wholesale-online-1-1-12x12.jpg",12,12,true],"woocommerce_thumbnail":["https:\/\/legitgrams.com\/wp-content\/uploads\/2024\/09\/buy-u-47700-powder-1-oz-wholesale-online-1-1-300x300.jpg",300,300,true],"woocommerce_single":["https:\/\/legitgrams.com\/wp-content\/uploads\/2024\/09\/buy-u-47700-powder-1-oz-wholesale-online-1-1.jpg",600,600,false],"woocommerce_gallery_thumbnail":["https:\/\/legitgrams.com\/wp-content\/uploads\/2024\/09\/buy-u-47700-powder-1-oz-wholesale-online-1-1-100x100.jpg",100,100,true]},"uagb_author_info":{"display_name":"cokeblog18","author_link":"https:\/\/legitgrams.com\/es\/author\/"},"uagb_comment_info":0,"uagb_excerpt":"Purchase U-47700 Powder 1 oz wholesale online In the US, purchase U-47700 online Upjohn initially created the opioid analgesic U-47700 almost 40 years ago. It comes from the similar opioid known as AH-7921. U-47700 has never been formally tested on humans or animals, despite its significance in the development of this class of opioid compounds.&hellip;","_links":{"self":[{"href":"https:\/\/legitgrams.com\/es\/wp-json\/wp\/v2\/product\/3911","targetHints":{"allow":["GET"]}}],"collection":[{"href":"https:\/\/legitgrams.com\/es\/wp-json\/wp\/v2\/product"}],"about":[{"href":"https:\/\/legitgrams.com\/es\/wp-json\/wp\/v2\/types\/product"}],"replies":[{"embeddable":true,"href":"https:\/\/legitgrams.com\/es\/wp-json\/wp\/v2\/comments?post=3911"}],"wp:featuredmedia":[{"embeddable":true,"href":"https:\/\/legitgrams.com\/es\/wp-json\/wp\/v2\/media\/5436"}],"wp:attachment":[{"href":"https:\/\/legitgrams.com\/es\/wp-json\/wp\/v2\/media?parent=3911"}],"wp:term":[{"taxonomy":"product_brand","embeddable":true,"href":"https:\/\/legitgrams.com\/es\/wp-json\/wp\/v2\/product_brand?post=3911"},{"taxonomy":"product_cat","embeddable":true,"href":"https:\/\/legitgrams.com\/es\/wp-json\/wp\/v2\/product_cat?post=3911"},{"taxonomy":"product_tag","embeddable":true,"href":"https:\/\/legitgrams.com\/es\/wp-json\/wp\/v2\/product_tag?post=3911"}],"curies":[{"name":"wp","href":"https:\/\/api.w.org\/{rel}","templated":true}]}}