{"id":3915,"date":"2024-09-20T11:01:11","date_gmt":"2024-09-20T11:01:11","guid":{"rendered":"https:\/\/legitgrams.com\/?post_type=product&#038;p=3915"},"modified":"2025-01-14T08:50:05","modified_gmt":"2025-01-14T08:50:05","slug":"polvo-de-cristal-mdai","status":"publish","type":"product","link":"https:\/\/legitgrams.com\/es\/producto\/polvo-de-cristal-mdai\/","title":{"rendered":"MDAI Cristal y Polvo"},"content":{"rendered":"<h2>Compre MDAI en polvo y cristales con descuento en l\u00ednea<\/h2>\n<p>Nuestro principal objetivo es ofrecer a nuestros clientes informaci\u00f3n de \u00faltima generaci\u00f3n y servicios de primera clase. LG se puede encontrar en la cantidad y calidad que necesitan las empresas de exploraci\u00f3n y creaci\u00f3n de productos de pleno derecho. Aqu\u00ed encontrar\u00e1 una sinopsis completa de LG que satisface todos sus objetivos. Nuestro equipo recomienda que los ingredientes impulsores del mundo se creen de acuerdo con los avances m\u00e1s recientes en tecnolog\u00eda. No se prev\u00e9 el uso humano de los art\u00edculos de esta lista.<\/p>\n<p>Se acepta el uso de productos farmac\u00e9uticos con fines cient\u00edficos, de investigaci\u00f3n y de laboratorio. Solo se pueden realizar investigaciones, pruebas y ensayos utilizando los compuestos enumerados. Los paquetes producidos recientemente provienen de las principales instalaciones de investigaci\u00f3n de China en el mercado de RC.<\/p>\n<p>Enviaremos su paquete a cualquier parte de los Estados Unidos, Europa o el mundo si realiza una transacci\u00f3n hoy. Para desarrollar RC, nuestra empresa colabora directamente con muchos laboratorios internacionales din\u00e1micos, y obtener descubrimientos de primer nivel es uno de nuestros principales objetivos. Su solicitud es realmente importante por este motivo. Nuestro vendedor tiene su sede en los EE. UU. y realiza negocios en todo el mundo. En Internet, los clientes pueden confirmar r\u00e1pidamente la accesibilidad y la estimaci\u00f3n de LG. Para saber c\u00f3mo presentar una solicitud, simplemente comun\u00edquese con nuestro \u00fatil y multiling\u00fce servicio de atenci\u00f3n al cliente. Comun\u00edquese con nosotros si necesita m\u00e1s informaci\u00f3n o si desea solicitar medicamentos combinados en grandes cantidades. <a href=\"https:\/\/legitgrams.com\/es\/\">LegitGrams<\/a><\/p>\n<p>Valoramos a nuestros clientes, as\u00ed que si necesita ayuda para seleccionar el art\u00edculo ideal, no dude en ponerse en contacto con nosotros. Al adquirir productos qu\u00edmicos para la investigaci\u00f3n, la calidad es fundamental. Cada d\u00eda, la lista de art\u00edculos donados se hace m\u00e1s larga. BUYRESEARCHCHEMICALSUSA se dedica a ofrecer a los clientes mejoras de calidad, desarrollo y evaluaci\u00f3n a largo plazo. A cada cliente se le brinda la m\u00e1xima confianza en todos los materiales que se proporcionan. Somos el lugar donde puede comprar RC y descubrir todo lo que necesita saber sobre ellos, sus beneficios y las drogas sint\u00e9ticas adecuadas.<\/p>\n<p>Comprar <a href=\"https:\/\/en.wikipedia.org\/wiki\/MDAI\">MDAI<\/a> Cristal y polvo en l\u00ednea con descuento: compre <a href=\"https:\/\/legitgrams.com\/es\/producto\/polvo-de-cristal-mdai\/\">MDAI<\/a> Cristal y polvo MDAI en l\u00ednea con descuento, Compre cristal y polvo MDAI en l\u00ednea con descuento, D\u00f3nde comprar cristal y polvo MDAI con descuento, Cristal MDAI y cristal y polvo MDAI baratos a la venta, D\u00f3nde comprar cristal y polvo MDAI a precios bajos, Cristal y polvo MDAI a la venta a precios bajos en EE. UU., Canad\u00e1 y el Reino Unido, Compre en l\u00ednea, Proveedores, Entrega segura, Descubra si MDAI Crystal &amp; Powder Cheap es legal en EE. UU., C\u00f3mo pedir MDAI Crystal &amp; Powder Cheap, si es legal en Canad\u00e1 y c\u00f3mo comprar MDAI Crystal &amp; Powder Cheap en l\u00ednea.<\/p>\n<h2><\/h2>\n<h2><\/h2>\n<p>&nbsp;<\/p>","protected":false},"excerpt":{"rendered":"<p>Purchase MDAI Powder &amp; Crystal at a Discount Online Our primary goal is to offer our clients state-of-the-art information and first-rate services. LG can be found in the quantity and quality needed by full-fledged creation curtesies and exploration enterprises. Here, you will discover a thorough synopsis of LG that satisfies all of your objectives. Our &hellip;<\/p>\n<p class=\"read-more\"> <a class=\"\" href=\"https:\/\/legitgrams.com\/es\/producto\/polvo-de-cristal-mdai\/\"> <span class=\"screen-reader-text\">MDAI Cristal y Polvo<\/span> Leer m\u00e1s \"<\/a><\/p>","protected":false},"featured_media":5286,"comment_status":"open","ping_status":"closed","template":"","meta":{"_uag_custom_page_level_css":"","site-sidebar-layout":"default","site-content-layout":"default","ast-global-header-display":"","ast-main-header-display":"","ast-hfb-above-header-display":"","ast-hfb-below-header-display":"","ast-hfb-mobile-header-display":"","site-post-title":"","ast-breadcrumbs-content":"","ast-featured-img":"","footer-sml-layout":"","theme-transparent-header-meta":"default","adv-header-id-meta":"","stick-header-meta":"default","header-above-stick-meta":"","header-main-stick-meta":"","header-below-stick-meta":"","_joinchat":[]},"product_brand":[],"product_cat":[600],"product_tag":[3935,3925,617,3917,3932,3929,3924,3916,3919,3927,3920,3918,3928,3930,3937,3938,3936,3933,3922,3934,3931,625,3923,3926,3921],"class_list":{"0":"post-3915","1":"product","2":"type-product","3":"status-publish","4":"has-post-thumbnail","6":"product_cat-research-chemicals-and-bath-salt","7":"product_tag-best-cheap-price-mdai-crystal-powder","8":"product_tag-best-place-to-buy-mdai-crystal-powder","9":"product_tag-bulk-online","10":"product_tag-buy-mdai-crystal-powder","11":"product_tag-cheap-mdai-crystal-powder","12":"product_tag-high-quality-mdai-crystal-powder","13":"product_tag-how-to-buy-mdai-crystal-powder","14":"product_tag-mdai-crystal-powder","15":"product_tag-mdai-crystal-powder-for-sale","16":"product_tag-mdai-crystal-powder-legally","17":"product_tag-mdai-crystal-powder-mdai-crystal-powder-supplier","18":"product_tag-mdai-crystal-powder-online","19":"product_tag-mdai-crystal-powder-price","20":"product_tag-mdai-crystal-powder-store","21":"product_tag-mdai-crystal-powder-use","22":"product_tag-mdai-crystal-powder-wiki","23":"product_tag-mdai-crystal-powder-worldwide","24":"product_tag-mdai-crystal-powders","25":"product_tag-order-mdai-crystal-powder","26":"product_tag-purcharse-mdai-crystal-powder","27":"product_tag-shop-mdai-crystal-powder","28":"product_tag-top-quality","29":"product_tag-where-to-buy-mdai-crystal-powder","30":"product_tag-where-to-order-mdai-crystal-powder","31":"product_tag-wholesale-mdai-crystal-powder","32":"desktop-align-left","33":"tablet-align-left","34":"mobile-align-left","35":"ast-product-gallery-layout-horizontal","36":"ast-product-gallery-with-no-image","37":"ast-product-single-variable","38":"ast-product-tabs-layout-horizontal","39":"ast-qv-on-image","41":"first","42":"instock","43":"shipping-taxable","44":"purchasable","45":"product-type-variable"},"yoast_head":"<!-- This site is optimized with the Yoast SEO plugin v25.9 - https:\/\/yoast.com\/wordpress\/plugins\/seo\/ -->\n<title>MDAI Crystal &amp; Powder for Sale - Buy MDAI Crystal Online<\/title>\n<meta name=\"description\" content=\"At our Legitgrams, you can get MDAI Crystal &amp; Powder for sale at cheap rates. We deal with A-grade quality products only. Buy MDAI Crystal &amp; Powder online from our store now with fast &amp; secure shipping service.\" \/>\n<meta name=\"robots\" content=\"index, follow, max-snippet:-1, max-image-preview:large, max-video-preview:-1\" \/>\n<link rel=\"canonical\" href=\"https:\/\/legitgrams.com\/es\/producto\/polvo-de-cristal-mdai\/\" \/>\n<meta property=\"og:locale\" content=\"es_ES\" \/>\n<meta property=\"og:type\" content=\"article\" \/>\n<meta property=\"og:title\" content=\"MDAI Crystal &amp; Powder for Sale - Buy MDAI Crystal Online\" \/>\n<meta property=\"og:description\" content=\"At our Legitgrams, you can get MDAI Crystal &amp; Powder for sale at cheap rates. We deal with A-grade quality products only. Buy MDAI Crystal &amp; Powder online from our store now with fast &amp; secure shipping service.\" \/>\n<meta property=\"og:url\" content=\"https:\/\/legitgrams.com\/es\/producto\/polvo-de-cristal-mdai\/\" \/>\n<meta property=\"og:site_name\" content=\"Legit Grams\" \/>\n<meta property=\"article:modified_time\" content=\"2025-01-14T08:50:05+00:00\" \/>\n<meta property=\"og:image\" content=\"https:\/\/legitgrams.com\/wp-content\/uploads\/2024\/09\/buy-mdai-crystal-powder-cheap-online.jpg\" \/>\n\t<meta property=\"og:image:width\" content=\"600\" \/>\n\t<meta property=\"og:image:height\" content=\"600\" \/>\n\t<meta property=\"og:image:type\" content=\"image\/jpeg\" \/>\n<meta name=\"twitter:card\" content=\"summary_large_image\" \/>\n<meta name=\"twitter:label1\" content=\"Tiempo de lectura\" \/>\n\t<meta name=\"twitter:data1\" content=\"5 minutos\" \/>\n<script type=\"application\/ld+json\" class=\"yoast-schema-graph\">{\"@context\":\"https:\/\/schema.org\",\"@graph\":[{\"@type\":\"WebPage\",\"@id\":\"https:\/\/legitgrams.com\/product\/mdai-crystal-powder\/\",\"url\":\"https:\/\/legitgrams.com\/product\/mdai-crystal-powder\/\",\"name\":\"MDAI Crystal & Powder for Sale - Buy MDAI Crystal Online\",\"isPartOf\":{\"@id\":\"https:\/\/legitgrams.com\/#website\"},\"primaryImageOfPage\":{\"@id\":\"https:\/\/legitgrams.com\/product\/mdai-crystal-powder\/#primaryimage\"},\"image\":{\"@id\":\"https:\/\/legitgrams.com\/product\/mdai-crystal-powder\/#primaryimage\"},\"thumbnailUrl\":\"https:\/\/legitgrams.com\/wp-content\/uploads\/2024\/09\/buy-mdai-crystal-powder-cheap-online.jpg\",\"datePublished\":\"2024-09-20T11:01:11+00:00\",\"dateModified\":\"2025-01-14T08:50:05+00:00\",\"description\":\"At our Legitgrams, you can get MDAI Crystal & Powder for sale at cheap rates. We deal with A-grade quality products only. Buy MDAI Crystal & Powder online from our store now with fast & secure shipping service.\",\"breadcrumb\":{\"@id\":\"https:\/\/legitgrams.com\/product\/mdai-crystal-powder\/#breadcrumb\"},\"inLanguage\":\"es\",\"potentialAction\":[{\"@type\":\"ReadAction\",\"target\":[\"https:\/\/legitgrams.com\/product\/mdai-crystal-powder\/\"]}]},{\"@type\":\"ImageObject\",\"inLanguage\":\"es\",\"@id\":\"https:\/\/legitgrams.com\/product\/mdai-crystal-powder\/#primaryimage\",\"url\":\"https:\/\/legitgrams.com\/wp-content\/uploads\/2024\/09\/buy-mdai-crystal-powder-cheap-online.jpg\",\"contentUrl\":\"https:\/\/legitgrams.com\/wp-content\/uploads\/2024\/09\/buy-mdai-crystal-powder-cheap-online.jpg\",\"width\":600,\"height\":600,\"caption\":\"MDAI Crystal & Powder for Sale\"},{\"@type\":\"BreadcrumbList\",\"@id\":\"https:\/\/legitgrams.com\/product\/mdai-crystal-powder\/#breadcrumb\",\"itemListElement\":[{\"@type\":\"ListItem\",\"position\":1,\"name\":\"Home\",\"item\":\"https:\/\/legitgrams.com\/\"},{\"@type\":\"ListItem\",\"position\":2,\"name\":\"Shop\",\"item\":\"https:\/\/legitgrams.com\/shop\/\"},{\"@type\":\"ListItem\",\"position\":3,\"name\":\"MDAI Crystal &#038; Powder\"}]},{\"@type\":\"WebSite\",\"@id\":\"https:\/\/legitgrams.com\/#website\",\"url\":\"https:\/\/legitgrams.com\/\",\"name\":\"Legit Grams\",\"description\":\"My WordPress Blog\",\"publisher\":{\"@id\":\"https:\/\/legitgrams.com\/#organization\"},\"potentialAction\":[{\"@type\":\"SearchAction\",\"target\":{\"@type\":\"EntryPoint\",\"urlTemplate\":\"https:\/\/legitgrams.com\/?s={search_term_string}\"},\"query-input\":{\"@type\":\"PropertyValueSpecification\",\"valueRequired\":true,\"valueName\":\"search_term_string\"}}],\"inLanguage\":\"es\"},{\"@type\":\"Organization\",\"@id\":\"https:\/\/legitgrams.com\/#organization\",\"name\":\"Legit Grams\",\"url\":\"https:\/\/legitgrams.com\/\",\"logo\":{\"@type\":\"ImageObject\",\"inLanguage\":\"es\",\"@id\":\"https:\/\/legitgrams.com\/#\/schema\/logo\/image\/\",\"url\":\"https:\/\/legitgrams.com\/wp-content\/uploads\/2024\/09\/main-logo.png\",\"contentUrl\":\"https:\/\/legitgrams.com\/wp-content\/uploads\/2024\/09\/main-logo.png\",\"width\":270,\"height\":75,\"caption\":\"Legit Grams\"},\"image\":{\"@id\":\"https:\/\/legitgrams.com\/#\/schema\/logo\/image\/\"}}]}<\/script>\n<!-- \/ Yoast SEO plugin. -->","yoast_head_json":{"title":"MDAI Crystal &amp; Powder en venta - Compre MDAI Crystal en l\u00ednea","description":"En nuestro Legitgrams, usted puede conseguir MDAI Crystal &amp; Powder a la venta a precios baratos. Tratamos con productos de calidad de grado A solamente. Comprar MDAI Crystal &amp; Powder en l\u00ednea de nuestra tienda ahora con el servicio de env\u00edo r\u00e1pido y seguro.","robots":{"index":"index","follow":"follow","max-snippet":"max-snippet:-1","max-image-preview":"max-image-preview:large","max-video-preview":"max-video-preview:-1"},"canonical":"https:\/\/legitgrams.com\/es\/producto\/polvo-de-cristal-mdai\/","og_locale":"es_ES","og_type":"article","og_title":"MDAI Crystal & Powder for Sale - Buy MDAI Crystal Online","og_description":"At our Legitgrams, you can get MDAI Crystal & Powder for sale at cheap rates. We deal with A-grade quality products only. Buy MDAI Crystal & Powder online from our store now with fast & secure shipping service.","og_url":"https:\/\/legitgrams.com\/es\/producto\/polvo-de-cristal-mdai\/","og_site_name":"Legit Grams","article_modified_time":"2025-01-14T08:50:05+00:00","og_image":[{"width":600,"height":600,"url":"https:\/\/legitgrams.com\/wp-content\/uploads\/2024\/09\/buy-mdai-crystal-powder-cheap-online.jpg","type":"image\/jpeg"}],"twitter_card":"summary_large_image","twitter_misc":{"Tiempo de lectura":"5 minutos"},"schema":{"@context":"https:\/\/schema.org","@graph":[{"@type":"WebPage","@id":"https:\/\/legitgrams.com\/product\/mdai-crystal-powder\/","url":"https:\/\/legitgrams.com\/product\/mdai-crystal-powder\/","name":"MDAI Crystal &amp; Powder en venta - Compre MDAI Crystal en l\u00ednea","isPartOf":{"@id":"https:\/\/legitgrams.com\/#website"},"primaryImageOfPage":{"@id":"https:\/\/legitgrams.com\/product\/mdai-crystal-powder\/#primaryimage"},"image":{"@id":"https:\/\/legitgrams.com\/product\/mdai-crystal-powder\/#primaryimage"},"thumbnailUrl":"https:\/\/legitgrams.com\/wp-content\/uploads\/2024\/09\/buy-mdai-crystal-powder-cheap-online.jpg","datePublished":"2024-09-20T11:01:11+00:00","dateModified":"2025-01-14T08:50:05+00:00","description":"En nuestro Legitgrams, usted puede conseguir MDAI Crystal &amp; Powder a la venta a precios baratos. Tratamos con productos de calidad de grado A solamente. Comprar MDAI Crystal &amp; Powder en l\u00ednea de nuestra tienda ahora con el servicio de env\u00edo r\u00e1pido y seguro.","breadcrumb":{"@id":"https:\/\/legitgrams.com\/product\/mdai-crystal-powder\/#breadcrumb"},"inLanguage":"es","potentialAction":[{"@type":"ReadAction","target":["https:\/\/legitgrams.com\/product\/mdai-crystal-powder\/"]}]},{"@type":"ImageObject","inLanguage":"es","@id":"https:\/\/legitgrams.com\/product\/mdai-crystal-powder\/#primaryimage","url":"https:\/\/legitgrams.com\/wp-content\/uploads\/2024\/09\/buy-mdai-crystal-powder-cheap-online.jpg","contentUrl":"https:\/\/legitgrams.com\/wp-content\/uploads\/2024\/09\/buy-mdai-crystal-powder-cheap-online.jpg","width":600,"height":600,"caption":"MDAI Crystal & Powder for Sale"},{"@type":"BreadcrumbList","@id":"https:\/\/legitgrams.com\/product\/mdai-crystal-powder\/#breadcrumb","itemListElement":[{"@type":"ListItem","position":1,"name":"Home","item":"https:\/\/legitgrams.com\/"},{"@type":"ListItem","position":2,"name":"Shop","item":"https:\/\/legitgrams.com\/shop\/"},{"@type":"ListItem","position":3,"name":"MDAI Crystal &#038; Powder"}]},{"@type":"WebSite","@id":"https:\/\/legitgrams.com\/#website","url":"https:\/\/legitgrams.com\/","name":"Gramos leg\u00edtimos","description":"Mi blog de WordPress","publisher":{"@id":"https:\/\/legitgrams.com\/#organization"},"potentialAction":[{"@type":"SearchAction","target":{"@type":"EntryPoint","urlTemplate":"https:\/\/legitgrams.com\/?s={search_term_string}"},"query-input":{"@type":"PropertyValueSpecification","valueRequired":true,"valueName":"search_term_string"}}],"inLanguage":"es"},{"@type":"Organization","@id":"https:\/\/legitgrams.com\/#organization","name":"Gramos leg\u00edtimos","url":"https:\/\/legitgrams.com\/","logo":{"@type":"ImageObject","inLanguage":"es","@id":"https:\/\/legitgrams.com\/#\/schema\/logo\/image\/","url":"https:\/\/legitgrams.com\/wp-content\/uploads\/2024\/09\/main-logo.png","contentUrl":"https:\/\/legitgrams.com\/wp-content\/uploads\/2024\/09\/main-logo.png","width":270,"height":75,"caption":"Legit Grams"},"image":{"@id":"https:\/\/legitgrams.com\/#\/schema\/logo\/image\/"}}]}},"uagb_featured_image_src":{"full":["https:\/\/legitgrams.com\/wp-content\/uploads\/2024\/09\/buy-mdai-crystal-powder-cheap-online.jpg",600,600,false],"thumbnail":["https:\/\/legitgrams.com\/wp-content\/uploads\/2024\/09\/buy-mdai-crystal-powder-cheap-online-150x150.jpg",150,150,true],"medium":["https:\/\/legitgrams.com\/wp-content\/uploads\/2024\/09\/buy-mdai-crystal-powder-cheap-online-300x300.jpg",300,300,true],"medium_large":["https:\/\/legitgrams.com\/wp-content\/uploads\/2024\/09\/buy-mdai-crystal-powder-cheap-online.jpg",600,600,false],"large":["https:\/\/legitgrams.com\/wp-content\/uploads\/2024\/09\/buy-mdai-crystal-powder-cheap-online.jpg",600,600,false],"1536x1536":["https:\/\/legitgrams.com\/wp-content\/uploads\/2024\/09\/buy-mdai-crystal-powder-cheap-online.jpg",600,600,false],"2048x2048":["https:\/\/legitgrams.com\/wp-content\/uploads\/2024\/09\/buy-mdai-crystal-powder-cheap-online.jpg",600,600,false],"trp-custom-language-flag":["https:\/\/legitgrams.com\/wp-content\/uploads\/2024\/09\/buy-mdai-crystal-powder-cheap-online-12x12.jpg",12,12,true],"woocommerce_thumbnail":["https:\/\/legitgrams.com\/wp-content\/uploads\/2024\/09\/buy-mdai-crystal-powder-cheap-online-300x300.jpg",300,300,true],"woocommerce_single":["https:\/\/legitgrams.com\/wp-content\/uploads\/2024\/09\/buy-mdai-crystal-powder-cheap-online.jpg",600,600,false],"woocommerce_gallery_thumbnail":["https:\/\/legitgrams.com\/wp-content\/uploads\/2024\/09\/buy-mdai-crystal-powder-cheap-online-100x100.jpg",100,100,true]},"uagb_author_info":{"display_name":"cokeblog18","author_link":"https:\/\/legitgrams.com\/es\/author\/"},"uagb_comment_info":0,"uagb_excerpt":"Purchase MDAI Powder &amp; Crystal at a Discount Online Our primary goal is to offer our clients state-of-the-art information and first-rate services. LG can be found in the quantity and quality needed by full-fledged creation curtesies and exploration enterprises. Here, you will discover a thorough synopsis of LG that satisfies all of your objectives. Our&hellip;","_links":{"self":[{"href":"https:\/\/legitgrams.com\/es\/wp-json\/wp\/v2\/product\/3915","targetHints":{"allow":["GET"]}}],"collection":[{"href":"https:\/\/legitgrams.com\/es\/wp-json\/wp\/v2\/product"}],"about":[{"href":"https:\/\/legitgrams.com\/es\/wp-json\/wp\/v2\/types\/product"}],"replies":[{"embeddable":true,"href":"https:\/\/legitgrams.com\/es\/wp-json\/wp\/v2\/comments?post=3915"}],"wp:featuredmedia":[{"embeddable":true,"href":"https:\/\/legitgrams.com\/es\/wp-json\/wp\/v2\/media\/5286"}],"wp:attachment":[{"href":"https:\/\/legitgrams.com\/es\/wp-json\/wp\/v2\/media?parent=3915"}],"wp:term":[{"taxonomy":"product_brand","embeddable":true,"href":"https:\/\/legitgrams.com\/es\/wp-json\/wp\/v2\/product_brand?post=3915"},{"taxonomy":"product_cat","embeddable":true,"href":"https:\/\/legitgrams.com\/es\/wp-json\/wp\/v2\/product_cat?post=3915"},{"taxonomy":"product_tag","embeddable":true,"href":"https:\/\/legitgrams.com\/es\/wp-json\/wp\/v2\/product_tag?post=3915"}],"curies":[{"name":"wp","href":"https:\/\/api.w.org\/{rel}","templated":true}]}}