{"id":3917,"date":"2024-09-20T11:04:51","date_gmt":"2024-09-20T11:04:51","guid":{"rendered":"https:\/\/legitgrams.com\/?post_type=product&#038;p=3917"},"modified":"2025-04-04T12:46:47","modified_gmt":"2025-04-04T12:46:47","slug":"mdpv","status":"publish","type":"product","link":"https:\/\/legitgrams.com\/es\/producto\/mdpv\/","title":{"rendered":"Comprar MDPV Online"},"content":{"rendered":"<h2>Comprar MDPV en l\u00ednea<\/h2>\n<p>Comprar <a href=\"https:\/\/legitgrams.com\/es\/producto\/mdpv\/\">MDPV en l\u00ednea<\/a> Para uso personal o minorista. Le garantizamos que el polvo de MDPV que vendemos es de la mejor calidad del mercado actual. Ofrecemos m\u00e9todos de pago seguros como Bitcoin, Western Union y MoneyGram, adem\u00e1s de entregas discretas. Adem\u00e1s, vendemos una variedad de compuestos de investigaci\u00f3n, como el JWH-018. Tenga en cuenta que la forma en que cada consumidor utiliza nuestro... <a href=\"https:\/\/www.bing.com\/search?q=Buy%20MDPV%20Online&amp;qs=n&amp;form=QBRE&amp;sp=-1&amp;lq=0&amp;pq=buy%20mdpv%20online&amp;sc=1-15&amp;sk=&amp;cvid=A659EF3E59ED44B9AC28A2759930D6B7&amp;ghsh=0&amp;ghacc=0&amp;ghpl=\">Venta de MDPV<\/a> USA is beyond our control.<\/p>\n<p><a href=\"https:\/\/www.google.com\/search?q=Buy+MDPV+Online&amp;num=10&amp;sca_esv=1a2a07081c7891bb&amp;rlz=1C1RXQR_enIN1098IN1098&amp;sxsrf=AHTn8zoTvgzOWyXV87Vq0n3Cph045Sbrxg%3A1741768076723&amp;ei=jEXRZ5HqK9CY4-EPqKPS2Qk&amp;ved=0ahUKEwiR4Pnbj4SMAxVQzDgGHaiRNJsQ4dUDCBA&amp;uact=5&amp;oq=Buy+MDPV+Online&amp;gs_lp=Egxnd3Mtd2l6LXNlcnAiD0J1eSBNRFBWIE9ubGluZUjXB1CvBFivBHACeACQAQCYAdcBoAHXAaoBAzItMbgBA8gBAPgBAvgBAZgCAKACAJgDAIgGAZIHAKAHQw&amp;sclient=gws-wiz-serp\">Comprar MDPV en l\u00ednea<\/a>: comprar MDPV, comprar MDPV en EE. UU., comprar MDPV en l\u00ednea en EE. UU., d\u00f3nde <a href=\"https:\/\/duckduckgo.com\/?q=Compre+MDPV+en+lnea&amp;t=h_&amp;ia=web\">comprar MDPV<\/a>, comprar MDPV en l\u00ednea, comprar MDPV en EE. UU., Canad\u00e1, Reino Unido, comprar, en l\u00ednea, MDPV se puede comprar en l\u00ednea: comprar MDPV, comprar MDPV en EE. UU., comprar MDPV en l\u00ednea EE. UU., d\u00f3nde comprar MDPV, comprar MDPV en l\u00ednea, comprar <a href=\"https:\/\/en.wikipedia.org\/wiki\/Methylenedioxypyrovalerone\">MDPV<\/a> Todav\u00eda est\u00e1 disponible y se puede comprar en l\u00ednea a vendedores en los EE. UU., Canad\u00e1 y el Reino Unido. La entrega es segura. \u00bfEl MDPV est\u00e1 disponible en l\u00ednea? \u00bfEl MDPV tiene estatus legal en los EE. UU.? \u00bfEl MDPV es legal en Canad\u00e1? <a href=\"https:\/\/legitgrams.com\/es\/\">LegitGrams<\/a><\/p>\n<h2><\/h2>\n<p>&nbsp;<\/p>","protected":false},"excerpt":{"rendered":"<p>Purchase MDPV Online Buy MDPV online for personal or retail use. We promise that the MDPV powder we sell is of the best quality on the market right now. We offer safe payment methods like Bitcoin, Western Union, and MoneyGram in addition to discreet delivery. Additionally, we sell a variety of research compounds, such as &hellip;<\/p>\n<p class=\"read-more\"> <a class=\"\" href=\"https:\/\/legitgrams.com\/es\/producto\/mdpv\/\"> <span class=\"screen-reader-text\">Comprar MDPV Online<\/span> Leer m\u00e1s \"<\/a><\/p>","protected":false},"featured_media":5325,"comment_status":"open","ping_status":"closed","template":"","meta":{"_uag_custom_page_level_css":"","site-sidebar-layout":"default","site-content-layout":"default","ast-global-header-display":"","ast-main-header-display":"","ast-hfb-above-header-display":"","ast-hfb-below-header-display":"","ast-hfb-mobile-header-display":"","site-post-title":"","ast-breadcrumbs-content":"","ast-featured-img":"","footer-sml-layout":"","theme-transparent-header-meta":"default","adv-header-id-meta":"","stick-header-meta":"default","header-above-stick-meta":"","header-main-stick-meta":"","header-below-stick-meta":"","_joinchat":[]},"product_brand":[],"product_cat":[600],"product_tag":[3889,3879,617,3871,3886,3883,3878,3870,3873,3881,3874,3872,3882,3884,3891,3892,3890,3887,3876,3888,3885,625,3877,3880,3875],"class_list":{"0":"post-3917","1":"product","2":"type-product","3":"status-publish","4":"has-post-thumbnail","6":"product_cat-research-chemicals-and-bath-salt","7":"product_tag-best-cheap-price-mdpv","8":"product_tag-best-place-to-buy-mdpv","9":"product_tag-bulk-online","10":"product_tag-buy-mdpv","11":"product_tag-cheap-mdpv","12":"product_tag-high-quality-mdpv","13":"product_tag-how-to-buy-mdpv","14":"product_tag-mdpv","15":"product_tag-mdpv-for-sale","16":"product_tag-mdpv-legally","17":"product_tag-mdpv-mdpv-supplier","18":"product_tag-mdpv-online","19":"product_tag-mdpv-price","20":"product_tag-mdpv-store","21":"product_tag-mdpv-use","22":"product_tag-mdpv-wiki","23":"product_tag-mdpv-worldwide","24":"product_tag-mdpvs","25":"product_tag-order-mdpv","26":"product_tag-purcharse-mdpv","27":"product_tag-shop-mdpv","28":"product_tag-top-quality","29":"product_tag-where-to-buy-mdpv","30":"product_tag-where-to-order-mdpv","31":"product_tag-wholesale-mdpv","32":"desktop-align-left","33":"tablet-align-left","34":"mobile-align-left","35":"ast-product-gallery-layout-horizontal","36":"ast-product-gallery-with-no-image","37":"ast-product-single-variable","38":"ast-product-tabs-layout-horizontal","39":"ast-qv-on-image","41":"first","42":"instock","43":"shipping-taxable","44":"purchasable","45":"product-type-variable"},"yoast_head":"<!-- This site is optimized with the Yoast SEO plugin v25.9 - https:\/\/yoast.com\/wordpress\/plugins\/seo\/ -->\n<title>MDPV for Sale - Buy MDPV Online with Discreet Shipping | LG<\/title>\n<meta name=\"description\" content=\"Your requirement to buy MDPV can be fulfilled at our online Legitgrams store as we are having MDPV for sale here. Place your order and get affordable deals every day.\" \/>\n<meta name=\"robots\" content=\"index, follow, max-snippet:-1, max-image-preview:large, max-video-preview:-1\" \/>\n<link rel=\"canonical\" href=\"https:\/\/legitgrams.com\/es\/producto\/mdpv\/\" \/>\n<meta property=\"og:locale\" content=\"es_ES\" \/>\n<meta property=\"og:type\" content=\"article\" \/>\n<meta property=\"og:title\" content=\"MDPV for Sale - Buy MDPV Online with Discreet Shipping | LG\" \/>\n<meta property=\"og:description\" content=\"Your requirement to buy MDPV can be fulfilled at our online Legitgrams store as we are having MDPV for sale here. Place your order and get affordable deals every day.\" \/>\n<meta property=\"og:url\" content=\"https:\/\/legitgrams.com\/es\/producto\/mdpv\/\" \/>\n<meta property=\"og:site_name\" content=\"Legit Grams\" \/>\n<meta property=\"article:modified_time\" content=\"2025-04-04T12:46:47+00:00\" \/>\n<meta property=\"og:image\" content=\"https:\/\/legitgrams.com\/wp-content\/uploads\/2024\/09\/buy-mdpv-online.jpg\" \/>\n\t<meta property=\"og:image:width\" content=\"600\" \/>\n\t<meta property=\"og:image:height\" content=\"600\" \/>\n\t<meta property=\"og:image:type\" content=\"image\/jpeg\" \/>\n<meta name=\"twitter:card\" content=\"summary_large_image\" \/>\n<meta name=\"twitter:label1\" content=\"Tiempo de lectura\" \/>\n\t<meta name=\"twitter:data1\" content=\"1 minuto\" \/>\n<script type=\"application\/ld+json\" class=\"yoast-schema-graph\">{\"@context\":\"https:\/\/schema.org\",\"@graph\":[{\"@type\":\"WebPage\",\"@id\":\"https:\/\/legitgrams.com\/product\/mdpv\/\",\"url\":\"https:\/\/legitgrams.com\/product\/mdpv\/\",\"name\":\"MDPV for Sale - Buy MDPV Online with Discreet Shipping | LG\",\"isPartOf\":{\"@id\":\"https:\/\/legitgrams.com\/#website\"},\"primaryImageOfPage\":{\"@id\":\"https:\/\/legitgrams.com\/product\/mdpv\/#primaryimage\"},\"image\":{\"@id\":\"https:\/\/legitgrams.com\/product\/mdpv\/#primaryimage\"},\"thumbnailUrl\":\"https:\/\/legitgrams.com\/wp-content\/uploads\/2024\/09\/buy-mdpv-online.jpg\",\"datePublished\":\"2024-09-20T11:04:51+00:00\",\"dateModified\":\"2025-04-04T12:46:47+00:00\",\"description\":\"Your requirement to buy MDPV can be fulfilled at our online Legitgrams store as we are having MDPV for sale here. Place your order and get affordable deals every day.\",\"breadcrumb\":{\"@id\":\"https:\/\/legitgrams.com\/product\/mdpv\/#breadcrumb\"},\"inLanguage\":\"es\",\"potentialAction\":[{\"@type\":\"ReadAction\",\"target\":[\"https:\/\/legitgrams.com\/product\/mdpv\/\"]}]},{\"@type\":\"ImageObject\",\"inLanguage\":\"es\",\"@id\":\"https:\/\/legitgrams.com\/product\/mdpv\/#primaryimage\",\"url\":\"https:\/\/legitgrams.com\/wp-content\/uploads\/2024\/09\/buy-mdpv-online.jpg\",\"contentUrl\":\"https:\/\/legitgrams.com\/wp-content\/uploads\/2024\/09\/buy-mdpv-online.jpg\",\"width\":600,\"height\":600,\"caption\":\"MDPV for Sale\"},{\"@type\":\"BreadcrumbList\",\"@id\":\"https:\/\/legitgrams.com\/product\/mdpv\/#breadcrumb\",\"itemListElement\":[{\"@type\":\"ListItem\",\"position\":1,\"name\":\"Home\",\"item\":\"https:\/\/legitgrams.com\/\"},{\"@type\":\"ListItem\",\"position\":2,\"name\":\"Shop\",\"item\":\"https:\/\/legitgrams.com\/shop\/\"},{\"@type\":\"ListItem\",\"position\":3,\"name\":\"Buy MDPV Online\"}]},{\"@type\":\"WebSite\",\"@id\":\"https:\/\/legitgrams.com\/#website\",\"url\":\"https:\/\/legitgrams.com\/\",\"name\":\"Legit Grams\",\"description\":\"My WordPress Blog\",\"publisher\":{\"@id\":\"https:\/\/legitgrams.com\/#organization\"},\"potentialAction\":[{\"@type\":\"SearchAction\",\"target\":{\"@type\":\"EntryPoint\",\"urlTemplate\":\"https:\/\/legitgrams.com\/?s={search_term_string}\"},\"query-input\":{\"@type\":\"PropertyValueSpecification\",\"valueRequired\":true,\"valueName\":\"search_term_string\"}}],\"inLanguage\":\"es\"},{\"@type\":\"Organization\",\"@id\":\"https:\/\/legitgrams.com\/#organization\",\"name\":\"Legit Grams\",\"url\":\"https:\/\/legitgrams.com\/\",\"logo\":{\"@type\":\"ImageObject\",\"inLanguage\":\"es\",\"@id\":\"https:\/\/legitgrams.com\/#\/schema\/logo\/image\/\",\"url\":\"https:\/\/legitgrams.com\/wp-content\/uploads\/2024\/09\/main-logo.png\",\"contentUrl\":\"https:\/\/legitgrams.com\/wp-content\/uploads\/2024\/09\/main-logo.png\",\"width\":270,\"height\":75,\"caption\":\"Legit Grams\"},\"image\":{\"@id\":\"https:\/\/legitgrams.com\/#\/schema\/logo\/image\/\"}}]}<\/script>\n<!-- \/ Yoast SEO plugin. -->","yoast_head_json":{"title":"MDPV en venta - Compre MDPV en l\u00ednea con env\u00edo discreto | LG","description":"Su requisito para comprar MDPV se puede cumplir en nuestra tienda en l\u00ednea Legitgrams como estamos teniendo MDPV a la venta aqu\u00ed. Haga su pedido y obtener ofertas asequibles todos los d\u00edas.","robots":{"index":"index","follow":"follow","max-snippet":"max-snippet:-1","max-image-preview":"max-image-preview:large","max-video-preview":"max-video-preview:-1"},"canonical":"https:\/\/legitgrams.com\/es\/producto\/mdpv\/","og_locale":"es_ES","og_type":"article","og_title":"MDPV for Sale - Buy MDPV Online with Discreet Shipping | LG","og_description":"Your requirement to buy MDPV can be fulfilled at our online Legitgrams store as we are having MDPV for sale here. Place your order and get affordable deals every day.","og_url":"https:\/\/legitgrams.com\/es\/producto\/mdpv\/","og_site_name":"Legit Grams","article_modified_time":"2025-04-04T12:46:47+00:00","og_image":[{"width":600,"height":600,"url":"https:\/\/legitgrams.com\/wp-content\/uploads\/2024\/09\/buy-mdpv-online.jpg","type":"image\/jpeg"}],"twitter_card":"summary_large_image","twitter_misc":{"Tiempo de lectura":"1 minuto"},"schema":{"@context":"https:\/\/schema.org","@graph":[{"@type":"WebPage","@id":"https:\/\/legitgrams.com\/product\/mdpv\/","url":"https:\/\/legitgrams.com\/product\/mdpv\/","name":"MDPV en venta - Compre MDPV en l\u00ednea con env\u00edo discreto | LG","isPartOf":{"@id":"https:\/\/legitgrams.com\/#website"},"primaryImageOfPage":{"@id":"https:\/\/legitgrams.com\/product\/mdpv\/#primaryimage"},"image":{"@id":"https:\/\/legitgrams.com\/product\/mdpv\/#primaryimage"},"thumbnailUrl":"https:\/\/legitgrams.com\/wp-content\/uploads\/2024\/09\/buy-mdpv-online.jpg","datePublished":"2024-09-20T11:04:51+00:00","dateModified":"2025-04-04T12:46:47+00:00","description":"Su requisito para comprar MDPV se puede cumplir en nuestra tienda en l\u00ednea Legitgrams como estamos teniendo MDPV a la venta aqu\u00ed. Haga su pedido y obtener ofertas asequibles todos los d\u00edas.","breadcrumb":{"@id":"https:\/\/legitgrams.com\/product\/mdpv\/#breadcrumb"},"inLanguage":"es","potentialAction":[{"@type":"ReadAction","target":["https:\/\/legitgrams.com\/product\/mdpv\/"]}]},{"@type":"ImageObject","inLanguage":"es","@id":"https:\/\/legitgrams.com\/product\/mdpv\/#primaryimage","url":"https:\/\/legitgrams.com\/wp-content\/uploads\/2024\/09\/buy-mdpv-online.jpg","contentUrl":"https:\/\/legitgrams.com\/wp-content\/uploads\/2024\/09\/buy-mdpv-online.jpg","width":600,"height":600,"caption":"MDPV for Sale"},{"@type":"BreadcrumbList","@id":"https:\/\/legitgrams.com\/product\/mdpv\/#breadcrumb","itemListElement":[{"@type":"ListItem","position":1,"name":"Home","item":"https:\/\/legitgrams.com\/"},{"@type":"ListItem","position":2,"name":"Shop","item":"https:\/\/legitgrams.com\/shop\/"},{"@type":"ListItem","position":3,"name":"Buy MDPV Online"}]},{"@type":"WebSite","@id":"https:\/\/legitgrams.com\/#website","url":"https:\/\/legitgrams.com\/","name":"Gramos leg\u00edtimos","description":"Mi blog de WordPress","publisher":{"@id":"https:\/\/legitgrams.com\/#organization"},"potentialAction":[{"@type":"SearchAction","target":{"@type":"EntryPoint","urlTemplate":"https:\/\/legitgrams.com\/?s={search_term_string}"},"query-input":{"@type":"PropertyValueSpecification","valueRequired":true,"valueName":"search_term_string"}}],"inLanguage":"es"},{"@type":"Organization","@id":"https:\/\/legitgrams.com\/#organization","name":"Gramos leg\u00edtimos","url":"https:\/\/legitgrams.com\/","logo":{"@type":"ImageObject","inLanguage":"es","@id":"https:\/\/legitgrams.com\/#\/schema\/logo\/image\/","url":"https:\/\/legitgrams.com\/wp-content\/uploads\/2024\/09\/main-logo.png","contentUrl":"https:\/\/legitgrams.com\/wp-content\/uploads\/2024\/09\/main-logo.png","width":270,"height":75,"caption":"Legit Grams"},"image":{"@id":"https:\/\/legitgrams.com\/#\/schema\/logo\/image\/"}}]}},"uagb_featured_image_src":{"full":["https:\/\/legitgrams.com\/wp-content\/uploads\/2024\/09\/buy-mdpv-online.jpg",600,600,false],"thumbnail":["https:\/\/legitgrams.com\/wp-content\/uploads\/2024\/09\/buy-mdpv-online-150x150.jpg",150,150,true],"medium":["https:\/\/legitgrams.com\/wp-content\/uploads\/2024\/09\/buy-mdpv-online-300x300.jpg",300,300,true],"medium_large":["https:\/\/legitgrams.com\/wp-content\/uploads\/2024\/09\/buy-mdpv-online.jpg",600,600,false],"large":["https:\/\/legitgrams.com\/wp-content\/uploads\/2024\/09\/buy-mdpv-online.jpg",600,600,false],"1536x1536":["https:\/\/legitgrams.com\/wp-content\/uploads\/2024\/09\/buy-mdpv-online.jpg",600,600,false],"2048x2048":["https:\/\/legitgrams.com\/wp-content\/uploads\/2024\/09\/buy-mdpv-online.jpg",600,600,false],"trp-custom-language-flag":["https:\/\/legitgrams.com\/wp-content\/uploads\/2024\/09\/buy-mdpv-online-12x12.jpg",12,12,true],"woocommerce_thumbnail":["https:\/\/legitgrams.com\/wp-content\/uploads\/2024\/09\/buy-mdpv-online-300x300.jpg",300,300,true],"woocommerce_single":["https:\/\/legitgrams.com\/wp-content\/uploads\/2024\/09\/buy-mdpv-online.jpg",600,600,false],"woocommerce_gallery_thumbnail":["https:\/\/legitgrams.com\/wp-content\/uploads\/2024\/09\/buy-mdpv-online-100x100.jpg",100,100,true]},"uagb_author_info":{"display_name":"cokeblog18","author_link":"https:\/\/legitgrams.com\/es\/author\/"},"uagb_comment_info":0,"uagb_excerpt":"Purchase MDPV Online Buy MDPV online for personal or retail use. We promise that the MDPV powder we sell is of the best quality on the market right now. We offer safe payment methods like Bitcoin, Western Union, and MoneyGram in addition to discreet delivery. Additionally, we sell a variety of research compounds, such as&hellip;","_links":{"self":[{"href":"https:\/\/legitgrams.com\/es\/wp-json\/wp\/v2\/product\/3917","targetHints":{"allow":["GET"]}}],"collection":[{"href":"https:\/\/legitgrams.com\/es\/wp-json\/wp\/v2\/product"}],"about":[{"href":"https:\/\/legitgrams.com\/es\/wp-json\/wp\/v2\/types\/product"}],"replies":[{"embeddable":true,"href":"https:\/\/legitgrams.com\/es\/wp-json\/wp\/v2\/comments?post=3917"}],"wp:featuredmedia":[{"embeddable":true,"href":"https:\/\/legitgrams.com\/es\/wp-json\/wp\/v2\/media\/5325"}],"wp:attachment":[{"href":"https:\/\/legitgrams.com\/es\/wp-json\/wp\/v2\/media?parent=3917"}],"wp:term":[{"taxonomy":"product_brand","embeddable":true,"href":"https:\/\/legitgrams.com\/es\/wp-json\/wp\/v2\/product_brand?post=3917"},{"taxonomy":"product_cat","embeddable":true,"href":"https:\/\/legitgrams.com\/es\/wp-json\/wp\/v2\/product_cat?post=3917"},{"taxonomy":"product_tag","embeddable":true,"href":"https:\/\/legitgrams.com\/es\/wp-json\/wp\/v2\/product_tag?post=3917"}],"curies":[{"name":"wp","href":"https:\/\/api.w.org\/{rel}","templated":true}]}}