{"id":3922,"date":"2024-09-20T11:22:33","date_gmt":"2024-09-20T11:22:33","guid":{"rendered":"https:\/\/legitgrams.com\/?post_type=product&#038;p=3922"},"modified":"2025-04-04T12:41:09","modified_gmt":"2025-04-04T12:41:09","slug":"metizolam-2mg-granulos","status":"publish","type":"product","link":"https:\/\/legitgrams.com\/es\/producto\/metizolam-2mg-granulos\/","title":{"rendered":"Comprar Metizolam 2 mg en pastillas online"},"content":{"rendered":"<h2>Compre pellets de Metizolam de 2 mg en l\u00ednea.<\/h2>\n<p><a href=\"https:\/\/www.bing.com\/search?q=Acheterdesgranulsdemtizolam2mgenligne&amp;qs=n&amp;form=QBRE&amp;sp=-1&amp;lq=0&amp;pq=acheterdesgranulsdemtizolam2mgenligne&amp;sc=0-47&amp;sk=&amp;cvid=453C09019E274CE79B170AA208AACEE1&amp;ghsh=0&amp;ghacc=0&amp;ghpl=\">Metizolam<\/a>El demetiletizolam, com\u00fanmente conocido como desmetiletizolam, es una tienodiazepina fuertemente asociada con la creciente popularidad del etizolam. Debido a que se utiliza un anillo de tiofeno en lugar del anillo de benceno, las mol\u00e9culas de metizolam difieren de las de las benzodiazepinas. Solo disponemos de metisolam en pastillas de dos miligramos o, para investigadores m\u00e1s experimentados, en polvo. Al igual que con todos nuestros medicamentos, se recomienda a los investigadores usar equipo de protecci\u00f3n adecuado al trabajar con ellos. <a href=\"https:\/\/legitgrams.com\/es\/producto\/metizolam-2mg-granulos\/\">metizolam<\/a>Este producto est\u00e1 destinado \u00fanicamente a ser utilizado en establecimientos de investigaci\u00f3n respetables.<\/p>\n<p><a href=\"https:\/\/www.google.com\/search?q=Buy+Metizolam+2mg+Pellets+Online&amp;num=10&amp;sca_esv=1a2a07081c7891bb&amp;rlz=1C1RXQR_enIN1098IN1098&amp;sxsrf=AHTn8zppy7YL8I5spKvaAHy3EvUL5u1XLw%3A1741413821142&amp;ei=vd3LZ8-wCKeZseMPjNDjoAw&amp;ved=0ahUKEwiPg92B6PmLAxWnTGwGHQzoGMQQ4dUDCBI&amp;uact=5&amp;oq=Buy+Metizolam+2mg+Pellets+Online&amp;gs_lp=Egxnd3Mtd2l6LXNlcnAiIEJ1eSBNZXRpem9sYW0gMm1nIFBlbGxldHMgT25saW5lSNcGUPUCWPUCcAJ4AJABAJgB2wGgAdsBqgEDMi0xuAEDyAEA-AEC-AEBmAIAoAIAmAMAiAYBkgcAoAfeAQ&amp;sclient=gws-wiz-serp\">Purchase Metizolam 2 mg Pellets Online<\/a> &#8211; Purchase <a href=\"https:\/\/en.wikipedia.org\/wiki\/Metizolam\">Metizolam<\/a>Comprar Metizolam 2 mg en gr\u00e1nulos en EE. UU., Comprar Metizolam 2 mg en gr\u00e1nulos en l\u00ednea en EE. UU., D\u00f3nde comprar Metizolam 2 mg en gr\u00e1nulos, Metizolam 2 mg en venta, Metizolam 2 mg en gr\u00e1nulos cerca de m\u00ed, Comprar Metizolam 2 mg en gr\u00e1nulos en l\u00ednea cerca de m\u00ed, D\u00f3nde comprar Metizolam 2 mg en gr\u00e1nulos en l\u00ednea, Metizolam 2 mg en gr\u00e1nulos en venta en EE. UU., EE. UU., Canad\u00e1, Reino Unido, Comprar, En l\u00ednea, Proveedores, Entrega segura, A\u00fan hay Metizolam 2 mg en gr\u00e1nulos disponibles. \u00bfEs legal comprar Metizolam 2 mg en gr\u00e1nulos en Estados Unidos? \u00bfC\u00f3mo puedo hacer un pedido en l\u00ednea? <a href=\"https:\/\/duckduckgo.com\/?q=Buy+Metizolam+2mg+Pellets+Online&amp;t=h_&amp;ia=web\">Gr\u00e1nulos de metizolam de 2 mg<\/a>\u00bfEst\u00e1n permitidos los gr\u00e1nulos de Metizolam de 2 mg en Canad\u00e1? <a href=\"https:\/\/legitgrams.com\/es\/\">LegitGrams<\/a><\/p>","protected":false},"excerpt":{"rendered":"<p>Purchase 2 mg Metizolam Pellets online. Metizolam, commonly referred to as demethylethizolam, is a thienodiazepine that is strongly associated with the increasing popularity of etizolam. Because a thiophene ring is used in place of the benzene ring, methizolam molecules differ from benzodiazepines. We only have two milligram pellets of metisolam or, for more seasoned researchers, &hellip;<\/p>\n<p class=\"read-more\"> <a class=\"\" href=\"https:\/\/legitgrams.com\/es\/producto\/metizolam-2mg-granulos\/\"> <span class=\"screen-reader-text\">Comprar Metizolam 2 mg en pastillas online<\/span> Leer m\u00e1s \"<\/a><\/p>","protected":false},"featured_media":5290,"comment_status":"open","ping_status":"closed","template":"","meta":{"_uag_custom_page_level_css":"","site-sidebar-layout":"default","site-content-layout":"default","ast-global-header-display":"","ast-main-header-display":"","ast-hfb-above-header-display":"","ast-hfb-below-header-display":"","ast-hfb-mobile-header-display":"","site-post-title":"","ast-breadcrumbs-content":"","ast-featured-img":"","footer-sml-layout":"","theme-transparent-header-meta":"default","adv-header-id-meta":"","stick-header-meta":"default","header-above-stick-meta":"","header-main-stick-meta":"","header-below-stick-meta":"","_joinchat":[]},"product_brand":[],"product_cat":[600],"product_tag":[3843,3833,617,3825,3840,3837,3832,3824,3827,3835,3828,3826,3836,3838,3845,3846,3844,3841,3830,3842,3839,625,3831,3834,3829],"class_list":{"0":"post-3922","1":"product","2":"type-product","3":"status-publish","4":"has-post-thumbnail","6":"product_cat-research-chemicals-and-bath-salt","7":"product_tag-best-cheap-price-metizolam-2mg-pellets","8":"product_tag-best-place-to-buy-metizolam-2mg-pellets","9":"product_tag-bulk-online","10":"product_tag-buy-metizolam-2mg-pellets","11":"product_tag-cheap-metizolam-2mg-pellets","12":"product_tag-high-quality-metizolam-2mg-pellets","13":"product_tag-how-to-buy-metizolam-2mg-pellets","14":"product_tag-metizolam-2mg-pellets","15":"product_tag-metizolam-2mg-pellets-for-sale","16":"product_tag-metizolam-2mg-pellets-legally","17":"product_tag-metizolam-2mg-pellets-metizolam-2mg-pellets-supplier","18":"product_tag-metizolam-2mg-pellets-online","19":"product_tag-metizolam-2mg-pellets-price","20":"product_tag-metizolam-2mg-pellets-store","21":"product_tag-metizolam-2mg-pellets-use","22":"product_tag-metizolam-2mg-pellets-wiki","23":"product_tag-metizolam-2mg-pellets-worldwide","24":"product_tag-metizolam-2mg-pelletss","25":"product_tag-order-metizolam-2mg-pellets","26":"product_tag-purcharse-metizolam-2mg-pellets","27":"product_tag-shop-metizolam-2mg-pellets","28":"product_tag-top-quality","29":"product_tag-where-to-buy-metizolam-2mg-pellets","30":"product_tag-where-to-order-metizolam-2mg-pellets","31":"product_tag-wholesale-metizolam-2mg-pellets","32":"desktop-align-left","33":"tablet-align-left","34":"mobile-align-left","35":"ast-product-gallery-layout-horizontal","36":"ast-product-gallery-with-no-image","37":"ast-product-single-variable","38":"ast-product-tabs-layout-horizontal","39":"ast-qv-on-image","41":"first","42":"instock","43":"shipping-taxable","44":"purchasable","45":"product-type-variable"},"yoast_head":"<!-- This site is optimized with the Yoast SEO plugin v25.9 - https:\/\/yoast.com\/wordpress\/plugins\/seo\/ -->\n<title>Metizolam 2mg Pellets for Sale - Buy Metizolam 2mg Pellets Online<\/title>\n<meta name=\"description\" content=\"Your order for Metizolam 2mg Pellets for sale is our responsibility. We will take your order to buy Metizolam 2mg Pellets into consideration and reach you in a short period. Place bulk orders now!\" \/>\n<meta name=\"robots\" content=\"index, follow, max-snippet:-1, max-image-preview:large, max-video-preview:-1\" \/>\n<link rel=\"canonical\" href=\"https:\/\/legitgrams.com\/es\/producto\/metizolam-2mg-granulos\/\" \/>\n<meta property=\"og:locale\" content=\"es_ES\" \/>\n<meta property=\"og:type\" content=\"article\" \/>\n<meta property=\"og:title\" content=\"Metizolam 2mg Pellets for Sale - Buy Metizolam 2mg Pellets Online\" \/>\n<meta property=\"og:description\" content=\"Your order for Metizolam 2mg Pellets for sale is our responsibility. We will take your order to buy Metizolam 2mg Pellets into consideration and reach you in a short period. Place bulk orders now!\" \/>\n<meta property=\"og:url\" content=\"https:\/\/legitgrams.com\/es\/producto\/metizolam-2mg-granulos\/\" \/>\n<meta property=\"og:site_name\" content=\"Legit Grams\" \/>\n<meta property=\"article:modified_time\" content=\"2025-04-04T12:41:09+00:00\" \/>\n<meta property=\"og:image\" content=\"https:\/\/legitgrams.com\/wp-content\/uploads\/2024\/09\/buy-metizolam-2mg-pellets-online.jpg\" \/>\n\t<meta property=\"og:image:width\" content=\"600\" \/>\n\t<meta property=\"og:image:height\" content=\"600\" \/>\n\t<meta property=\"og:image:type\" content=\"image\/jpeg\" \/>\n<meta name=\"twitter:card\" content=\"summary_large_image\" \/>\n<meta name=\"twitter:label1\" content=\"Tiempo de lectura\" \/>\n\t<meta name=\"twitter:data1\" content=\"2 minutos\" \/>\n<script type=\"application\/ld+json\" class=\"yoast-schema-graph\">{\"@context\":\"https:\/\/schema.org\",\"@graph\":[{\"@type\":\"WebPage\",\"@id\":\"https:\/\/legitgrams.com\/product\/metizolam-2mg-pellets\/\",\"url\":\"https:\/\/legitgrams.com\/product\/metizolam-2mg-pellets\/\",\"name\":\"Metizolam 2mg Pellets for Sale - Buy Metizolam 2mg Pellets Online\",\"isPartOf\":{\"@id\":\"https:\/\/legitgrams.com\/#website\"},\"primaryImageOfPage\":{\"@id\":\"https:\/\/legitgrams.com\/product\/metizolam-2mg-pellets\/#primaryimage\"},\"image\":{\"@id\":\"https:\/\/legitgrams.com\/product\/metizolam-2mg-pellets\/#primaryimage\"},\"thumbnailUrl\":\"https:\/\/legitgrams.com\/wp-content\/uploads\/2024\/09\/buy-metizolam-2mg-pellets-online.jpg\",\"datePublished\":\"2024-09-20T11:22:33+00:00\",\"dateModified\":\"2025-04-04T12:41:09+00:00\",\"description\":\"Your order for Metizolam 2mg Pellets for sale is our responsibility. We will take your order to buy Metizolam 2mg Pellets into consideration and reach you in a short period. Place bulk orders now!\",\"breadcrumb\":{\"@id\":\"https:\/\/legitgrams.com\/product\/metizolam-2mg-pellets\/#breadcrumb\"},\"inLanguage\":\"es\",\"potentialAction\":[{\"@type\":\"ReadAction\",\"target\":[\"https:\/\/legitgrams.com\/product\/metizolam-2mg-pellets\/\"]}]},{\"@type\":\"ImageObject\",\"inLanguage\":\"es\",\"@id\":\"https:\/\/legitgrams.com\/product\/metizolam-2mg-pellets\/#primaryimage\",\"url\":\"https:\/\/legitgrams.com\/wp-content\/uploads\/2024\/09\/buy-metizolam-2mg-pellets-online.jpg\",\"contentUrl\":\"https:\/\/legitgrams.com\/wp-content\/uploads\/2024\/09\/buy-metizolam-2mg-pellets-online.jpg\",\"width\":600,\"height\":600,\"caption\":\"Metizolam 2mg Pellets for Sale\"},{\"@type\":\"BreadcrumbList\",\"@id\":\"https:\/\/legitgrams.com\/product\/metizolam-2mg-pellets\/#breadcrumb\",\"itemListElement\":[{\"@type\":\"ListItem\",\"position\":1,\"name\":\"Home\",\"item\":\"https:\/\/legitgrams.com\/\"},{\"@type\":\"ListItem\",\"position\":2,\"name\":\"Shop\",\"item\":\"https:\/\/legitgrams.com\/shop\/\"},{\"@type\":\"ListItem\",\"position\":3,\"name\":\"Buy Metizolam 2mg Pellets Online\"}]},{\"@type\":\"WebSite\",\"@id\":\"https:\/\/legitgrams.com\/#website\",\"url\":\"https:\/\/legitgrams.com\/\",\"name\":\"Legit Grams\",\"description\":\"My WordPress Blog\",\"publisher\":{\"@id\":\"https:\/\/legitgrams.com\/#organization\"},\"potentialAction\":[{\"@type\":\"SearchAction\",\"target\":{\"@type\":\"EntryPoint\",\"urlTemplate\":\"https:\/\/legitgrams.com\/?s={search_term_string}\"},\"query-input\":{\"@type\":\"PropertyValueSpecification\",\"valueRequired\":true,\"valueName\":\"search_term_string\"}}],\"inLanguage\":\"es\"},{\"@type\":\"Organization\",\"@id\":\"https:\/\/legitgrams.com\/#organization\",\"name\":\"Legit Grams\",\"url\":\"https:\/\/legitgrams.com\/\",\"logo\":{\"@type\":\"ImageObject\",\"inLanguage\":\"es\",\"@id\":\"https:\/\/legitgrams.com\/#\/schema\/logo\/image\/\",\"url\":\"https:\/\/legitgrams.com\/wp-content\/uploads\/2024\/09\/main-logo.png\",\"contentUrl\":\"https:\/\/legitgrams.com\/wp-content\/uploads\/2024\/09\/main-logo.png\",\"width\":270,\"height\":75,\"caption\":\"Legit Grams\"},\"image\":{\"@id\":\"https:\/\/legitgrams.com\/#\/schema\/logo\/image\/\"}}]}<\/script>\n<!-- \/ Yoast SEO plugin. -->","yoast_head_json":{"title":"Metizolam 2mg Pellets en venta - Comprar Metizolam 2mg Pellets en l\u00ednea","description":"Su pedido de Metizolam 2mg Pellets para la venta es nuestra responsabilidad. Tendremos en cuenta su pedido para comprar Metizolam 2mg Pellets y se lo haremos llegar en un breve periodo de tiempo. \u00a1Haga pedidos al por mayor ahora!","robots":{"index":"index","follow":"follow","max-snippet":"max-snippet:-1","max-image-preview":"max-image-preview:large","max-video-preview":"max-video-preview:-1"},"canonical":"https:\/\/legitgrams.com\/es\/producto\/metizolam-2mg-granulos\/","og_locale":"es_ES","og_type":"article","og_title":"Metizolam 2mg Pellets for Sale - Buy Metizolam 2mg Pellets Online","og_description":"Your order for Metizolam 2mg Pellets for sale is our responsibility. We will take your order to buy Metizolam 2mg Pellets into consideration and reach you in a short period. Place bulk orders now!","og_url":"https:\/\/legitgrams.com\/es\/producto\/metizolam-2mg-granulos\/","og_site_name":"Legit Grams","article_modified_time":"2025-04-04T12:41:09+00:00","og_image":[{"width":600,"height":600,"url":"https:\/\/legitgrams.com\/wp-content\/uploads\/2024\/09\/buy-metizolam-2mg-pellets-online.jpg","type":"image\/jpeg"}],"twitter_card":"summary_large_image","twitter_misc":{"Tiempo de lectura":"2 minutos"},"schema":{"@context":"https:\/\/schema.org","@graph":[{"@type":"WebPage","@id":"https:\/\/legitgrams.com\/product\/metizolam-2mg-pellets\/","url":"https:\/\/legitgrams.com\/product\/metizolam-2mg-pellets\/","name":"Metizolam 2mg Pellets en venta - Comprar Metizolam 2mg Pellets en l\u00ednea","isPartOf":{"@id":"https:\/\/legitgrams.com\/#website"},"primaryImageOfPage":{"@id":"https:\/\/legitgrams.com\/product\/metizolam-2mg-pellets\/#primaryimage"},"image":{"@id":"https:\/\/legitgrams.com\/product\/metizolam-2mg-pellets\/#primaryimage"},"thumbnailUrl":"https:\/\/legitgrams.com\/wp-content\/uploads\/2024\/09\/buy-metizolam-2mg-pellets-online.jpg","datePublished":"2024-09-20T11:22:33+00:00","dateModified":"2025-04-04T12:41:09+00:00","description":"Su pedido de Metizolam 2mg Pellets para la venta es nuestra responsabilidad. Tendremos en cuenta su pedido para comprar Metizolam 2mg Pellets y se lo haremos llegar en un breve periodo de tiempo. \u00a1Haga pedidos al por mayor ahora!","breadcrumb":{"@id":"https:\/\/legitgrams.com\/product\/metizolam-2mg-pellets\/#breadcrumb"},"inLanguage":"es","potentialAction":[{"@type":"ReadAction","target":["https:\/\/legitgrams.com\/product\/metizolam-2mg-pellets\/"]}]},{"@type":"ImageObject","inLanguage":"es","@id":"https:\/\/legitgrams.com\/product\/metizolam-2mg-pellets\/#primaryimage","url":"https:\/\/legitgrams.com\/wp-content\/uploads\/2024\/09\/buy-metizolam-2mg-pellets-online.jpg","contentUrl":"https:\/\/legitgrams.com\/wp-content\/uploads\/2024\/09\/buy-metizolam-2mg-pellets-online.jpg","width":600,"height":600,"caption":"Metizolam 2mg Pellets for Sale"},{"@type":"BreadcrumbList","@id":"https:\/\/legitgrams.com\/product\/metizolam-2mg-pellets\/#breadcrumb","itemListElement":[{"@type":"ListItem","position":1,"name":"Home","item":"https:\/\/legitgrams.com\/"},{"@type":"ListItem","position":2,"name":"Shop","item":"https:\/\/legitgrams.com\/shop\/"},{"@type":"ListItem","position":3,"name":"Buy Metizolam 2mg Pellets Online"}]},{"@type":"WebSite","@id":"https:\/\/legitgrams.com\/#website","url":"https:\/\/legitgrams.com\/","name":"Gramos leg\u00edtimos","description":"Mi blog de WordPress","publisher":{"@id":"https:\/\/legitgrams.com\/#organization"},"potentialAction":[{"@type":"SearchAction","target":{"@type":"EntryPoint","urlTemplate":"https:\/\/legitgrams.com\/?s={search_term_string}"},"query-input":{"@type":"PropertyValueSpecification","valueRequired":true,"valueName":"search_term_string"}}],"inLanguage":"es"},{"@type":"Organization","@id":"https:\/\/legitgrams.com\/#organization","name":"Gramos leg\u00edtimos","url":"https:\/\/legitgrams.com\/","logo":{"@type":"ImageObject","inLanguage":"es","@id":"https:\/\/legitgrams.com\/#\/schema\/logo\/image\/","url":"https:\/\/legitgrams.com\/wp-content\/uploads\/2024\/09\/main-logo.png","contentUrl":"https:\/\/legitgrams.com\/wp-content\/uploads\/2024\/09\/main-logo.png","width":270,"height":75,"caption":"Legit Grams"},"image":{"@id":"https:\/\/legitgrams.com\/#\/schema\/logo\/image\/"}}]}},"uagb_featured_image_src":{"full":["https:\/\/legitgrams.com\/wp-content\/uploads\/2024\/09\/buy-metizolam-2mg-pellets-online.jpg",600,600,false],"thumbnail":["https:\/\/legitgrams.com\/wp-content\/uploads\/2024\/09\/buy-metizolam-2mg-pellets-online-150x150.jpg",150,150,true],"medium":["https:\/\/legitgrams.com\/wp-content\/uploads\/2024\/09\/buy-metizolam-2mg-pellets-online-300x300.jpg",300,300,true],"medium_large":["https:\/\/legitgrams.com\/wp-content\/uploads\/2024\/09\/buy-metizolam-2mg-pellets-online.jpg",600,600,false],"large":["https:\/\/legitgrams.com\/wp-content\/uploads\/2024\/09\/buy-metizolam-2mg-pellets-online.jpg",600,600,false],"1536x1536":["https:\/\/legitgrams.com\/wp-content\/uploads\/2024\/09\/buy-metizolam-2mg-pellets-online.jpg",600,600,false],"2048x2048":["https:\/\/legitgrams.com\/wp-content\/uploads\/2024\/09\/buy-metizolam-2mg-pellets-online.jpg",600,600,false],"trp-custom-language-flag":["https:\/\/legitgrams.com\/wp-content\/uploads\/2024\/09\/buy-metizolam-2mg-pellets-online-12x12.jpg",12,12,true],"woocommerce_thumbnail":["https:\/\/legitgrams.com\/wp-content\/uploads\/2024\/09\/buy-metizolam-2mg-pellets-online-300x300.jpg",300,300,true],"woocommerce_single":["https:\/\/legitgrams.com\/wp-content\/uploads\/2024\/09\/buy-metizolam-2mg-pellets-online.jpg",600,600,false],"woocommerce_gallery_thumbnail":["https:\/\/legitgrams.com\/wp-content\/uploads\/2024\/09\/buy-metizolam-2mg-pellets-online-100x100.jpg",100,100,true]},"uagb_author_info":{"display_name":"cokeblog18","author_link":"https:\/\/legitgrams.com\/es\/author\/"},"uagb_comment_info":0,"uagb_excerpt":"Purchase 2 mg Metizolam Pellets online. Metizolam, commonly referred to as demethylethizolam, is a thienodiazepine that is strongly associated with the increasing popularity of etizolam. Because a thiophene ring is used in place of the benzene ring, methizolam molecules differ from benzodiazepines. We only have two milligram pellets of metisolam or, for more seasoned researchers,&hellip;","_links":{"self":[{"href":"https:\/\/legitgrams.com\/es\/wp-json\/wp\/v2\/product\/3922","targetHints":{"allow":["GET"]}}],"collection":[{"href":"https:\/\/legitgrams.com\/es\/wp-json\/wp\/v2\/product"}],"about":[{"href":"https:\/\/legitgrams.com\/es\/wp-json\/wp\/v2\/types\/product"}],"replies":[{"embeddable":true,"href":"https:\/\/legitgrams.com\/es\/wp-json\/wp\/v2\/comments?post=3922"}],"wp:featuredmedia":[{"embeddable":true,"href":"https:\/\/legitgrams.com\/es\/wp-json\/wp\/v2\/media\/5290"}],"wp:attachment":[{"href":"https:\/\/legitgrams.com\/es\/wp-json\/wp\/v2\/media?parent=3922"}],"wp:term":[{"taxonomy":"product_brand","embeddable":true,"href":"https:\/\/legitgrams.com\/es\/wp-json\/wp\/v2\/product_brand?post=3922"},{"taxonomy":"product_cat","embeddable":true,"href":"https:\/\/legitgrams.com\/es\/wp-json\/wp\/v2\/product_cat?post=3922"},{"taxonomy":"product_tag","embeddable":true,"href":"https:\/\/legitgrams.com\/es\/wp-json\/wp\/v2\/product_tag?post=3922"}],"curies":[{"name":"wp","href":"https:\/\/api.w.org\/{rel}","templated":true}]}}