{"id":3929,"date":"2024-09-20T11:35:44","date_gmt":"2024-09-20T11:35:44","guid":{"rendered":"https:\/\/legitgrams.com\/?post_type=product&#038;p=3929"},"modified":"2025-01-14T06:48:19","modified_gmt":"2025-01-14T06:48:19","slug":"jwh-200","status":"publish","type":"product","link":"https:\/\/legitgrams.com\/es\/producto\/jwh-200\/","title":{"rendered":"JWH-200"},"content":{"rendered":"<h2>Compre polvo JWH-200 en l\u00ednea. Polvo JWH-200:<\/h2>\n<p><a href=\"https:\/\/legitgrams.com\/es\/producto\/jwh-200\/\">JWH-200<\/a> es un analg\u00e9sico y agonista del receptor de cannabinoides que pertenece a la familia de los aminoalquinilos. JWH 200 es un aminoalquilindol que se une al receptor de cannabinoides (CB). Tiene una fuerte afinidad por el receptor CB1 (IC50 = 7,8-42 nM).<\/p>\n<p>El JWH 200 es un aminoalquilindol que se une al receptor cannabinoide (CB). Tiene una fuerte afinidad por el receptor CB1 (IC50 = 7,8\u201342 nM). 1.2. El JWH 200 super\u00f3 o super\u00f3 al 99-THC o al WIN 55.212 en pruebas de hipotermia, inmovilidad del anillo, latencia de la cola y actividad locomotora. <a href=\"https:\/\/legitgrams.com\/es\/\">LegitGrams<\/a><\/p>\n<p>Comprar polvo JWH-200 en l\u00ednea: comprar polvo, comprar <a href=\"https:\/\/en.wikipedia.org\/wiki\/JWH-200\">JWH-200<\/a> Polvo, comprar polvo en internet, \u00bfD\u00f3nde puedo comprar polvo JWH-200? \u00bfPolvo JWH-200 a la venta? \u00bfPolvo a la venta? Compra de polvo JWH-200 en internet, D\u00f3nde comprar polvo JWH-200, El polvo JWH-200 est\u00e1 disponible para comprar en l\u00ednea, de proveedores y con entrega segura en los EE. UU., Canad\u00e1 y el Reino Unido. El polvo JWH-200 todav\u00eda est\u00e1 disponible. C\u00f3mo comprar JWH-200 en polvo \u00bfPuedo obtener polvo JWH-200 en l\u00ednea en los EE. UU. y es legal en Canad\u00e1?<\/p>\n<h2><\/h2>\n<p>&nbsp;<\/p>","protected":false},"excerpt":{"rendered":"<p>Purchase JWH-200 powder online. JWH-200 powder: JWH-200 is an analgesic and cannabinoid receptor agonist that is a member of the aminoalkynyl family. JWH 200 is an aminoalkylindole that binds to the cannabinoid receptor (CB). It has a strong affinity for the CB1 receptor (IC50 = 7.8-42 nM). JWH 200 is an aminoalkylindole that binds to &hellip;<\/p>\n<p class=\"read-more\"> <a class=\"\" href=\"https:\/\/legitgrams.com\/es\/producto\/jwh-200\/\"> <span class=\"screen-reader-text\">JWH-200<\/span> Leer m\u00e1s \"<\/a><\/p>","protected":false},"featured_media":5324,"comment_status":"open","ping_status":"closed","template":"","meta":{"_uag_custom_page_level_css":"","site-sidebar-layout":"default","site-content-layout":"default","ast-global-header-display":"","ast-main-header-display":"","ast-hfb-above-header-display":"","ast-hfb-below-header-display":"","ast-hfb-mobile-header-display":"","site-post-title":"","ast-breadcrumbs-content":"","ast-featured-img":"","footer-sml-layout":"","theme-transparent-header-meta":"default","adv-header-id-meta":"","stick-header-meta":"default","header-above-stick-meta":"","header-main-stick-meta":"","header-below-stick-meta":"","_joinchat":[]},"product_brand":[],"product_cat":[600],"product_tag":[3774,3764,617,3756,3771,3768,3763,3755,3758,3759,3766,3757,3767,3769,3776,3777,3775,3772,3761,3773,3770,625,3762,3765,3760],"class_list":{"0":"post-3929","1":"product","2":"type-product","3":"status-publish","4":"has-post-thumbnail","6":"product_cat-research-chemicals-and-bath-salt","7":"product_tag-best-cheap-price-jwh-200","8":"product_tag-best-place-to-buy-jwh-200","9":"product_tag-bulk-online","10":"product_tag-buy-jwh-200","11":"product_tag-cheap-jwh-200","12":"product_tag-high-quality-jwh-200","13":"product_tag-how-to-buy-jwh-200","14":"product_tag-jwh-200","15":"product_tag-jwh-200-for-sale","16":"product_tag-jwh-200-jwh-200-supplier","17":"product_tag-jwh-200-legally","18":"product_tag-jwh-200-online","19":"product_tag-jwh-200-price","20":"product_tag-jwh-200-store","21":"product_tag-jwh-200-use","22":"product_tag-jwh-200-wiki","23":"product_tag-jwh-200-worldwide","24":"product_tag-jwh-200s","25":"product_tag-order-jwh-200","26":"product_tag-purcharse-jwh-200","27":"product_tag-shop-jwh-200","28":"product_tag-top-quality","29":"product_tag-where-to-buy-jwh-200","30":"product_tag-where-to-order-jwh-200","31":"product_tag-wholesale-jwh-200","32":"desktop-align-left","33":"tablet-align-left","34":"mobile-align-left","35":"ast-product-gallery-layout-horizontal","36":"ast-product-gallery-with-no-image","37":"ast-product-single-variable","38":"ast-product-tabs-layout-horizontal","39":"ast-qv-on-image","41":"first","42":"instock","43":"shipping-taxable","44":"purchasable","45":"product-type-variable"},"yoast_head":"<!-- This site is optimized with the Yoast SEO plugin v25.9 - https:\/\/yoast.com\/wordpress\/plugins\/seo\/ -->\n<title>JWH-200 for Sale - Order JWH-200 Online with Discreet Shipping<\/title>\n<meta name=\"description\" content=\"You can buy JWH-20 online at the best prices from our online store. We have cheap and high-quality JWH-20 for sale and providing worldwide delivery. You can order from anytime, anywhere.\" \/>\n<meta name=\"robots\" content=\"index, follow, max-snippet:-1, max-image-preview:large, max-video-preview:-1\" \/>\n<link rel=\"canonical\" href=\"https:\/\/legitgrams.com\/es\/producto\/jwh-200\/\" \/>\n<meta property=\"og:locale\" content=\"es_ES\" \/>\n<meta property=\"og:type\" content=\"article\" \/>\n<meta property=\"og:title\" content=\"JWH-200 for Sale - Order JWH-200 Online with Discreet Shipping\" \/>\n<meta property=\"og:description\" content=\"You can buy JWH-20 online at the best prices from our online store. We have cheap and high-quality JWH-20 for sale and providing worldwide delivery. You can order from anytime, anywhere.\" \/>\n<meta property=\"og:url\" content=\"https:\/\/legitgrams.com\/es\/producto\/jwh-200\/\" \/>\n<meta property=\"og:site_name\" content=\"Legit Grams\" \/>\n<meta property=\"article:modified_time\" content=\"2025-01-14T06:48:19+00:00\" \/>\n<meta property=\"og:image\" content=\"https:\/\/legitgrams.com\/wp-content\/uploads\/2024\/09\/Buy-JWH-200-powder-online.jpg\" \/>\n\t<meta property=\"og:image:width\" content=\"600\" \/>\n\t<meta property=\"og:image:height\" content=\"600\" \/>\n\t<meta property=\"og:image:type\" content=\"image\/jpeg\" \/>\n<meta name=\"twitter:card\" content=\"summary_large_image\" \/>\n<meta name=\"twitter:label1\" content=\"Tiempo de lectura\" \/>\n\t<meta name=\"twitter:data1\" content=\"1 minuto\" \/>\n<script type=\"application\/ld+json\" class=\"yoast-schema-graph\">{\"@context\":\"https:\/\/schema.org\",\"@graph\":[{\"@type\":\"WebPage\",\"@id\":\"https:\/\/legitgrams.com\/product\/jwh-200\/\",\"url\":\"https:\/\/legitgrams.com\/product\/jwh-200\/\",\"name\":\"JWH-200 for Sale - Order JWH-200 Online with Discreet Shipping\",\"isPartOf\":{\"@id\":\"https:\/\/legitgrams.com\/#website\"},\"primaryImageOfPage\":{\"@id\":\"https:\/\/legitgrams.com\/product\/jwh-200\/#primaryimage\"},\"image\":{\"@id\":\"https:\/\/legitgrams.com\/product\/jwh-200\/#primaryimage\"},\"thumbnailUrl\":\"https:\/\/legitgrams.com\/wp-content\/uploads\/2024\/09\/Buy-JWH-200-powder-online.jpg\",\"datePublished\":\"2024-09-20T11:35:44+00:00\",\"dateModified\":\"2025-01-14T06:48:19+00:00\",\"description\":\"You can buy JWH-20 online at the best prices from our online store. We have cheap and high-quality JWH-20 for sale and providing worldwide delivery. You can order from anytime, anywhere.\",\"breadcrumb\":{\"@id\":\"https:\/\/legitgrams.com\/product\/jwh-200\/#breadcrumb\"},\"inLanguage\":\"es\",\"potentialAction\":[{\"@type\":\"ReadAction\",\"target\":[\"https:\/\/legitgrams.com\/product\/jwh-200\/\"]}]},{\"@type\":\"ImageObject\",\"inLanguage\":\"es\",\"@id\":\"https:\/\/legitgrams.com\/product\/jwh-200\/#primaryimage\",\"url\":\"https:\/\/legitgrams.com\/wp-content\/uploads\/2024\/09\/Buy-JWH-200-powder-online.jpg\",\"contentUrl\":\"https:\/\/legitgrams.com\/wp-content\/uploads\/2024\/09\/Buy-JWH-200-powder-online.jpg\",\"width\":600,\"height\":600,\"caption\":\"JWH-200 for Sale\"},{\"@type\":\"BreadcrumbList\",\"@id\":\"https:\/\/legitgrams.com\/product\/jwh-200\/#breadcrumb\",\"itemListElement\":[{\"@type\":\"ListItem\",\"position\":1,\"name\":\"Home\",\"item\":\"https:\/\/legitgrams.com\/\"},{\"@type\":\"ListItem\",\"position\":2,\"name\":\"Shop\",\"item\":\"https:\/\/legitgrams.com\/shop\/\"},{\"@type\":\"ListItem\",\"position\":3,\"name\":\"JWH-200\"}]},{\"@type\":\"WebSite\",\"@id\":\"https:\/\/legitgrams.com\/#website\",\"url\":\"https:\/\/legitgrams.com\/\",\"name\":\"Legit Grams\",\"description\":\"My WordPress Blog\",\"publisher\":{\"@id\":\"https:\/\/legitgrams.com\/#organization\"},\"potentialAction\":[{\"@type\":\"SearchAction\",\"target\":{\"@type\":\"EntryPoint\",\"urlTemplate\":\"https:\/\/legitgrams.com\/?s={search_term_string}\"},\"query-input\":{\"@type\":\"PropertyValueSpecification\",\"valueRequired\":true,\"valueName\":\"search_term_string\"}}],\"inLanguage\":\"es\"},{\"@type\":\"Organization\",\"@id\":\"https:\/\/legitgrams.com\/#organization\",\"name\":\"Legit Grams\",\"url\":\"https:\/\/legitgrams.com\/\",\"logo\":{\"@type\":\"ImageObject\",\"inLanguage\":\"es\",\"@id\":\"https:\/\/legitgrams.com\/#\/schema\/logo\/image\/\",\"url\":\"https:\/\/legitgrams.com\/wp-content\/uploads\/2024\/09\/main-logo.png\",\"contentUrl\":\"https:\/\/legitgrams.com\/wp-content\/uploads\/2024\/09\/main-logo.png\",\"width\":270,\"height\":75,\"caption\":\"Legit Grams\"},\"image\":{\"@id\":\"https:\/\/legitgrams.com\/#\/schema\/logo\/image\/\"}}]}<\/script>\n<!-- \/ Yoast SEO plugin. -->","yoast_head_json":{"title":"JWH-200 for Sale - Ordene JWH-200 en l\u00ednea con env\u00edo discreto","description":"Usted puede comprar JWH-20 en l\u00ednea a los mejores precios de nuestra tienda en l\u00ednea. Tenemos JWH-20 barato y de alta calidad para la venta y proporcionar la entrega en todo el mundo. Usted puede ordenar en cualquier momento y en cualquier lugar.","robots":{"index":"index","follow":"follow","max-snippet":"max-snippet:-1","max-image-preview":"max-image-preview:large","max-video-preview":"max-video-preview:-1"},"canonical":"https:\/\/legitgrams.com\/es\/producto\/jwh-200\/","og_locale":"es_ES","og_type":"article","og_title":"JWH-200 for Sale - Order JWH-200 Online with Discreet Shipping","og_description":"You can buy JWH-20 online at the best prices from our online store. We have cheap and high-quality JWH-20 for sale and providing worldwide delivery. You can order from anytime, anywhere.","og_url":"https:\/\/legitgrams.com\/es\/producto\/jwh-200\/","og_site_name":"Legit Grams","article_modified_time":"2025-01-14T06:48:19+00:00","og_image":[{"width":600,"height":600,"url":"https:\/\/legitgrams.com\/wp-content\/uploads\/2024\/09\/Buy-JWH-200-powder-online.jpg","type":"image\/jpeg"}],"twitter_card":"summary_large_image","twitter_misc":{"Tiempo de lectura":"1 minuto"},"schema":{"@context":"https:\/\/schema.org","@graph":[{"@type":"WebPage","@id":"https:\/\/legitgrams.com\/product\/jwh-200\/","url":"https:\/\/legitgrams.com\/product\/jwh-200\/","name":"JWH-200 for Sale - Ordene JWH-200 en l\u00ednea con env\u00edo discreto","isPartOf":{"@id":"https:\/\/legitgrams.com\/#website"},"primaryImageOfPage":{"@id":"https:\/\/legitgrams.com\/product\/jwh-200\/#primaryimage"},"image":{"@id":"https:\/\/legitgrams.com\/product\/jwh-200\/#primaryimage"},"thumbnailUrl":"https:\/\/legitgrams.com\/wp-content\/uploads\/2024\/09\/Buy-JWH-200-powder-online.jpg","datePublished":"2024-09-20T11:35:44+00:00","dateModified":"2025-01-14T06:48:19+00:00","description":"Usted puede comprar JWH-20 en l\u00ednea a los mejores precios de nuestra tienda en l\u00ednea. Tenemos JWH-20 barato y de alta calidad para la venta y proporcionar la entrega en todo el mundo. Usted puede ordenar en cualquier momento y en cualquier lugar.","breadcrumb":{"@id":"https:\/\/legitgrams.com\/product\/jwh-200\/#breadcrumb"},"inLanguage":"es","potentialAction":[{"@type":"ReadAction","target":["https:\/\/legitgrams.com\/product\/jwh-200\/"]}]},{"@type":"ImageObject","inLanguage":"es","@id":"https:\/\/legitgrams.com\/product\/jwh-200\/#primaryimage","url":"https:\/\/legitgrams.com\/wp-content\/uploads\/2024\/09\/Buy-JWH-200-powder-online.jpg","contentUrl":"https:\/\/legitgrams.com\/wp-content\/uploads\/2024\/09\/Buy-JWH-200-powder-online.jpg","width":600,"height":600,"caption":"JWH-200 for Sale"},{"@type":"BreadcrumbList","@id":"https:\/\/legitgrams.com\/product\/jwh-200\/#breadcrumb","itemListElement":[{"@type":"ListItem","position":1,"name":"Home","item":"https:\/\/legitgrams.com\/"},{"@type":"ListItem","position":2,"name":"Shop","item":"https:\/\/legitgrams.com\/shop\/"},{"@type":"ListItem","position":3,"name":"JWH-200"}]},{"@type":"WebSite","@id":"https:\/\/legitgrams.com\/#website","url":"https:\/\/legitgrams.com\/","name":"Gramos leg\u00edtimos","description":"Mi blog de WordPress","publisher":{"@id":"https:\/\/legitgrams.com\/#organization"},"potentialAction":[{"@type":"SearchAction","target":{"@type":"EntryPoint","urlTemplate":"https:\/\/legitgrams.com\/?s={search_term_string}"},"query-input":{"@type":"PropertyValueSpecification","valueRequired":true,"valueName":"search_term_string"}}],"inLanguage":"es"},{"@type":"Organization","@id":"https:\/\/legitgrams.com\/#organization","name":"Gramos leg\u00edtimos","url":"https:\/\/legitgrams.com\/","logo":{"@type":"ImageObject","inLanguage":"es","@id":"https:\/\/legitgrams.com\/#\/schema\/logo\/image\/","url":"https:\/\/legitgrams.com\/wp-content\/uploads\/2024\/09\/main-logo.png","contentUrl":"https:\/\/legitgrams.com\/wp-content\/uploads\/2024\/09\/main-logo.png","width":270,"height":75,"caption":"Legit Grams"},"image":{"@id":"https:\/\/legitgrams.com\/#\/schema\/logo\/image\/"}}]}},"uagb_featured_image_src":{"full":["https:\/\/legitgrams.com\/wp-content\/uploads\/2024\/09\/Buy-JWH-200-powder-online.jpg",600,600,false],"thumbnail":["https:\/\/legitgrams.com\/wp-content\/uploads\/2024\/09\/Buy-JWH-200-powder-online-150x150.jpg",150,150,true],"medium":["https:\/\/legitgrams.com\/wp-content\/uploads\/2024\/09\/Buy-JWH-200-powder-online-300x300.jpg",300,300,true],"medium_large":["https:\/\/legitgrams.com\/wp-content\/uploads\/2024\/09\/Buy-JWH-200-powder-online.jpg",600,600,false],"large":["https:\/\/legitgrams.com\/wp-content\/uploads\/2024\/09\/Buy-JWH-200-powder-online.jpg",600,600,false],"1536x1536":["https:\/\/legitgrams.com\/wp-content\/uploads\/2024\/09\/Buy-JWH-200-powder-online.jpg",600,600,false],"2048x2048":["https:\/\/legitgrams.com\/wp-content\/uploads\/2024\/09\/Buy-JWH-200-powder-online.jpg",600,600,false],"trp-custom-language-flag":["https:\/\/legitgrams.com\/wp-content\/uploads\/2024\/09\/Buy-JWH-200-powder-online-12x12.jpg",12,12,true],"woocommerce_thumbnail":["https:\/\/legitgrams.com\/wp-content\/uploads\/2024\/09\/Buy-JWH-200-powder-online-300x300.jpg",300,300,true],"woocommerce_single":["https:\/\/legitgrams.com\/wp-content\/uploads\/2024\/09\/Buy-JWH-200-powder-online.jpg",600,600,false],"woocommerce_gallery_thumbnail":["https:\/\/legitgrams.com\/wp-content\/uploads\/2024\/09\/Buy-JWH-200-powder-online-100x100.jpg",100,100,true]},"uagb_author_info":{"display_name":"cokeblog18","author_link":"https:\/\/legitgrams.com\/es\/author\/"},"uagb_comment_info":0,"uagb_excerpt":"Purchase JWH-200 powder online. JWH-200 powder: JWH-200 is an analgesic and cannabinoid receptor agonist that is a member of the aminoalkynyl family. JWH 200 is an aminoalkylindole that binds to the cannabinoid receptor (CB). It has a strong affinity for the CB1 receptor (IC50 = 7.8-42 nM). JWH 200 is an aminoalkylindole that binds to&hellip;","_links":{"self":[{"href":"https:\/\/legitgrams.com\/es\/wp-json\/wp\/v2\/product\/3929","targetHints":{"allow":["GET"]}}],"collection":[{"href":"https:\/\/legitgrams.com\/es\/wp-json\/wp\/v2\/product"}],"about":[{"href":"https:\/\/legitgrams.com\/es\/wp-json\/wp\/v2\/types\/product"}],"replies":[{"embeddable":true,"href":"https:\/\/legitgrams.com\/es\/wp-json\/wp\/v2\/comments?post=3929"}],"wp:featuredmedia":[{"embeddable":true,"href":"https:\/\/legitgrams.com\/es\/wp-json\/wp\/v2\/media\/5324"}],"wp:attachment":[{"href":"https:\/\/legitgrams.com\/es\/wp-json\/wp\/v2\/media?parent=3929"}],"wp:term":[{"taxonomy":"product_brand","embeddable":true,"href":"https:\/\/legitgrams.com\/es\/wp-json\/wp\/v2\/product_brand?post=3929"},{"taxonomy":"product_cat","embeddable":true,"href":"https:\/\/legitgrams.com\/es\/wp-json\/wp\/v2\/product_cat?post=3929"},{"taxonomy":"product_tag","embeddable":true,"href":"https:\/\/legitgrams.com\/es\/wp-json\/wp\/v2\/product_tag?post=3929"}],"curies":[{"name":"wp","href":"https:\/\/api.w.org\/{rel}","templated":true}]}}