{"id":3934,"date":"2024-09-20T11:43:54","date_gmt":"2024-09-20T11:43:54","guid":{"rendered":"https:\/\/legitgrams.com\/?post_type=product&#038;p=3934"},"modified":"2025-01-15T05:30:33","modified_gmt":"2025-01-15T05:30:33","slug":"sal-de-bano-rock-on","status":"publish","type":"product","link":"https:\/\/legitgrams.com\/es\/producto\/sal-de-bano-rock-on\/","title":{"rendered":"Sal de ba\u00f1o Rock On"},"content":{"rendered":"<h2>Comprar sales de ba\u00f1o Rock On en l\u00ednea<\/h2>\n<p>Como ya se ha dicho, esta sal rosa tiene ingredientes potentes y respetuosos con la piel que son necesarios para la elaboraci\u00f3n de productos de cuidado personal. El magnesio act\u00faa como un escudo que protege la piel de los efectos nocivos de los cosm\u00e9ticos que contienen sustancias qu\u00edmicas. El potasio ayuda a reducir las l\u00edneas finas y las arrugas y a estabilizar el contenido de humedad de la piel. El zinc, componente necesario para una piel radiante, mantiene el aspecto sereno y tranquilo de la piel. Esto indica que, puesto que la sal gema rosa no irrita ni crea rojeces en la piel, puede ser utilizada incluso por quienes tienen la piel sensible. Esto aporta una serie de razones para incluir las sales de ba\u00f1o del Himalaya en su lista de art\u00edculos imprescindibles para el cuidado de la piel. <a href=\"https:\/\/legitgrams.com\/es\/\">LegitGrams<\/a><\/p>\n<p>Comprar en l\u00ednea <a href=\"https:\/\/legitgrams.com\/es\/producto\/sal-de-bano-rock-on\/\">Sal de ba\u00f1o Rock On<\/a> - Comprar Rock On Bath Salt, Comprar Rock On Bath Salt USA, Comprar Rock On Bath Salt Online USA, Donde Comprar Rock On Bath Salt, Comprar Rock On Bath Salt en Venta, Comprar Rock On Bath Salt Online Cerca de Mi, Donde Comprar Rock On Bath Salt Online, Comprar Rock On Bath Salt <a href=\"https:\/\/en.wikipedia.org\/wiki\/Bath_salts\">Sal de ba\u00f1o<\/a> en venta en EE.UU., Canad\u00e1, Reino Unido, compra, en l\u00ednea, proveedores, entrega segura, Todav\u00eda es posible comprar Rock On Bath Salt, averiguar si es legal en los Estados Unidos, adquirir Rock On Bath Salt en l\u00ednea y averiguar si es legal en Canad\u00e1.<\/p>","protected":false},"excerpt":{"rendered":"<p>Purchase Rock On Bath Salt Online As previously said, this pink salt has potent and skin-friendly ingredients that are necessary for the production of personal care products. Magnesium functions as a shield to shield the skin from the damaging effects of cosmetics that contain chemicals. Potassium aids in reducing fine lines and wrinkles and stabilizing &hellip;<\/p>\n<p class=\"read-more\"> <a class=\"\" href=\"https:\/\/legitgrams.com\/es\/producto\/sal-de-bano-rock-on\/\"> <span class=\"screen-reader-text\">Sal de ba\u00f1o Rock On<\/span> Leer m\u00e1s \"<\/a><\/p>","protected":false},"featured_media":5314,"comment_status":"open","ping_status":"closed","template":"","meta":{"_uag_custom_page_level_css":"","site-sidebar-layout":"default","site-content-layout":"default","ast-global-header-display":"","ast-main-header-display":"","ast-hfb-above-header-display":"","ast-hfb-below-header-display":"","ast-hfb-mobile-header-display":"","site-post-title":"","ast-breadcrumbs-content":"","ast-featured-img":"","footer-sml-layout":"","theme-transparent-header-meta":"default","adv-header-id-meta":"","stick-header-meta":"default","header-above-stick-meta":"","header-main-stick-meta":"","header-below-stick-meta":"","_joinchat":[]},"product_brand":[],"product_cat":[600],"product_tag":[3728,3718,617,3710,3725,3722,3717,3715,3727,3709,3712,3720,3711,3721,3713,3723,3730,3731,3729,3726,3724,625,3716,3719,3714],"class_list":{"0":"post-3934","1":"product","2":"type-product","3":"status-publish","4":"has-post-thumbnail","6":"product_cat-research-chemicals-and-bath-salt","7":"product_tag-best-cheap-price-rock-on-bath-salt","8":"product_tag-best-place-to-buy-rock-on-bath-salt","9":"product_tag-bulk-online","10":"product_tag-buy-rock-on-bath-salt","11":"product_tag-cheap-rock-on-bath-salt","12":"product_tag-high-quality-rock-on-bath-salt","13":"product_tag-how-to-buy-rock-on-bath-salt","14":"product_tag-order-rock-on-bath-salt","15":"product_tag-purcharse-rock-on-bath-salt","16":"product_tag-rock-on-bath-salt","17":"product_tag-rock-on-bath-salt-for-sale","18":"product_tag-rock-on-bath-salt-legally","19":"product_tag-rock-on-bath-salt-online","20":"product_tag-rock-on-bath-salt-price","21":"product_tag-rock-on-bath-salt-rock-on-bath-salt-supplier","22":"product_tag-rock-on-bath-salt-store","23":"product_tag-rock-on-bath-salt-use","24":"product_tag-rock-on-bath-salt-wiki","25":"product_tag-rock-on-bath-salt-worldwide","26":"product_tag-rock-on-bath-salts","27":"product_tag-shop-rock-on-bath-salt","28":"product_tag-top-quality","29":"product_tag-where-to-buy-rock-on-bath-salt","30":"product_tag-where-to-order-rock-on-bath-salt","31":"product_tag-wholesale-rock-on-bath-salt","32":"desktop-align-left","33":"tablet-align-left","34":"mobile-align-left","35":"ast-product-gallery-layout-horizontal","36":"ast-product-gallery-with-no-image","37":"ast-product-single-variable","38":"ast-product-tabs-layout-horizontal","39":"ast-qv-on-image","41":"first","42":"instock","43":"shipping-taxable","44":"purchasable","45":"product-type-variable"},"yoast_head":"<!-- This site is optimized with the Yoast SEO plugin v25.9 - https:\/\/yoast.com\/wordpress\/plugins\/seo\/ -->\n<title>Rock On Bath Salt for Sale - Buy Rock On Bath Salt Online<\/title>\n<meta name=\"description\" content=\"Explore our online store for rock on bath salt for sale, offering high-quality rock on bath salt. Buy rock on bath salt online securely and embark on your research journey with confidence.\" \/>\n<meta name=\"robots\" content=\"index, follow, max-snippet:-1, max-image-preview:large, max-video-preview:-1\" \/>\n<link rel=\"canonical\" href=\"https:\/\/legitgrams.com\/es\/producto\/sal-de-bano-rock-on\/\" \/>\n<meta property=\"og:locale\" content=\"es_ES\" \/>\n<meta property=\"og:type\" content=\"article\" \/>\n<meta property=\"og:title\" content=\"Rock On Bath Salt for Sale - Buy Rock On Bath Salt Online\" \/>\n<meta property=\"og:description\" content=\"Explore our online store for rock on bath salt for sale, offering high-quality rock on bath salt. Buy rock on bath salt online securely and embark on your research journey with confidence.\" \/>\n<meta property=\"og:url\" content=\"https:\/\/legitgrams.com\/es\/producto\/sal-de-bano-rock-on\/\" \/>\n<meta property=\"og:site_name\" content=\"Legit Grams\" \/>\n<meta property=\"article:modified_time\" content=\"2025-01-15T05:30:33+00:00\" \/>\n<meta property=\"og:image\" content=\"https:\/\/legitgrams.com\/wp-content\/uploads\/2024\/09\/buy-rock-on-bath-salt-online.jpg\" \/>\n\t<meta property=\"og:image:width\" content=\"600\" \/>\n\t<meta property=\"og:image:height\" content=\"600\" \/>\n\t<meta property=\"og:image:type\" content=\"image\/jpeg\" \/>\n<meta name=\"twitter:card\" content=\"summary_large_image\" \/>\n<meta name=\"twitter:label1\" content=\"Tiempo de lectura\" \/>\n\t<meta name=\"twitter:data1\" content=\"2 minutos\" \/>\n<script type=\"application\/ld+json\" class=\"yoast-schema-graph\">{\"@context\":\"https:\/\/schema.org\",\"@graph\":[{\"@type\":\"WebPage\",\"@id\":\"https:\/\/legitgrams.com\/product\/rock-on-bath-salt\/\",\"url\":\"https:\/\/legitgrams.com\/product\/rock-on-bath-salt\/\",\"name\":\"Rock On Bath Salt for Sale - Buy Rock On Bath Salt Online\",\"isPartOf\":{\"@id\":\"https:\/\/legitgrams.com\/#website\"},\"primaryImageOfPage\":{\"@id\":\"https:\/\/legitgrams.com\/product\/rock-on-bath-salt\/#primaryimage\"},\"image\":{\"@id\":\"https:\/\/legitgrams.com\/product\/rock-on-bath-salt\/#primaryimage\"},\"thumbnailUrl\":\"https:\/\/legitgrams.com\/wp-content\/uploads\/2024\/09\/buy-rock-on-bath-salt-online.jpg\",\"datePublished\":\"2024-09-20T11:43:54+00:00\",\"dateModified\":\"2025-01-15T05:30:33+00:00\",\"description\":\"Explore our online store for rock on bath salt for sale, offering high-quality rock on bath salt. Buy rock on bath salt online securely and embark on your research journey with confidence.\",\"breadcrumb\":{\"@id\":\"https:\/\/legitgrams.com\/product\/rock-on-bath-salt\/#breadcrumb\"},\"inLanguage\":\"es\",\"potentialAction\":[{\"@type\":\"ReadAction\",\"target\":[\"https:\/\/legitgrams.com\/product\/rock-on-bath-salt\/\"]}]},{\"@type\":\"ImageObject\",\"inLanguage\":\"es\",\"@id\":\"https:\/\/legitgrams.com\/product\/rock-on-bath-salt\/#primaryimage\",\"url\":\"https:\/\/legitgrams.com\/wp-content\/uploads\/2024\/09\/buy-rock-on-bath-salt-online.jpg\",\"contentUrl\":\"https:\/\/legitgrams.com\/wp-content\/uploads\/2024\/09\/buy-rock-on-bath-salt-online.jpg\",\"width\":600,\"height\":600,\"caption\":\"Rock On Bath Salt for Sale\"},{\"@type\":\"BreadcrumbList\",\"@id\":\"https:\/\/legitgrams.com\/product\/rock-on-bath-salt\/#breadcrumb\",\"itemListElement\":[{\"@type\":\"ListItem\",\"position\":1,\"name\":\"Home\",\"item\":\"https:\/\/legitgrams.com\/\"},{\"@type\":\"ListItem\",\"position\":2,\"name\":\"Shop\",\"item\":\"https:\/\/legitgrams.com\/shop\/\"},{\"@type\":\"ListItem\",\"position\":3,\"name\":\"Rock On Bath Salt\"}]},{\"@type\":\"WebSite\",\"@id\":\"https:\/\/legitgrams.com\/#website\",\"url\":\"https:\/\/legitgrams.com\/\",\"name\":\"Legit Grams\",\"description\":\"My WordPress Blog\",\"publisher\":{\"@id\":\"https:\/\/legitgrams.com\/#organization\"},\"potentialAction\":[{\"@type\":\"SearchAction\",\"target\":{\"@type\":\"EntryPoint\",\"urlTemplate\":\"https:\/\/legitgrams.com\/?s={search_term_string}\"},\"query-input\":{\"@type\":\"PropertyValueSpecification\",\"valueRequired\":true,\"valueName\":\"search_term_string\"}}],\"inLanguage\":\"es\"},{\"@type\":\"Organization\",\"@id\":\"https:\/\/legitgrams.com\/#organization\",\"name\":\"Legit Grams\",\"url\":\"https:\/\/legitgrams.com\/\",\"logo\":{\"@type\":\"ImageObject\",\"inLanguage\":\"es\",\"@id\":\"https:\/\/legitgrams.com\/#\/schema\/logo\/image\/\",\"url\":\"https:\/\/legitgrams.com\/wp-content\/uploads\/2024\/09\/main-logo.png\",\"contentUrl\":\"https:\/\/legitgrams.com\/wp-content\/uploads\/2024\/09\/main-logo.png\",\"width\":270,\"height\":75,\"caption\":\"Legit Grams\"},\"image\":{\"@id\":\"https:\/\/legitgrams.com\/#\/schema\/logo\/image\/\"}}]}<\/script>\n<!-- \/ Yoast SEO plugin. -->","yoast_head_json":{"title":"Venta de sales de ba\u00f1o Rock On - Comprar sales de ba\u00f1o Rock On en l\u00ednea","description":"Explore nuestra tienda en l\u00ednea para la roca en la sal de ba\u00f1o para la venta, ofreciendo la roca de alta calidad en la sal de ba\u00f1o. Compra sal de ba\u00f1o de roca en l\u00ednea de forma segura y emb\u00e1rcate en tu viaje de investigaci\u00f3n con confianza.","robots":{"index":"index","follow":"follow","max-snippet":"max-snippet:-1","max-image-preview":"max-image-preview:large","max-video-preview":"max-video-preview:-1"},"canonical":"https:\/\/legitgrams.com\/es\/producto\/sal-de-bano-rock-on\/","og_locale":"es_ES","og_type":"article","og_title":"Rock On Bath Salt for Sale - Buy Rock On Bath Salt Online","og_description":"Explore our online store for rock on bath salt for sale, offering high-quality rock on bath salt. Buy rock on bath salt online securely and embark on your research journey with confidence.","og_url":"https:\/\/legitgrams.com\/es\/producto\/sal-de-bano-rock-on\/","og_site_name":"Legit Grams","article_modified_time":"2025-01-15T05:30:33+00:00","og_image":[{"width":600,"height":600,"url":"https:\/\/legitgrams.com\/wp-content\/uploads\/2024\/09\/buy-rock-on-bath-salt-online.jpg","type":"image\/jpeg"}],"twitter_card":"summary_large_image","twitter_misc":{"Tiempo de lectura":"2 minutos"},"schema":{"@context":"https:\/\/schema.org","@graph":[{"@type":"WebPage","@id":"https:\/\/legitgrams.com\/product\/rock-on-bath-salt\/","url":"https:\/\/legitgrams.com\/product\/rock-on-bath-salt\/","name":"Venta de sales de ba\u00f1o Rock On - Comprar sales de ba\u00f1o Rock On en l\u00ednea","isPartOf":{"@id":"https:\/\/legitgrams.com\/#website"},"primaryImageOfPage":{"@id":"https:\/\/legitgrams.com\/product\/rock-on-bath-salt\/#primaryimage"},"image":{"@id":"https:\/\/legitgrams.com\/product\/rock-on-bath-salt\/#primaryimage"},"thumbnailUrl":"https:\/\/legitgrams.com\/wp-content\/uploads\/2024\/09\/buy-rock-on-bath-salt-online.jpg","datePublished":"2024-09-20T11:43:54+00:00","dateModified":"2025-01-15T05:30:33+00:00","description":"Explore nuestra tienda en l\u00ednea para la roca en la sal de ba\u00f1o para la venta, ofreciendo la roca de alta calidad en la sal de ba\u00f1o. Compra sal de ba\u00f1o de roca en l\u00ednea de forma segura y emb\u00e1rcate en tu viaje de investigaci\u00f3n con confianza.","breadcrumb":{"@id":"https:\/\/legitgrams.com\/product\/rock-on-bath-salt\/#breadcrumb"},"inLanguage":"es","potentialAction":[{"@type":"ReadAction","target":["https:\/\/legitgrams.com\/product\/rock-on-bath-salt\/"]}]},{"@type":"ImageObject","inLanguage":"es","@id":"https:\/\/legitgrams.com\/product\/rock-on-bath-salt\/#primaryimage","url":"https:\/\/legitgrams.com\/wp-content\/uploads\/2024\/09\/buy-rock-on-bath-salt-online.jpg","contentUrl":"https:\/\/legitgrams.com\/wp-content\/uploads\/2024\/09\/buy-rock-on-bath-salt-online.jpg","width":600,"height":600,"caption":"Rock On Bath Salt for Sale"},{"@type":"BreadcrumbList","@id":"https:\/\/legitgrams.com\/product\/rock-on-bath-salt\/#breadcrumb","itemListElement":[{"@type":"ListItem","position":1,"name":"Home","item":"https:\/\/legitgrams.com\/"},{"@type":"ListItem","position":2,"name":"Shop","item":"https:\/\/legitgrams.com\/shop\/"},{"@type":"ListItem","position":3,"name":"Rock On Bath Salt"}]},{"@type":"WebSite","@id":"https:\/\/legitgrams.com\/#website","url":"https:\/\/legitgrams.com\/","name":"Gramos leg\u00edtimos","description":"Mi blog de WordPress","publisher":{"@id":"https:\/\/legitgrams.com\/#organization"},"potentialAction":[{"@type":"SearchAction","target":{"@type":"EntryPoint","urlTemplate":"https:\/\/legitgrams.com\/?s={search_term_string}"},"query-input":{"@type":"PropertyValueSpecification","valueRequired":true,"valueName":"search_term_string"}}],"inLanguage":"es"},{"@type":"Organization","@id":"https:\/\/legitgrams.com\/#organization","name":"Gramos leg\u00edtimos","url":"https:\/\/legitgrams.com\/","logo":{"@type":"ImageObject","inLanguage":"es","@id":"https:\/\/legitgrams.com\/#\/schema\/logo\/image\/","url":"https:\/\/legitgrams.com\/wp-content\/uploads\/2024\/09\/main-logo.png","contentUrl":"https:\/\/legitgrams.com\/wp-content\/uploads\/2024\/09\/main-logo.png","width":270,"height":75,"caption":"Legit Grams"},"image":{"@id":"https:\/\/legitgrams.com\/#\/schema\/logo\/image\/"}}]}},"uagb_featured_image_src":{"full":["https:\/\/legitgrams.com\/wp-content\/uploads\/2024\/09\/buy-rock-on-bath-salt-online.jpg",600,600,false],"thumbnail":["https:\/\/legitgrams.com\/wp-content\/uploads\/2024\/09\/buy-rock-on-bath-salt-online-150x150.jpg",150,150,true],"medium":["https:\/\/legitgrams.com\/wp-content\/uploads\/2024\/09\/buy-rock-on-bath-salt-online-300x300.jpg",300,300,true],"medium_large":["https:\/\/legitgrams.com\/wp-content\/uploads\/2024\/09\/buy-rock-on-bath-salt-online.jpg",600,600,false],"large":["https:\/\/legitgrams.com\/wp-content\/uploads\/2024\/09\/buy-rock-on-bath-salt-online.jpg",600,600,false],"1536x1536":["https:\/\/legitgrams.com\/wp-content\/uploads\/2024\/09\/buy-rock-on-bath-salt-online.jpg",600,600,false],"2048x2048":["https:\/\/legitgrams.com\/wp-content\/uploads\/2024\/09\/buy-rock-on-bath-salt-online.jpg",600,600,false],"trp-custom-language-flag":["https:\/\/legitgrams.com\/wp-content\/uploads\/2024\/09\/buy-rock-on-bath-salt-online-12x12.jpg",12,12,true],"woocommerce_thumbnail":["https:\/\/legitgrams.com\/wp-content\/uploads\/2024\/09\/buy-rock-on-bath-salt-online-300x300.jpg",300,300,true],"woocommerce_single":["https:\/\/legitgrams.com\/wp-content\/uploads\/2024\/09\/buy-rock-on-bath-salt-online.jpg",600,600,false],"woocommerce_gallery_thumbnail":["https:\/\/legitgrams.com\/wp-content\/uploads\/2024\/09\/buy-rock-on-bath-salt-online-100x100.jpg",100,100,true]},"uagb_author_info":{"display_name":"cokeblog18","author_link":"https:\/\/legitgrams.com\/es\/author\/"},"uagb_comment_info":0,"uagb_excerpt":"Purchase Rock On Bath Salt Online As previously said, this pink salt has potent and skin-friendly ingredients that are necessary for the production of personal care products. Magnesium functions as a shield to shield the skin from the damaging effects of cosmetics that contain chemicals. Potassium aids in reducing fine lines and wrinkles and stabilizing&hellip;","_links":{"self":[{"href":"https:\/\/legitgrams.com\/es\/wp-json\/wp\/v2\/product\/3934","targetHints":{"allow":["GET"]}}],"collection":[{"href":"https:\/\/legitgrams.com\/es\/wp-json\/wp\/v2\/product"}],"about":[{"href":"https:\/\/legitgrams.com\/es\/wp-json\/wp\/v2\/types\/product"}],"replies":[{"embeddable":true,"href":"https:\/\/legitgrams.com\/es\/wp-json\/wp\/v2\/comments?post=3934"}],"wp:featuredmedia":[{"embeddable":true,"href":"https:\/\/legitgrams.com\/es\/wp-json\/wp\/v2\/media\/5314"}],"wp:attachment":[{"href":"https:\/\/legitgrams.com\/es\/wp-json\/wp\/v2\/media?parent=3934"}],"wp:term":[{"taxonomy":"product_brand","embeddable":true,"href":"https:\/\/legitgrams.com\/es\/wp-json\/wp\/v2\/product_brand?post=3934"},{"taxonomy":"product_cat","embeddable":true,"href":"https:\/\/legitgrams.com\/es\/wp-json\/wp\/v2\/product_cat?post=3934"},{"taxonomy":"product_tag","embeddable":true,"href":"https:\/\/legitgrams.com\/es\/wp-json\/wp\/v2\/product_tag?post=3934"}],"curies":[{"name":"wp","href":"https:\/\/api.w.org\/{rel}","templated":true}]}}