{"id":3935,"date":"2024-09-20T11:42:30","date_gmt":"2024-09-20T11:42:30","guid":{"rendered":"https:\/\/legitgrams.com\/?post_type=product&#038;p=3935"},"modified":"2025-04-04T12:31:33","modified_gmt":"2025-04-04T12:31:33","slug":"restoril-30mg-temazepam-pills","status":"publish","type":"product","link":"https:\/\/legitgrams.com\/es\/producto\/restoril-30mg-temazepam-pills\/","title":{"rendered":"Comprar Restoril 30mg Temazepam pastillas Online"},"content":{"rendered":"<h2>Comprar pastillas de temazepam Restoril 30 mg en l\u00ednea<\/h2>\n<p>Un medicamento llamado Restoril (<a href=\"https:\/\/en.wikipedia.org\/wiki\/Temazepam\">Temazepam<\/a>) ralentiza el cerebro.<\/p>\n<p>Para las personas con insomnio, se recomienda como somn\u00edfero temporal. No suele administrarse durante m\u00e1s de diez d\u00edas debido a la posibilidad de habituaci\u00f3n. <a href=\"https:\/\/legitgrams.com\/es\/\">LegitGrams<\/a><\/p>\n<p>Comprar en l\u00ednea <a href=\"https:\/\/legitgrams.com\/es\/producto\/restoril-30mg-temazepam-pills\/\">Restoril 30 mg Temazepam<\/a> pills &#8211; <a href=\"https:\/\/www.bing.com\/search?q=ComprarRestoril30mgdetemazepamenlnea&amp;qs=n&amp;form=QBRE&amp;sp=-1&amp;lq=0&amp;pq=comprarrestoril30mgdetemazepamenlnea&amp;sc=0-44&amp;sk=&amp;cvid=F1060CF1D44C48EEA48F196AC05EB334&amp;ghsh=0&amp;ghacc=0&amp;ghpl=\">purchase Restoril 30 mg<\/a>, comprar pastillas de Temazepam, comprar Restoril 30 mg, D\u00f3nde comprar Restoril 30 mg pastillas de Temazepam, <a href=\"https:\/\/www.google.com\/search?q=Comprar+Restoril+30+mg+de+temazepam+en+lnea&amp;sca_esv=eddefdb7b92e7545&amp;sxsrf=AHTn8zoZHY0VL9l-1xgArsCcgfUfK_h00w1743770149620&amp;ei=JdLvZ_vPJeGPseMPtNDv-AU&amp;ved=0ahUKEwi79tmCsr6MAxXhR2wGHTToG18Q4dUDCBA&amp;uact=5&amp;oq=Comprar+Restoril+30+mg+de+temazepam+en+lnea&amp;gs_lp=Egxnd3Mtd2l6LXNlcnAiLUNvbXByYXIgUmVzdG9yaWwgMzAgbWcgZGUgdGVtYXplcGFtIGVuIGzDrW5lYTIFECEYoAEyBRAhGKABSJYEUABYAHAAeAGQAQCYAYkCoAGJAqoBAzItMbgBA8gBAPgBAvgBAZgCAaACkwKYAwCSBwMyLTGgB-UCsgcDMi0xuAeTAg&amp;sclient=gws-wiz-serp\">Pastillas de temazepam a la venta<\/a>, comprar pastillas de Restoril 30 mg Temazepam, d\u00f3nde comprar pastillas de Restoril 30 mg Temazepam, pastillas de Restoril 30 mg Temazepam a la venta en Estados Unidos, <a href=\"https:\/\/duckduckgo.com\/?q=Buy+Restoril+30mg+Temazepam+pills+Online&amp;t=h_&amp;ia=web\">Canad\u00e1<\/a>, and the United Kingdom, buy, online, suppliers, secure delivery, <a href=\"https:\/\/duckduckgo.com\/?q=Buy+Restoril+30mg+Temazepam+pills+Online&amp;t=h_&amp;ia=web\">Pastillas de temazepam Restoril 30 mg<\/a> Todav\u00eda est\u00e1n disponibles. Puedes averiguar si son legales en Estados Unidos, comprarlos en l\u00ednea, averiguar c\u00f3mo adquirirlos y si son legales en Canad\u00e1.<\/p>","protected":false},"excerpt":{"rendered":"<p>Purchase Restoril 30mg Temazepam pills online A medication called Restoril (Temazepam) slows down the brain. For people with insomnia, it is recommended as a temporary sleep aid. It is often not given for longer than ten days because to the possibility of habituation. LegitGrams Purchase online Restoril 30 mg Temazepam pills &#8211; purchase Restoril 30 &hellip;<\/p>\n<p class=\"read-more\"> <a class=\"\" href=\"https:\/\/legitgrams.com\/es\/producto\/restoril-30mg-temazepam-pills\/\"> <span class=\"screen-reader-text\">Comprar Restoril 30mg Temazepam pastillas Online<\/span> Leer m\u00e1s \"<\/a><\/p>","protected":false},"featured_media":5313,"comment_status":"open","ping_status":"closed","template":"","meta":{"_uag_custom_page_level_css":"","site-sidebar-layout":"default","site-content-layout":"default","ast-global-header-display":"","ast-main-header-display":"","ast-hfb-above-header-display":"","ast-hfb-below-header-display":"","ast-hfb-mobile-header-display":"","site-post-title":"","ast-breadcrumbs-content":"","ast-featured-img":"","footer-sml-layout":"","theme-transparent-header-meta":"default","adv-header-id-meta":"","stick-header-meta":"default","header-above-stick-meta":"","header-main-stick-meta":"","header-below-stick-meta":"","_joinchat":[]},"product_brand":[],"product_cat":[600],"product_tag":[3751,3741,617,3733,3748,3745,3740,3738,3750,3732,3735,3743,3734,3744,3736,3746,3753,3754,3752,3749,3747,625,3739,3742,3737],"class_list":{"0":"post-3935","1":"product","2":"type-product","3":"status-publish","4":"has-post-thumbnail","6":"product_cat-research-chemicals-and-bath-salt","7":"product_tag-best-cheap-price-restoril-30mg-temazepam-pills","8":"product_tag-best-place-to-buy-restoril-30mg-temazepam-pills","9":"product_tag-bulk-online","10":"product_tag-buy-restoril-30mg-temazepam-pills","11":"product_tag-cheap-restoril-30mg-temazepam-pills","12":"product_tag-high-quality-restoril-30mg-temazepam-pills","13":"product_tag-how-to-buy-restoril-30mg-temazepam-pills","14":"product_tag-order-restoril-30mg-temazepam-pills","15":"product_tag-purcharse-restoril-30mg-temazepam-pills","16":"product_tag-restoril-30mg-temazepam-pills","17":"product_tag-restoril-30mg-temazepam-pills-for-sale","18":"product_tag-restoril-30mg-temazepam-pills-legally","19":"product_tag-restoril-30mg-temazepam-pills-online","20":"product_tag-restoril-30mg-temazepam-pills-price","21":"product_tag-restoril-30mg-temazepam-pills-restoril-30mg-temazepam-pills-supplier","22":"product_tag-restoril-30mg-temazepam-pills-store","23":"product_tag-restoril-30mg-temazepam-pills-use","24":"product_tag-restoril-30mg-temazepam-pills-wiki","25":"product_tag-restoril-30mg-temazepam-pills-worldwide","26":"product_tag-restoril-30mg-temazepam-pillss","27":"product_tag-shop-restoril-30mg-temazepam-pills","28":"product_tag-top-quality","29":"product_tag-where-to-buy-restoril-30mg-temazepam-pills","30":"product_tag-where-to-order-restoril-30mg-temazepam-pills","31":"product_tag-wholesale-restoril-30mg-temazepam-pills","32":"desktop-align-left","33":"tablet-align-left","34":"mobile-align-left","35":"ast-product-gallery-layout-horizontal","36":"ast-product-gallery-with-no-image","37":"ast-product-single-variable","38":"ast-product-tabs-layout-horizontal","39":"ast-qv-on-image","41":"first","42":"instock","43":"shipping-taxable","44":"purchasable","45":"product-type-variable"},"yoast_head":"<!-- This site is optimized with the Yoast SEO plugin v25.9 - https:\/\/yoast.com\/wordpress\/plugins\/seo\/ -->\n<title>Restoril 30mg Temazepam Pills for Sale @Best Price Online<\/title>\n<meta name=\"description\" content=\"If you want to buy Restoril 30mg temazepam pills online and looking for a reliable online store, then buy here. We offer only high-quality restoril 30mg temazepam pills for sale at an affordable price. Order Now!\" \/>\n<meta name=\"robots\" content=\"index, follow, max-snippet:-1, max-image-preview:large, max-video-preview:-1\" \/>\n<link rel=\"canonical\" href=\"https:\/\/legitgrams.com\/es\/producto\/restoril-30mg-temazepam-pills\/\" \/>\n<meta property=\"og:locale\" content=\"es_ES\" \/>\n<meta property=\"og:type\" content=\"article\" \/>\n<meta property=\"og:title\" content=\"Restoril 30mg Temazepam Pills for Sale @Best Price Online\" \/>\n<meta property=\"og:description\" content=\"If you want to buy Restoril 30mg temazepam pills online and looking for a reliable online store, then buy here. We offer only high-quality restoril 30mg temazepam pills for sale at an affordable price. Order Now!\" \/>\n<meta property=\"og:url\" content=\"https:\/\/legitgrams.com\/es\/producto\/restoril-30mg-temazepam-pills\/\" \/>\n<meta property=\"og:site_name\" content=\"Legit Grams\" \/>\n<meta property=\"article:modified_time\" content=\"2025-04-04T12:31:33+00:00\" \/>\n<meta property=\"og:image\" content=\"https:\/\/legitgrams.com\/wp-content\/uploads\/2024\/09\/Buy-Restoril-30mg-Temezepam-pills-online-2.jpg\" \/>\n\t<meta property=\"og:image:width\" content=\"600\" \/>\n\t<meta property=\"og:image:height\" content=\"600\" \/>\n\t<meta property=\"og:image:type\" content=\"image\/jpeg\" \/>\n<meta name=\"twitter:card\" content=\"summary_large_image\" \/>\n<meta name=\"twitter:label1\" content=\"Tiempo de lectura\" \/>\n\t<meta name=\"twitter:data1\" content=\"1 minuto\" \/>\n<script type=\"application\/ld+json\" class=\"yoast-schema-graph\">{\"@context\":\"https:\/\/schema.org\",\"@graph\":[{\"@type\":\"WebPage\",\"@id\":\"https:\/\/legitgrams.com\/product\/restoril-30mg-temazepam-pills\/\",\"url\":\"https:\/\/legitgrams.com\/product\/restoril-30mg-temazepam-pills\/\",\"name\":\"Restoril 30mg Temazepam Pills for Sale @Best Price Online\",\"isPartOf\":{\"@id\":\"https:\/\/legitgrams.com\/#website\"},\"primaryImageOfPage\":{\"@id\":\"https:\/\/legitgrams.com\/product\/restoril-30mg-temazepam-pills\/#primaryimage\"},\"image\":{\"@id\":\"https:\/\/legitgrams.com\/product\/restoril-30mg-temazepam-pills\/#primaryimage\"},\"thumbnailUrl\":\"https:\/\/legitgrams.com\/wp-content\/uploads\/2024\/09\/Buy-Restoril-30mg-Temezepam-pills-online-2.jpg\",\"datePublished\":\"2024-09-20T11:42:30+00:00\",\"dateModified\":\"2025-04-04T12:31:33+00:00\",\"description\":\"If you want to buy Restoril 30mg temazepam pills online and looking for a reliable online store, then buy here. We offer only high-quality restoril 30mg temazepam pills for sale at an affordable price. Order Now!\",\"breadcrumb\":{\"@id\":\"https:\/\/legitgrams.com\/product\/restoril-30mg-temazepam-pills\/#breadcrumb\"},\"inLanguage\":\"es\",\"potentialAction\":[{\"@type\":\"ReadAction\",\"target\":[\"https:\/\/legitgrams.com\/product\/restoril-30mg-temazepam-pills\/\"]}]},{\"@type\":\"ImageObject\",\"inLanguage\":\"es\",\"@id\":\"https:\/\/legitgrams.com\/product\/restoril-30mg-temazepam-pills\/#primaryimage\",\"url\":\"https:\/\/legitgrams.com\/wp-content\/uploads\/2024\/09\/Buy-Restoril-30mg-Temezepam-pills-online-2.jpg\",\"contentUrl\":\"https:\/\/legitgrams.com\/wp-content\/uploads\/2024\/09\/Buy-Restoril-30mg-Temezepam-pills-online-2.jpg\",\"width\":600,\"height\":600,\"caption\":\"Restoril 30mg Temazepam Pills for Sale\"},{\"@type\":\"BreadcrumbList\",\"@id\":\"https:\/\/legitgrams.com\/product\/restoril-30mg-temazepam-pills\/#breadcrumb\",\"itemListElement\":[{\"@type\":\"ListItem\",\"position\":1,\"name\":\"Home\",\"item\":\"https:\/\/legitgrams.com\/\"},{\"@type\":\"ListItem\",\"position\":2,\"name\":\"Shop\",\"item\":\"https:\/\/legitgrams.com\/shop\/\"},{\"@type\":\"ListItem\",\"position\":3,\"name\":\"Buy Restoril 30mg Temazepam pills Online\"}]},{\"@type\":\"WebSite\",\"@id\":\"https:\/\/legitgrams.com\/#website\",\"url\":\"https:\/\/legitgrams.com\/\",\"name\":\"Legit Grams\",\"description\":\"My WordPress Blog\",\"publisher\":{\"@id\":\"https:\/\/legitgrams.com\/#organization\"},\"potentialAction\":[{\"@type\":\"SearchAction\",\"target\":{\"@type\":\"EntryPoint\",\"urlTemplate\":\"https:\/\/legitgrams.com\/?s={search_term_string}\"},\"query-input\":{\"@type\":\"PropertyValueSpecification\",\"valueRequired\":true,\"valueName\":\"search_term_string\"}}],\"inLanguage\":\"es\"},{\"@type\":\"Organization\",\"@id\":\"https:\/\/legitgrams.com\/#organization\",\"name\":\"Legit Grams\",\"url\":\"https:\/\/legitgrams.com\/\",\"logo\":{\"@type\":\"ImageObject\",\"inLanguage\":\"es\",\"@id\":\"https:\/\/legitgrams.com\/#\/schema\/logo\/image\/\",\"url\":\"https:\/\/legitgrams.com\/wp-content\/uploads\/2024\/09\/main-logo.png\",\"contentUrl\":\"https:\/\/legitgrams.com\/wp-content\/uploads\/2024\/09\/main-logo.png\",\"width\":270,\"height\":75,\"caption\":\"Legit Grams\"},\"image\":{\"@id\":\"https:\/\/legitgrams.com\/#\/schema\/logo\/image\/\"}}]}<\/script>\n<!-- \/ Yoast SEO plugin. -->","yoast_head_json":{"title":"Restoril 30mg Temazepam Pills for Sale @Best Price Online","description":"Si usted quiere comprar Restoril 30mg temazepam p\u00edldoras en l\u00ednea y en busca de una tienda en l\u00ednea confiable, a continuaci\u00f3n, comprar aqu\u00ed. Ofrecemos s\u00f3lo de alta calidad Restoril 30mg temazepam p\u00edldoras para la venta a un precio asequible. \u00a1Haga su pedido ahora!","robots":{"index":"index","follow":"follow","max-snippet":"max-snippet:-1","max-image-preview":"max-image-preview:large","max-video-preview":"max-video-preview:-1"},"canonical":"https:\/\/legitgrams.com\/es\/producto\/restoril-30mg-temazepam-pills\/","og_locale":"es_ES","og_type":"article","og_title":"Restoril 30mg Temazepam Pills for Sale @Best Price Online","og_description":"If you want to buy Restoril 30mg temazepam pills online and looking for a reliable online store, then buy here. We offer only high-quality restoril 30mg temazepam pills for sale at an affordable price. Order Now!","og_url":"https:\/\/legitgrams.com\/es\/producto\/restoril-30mg-temazepam-pills\/","og_site_name":"Legit Grams","article_modified_time":"2025-04-04T12:31:33+00:00","og_image":[{"width":600,"height":600,"url":"https:\/\/legitgrams.com\/wp-content\/uploads\/2024\/09\/Buy-Restoril-30mg-Temezepam-pills-online-2.jpg","type":"image\/jpeg"}],"twitter_card":"summary_large_image","twitter_misc":{"Tiempo de lectura":"1 minuto"},"schema":{"@context":"https:\/\/schema.org","@graph":[{"@type":"WebPage","@id":"https:\/\/legitgrams.com\/product\/restoril-30mg-temazepam-pills\/","url":"https:\/\/legitgrams.com\/product\/restoril-30mg-temazepam-pills\/","name":"Restoril 30mg Temazepam Pills for Sale @Best Price Online","isPartOf":{"@id":"https:\/\/legitgrams.com\/#website"},"primaryImageOfPage":{"@id":"https:\/\/legitgrams.com\/product\/restoril-30mg-temazepam-pills\/#primaryimage"},"image":{"@id":"https:\/\/legitgrams.com\/product\/restoril-30mg-temazepam-pills\/#primaryimage"},"thumbnailUrl":"https:\/\/legitgrams.com\/wp-content\/uploads\/2024\/09\/Buy-Restoril-30mg-Temezepam-pills-online-2.jpg","datePublished":"2024-09-20T11:42:30+00:00","dateModified":"2025-04-04T12:31:33+00:00","description":"Si usted quiere comprar Restoril 30mg temazepam p\u00edldoras en l\u00ednea y en busca de una tienda en l\u00ednea confiable, a continuaci\u00f3n, comprar aqu\u00ed. Ofrecemos s\u00f3lo de alta calidad Restoril 30mg temazepam p\u00edldoras para la venta a un precio asequible. \u00a1Haga su pedido ahora!","breadcrumb":{"@id":"https:\/\/legitgrams.com\/product\/restoril-30mg-temazepam-pills\/#breadcrumb"},"inLanguage":"es","potentialAction":[{"@type":"ReadAction","target":["https:\/\/legitgrams.com\/product\/restoril-30mg-temazepam-pills\/"]}]},{"@type":"ImageObject","inLanguage":"es","@id":"https:\/\/legitgrams.com\/product\/restoril-30mg-temazepam-pills\/#primaryimage","url":"https:\/\/legitgrams.com\/wp-content\/uploads\/2024\/09\/Buy-Restoril-30mg-Temezepam-pills-online-2.jpg","contentUrl":"https:\/\/legitgrams.com\/wp-content\/uploads\/2024\/09\/Buy-Restoril-30mg-Temezepam-pills-online-2.jpg","width":600,"height":600,"caption":"Restoril 30mg Temazepam Pills for Sale"},{"@type":"BreadcrumbList","@id":"https:\/\/legitgrams.com\/product\/restoril-30mg-temazepam-pills\/#breadcrumb","itemListElement":[{"@type":"ListItem","position":1,"name":"Home","item":"https:\/\/legitgrams.com\/"},{"@type":"ListItem","position":2,"name":"Shop","item":"https:\/\/legitgrams.com\/shop\/"},{"@type":"ListItem","position":3,"name":"Buy Restoril 30mg Temazepam pills Online"}]},{"@type":"WebSite","@id":"https:\/\/legitgrams.com\/#website","url":"https:\/\/legitgrams.com\/","name":"Gramos leg\u00edtimos","description":"Mi blog de WordPress","publisher":{"@id":"https:\/\/legitgrams.com\/#organization"},"potentialAction":[{"@type":"SearchAction","target":{"@type":"EntryPoint","urlTemplate":"https:\/\/legitgrams.com\/?s={search_term_string}"},"query-input":{"@type":"PropertyValueSpecification","valueRequired":true,"valueName":"search_term_string"}}],"inLanguage":"es"},{"@type":"Organization","@id":"https:\/\/legitgrams.com\/#organization","name":"Gramos leg\u00edtimos","url":"https:\/\/legitgrams.com\/","logo":{"@type":"ImageObject","inLanguage":"es","@id":"https:\/\/legitgrams.com\/#\/schema\/logo\/image\/","url":"https:\/\/legitgrams.com\/wp-content\/uploads\/2024\/09\/main-logo.png","contentUrl":"https:\/\/legitgrams.com\/wp-content\/uploads\/2024\/09\/main-logo.png","width":270,"height":75,"caption":"Legit Grams"},"image":{"@id":"https:\/\/legitgrams.com\/#\/schema\/logo\/image\/"}}]}},"uagb_featured_image_src":{"full":["https:\/\/legitgrams.com\/wp-content\/uploads\/2024\/09\/Buy-Restoril-30mg-Temezepam-pills-online-2.jpg",600,600,false],"thumbnail":["https:\/\/legitgrams.com\/wp-content\/uploads\/2024\/09\/Buy-Restoril-30mg-Temezepam-pills-online-2-150x150.jpg",150,150,true],"medium":["https:\/\/legitgrams.com\/wp-content\/uploads\/2024\/09\/Buy-Restoril-30mg-Temezepam-pills-online-2-300x300.jpg",300,300,true],"medium_large":["https:\/\/legitgrams.com\/wp-content\/uploads\/2024\/09\/Buy-Restoril-30mg-Temezepam-pills-online-2.jpg",600,600,false],"large":["https:\/\/legitgrams.com\/wp-content\/uploads\/2024\/09\/Buy-Restoril-30mg-Temezepam-pills-online-2.jpg",600,600,false],"1536x1536":["https:\/\/legitgrams.com\/wp-content\/uploads\/2024\/09\/Buy-Restoril-30mg-Temezepam-pills-online-2.jpg",600,600,false],"2048x2048":["https:\/\/legitgrams.com\/wp-content\/uploads\/2024\/09\/Buy-Restoril-30mg-Temezepam-pills-online-2.jpg",600,600,false],"trp-custom-language-flag":["https:\/\/legitgrams.com\/wp-content\/uploads\/2024\/09\/Buy-Restoril-30mg-Temezepam-pills-online-2-12x12.jpg",12,12,true],"woocommerce_thumbnail":["https:\/\/legitgrams.com\/wp-content\/uploads\/2024\/09\/Buy-Restoril-30mg-Temezepam-pills-online-2-300x300.jpg",300,300,true],"woocommerce_single":["https:\/\/legitgrams.com\/wp-content\/uploads\/2024\/09\/Buy-Restoril-30mg-Temezepam-pills-online-2.jpg",600,600,false],"woocommerce_gallery_thumbnail":["https:\/\/legitgrams.com\/wp-content\/uploads\/2024\/09\/Buy-Restoril-30mg-Temezepam-pills-online-2-100x100.jpg",100,100,true]},"uagb_author_info":{"display_name":"cokeblog18","author_link":"https:\/\/legitgrams.com\/es\/author\/"},"uagb_comment_info":0,"uagb_excerpt":"Purchase Restoril 30mg Temazepam pills online A medication called Restoril (Temazepam) slows down the brain. For people with insomnia, it is recommended as a temporary sleep aid. It is often not given for longer than ten days because to the possibility of habituation. LegitGrams Purchase online Restoril 30 mg Temazepam pills &#8211; purchase Restoril 30&hellip;","_links":{"self":[{"href":"https:\/\/legitgrams.com\/es\/wp-json\/wp\/v2\/product\/3935","targetHints":{"allow":["GET"]}}],"collection":[{"href":"https:\/\/legitgrams.com\/es\/wp-json\/wp\/v2\/product"}],"about":[{"href":"https:\/\/legitgrams.com\/es\/wp-json\/wp\/v2\/types\/product"}],"replies":[{"embeddable":true,"href":"https:\/\/legitgrams.com\/es\/wp-json\/wp\/v2\/comments?post=3935"}],"wp:featuredmedia":[{"embeddable":true,"href":"https:\/\/legitgrams.com\/es\/wp-json\/wp\/v2\/media\/5313"}],"wp:attachment":[{"href":"https:\/\/legitgrams.com\/es\/wp-json\/wp\/v2\/media?parent=3935"}],"wp:term":[{"taxonomy":"product_brand","embeddable":true,"href":"https:\/\/legitgrams.com\/es\/wp-json\/wp\/v2\/product_brand?post=3935"},{"taxonomy":"product_cat","embeddable":true,"href":"https:\/\/legitgrams.com\/es\/wp-json\/wp\/v2\/product_cat?post=3935"},{"taxonomy":"product_tag","embeddable":true,"href":"https:\/\/legitgrams.com\/es\/wp-json\/wp\/v2\/product_tag?post=3935"}],"curies":[{"name":"wp","href":"https:\/\/api.w.org\/{rel}","templated":true}]}}