{"id":3946,"date":"2024-09-20T12:28:50","date_gmt":"2024-09-20T12:28:50","guid":{"rendered":"https:\/\/legitgrams.com\/?post_type=product&#038;p=3946"},"modified":"2025-04-04T11:51:34","modified_gmt":"2025-04-04T11:51:34","slug":"venta-al-por-mayor-bk-ethyl-k-chemical","status":"publish","type":"product","link":"https:\/\/legitgrams.com\/es\/producto\/venta-al-por-mayor-bk-ethyl-k-chemical\/","title":{"rendered":"Compre qu\u00edmico bk-Ethyl-K al por mayor en l\u00ednea"},"content":{"rendered":"<h2>Venta de BK-Ethyl-K a precios mayoristas<\/h2>\n<p><a href=\"https:\/\/www.bing.com\/search?q=Buy%20Wholesale%20bk%20-Ethyl-K%20Chemical%20Online&amp;qs=n&amp;form=QBRE&amp;sp=-1&amp;ghc=1&amp;lq=0&amp;pq=buy%20wholesale%20bk%20-ethyl-k%20chemical%20online&amp;sc=12-41&amp;sk=&amp;cvid=919EBB78E41F42A293B38CC78C483C67&amp;ghsh=0&amp;ghacc=0&amp;ghpl=\">Bk ethyl k<\/a>La etilona, \u200b\u200btambi\u00e9n conocida como etilona, \u200b\u200bes un entact\u00f3geno energizante que se suele sugerir como 3,4-metilendioxi-N-etilcatinona. Su nombre productivo es 1-(1,3-benzodioxol-5-il)-2-(etilamino)-1-propanona. Su f\u00f3rmula subnuclear es C\u2081\u2082H\u2081\u2083NO\u2083, con una masa molecular de 221,251999 Da y una masa monoisot\u00f3pica de 221,104996 Da. Compre porcelana que contenga etileno. Una piedra preciosa disponible es la etilona. Invierta en piedras preciosas a base de etileno. Distribuidor de etilona. Compre.<a href=\"https:\/\/www.google.com\/search?q=Buy+Wholesale+bk+-Ethyl-K+Chemical+Online&amp;num=10&amp;sca_esv=1a2a07081c7891bb&amp;rlz=1C1RXQR_enIN1098IN1098&amp;sxsrf=AHTn8zovVQWqUSOerpgGSbtwr5gmnjUsyw%3A1741758961995&amp;ei=8SHRZ7ipPJaO4-EPs5zk0AY&amp;ved=0ahUKEwj45drh7YOMAxUWxzgGHTMOGWoQ4dUDCBA&amp;uact=5&amp;oq=Buy+Wholesale+bk+-Ethyl-K+Chemical+Online&amp;gs_lp=Egxnd3Mtd2l6LXNlcnAiKUJ1eSBXaG9sZXNhbGUgYmsgLUV0aHlsLUsgQ2hlbWljYWwgT25saW5lSMcHUOEDWOEDcAN4AJABAJgBkQGgAZEBqgEDMC4xuAEDyAEA-AEC-AEBmAIAoAIAmAMAiAYBkgcAoAdW&amp;sclient=gws-wiz-serp\"> ethylone<\/a> at a discount. reimbursement Ethylene<\/p>\n<p>ChemAxon and ACD\/Labs worked together to complete the <a href=\"https:\/\/duckduckgo.com\/?q=Buy+Wholesale+bk+-Ethyl-K+Chemical+Online&amp;t=h_&amp;ia=web\">Etilona<\/a> Evaluaci\u00f3n. Un registro de refracci\u00f3n de 1,54 con un factor de presi\u00f3n superficial de 44,3470001220703 dinas\/cm, una motivaci\u00f3n de estallido de 172,845 \u00b0C, cuatro aceptadores de seguridad #H, cuatro valores de #Freely turning y una restricci\u00f3n de 362,188 \u00b0C a 760 mmHg fueron las caracter\u00edsticas esperadas por ACD\/Labs.<\/p>\n<h3>Esta es una pr\u00e1ctica normal para aplicaciones de investigaci\u00f3n y l\u00f3gica.<\/h3>\n<p>Este art\u00edculo fue creado en un intento de cumplir con los est\u00e1ndares de la Gu\u00eda 34:2009 e ISO17025:2005.<\/p>\n<p>Somos la mejor asociaci\u00f3n y tenemos v\u00ednculos r\u00e1pidos con una gran cantidad de proveedores y fabricantes en todo el mundo. \u00a1Siempre les damos a nuestros clientes los art\u00edculos de mejor calidad para las evaluaciones! B\u00e1sicamente, lo mismo que solemos esperar de las adquisiciones.<\/p>\n<p>\u00a1Gracias a esto, podemos comprar los mejores productos a los mejores precios y trasladarle esos ahorros a usted!<\/p>\n<p>Todo lo que vendemos es del m\u00e1s alto calibre, y pedimos a todos nuestros clientes que GC\/MS sus compras para garantizar la exactitud y autenticidad. Cada env\u00edo se somete a nuestras propias pruebas para asegurarnos de que no hay piezas defectuosas y de que nuestros clientes reciben exactamente lo que han pedido. Estamos orgullosos de nuestra capacidad para satisfacer a nuestros clientes. <a href=\"https:\/\/legitgrams.com\/es\/\">LegitGrams<\/a><\/p>\n<p>Nuestra capacidad para hacer negocios con usted depende de nuestra capacidad para gestionar de forma completa y cooperativa cada solicitud, independientemente de su naturaleza. Trabajamos duro para ofrecerle los mejores medicamentos y los fuegos artificiales m\u00e1s delicados a los mejores precios, as\u00ed como el transporte m\u00e1s secreto posible, \u00a1y nunca dejamos de resolver cualquier problema! Si no resulta demasiado dif\u00edcil, \u00a1tenga seguridad y confianza al hacer su solicitud!<\/p>\n<p>Hemos demostrado ser bastante s\u00f3lidos y, si nos tiene de su lado, seremos alguien en quien puede confiar y con quien podr\u00e1 hacer negocios de manera confiable cada vez que nos abra la puerta. No vamos a permitir que fracase.<br \/>\nUna vez entregado el grupo, le facilitaremos los n\u00fameros de acompa\u00f1amiento para que pueda seguir el progreso de su paquete.<\/p>\n<p>Compra al por mayor <a href=\"https:\/\/en.wikipedia.org\/wiki\/BK\">Bk<\/a>-Ethyl-K Chemical Online - Compra al por mayor Bk-Ethyl-K Chemical, Compra al por mayor Bk-Ethyl-K Chemical usa, Compra al por mayor Bk-Ethyl-K Chemical online USA, Donde Comprar <a href=\"https:\/\/legitgrams.com\/es\/producto\/venta-al-por-mayor-bk-ethyl-k-chemical\/\">Venta al por mayor de productos qu\u00edmicos Bk-Etil-K<\/a>bk-Ethyl-K Chemical, Venta al por mayor Bk-Ethyl-K Chemical, Venta al por mayor Bk-Ethyl-K Chemical cerca de m\u00ed, Comprar al por mayor Bk-Ethyl-K Chemical online cerca de m\u00ed, D\u00f3nde comprar al por mayor Bk-Ethyl-K Chemical online, Venta al por mayor Bk-Ethyl-K Chemical en EE.UU., Canad\u00e1, Reino Unido, Comprar, Online, Proveedores, entrega segura, Wholesale bk-Ethyl-K Chemical is still available, \u00bfEs legal comprar al por mayor bk-Ethyl-K Chemical en los Estados Unidos? c\u00f3mo realizar una compra al por mayor de bk-Ethyl-K Chemical \u00bfEs legal comprar al por mayor bk-Ethyl-K chemical en Canad\u00e1?<\/p>","protected":false},"excerpt":{"rendered":"<p>BK-Ethyl-K Chemical for Sale at Wholesale Prices Bk ethyl k, also referred to as Ethylone, is an entactogen energizer that is frequently suggested as 3,4-methylenedioxy-N-ethylcathinone. Ethylone&#8217;s productive name is 1-(1,3-Benzodioxol-5-yl)- 2-(ethylamino)- 1-propanone. The sub-nuclear formula is C12H15NO3, with an ordinary mass of 221.251999 Da and a monoisotopic mass of 221.104996 Da. Buy china that contains &hellip;<\/p>\n<p class=\"read-more\"> <a class=\"\" href=\"https:\/\/legitgrams.com\/es\/producto\/venta-al-por-mayor-bk-ethyl-k-chemical\/\"> <span class=\"screen-reader-text\">Compre qu\u00edmico bk-Ethyl-K al por mayor en l\u00ednea<\/span> Leer m\u00e1s \"<\/a><\/p>","protected":false},"featured_media":5322,"comment_status":"open","ping_status":"closed","template":"","meta":{"_uag_custom_page_level_css":"","site-sidebar-layout":"default","site-content-layout":"default","ast-global-header-display":"","ast-main-header-display":"","ast-hfb-above-header-display":"","ast-hfb-below-header-display":"","ast-hfb-mobile-header-display":"","site-post-title":"","ast-breadcrumbs-content":"","ast-featured-img":"","footer-sml-layout":"","theme-transparent-header-meta":"default","adv-header-id-meta":"","stick-header-meta":"default","header-above-stick-meta":"","header-main-stick-meta":"","header-below-stick-meta":"","_joinchat":[]},"product_brand":[],"product_cat":[600],"product_tag":[3544,3534,617,3526,3541,3538,3533,3531,3543,3540,625,3532,3535,3525,3528,3536,3527,3537,3539,3546,3529,3547,3545,3542,3530],"class_list":{"0":"post-3946","1":"product","2":"type-product","3":"status-publish","4":"has-post-thumbnail","6":"product_cat-research-chemicals-and-bath-salt","7":"product_tag-best-cheap-price-wholesale-bk-ethyl-k-chemical","8":"product_tag-best-place-to-buy-wholesale-bk-ethyl-k-chemical","9":"product_tag-bulk-online","10":"product_tag-buy-wholesale-bk-ethyl-k-chemical","11":"product_tag-cheap-wholesale-bk-ethyl-k-chemical","12":"product_tag-high-quality-wholesale-bk-ethyl-k-chemical","13":"product_tag-how-to-buy-wholesale-bk-ethyl-k-chemical","14":"product_tag-order-wholesale-bk-ethyl-k-chemical","15":"product_tag-purcharse-wholesale-bk-ethyl-k-chemical","16":"product_tag-shop-wholesale-bk-ethyl-k-chemical","17":"product_tag-top-quality","18":"product_tag-where-to-buy-wholesale-bk-ethyl-k-chemical","19":"product_tag-where-to-order-wholesale-bk-ethyl-k-chemical","20":"product_tag-wholesale-bk-ethyl-k-chemical","21":"product_tag-wholesale-bk-ethyl-k-chemical-for-sale","22":"product_tag-wholesale-bk-ethyl-k-chemical-legally","23":"product_tag-wholesale-bk-ethyl-k-chemical-online","24":"product_tag-wholesale-bk-ethyl-k-chemical-price","25":"product_tag-wholesale-bk-ethyl-k-chemical-store","26":"product_tag-wholesale-bk-ethyl-k-chemical-use","27":"product_tag-wholesale-bk-ethyl-k-chemical-wholesale-bk-ethyl-k-chemical-supplier","28":"product_tag-wholesale-bk-ethyl-k-chemical-wiki","29":"product_tag-wholesale-bk-ethyl-k-chemical-worldwide","30":"product_tag-wholesale-bk-ethyl-k-chemicals","31":"product_tag-wholesale-wholesale-bk-ethyl-k-chemical","32":"desktop-align-left","33":"tablet-align-left","34":"mobile-align-left","35":"ast-product-gallery-layout-horizontal","36":"ast-product-gallery-with-no-image","37":"ast-product-single-variable","38":"ast-product-tabs-layout-horizontal","39":"ast-qv-on-image","41":"first","42":"instock","43":"shipping-taxable","44":"purchasable","45":"product-type-variable"},"yoast_head":"<!-- This site is optimized with the Yoast SEO plugin v25.9 - https:\/\/yoast.com\/wordpress\/plugins\/seo\/ -->\n<title>Bk-Ethyl-K Chemical for Sale - Buy Bk -Ethyl-K Chemical Online<\/title>\n<meta name=\"description\" content=\"Find premium bk -Ethyl-K Chemical for sale at our online store, providing a secure platform to buy bk -Ethyl-K Chemical online with ease, catering to your research needs.\" \/>\n<meta name=\"robots\" content=\"index, follow, max-snippet:-1, max-image-preview:large, max-video-preview:-1\" \/>\n<link rel=\"canonical\" href=\"https:\/\/legitgrams.com\/es\/producto\/venta-al-por-mayor-bk-ethyl-k-chemical\/\" \/>\n<meta property=\"og:locale\" content=\"es_ES\" \/>\n<meta property=\"og:type\" content=\"article\" \/>\n<meta property=\"og:title\" content=\"Bk-Ethyl-K Chemical for Sale - Buy Bk -Ethyl-K Chemical Online\" \/>\n<meta property=\"og:description\" content=\"Find premium bk -Ethyl-K Chemical for sale at our online store, providing a secure platform to buy bk -Ethyl-K Chemical online with ease, catering to your research needs.\" \/>\n<meta property=\"og:url\" content=\"https:\/\/legitgrams.com\/es\/producto\/venta-al-por-mayor-bk-ethyl-k-chemical\/\" \/>\n<meta property=\"og:site_name\" content=\"Legit Grams\" \/>\n<meta property=\"article:modified_time\" content=\"2025-04-04T11:51:34+00:00\" \/>\n<meta property=\"og:image\" content=\"https:\/\/legitgrams.com\/wp-content\/uploads\/2024\/09\/buy-wholesale-bk-ethyl-k-chemical-online.jpg\" \/>\n\t<meta property=\"og:image:width\" content=\"600\" \/>\n\t<meta property=\"og:image:height\" content=\"600\" \/>\n\t<meta property=\"og:image:type\" content=\"image\/jpeg\" \/>\n<meta name=\"twitter:card\" content=\"summary_large_image\" \/>\n<meta name=\"twitter:label1\" content=\"Tiempo de lectura\" \/>\n\t<meta name=\"twitter:data1\" content=\"3 minutos\" \/>\n<script type=\"application\/ld+json\" class=\"yoast-schema-graph\">{\"@context\":\"https:\/\/schema.org\",\"@graph\":[{\"@type\":\"WebPage\",\"@id\":\"https:\/\/legitgrams.com\/product\/wholesale-bk-ethyl-k-chemical\/\",\"url\":\"https:\/\/legitgrams.com\/product\/wholesale-bk-ethyl-k-chemical\/\",\"name\":\"Bk-Ethyl-K Chemical for Sale - Buy Bk -Ethyl-K Chemical Online\",\"isPartOf\":{\"@id\":\"https:\/\/legitgrams.com\/#website\"},\"primaryImageOfPage\":{\"@id\":\"https:\/\/legitgrams.com\/product\/wholesale-bk-ethyl-k-chemical\/#primaryimage\"},\"image\":{\"@id\":\"https:\/\/legitgrams.com\/product\/wholesale-bk-ethyl-k-chemical\/#primaryimage\"},\"thumbnailUrl\":\"https:\/\/legitgrams.com\/wp-content\/uploads\/2024\/09\/buy-wholesale-bk-ethyl-k-chemical-online.jpg\",\"datePublished\":\"2024-09-20T12:28:50+00:00\",\"dateModified\":\"2025-04-04T11:51:34+00:00\",\"description\":\"Find premium bk -Ethyl-K Chemical for sale at our online store, providing a secure platform to buy bk -Ethyl-K Chemical online with ease, catering to your research needs.\",\"breadcrumb\":{\"@id\":\"https:\/\/legitgrams.com\/product\/wholesale-bk-ethyl-k-chemical\/#breadcrumb\"},\"inLanguage\":\"es\",\"potentialAction\":[{\"@type\":\"ReadAction\",\"target\":[\"https:\/\/legitgrams.com\/product\/wholesale-bk-ethyl-k-chemical\/\"]}]},{\"@type\":\"ImageObject\",\"inLanguage\":\"es\",\"@id\":\"https:\/\/legitgrams.com\/product\/wholesale-bk-ethyl-k-chemical\/#primaryimage\",\"url\":\"https:\/\/legitgrams.com\/wp-content\/uploads\/2024\/09\/buy-wholesale-bk-ethyl-k-chemical-online.jpg\",\"contentUrl\":\"https:\/\/legitgrams.com\/wp-content\/uploads\/2024\/09\/buy-wholesale-bk-ethyl-k-chemical-online.jpg\",\"width\":600,\"height\":600,\"caption\":\"Ethyl-K Chemical for Sale\"},{\"@type\":\"BreadcrumbList\",\"@id\":\"https:\/\/legitgrams.com\/product\/wholesale-bk-ethyl-k-chemical\/#breadcrumb\",\"itemListElement\":[{\"@type\":\"ListItem\",\"position\":1,\"name\":\"Home\",\"item\":\"https:\/\/legitgrams.com\/\"},{\"@type\":\"ListItem\",\"position\":2,\"name\":\"Shop\",\"item\":\"https:\/\/legitgrams.com\/shop\/\"},{\"@type\":\"ListItem\",\"position\":3,\"name\":\"Buy Wholesale bk -Ethyl-K Chemical Online\"}]},{\"@type\":\"WebSite\",\"@id\":\"https:\/\/legitgrams.com\/#website\",\"url\":\"https:\/\/legitgrams.com\/\",\"name\":\"Legit Grams\",\"description\":\"My WordPress Blog\",\"publisher\":{\"@id\":\"https:\/\/legitgrams.com\/#organization\"},\"potentialAction\":[{\"@type\":\"SearchAction\",\"target\":{\"@type\":\"EntryPoint\",\"urlTemplate\":\"https:\/\/legitgrams.com\/?s={search_term_string}\"},\"query-input\":{\"@type\":\"PropertyValueSpecification\",\"valueRequired\":true,\"valueName\":\"search_term_string\"}}],\"inLanguage\":\"es\"},{\"@type\":\"Organization\",\"@id\":\"https:\/\/legitgrams.com\/#organization\",\"name\":\"Legit Grams\",\"url\":\"https:\/\/legitgrams.com\/\",\"logo\":{\"@type\":\"ImageObject\",\"inLanguage\":\"es\",\"@id\":\"https:\/\/legitgrams.com\/#\/schema\/logo\/image\/\",\"url\":\"https:\/\/legitgrams.com\/wp-content\/uploads\/2024\/09\/main-logo.png\",\"contentUrl\":\"https:\/\/legitgrams.com\/wp-content\/uploads\/2024\/09\/main-logo.png\",\"width\":270,\"height\":75,\"caption\":\"Legit Grams\"},\"image\":{\"@id\":\"https:\/\/legitgrams.com\/#\/schema\/logo\/image\/\"}}]}<\/script>\n<!-- \/ Yoast SEO plugin. -->","yoast_head_json":{"title":"Bk-Ethyl-K Chemical for Sale - Comprar Bk -Ethyl-K Chemical Online","description":"Encuentre bk -Etil-K Chemical de primera calidad a la venta en nuestra tienda en l\u00ednea, que proporciona una plataforma segura para comprar bk -Etil-K Chemical en l\u00ednea con facilidad, atendiendo a sus necesidades de investigaci\u00f3n.","robots":{"index":"index","follow":"follow","max-snippet":"max-snippet:-1","max-image-preview":"max-image-preview:large","max-video-preview":"max-video-preview:-1"},"canonical":"https:\/\/legitgrams.com\/es\/producto\/venta-al-por-mayor-bk-ethyl-k-chemical\/","og_locale":"es_ES","og_type":"article","og_title":"Bk-Ethyl-K Chemical for Sale - Buy Bk -Ethyl-K Chemical Online","og_description":"Find premium bk -Ethyl-K Chemical for sale at our online store, providing a secure platform to buy bk -Ethyl-K Chemical online with ease, catering to your research needs.","og_url":"https:\/\/legitgrams.com\/es\/producto\/venta-al-por-mayor-bk-ethyl-k-chemical\/","og_site_name":"Legit Grams","article_modified_time":"2025-04-04T11:51:34+00:00","og_image":[{"width":600,"height":600,"url":"https:\/\/legitgrams.com\/wp-content\/uploads\/2024\/09\/buy-wholesale-bk-ethyl-k-chemical-online.jpg","type":"image\/jpeg"}],"twitter_card":"summary_large_image","twitter_misc":{"Tiempo de lectura":"3 minutos"},"schema":{"@context":"https:\/\/schema.org","@graph":[{"@type":"WebPage","@id":"https:\/\/legitgrams.com\/product\/wholesale-bk-ethyl-k-chemical\/","url":"https:\/\/legitgrams.com\/product\/wholesale-bk-ethyl-k-chemical\/","name":"Bk-Ethyl-K Chemical for Sale - Comprar Bk -Ethyl-K Chemical Online","isPartOf":{"@id":"https:\/\/legitgrams.com\/#website"},"primaryImageOfPage":{"@id":"https:\/\/legitgrams.com\/product\/wholesale-bk-ethyl-k-chemical\/#primaryimage"},"image":{"@id":"https:\/\/legitgrams.com\/product\/wholesale-bk-ethyl-k-chemical\/#primaryimage"},"thumbnailUrl":"https:\/\/legitgrams.com\/wp-content\/uploads\/2024\/09\/buy-wholesale-bk-ethyl-k-chemical-online.jpg","datePublished":"2024-09-20T12:28:50+00:00","dateModified":"2025-04-04T11:51:34+00:00","description":"Encuentre bk -Etil-K Chemical de primera calidad a la venta en nuestra tienda en l\u00ednea, que proporciona una plataforma segura para comprar bk -Etil-K Chemical en l\u00ednea con facilidad, atendiendo a sus necesidades de investigaci\u00f3n.","breadcrumb":{"@id":"https:\/\/legitgrams.com\/product\/wholesale-bk-ethyl-k-chemical\/#breadcrumb"},"inLanguage":"es","potentialAction":[{"@type":"ReadAction","target":["https:\/\/legitgrams.com\/product\/wholesale-bk-ethyl-k-chemical\/"]}]},{"@type":"ImageObject","inLanguage":"es","@id":"https:\/\/legitgrams.com\/product\/wholesale-bk-ethyl-k-chemical\/#primaryimage","url":"https:\/\/legitgrams.com\/wp-content\/uploads\/2024\/09\/buy-wholesale-bk-ethyl-k-chemical-online.jpg","contentUrl":"https:\/\/legitgrams.com\/wp-content\/uploads\/2024\/09\/buy-wholesale-bk-ethyl-k-chemical-online.jpg","width":600,"height":600,"caption":"Ethyl-K Chemical for Sale"},{"@type":"BreadcrumbList","@id":"https:\/\/legitgrams.com\/product\/wholesale-bk-ethyl-k-chemical\/#breadcrumb","itemListElement":[{"@type":"ListItem","position":1,"name":"Home","item":"https:\/\/legitgrams.com\/"},{"@type":"ListItem","position":2,"name":"Shop","item":"https:\/\/legitgrams.com\/shop\/"},{"@type":"ListItem","position":3,"name":"Buy Wholesale bk -Ethyl-K Chemical Online"}]},{"@type":"WebSite","@id":"https:\/\/legitgrams.com\/#website","url":"https:\/\/legitgrams.com\/","name":"Gramos leg\u00edtimos","description":"Mi blog de WordPress","publisher":{"@id":"https:\/\/legitgrams.com\/#organization"},"potentialAction":[{"@type":"SearchAction","target":{"@type":"EntryPoint","urlTemplate":"https:\/\/legitgrams.com\/?s={search_term_string}"},"query-input":{"@type":"PropertyValueSpecification","valueRequired":true,"valueName":"search_term_string"}}],"inLanguage":"es"},{"@type":"Organization","@id":"https:\/\/legitgrams.com\/#organization","name":"Gramos leg\u00edtimos","url":"https:\/\/legitgrams.com\/","logo":{"@type":"ImageObject","inLanguage":"es","@id":"https:\/\/legitgrams.com\/#\/schema\/logo\/image\/","url":"https:\/\/legitgrams.com\/wp-content\/uploads\/2024\/09\/main-logo.png","contentUrl":"https:\/\/legitgrams.com\/wp-content\/uploads\/2024\/09\/main-logo.png","width":270,"height":75,"caption":"Legit Grams"},"image":{"@id":"https:\/\/legitgrams.com\/#\/schema\/logo\/image\/"}}]}},"uagb_featured_image_src":{"full":["https:\/\/legitgrams.com\/wp-content\/uploads\/2024\/09\/buy-wholesale-bk-ethyl-k-chemical-online.jpg",600,600,false],"thumbnail":["https:\/\/legitgrams.com\/wp-content\/uploads\/2024\/09\/buy-wholesale-bk-ethyl-k-chemical-online-150x150.jpg",150,150,true],"medium":["https:\/\/legitgrams.com\/wp-content\/uploads\/2024\/09\/buy-wholesale-bk-ethyl-k-chemical-online-300x300.jpg",300,300,true],"medium_large":["https:\/\/legitgrams.com\/wp-content\/uploads\/2024\/09\/buy-wholesale-bk-ethyl-k-chemical-online.jpg",600,600,false],"large":["https:\/\/legitgrams.com\/wp-content\/uploads\/2024\/09\/buy-wholesale-bk-ethyl-k-chemical-online.jpg",600,600,false],"1536x1536":["https:\/\/legitgrams.com\/wp-content\/uploads\/2024\/09\/buy-wholesale-bk-ethyl-k-chemical-online.jpg",600,600,false],"2048x2048":["https:\/\/legitgrams.com\/wp-content\/uploads\/2024\/09\/buy-wholesale-bk-ethyl-k-chemical-online.jpg",600,600,false],"trp-custom-language-flag":["https:\/\/legitgrams.com\/wp-content\/uploads\/2024\/09\/buy-wholesale-bk-ethyl-k-chemical-online-12x12.jpg",12,12,true],"woocommerce_thumbnail":["https:\/\/legitgrams.com\/wp-content\/uploads\/2024\/09\/buy-wholesale-bk-ethyl-k-chemical-online-300x300.jpg",300,300,true],"woocommerce_single":["https:\/\/legitgrams.com\/wp-content\/uploads\/2024\/09\/buy-wholesale-bk-ethyl-k-chemical-online.jpg",600,600,false],"woocommerce_gallery_thumbnail":["https:\/\/legitgrams.com\/wp-content\/uploads\/2024\/09\/buy-wholesale-bk-ethyl-k-chemical-online-100x100.jpg",100,100,true]},"uagb_author_info":{"display_name":"cokeblog18","author_link":"https:\/\/legitgrams.com\/es\/author\/"},"uagb_comment_info":0,"uagb_excerpt":"BK-Ethyl-K Chemical for Sale at Wholesale Prices Bk ethyl k, also referred to as Ethylone, is an entactogen energizer that is frequently suggested as 3,4-methylenedioxy-N-ethylcathinone. Ethylone&#8217;s productive name is 1-(1,3-Benzodioxol-5-yl)- 2-(ethylamino)- 1-propanone. The sub-nuclear formula is C12H15NO3, with an ordinary mass of 221.251999 Da and a monoisotopic mass of 221.104996 Da. Buy china that contains&hellip;","_links":{"self":[{"href":"https:\/\/legitgrams.com\/es\/wp-json\/wp\/v2\/product\/3946","targetHints":{"allow":["GET"]}}],"collection":[{"href":"https:\/\/legitgrams.com\/es\/wp-json\/wp\/v2\/product"}],"about":[{"href":"https:\/\/legitgrams.com\/es\/wp-json\/wp\/v2\/types\/product"}],"replies":[{"embeddable":true,"href":"https:\/\/legitgrams.com\/es\/wp-json\/wp\/v2\/comments?post=3946"}],"wp:featuredmedia":[{"embeddable":true,"href":"https:\/\/legitgrams.com\/es\/wp-json\/wp\/v2\/media\/5322"}],"wp:attachment":[{"href":"https:\/\/legitgrams.com\/es\/wp-json\/wp\/v2\/media?parent=3946"}],"wp:term":[{"taxonomy":"product_brand","embeddable":true,"href":"https:\/\/legitgrams.com\/es\/wp-json\/wp\/v2\/product_brand?post=3946"},{"taxonomy":"product_cat","embeddable":true,"href":"https:\/\/legitgrams.com\/es\/wp-json\/wp\/v2\/product_cat?post=3946"},{"taxonomy":"product_tag","embeddable":true,"href":"https:\/\/legitgrams.com\/es\/wp-json\/wp\/v2\/product_tag?post=3946"}],"curies":[{"name":"wp","href":"https:\/\/api.w.org\/{rel}","templated":true}]}}