{"id":3947,"date":"2024-09-20T12:24:18","date_gmt":"2024-09-20T12:24:18","guid":{"rendered":"https:\/\/legitgrams.com\/?post_type=product&#038;p=3947"},"modified":"2025-01-15T05:47:01","modified_gmt":"2025-01-15T05:47:01","slug":"sal-de-bano-tranquilidad","status":"publish","type":"product","link":"https:\/\/legitgrams.com\/es\/producto\/sal-de-bano-tranquilidad\/","title":{"rendered":"Sal de ba\u00f1o Tranquility"},"content":{"rendered":"<h2>Comprar sales de ba\u00f1o Tranquility en l\u00ednea<\/h2>\n<p>Comprar Tranquilidad <a href=\"https:\/\/en.wikipedia.org\/wiki\/Bath_salts\">Sales de ba\u00f1o<\/a> de un vendedor en l\u00ednea de confianza. Ofrecemos los mejores art\u00edculos de ba\u00f1o, incluidas las sales de ba\u00f1o. Las sales de ba\u00f1o proporcionan una experiencia de ba\u00f1o limpia, suave y placentera. No obstante, nos comprometemos a proporcionar a nuestros clientes la mejor calidad del mercado. Pero proporcionamos diferentes sales de ba\u00f1o concentradas a precios razonables tanto para clientes mayoristas como minoristas.<\/p>\n<h3>\u00a1Nuestras sales de ba\u00f1o huelen muy fuerte!<\/h3>\n<p>El objetivo de las sales de ba\u00f1o White Girl es aumentar la cantidad de euforia, vitalidad y excitaci\u00f3n en su ba\u00f1o. Se puede lograr un impacto significativo con una cantidad m\u00ednima. Sin embargo, para ablandar de forma natural el agua de una ba\u00f1era de hidromasaje, a\u00f1ada una peque\u00f1a cantidad. Sin embargo, se sentir\u00e1 incre\u00edblemente contento y lleno de energ\u00eda. <a href=\"https:\/\/legitgrams.com\/es\/\">LegitGrams<\/a><\/p>\n<p>Por otro lado, se utiliza para reproducir las aguas termales naturales del Mar Griego. Observaci\u00f3n: Las sales de ba\u00f1o meditativas fuertes son las sales de ba\u00f1o Tranquility. Util\u00edcelas con suavidad al principio, ya que una cantidad excesiva le resultar\u00e1 desagradable y enturbiar\u00e1 el agua de la ba\u00f1era. Pero con la aplicaci\u00f3n correcta, las Sales de Ba\u00f1o Tranquility pueden elevarle a altitudes que nunca habr\u00eda imaginado posibles.<\/p>\n<p>Tome un ba\u00f1o relajante con sal rosa del Himalaya para rejuvenecer su mente y calmar su cuerpo. Los contaminantes se eliminan moment\u00e1neamente con esta sal desintoxicante.<\/p>\n<p>Comprar <a href=\"https:\/\/legitgrams.com\/es\/producto\/sal-de-bano-tranquilidad\/\">Sal de ba\u00f1o Tranquility<\/a> Online - comprar Tranquility Bath Salt, comprar Tranquility Bath Salt USA, comprar Tranquility Bath Salt online USA, Donde comprar Tranquility Bath Salt, venta de Tranquility Bath Salt, venta de Tranquility Bath Salt cerca de mi, comprar Tranquility Bath Salt online cerca de mi, donde comprar Tranquility Bath Salt online, venta de Tranquility Bath Salt en USA, Canada, UK, comprar, online, proveedores, entrega segura, Comprar Tranquility Bath Salt sigue disponible. C\u00f3mo pedir Sal de Ba\u00f1o de Tranquilidad, \u00bfEs legal la Sal de Ba\u00f1o de Tranquilidad en Canad\u00e1, Es legal la Sal de Ba\u00f1o de Tranquilidad en Estados Unidos, y D\u00f3nde puedo conseguir Sal de Ba\u00f1o de Tranquilidad online?<\/p>","protected":false},"excerpt":{"rendered":"<p>Purchase Tranquility Bath Salt Online Buy Tranquility Bath Salts from a reputable online vendor. We provide the best bath goods, including bath salts. Bath salts provide a clean, soft, and pleasurable bathing experience. Nonetheless, we promise to provide our clients with the best quality on the market. But we provide different concentrated bath salts at &hellip;<\/p>\n<p class=\"read-more\"> <a class=\"\" href=\"https:\/\/legitgrams.com\/es\/producto\/sal-de-bano-tranquilidad\/\"> <span class=\"screen-reader-text\">Sal de ba\u00f1o Tranquility<\/span> Leer m\u00e1s \"<\/a><\/p>","protected":false},"featured_media":5318,"comment_status":"open","ping_status":"closed","template":"","meta":{"_uag_custom_page_level_css":"","site-sidebar-layout":"default","site-content-layout":"default","ast-global-header-display":"","ast-main-header-display":"","ast-hfb-above-header-display":"","ast-hfb-below-header-display":"","ast-hfb-mobile-header-display":"","site-post-title":"","ast-breadcrumbs-content":"","ast-featured-img":"","footer-sml-layout":"","theme-transparent-header-meta":"default","adv-header-id-meta":"","stick-header-meta":"default","header-above-stick-meta":"","header-main-stick-meta":"","header-below-stick-meta":"","_joinchat":[]},"product_brand":[],"product_cat":[600],"product_tag":[3567,3557,617,3549,3564,3561,3556,3554,3566,3563,625,3548,3551,3559,3550,3560,3562,3552,3569,3570,3568,3565,3555,3558,3553],"class_list":{"0":"post-3947","1":"product","2":"type-product","3":"status-publish","4":"has-post-thumbnail","6":"product_cat-research-chemicals-and-bath-salt","7":"product_tag-best-cheap-price-tranquility-bath-salt","8":"product_tag-best-place-to-buy-tranquility-bath-salt","9":"product_tag-bulk-online","10":"product_tag-buy-tranquility-bath-salt","11":"product_tag-cheap-tranquility-bath-salt","12":"product_tag-high-quality-tranquility-bath-salt","13":"product_tag-how-to-buy-tranquility-bath-salt","14":"product_tag-order-tranquility-bath-salt","15":"product_tag-purcharse-tranquility-bath-salt","16":"product_tag-shop-tranquility-bath-salt","17":"product_tag-top-quality","18":"product_tag-tranquility-bath-salt","19":"product_tag-tranquility-bath-salt-for-sale","20":"product_tag-tranquility-bath-salt-legally","21":"product_tag-tranquility-bath-salt-online","22":"product_tag-tranquility-bath-salt-price","23":"product_tag-tranquility-bath-salt-store","24":"product_tag-tranquility-bath-salt-tranquility-bath-salt-supplier","25":"product_tag-tranquility-bath-salt-use","26":"product_tag-tranquility-bath-salt-wiki","27":"product_tag-tranquility-bath-salt-worldwide","28":"product_tag-tranquility-bath-salts","29":"product_tag-where-to-buy-tranquility-bath-salt","30":"product_tag-where-to-order-tranquility-bath-salt","31":"product_tag-wholesale-tranquility-bath-salt","32":"desktop-align-left","33":"tablet-align-left","34":"mobile-align-left","35":"ast-product-gallery-layout-horizontal","36":"ast-product-gallery-with-no-image","37":"ast-product-single-variable","38":"ast-product-tabs-layout-horizontal","39":"ast-qv-on-image","41":"first","42":"instock","43":"shipping-taxable","44":"purchasable","45":"product-type-variable"},"yoast_head":"<!-- This site is optimized with the Yoast SEO plugin v25.9 - https:\/\/yoast.com\/wordpress\/plugins\/seo\/ -->\n<title>Tranquility Bath Salt for Sale - Buy Tranquility Powder Online<\/title>\n<meta name=\"description\" content=\"Discover top-notch tranquility bath salt for sale at our online store - buy tranquility powder conveniently and securely to fuel your research. Explore and buy tranquility bath salt online, advancing your scientific endeavors with ease. Order Now!\" \/>\n<meta name=\"robots\" content=\"index, follow, max-snippet:-1, max-image-preview:large, max-video-preview:-1\" \/>\n<link rel=\"canonical\" href=\"https:\/\/legitgrams.com\/es\/producto\/sal-de-bano-tranquilidad\/\" \/>\n<meta property=\"og:locale\" content=\"es_ES\" \/>\n<meta property=\"og:type\" content=\"article\" \/>\n<meta property=\"og:title\" content=\"Tranquility Bath Salt for Sale - Buy Tranquility Powder Online\" \/>\n<meta property=\"og:description\" content=\"Discover top-notch tranquility bath salt for sale at our online store - buy tranquility powder conveniently and securely to fuel your research. Explore and buy tranquility bath salt online, advancing your scientific endeavors with ease. Order Now!\" \/>\n<meta property=\"og:url\" content=\"https:\/\/legitgrams.com\/es\/producto\/sal-de-bano-tranquilidad\/\" \/>\n<meta property=\"og:site_name\" content=\"Legit Grams\" \/>\n<meta property=\"article:modified_time\" content=\"2025-01-15T05:47:01+00:00\" \/>\n<meta property=\"og:image\" content=\"https:\/\/legitgrams.com\/wp-content\/uploads\/2024\/09\/buy-tranquility-bath-salt-online.jpg\" \/>\n\t<meta property=\"og:image:width\" content=\"600\" \/>\n\t<meta property=\"og:image:height\" content=\"600\" \/>\n\t<meta property=\"og:image:type\" content=\"image\/jpeg\" \/>\n<meta name=\"twitter:card\" content=\"summary_large_image\" \/>\n<meta name=\"twitter:label1\" content=\"Tiempo de lectura\" \/>\n\t<meta name=\"twitter:data1\" content=\"2 minutos\" \/>\n<script type=\"application\/ld+json\" class=\"yoast-schema-graph\">{\"@context\":\"https:\/\/schema.org\",\"@graph\":[{\"@type\":\"WebPage\",\"@id\":\"https:\/\/legitgrams.com\/product\/tranquility-bath-salt\/\",\"url\":\"https:\/\/legitgrams.com\/product\/tranquility-bath-salt\/\",\"name\":\"Tranquility Bath Salt for Sale - Buy Tranquility Powder Online\",\"isPartOf\":{\"@id\":\"https:\/\/legitgrams.com\/#website\"},\"primaryImageOfPage\":{\"@id\":\"https:\/\/legitgrams.com\/product\/tranquility-bath-salt\/#primaryimage\"},\"image\":{\"@id\":\"https:\/\/legitgrams.com\/product\/tranquility-bath-salt\/#primaryimage\"},\"thumbnailUrl\":\"https:\/\/legitgrams.com\/wp-content\/uploads\/2024\/09\/buy-tranquility-bath-salt-online.jpg\",\"datePublished\":\"2024-09-20T12:24:18+00:00\",\"dateModified\":\"2025-01-15T05:47:01+00:00\",\"description\":\"Discover top-notch tranquility bath salt for sale at our online store - buy tranquility powder conveniently and securely to fuel your research. Explore and buy tranquility bath salt online, advancing your scientific endeavors with ease. Order Now!\",\"breadcrumb\":{\"@id\":\"https:\/\/legitgrams.com\/product\/tranquility-bath-salt\/#breadcrumb\"},\"inLanguage\":\"es\",\"potentialAction\":[{\"@type\":\"ReadAction\",\"target\":[\"https:\/\/legitgrams.com\/product\/tranquility-bath-salt\/\"]}]},{\"@type\":\"ImageObject\",\"inLanguage\":\"es\",\"@id\":\"https:\/\/legitgrams.com\/product\/tranquility-bath-salt\/#primaryimage\",\"url\":\"https:\/\/legitgrams.com\/wp-content\/uploads\/2024\/09\/buy-tranquility-bath-salt-online.jpg\",\"contentUrl\":\"https:\/\/legitgrams.com\/wp-content\/uploads\/2024\/09\/buy-tranquility-bath-salt-online.jpg\",\"width\":600,\"height\":600,\"caption\":\"Tranquility Bath Salt for Sale\"},{\"@type\":\"BreadcrumbList\",\"@id\":\"https:\/\/legitgrams.com\/product\/tranquility-bath-salt\/#breadcrumb\",\"itemListElement\":[{\"@type\":\"ListItem\",\"position\":1,\"name\":\"Home\",\"item\":\"https:\/\/legitgrams.com\/\"},{\"@type\":\"ListItem\",\"position\":2,\"name\":\"Shop\",\"item\":\"https:\/\/legitgrams.com\/shop\/\"},{\"@type\":\"ListItem\",\"position\":3,\"name\":\"Tranquility Bath Salt\"}]},{\"@type\":\"WebSite\",\"@id\":\"https:\/\/legitgrams.com\/#website\",\"url\":\"https:\/\/legitgrams.com\/\",\"name\":\"Legit Grams\",\"description\":\"My WordPress Blog\",\"publisher\":{\"@id\":\"https:\/\/legitgrams.com\/#organization\"},\"potentialAction\":[{\"@type\":\"SearchAction\",\"target\":{\"@type\":\"EntryPoint\",\"urlTemplate\":\"https:\/\/legitgrams.com\/?s={search_term_string}\"},\"query-input\":{\"@type\":\"PropertyValueSpecification\",\"valueRequired\":true,\"valueName\":\"search_term_string\"}}],\"inLanguage\":\"es\"},{\"@type\":\"Organization\",\"@id\":\"https:\/\/legitgrams.com\/#organization\",\"name\":\"Legit Grams\",\"url\":\"https:\/\/legitgrams.com\/\",\"logo\":{\"@type\":\"ImageObject\",\"inLanguage\":\"es\",\"@id\":\"https:\/\/legitgrams.com\/#\/schema\/logo\/image\/\",\"url\":\"https:\/\/legitgrams.com\/wp-content\/uploads\/2024\/09\/main-logo.png\",\"contentUrl\":\"https:\/\/legitgrams.com\/wp-content\/uploads\/2024\/09\/main-logo.png\",\"width\":270,\"height\":75,\"caption\":\"Legit Grams\"},\"image\":{\"@id\":\"https:\/\/legitgrams.com\/#\/schema\/logo\/image\/\"}}]}<\/script>\n<!-- \/ Yoast SEO plugin. -->","yoast_head_json":{"title":"Venta de sales de ba\u00f1o Tranquility - Comprar tranquilizantes en polvo en l\u00ednea","description":"Descubra las mejores sales de ba\u00f1o tranquilizantes a la venta en nuestra tienda online - compre tranquilizantes en polvo de forma c\u00f3moda y segura para alimentar su investigaci\u00f3n. Explore y compre sales de ba\u00f1o tranquilizantes en l\u00ednea, y avance en sus esfuerzos cient\u00edficos con facilidad. \u00a1Haga su pedido ahora!","robots":{"index":"index","follow":"follow","max-snippet":"max-snippet:-1","max-image-preview":"max-image-preview:large","max-video-preview":"max-video-preview:-1"},"canonical":"https:\/\/legitgrams.com\/es\/producto\/sal-de-bano-tranquilidad\/","og_locale":"es_ES","og_type":"article","og_title":"Tranquility Bath Salt for Sale - Buy Tranquility Powder Online","og_description":"Discover top-notch tranquility bath salt for sale at our online store - buy tranquility powder conveniently and securely to fuel your research. Explore and buy tranquility bath salt online, advancing your scientific endeavors with ease. Order Now!","og_url":"https:\/\/legitgrams.com\/es\/producto\/sal-de-bano-tranquilidad\/","og_site_name":"Legit Grams","article_modified_time":"2025-01-15T05:47:01+00:00","og_image":[{"width":600,"height":600,"url":"https:\/\/legitgrams.com\/wp-content\/uploads\/2024\/09\/buy-tranquility-bath-salt-online.jpg","type":"image\/jpeg"}],"twitter_card":"summary_large_image","twitter_misc":{"Tiempo de lectura":"2 minutos"},"schema":{"@context":"https:\/\/schema.org","@graph":[{"@type":"WebPage","@id":"https:\/\/legitgrams.com\/product\/tranquility-bath-salt\/","url":"https:\/\/legitgrams.com\/product\/tranquility-bath-salt\/","name":"Venta de sales de ba\u00f1o Tranquility - Comprar tranquilizantes en polvo en l\u00ednea","isPartOf":{"@id":"https:\/\/legitgrams.com\/#website"},"primaryImageOfPage":{"@id":"https:\/\/legitgrams.com\/product\/tranquility-bath-salt\/#primaryimage"},"image":{"@id":"https:\/\/legitgrams.com\/product\/tranquility-bath-salt\/#primaryimage"},"thumbnailUrl":"https:\/\/legitgrams.com\/wp-content\/uploads\/2024\/09\/buy-tranquility-bath-salt-online.jpg","datePublished":"2024-09-20T12:24:18+00:00","dateModified":"2025-01-15T05:47:01+00:00","description":"Descubra las mejores sales de ba\u00f1o tranquilizantes a la venta en nuestra tienda online - compre tranquilizantes en polvo de forma c\u00f3moda y segura para alimentar su investigaci\u00f3n. Explore y compre sales de ba\u00f1o tranquilizantes en l\u00ednea, y avance en sus esfuerzos cient\u00edficos con facilidad. \u00a1Haga su pedido ahora!","breadcrumb":{"@id":"https:\/\/legitgrams.com\/product\/tranquility-bath-salt\/#breadcrumb"},"inLanguage":"es","potentialAction":[{"@type":"ReadAction","target":["https:\/\/legitgrams.com\/product\/tranquility-bath-salt\/"]}]},{"@type":"ImageObject","inLanguage":"es","@id":"https:\/\/legitgrams.com\/product\/tranquility-bath-salt\/#primaryimage","url":"https:\/\/legitgrams.com\/wp-content\/uploads\/2024\/09\/buy-tranquility-bath-salt-online.jpg","contentUrl":"https:\/\/legitgrams.com\/wp-content\/uploads\/2024\/09\/buy-tranquility-bath-salt-online.jpg","width":600,"height":600,"caption":"Tranquility Bath Salt for Sale"},{"@type":"BreadcrumbList","@id":"https:\/\/legitgrams.com\/product\/tranquility-bath-salt\/#breadcrumb","itemListElement":[{"@type":"ListItem","position":1,"name":"Home","item":"https:\/\/legitgrams.com\/"},{"@type":"ListItem","position":2,"name":"Shop","item":"https:\/\/legitgrams.com\/shop\/"},{"@type":"ListItem","position":3,"name":"Tranquility Bath Salt"}]},{"@type":"WebSite","@id":"https:\/\/legitgrams.com\/#website","url":"https:\/\/legitgrams.com\/","name":"Gramos leg\u00edtimos","description":"Mi blog de WordPress","publisher":{"@id":"https:\/\/legitgrams.com\/#organization"},"potentialAction":[{"@type":"SearchAction","target":{"@type":"EntryPoint","urlTemplate":"https:\/\/legitgrams.com\/?s={search_term_string}"},"query-input":{"@type":"PropertyValueSpecification","valueRequired":true,"valueName":"search_term_string"}}],"inLanguage":"es"},{"@type":"Organization","@id":"https:\/\/legitgrams.com\/#organization","name":"Gramos leg\u00edtimos","url":"https:\/\/legitgrams.com\/","logo":{"@type":"ImageObject","inLanguage":"es","@id":"https:\/\/legitgrams.com\/#\/schema\/logo\/image\/","url":"https:\/\/legitgrams.com\/wp-content\/uploads\/2024\/09\/main-logo.png","contentUrl":"https:\/\/legitgrams.com\/wp-content\/uploads\/2024\/09\/main-logo.png","width":270,"height":75,"caption":"Legit Grams"},"image":{"@id":"https:\/\/legitgrams.com\/#\/schema\/logo\/image\/"}}]}},"uagb_featured_image_src":{"full":["https:\/\/legitgrams.com\/wp-content\/uploads\/2024\/09\/buy-tranquility-bath-salt-online.jpg",600,600,false],"thumbnail":["https:\/\/legitgrams.com\/wp-content\/uploads\/2024\/09\/buy-tranquility-bath-salt-online-150x150.jpg",150,150,true],"medium":["https:\/\/legitgrams.com\/wp-content\/uploads\/2024\/09\/buy-tranquility-bath-salt-online-300x300.jpg",300,300,true],"medium_large":["https:\/\/legitgrams.com\/wp-content\/uploads\/2024\/09\/buy-tranquility-bath-salt-online.jpg",600,600,false],"large":["https:\/\/legitgrams.com\/wp-content\/uploads\/2024\/09\/buy-tranquility-bath-salt-online.jpg",600,600,false],"1536x1536":["https:\/\/legitgrams.com\/wp-content\/uploads\/2024\/09\/buy-tranquility-bath-salt-online.jpg",600,600,false],"2048x2048":["https:\/\/legitgrams.com\/wp-content\/uploads\/2024\/09\/buy-tranquility-bath-salt-online.jpg",600,600,false],"trp-custom-language-flag":["https:\/\/legitgrams.com\/wp-content\/uploads\/2024\/09\/buy-tranquility-bath-salt-online-12x12.jpg",12,12,true],"woocommerce_thumbnail":["https:\/\/legitgrams.com\/wp-content\/uploads\/2024\/09\/buy-tranquility-bath-salt-online-300x300.jpg",300,300,true],"woocommerce_single":["https:\/\/legitgrams.com\/wp-content\/uploads\/2024\/09\/buy-tranquility-bath-salt-online.jpg",600,600,false],"woocommerce_gallery_thumbnail":["https:\/\/legitgrams.com\/wp-content\/uploads\/2024\/09\/buy-tranquility-bath-salt-online-100x100.jpg",100,100,true]},"uagb_author_info":{"display_name":"cokeblog18","author_link":"https:\/\/legitgrams.com\/es\/author\/"},"uagb_comment_info":0,"uagb_excerpt":"Purchase Tranquility Bath Salt Online Buy Tranquility Bath Salts from a reputable online vendor. We provide the best bath goods, including bath salts. Bath salts provide a clean, soft, and pleasurable bathing experience. Nonetheless, we promise to provide our clients with the best quality on the market. But we provide different concentrated bath salts at&hellip;","_links":{"self":[{"href":"https:\/\/legitgrams.com\/es\/wp-json\/wp\/v2\/product\/3947","targetHints":{"allow":["GET"]}}],"collection":[{"href":"https:\/\/legitgrams.com\/es\/wp-json\/wp\/v2\/product"}],"about":[{"href":"https:\/\/legitgrams.com\/es\/wp-json\/wp\/v2\/types\/product"}],"replies":[{"embeddable":true,"href":"https:\/\/legitgrams.com\/es\/wp-json\/wp\/v2\/comments?post=3947"}],"wp:featuredmedia":[{"embeddable":true,"href":"https:\/\/legitgrams.com\/es\/wp-json\/wp\/v2\/media\/5318"}],"wp:attachment":[{"href":"https:\/\/legitgrams.com\/es\/wp-json\/wp\/v2\/media?parent=3947"}],"wp:term":[{"taxonomy":"product_brand","embeddable":true,"href":"https:\/\/legitgrams.com\/es\/wp-json\/wp\/v2\/product_brand?post=3947"},{"taxonomy":"product_cat","embeddable":true,"href":"https:\/\/legitgrams.com\/es\/wp-json\/wp\/v2\/product_cat?post=3947"},{"taxonomy":"product_tag","embeddable":true,"href":"https:\/\/legitgrams.com\/es\/wp-json\/wp\/v2\/product_tag?post=3947"}],"curies":[{"name":"wp","href":"https:\/\/api.w.org\/{rel}","templated":true}]}}