{"id":3960,"date":"2024-09-21T05:07:38","date_gmt":"2024-09-21T05:07:38","guid":{"rendered":"https:\/\/legitgrams.com\/?post_type=product&#038;p=3960"},"modified":"2026-01-09T21:17:57","modified_gmt":"2026-01-09T21:17:57","slug":"bupedrona-en-polvo","status":"publish","type":"product","link":"https:\/\/legitgrams.com\/es\/producto\/bupedrona-en-polvo\/","title":{"rendered":"Comprar polvo de buphedrona en l\u00ednea"},"content":{"rendered":"<h2>En venta: Buphedrone en polvo<\/h2>\n<p><a href=\"https:\/\/legitgrams.com\/es\/producto\/bupedrona-en-polvo\/\">Comprar polvo de bufedrona<\/a> En l\u00ednea. Ofrecemos una amplia gama de productos qu\u00edmicos de investigaci\u00f3n con grandes descuentos. <a href=\"https:\/\/www.bing.com\/search?q=Buy%20Buphedrone%20Powder%20Online&amp;qs=n&amp;form=QBRE&amp;sp=-1&amp;lq=0&amp;pq=buy%20buphedrone%20powder%20online&amp;sc=0-28&amp;sk=&amp;cvid=3D5FD30357204AC8A17754C4FE6C0FB9&amp;ghsh=0&amp;ghacc=0&amp;ghpl=\">Bufedrona<\/a> Es uno de ellos. Si tiene alguna otra consulta, puede contactarnos. Tenga en cuenta que nuestros materiales de estudio no son aptos para el consumo humano. <a href=\"https:\/\/legitgrams.com\/es\/\">LegitGrams<\/a><\/p>\n<p>Comprar <a href=\"https:\/\/en.wikipedia.org\/wiki\/Buphedrone\">Bufedrona<\/a> polvo en l\u00ednea: comprar polvo, comprar polvo, <a href=\"https:\/\/www.google.com\/search?q=Buy+Buphedrone+Powder+Online&amp;num=10&amp;sca_esv=1a2a07081c7891bb&amp;rlz=1C1RXQR_enIN1098IN1098&amp;sxsrf=AHTn8zr2HENWrnwrwiNR8OgUSDKA_sMhXQ%3A1741322791446&amp;ei=J3rKZ5z4GtaZseMP0anYmAc&amp;ved=0ahUKEwjcp7HzlPeLAxXWTGwGHdEUFnMQ4dUDCBA&amp;uact=5&amp;oq=Buy+Buphedrone+Powder+Online&amp;gs_lp=Egxnd3Mtd2l6LXNlcnAiHEJ1eSBCdXBoZWRyb25lIFBvd2RlciBPbmxpbmUyBxAhGKABGAoyBxAhGKABGApI-AdQqwRYqwRwBHgAkAEAmAHbAaAB2wGqAQMyLTG4AQPIAQD4AQL4AQGYAgGgAuoBmAMAiAYBkgcDMi0xoAebAw&amp;sclient=gws-wiz-serp\">comprar Buphedrone<\/a> por internet, D\u00f3nde comprar Buphedrone en polvo, Comprar Buphedrone en polvo, Polvo en venta, Comprar Buphedrone en polvo en l\u00ednea, Comprar Buphedrone en polvo en EE. UU., Canad\u00e1, Reino Unido, Compra, En l\u00ednea, Proveedores, Entrega segura, Todav\u00eda puede obtener <a href=\"https:\/\/duckduckgo.com\/?q=Buy+Buphedrone+Powder+Online&amp;t=h_&amp;ia=web\">bufedrona en polvo<\/a>\u00bfEs legal comprar polvo kappa en l\u00ednea en Estados Unidos? \u00bfC\u00f3mo puedo hacer un pedido de polvo kappa? \u00bfEs legal el polvo kappa en Canad\u00e1?<\/p>","protected":false},"excerpt":{"rendered":"<p>For Sale: Buphedrone Powder Buy Buphedrone powder online. We are providing a wide range of research chemicals at steep discounts. Buphedrone is one among them. If you have any more queries, you can contact us. Please be aware that our study materials are not fit for human consumption. LegitGrams Purchase Buphedrone powder online: buy powder, &hellip;<\/p>\n<p class=\"read-more\"> <a class=\"\" href=\"https:\/\/legitgrams.com\/es\/producto\/bupedrona-en-polvo\/\"> <span class=\"screen-reader-text\">Comprar polvo de buphedrona en l\u00ednea<\/span> Leer m\u00e1s \"<\/a><\/p>","protected":false},"featured_media":5268,"comment_status":"open","ping_status":"closed","template":"","meta":{"_uag_custom_page_level_css":"","site-sidebar-layout":"default","site-content-layout":"default","ast-global-header-display":"","ast-main-header-display":"","ast-hfb-above-header-display":"","ast-hfb-below-header-display":"","ast-hfb-mobile-header-display":"","site-post-title":"","ast-breadcrumbs-content":"","ast-featured-img":"","footer-sml-layout":"","theme-transparent-header-meta":"default","adv-header-id-meta":"","stick-header-meta":"default","header-above-stick-meta":"","header-main-stick-meta":"","header-below-stick-meta":"","_joinchat":[]},"product_brand":[],"product_cat":[600],"product_tag":[3498,3488,617,3479,3483,3482,3490,3481,3491,3493,3500,3501,3499,3496,3480,3495,3492,3487,3485,3497,3494,625,3486,3489,3484],"class_list":{"0":"post-3960","1":"product","2":"type-product","3":"status-publish","4":"has-post-thumbnail","6":"product_cat-research-chemicals-and-bath-salt","7":"product_tag-best-cheap-price-buphedrone-powder","8":"product_tag-best-place-to-buy-buphedrone-powder","9":"product_tag-bulk-online","10":"product_tag-buphedrone-powder","11":"product_tag-buphedrone-powder-buphedrone-powder-supplier","12":"product_tag-buphedrone-powder-for-sale","13":"product_tag-buphedrone-powder-legally","14":"product_tag-buphedrone-powder-online","15":"product_tag-buphedrone-powder-price","16":"product_tag-buphedrone-powder-store","17":"product_tag-buphedrone-powder-use","18":"product_tag-buphedrone-powder-wiki","19":"product_tag-buphedrone-powder-worldwide","20":"product_tag-buphedrone-powders","21":"product_tag-buy-buphedrone-powder","22":"product_tag-cheap-buphedrone-powder","23":"product_tag-high-quality-buphedrone-powder","24":"product_tag-how-to-buy-buphedrone-powder","25":"product_tag-order-buphedrone-powder","26":"product_tag-purcharse-buphedrone-powder","27":"product_tag-shop-buphedrone-powder","28":"product_tag-top-quality","29":"product_tag-where-to-buy-buphedrone-powder","30":"product_tag-where-to-order-buphedrone-powder","31":"product_tag-wholesale-buphedrone-powder","32":"desktop-align-left","33":"tablet-align-left","34":"mobile-align-left","35":"ast-product-gallery-layout-horizontal","36":"ast-product-gallery-with-no-image","37":"ast-product-single-variable","38":"ast-product-tabs-layout-horizontal","39":"ast-qv-on-image","41":"first","42":"instock","43":"shipping-taxable","44":"purchasable","45":"product-type-variable"},"yoast_head":"<!-- This site is optimized with the Yoast SEO plugin v25.9 - https:\/\/yoast.com\/wordpress\/plugins\/seo\/ -->\n<title>Buphedrone Powder for Sale - Order Buphedrone Online<\/title>\n<meta name=\"description\" content=\"Find premium buphedrone powder for sale at our online store, providing a secure platform to buy buphedrone powder online with ease, catering to your research needs. Hit your order now!\" \/>\n<meta name=\"robots\" content=\"index, follow, max-snippet:-1, max-image-preview:large, max-video-preview:-1\" \/>\n<link rel=\"canonical\" href=\"https:\/\/legitgrams.com\/es\/producto\/bupedrona-en-polvo\/\" \/>\n<meta property=\"og:locale\" content=\"es_ES\" \/>\n<meta property=\"og:type\" content=\"article\" \/>\n<meta property=\"og:title\" content=\"Buphedrone Powder for Sale - Order Buphedrone Online\" \/>\n<meta property=\"og:description\" content=\"Find premium buphedrone powder for sale at our online store, providing a secure platform to buy buphedrone powder online with ease, catering to your research needs. Hit your order now!\" \/>\n<meta property=\"og:url\" content=\"https:\/\/legitgrams.com\/es\/producto\/bupedrona-en-polvo\/\" \/>\n<meta property=\"og:site_name\" content=\"Legit Grams\" \/>\n<meta property=\"article:modified_time\" content=\"2026-01-09T21:17:57+00:00\" \/>\n<meta property=\"og:image\" content=\"https:\/\/legitgrams.com\/wp-content\/uploads\/2024\/09\/buy-buphedrone-powder-online.jpg\" \/>\n\t<meta property=\"og:image:width\" content=\"600\" \/>\n\t<meta property=\"og:image:height\" content=\"600\" \/>\n\t<meta property=\"og:image:type\" content=\"image\/jpeg\" \/>\n<meta name=\"twitter:card\" content=\"summary_large_image\" \/>\n<meta name=\"twitter:label1\" content=\"Tiempo de lectura\" \/>\n\t<meta name=\"twitter:data1\" content=\"1 minuto\" \/>\n<script type=\"application\/ld+json\" class=\"yoast-schema-graph\">{\"@context\":\"https:\/\/schema.org\",\"@graph\":[{\"@type\":\"WebPage\",\"@id\":\"https:\/\/legitgrams.com\/product\/buphedrone-powder\/\",\"url\":\"https:\/\/legitgrams.com\/product\/buphedrone-powder\/\",\"name\":\"Buphedrone Powder for Sale - Order Buphedrone Online\",\"isPartOf\":{\"@id\":\"https:\/\/legitgrams.com\/#website\"},\"primaryImageOfPage\":{\"@id\":\"https:\/\/legitgrams.com\/product\/buphedrone-powder\/#primaryimage\"},\"image\":{\"@id\":\"https:\/\/legitgrams.com\/product\/buphedrone-powder\/#primaryimage\"},\"thumbnailUrl\":\"https:\/\/legitgrams.com\/wp-content\/uploads\/2024\/09\/buy-buphedrone-powder-online.jpg\",\"datePublished\":\"2024-09-21T05:07:38+00:00\",\"dateModified\":\"2026-01-09T21:17:57+00:00\",\"description\":\"Find premium buphedrone powder for sale at our online store, providing a secure platform to buy buphedrone powder online with ease, catering to your research needs. Hit your order now!\",\"breadcrumb\":{\"@id\":\"https:\/\/legitgrams.com\/product\/buphedrone-powder\/#breadcrumb\"},\"inLanguage\":\"es\",\"potentialAction\":[{\"@type\":\"ReadAction\",\"target\":[\"https:\/\/legitgrams.com\/product\/buphedrone-powder\/\"]}]},{\"@type\":\"ImageObject\",\"inLanguage\":\"es\",\"@id\":\"https:\/\/legitgrams.com\/product\/buphedrone-powder\/#primaryimage\",\"url\":\"https:\/\/legitgrams.com\/wp-content\/uploads\/2024\/09\/buy-buphedrone-powder-online.jpg\",\"contentUrl\":\"https:\/\/legitgrams.com\/wp-content\/uploads\/2024\/09\/buy-buphedrone-powder-online.jpg\",\"width\":600,\"height\":600,\"caption\":\"Buphedrone powder for Sale\"},{\"@type\":\"BreadcrumbList\",\"@id\":\"https:\/\/legitgrams.com\/product\/buphedrone-powder\/#breadcrumb\",\"itemListElement\":[{\"@type\":\"ListItem\",\"position\":1,\"name\":\"Home\",\"item\":\"https:\/\/legitgrams.com\/\"},{\"@type\":\"ListItem\",\"position\":2,\"name\":\"Shop\",\"item\":\"https:\/\/legitgrams.com\/shop\/\"},{\"@type\":\"ListItem\",\"position\":3,\"name\":\"Buy Buphedrone Powder Online\"}]},{\"@type\":\"WebSite\",\"@id\":\"https:\/\/legitgrams.com\/#website\",\"url\":\"https:\/\/legitgrams.com\/\",\"name\":\"Legit Grams\",\"description\":\"My WordPress Blog\",\"publisher\":{\"@id\":\"https:\/\/legitgrams.com\/#organization\"},\"potentialAction\":[{\"@type\":\"SearchAction\",\"target\":{\"@type\":\"EntryPoint\",\"urlTemplate\":\"https:\/\/legitgrams.com\/?s={search_term_string}\"},\"query-input\":{\"@type\":\"PropertyValueSpecification\",\"valueRequired\":true,\"valueName\":\"search_term_string\"}}],\"inLanguage\":\"es\"},{\"@type\":\"Organization\",\"@id\":\"https:\/\/legitgrams.com\/#organization\",\"name\":\"Legit Grams\",\"url\":\"https:\/\/legitgrams.com\/\",\"logo\":{\"@type\":\"ImageObject\",\"inLanguage\":\"es\",\"@id\":\"https:\/\/legitgrams.com\/#\/schema\/logo\/image\/\",\"url\":\"https:\/\/legitgrams.com\/wp-content\/uploads\/2024\/09\/main-logo.png\",\"contentUrl\":\"https:\/\/legitgrams.com\/wp-content\/uploads\/2024\/09\/main-logo.png\",\"width\":270,\"height\":75,\"caption\":\"Legit Grams\"},\"image\":{\"@id\":\"https:\/\/legitgrams.com\/#\/schema\/logo\/image\/\"}}]}<\/script>\n<!-- \/ Yoast SEO plugin. -->","yoast_head_json":{"title":"Venta de bupedrona en polvo - Comprar bupedrona en l\u00ednea","description":"Encuentra buphedrone en polvo de primera calidad a la venta en nuestra tienda en l\u00ednea, proporcionando una plataforma segura para comprar buphedrone en polvo en l\u00ednea con facilidad, atendiendo a sus necesidades de investigaci\u00f3n. \u00a1Haga su pedido ahora!","robots":{"index":"index","follow":"follow","max-snippet":"max-snippet:-1","max-image-preview":"max-image-preview:large","max-video-preview":"max-video-preview:-1"},"canonical":"https:\/\/legitgrams.com\/es\/producto\/bupedrona-en-polvo\/","og_locale":"es_ES","og_type":"article","og_title":"Buphedrone Powder for Sale - Order Buphedrone Online","og_description":"Find premium buphedrone powder for sale at our online store, providing a secure platform to buy buphedrone powder online with ease, catering to your research needs. Hit your order now!","og_url":"https:\/\/legitgrams.com\/es\/producto\/bupedrona-en-polvo\/","og_site_name":"Legit Grams","article_modified_time":"2026-01-09T21:17:57+00:00","og_image":[{"width":600,"height":600,"url":"https:\/\/legitgrams.com\/wp-content\/uploads\/2024\/09\/buy-buphedrone-powder-online.jpg","type":"image\/jpeg"}],"twitter_card":"summary_large_image","twitter_misc":{"Tiempo de lectura":"1 minuto"},"schema":{"@context":"https:\/\/schema.org","@graph":[{"@type":"WebPage","@id":"https:\/\/legitgrams.com\/product\/buphedrone-powder\/","url":"https:\/\/legitgrams.com\/product\/buphedrone-powder\/","name":"Venta de bupedrona en polvo - Comprar bupedrona en l\u00ednea","isPartOf":{"@id":"https:\/\/legitgrams.com\/#website"},"primaryImageOfPage":{"@id":"https:\/\/legitgrams.com\/product\/buphedrone-powder\/#primaryimage"},"image":{"@id":"https:\/\/legitgrams.com\/product\/buphedrone-powder\/#primaryimage"},"thumbnailUrl":"https:\/\/legitgrams.com\/wp-content\/uploads\/2024\/09\/buy-buphedrone-powder-online.jpg","datePublished":"2024-09-21T05:07:38+00:00","dateModified":"2026-01-09T21:17:57+00:00","description":"Encuentra buphedrone en polvo de primera calidad a la venta en nuestra tienda en l\u00ednea, proporcionando una plataforma segura para comprar buphedrone en polvo en l\u00ednea con facilidad, atendiendo a sus necesidades de investigaci\u00f3n. \u00a1Haga su pedido ahora!","breadcrumb":{"@id":"https:\/\/legitgrams.com\/product\/buphedrone-powder\/#breadcrumb"},"inLanguage":"es","potentialAction":[{"@type":"ReadAction","target":["https:\/\/legitgrams.com\/product\/buphedrone-powder\/"]}]},{"@type":"ImageObject","inLanguage":"es","@id":"https:\/\/legitgrams.com\/product\/buphedrone-powder\/#primaryimage","url":"https:\/\/legitgrams.com\/wp-content\/uploads\/2024\/09\/buy-buphedrone-powder-online.jpg","contentUrl":"https:\/\/legitgrams.com\/wp-content\/uploads\/2024\/09\/buy-buphedrone-powder-online.jpg","width":600,"height":600,"caption":"Buphedrone powder for Sale"},{"@type":"BreadcrumbList","@id":"https:\/\/legitgrams.com\/product\/buphedrone-powder\/#breadcrumb","itemListElement":[{"@type":"ListItem","position":1,"name":"Home","item":"https:\/\/legitgrams.com\/"},{"@type":"ListItem","position":2,"name":"Shop","item":"https:\/\/legitgrams.com\/shop\/"},{"@type":"ListItem","position":3,"name":"Buy Buphedrone Powder Online"}]},{"@type":"WebSite","@id":"https:\/\/legitgrams.com\/#website","url":"https:\/\/legitgrams.com\/","name":"Gramos leg\u00edtimos","description":"Mi blog de WordPress","publisher":{"@id":"https:\/\/legitgrams.com\/#organization"},"potentialAction":[{"@type":"SearchAction","target":{"@type":"EntryPoint","urlTemplate":"https:\/\/legitgrams.com\/?s={search_term_string}"},"query-input":{"@type":"PropertyValueSpecification","valueRequired":true,"valueName":"search_term_string"}}],"inLanguage":"es"},{"@type":"Organization","@id":"https:\/\/legitgrams.com\/#organization","name":"Gramos leg\u00edtimos","url":"https:\/\/legitgrams.com\/","logo":{"@type":"ImageObject","inLanguage":"es","@id":"https:\/\/legitgrams.com\/#\/schema\/logo\/image\/","url":"https:\/\/legitgrams.com\/wp-content\/uploads\/2024\/09\/main-logo.png","contentUrl":"https:\/\/legitgrams.com\/wp-content\/uploads\/2024\/09\/main-logo.png","width":270,"height":75,"caption":"Legit Grams"},"image":{"@id":"https:\/\/legitgrams.com\/#\/schema\/logo\/image\/"}}]}},"uagb_featured_image_src":{"full":["https:\/\/legitgrams.com\/wp-content\/uploads\/2024\/09\/buy-buphedrone-powder-online.jpg",600,600,false],"thumbnail":["https:\/\/legitgrams.com\/wp-content\/uploads\/2024\/09\/buy-buphedrone-powder-online-150x150.jpg",150,150,true],"medium":["https:\/\/legitgrams.com\/wp-content\/uploads\/2024\/09\/buy-buphedrone-powder-online-300x300.jpg",300,300,true],"medium_large":["https:\/\/legitgrams.com\/wp-content\/uploads\/2024\/09\/buy-buphedrone-powder-online.jpg",600,600,false],"large":["https:\/\/legitgrams.com\/wp-content\/uploads\/2024\/09\/buy-buphedrone-powder-online.jpg",600,600,false],"1536x1536":["https:\/\/legitgrams.com\/wp-content\/uploads\/2024\/09\/buy-buphedrone-powder-online.jpg",600,600,false],"2048x2048":["https:\/\/legitgrams.com\/wp-content\/uploads\/2024\/09\/buy-buphedrone-powder-online.jpg",600,600,false],"trp-custom-language-flag":["https:\/\/legitgrams.com\/wp-content\/uploads\/2024\/09\/buy-buphedrone-powder-online-12x12.jpg",12,12,true],"woocommerce_thumbnail":["https:\/\/legitgrams.com\/wp-content\/uploads\/2024\/09\/buy-buphedrone-powder-online-300x300.jpg",300,300,true],"woocommerce_single":["https:\/\/legitgrams.com\/wp-content\/uploads\/2024\/09\/buy-buphedrone-powder-online.jpg",600,600,false],"woocommerce_gallery_thumbnail":["https:\/\/legitgrams.com\/wp-content\/uploads\/2024\/09\/buy-buphedrone-powder-online-100x100.jpg",100,100,true]},"uagb_author_info":{"display_name":"cokeblog18","author_link":"https:\/\/legitgrams.com\/es\/author\/"},"uagb_comment_info":4,"uagb_excerpt":"For Sale: Buphedrone Powder Buy Buphedrone powder online. We are providing a wide range of research chemicals at steep discounts. Buphedrone is one among them. If you have any more queries, you can contact us. Please be aware that our study materials are not fit for human consumption. LegitGrams Purchase Buphedrone powder online: buy powder,&hellip;","_links":{"self":[{"href":"https:\/\/legitgrams.com\/es\/wp-json\/wp\/v2\/product\/3960","targetHints":{"allow":["GET"]}}],"collection":[{"href":"https:\/\/legitgrams.com\/es\/wp-json\/wp\/v2\/product"}],"about":[{"href":"https:\/\/legitgrams.com\/es\/wp-json\/wp\/v2\/types\/product"}],"replies":[{"embeddable":true,"href":"https:\/\/legitgrams.com\/es\/wp-json\/wp\/v2\/comments?post=3960"}],"wp:featuredmedia":[{"embeddable":true,"href":"https:\/\/legitgrams.com\/es\/wp-json\/wp\/v2\/media\/5268"}],"wp:attachment":[{"href":"https:\/\/legitgrams.com\/es\/wp-json\/wp\/v2\/media?parent=3960"}],"wp:term":[{"taxonomy":"product_brand","embeddable":true,"href":"https:\/\/legitgrams.com\/es\/wp-json\/wp\/v2\/product_brand?post=3960"},{"taxonomy":"product_cat","embeddable":true,"href":"https:\/\/legitgrams.com\/es\/wp-json\/wp\/v2\/product_cat?post=3960"},{"taxonomy":"product_tag","embeddable":true,"href":"https:\/\/legitgrams.com\/es\/wp-json\/wp\/v2\/product_tag?post=3960"}],"curies":[{"name":"wp","href":"https:\/\/api.w.org\/{rel}","templated":true}]}}