{"id":3961,"date":"2024-09-21T05:10:45","date_gmt":"2024-09-21T05:10:45","guid":{"rendered":"https:\/\/legitgrams.com\/?post_type=product&#038;p=3961"},"modified":"2025-01-13T11:09:28","modified_gmt":"2025-01-13T11:09:28","slug":"clonazolam-en-polvo","status":"publish","type":"product","link":"https:\/\/legitgrams.com\/es\/producto\/clonazolam-en-polvo\/","title":{"rendered":"Clonazolam Polvo"},"content":{"rendered":"<h2>En venta: Clonazolam en polvo<\/h2>\n<p><a href=\"https:\/\/legitgrams.com\/es\/producto\/clonazolam-en-polvo\/\">Polvo de clonazolam<\/a> La benzodiazepina es un f\u00e1rmaco profesional perteneciente a la clase de las benzodiazepinas, que se utilizan por diversas razones y en diversas enfermedades. En 1971 se desarroll\u00f3 por primera vez como f\u00e1rmaco de dise\u00f1o. Sus caracter\u00edsticas \u00fanicas la han convertido en uno de los f\u00e1rmacos m\u00e1s utilizados en todo el mundo en los \u00faltimos a\u00f1os. En la actualidad, se utiliza como sustancia qu\u00edmica para la investigaci\u00f3n y para tratar diversas dolencias.<\/p>\n<h3>C\u00f3mo funciona el polvo de clonazolam<\/h3>\n<p><a href=\"https:\/\/en.wikipedia.org\/wiki\/Clonazolam\">Clonazolam<\/a> El polvo es un ingrediente psicoactivo que funciona de manera similar a todos estos prof\u00e1rmacos, al igual que otras benzodiazepinas. Tiene m\u00e1s potencial que otros prof\u00e1rmacos de la serie de las benzodiazepinas.<\/p>\n<p>Funciona de la misma manera que todos los prof\u00e1rmacos, pero lo hace m\u00e1s r\u00e1pido que cualquiera de los prof\u00e1rmacos de esta familia o de cualquier otra. Act\u00faa teniendo un impacto directo en el sistema de neurotransmisores del cerebro humano.<\/p>\n<p>Este m\u00e9todo mejora la capacidad de algunos compuestos particulares para realizar la funci\u00f3n pertinente, lo que favorece un sue\u00f1o reparador, lo que favorece la relajaci\u00f3n muscular. <a href=\"https:\/\/legitgrams.com\/es\/\">LegitGrams<\/a><\/p>\n<p>El polvo de clonazolam proporciona al cuerpo el descanso que necesita. Casi todos los m\u00e9dicos lo utilizan cuando tratan a pacientes con problemas para dormir. Adem\u00e1s, los m\u00e9dicos utilizan este m\u00e9todo para dejar inconscientes a sus pacientes quir\u00fargicos.<\/p>\n<p>Este prof\u00e1rmaco tambi\u00e9n ayuda a los m\u00e9dicos a evitar que los pacientes tomen medicamentos adicionales. Mediante una serie de procesos, el alcohol puede incluso eliminarse del organismo. El clonazolam es un f\u00e1rmaco excelente, pero solo si se toma seg\u00fan lo prescrito por un m\u00e9dico y de acuerdo con los requisitos del organismo.<\/p>\n<p>El uso prolongado de polvo de clonazolam es perjudicial para la salud humana. Podr\u00eda afectar al sistema neuronal del cerebro y causar graves da\u00f1os a la salud humana.<\/p>\n<p>Nuestra farmacia en Internet ofrece clonazolam a precios excepcionalmente bajos. Nuestra empresa tambi\u00e9n ofrece el servicio de env\u00edo r\u00e1pido de productos.<\/p>","protected":false},"excerpt":{"rendered":"<p>For Sale: Clonazolam Powder Clonazolam powder is a member of the benzodiazepine class of professional drugs, which are used for a number of reasons and in a number of illnesses. In 1971, it was first developed as a designer drug. Its unique characteristics have made it one of the most widely used drugs worldwide in &hellip;<\/p>\n<p class=\"read-more\"> <a class=\"\" href=\"https:\/\/legitgrams.com\/es\/producto\/clonazolam-en-polvo\/\"> <span class=\"screen-reader-text\">Clonazolam Polvo<\/span> Leer m\u00e1s \"<\/a><\/p>","protected":false},"featured_media":5271,"comment_status":"open","ping_status":"closed","template":"","meta":{"_uag_custom_page_level_css":"","site-sidebar-layout":"default","site-content-layout":"default","ast-global-header-display":"","ast-main-header-display":"","ast-hfb-above-header-display":"","ast-hfb-below-header-display":"","ast-hfb-mobile-header-display":"","site-post-title":"","ast-breadcrumbs-content":"","ast-featured-img":"","footer-sml-layout":"","theme-transparent-header-meta":"default","adv-header-id-meta":"","stick-header-meta":"default","header-above-stick-meta":"","header-main-stick-meta":"","header-below-stick-meta":"","_joinchat":[]},"product_brand":[],"product_cat":[600],"product_tag":[3475,3465,617,3457,3472,3456,3460,3459,3467,3458,3468,3470,3477,3478,3476,3473,3469,3464,3462,3474,3471,625,3463,3466,3461],"class_list":{"0":"post-3961","1":"product","2":"type-product","3":"status-publish","4":"has-post-thumbnail","6":"product_cat-research-chemicals-and-bath-salt","7":"product_tag-best-cheap-price-clonazolam-powder","8":"product_tag-best-place-to-buy-clonazolam-powder","9":"product_tag-bulk-online","10":"product_tag-buy-clonazolam-powder","11":"product_tag-cheap-clonazolam-powder","12":"product_tag-clonazolam-powder","13":"product_tag-clonazolam-powder-clonazolam-powder-supplier","14":"product_tag-clonazolam-powder-for-sale","15":"product_tag-clonazolam-powder-legally","16":"product_tag-clonazolam-powder-online","17":"product_tag-clonazolam-powder-price","18":"product_tag-clonazolam-powder-store","19":"product_tag-clonazolam-powder-use","20":"product_tag-clonazolam-powder-wiki","21":"product_tag-clonazolam-powder-worldwide","22":"product_tag-clonazolam-powders","23":"product_tag-high-quality-clonazolam-powder","24":"product_tag-how-to-buy-clonazolam-powder","25":"product_tag-order-clonazolam-powder","26":"product_tag-purcharse-clonazolam-powder","27":"product_tag-shop-clonazolam-powder","28":"product_tag-top-quality","29":"product_tag-where-to-buy-clonazolam-powder","30":"product_tag-where-to-order-clonazolam-powder","31":"product_tag-wholesale-clonazolam-powder","32":"desktop-align-left","33":"tablet-align-left","34":"mobile-align-left","35":"ast-product-gallery-layout-horizontal","36":"ast-product-gallery-with-no-image","37":"ast-product-single-variable","38":"ast-product-tabs-layout-horizontal","39":"ast-qv-on-image","41":"first","42":"instock","43":"featured","44":"shipping-taxable","45":"purchasable","46":"product-type-variable"},"yoast_head":"<!-- This site is optimized with the Yoast SEO plugin v25.9 - https:\/\/yoast.com\/wordpress\/plugins\/seo\/ -->\n<title>Clonazolam Powder for Sale - Order Clonazolam Powder Online<\/title>\n<meta name=\"description\" content=\"Clonazolam Powder for sale is now easily available at our online store. You can connect directly with our chemicals store and buy Clonazolam Powder online at the best prices.\" \/>\n<meta name=\"robots\" content=\"index, follow, max-snippet:-1, max-image-preview:large, max-video-preview:-1\" \/>\n<link rel=\"canonical\" href=\"https:\/\/legitgrams.com\/es\/producto\/clonazolam-en-polvo\/\" \/>\n<meta property=\"og:locale\" content=\"es_ES\" \/>\n<meta property=\"og:type\" content=\"article\" \/>\n<meta property=\"og:title\" content=\"Clonazolam Powder for Sale - Order Clonazolam Powder Online\" \/>\n<meta property=\"og:description\" content=\"Clonazolam Powder for sale is now easily available at our online store. You can connect directly with our chemicals store and buy Clonazolam Powder online at the best prices.\" \/>\n<meta property=\"og:url\" content=\"https:\/\/legitgrams.com\/es\/producto\/clonazolam-en-polvo\/\" \/>\n<meta property=\"og:site_name\" content=\"Legit Grams\" \/>\n<meta property=\"article:modified_time\" content=\"2025-01-13T11:09:28+00:00\" \/>\n<meta property=\"og:image\" content=\"https:\/\/legitgrams.com\/wp-content\/uploads\/2024\/09\/Buy-cheap-clonazolam-powder-online.jpg\" \/>\n\t<meta property=\"og:image:width\" content=\"600\" \/>\n\t<meta property=\"og:image:height\" content=\"600\" \/>\n\t<meta property=\"og:image:type\" content=\"image\/jpeg\" \/>\n<meta name=\"twitter:card\" content=\"summary_large_image\" \/>\n<meta name=\"twitter:label1\" content=\"Tiempo de lectura\" \/>\n\t<meta name=\"twitter:data1\" content=\"2 minutos\" \/>\n<script type=\"application\/ld+json\" class=\"yoast-schema-graph\">{\"@context\":\"https:\/\/schema.org\",\"@graph\":[{\"@type\":\"WebPage\",\"@id\":\"https:\/\/legitgrams.com\/product\/clonazolam-powder\/\",\"url\":\"https:\/\/legitgrams.com\/product\/clonazolam-powder\/\",\"name\":\"Clonazolam Powder for Sale - Order Clonazolam Powder Online\",\"isPartOf\":{\"@id\":\"https:\/\/legitgrams.com\/#website\"},\"primaryImageOfPage\":{\"@id\":\"https:\/\/legitgrams.com\/product\/clonazolam-powder\/#primaryimage\"},\"image\":{\"@id\":\"https:\/\/legitgrams.com\/product\/clonazolam-powder\/#primaryimage\"},\"thumbnailUrl\":\"https:\/\/legitgrams.com\/wp-content\/uploads\/2024\/09\/Buy-cheap-clonazolam-powder-online.jpg\",\"datePublished\":\"2024-09-21T05:10:45+00:00\",\"dateModified\":\"2025-01-13T11:09:28+00:00\",\"description\":\"Clonazolam Powder for sale is now easily available at our online store. You can connect directly with our chemicals store and buy Clonazolam Powder online at the best prices.\",\"breadcrumb\":{\"@id\":\"https:\/\/legitgrams.com\/product\/clonazolam-powder\/#breadcrumb\"},\"inLanguage\":\"es\",\"potentialAction\":[{\"@type\":\"ReadAction\",\"target\":[\"https:\/\/legitgrams.com\/product\/clonazolam-powder\/\"]}]},{\"@type\":\"ImageObject\",\"inLanguage\":\"es\",\"@id\":\"https:\/\/legitgrams.com\/product\/clonazolam-powder\/#primaryimage\",\"url\":\"https:\/\/legitgrams.com\/wp-content\/uploads\/2024\/09\/Buy-cheap-clonazolam-powder-online.jpg\",\"contentUrl\":\"https:\/\/legitgrams.com\/wp-content\/uploads\/2024\/09\/Buy-cheap-clonazolam-powder-online.jpg\",\"width\":600,\"height\":600,\"caption\":\"Clonazolam Powder for Sale\"},{\"@type\":\"BreadcrumbList\",\"@id\":\"https:\/\/legitgrams.com\/product\/clonazolam-powder\/#breadcrumb\",\"itemListElement\":[{\"@type\":\"ListItem\",\"position\":1,\"name\":\"Home\",\"item\":\"https:\/\/legitgrams.com\/\"},{\"@type\":\"ListItem\",\"position\":2,\"name\":\"Shop\",\"item\":\"https:\/\/legitgrams.com\/shop\/\"},{\"@type\":\"ListItem\",\"position\":3,\"name\":\"Clonazolam Powder\"}]},{\"@type\":\"WebSite\",\"@id\":\"https:\/\/legitgrams.com\/#website\",\"url\":\"https:\/\/legitgrams.com\/\",\"name\":\"Legit Grams\",\"description\":\"My WordPress Blog\",\"publisher\":{\"@id\":\"https:\/\/legitgrams.com\/#organization\"},\"potentialAction\":[{\"@type\":\"SearchAction\",\"target\":{\"@type\":\"EntryPoint\",\"urlTemplate\":\"https:\/\/legitgrams.com\/?s={search_term_string}\"},\"query-input\":{\"@type\":\"PropertyValueSpecification\",\"valueRequired\":true,\"valueName\":\"search_term_string\"}}],\"inLanguage\":\"es\"},{\"@type\":\"Organization\",\"@id\":\"https:\/\/legitgrams.com\/#organization\",\"name\":\"Legit Grams\",\"url\":\"https:\/\/legitgrams.com\/\",\"logo\":{\"@type\":\"ImageObject\",\"inLanguage\":\"es\",\"@id\":\"https:\/\/legitgrams.com\/#\/schema\/logo\/image\/\",\"url\":\"https:\/\/legitgrams.com\/wp-content\/uploads\/2024\/09\/main-logo.png\",\"contentUrl\":\"https:\/\/legitgrams.com\/wp-content\/uploads\/2024\/09\/main-logo.png\",\"width\":270,\"height\":75,\"caption\":\"Legit Grams\"},\"image\":{\"@id\":\"https:\/\/legitgrams.com\/#\/schema\/logo\/image\/\"}}]}<\/script>\n<!-- \/ Yoast SEO plugin. -->","yoast_head_json":{"title":"Clonazolam en Polvo en Venta - Pedir Clonazolam en Polvo Online","description":"Clonazolam en polvo para la venta es ahora f\u00e1cilmente disponibles en nuestra tienda online. Puede conectarse directamente con nuestra tienda de productos qu\u00edmicos y comprar Clonazolam en polvo en l\u00ednea a los mejores precios.","robots":{"index":"index","follow":"follow","max-snippet":"max-snippet:-1","max-image-preview":"max-image-preview:large","max-video-preview":"max-video-preview:-1"},"canonical":"https:\/\/legitgrams.com\/es\/producto\/clonazolam-en-polvo\/","og_locale":"es_ES","og_type":"article","og_title":"Clonazolam Powder for Sale - Order Clonazolam Powder Online","og_description":"Clonazolam Powder for sale is now easily available at our online store. You can connect directly with our chemicals store and buy Clonazolam Powder online at the best prices.","og_url":"https:\/\/legitgrams.com\/es\/producto\/clonazolam-en-polvo\/","og_site_name":"Legit Grams","article_modified_time":"2025-01-13T11:09:28+00:00","og_image":[{"width":600,"height":600,"url":"https:\/\/legitgrams.com\/wp-content\/uploads\/2024\/09\/Buy-cheap-clonazolam-powder-online.jpg","type":"image\/jpeg"}],"twitter_card":"summary_large_image","twitter_misc":{"Tiempo de lectura":"2 minutos"},"schema":{"@context":"https:\/\/schema.org","@graph":[{"@type":"WebPage","@id":"https:\/\/legitgrams.com\/product\/clonazolam-powder\/","url":"https:\/\/legitgrams.com\/product\/clonazolam-powder\/","name":"Clonazolam en Polvo en Venta - Pedir Clonazolam en Polvo Online","isPartOf":{"@id":"https:\/\/legitgrams.com\/#website"},"primaryImageOfPage":{"@id":"https:\/\/legitgrams.com\/product\/clonazolam-powder\/#primaryimage"},"image":{"@id":"https:\/\/legitgrams.com\/product\/clonazolam-powder\/#primaryimage"},"thumbnailUrl":"https:\/\/legitgrams.com\/wp-content\/uploads\/2024\/09\/Buy-cheap-clonazolam-powder-online.jpg","datePublished":"2024-09-21T05:10:45+00:00","dateModified":"2025-01-13T11:09:28+00:00","description":"Clonazolam en polvo para la venta es ahora f\u00e1cilmente disponibles en nuestra tienda online. Puede conectarse directamente con nuestra tienda de productos qu\u00edmicos y comprar Clonazolam en polvo en l\u00ednea a los mejores precios.","breadcrumb":{"@id":"https:\/\/legitgrams.com\/product\/clonazolam-powder\/#breadcrumb"},"inLanguage":"es","potentialAction":[{"@type":"ReadAction","target":["https:\/\/legitgrams.com\/product\/clonazolam-powder\/"]}]},{"@type":"ImageObject","inLanguage":"es","@id":"https:\/\/legitgrams.com\/product\/clonazolam-powder\/#primaryimage","url":"https:\/\/legitgrams.com\/wp-content\/uploads\/2024\/09\/Buy-cheap-clonazolam-powder-online.jpg","contentUrl":"https:\/\/legitgrams.com\/wp-content\/uploads\/2024\/09\/Buy-cheap-clonazolam-powder-online.jpg","width":600,"height":600,"caption":"Clonazolam Powder for Sale"},{"@type":"BreadcrumbList","@id":"https:\/\/legitgrams.com\/product\/clonazolam-powder\/#breadcrumb","itemListElement":[{"@type":"ListItem","position":1,"name":"Home","item":"https:\/\/legitgrams.com\/"},{"@type":"ListItem","position":2,"name":"Shop","item":"https:\/\/legitgrams.com\/shop\/"},{"@type":"ListItem","position":3,"name":"Clonazolam Powder"}]},{"@type":"WebSite","@id":"https:\/\/legitgrams.com\/#website","url":"https:\/\/legitgrams.com\/","name":"Gramos leg\u00edtimos","description":"Mi blog de WordPress","publisher":{"@id":"https:\/\/legitgrams.com\/#organization"},"potentialAction":[{"@type":"SearchAction","target":{"@type":"EntryPoint","urlTemplate":"https:\/\/legitgrams.com\/?s={search_term_string}"},"query-input":{"@type":"PropertyValueSpecification","valueRequired":true,"valueName":"search_term_string"}}],"inLanguage":"es"},{"@type":"Organization","@id":"https:\/\/legitgrams.com\/#organization","name":"Gramos leg\u00edtimos","url":"https:\/\/legitgrams.com\/","logo":{"@type":"ImageObject","inLanguage":"es","@id":"https:\/\/legitgrams.com\/#\/schema\/logo\/image\/","url":"https:\/\/legitgrams.com\/wp-content\/uploads\/2024\/09\/main-logo.png","contentUrl":"https:\/\/legitgrams.com\/wp-content\/uploads\/2024\/09\/main-logo.png","width":270,"height":75,"caption":"Legit Grams"},"image":{"@id":"https:\/\/legitgrams.com\/#\/schema\/logo\/image\/"}}]}},"uagb_featured_image_src":{"full":["https:\/\/legitgrams.com\/wp-content\/uploads\/2024\/09\/Buy-cheap-clonazolam-powder-online.jpg",600,600,false],"thumbnail":["https:\/\/legitgrams.com\/wp-content\/uploads\/2024\/09\/Buy-cheap-clonazolam-powder-online-150x150.jpg",150,150,true],"medium":["https:\/\/legitgrams.com\/wp-content\/uploads\/2024\/09\/Buy-cheap-clonazolam-powder-online-300x300.jpg",300,300,true],"medium_large":["https:\/\/legitgrams.com\/wp-content\/uploads\/2024\/09\/Buy-cheap-clonazolam-powder-online.jpg",600,600,false],"large":["https:\/\/legitgrams.com\/wp-content\/uploads\/2024\/09\/Buy-cheap-clonazolam-powder-online.jpg",600,600,false],"1536x1536":["https:\/\/legitgrams.com\/wp-content\/uploads\/2024\/09\/Buy-cheap-clonazolam-powder-online.jpg",600,600,false],"2048x2048":["https:\/\/legitgrams.com\/wp-content\/uploads\/2024\/09\/Buy-cheap-clonazolam-powder-online.jpg",600,600,false],"trp-custom-language-flag":["https:\/\/legitgrams.com\/wp-content\/uploads\/2024\/09\/Buy-cheap-clonazolam-powder-online-12x12.jpg",12,12,true],"woocommerce_thumbnail":["https:\/\/legitgrams.com\/wp-content\/uploads\/2024\/09\/Buy-cheap-clonazolam-powder-online-300x300.jpg",300,300,true],"woocommerce_single":["https:\/\/legitgrams.com\/wp-content\/uploads\/2024\/09\/Buy-cheap-clonazolam-powder-online.jpg",600,600,false],"woocommerce_gallery_thumbnail":["https:\/\/legitgrams.com\/wp-content\/uploads\/2024\/09\/Buy-cheap-clonazolam-powder-online-100x100.jpg",100,100,true]},"uagb_author_info":{"display_name":"cokeblog18","author_link":"https:\/\/legitgrams.com\/es\/author\/"},"uagb_comment_info":1,"uagb_excerpt":"For Sale: Clonazolam Powder Clonazolam powder is a member of the benzodiazepine class of professional drugs, which are used for a number of reasons and in a number of illnesses. In 1971, it was first developed as a designer drug. Its unique characteristics have made it one of the most widely used drugs worldwide in&hellip;","_links":{"self":[{"href":"https:\/\/legitgrams.com\/es\/wp-json\/wp\/v2\/product\/3961","targetHints":{"allow":["GET"]}}],"collection":[{"href":"https:\/\/legitgrams.com\/es\/wp-json\/wp\/v2\/product"}],"about":[{"href":"https:\/\/legitgrams.com\/es\/wp-json\/wp\/v2\/types\/product"}],"replies":[{"embeddable":true,"href":"https:\/\/legitgrams.com\/es\/wp-json\/wp\/v2\/comments?post=3961"}],"wp:featuredmedia":[{"embeddable":true,"href":"https:\/\/legitgrams.com\/es\/wp-json\/wp\/v2\/media\/5271"}],"wp:attachment":[{"href":"https:\/\/legitgrams.com\/es\/wp-json\/wp\/v2\/media?parent=3961"}],"wp:term":[{"taxonomy":"product_brand","embeddable":true,"href":"https:\/\/legitgrams.com\/es\/wp-json\/wp\/v2\/product_brand?post=3961"},{"taxonomy":"product_cat","embeddable":true,"href":"https:\/\/legitgrams.com\/es\/wp-json\/wp\/v2\/product_cat?post=3961"},{"taxonomy":"product_tag","embeddable":true,"href":"https:\/\/legitgrams.com\/es\/wp-json\/wp\/v2\/product_tag?post=3961"}],"curies":[{"name":"wp","href":"https:\/\/api.w.org\/{rel}","templated":true}]}}