{"id":3962,"date":"2024-09-21T05:19:45","date_gmt":"2024-09-21T05:19:45","guid":{"rendered":"https:\/\/legitgrams.com\/?post_type=product&#038;p=3962"},"modified":"2025-01-14T09:47:20","modified_gmt":"2025-01-14T09:47:20","slug":"metoxetamina-mxe-polvo","status":"publish","type":"product","link":"https:\/\/legitgrams.com\/es\/producto\/metoxetamina-mxe-polvo\/","title":{"rendered":"Polvo de metoxetamina MXE"},"content":{"rendered":"<h2>Compre metoxetamina en polvo de alta calidad en l\u00ednea<\/h2>\n<p>La metoxetamina, que se promociona como accesorio de moda, es un estimulante que produce disociaci\u00f3n y se condensa como MXE. A diferencia de varios disociativos, como la fenciclidina (PCP) y la ketamina, que se crearon como medicamentos para su uso como sedantes generales, fue dise\u00f1ada para distribuirse ilegalmente. Comprar metoxetamina en l\u00ednea<\/p>\n<p><a href=\"https:\/\/legitgrams.com\/es\/producto\/metoxetamina-mxe-polvo\/\">MXE<\/a> Se cree que tiene un efecto similar al de la ketamina. Se supon\u00eda ampliamente que ten\u00eda propiedades narc\u00f3ticas debido a su parecido primario con el 3-HO-PCP; sin embargo, la investigaci\u00f3n muestra que la mol\u00e9cula tiene una afinidad insignificante por el receptor \u00b5-narc\u00f3tico. El uso recreativo se ha relacionado con hospitalizaciones en los EE. UU. y el Reino Unido debido al uso excesivo y combinado de MXE. Tres casos de cl\u00ednicas de emergencia, una lesi\u00f3n cerebelosa reversible intensa se ha asociado con la confirmaci\u00f3n de una sobredosis de MXE, y este da\u00f1o persiste durante uno a cuatro d\u00edas despu\u00e9s de la presentaci\u00f3n.<\/p>\n<p>El objetivo de la creaci\u00f3n de MXE era mitigar parte de la urotoxicidad asociada al uso indebido de ketamina. Se supon\u00eda que la mayor potencia y el menor volumen del compuesto evitar\u00edan que los metabolitos urot\u00f3xicos se acumularan en la vejiga.<\/p>\n<p>Se ha demostrado que la MXE induce inflamaci\u00f3n y fibrosis de la vejiga en ratas cuando se administra en dosis elevadas durante un periodo prolongado, de forma muy parecida a la ketamina (aunque las escalas utilizadas eran muy grandes). Actualmente no existen informes de urotoxicidad en humanos en la literatura cl\u00ednica. MXE se puede comprar en l\u00ednea. Tanto el incienso l\u00edquido K2 como el incienso l\u00edquido de hierbas K2 est\u00e1n a la venta.<\/p>\n<p>La ecuaci\u00f3n de sustancias de la metoxetamina revel\u00f3 que sus efectos podr\u00edan ser muy parecidos a los de la PCP y la ketamina. La farmacolog\u00eda del compuesto tambi\u00e9n puede implicar la inhibici\u00f3n de la recaptaci\u00f3n de dopamina por la prote\u00edna transportadora de dopamina, dot\u00e1ndola as\u00ed de efectos analg\u00e9sicos y ansiol\u00edticos. Methoxetamine for sale, buy mxe, buy mxe online, where to buy mxe, buy mxe, order mxe online<\/p>\n<p>Tenga en cuenta que el metilfenidato s\u00f3lo puede concentrarse en laboratorios espec\u00edficos y que la experimentaci\u00f3n con animales vivos no est\u00e1 permitida para los estudios in vivo.<\/p>\n<p>Comprar metilfenidato de alta calidad <a href=\"https:\/\/en.wikipedia.org\/wiki\/Metizolam\">MXE<\/a> polvo en l\u00ednea, - comprar polvo MXE de alta calidad, comprar polvo MXE de alta calidad EE.UU., comprar polvo MXE de alta calidad en l\u00ednea EE.UU., D\u00f3nde comprar polvo MXE de alta calidad, Polvo MXE de alta calidad en venta, Polvo MXE de alta calidad en venta cerca, Comprar polvo MXE de alta calidad en l\u00ednea cerca de m\u00ed, D\u00f3nde comprar polvo MXE de alta calidad en l\u00ednea, Polvo de MXE de alta calidad en venta en EE.UU., Canad\u00e1, Reino Unido, comprar, en l\u00ednea, proveedores, entrega segura, A\u00fan se puede obtener polvo de MXE de alta calidad, C\u00f3mo adquirir polvo de MXE de metoxetamina de calidad, \u00bfEs legal el polvo de MXE de metoxetamina de calidad en Canad\u00e1, Puedo comprar polvo de MXE de metoxetamina de calidad en l\u00ednea en los Estados Unidos? <a href=\"https:\/\/legitgrams.com\/es\/\">LegitGrams<\/a><\/p>","protected":false},"excerpt":{"rendered":"<p>Purchase High-Grade Methoxetamine Powder Online Methoxetamine, which is promoted as a fashion accessory, is a stimulant that produces dissociation and is condensed as MXE. In contrast to a number of dissociatives, like phencyclidine (PCP) and ketamine, which were created as medications for use as general sedatives, it was designed to be distributed illegally. Purchase Methoxetamine &hellip;<\/p>\n<p class=\"read-more\"> <a class=\"\" href=\"https:\/\/legitgrams.com\/es\/producto\/metoxetamina-mxe-polvo\/\"> <span class=\"screen-reader-text\">Polvo de metoxetamina MXE<\/span> Leer m\u00e1s \"<\/a><\/p>","protected":false},"featured_media":5326,"comment_status":"open","ping_status":"closed","template":"","meta":{"_uag_custom_page_level_css":"","site-sidebar-layout":"default","site-content-layout":"default","ast-global-header-display":"","ast-main-header-display":"","ast-hfb-above-header-display":"","ast-hfb-below-header-display":"","ast-hfb-mobile-header-display":"","site-post-title":"","ast-breadcrumbs-content":"","ast-featured-img":"","footer-sml-layout":"","theme-transparent-header-meta":"default","adv-header-id-meta":"","stick-header-meta":"default","header-above-stick-meta":"","header-main-stick-meta":"","header-below-stick-meta":"","_joinchat":[]},"product_brand":[],"product_cat":[600],"product_tag":[3452,3442,617,3434,3449,3446,3441,3433,3436,3444,3437,3435,3445,3447,3454,3455,3453,3450,3439,3451,3448,625,3440,3443,3438],"class_list":{"0":"post-3962","1":"product","2":"type-product","3":"status-publish","4":"has-post-thumbnail","6":"product_cat-research-chemicals-and-bath-salt","7":"product_tag-best-cheap-price-methoxetamine-mxe-powder","8":"product_tag-best-place-to-buy-methoxetamine-mxe-powder","9":"product_tag-bulk-online","10":"product_tag-buy-methoxetamine-mxe-powder","11":"product_tag-cheap-methoxetamine-mxe-powder","12":"product_tag-high-quality-methoxetamine-mxe-powder","13":"product_tag-how-to-buy-methoxetamine-mxe-powder","14":"product_tag-methoxetamine-mxe-powder","15":"product_tag-methoxetamine-mxe-powder-for-sale","16":"product_tag-methoxetamine-mxe-powder-legally","17":"product_tag-methoxetamine-mxe-powder-methoxetamine-mxe-powder-supplier","18":"product_tag-methoxetamine-mxe-powder-online","19":"product_tag-methoxetamine-mxe-powder-price","20":"product_tag-methoxetamine-mxe-powder-store","21":"product_tag-methoxetamine-mxe-powder-use","22":"product_tag-methoxetamine-mxe-powder-wiki","23":"product_tag-methoxetamine-mxe-powder-worldwide","24":"product_tag-methoxetamine-mxe-powders","25":"product_tag-order-methoxetamine-mxe-powder","26":"product_tag-purcharse-methoxetamine-mxe-powder","27":"product_tag-shop-methoxetamine-mxe-powder","28":"product_tag-top-quality","29":"product_tag-where-to-buy-methoxetamine-mxe-powder","30":"product_tag-where-to-order-methoxetamine-mxe-powder","31":"product_tag-wholesale-methoxetamine-mxe-powder","32":"desktop-align-left","33":"tablet-align-left","34":"mobile-align-left","35":"ast-product-gallery-layout-horizontal","36":"ast-product-gallery-with-no-image","37":"ast-product-single-variable","38":"ast-product-tabs-layout-horizontal","39":"ast-qv-on-image","41":"first","42":"instock","43":"shipping-taxable","44":"purchasable","45":"product-type-variable"},"yoast_head":"<!-- This site is optimized with the Yoast SEO plugin v25.9 - https:\/\/yoast.com\/wordpress\/plugins\/seo\/ -->\n<title>Methoxetamine MXE Powder for Sale - Buy Methoxetamine Online<\/title>\n<meta name=\"description\" content=\"At our Legitgrams, you can get Methoxetamine MXE powder for sale at cheap rates. We deal with A-grade quality products only. Buy Methoxetamine online from our store now with fast &amp; secure shipping service.\" \/>\n<meta name=\"robots\" content=\"index, follow, max-snippet:-1, max-image-preview:large, max-video-preview:-1\" \/>\n<link rel=\"canonical\" href=\"https:\/\/legitgrams.com\/es\/producto\/metoxetamina-mxe-polvo\/\" \/>\n<meta property=\"og:locale\" content=\"es_ES\" \/>\n<meta property=\"og:type\" content=\"article\" \/>\n<meta property=\"og:title\" content=\"Methoxetamine MXE Powder for Sale - Buy Methoxetamine Online\" \/>\n<meta property=\"og:description\" content=\"At our Legitgrams, you can get Methoxetamine MXE powder for sale at cheap rates. We deal with A-grade quality products only. Buy Methoxetamine online from our store now with fast &amp; secure shipping service.\" \/>\n<meta property=\"og:url\" content=\"https:\/\/legitgrams.com\/es\/producto\/metoxetamina-mxe-polvo\/\" \/>\n<meta property=\"og:site_name\" content=\"Legit Grams\" \/>\n<meta property=\"article:modified_time\" content=\"2025-01-14T09:47:20+00:00\" \/>\n<meta property=\"og:image\" content=\"https:\/\/legitgrams.com\/wp-content\/uploads\/2024\/09\/buy-mexedrone-mxe-power-crystal-online.jpg\" \/>\n\t<meta property=\"og:image:width\" content=\"600\" \/>\n\t<meta property=\"og:image:height\" content=\"600\" \/>\n\t<meta property=\"og:image:type\" content=\"image\/jpeg\" \/>\n<meta name=\"twitter:card\" content=\"summary_large_image\" \/>\n<meta name=\"twitter:label1\" content=\"Tiempo de lectura\" \/>\n\t<meta name=\"twitter:data1\" content=\"3 minutos\" \/>\n<script type=\"application\/ld+json\" class=\"yoast-schema-graph\">{\"@context\":\"https:\/\/schema.org\",\"@graph\":[{\"@type\":\"WebPage\",\"@id\":\"https:\/\/legitgrams.com\/product\/methoxetamine-mxe-powder\/\",\"url\":\"https:\/\/legitgrams.com\/product\/methoxetamine-mxe-powder\/\",\"name\":\"Methoxetamine MXE Powder for Sale - Buy Methoxetamine Online\",\"isPartOf\":{\"@id\":\"https:\/\/legitgrams.com\/#website\"},\"primaryImageOfPage\":{\"@id\":\"https:\/\/legitgrams.com\/product\/methoxetamine-mxe-powder\/#primaryimage\"},\"image\":{\"@id\":\"https:\/\/legitgrams.com\/product\/methoxetamine-mxe-powder\/#primaryimage\"},\"thumbnailUrl\":\"https:\/\/legitgrams.com\/wp-content\/uploads\/2024\/09\/buy-mexedrone-mxe-power-crystal-online.jpg\",\"datePublished\":\"2024-09-21T05:19:45+00:00\",\"dateModified\":\"2025-01-14T09:47:20+00:00\",\"description\":\"At our Legitgrams, you can get Methoxetamine MXE powder for sale at cheap rates. We deal with A-grade quality products only. Buy Methoxetamine online from our store now with fast & secure shipping service.\",\"breadcrumb\":{\"@id\":\"https:\/\/legitgrams.com\/product\/methoxetamine-mxe-powder\/#breadcrumb\"},\"inLanguage\":\"es\",\"potentialAction\":[{\"@type\":\"ReadAction\",\"target\":[\"https:\/\/legitgrams.com\/product\/methoxetamine-mxe-powder\/\"]}]},{\"@type\":\"ImageObject\",\"inLanguage\":\"es\",\"@id\":\"https:\/\/legitgrams.com\/product\/methoxetamine-mxe-powder\/#primaryimage\",\"url\":\"https:\/\/legitgrams.com\/wp-content\/uploads\/2024\/09\/buy-mexedrone-mxe-power-crystal-online.jpg\",\"contentUrl\":\"https:\/\/legitgrams.com\/wp-content\/uploads\/2024\/09\/buy-mexedrone-mxe-power-crystal-online.jpg\",\"width\":600,\"height\":600,\"caption\":\"Methoxetamine MXE Powder for Sale\"},{\"@type\":\"BreadcrumbList\",\"@id\":\"https:\/\/legitgrams.com\/product\/methoxetamine-mxe-powder\/#breadcrumb\",\"itemListElement\":[{\"@type\":\"ListItem\",\"position\":1,\"name\":\"Home\",\"item\":\"https:\/\/legitgrams.com\/\"},{\"@type\":\"ListItem\",\"position\":2,\"name\":\"Shop\",\"item\":\"https:\/\/legitgrams.com\/shop\/\"},{\"@type\":\"ListItem\",\"position\":3,\"name\":\"Methoxetamine MXE powder\"}]},{\"@type\":\"WebSite\",\"@id\":\"https:\/\/legitgrams.com\/#website\",\"url\":\"https:\/\/legitgrams.com\/\",\"name\":\"Legit Grams\",\"description\":\"My WordPress Blog\",\"publisher\":{\"@id\":\"https:\/\/legitgrams.com\/#organization\"},\"potentialAction\":[{\"@type\":\"SearchAction\",\"target\":{\"@type\":\"EntryPoint\",\"urlTemplate\":\"https:\/\/legitgrams.com\/?s={search_term_string}\"},\"query-input\":{\"@type\":\"PropertyValueSpecification\",\"valueRequired\":true,\"valueName\":\"search_term_string\"}}],\"inLanguage\":\"es\"},{\"@type\":\"Organization\",\"@id\":\"https:\/\/legitgrams.com\/#organization\",\"name\":\"Legit Grams\",\"url\":\"https:\/\/legitgrams.com\/\",\"logo\":{\"@type\":\"ImageObject\",\"inLanguage\":\"es\",\"@id\":\"https:\/\/legitgrams.com\/#\/schema\/logo\/image\/\",\"url\":\"https:\/\/legitgrams.com\/wp-content\/uploads\/2024\/09\/main-logo.png\",\"contentUrl\":\"https:\/\/legitgrams.com\/wp-content\/uploads\/2024\/09\/main-logo.png\",\"width\":270,\"height\":75,\"caption\":\"Legit Grams\"},\"image\":{\"@id\":\"https:\/\/legitgrams.com\/#\/schema\/logo\/image\/\"}}]}<\/script>\n<!-- \/ Yoast SEO plugin. -->","yoast_head_json":{"title":"Venta de polvo de metoxetamina MXE: compre metoxetamina en l\u00ednea","description":"En Legitgrams, puede obtener Metoxetamina MXE en polvo a la venta a precios econ\u00f3micos. Trabajamos \u00fanicamente con productos de primera calidad. Compre Metoxetamina en l\u00ednea en nuestra tienda ahora con un servicio de env\u00edo r\u00e1pido y seguro.","robots":{"index":"index","follow":"follow","max-snippet":"max-snippet:-1","max-image-preview":"max-image-preview:large","max-video-preview":"max-video-preview:-1"},"canonical":"https:\/\/legitgrams.com\/es\/producto\/metoxetamina-mxe-polvo\/","og_locale":"es_ES","og_type":"article","og_title":"Methoxetamine MXE Powder for Sale - Buy Methoxetamine Online","og_description":"At our Legitgrams, you can get Methoxetamine MXE powder for sale at cheap rates. We deal with A-grade quality products only. Buy Methoxetamine online from our store now with fast & secure shipping service.","og_url":"https:\/\/legitgrams.com\/es\/producto\/metoxetamina-mxe-polvo\/","og_site_name":"Legit Grams","article_modified_time":"2025-01-14T09:47:20+00:00","og_image":[{"width":600,"height":600,"url":"https:\/\/legitgrams.com\/wp-content\/uploads\/2024\/09\/buy-mexedrone-mxe-power-crystal-online.jpg","type":"image\/jpeg"}],"twitter_card":"summary_large_image","twitter_misc":{"Tiempo de lectura":"3 minutos"},"schema":{"@context":"https:\/\/schema.org","@graph":[{"@type":"WebPage","@id":"https:\/\/legitgrams.com\/product\/methoxetamine-mxe-powder\/","url":"https:\/\/legitgrams.com\/product\/methoxetamine-mxe-powder\/","name":"Venta de polvo de metoxetamina MXE: compre metoxetamina en l\u00ednea","isPartOf":{"@id":"https:\/\/legitgrams.com\/#website"},"primaryImageOfPage":{"@id":"https:\/\/legitgrams.com\/product\/methoxetamine-mxe-powder\/#primaryimage"},"image":{"@id":"https:\/\/legitgrams.com\/product\/methoxetamine-mxe-powder\/#primaryimage"},"thumbnailUrl":"https:\/\/legitgrams.com\/wp-content\/uploads\/2024\/09\/buy-mexedrone-mxe-power-crystal-online.jpg","datePublished":"2024-09-21T05:19:45+00:00","dateModified":"2025-01-14T09:47:20+00:00","description":"En Legitgrams, puede obtener Metoxetamina MXE en polvo a la venta a precios econ\u00f3micos. Trabajamos \u00fanicamente con productos de primera calidad. Compre Metoxetamina en l\u00ednea en nuestra tienda ahora con un servicio de env\u00edo r\u00e1pido y seguro.","breadcrumb":{"@id":"https:\/\/legitgrams.com\/product\/methoxetamine-mxe-powder\/#breadcrumb"},"inLanguage":"es","potentialAction":[{"@type":"ReadAction","target":["https:\/\/legitgrams.com\/product\/methoxetamine-mxe-powder\/"]}]},{"@type":"ImageObject","inLanguage":"es","@id":"https:\/\/legitgrams.com\/product\/methoxetamine-mxe-powder\/#primaryimage","url":"https:\/\/legitgrams.com\/wp-content\/uploads\/2024\/09\/buy-mexedrone-mxe-power-crystal-online.jpg","contentUrl":"https:\/\/legitgrams.com\/wp-content\/uploads\/2024\/09\/buy-mexedrone-mxe-power-crystal-online.jpg","width":600,"height":600,"caption":"Methoxetamine MXE Powder for Sale"},{"@type":"BreadcrumbList","@id":"https:\/\/legitgrams.com\/product\/methoxetamine-mxe-powder\/#breadcrumb","itemListElement":[{"@type":"ListItem","position":1,"name":"Home","item":"https:\/\/legitgrams.com\/"},{"@type":"ListItem","position":2,"name":"Shop","item":"https:\/\/legitgrams.com\/shop\/"},{"@type":"ListItem","position":3,"name":"Methoxetamine MXE powder"}]},{"@type":"WebSite","@id":"https:\/\/legitgrams.com\/#website","url":"https:\/\/legitgrams.com\/","name":"Gramos leg\u00edtimos","description":"Mi blog de WordPress","publisher":{"@id":"https:\/\/legitgrams.com\/#organization"},"potentialAction":[{"@type":"SearchAction","target":{"@type":"EntryPoint","urlTemplate":"https:\/\/legitgrams.com\/?s={search_term_string}"},"query-input":{"@type":"PropertyValueSpecification","valueRequired":true,"valueName":"search_term_string"}}],"inLanguage":"es"},{"@type":"Organization","@id":"https:\/\/legitgrams.com\/#organization","name":"Gramos leg\u00edtimos","url":"https:\/\/legitgrams.com\/","logo":{"@type":"ImageObject","inLanguage":"es","@id":"https:\/\/legitgrams.com\/#\/schema\/logo\/image\/","url":"https:\/\/legitgrams.com\/wp-content\/uploads\/2024\/09\/main-logo.png","contentUrl":"https:\/\/legitgrams.com\/wp-content\/uploads\/2024\/09\/main-logo.png","width":270,"height":75,"caption":"Legit Grams"},"image":{"@id":"https:\/\/legitgrams.com\/#\/schema\/logo\/image\/"}}]}},"uagb_featured_image_src":{"full":["https:\/\/legitgrams.com\/wp-content\/uploads\/2024\/09\/buy-mexedrone-mxe-power-crystal-online.jpg",600,600,false],"thumbnail":["https:\/\/legitgrams.com\/wp-content\/uploads\/2024\/09\/buy-mexedrone-mxe-power-crystal-online-150x150.jpg",150,150,true],"medium":["https:\/\/legitgrams.com\/wp-content\/uploads\/2024\/09\/buy-mexedrone-mxe-power-crystal-online-300x300.jpg",300,300,true],"medium_large":["https:\/\/legitgrams.com\/wp-content\/uploads\/2024\/09\/buy-mexedrone-mxe-power-crystal-online.jpg",600,600,false],"large":["https:\/\/legitgrams.com\/wp-content\/uploads\/2024\/09\/buy-mexedrone-mxe-power-crystal-online.jpg",600,600,false],"1536x1536":["https:\/\/legitgrams.com\/wp-content\/uploads\/2024\/09\/buy-mexedrone-mxe-power-crystal-online.jpg",600,600,false],"2048x2048":["https:\/\/legitgrams.com\/wp-content\/uploads\/2024\/09\/buy-mexedrone-mxe-power-crystal-online.jpg",600,600,false],"trp-custom-language-flag":["https:\/\/legitgrams.com\/wp-content\/uploads\/2024\/09\/buy-mexedrone-mxe-power-crystal-online-12x12.jpg",12,12,true],"woocommerce_thumbnail":["https:\/\/legitgrams.com\/wp-content\/uploads\/2024\/09\/buy-mexedrone-mxe-power-crystal-online-300x300.jpg",300,300,true],"woocommerce_single":["https:\/\/legitgrams.com\/wp-content\/uploads\/2024\/09\/buy-mexedrone-mxe-power-crystal-online.jpg",600,600,false],"woocommerce_gallery_thumbnail":["https:\/\/legitgrams.com\/wp-content\/uploads\/2024\/09\/buy-mexedrone-mxe-power-crystal-online-100x100.jpg",100,100,true]},"uagb_author_info":{"display_name":"cokeblog18","author_link":"https:\/\/legitgrams.com\/es\/author\/"},"uagb_comment_info":0,"uagb_excerpt":"Purchase High-Grade Methoxetamine Powder Online Methoxetamine, which is promoted as a fashion accessory, is a stimulant that produces dissociation and is condensed as MXE. In contrast to a number of dissociatives, like phencyclidine (PCP) and ketamine, which were created as medications for use as general sedatives, it was designed to be distributed illegally. Purchase Methoxetamine&hellip;","_links":{"self":[{"href":"https:\/\/legitgrams.com\/es\/wp-json\/wp\/v2\/product\/3962","targetHints":{"allow":["GET"]}}],"collection":[{"href":"https:\/\/legitgrams.com\/es\/wp-json\/wp\/v2\/product"}],"about":[{"href":"https:\/\/legitgrams.com\/es\/wp-json\/wp\/v2\/types\/product"}],"replies":[{"embeddable":true,"href":"https:\/\/legitgrams.com\/es\/wp-json\/wp\/v2\/comments?post=3962"}],"wp:featuredmedia":[{"embeddable":true,"href":"https:\/\/legitgrams.com\/es\/wp-json\/wp\/v2\/media\/5326"}],"wp:attachment":[{"href":"https:\/\/legitgrams.com\/es\/wp-json\/wp\/v2\/media?parent=3962"}],"wp:term":[{"taxonomy":"product_brand","embeddable":true,"href":"https:\/\/legitgrams.com\/es\/wp-json\/wp\/v2\/product_brand?post=3962"},{"taxonomy":"product_cat","embeddable":true,"href":"https:\/\/legitgrams.com\/es\/wp-json\/wp\/v2\/product_cat?post=3962"},{"taxonomy":"product_tag","embeddable":true,"href":"https:\/\/legitgrams.com\/es\/wp-json\/wp\/v2\/product_tag?post=3962"}],"curies":[{"name":"wp","href":"https:\/\/api.w.org\/{rel}","templated":true}]}}