{"id":3964,"date":"2024-09-21T05:24:42","date_gmt":"2024-09-21T05:24:42","guid":{"rendered":"https:\/\/legitgrams.com\/?post_type=product&#038;p=3964"},"modified":"2025-04-04T11:09:27","modified_gmt":"2025-04-04T11:09:27","slug":"cristal-pvp-barato","status":"publish","type":"product","link":"https:\/\/legitgrams.com\/es\/producto\/cristal-pvp-barato\/","title":{"rendered":"Compra cristales TH-PVP baratos online"},"content":{"rendered":"<h2>En venta: cristal TH-PVP<\/h2>\n<p>Comprar el <a href=\"https:\/\/legitgrams.com\/es\/producto\/cristal-pvp-barato\/\">TH-PVP en l\u00ednea<\/a> de la que es quiz\u00e1s la mejor empresa de env\u00edos de material de oficina del mundo. El TH-PVP funciona de manera similar al a-PVP como energizante. La escasez de informaci\u00f3n disponible en la actualidad ampl\u00eda considerablemente el alcance de la investigaci\u00f3n sobre esta sustancia qu\u00edmica.<\/p>\n<p>Somos considerados el principal proveedor de productos chinos. <a href=\"https:\/\/www.bing.com\/search?q=CompracristalesTH-PVPbaratosonline&amp;qs=n&amp;form=QBRE&amp;sp=-1&amp;lq=0&amp;pq=compracristalesth-pvpbaratosonline&amp;sc=9-38&amp;sk=&amp;cvid=0324AF660F2A4648804BEE076396CE53&amp;ghsh=0&amp;ghacc=0&amp;ghpl=\">TH-PVP<\/a> and the best <a href=\"https:\/\/www.google.com\/search?q=Compra+cristales+TH-PVP+baratos+online&amp;sca_esv=eddefdb7b92e7545&amp;sxsrf=AHTn8zoE1gfbnjSjZ3Y5awLvquegwrMm7A1743765777176&amp;ei=EcHvZ9m5CrKN4-EP_vXViQY&amp;ved=0ahUKEwiZhuHdob6MAxWyxjgGHf56NWEQ4dUDCBA&amp;uact=5&amp;oq=Compra+cristales+TH-PVP+baratos+online&amp;gs_lp=Egxnd3Mtd2l6LXNlcnAiJkNvbXByYSBjcmlzdGFsZXMgVEgtUFZQIGJhcmF0b3Mgb25saW5lMgQQIxgnMgUQABjvBTIIEAAYgAQYogRIzARQAFgAcAB4AJABAJgBmwKgAZsCqgEDMi0xuAEDyAEA-AEC-AEBmAIBoAKgApgDAJIHAzItMaAH_ASyBwMyLTG4B6AC&amp;sclient=gws-wiz-serp\">TH-PVP<\/a> Distribuidor de Reddit. Somos el \u00fanico sitio que necesitas visitar si buscas un vendedor leg\u00edtimo de TH-PVP a buen precio.<\/p>\n<h3>Compra TH-PVP en l\u00ednea de nosotras.<\/h3>\n<p>Si est\u00e1s buscando un <a href=\"https:\/\/en.wikipedia.org\/wiki\/TH-PVP\">TH-PVP<\/a> Si busca una tienda que le permita comprar diamantes TH-PVP de forma segura en l\u00ednea, Classicarabians es el mejor lugar al que acudir. Adem\u00e1s de diamantes TH-PVP y otros an\u00e1logos de f\u00e1cil uso, ofrecemos una amplia gama de diamantes sint\u00e9ticos diferentes disponibles para su investigaci\u00f3n. Nuestro enfoque es sencillo: compre diamantes TH-PVP de vendedores y fabricantes chinos en l\u00ednea con descuento utilizando la entrada avanzada.<\/p>\n<p>Si reside en EE. UU., Canad\u00e1, Reino Unido, Australia o Europa y necesita el art\u00edculo lo antes posible, ofrecemos env\u00edos internacionales. Sin embargo, le recomendamos que comprenda las se\u00f1ales y el uso de... <a href=\"https:\/\/duckduckgo.com\/?q=Compra+cristales+TH-PVP+baratos+online&amp;t=h_&amp;ia=web\">TH-PVP<\/a> before submitting a request.<\/p>\n<p>Tambi\u00e9n debe conocer las ramificaciones legales de comprar diamantes TH-PVP en l\u00ednea sin una soluci\u00f3n en su estado. Classicarabians es el mejor lugar para comprar TH-PVP en l\u00ednea, ya que ofrecen los mejores componentes de medicamentos disponibles para respaldar su investigaci\u00f3n racional. Sin embargo, le recomendamos que comprenda los signos y el uso de TH-PVP antes de enviar una solicitud. Adem\u00e1s, debe saber que comprar gemas TH-PVP en l\u00ednea sin una soluci\u00f3n en su estado puede tener ramificaciones legales.<\/p>\n<p>Ofrecemos la mayor calidad y cantidad de productos. Intentamos no perder el tiempo. Para que el art\u00edculo llegue directamente a tu puerta, env\u00eda tu pedido ahora. Y ah\u00ed est\u00e1 la cera de la Estrella de la Muerte. <a href=\"https:\/\/legitgrams.com\/es\/\">LegitGrams<\/a><\/p>\n<p>D\u00f3nde comprar cristal TH-PVP barato, D\u00f3nde comprar cristal TH-PVP barato, D\u00f3nde comprar cristal TH-PVP barato, D\u00f3nde comprar cristal TH-PVP barato, D\u00f3nde comprar cristal TH-PVP barato, D\u00f3nde comprar cristal TH-PVP barato, Cristal TH-PVP barato a la venta en Estados Unidos, Canad\u00e1 y el Reino Unido, Comprar en l\u00ednea, Proveedores, Entrega segura, Todav\u00eda hay cristal TH-PVP barato disponible. Puede comprar cristal TH-PVP barato en l\u00ednea. \u00bfEs legal el cristal TH-PVP barato en Canad\u00e1? \u00bfPuedo comprar cristal TH-PVP barato en l\u00ednea?<\/p>","protected":false},"excerpt":{"rendered":"<p>For Sale: TH-PVP crystal Purchase the TH-PVP online from what is perhaps the world&#8217;s best office shipping company.TH-PVP functions similarly to a-PVP as an energizer. The paucity of information now available considerably expands the scope of research on this chemical. We are regarded as the top supplier of Chinese TH-PVP and the best TH-PVP Reddit &hellip;<\/p>\n<p class=\"read-more\"> <a class=\"\" href=\"https:\/\/legitgrams.com\/es\/producto\/cristal-pvp-barato\/\"> <span class=\"screen-reader-text\">Compra cristales TH-PVP baratos online<\/span> Leer m\u00e1s \"<\/a><\/p>","protected":false},"featured_media":5270,"comment_status":"open","ping_status":"closed","template":"","meta":{"_uag_custom_page_level_css":"","site-sidebar-layout":"default","site-content-layout":"default","ast-global-header-display":"","ast-main-header-display":"","ast-hfb-above-header-display":"","ast-hfb-below-header-display":"","ast-hfb-mobile-header-display":"","site-post-title":"","ast-breadcrumbs-content":"","ast-featured-img":"","footer-sml-layout":"","theme-transparent-header-meta":"default","adv-header-id-meta":"","stick-header-meta":"default","header-above-stick-meta":"","header-main-stick-meta":"","header-below-stick-meta":"","_joinchat":[]},"product_brand":[],"product_cat":[600],"product_tag":[3429,3419,617,3411,3426,3410,3414,3413,3421,3412,3422,3424,3431,3432,3430,3427,3423,3418,3416,3428,3425,625,3417,3420,3415],"class_list":{"0":"post-3964","1":"product","2":"type-product","3":"status-publish","4":"has-post-thumbnail","6":"product_cat-research-chemicals-and-bath-salt","7":"product_tag-best-cheap-price-cheap-th-pvp-crystal","8":"product_tag-best-place-to-buy-cheap-th-pvp-crystal","9":"product_tag-bulk-online","10":"product_tag-buy-cheap-th-pvp-crystal","11":"product_tag-cheap-cheap-th-pvp-crystal","12":"product_tag-cheap-th-pvp-crystal","13":"product_tag-cheap-th-pvp-crystal-cheap-th-pvp-crystal-supplier","14":"product_tag-cheap-th-pvp-crystal-for-sale","15":"product_tag-cheap-th-pvp-crystal-legally","16":"product_tag-cheap-th-pvp-crystal-online","17":"product_tag-cheap-th-pvp-crystal-price","18":"product_tag-cheap-th-pvp-crystal-store","19":"product_tag-cheap-th-pvp-crystal-use","20":"product_tag-cheap-th-pvp-crystal-wiki","21":"product_tag-cheap-th-pvp-crystal-worldwide","22":"product_tag-cheap-th-pvp-crystals","23":"product_tag-high-quality-cheap-th-pvp-crystal","24":"product_tag-how-to-buy-cheap-th-pvp-crystal","25":"product_tag-order-cheap-th-pvp-crystal","26":"product_tag-purcharse-cheap-th-pvp-crystal","27":"product_tag-shop-cheap-th-pvp-crystal","28":"product_tag-top-quality","29":"product_tag-where-to-buy-cheap-th-pvp-crystal","30":"product_tag-where-to-order-cheap-th-pvp-crystal","31":"product_tag-wholesale-cheap-th-pvp-crystal","32":"desktop-align-left","33":"tablet-align-left","34":"mobile-align-left","35":"ast-product-gallery-layout-horizontal","36":"ast-product-gallery-with-no-image","37":"ast-product-single-variable","38":"ast-product-tabs-layout-horizontal","39":"ast-qv-on-image","41":"first","42":"instock","43":"shipping-taxable","44":"purchasable","45":"product-type-variable"},"yoast_head":"<!-- This site is optimized with the Yoast SEO plugin v25.9 - https:\/\/yoast.com\/wordpress\/plugins\/seo\/ -->\n<title>TH-PVP Crystal for Sale - Order TH-PVP Crystal Online | LG<\/title>\n<meta name=\"description\" content=\"Get TH-PVP crystal for sale at one of the best online stores Legitgrams. We will help you buy TH-PVP crystal online of high quality. Don&#039;t delay to place your order and take advantage of the newest discounts!\" \/>\n<meta name=\"robots\" content=\"index, follow, max-snippet:-1, max-image-preview:large, max-video-preview:-1\" \/>\n<link rel=\"canonical\" href=\"https:\/\/legitgrams.com\/es\/producto\/cristal-pvp-barato\/\" \/>\n<meta property=\"og:locale\" content=\"es_ES\" \/>\n<meta property=\"og:type\" content=\"article\" \/>\n<meta property=\"og:title\" content=\"TH-PVP Crystal for Sale - Order TH-PVP Crystal Online | LG\" \/>\n<meta property=\"og:description\" content=\"Get TH-PVP crystal for sale at one of the best online stores Legitgrams. We will help you buy TH-PVP crystal online of high quality. Don&#039;t delay to place your order and take advantage of the newest discounts!\" \/>\n<meta property=\"og:url\" content=\"https:\/\/legitgrams.com\/es\/producto\/cristal-pvp-barato\/\" \/>\n<meta property=\"og:site_name\" content=\"Legit Grams\" \/>\n<meta property=\"article:modified_time\" content=\"2025-04-04T11:09:27+00:00\" \/>\n<meta property=\"og:image\" content=\"https:\/\/legitgrams.com\/wp-content\/uploads\/2024\/09\/buy-cheap-th-pvp-crystal-online.jpg\" \/>\n\t<meta property=\"og:image:width\" content=\"600\" \/>\n\t<meta property=\"og:image:height\" content=\"600\" \/>\n\t<meta property=\"og:image:type\" content=\"image\/jpeg\" \/>\n<meta name=\"twitter:card\" content=\"summary_large_image\" \/>\n<meta name=\"twitter:label1\" content=\"Tiempo de lectura\" \/>\n\t<meta name=\"twitter:data1\" content=\"2 minutos\" \/>\n<script type=\"application\/ld+json\" class=\"yoast-schema-graph\">{\"@context\":\"https:\/\/schema.org\",\"@graph\":[{\"@type\":\"WebPage\",\"@id\":\"https:\/\/legitgrams.com\/product\/cheap-th-pvp-crystal\/\",\"url\":\"https:\/\/legitgrams.com\/product\/cheap-th-pvp-crystal\/\",\"name\":\"TH-PVP Crystal for Sale - Order TH-PVP Crystal Online | LG\",\"isPartOf\":{\"@id\":\"https:\/\/legitgrams.com\/#website\"},\"primaryImageOfPage\":{\"@id\":\"https:\/\/legitgrams.com\/product\/cheap-th-pvp-crystal\/#primaryimage\"},\"image\":{\"@id\":\"https:\/\/legitgrams.com\/product\/cheap-th-pvp-crystal\/#primaryimage\"},\"thumbnailUrl\":\"https:\/\/legitgrams.com\/wp-content\/uploads\/2024\/09\/buy-cheap-th-pvp-crystal-online.jpg\",\"datePublished\":\"2024-09-21T05:24:42+00:00\",\"dateModified\":\"2025-04-04T11:09:27+00:00\",\"description\":\"Get TH-PVP crystal for sale at one of the best online stores Legitgrams. We will help you buy TH-PVP crystal online of high quality. Don't delay to place your order and take advantage of the newest discounts!\",\"breadcrumb\":{\"@id\":\"https:\/\/legitgrams.com\/product\/cheap-th-pvp-crystal\/#breadcrumb\"},\"inLanguage\":\"es\",\"potentialAction\":[{\"@type\":\"ReadAction\",\"target\":[\"https:\/\/legitgrams.com\/product\/cheap-th-pvp-crystal\/\"]}]},{\"@type\":\"ImageObject\",\"inLanguage\":\"es\",\"@id\":\"https:\/\/legitgrams.com\/product\/cheap-th-pvp-crystal\/#primaryimage\",\"url\":\"https:\/\/legitgrams.com\/wp-content\/uploads\/2024\/09\/buy-cheap-th-pvp-crystal-online.jpg\",\"contentUrl\":\"https:\/\/legitgrams.com\/wp-content\/uploads\/2024\/09\/buy-cheap-th-pvp-crystal-online.jpg\",\"width\":600,\"height\":600,\"caption\":\"TH-PVP crystal for Sale\"},{\"@type\":\"BreadcrumbList\",\"@id\":\"https:\/\/legitgrams.com\/product\/cheap-th-pvp-crystal\/#breadcrumb\",\"itemListElement\":[{\"@type\":\"ListItem\",\"position\":1,\"name\":\"Home\",\"item\":\"https:\/\/legitgrams.com\/\"},{\"@type\":\"ListItem\",\"position\":2,\"name\":\"Shop\",\"item\":\"https:\/\/legitgrams.com\/shop\/\"},{\"@type\":\"ListItem\",\"position\":3,\"name\":\"Buy Cheap TH-PVP Crystal Online\"}]},{\"@type\":\"WebSite\",\"@id\":\"https:\/\/legitgrams.com\/#website\",\"url\":\"https:\/\/legitgrams.com\/\",\"name\":\"Legit Grams\",\"description\":\"My WordPress Blog\",\"publisher\":{\"@id\":\"https:\/\/legitgrams.com\/#organization\"},\"potentialAction\":[{\"@type\":\"SearchAction\",\"target\":{\"@type\":\"EntryPoint\",\"urlTemplate\":\"https:\/\/legitgrams.com\/?s={search_term_string}\"},\"query-input\":{\"@type\":\"PropertyValueSpecification\",\"valueRequired\":true,\"valueName\":\"search_term_string\"}}],\"inLanguage\":\"es\"},{\"@type\":\"Organization\",\"@id\":\"https:\/\/legitgrams.com\/#organization\",\"name\":\"Legit Grams\",\"url\":\"https:\/\/legitgrams.com\/\",\"logo\":{\"@type\":\"ImageObject\",\"inLanguage\":\"es\",\"@id\":\"https:\/\/legitgrams.com\/#\/schema\/logo\/image\/\",\"url\":\"https:\/\/legitgrams.com\/wp-content\/uploads\/2024\/09\/main-logo.png\",\"contentUrl\":\"https:\/\/legitgrams.com\/wp-content\/uploads\/2024\/09\/main-logo.png\",\"width\":270,\"height\":75,\"caption\":\"Legit Grams\"},\"image\":{\"@id\":\"https:\/\/legitgrams.com\/#\/schema\/logo\/image\/\"}}]}<\/script>\n<!-- \/ Yoast SEO plugin. -->","yoast_head_json":{"title":"Venta de Cristal TH-PVP - Pedir Cristal TH-PVP Online | LG","description":"Consigue cristal TH-PVP a la venta en una de las mejores tiendas online Legitgrams. Le ayudaremos a comprar cristal TH-PVP online de alta calidad. \u00a1No tardes en hacer tu pedido y aprov\u00e9chate de los descuentos m\u00e1s novedosos!","robots":{"index":"index","follow":"follow","max-snippet":"max-snippet:-1","max-image-preview":"max-image-preview:large","max-video-preview":"max-video-preview:-1"},"canonical":"https:\/\/legitgrams.com\/es\/producto\/cristal-pvp-barato\/","og_locale":"es_ES","og_type":"article","og_title":"TH-PVP Crystal for Sale - Order TH-PVP Crystal Online | LG","og_description":"Get TH-PVP crystal for sale at one of the best online stores Legitgrams. We will help you buy TH-PVP crystal online of high quality. Don't delay to place your order and take advantage of the newest discounts!","og_url":"https:\/\/legitgrams.com\/es\/producto\/cristal-pvp-barato\/","og_site_name":"Legit Grams","article_modified_time":"2025-04-04T11:09:27+00:00","og_image":[{"width":600,"height":600,"url":"https:\/\/legitgrams.com\/wp-content\/uploads\/2024\/09\/buy-cheap-th-pvp-crystal-online.jpg","type":"image\/jpeg"}],"twitter_card":"summary_large_image","twitter_misc":{"Tiempo de lectura":"2 minutos"},"schema":{"@context":"https:\/\/schema.org","@graph":[{"@type":"WebPage","@id":"https:\/\/legitgrams.com\/product\/cheap-th-pvp-crystal\/","url":"https:\/\/legitgrams.com\/product\/cheap-th-pvp-crystal\/","name":"Venta de Cristal TH-PVP - Pedir Cristal TH-PVP Online | LG","isPartOf":{"@id":"https:\/\/legitgrams.com\/#website"},"primaryImageOfPage":{"@id":"https:\/\/legitgrams.com\/product\/cheap-th-pvp-crystal\/#primaryimage"},"image":{"@id":"https:\/\/legitgrams.com\/product\/cheap-th-pvp-crystal\/#primaryimage"},"thumbnailUrl":"https:\/\/legitgrams.com\/wp-content\/uploads\/2024\/09\/buy-cheap-th-pvp-crystal-online.jpg","datePublished":"2024-09-21T05:24:42+00:00","dateModified":"2025-04-04T11:09:27+00:00","description":"Consigue cristal TH-PVP a la venta en una de las mejores tiendas online Legitgrams. Le ayudaremos a comprar cristal TH-PVP online de alta calidad. \u00a1No tardes en hacer tu pedido y aprov\u00e9chate de los descuentos m\u00e1s novedosos!","breadcrumb":{"@id":"https:\/\/legitgrams.com\/product\/cheap-th-pvp-crystal\/#breadcrumb"},"inLanguage":"es","potentialAction":[{"@type":"ReadAction","target":["https:\/\/legitgrams.com\/product\/cheap-th-pvp-crystal\/"]}]},{"@type":"ImageObject","inLanguage":"es","@id":"https:\/\/legitgrams.com\/product\/cheap-th-pvp-crystal\/#primaryimage","url":"https:\/\/legitgrams.com\/wp-content\/uploads\/2024\/09\/buy-cheap-th-pvp-crystal-online.jpg","contentUrl":"https:\/\/legitgrams.com\/wp-content\/uploads\/2024\/09\/buy-cheap-th-pvp-crystal-online.jpg","width":600,"height":600,"caption":"TH-PVP crystal for Sale"},{"@type":"BreadcrumbList","@id":"https:\/\/legitgrams.com\/product\/cheap-th-pvp-crystal\/#breadcrumb","itemListElement":[{"@type":"ListItem","position":1,"name":"Home","item":"https:\/\/legitgrams.com\/"},{"@type":"ListItem","position":2,"name":"Shop","item":"https:\/\/legitgrams.com\/shop\/"},{"@type":"ListItem","position":3,"name":"Buy Cheap TH-PVP Crystal Online"}]},{"@type":"WebSite","@id":"https:\/\/legitgrams.com\/#website","url":"https:\/\/legitgrams.com\/","name":"Gramos leg\u00edtimos","description":"Mi blog de WordPress","publisher":{"@id":"https:\/\/legitgrams.com\/#organization"},"potentialAction":[{"@type":"SearchAction","target":{"@type":"EntryPoint","urlTemplate":"https:\/\/legitgrams.com\/?s={search_term_string}"},"query-input":{"@type":"PropertyValueSpecification","valueRequired":true,"valueName":"search_term_string"}}],"inLanguage":"es"},{"@type":"Organization","@id":"https:\/\/legitgrams.com\/#organization","name":"Gramos leg\u00edtimos","url":"https:\/\/legitgrams.com\/","logo":{"@type":"ImageObject","inLanguage":"es","@id":"https:\/\/legitgrams.com\/#\/schema\/logo\/image\/","url":"https:\/\/legitgrams.com\/wp-content\/uploads\/2024\/09\/main-logo.png","contentUrl":"https:\/\/legitgrams.com\/wp-content\/uploads\/2024\/09\/main-logo.png","width":270,"height":75,"caption":"Legit Grams"},"image":{"@id":"https:\/\/legitgrams.com\/#\/schema\/logo\/image\/"}}]}},"uagb_featured_image_src":{"full":["https:\/\/legitgrams.com\/wp-content\/uploads\/2024\/09\/buy-cheap-th-pvp-crystal-online.jpg",600,600,false],"thumbnail":["https:\/\/legitgrams.com\/wp-content\/uploads\/2024\/09\/buy-cheap-th-pvp-crystal-online-150x150.jpg",150,150,true],"medium":["https:\/\/legitgrams.com\/wp-content\/uploads\/2024\/09\/buy-cheap-th-pvp-crystal-online-300x300.jpg",300,300,true],"medium_large":["https:\/\/legitgrams.com\/wp-content\/uploads\/2024\/09\/buy-cheap-th-pvp-crystal-online.jpg",600,600,false],"large":["https:\/\/legitgrams.com\/wp-content\/uploads\/2024\/09\/buy-cheap-th-pvp-crystal-online.jpg",600,600,false],"1536x1536":["https:\/\/legitgrams.com\/wp-content\/uploads\/2024\/09\/buy-cheap-th-pvp-crystal-online.jpg",600,600,false],"2048x2048":["https:\/\/legitgrams.com\/wp-content\/uploads\/2024\/09\/buy-cheap-th-pvp-crystal-online.jpg",600,600,false],"trp-custom-language-flag":["https:\/\/legitgrams.com\/wp-content\/uploads\/2024\/09\/buy-cheap-th-pvp-crystal-online-12x12.jpg",12,12,true],"woocommerce_thumbnail":["https:\/\/legitgrams.com\/wp-content\/uploads\/2024\/09\/buy-cheap-th-pvp-crystal-online-300x300.jpg",300,300,true],"woocommerce_single":["https:\/\/legitgrams.com\/wp-content\/uploads\/2024\/09\/buy-cheap-th-pvp-crystal-online.jpg",600,600,false],"woocommerce_gallery_thumbnail":["https:\/\/legitgrams.com\/wp-content\/uploads\/2024\/09\/buy-cheap-th-pvp-crystal-online-100x100.jpg",100,100,true]},"uagb_author_info":{"display_name":"cokeblog18","author_link":"https:\/\/legitgrams.com\/es\/author\/"},"uagb_comment_info":0,"uagb_excerpt":"For Sale: TH-PVP crystal Purchase the TH-PVP online from what is perhaps the world&#8217;s best office shipping company.TH-PVP functions similarly to a-PVP as an energizer. The paucity of information now available considerably expands the scope of research on this chemical. We are regarded as the top supplier of Chinese TH-PVP and the best TH-PVP Reddit&hellip;","_links":{"self":[{"href":"https:\/\/legitgrams.com\/es\/wp-json\/wp\/v2\/product\/3964","targetHints":{"allow":["GET"]}}],"collection":[{"href":"https:\/\/legitgrams.com\/es\/wp-json\/wp\/v2\/product"}],"about":[{"href":"https:\/\/legitgrams.com\/es\/wp-json\/wp\/v2\/types\/product"}],"replies":[{"embeddable":true,"href":"https:\/\/legitgrams.com\/es\/wp-json\/wp\/v2\/comments?post=3964"}],"wp:featuredmedia":[{"embeddable":true,"href":"https:\/\/legitgrams.com\/es\/wp-json\/wp\/v2\/media\/5270"}],"wp:attachment":[{"href":"https:\/\/legitgrams.com\/es\/wp-json\/wp\/v2\/media?parent=3964"}],"wp:term":[{"taxonomy":"product_brand","embeddable":true,"href":"https:\/\/legitgrams.com\/es\/wp-json\/wp\/v2\/product_brand?post=3964"},{"taxonomy":"product_cat","embeddable":true,"href":"https:\/\/legitgrams.com\/es\/wp-json\/wp\/v2\/product_cat?post=3964"},{"taxonomy":"product_tag","embeddable":true,"href":"https:\/\/legitgrams.com\/es\/wp-json\/wp\/v2\/product_tag?post=3964"}],"curies":[{"name":"wp","href":"https:\/\/api.w.org\/{rel}","templated":true}]}}