{"id":3965,"date":"2024-09-21T05:32:35","date_gmt":"2024-09-21T05:32:35","guid":{"rendered":"https:\/\/legitgrams.com\/?post_type=product&#038;p=3965"},"modified":"2026-02-14T22:23:57","modified_gmt":"2026-02-14T22:23:57","slug":"metanfetamina-cristalina","status":"publish","type":"product","link":"https:\/\/legitgrams.com\/es\/producto\/metanfetamina-cristalina\/","title":{"rendered":"Comprar metanfetamina cristalina en l\u00ednea"},"content":{"rendered":"<h2>En venta: metanfetamina cristalina (metanfetamina)<\/h2>\n<p>El mejor lugar para comprar vidrio. <a href=\"https:\/\/legitgrams.com\/es\/producto\/metanfetamina-cristalina\/\">Metanfetamina<\/a> is currently available for purchase online, and it will be delivered the next day. Nearly <a href=\"https:\/\/www.bing.com\/search?q=Comprarmetanfetaminacristalinaenlnea&amp;qs=n&amp;form=QBRE&amp;sp=-1&amp;lq=0&amp;pq=comprarmetanfetaminacristalinaenlnea&amp;sc=0-41&amp;sk=&amp;cvid=7415619B0AA648A09D8530FD14FDC08E&amp;ghsh=0&amp;ghacc=0&amp;ghpl=\">100% pure crystal methamphetamine<\/a> Es la variedad m\u00e1s reciente o m\u00e1s fresca. No tiene olor y se puede fumar en pipas de vidrio. Las investigaciones indican que no solo es m\u00e1s adictiva que el crack y <a href=\"https:\/\/www.bing.com\/search?q=Comprarmetanfetaminacristalinaenlnea&amp;qs=n&amp;form=QBRE&amp;sp=-1&amp;lq=0&amp;pq=comprarmetanfetaminacristalinaenlnea&amp;sc=0-41&amp;sk=&amp;cvid=7415619B0AA648A09D8530FD14FDC08E&amp;ghsh=0&amp;ghacc=0&amp;ghpl=\">coca\u00edna<\/a>Pero tambi\u00e9n es m\u00e1s letal. Sus efectos en el organismo pueden durar de cuatro a catorce horas, seg\u00fan la persona. Durante este per\u00edodo, quienes fuman experimentan una potente descarga de energ\u00eda y un bienestar f\u00edsico placentero. Una sensaci\u00f3n agradable. Una dosis baja y abundante, en cambio, causa preocupaci\u00f3n extrema, desesperanza y, en \u00faltima instancia, fatiga.<\/p>\n<h3>En venta: metanfetamina cristalina (metanfetamina)<\/h3>\n<p>El mejor lugar para comprar vidrio. Actualmente, la metanfetamina cristalina se puede comprar en l\u00ednea y se entrega al d\u00eda siguiente. Cristal casi 100 % puro <a href=\"https:\/\/en.wikipedia.org\/wiki\/Methamphetamine\">metanfetamina<\/a> Es la variedad m\u00e1s reciente o m\u00e1s fresca. No tiene olor y se puede fumar a trav\u00e9s de pipas de vidrio. Las investigaciones indican que no solo es m\u00e1s adictiva que el crack y la coca\u00edna, sino tambi\u00e9n m\u00e1s letal. Sus efectos en el organismo pueden durar entre cuatro y catorce horas, seg\u00fan la persona. Durante este per\u00edodo, los fumadores experimentan una potente descarga de metal y un \u00e9xtasis f\u00edsico. Una sensaci\u00f3n agradable. Una dosis fuerte y breve, por el contrario, provocar\u00e1 una preocupaci\u00f3n extrema, desesperanza y, en \u00faltima instancia, fatiga.<\/p>\n<p>Sin embargo,<a href=\"https:\/\/www.google.com\/search?q=Crystal+Meth+(Methamphetamine)&amp;rlz=1C1RXQR_enIN1098IN1098&amp;oq=Crystal+Meth+(Methamphetamine)&amp;gs_lcrp=EgZjaHJvbWUyBggAEEUYOTIGCAEQRRg9MgYIAhBFGDzSAQkxMDIwajBqMTWoAgiwAgHxBVXlq-LJol72&amp;sourceid=chrome&amp;ie=UTF-8\"> metanfetamina de cristal<\/a> Se puede conseguir sin otros nombres comunes como sal, roca, vidrio LA, superhielo o hielo caliente. Tambi\u00e9n venden ketamina. El cristal de ketamina HCL tambi\u00e9n tiene un precio razonable.<\/p>\n<p>Las ventas de metanfetamina cristalina son comunes en Internet. Sin embargo, si desea comprar metanfetamina pura, debe conocer a sus vendedores. Adem\u00e1s de la pureza, \u00bfqu\u00e9 tan seguro es el procedimiento? \u00bfDe verdad cree que su mierda llegar\u00e1? Por eso somos los mejores. Brindamos n\u00fameros de seguimiento y garant\u00edas de devoluci\u00f3n de dinero para cada env\u00edo. Empaquete y entregue discretamente en apartados de correos, calles y direcciones residenciales. Ventas de metanfetamina cristalina en l\u00ednea: compre metanfetamina cristalina en l\u00ednea. Metanfetamina: compre metanfetamina cristalina (metanfetamina) en l\u00ednea, compre 4-MEC, compre metanfetamina cristalina y compre metanfetamina cristalina. <a href=\"https:\/\/legitgrams.com\/es\/\">LegitGrams<\/a><\/p>\n<p><a href=\"https:\/\/duckduckgo.com\/?q=Crystal+Meth+(Methamphetamine)&amp;t=h_&amp;ia=web\">Comprar cristal de metanfetamina<\/a>Tambi\u00e9n conocida como metanfetamina, disponible en l\u00ednea a precio reducido. Compre metanfetamina, pida metanfetamina en l\u00ednea, compre metanfetamina a la venta, encuentre ubicaciones de metanfetamina y compre sustancias qu\u00edmicas de investigaci\u00f3n en l\u00ednea. Compre metanfetamina cristalina, d\u00f3nde comprar metanfetamina cristalina, pida metanfetamina cristalina en l\u00ednea, compre, compre, seguro, en l\u00ednea, metanfetamina, cristal, polvo o cualquier combinaci\u00f3n de estos.<\/p>","protected":false},"excerpt":{"rendered":"<p>For Sale: Crystal Meth (Methamphetamine) The greatest place to buy glass. Crystal meth is currently available for purchase online, and it will be delivered the next day. Nearly 100% pure crystal methamphetamine is the most recent or freshest variety. It has no smell and can be smoked through glass pipes. Research indicates that it is &hellip;<\/p>\n<p class=\"read-more\"> <a class=\"\" href=\"https:\/\/legitgrams.com\/es\/producto\/metanfetamina-cristalina\/\"> <span class=\"screen-reader-text\">Comprar metanfetamina cristalina en l\u00ednea<\/span> Leer m\u00e1s \"<\/a><\/p>","protected":false},"featured_media":5273,"comment_status":"open","ping_status":"closed","template":"","meta":{"_uag_custom_page_level_css":"","site-sidebar-layout":"default","site-content-layout":"default","ast-global-header-display":"","ast-main-header-display":"","ast-hfb-above-header-display":"","ast-hfb-below-header-display":"","ast-hfb-mobile-header-display":"","site-post-title":"","ast-breadcrumbs-content":"","ast-featured-img":"","footer-sml-layout":"","theme-transparent-header-meta":"default","adv-header-id-meta":"","stick-header-meta":"default","header-above-stick-meta":"","header-main-stick-meta":"","header-below-stick-meta":"","_joinchat":[]},"product_brand":[],"product_cat":[600],"product_tag":[3406,3396,617,3388,3403,3387,3391,3390,3398,3389,3399,3401,3408,3409,3407,3404,3400,3395,3393,3405,3402,625,3394,3397,3392],"class_list":{"0":"post-3965","1":"product","2":"type-product","3":"status-publish","4":"has-post-thumbnail","6":"product_cat-research-chemicals-and-bath-salt","7":"product_tag-best-cheap-price-crystal-meth-methamphetamine","8":"product_tag-best-place-to-buy-crystal-meth-methamphetamine","9":"product_tag-bulk-online","10":"product_tag-buy-crystal-meth-methamphetamine","11":"product_tag-cheap-crystal-meth-methamphetamine","12":"product_tag-crystal-meth-methamphetamine","13":"product_tag-crystal-meth-methamphetamine-crystal-meth-methamphetamine-supplier","14":"product_tag-crystal-meth-methamphetamine-for-sale","15":"product_tag-crystal-meth-methamphetamine-legally","16":"product_tag-crystal-meth-methamphetamine-online","17":"product_tag-crystal-meth-methamphetamine-price","18":"product_tag-crystal-meth-methamphetamine-store","19":"product_tag-crystal-meth-methamphetamine-use","20":"product_tag-crystal-meth-methamphetamine-wiki","21":"product_tag-crystal-meth-methamphetamine-worldwide","22":"product_tag-crystal-meth-methamphetamines","23":"product_tag-high-quality-crystal-meth-methamphetamine","24":"product_tag-how-to-buy-crystal-meth-methamphetamine","25":"product_tag-order-crystal-meth-methamphetamine","26":"product_tag-purcharse-crystal-meth-methamphetamine","27":"product_tag-shop-crystal-meth-methamphetamine","28":"product_tag-top-quality","29":"product_tag-where-to-buy-crystal-meth-methamphetamine","30":"product_tag-where-to-order-crystal-meth-methamphetamine","31":"product_tag-wholesale-crystal-meth-methamphetamine","32":"desktop-align-left","33":"tablet-align-left","34":"mobile-align-left","35":"ast-product-gallery-layout-horizontal","36":"ast-product-gallery-with-no-image","37":"ast-product-single-variable","38":"ast-product-tabs-layout-horizontal","39":"ast-qv-on-image","41":"first","42":"instock","43":"shipping-taxable","44":"purchasable","45":"product-type-variable"},"yoast_head":"<!-- This site is optimized with the Yoast SEO plugin v25.9 - https:\/\/yoast.com\/wordpress\/plugins\/seo\/ -->\n<title>Crystal Meth for Sale - Buy Crystal Meth Online | LegitGrams<\/title>\n<meta name=\"description\" content=\"Explore our online store for Crystal Meth for sale, offering high-quality Crystal Meth. Buy Crystal Meth online securely and embark on your research journey with confidence.\" \/>\n<meta name=\"robots\" content=\"index, follow, max-snippet:-1, max-image-preview:large, max-video-preview:-1\" \/>\n<link rel=\"canonical\" href=\"https:\/\/legitgrams.com\/es\/producto\/metanfetamina-cristalina\/\" \/>\n<meta property=\"og:locale\" content=\"es_ES\" \/>\n<meta property=\"og:type\" content=\"article\" \/>\n<meta property=\"og:title\" content=\"Crystal Meth for Sale - Buy Crystal Meth Online | LegitGrams\" \/>\n<meta property=\"og:description\" content=\"Explore our online store for Crystal Meth for sale, offering high-quality Crystal Meth. Buy Crystal Meth online securely and embark on your research journey with confidence.\" \/>\n<meta property=\"og:url\" content=\"https:\/\/legitgrams.com\/es\/producto\/metanfetamina-cristalina\/\" \/>\n<meta property=\"og:site_name\" content=\"Legit Grams\" \/>\n<meta property=\"article:modified_time\" content=\"2026-02-14T22:23:57+00:00\" \/>\n<meta property=\"og:image\" content=\"https:\/\/legitgrams.com\/wp-content\/uploads\/2024\/09\/Buy-Crystal-Meth-Online.jpg\" \/>\n\t<meta property=\"og:image:width\" content=\"600\" \/>\n\t<meta property=\"og:image:height\" content=\"600\" \/>\n\t<meta property=\"og:image:type\" content=\"image\/jpeg\" \/>\n<meta name=\"twitter:card\" content=\"summary_large_image\" \/>\n<meta name=\"twitter:label1\" content=\"Tiempo de lectura\" \/>\n\t<meta name=\"twitter:data1\" content=\"2 minutos\" \/>\n<script type=\"application\/ld+json\" class=\"yoast-schema-graph\">{\"@context\":\"https:\/\/schema.org\",\"@graph\":[{\"@type\":\"WebPage\",\"@id\":\"https:\/\/legitgrams.com\/product\/crystal-meth-methamphetamine\/\",\"url\":\"https:\/\/legitgrams.com\/product\/crystal-meth-methamphetamine\/\",\"name\":\"Crystal Meth for Sale - Buy Crystal Meth Online | LegitGrams\",\"isPartOf\":{\"@id\":\"https:\/\/legitgrams.com\/#website\"},\"primaryImageOfPage\":{\"@id\":\"https:\/\/legitgrams.com\/product\/crystal-meth-methamphetamine\/#primaryimage\"},\"image\":{\"@id\":\"https:\/\/legitgrams.com\/product\/crystal-meth-methamphetamine\/#primaryimage\"},\"thumbnailUrl\":\"https:\/\/legitgrams.com\/wp-content\/uploads\/2024\/09\/Buy-Crystal-Meth-Online.jpg\",\"datePublished\":\"2024-09-21T05:32:35+00:00\",\"dateModified\":\"2026-02-14T22:23:57+00:00\",\"description\":\"Explore our online store for Crystal Meth for sale, offering high-quality Crystal Meth. Buy Crystal Meth online securely and embark on your research journey with confidence.\",\"breadcrumb\":{\"@id\":\"https:\/\/legitgrams.com\/product\/crystal-meth-methamphetamine\/#breadcrumb\"},\"inLanguage\":\"es\",\"potentialAction\":[{\"@type\":\"ReadAction\",\"target\":[\"https:\/\/legitgrams.com\/product\/crystal-meth-methamphetamine\/\"]}]},{\"@type\":\"ImageObject\",\"inLanguage\":\"es\",\"@id\":\"https:\/\/legitgrams.com\/product\/crystal-meth-methamphetamine\/#primaryimage\",\"url\":\"https:\/\/legitgrams.com\/wp-content\/uploads\/2024\/09\/Buy-Crystal-Meth-Online.jpg\",\"contentUrl\":\"https:\/\/legitgrams.com\/wp-content\/uploads\/2024\/09\/Buy-Crystal-Meth-Online.jpg\",\"width\":600,\"height\":600,\"caption\":\"Crystal Meth (Methamphetamine) for Sale\"},{\"@type\":\"BreadcrumbList\",\"@id\":\"https:\/\/legitgrams.com\/product\/crystal-meth-methamphetamine\/#breadcrumb\",\"itemListElement\":[{\"@type\":\"ListItem\",\"position\":1,\"name\":\"Home\",\"item\":\"https:\/\/legitgrams.com\/\"},{\"@type\":\"ListItem\",\"position\":2,\"name\":\"Shop\",\"item\":\"https:\/\/legitgrams.com\/shop\/\"},{\"@type\":\"ListItem\",\"position\":3,\"name\":\"Buy Crystal Meth (Methamphetamine) Online\"}]},{\"@type\":\"WebSite\",\"@id\":\"https:\/\/legitgrams.com\/#website\",\"url\":\"https:\/\/legitgrams.com\/\",\"name\":\"Legit Grams\",\"description\":\"My WordPress Blog\",\"publisher\":{\"@id\":\"https:\/\/legitgrams.com\/#organization\"},\"potentialAction\":[{\"@type\":\"SearchAction\",\"target\":{\"@type\":\"EntryPoint\",\"urlTemplate\":\"https:\/\/legitgrams.com\/?s={search_term_string}\"},\"query-input\":{\"@type\":\"PropertyValueSpecification\",\"valueRequired\":true,\"valueName\":\"search_term_string\"}}],\"inLanguage\":\"es\"},{\"@type\":\"Organization\",\"@id\":\"https:\/\/legitgrams.com\/#organization\",\"name\":\"Legit Grams\",\"url\":\"https:\/\/legitgrams.com\/\",\"logo\":{\"@type\":\"ImageObject\",\"inLanguage\":\"es\",\"@id\":\"https:\/\/legitgrams.com\/#\/schema\/logo\/image\/\",\"url\":\"https:\/\/legitgrams.com\/wp-content\/uploads\/2024\/09\/main-logo.png\",\"contentUrl\":\"https:\/\/legitgrams.com\/wp-content\/uploads\/2024\/09\/main-logo.png\",\"width\":270,\"height\":75,\"caption\":\"Legit Grams\"},\"image\":{\"@id\":\"https:\/\/legitgrams.com\/#\/schema\/logo\/image\/\"}}]}<\/script>\n<!-- \/ Yoast SEO plugin. -->","yoast_head_json":{"title":"Venta de metanfetamina cristalina: compre metanfetamina cristalina en l\u00ednea | LegitGrams","description":"Explore nuestra tienda online de Crystal Meth en venta, que ofrece Crystal Meth de alta calidad. Compra Crystal Meth online de forma segura y emprende tu viaje de investigaci\u00f3n con confianza.","robots":{"index":"index","follow":"follow","max-snippet":"max-snippet:-1","max-image-preview":"max-image-preview:large","max-video-preview":"max-video-preview:-1"},"canonical":"https:\/\/legitgrams.com\/es\/producto\/metanfetamina-cristalina\/","og_locale":"es_ES","og_type":"article","og_title":"Crystal Meth for Sale - Buy Crystal Meth Online | LegitGrams","og_description":"Explore our online store for Crystal Meth for sale, offering high-quality Crystal Meth. Buy Crystal Meth online securely and embark on your research journey with confidence.","og_url":"https:\/\/legitgrams.com\/es\/producto\/metanfetamina-cristalina\/","og_site_name":"Legit Grams","article_modified_time":"2026-02-14T22:23:57+00:00","og_image":[{"width":600,"height":600,"url":"https:\/\/legitgrams.com\/wp-content\/uploads\/2024\/09\/Buy-Crystal-Meth-Online.jpg","type":"image\/jpeg"}],"twitter_card":"summary_large_image","twitter_misc":{"Tiempo de lectura":"2 minutos"},"schema":{"@context":"https:\/\/schema.org","@graph":[{"@type":"WebPage","@id":"https:\/\/legitgrams.com\/product\/crystal-meth-methamphetamine\/","url":"https:\/\/legitgrams.com\/product\/crystal-meth-methamphetamine\/","name":"Venta de metanfetamina cristalina: compre metanfetamina cristalina en l\u00ednea | LegitGrams","isPartOf":{"@id":"https:\/\/legitgrams.com\/#website"},"primaryImageOfPage":{"@id":"https:\/\/legitgrams.com\/product\/crystal-meth-methamphetamine\/#primaryimage"},"image":{"@id":"https:\/\/legitgrams.com\/product\/crystal-meth-methamphetamine\/#primaryimage"},"thumbnailUrl":"https:\/\/legitgrams.com\/wp-content\/uploads\/2024\/09\/Buy-Crystal-Meth-Online.jpg","datePublished":"2024-09-21T05:32:35+00:00","dateModified":"2026-02-14T22:23:57+00:00","description":"Explore nuestra tienda online de Crystal Meth en venta, que ofrece Crystal Meth de alta calidad. Compra Crystal Meth online de forma segura y emprende tu viaje de investigaci\u00f3n con confianza.","breadcrumb":{"@id":"https:\/\/legitgrams.com\/product\/crystal-meth-methamphetamine\/#breadcrumb"},"inLanguage":"es","potentialAction":[{"@type":"ReadAction","target":["https:\/\/legitgrams.com\/product\/crystal-meth-methamphetamine\/"]}]},{"@type":"ImageObject","inLanguage":"es","@id":"https:\/\/legitgrams.com\/product\/crystal-meth-methamphetamine\/#primaryimage","url":"https:\/\/legitgrams.com\/wp-content\/uploads\/2024\/09\/Buy-Crystal-Meth-Online.jpg","contentUrl":"https:\/\/legitgrams.com\/wp-content\/uploads\/2024\/09\/Buy-Crystal-Meth-Online.jpg","width":600,"height":600,"caption":"Crystal Meth (Methamphetamine) for Sale"},{"@type":"BreadcrumbList","@id":"https:\/\/legitgrams.com\/product\/crystal-meth-methamphetamine\/#breadcrumb","itemListElement":[{"@type":"ListItem","position":1,"name":"Home","item":"https:\/\/legitgrams.com\/"},{"@type":"ListItem","position":2,"name":"Shop","item":"https:\/\/legitgrams.com\/shop\/"},{"@type":"ListItem","position":3,"name":"Buy Crystal Meth (Methamphetamine) Online"}]},{"@type":"WebSite","@id":"https:\/\/legitgrams.com\/#website","url":"https:\/\/legitgrams.com\/","name":"Gramos leg\u00edtimos","description":"Mi blog de WordPress","publisher":{"@id":"https:\/\/legitgrams.com\/#organization"},"potentialAction":[{"@type":"SearchAction","target":{"@type":"EntryPoint","urlTemplate":"https:\/\/legitgrams.com\/?s={search_term_string}"},"query-input":{"@type":"PropertyValueSpecification","valueRequired":true,"valueName":"search_term_string"}}],"inLanguage":"es"},{"@type":"Organization","@id":"https:\/\/legitgrams.com\/#organization","name":"Gramos leg\u00edtimos","url":"https:\/\/legitgrams.com\/","logo":{"@type":"ImageObject","inLanguage":"es","@id":"https:\/\/legitgrams.com\/#\/schema\/logo\/image\/","url":"https:\/\/legitgrams.com\/wp-content\/uploads\/2024\/09\/main-logo.png","contentUrl":"https:\/\/legitgrams.com\/wp-content\/uploads\/2024\/09\/main-logo.png","width":270,"height":75,"caption":"Legit Grams"},"image":{"@id":"https:\/\/legitgrams.com\/#\/schema\/logo\/image\/"}}]}},"uagb_featured_image_src":{"full":["https:\/\/legitgrams.com\/wp-content\/uploads\/2024\/09\/Buy-Crystal-Meth-Online.jpg",600,600,false],"thumbnail":["https:\/\/legitgrams.com\/wp-content\/uploads\/2024\/09\/Buy-Crystal-Meth-Online-150x150.jpg",150,150,true],"medium":["https:\/\/legitgrams.com\/wp-content\/uploads\/2024\/09\/Buy-Crystal-Meth-Online-300x300.jpg",300,300,true],"medium_large":["https:\/\/legitgrams.com\/wp-content\/uploads\/2024\/09\/Buy-Crystal-Meth-Online.jpg",600,600,false],"large":["https:\/\/legitgrams.com\/wp-content\/uploads\/2024\/09\/Buy-Crystal-Meth-Online.jpg",600,600,false],"1536x1536":["https:\/\/legitgrams.com\/wp-content\/uploads\/2024\/09\/Buy-Crystal-Meth-Online.jpg",600,600,false],"2048x2048":["https:\/\/legitgrams.com\/wp-content\/uploads\/2024\/09\/Buy-Crystal-Meth-Online.jpg",600,600,false],"trp-custom-language-flag":["https:\/\/legitgrams.com\/wp-content\/uploads\/2024\/09\/Buy-Crystal-Meth-Online-12x12.jpg",12,12,true],"woocommerce_thumbnail":["https:\/\/legitgrams.com\/wp-content\/uploads\/2024\/09\/Buy-Crystal-Meth-Online-300x300.jpg",300,300,true],"woocommerce_single":["https:\/\/legitgrams.com\/wp-content\/uploads\/2024\/09\/Buy-Crystal-Meth-Online.jpg",600,600,false],"woocommerce_gallery_thumbnail":["https:\/\/legitgrams.com\/wp-content\/uploads\/2024\/09\/Buy-Crystal-Meth-Online-100x100.jpg",100,100,true]},"uagb_author_info":{"display_name":"cokeblog18","author_link":"https:\/\/legitgrams.com\/es\/author\/"},"uagb_comment_info":1,"uagb_excerpt":"For Sale: Crystal Meth (Methamphetamine) The greatest place to buy glass. Crystal meth is currently available for purchase online, and it will be delivered the next day. Nearly 100% pure crystal methamphetamine is the most recent or freshest variety. It has no smell and can be smoked through glass pipes. Research indicates that it is&hellip;","_links":{"self":[{"href":"https:\/\/legitgrams.com\/es\/wp-json\/wp\/v2\/product\/3965","targetHints":{"allow":["GET"]}}],"collection":[{"href":"https:\/\/legitgrams.com\/es\/wp-json\/wp\/v2\/product"}],"about":[{"href":"https:\/\/legitgrams.com\/es\/wp-json\/wp\/v2\/types\/product"}],"replies":[{"embeddable":true,"href":"https:\/\/legitgrams.com\/es\/wp-json\/wp\/v2\/comments?post=3965"}],"wp:featuredmedia":[{"embeddable":true,"href":"https:\/\/legitgrams.com\/es\/wp-json\/wp\/v2\/media\/5273"}],"wp:attachment":[{"href":"https:\/\/legitgrams.com\/es\/wp-json\/wp\/v2\/media?parent=3965"}],"wp:term":[{"taxonomy":"product_brand","embeddable":true,"href":"https:\/\/legitgrams.com\/es\/wp-json\/wp\/v2\/product_brand?post=3965"},{"taxonomy":"product_cat","embeddable":true,"href":"https:\/\/legitgrams.com\/es\/wp-json\/wp\/v2\/product_cat?post=3965"},{"taxonomy":"product_tag","embeddable":true,"href":"https:\/\/legitgrams.com\/es\/wp-json\/wp\/v2\/product_tag?post=3965"}],"curies":[{"name":"wp","href":"https:\/\/api.w.org\/{rel}","templated":true}]}}