{"id":3971,"date":"2024-09-21T06:01:14","date_gmt":"2024-09-21T06:01:14","guid":{"rendered":"https:\/\/legitgrams.com\/?post_type=product&#038;p=3971"},"modified":"2025-12-14T07:46:44","modified_gmt":"2025-12-14T07:46:44","slug":"fentanilo-en-polvo","status":"publish","type":"product","link":"https:\/\/legitgrams.com\/es\/producto\/fentanilo-en-polvo\/","title":{"rendered":"Fentanilo en polvo"},"content":{"rendered":"<h2>En venta: polvo de fentanilo<\/h2>\n<p><a href=\"https:\/\/legitgrams.com\/es\/producto\/fentanilo-en-polvo\/\">Fentanilo<\/a> El fentanilo es un f\u00e1rmaco que pertenece a la clase de los prof\u00e1rmacos opioides. Este polvo se utiliza para curar diversas dolencias. Se presenta en forma de p\u00edldora y polvo. El fentanilo en polvo es el nombre del medicamento que se utiliza para aliviar el dolor. <a href=\"https:\/\/legitgrams.com\/es\/\">LegitGrams<\/a><\/p>\n<p>El fentanilo tambi\u00e9n se utiliza para reducir o erradicar por completo el dolor cr\u00f3nico. Se comercializ\u00f3 como medicamento cuando se cre\u00f3 por primera vez en la d\u00e9cada de 1960. Despu\u00e9s de eso, se utiliz\u00f3 para tareas dom\u00e9sticas. Adem\u00e1s de como medicamento, tambi\u00e9n se ha utilizado como medicamento en ocasiones en los \u00faltimos a\u00f1os.<\/p>\n<p>La morfina, el prof\u00e1rmaco m\u00e1s conocido, suele compararse con el fentanilo en polvo. Este f\u00e1rmaco, creado y utilizado en el \u00e1mbito m\u00e9dico, tiene un gran potencial.<\/p>\n<p>El fentanilo en polvo es casi 50 a 100 veces m\u00e1s potente que la morfina. Esta es la raz\u00f3n principal de su amplio uso y popularidad.<\/p>\n<p>El polvo de fentanilo act\u00faa directamente sobre el cerebro, modificando la forma en que percibe el dolor. Alivia total o parcialmente el dolor del cuerpo, dependiendo de su intensidad. Se utiliza ampliamente para tratar todo tipo de dolor, desde agudo hasta cr\u00f3nico, debido a su excepcional eficacia.<\/p>\n<p>Muchos m\u00e9dicos han incorporado esta pol\u00edtica pro-f\u00e1rmaco en sus pr\u00e1cticas debido a estas ventajas. Este prof\u00e1rmaco se encuentra en varios medicamentos que se toman durante la cirug\u00eda para reducir las molestias.<\/p>\n<p>El polvo de fentanilo es popular no solo entre los m\u00e9dicos, sino tambi\u00e9n entre los clientes de clubes de baile y establecimientos. Cuando las personas consumen esta prodroga para relajarse porque est\u00e1n cansadas de sus ocupaciones y quieren disfrutar de la vida.<\/p>\n<p>Algunos de los ingredientes de este prof\u00e1rmaco tambi\u00e9n ayudan a promover un sue\u00f1o reparador. Como resultado, se ha vuelto muy popular entre quienes padecen afecciones como la depresi\u00f3n.<\/p>\n<p>El polvo de fentanilo se puede conseguir f\u00e1cilmente en Internet. A trav\u00e9s de nuestra tienda online, este prof\u00e1rmaco se ofrece en forma de comprimidos y polvo. Nuestra empresa tambi\u00e9n ofrece entrega r\u00e1pida de la mercanc\u00eda a su domicilio.<\/p>\n<p>Comprar en polvo <a href=\"https:\/\/en.wikipedia.org\/wiki\/Fentanyl\">Fentanilo<\/a> En l\u00ednea: comprar polvo, comprar fentanilo en l\u00ednea, d\u00f3nde comprar polvo de fentanilo, polvo a la venta, polvo en l\u00ednea, d\u00f3nde comprar polvo de fentanilo en l\u00ednea, d\u00f3nde comprar polvo en EE. UU., Canad\u00e1 y el Reino Unido, d\u00f3nde comprar polvo en l\u00ednea, d\u00f3nde encontrar proveedores, entrega segura, el polvo de fentanilo todav\u00eda est\u00e1 disponible. \u00bfLo es? \u00bfC\u00f3mo puedo hacer un pedido de polvo de fentanilo? \u00bfEs legal en Canad\u00e1 y es legal comprarlo en l\u00ednea en EE. UU.?<\/p>","protected":false},"excerpt":{"rendered":"<p>For sale: fentanyl powder Fentanyl is a member of the opioid class of pro-drugs. This powder is used to cure a variety of ailments. It comes in pill and powder form. Fentanyl powder is the name of the medication used to alleviate pain. LegitGrams Fentanyl is also used to reduce or completely eradicate chronic pain. &hellip;<\/p>\n<p class=\"read-more\"> <a class=\"\" href=\"https:\/\/legitgrams.com\/es\/producto\/fentanilo-en-polvo\/\"> <span class=\"screen-reader-text\">Fentanilo en polvo<\/span> Leer m\u00e1s \"<\/a><\/p>","protected":false},"featured_media":5276,"comment_status":"open","ping_status":"closed","template":"","meta":{"_uag_custom_page_level_css":"","site-sidebar-layout":"default","site-content-layout":"default","ast-global-header-display":"","ast-main-header-display":"","ast-hfb-above-header-display":"","ast-hfb-below-header-display":"","ast-hfb-mobile-header-display":"","site-post-title":"","ast-breadcrumbs-content":"","ast-featured-img":"","footer-sml-layout":"","theme-transparent-header-meta":"default","adv-header-id-meta":"","stick-header-meta":"default","header-above-stick-meta":"","header-main-stick-meta":"","header-below-stick-meta":"","_joinchat":[]},"product_brand":[],"product_cat":[600],"product_tag":[3291,3281,617,3273,3288,3272,3276,3275,3283,3274,3284,3286,3293,3294,3292,3289,3285,3280,3278,3290,3287,625,3279,3282,3277],"class_list":{"0":"post-3971","1":"product","2":"type-product","3":"status-publish","4":"has-post-thumbnail","6":"product_cat-research-chemicals-and-bath-salt","7":"product_tag-best-cheap-price-fentanyl-powder","8":"product_tag-best-place-to-buy-fentanyl-powder","9":"product_tag-bulk-online","10":"product_tag-buy-fentanyl-powder","11":"product_tag-cheap-fentanyl-powder","12":"product_tag-fentanyl-powder","13":"product_tag-fentanyl-powder-fentanyl-powder-supplier","14":"product_tag-fentanyl-powder-for-sale","15":"product_tag-fentanyl-powder-legally","16":"product_tag-fentanyl-powder-online","17":"product_tag-fentanyl-powder-price","18":"product_tag-fentanyl-powder-store","19":"product_tag-fentanyl-powder-use","20":"product_tag-fentanyl-powder-wiki","21":"product_tag-fentanyl-powder-worldwide","22":"product_tag-fentanyl-powders","23":"product_tag-high-quality-fentanyl-powder","24":"product_tag-how-to-buy-fentanyl-powder","25":"product_tag-order-fentanyl-powder","26":"product_tag-purcharse-fentanyl-powder","27":"product_tag-shop-fentanyl-powder","28":"product_tag-top-quality","29":"product_tag-where-to-buy-fentanyl-powder","30":"product_tag-where-to-order-fentanyl-powder","31":"product_tag-wholesale-fentanyl-powder","32":"desktop-align-left","33":"tablet-align-left","34":"mobile-align-left","35":"ast-product-gallery-layout-horizontal","36":"ast-product-gallery-with-no-image","37":"ast-product-single-variable","38":"ast-product-tabs-layout-horizontal","39":"ast-qv-on-image","41":"first","42":"instock","43":"featured","44":"shipping-taxable","45":"purchasable","46":"product-type-variable"},"yoast_head":"<!-- This site is optimized with the Yoast SEO plugin v25.9 - https:\/\/yoast.com\/wordpress\/plugins\/seo\/ -->\n<title>Fentanyl Powder for Sale - Order Fentanyl Powder Online<\/title>\n<meta name=\"description\" content=\"You can get Fentanyl Powder for sale at the best rates from our online store. We are here to help you buy Fentanyl Powder online. Connect with best store in town today!\" \/>\n<meta name=\"robots\" content=\"index, follow, max-snippet:-1, max-image-preview:large, max-video-preview:-1\" \/>\n<link rel=\"canonical\" href=\"https:\/\/legitgrams.com\/es\/producto\/fentanilo-en-polvo\/\" \/>\n<meta property=\"og:locale\" content=\"es_ES\" \/>\n<meta property=\"og:type\" content=\"article\" \/>\n<meta property=\"og:title\" content=\"Fentanyl Powder for Sale - Order Fentanyl Powder Online\" \/>\n<meta property=\"og:description\" content=\"You can get Fentanyl Powder for sale at the best rates from our online store. We are here to help you buy Fentanyl Powder online. Connect with best store in town today!\" \/>\n<meta property=\"og:url\" content=\"https:\/\/legitgrams.com\/es\/producto\/fentanilo-en-polvo\/\" \/>\n<meta property=\"og:site_name\" content=\"Legit Grams\" \/>\n<meta property=\"article:modified_time\" content=\"2025-12-14T07:46:44+00:00\" \/>\n<meta property=\"og:image\" content=\"https:\/\/legitgrams.com\/wp-content\/uploads\/2024\/09\/buy-fentanyl-powder-online.jpg\" \/>\n\t<meta property=\"og:image:width\" content=\"600\" \/>\n\t<meta property=\"og:image:height\" content=\"600\" \/>\n\t<meta property=\"og:image:type\" content=\"image\/jpeg\" \/>\n<meta name=\"twitter:card\" content=\"summary_large_image\" \/>\n<meta name=\"twitter:label1\" content=\"Tiempo de lectura\" \/>\n\t<meta name=\"twitter:data1\" content=\"2 minutos\" \/>\n<script type=\"application\/ld+json\" class=\"yoast-schema-graph\">{\"@context\":\"https:\/\/schema.org\",\"@graph\":[{\"@type\":\"WebPage\",\"@id\":\"https:\/\/legitgrams.com\/product\/fentanyl-powder\/\",\"url\":\"https:\/\/legitgrams.com\/product\/fentanyl-powder\/\",\"name\":\"Fentanyl Powder for Sale - Order Fentanyl Powder Online\",\"isPartOf\":{\"@id\":\"https:\/\/legitgrams.com\/#website\"},\"primaryImageOfPage\":{\"@id\":\"https:\/\/legitgrams.com\/product\/fentanyl-powder\/#primaryimage\"},\"image\":{\"@id\":\"https:\/\/legitgrams.com\/product\/fentanyl-powder\/#primaryimage\"},\"thumbnailUrl\":\"https:\/\/legitgrams.com\/wp-content\/uploads\/2024\/09\/buy-fentanyl-powder-online.jpg\",\"datePublished\":\"2024-09-21T06:01:14+00:00\",\"dateModified\":\"2025-12-14T07:46:44+00:00\",\"description\":\"You can get Fentanyl Powder for sale at the best rates from our online store. We are here to help you buy Fentanyl Powder online. Connect with best store in town today!\",\"breadcrumb\":{\"@id\":\"https:\/\/legitgrams.com\/product\/fentanyl-powder\/#breadcrumb\"},\"inLanguage\":\"es\",\"potentialAction\":[{\"@type\":\"ReadAction\",\"target\":[\"https:\/\/legitgrams.com\/product\/fentanyl-powder\/\"]}]},{\"@type\":\"ImageObject\",\"inLanguage\":\"es\",\"@id\":\"https:\/\/legitgrams.com\/product\/fentanyl-powder\/#primaryimage\",\"url\":\"https:\/\/legitgrams.com\/wp-content\/uploads\/2024\/09\/buy-fentanyl-powder-online.jpg\",\"contentUrl\":\"https:\/\/legitgrams.com\/wp-content\/uploads\/2024\/09\/buy-fentanyl-powder-online.jpg\",\"width\":600,\"height\":600,\"caption\":\"Fentanyl Powder for sale\"},{\"@type\":\"BreadcrumbList\",\"@id\":\"https:\/\/legitgrams.com\/product\/fentanyl-powder\/#breadcrumb\",\"itemListElement\":[{\"@type\":\"ListItem\",\"position\":1,\"name\":\"Home\",\"item\":\"https:\/\/legitgrams.com\/\"},{\"@type\":\"ListItem\",\"position\":2,\"name\":\"Shop\",\"item\":\"https:\/\/legitgrams.com\/shop\/\"},{\"@type\":\"ListItem\",\"position\":3,\"name\":\"Fentanyl Powder\"}]},{\"@type\":\"WebSite\",\"@id\":\"https:\/\/legitgrams.com\/#website\",\"url\":\"https:\/\/legitgrams.com\/\",\"name\":\"Legit Grams\",\"description\":\"My WordPress Blog\",\"publisher\":{\"@id\":\"https:\/\/legitgrams.com\/#organization\"},\"potentialAction\":[{\"@type\":\"SearchAction\",\"target\":{\"@type\":\"EntryPoint\",\"urlTemplate\":\"https:\/\/legitgrams.com\/?s={search_term_string}\"},\"query-input\":{\"@type\":\"PropertyValueSpecification\",\"valueRequired\":true,\"valueName\":\"search_term_string\"}}],\"inLanguage\":\"es\"},{\"@type\":\"Organization\",\"@id\":\"https:\/\/legitgrams.com\/#organization\",\"name\":\"Legit Grams\",\"url\":\"https:\/\/legitgrams.com\/\",\"logo\":{\"@type\":\"ImageObject\",\"inLanguage\":\"es\",\"@id\":\"https:\/\/legitgrams.com\/#\/schema\/logo\/image\/\",\"url\":\"https:\/\/legitgrams.com\/wp-content\/uploads\/2024\/09\/main-logo.png\",\"contentUrl\":\"https:\/\/legitgrams.com\/wp-content\/uploads\/2024\/09\/main-logo.png\",\"width\":270,\"height\":75,\"caption\":\"Legit Grams\"},\"image\":{\"@id\":\"https:\/\/legitgrams.com\/#\/schema\/logo\/image\/\"}}]}<\/script>\n<!-- \/ Yoast SEO plugin. -->","yoast_head_json":{"title":"Venta de Fentanilo en Polvo - Pedir Fentanilo en Polvo Online","description":"Usted puede obtener Fentanyl en polvo para la venta a los mejores precios de nuestra tienda en l\u00ednea. Estamos aqu\u00ed para ayudarle a comprar Fentanyl en polvo en l\u00ednea. \u00a1Conectar con la mejor tienda de la ciudad hoy!","robots":{"index":"index","follow":"follow","max-snippet":"max-snippet:-1","max-image-preview":"max-image-preview:large","max-video-preview":"max-video-preview:-1"},"canonical":"https:\/\/legitgrams.com\/es\/producto\/fentanilo-en-polvo\/","og_locale":"es_ES","og_type":"article","og_title":"Fentanyl Powder for Sale - Order Fentanyl Powder Online","og_description":"You can get Fentanyl Powder for sale at the best rates from our online store. We are here to help you buy Fentanyl Powder online. Connect with best store in town today!","og_url":"https:\/\/legitgrams.com\/es\/producto\/fentanilo-en-polvo\/","og_site_name":"Legit Grams","article_modified_time":"2025-12-14T07:46:44+00:00","og_image":[{"width":600,"height":600,"url":"https:\/\/legitgrams.com\/wp-content\/uploads\/2024\/09\/buy-fentanyl-powder-online.jpg","type":"image\/jpeg"}],"twitter_card":"summary_large_image","twitter_misc":{"Tiempo de lectura":"2 minutos"},"schema":{"@context":"https:\/\/schema.org","@graph":[{"@type":"WebPage","@id":"https:\/\/legitgrams.com\/product\/fentanyl-powder\/","url":"https:\/\/legitgrams.com\/product\/fentanyl-powder\/","name":"Venta de Fentanilo en Polvo - Pedir Fentanilo en Polvo Online","isPartOf":{"@id":"https:\/\/legitgrams.com\/#website"},"primaryImageOfPage":{"@id":"https:\/\/legitgrams.com\/product\/fentanyl-powder\/#primaryimage"},"image":{"@id":"https:\/\/legitgrams.com\/product\/fentanyl-powder\/#primaryimage"},"thumbnailUrl":"https:\/\/legitgrams.com\/wp-content\/uploads\/2024\/09\/buy-fentanyl-powder-online.jpg","datePublished":"2024-09-21T06:01:14+00:00","dateModified":"2025-12-14T07:46:44+00:00","description":"Usted puede obtener Fentanyl en polvo para la venta a los mejores precios de nuestra tienda en l\u00ednea. Estamos aqu\u00ed para ayudarle a comprar Fentanyl en polvo en l\u00ednea. \u00a1Conectar con la mejor tienda de la ciudad hoy!","breadcrumb":{"@id":"https:\/\/legitgrams.com\/product\/fentanyl-powder\/#breadcrumb"},"inLanguage":"es","potentialAction":[{"@type":"ReadAction","target":["https:\/\/legitgrams.com\/product\/fentanyl-powder\/"]}]},{"@type":"ImageObject","inLanguage":"es","@id":"https:\/\/legitgrams.com\/product\/fentanyl-powder\/#primaryimage","url":"https:\/\/legitgrams.com\/wp-content\/uploads\/2024\/09\/buy-fentanyl-powder-online.jpg","contentUrl":"https:\/\/legitgrams.com\/wp-content\/uploads\/2024\/09\/buy-fentanyl-powder-online.jpg","width":600,"height":600,"caption":"Fentanyl Powder for sale"},{"@type":"BreadcrumbList","@id":"https:\/\/legitgrams.com\/product\/fentanyl-powder\/#breadcrumb","itemListElement":[{"@type":"ListItem","position":1,"name":"Home","item":"https:\/\/legitgrams.com\/"},{"@type":"ListItem","position":2,"name":"Shop","item":"https:\/\/legitgrams.com\/shop\/"},{"@type":"ListItem","position":3,"name":"Fentanyl Powder"}]},{"@type":"WebSite","@id":"https:\/\/legitgrams.com\/#website","url":"https:\/\/legitgrams.com\/","name":"Gramos leg\u00edtimos","description":"Mi blog de WordPress","publisher":{"@id":"https:\/\/legitgrams.com\/#organization"},"potentialAction":[{"@type":"SearchAction","target":{"@type":"EntryPoint","urlTemplate":"https:\/\/legitgrams.com\/?s={search_term_string}"},"query-input":{"@type":"PropertyValueSpecification","valueRequired":true,"valueName":"search_term_string"}}],"inLanguage":"es"},{"@type":"Organization","@id":"https:\/\/legitgrams.com\/#organization","name":"Gramos leg\u00edtimos","url":"https:\/\/legitgrams.com\/","logo":{"@type":"ImageObject","inLanguage":"es","@id":"https:\/\/legitgrams.com\/#\/schema\/logo\/image\/","url":"https:\/\/legitgrams.com\/wp-content\/uploads\/2024\/09\/main-logo.png","contentUrl":"https:\/\/legitgrams.com\/wp-content\/uploads\/2024\/09\/main-logo.png","width":270,"height":75,"caption":"Legit Grams"},"image":{"@id":"https:\/\/legitgrams.com\/#\/schema\/logo\/image\/"}}]}},"uagb_featured_image_src":{"full":["https:\/\/legitgrams.com\/wp-content\/uploads\/2024\/09\/buy-fentanyl-powder-online.jpg",600,600,false],"thumbnail":["https:\/\/legitgrams.com\/wp-content\/uploads\/2024\/09\/buy-fentanyl-powder-online-150x150.jpg",150,150,true],"medium":["https:\/\/legitgrams.com\/wp-content\/uploads\/2024\/09\/buy-fentanyl-powder-online-300x300.jpg",300,300,true],"medium_large":["https:\/\/legitgrams.com\/wp-content\/uploads\/2024\/09\/buy-fentanyl-powder-online.jpg",600,600,false],"large":["https:\/\/legitgrams.com\/wp-content\/uploads\/2024\/09\/buy-fentanyl-powder-online.jpg",600,600,false],"1536x1536":["https:\/\/legitgrams.com\/wp-content\/uploads\/2024\/09\/buy-fentanyl-powder-online.jpg",600,600,false],"2048x2048":["https:\/\/legitgrams.com\/wp-content\/uploads\/2024\/09\/buy-fentanyl-powder-online.jpg",600,600,false],"trp-custom-language-flag":["https:\/\/legitgrams.com\/wp-content\/uploads\/2024\/09\/buy-fentanyl-powder-online-12x12.jpg",12,12,true],"woocommerce_thumbnail":["https:\/\/legitgrams.com\/wp-content\/uploads\/2024\/09\/buy-fentanyl-powder-online-300x300.jpg",300,300,true],"woocommerce_single":["https:\/\/legitgrams.com\/wp-content\/uploads\/2024\/09\/buy-fentanyl-powder-online.jpg",600,600,false],"woocommerce_gallery_thumbnail":["https:\/\/legitgrams.com\/wp-content\/uploads\/2024\/09\/buy-fentanyl-powder-online-100x100.jpg",100,100,true]},"uagb_author_info":{"display_name":"cokeblog18","author_link":"https:\/\/legitgrams.com\/es\/author\/"},"uagb_comment_info":2,"uagb_excerpt":"For sale: fentanyl powder Fentanyl is a member of the opioid class of pro-drugs. This powder is used to cure a variety of ailments. It comes in pill and powder form. Fentanyl powder is the name of the medication used to alleviate pain. LegitGrams Fentanyl is also used to reduce or completely eradicate chronic pain.&hellip;","_links":{"self":[{"href":"https:\/\/legitgrams.com\/es\/wp-json\/wp\/v2\/product\/3971","targetHints":{"allow":["GET"]}}],"collection":[{"href":"https:\/\/legitgrams.com\/es\/wp-json\/wp\/v2\/product"}],"about":[{"href":"https:\/\/legitgrams.com\/es\/wp-json\/wp\/v2\/types\/product"}],"replies":[{"embeddable":true,"href":"https:\/\/legitgrams.com\/es\/wp-json\/wp\/v2\/comments?post=3971"}],"wp:featuredmedia":[{"embeddable":true,"href":"https:\/\/legitgrams.com\/es\/wp-json\/wp\/v2\/media\/5276"}],"wp:attachment":[{"href":"https:\/\/legitgrams.com\/es\/wp-json\/wp\/v2\/media?parent=3971"}],"wp:term":[{"taxonomy":"product_brand","embeddable":true,"href":"https:\/\/legitgrams.com\/es\/wp-json\/wp\/v2\/product_brand?post=3971"},{"taxonomy":"product_cat","embeddable":true,"href":"https:\/\/legitgrams.com\/es\/wp-json\/wp\/v2\/product_cat?post=3971"},{"taxonomy":"product_tag","embeddable":true,"href":"https:\/\/legitgrams.com\/es\/wp-json\/wp\/v2\/product_tag?post=3971"}],"curies":[{"name":"wp","href":"https:\/\/api.w.org\/{rel}","templated":true}]}}