{"id":3984,"date":"2024-09-21T06:47:35","date_gmt":"2024-09-21T06:47:35","guid":{"rendered":"https:\/\/legitgrams.com\/?post_type=product&#038;p=3984"},"modified":"2025-01-11T11:05:04","modified_gmt":"2025-01-11T11:05:04","slug":"4-emc-4-etilmetcatinona-en-polvo","status":"publish","type":"product","link":"https:\/\/legitgrams.com\/es\/producto\/4-emc-4-etilmetcatinona-en-polvo\/","title":{"rendered":"4-EMC 4-etilmetcatinona Polvo"},"content":{"rendered":"<h2>4-EMC 4-Venta de polvo de etilmetcatinona<\/h2>\n<p><a href=\"https:\/\/legitgrams.com\/es\/producto\/4-emc-4-etilmetcatinona-en-polvo\/\">4-MEC<\/a> es un compuesto qu\u00edmico similar a la mefedrona. Debido a su parecido con la mefedrona, se clasifica como una droga estimulante entactog\u00e9nica, que pertenece a la misma clase qu\u00edmica que la anfetamina, la catinona y la fenetilamina. Otras mezclas, como la \u201cNRG-1\u201d, pueden tener ingredientes m\u00e1s ambiguos. Est\u00e1 disponible con el nombre de \u201cNRG-2\u201d, ya sea sola o junto con otras catinonas sustituidas. <a href=\"https:\/\/en.wikipedia.org\/\">LegitGrams<\/a><\/p>\n<p>Encuentra 4-EMC, <a href=\"https:\/\/en.wikipedia.org\/wiki\/4-Ethylmethcathinone\">4-EMC<\/a> 4-Etilmetcatinona en polvo en mi \u00e1rea, c\u00f3mo comprar y c\u00f3mo pagar en l\u00ednea 4-EMC 4- 4-EMC 4-D\u00f3nde comprar etilmetcatinona en polvo en l\u00ednea 4-Etilmetcatinona en polvo (EMC): compra, venta o intercambio En los EE. UU., 4-EMC 4-Etilmetcatinona en polvo 4-EMC 4-Etilmetcatinona en polvo Compre 4-EMC 4-Etilmetcatinona en polvo en l\u00ednea ahora, ubique proveedores, garantice una entrega segura y realice una compra. Estados Unidos, Canad\u00e1, el Reino Unido y otras naciones. La 4-EMC 4-Etilmetcatinona en polvo todav\u00eda est\u00e1 disponible. \u00bfEs legal el 4-EMC 4-Etilmetcatinona en polvo en los EE. UU.? Ordene 4-EMC 4-Etilmetcatinona en polvo en l\u00ednea en los EE. UU. Canad\u00e1 es la ubicaci\u00f3n del polvo de 4-EMC 4-Etilmetcatinona.<\/p>","protected":false},"excerpt":{"rendered":"<p>4-EMC 4-Selling Ethylmethcathinone Powder 4-MEC is a chemical compound that is similar to mephedrone. Because of its resemblance to mephedrone, it is categorized as an entactogenic stimulant drug, which is in the same chemical class as amphetamine, cathinone, and phenethylamine. Other blends, such as &#8220;NRG-1,&#8221; can have more ambiguous ingredients. It is available under the &hellip;<\/p>\n<p class=\"read-more\"> <a class=\"\" href=\"https:\/\/legitgrams.com\/es\/producto\/4-emc-4-etilmetcatinona-en-polvo\/\"> <span class=\"screen-reader-text\">4-EMC 4-etilmetcatinona Polvo<\/span> Leer m\u00e1s \"<\/a><\/p>","protected":false},"featured_media":5258,"comment_status":"open","ping_status":"closed","template":"","meta":{"_uag_custom_page_level_css":"","site-sidebar-layout":"default","site-content-layout":"default","ast-global-header-display":"","ast-main-header-display":"","ast-hfb-above-header-display":"","ast-hfb-below-header-display":"","ast-hfb-mobile-header-display":"","site-post-title":"","ast-breadcrumbs-content":"","ast-featured-img":"","footer-sml-layout":"","theme-transparent-header-meta":"default","adv-header-id-meta":"","stick-header-meta":"default","header-above-stick-meta":"","header-main-stick-meta":"","header-below-stick-meta":"","_joinchat":[]},"product_brand":[],"product_cat":[600],"product_tag":[3180,3184,3183,3191,3182,3192,3194,3201,3202,3200,3197,3199,3189,617,3181,3196,3193,3188,3186,3198,3195,625,3187,3190,3185],"class_list":{"0":"post-3984","1":"product","2":"type-product","3":"status-publish","4":"has-post-thumbnail","6":"product_cat-research-chemicals-and-bath-salt","7":"product_tag-4-emc-4-ethylmethcathinone-powder","8":"product_tag-4-emc-4-ethylmethcathinone-powder-4-emc-4-ethylmethcathinone-powder-supplier","9":"product_tag-4-emc-4-ethylmethcathinone-powder-for-sale","10":"product_tag-4-emc-4-ethylmethcathinone-powder-legally","11":"product_tag-4-emc-4-ethylmethcathinone-powder-online","12":"product_tag-4-emc-4-ethylmethcathinone-powder-price","13":"product_tag-4-emc-4-ethylmethcathinone-powder-store","14":"product_tag-4-emc-4-ethylmethcathinone-powder-use","15":"product_tag-4-emc-4-ethylmethcathinone-powder-wiki","16":"product_tag-4-emc-4-ethylmethcathinone-powder-worldwide","17":"product_tag-4-emc-4-ethylmethcathinone-powders","18":"product_tag-best-cheap-price-4-emc-4-ethylmethcathinone-powder","19":"product_tag-best-place-to-buy-4-emc-4-ethylmethcathinone-powder","20":"product_tag-bulk-online","21":"product_tag-buy-4-emc-4-ethylmethcathinone-powder","22":"product_tag-cheap-4-emc-4-ethylmethcathinone-powder","23":"product_tag-high-quality-4-emc-4-ethylmethcathinone-powder","24":"product_tag-how-to-buy-4-emc-4-ethylmethcathinone-powder","25":"product_tag-order-4-emc-4-ethylmethcathinone-powder","26":"product_tag-purcharse-4-emc-4-ethylmethcathinone-powder","27":"product_tag-shop-4-emc-4-ethylmethcathinone-powder","28":"product_tag-top-quality","29":"product_tag-where-to-buy-4-emc-4-ethylmethcathinone-powder","30":"product_tag-where-to-order-4-emc-4-ethylmethcathinone-powder","31":"product_tag-wholesale-4-emc-4-ethylmethcathinone-powder","32":"desktop-align-left","33":"tablet-align-left","34":"mobile-align-left","35":"ast-product-gallery-layout-horizontal","36":"ast-product-gallery-with-no-image","37":"ast-product-single-variable","38":"ast-product-tabs-layout-horizontal","39":"ast-qv-on-image","41":"first","42":"instock","43":"shipping-taxable","44":"purchasable","45":"product-type-variable"},"yoast_head":"<!-- This site is optimized with the Yoast SEO plugin v25.9 - https:\/\/yoast.com\/wordpress\/plugins\/seo\/ -->\n<title>4-EMC 4-Ethylmethcathinone Powder for Sale - Buy Online Now<\/title>\n<meta name=\"description\" content=\"Are you looking for 4-EMC for sale online? LegitGrams is a leading store where you can buy 4-EMC online at the best price. Order Now with Discreet Shipping!\" \/>\n<meta name=\"robots\" content=\"index, follow, max-snippet:-1, max-image-preview:large, max-video-preview:-1\" \/>\n<link rel=\"canonical\" href=\"https:\/\/legitgrams.com\/es\/producto\/4-emc-4-etilmetcatinona-en-polvo\/\" \/>\n<meta property=\"og:locale\" content=\"es_ES\" \/>\n<meta property=\"og:type\" content=\"article\" \/>\n<meta property=\"og:title\" content=\"4-EMC 4-Ethylmethcathinone Powder for Sale - Buy Online Now\" \/>\n<meta property=\"og:description\" content=\"Are you looking for 4-EMC for sale online? LegitGrams is a leading store where you can buy 4-EMC online at the best price. Order Now with Discreet Shipping!\" \/>\n<meta property=\"og:url\" content=\"https:\/\/legitgrams.com\/es\/producto\/4-emc-4-etilmetcatinona-en-polvo\/\" \/>\n<meta property=\"og:site_name\" content=\"Legit Grams\" \/>\n<meta property=\"article:modified_time\" content=\"2025-01-11T11:05:04+00:00\" \/>\n<meta property=\"og:image\" content=\"https:\/\/legitgrams.com\/wp-content\/uploads\/2024\/09\/Buy-4-EMC-4-Ethylmethcathinone-Powder-Online.jpg\" \/>\n\t<meta property=\"og:image:width\" content=\"600\" \/>\n\t<meta property=\"og:image:height\" content=\"600\" \/>\n\t<meta property=\"og:image:type\" content=\"image\/jpeg\" \/>\n<meta name=\"twitter:card\" content=\"summary_large_image\" \/>\n<meta name=\"twitter:label1\" content=\"Tiempo de lectura\" \/>\n\t<meta name=\"twitter:data1\" content=\"1 minuto\" \/>\n<script type=\"application\/ld+json\" class=\"yoast-schema-graph\">{\"@context\":\"https:\/\/schema.org\",\"@graph\":[{\"@type\":\"WebPage\",\"@id\":\"https:\/\/legitgrams.com\/product\/4-emc-4-ethylmethcathinone-powder\/\",\"url\":\"https:\/\/legitgrams.com\/product\/4-emc-4-ethylmethcathinone-powder\/\",\"name\":\"4-EMC 4-Ethylmethcathinone Powder for Sale - Buy Online Now\",\"isPartOf\":{\"@id\":\"https:\/\/legitgrams.com\/#website\"},\"primaryImageOfPage\":{\"@id\":\"https:\/\/legitgrams.com\/product\/4-emc-4-ethylmethcathinone-powder\/#primaryimage\"},\"image\":{\"@id\":\"https:\/\/legitgrams.com\/product\/4-emc-4-ethylmethcathinone-powder\/#primaryimage\"},\"thumbnailUrl\":\"https:\/\/legitgrams.com\/wp-content\/uploads\/2024\/09\/Buy-4-EMC-4-Ethylmethcathinone-Powder-Online.jpg\",\"datePublished\":\"2024-09-21T06:47:35+00:00\",\"dateModified\":\"2025-01-11T11:05:04+00:00\",\"description\":\"Are you looking for 4-EMC for sale online? LegitGrams is a leading store where you can buy 4-EMC online at the best price. Order Now with Discreet Shipping!\",\"breadcrumb\":{\"@id\":\"https:\/\/legitgrams.com\/product\/4-emc-4-ethylmethcathinone-powder\/#breadcrumb\"},\"inLanguage\":\"es\",\"potentialAction\":[{\"@type\":\"ReadAction\",\"target\":[\"https:\/\/legitgrams.com\/product\/4-emc-4-ethylmethcathinone-powder\/\"]}]},{\"@type\":\"ImageObject\",\"inLanguage\":\"es\",\"@id\":\"https:\/\/legitgrams.com\/product\/4-emc-4-ethylmethcathinone-powder\/#primaryimage\",\"url\":\"https:\/\/legitgrams.com\/wp-content\/uploads\/2024\/09\/Buy-4-EMC-4-Ethylmethcathinone-Powder-Online.jpg\",\"contentUrl\":\"https:\/\/legitgrams.com\/wp-content\/uploads\/2024\/09\/Buy-4-EMC-4-Ethylmethcathinone-Powder-Online.jpg\",\"width\":600,\"height\":600,\"caption\":\"4-EMC 4-Ethylmethcathinone Powder for Sale\"},{\"@type\":\"BreadcrumbList\",\"@id\":\"https:\/\/legitgrams.com\/product\/4-emc-4-ethylmethcathinone-powder\/#breadcrumb\",\"itemListElement\":[{\"@type\":\"ListItem\",\"position\":1,\"name\":\"Home\",\"item\":\"https:\/\/legitgrams.com\/\"},{\"@type\":\"ListItem\",\"position\":2,\"name\":\"Shop\",\"item\":\"https:\/\/legitgrams.com\/shop\/\"},{\"@type\":\"ListItem\",\"position\":3,\"name\":\"4-EMC 4-Ethylmethcathinone Powder\"}]},{\"@type\":\"WebSite\",\"@id\":\"https:\/\/legitgrams.com\/#website\",\"url\":\"https:\/\/legitgrams.com\/\",\"name\":\"Legit Grams\",\"description\":\"My WordPress Blog\",\"publisher\":{\"@id\":\"https:\/\/legitgrams.com\/#organization\"},\"potentialAction\":[{\"@type\":\"SearchAction\",\"target\":{\"@type\":\"EntryPoint\",\"urlTemplate\":\"https:\/\/legitgrams.com\/?s={search_term_string}\"},\"query-input\":{\"@type\":\"PropertyValueSpecification\",\"valueRequired\":true,\"valueName\":\"search_term_string\"}}],\"inLanguage\":\"es\"},{\"@type\":\"Organization\",\"@id\":\"https:\/\/legitgrams.com\/#organization\",\"name\":\"Legit Grams\",\"url\":\"https:\/\/legitgrams.com\/\",\"logo\":{\"@type\":\"ImageObject\",\"inLanguage\":\"es\",\"@id\":\"https:\/\/legitgrams.com\/#\/schema\/logo\/image\/\",\"url\":\"https:\/\/legitgrams.com\/wp-content\/uploads\/2024\/09\/main-logo.png\",\"contentUrl\":\"https:\/\/legitgrams.com\/wp-content\/uploads\/2024\/09\/main-logo.png\",\"width\":270,\"height\":75,\"caption\":\"Legit Grams\"},\"image\":{\"@id\":\"https:\/\/legitgrams.com\/#\/schema\/logo\/image\/\"}}]}<\/script>\n<!-- \/ Yoast SEO plugin. -->","yoast_head_json":{"title":"4-EMC 4-Ethylmethcathinone Powder for Sale - Buy Online Now","description":"\u00bfEst\u00e1 buscando 4-EMC para la venta en l\u00ednea? LegitGrams es una tienda l\u00edder donde se puede comprar 4-EMC en l\u00ednea al mejor precio. \u00a1Haga su pedido ahora con env\u00edo discreto!","robots":{"index":"index","follow":"follow","max-snippet":"max-snippet:-1","max-image-preview":"max-image-preview:large","max-video-preview":"max-video-preview:-1"},"canonical":"https:\/\/legitgrams.com\/es\/producto\/4-emc-4-etilmetcatinona-en-polvo\/","og_locale":"es_ES","og_type":"article","og_title":"4-EMC 4-Ethylmethcathinone Powder for Sale - Buy Online Now","og_description":"Are you looking for 4-EMC for sale online? LegitGrams is a leading store where you can buy 4-EMC online at the best price. Order Now with Discreet Shipping!","og_url":"https:\/\/legitgrams.com\/es\/producto\/4-emc-4-etilmetcatinona-en-polvo\/","og_site_name":"Legit Grams","article_modified_time":"2025-01-11T11:05:04+00:00","og_image":[{"width":600,"height":600,"url":"https:\/\/legitgrams.com\/wp-content\/uploads\/2024\/09\/Buy-4-EMC-4-Ethylmethcathinone-Powder-Online.jpg","type":"image\/jpeg"}],"twitter_card":"summary_large_image","twitter_misc":{"Tiempo de lectura":"1 minuto"},"schema":{"@context":"https:\/\/schema.org","@graph":[{"@type":"WebPage","@id":"https:\/\/legitgrams.com\/product\/4-emc-4-ethylmethcathinone-powder\/","url":"https:\/\/legitgrams.com\/product\/4-emc-4-ethylmethcathinone-powder\/","name":"4-EMC 4-Ethylmethcathinone Powder for Sale - Buy Online Now","isPartOf":{"@id":"https:\/\/legitgrams.com\/#website"},"primaryImageOfPage":{"@id":"https:\/\/legitgrams.com\/product\/4-emc-4-ethylmethcathinone-powder\/#primaryimage"},"image":{"@id":"https:\/\/legitgrams.com\/product\/4-emc-4-ethylmethcathinone-powder\/#primaryimage"},"thumbnailUrl":"https:\/\/legitgrams.com\/wp-content\/uploads\/2024\/09\/Buy-4-EMC-4-Ethylmethcathinone-Powder-Online.jpg","datePublished":"2024-09-21T06:47:35+00:00","dateModified":"2025-01-11T11:05:04+00:00","description":"\u00bfEst\u00e1 buscando 4-EMC para la venta en l\u00ednea? LegitGrams es una tienda l\u00edder donde se puede comprar 4-EMC en l\u00ednea al mejor precio. \u00a1Haga su pedido ahora con env\u00edo discreto!","breadcrumb":{"@id":"https:\/\/legitgrams.com\/product\/4-emc-4-ethylmethcathinone-powder\/#breadcrumb"},"inLanguage":"es","potentialAction":[{"@type":"ReadAction","target":["https:\/\/legitgrams.com\/product\/4-emc-4-ethylmethcathinone-powder\/"]}]},{"@type":"ImageObject","inLanguage":"es","@id":"https:\/\/legitgrams.com\/product\/4-emc-4-ethylmethcathinone-powder\/#primaryimage","url":"https:\/\/legitgrams.com\/wp-content\/uploads\/2024\/09\/Buy-4-EMC-4-Ethylmethcathinone-Powder-Online.jpg","contentUrl":"https:\/\/legitgrams.com\/wp-content\/uploads\/2024\/09\/Buy-4-EMC-4-Ethylmethcathinone-Powder-Online.jpg","width":600,"height":600,"caption":"4-EMC 4-Ethylmethcathinone Powder for Sale"},{"@type":"BreadcrumbList","@id":"https:\/\/legitgrams.com\/product\/4-emc-4-ethylmethcathinone-powder\/#breadcrumb","itemListElement":[{"@type":"ListItem","position":1,"name":"Home","item":"https:\/\/legitgrams.com\/"},{"@type":"ListItem","position":2,"name":"Shop","item":"https:\/\/legitgrams.com\/shop\/"},{"@type":"ListItem","position":3,"name":"4-EMC 4-Ethylmethcathinone Powder"}]},{"@type":"WebSite","@id":"https:\/\/legitgrams.com\/#website","url":"https:\/\/legitgrams.com\/","name":"Gramos leg\u00edtimos","description":"Mi blog de WordPress","publisher":{"@id":"https:\/\/legitgrams.com\/#organization"},"potentialAction":[{"@type":"SearchAction","target":{"@type":"EntryPoint","urlTemplate":"https:\/\/legitgrams.com\/?s={search_term_string}"},"query-input":{"@type":"PropertyValueSpecification","valueRequired":true,"valueName":"search_term_string"}}],"inLanguage":"es"},{"@type":"Organization","@id":"https:\/\/legitgrams.com\/#organization","name":"Gramos leg\u00edtimos","url":"https:\/\/legitgrams.com\/","logo":{"@type":"ImageObject","inLanguage":"es","@id":"https:\/\/legitgrams.com\/#\/schema\/logo\/image\/","url":"https:\/\/legitgrams.com\/wp-content\/uploads\/2024\/09\/main-logo.png","contentUrl":"https:\/\/legitgrams.com\/wp-content\/uploads\/2024\/09\/main-logo.png","width":270,"height":75,"caption":"Legit Grams"},"image":{"@id":"https:\/\/legitgrams.com\/#\/schema\/logo\/image\/"}}]}},"uagb_featured_image_src":{"full":["https:\/\/legitgrams.com\/wp-content\/uploads\/2024\/09\/Buy-4-EMC-4-Ethylmethcathinone-Powder-Online.jpg",600,600,false],"thumbnail":["https:\/\/legitgrams.com\/wp-content\/uploads\/2024\/09\/Buy-4-EMC-4-Ethylmethcathinone-Powder-Online-150x150.jpg",150,150,true],"medium":["https:\/\/legitgrams.com\/wp-content\/uploads\/2024\/09\/Buy-4-EMC-4-Ethylmethcathinone-Powder-Online-300x300.jpg",300,300,true],"medium_large":["https:\/\/legitgrams.com\/wp-content\/uploads\/2024\/09\/Buy-4-EMC-4-Ethylmethcathinone-Powder-Online.jpg",600,600,false],"large":["https:\/\/legitgrams.com\/wp-content\/uploads\/2024\/09\/Buy-4-EMC-4-Ethylmethcathinone-Powder-Online.jpg",600,600,false],"1536x1536":["https:\/\/legitgrams.com\/wp-content\/uploads\/2024\/09\/Buy-4-EMC-4-Ethylmethcathinone-Powder-Online.jpg",600,600,false],"2048x2048":["https:\/\/legitgrams.com\/wp-content\/uploads\/2024\/09\/Buy-4-EMC-4-Ethylmethcathinone-Powder-Online.jpg",600,600,false],"trp-custom-language-flag":["https:\/\/legitgrams.com\/wp-content\/uploads\/2024\/09\/Buy-4-EMC-4-Ethylmethcathinone-Powder-Online-12x12.jpg",12,12,true],"woocommerce_thumbnail":["https:\/\/legitgrams.com\/wp-content\/uploads\/2024\/09\/Buy-4-EMC-4-Ethylmethcathinone-Powder-Online-300x300.jpg",300,300,true],"woocommerce_single":["https:\/\/legitgrams.com\/wp-content\/uploads\/2024\/09\/Buy-4-EMC-4-Ethylmethcathinone-Powder-Online.jpg",600,600,false],"woocommerce_gallery_thumbnail":["https:\/\/legitgrams.com\/wp-content\/uploads\/2024\/09\/Buy-4-EMC-4-Ethylmethcathinone-Powder-Online-100x100.jpg",100,100,true]},"uagb_author_info":{"display_name":"cokeblog18","author_link":"https:\/\/legitgrams.com\/es\/author\/"},"uagb_comment_info":0,"uagb_excerpt":"4-EMC 4-Selling Ethylmethcathinone Powder 4-MEC is a chemical compound that is similar to mephedrone. Because of its resemblance to mephedrone, it is categorized as an entactogenic stimulant drug, which is in the same chemical class as amphetamine, cathinone, and phenethylamine. Other blends, such as &#8220;NRG-1,&#8221; can have more ambiguous ingredients. It is available under the&hellip;","_links":{"self":[{"href":"https:\/\/legitgrams.com\/es\/wp-json\/wp\/v2\/product\/3984","targetHints":{"allow":["GET"]}}],"collection":[{"href":"https:\/\/legitgrams.com\/es\/wp-json\/wp\/v2\/product"}],"about":[{"href":"https:\/\/legitgrams.com\/es\/wp-json\/wp\/v2\/types\/product"}],"replies":[{"embeddable":true,"href":"https:\/\/legitgrams.com\/es\/wp-json\/wp\/v2\/comments?post=3984"}],"wp:featuredmedia":[{"embeddable":true,"href":"https:\/\/legitgrams.com\/es\/wp-json\/wp\/v2\/media\/5258"}],"wp:attachment":[{"href":"https:\/\/legitgrams.com\/es\/wp-json\/wp\/v2\/media?parent=3984"}],"wp:term":[{"taxonomy":"product_brand","embeddable":true,"href":"https:\/\/legitgrams.com\/es\/wp-json\/wp\/v2\/product_brand?post=3984"},{"taxonomy":"product_cat","embeddable":true,"href":"https:\/\/legitgrams.com\/es\/wp-json\/wp\/v2\/product_cat?post=3984"},{"taxonomy":"product_tag","embeddable":true,"href":"https:\/\/legitgrams.com\/es\/wp-json\/wp\/v2\/product_tag?post=3984"}],"curies":[{"name":"wp","href":"https:\/\/api.w.org\/{rel}","templated":true}]}}