{"id":4003,"date":"2024-09-21T07:43:45","date_gmt":"2024-09-21T07:43:45","guid":{"rendered":"https:\/\/legitgrams.com\/?post_type=product&#038;p=4003"},"modified":"2025-01-13T09:14:46","modified_gmt":"2025-01-13T09:14:46","slug":"ald-52-papel-secante-100mcg","status":"publish","type":"product","link":"https:\/\/legitgrams.com\/es\/producto\/ald-52-papel-secante-100mcg\/","title":{"rendered":"ALD-52 Blotters 100mcg"},"content":{"rendered":"<h2>Venta de papel secante ALD-52 de 100 mcg<\/h2>\n<p>La combinaci\u00f3n de m\u00faltiples sustancias de investigaci\u00f3n que se requieren para retrasar la aparici\u00f3n de la ALD-52 y los nombres \u00fanicos de la ALD-52 hacen de la ALD-52 un f\u00e1rmaco \u00fanico. <a href=\"https:\/\/legitgrams.com\/es\/producto\/ald-52-papel-secante-100mcg\/\">Comprar ALD-52 en l\u00ednea<\/a> Para uso medicinal, recreativo y de investigaci\u00f3n. Las atribuciones psicotr\u00f3picas del ALD-52 lo hicieron indiscutible entre el personal de laboratorio y los expertos en la materia. Para sentirse satisfecho, excitado, mantener altos los niveles de energ\u00eda y tener m\u00e1s sexo, muchos consumidores habituales deciden comprar productos accesibles.<\/p>\n<p>Tenga en cuenta que para un proceso de recolecci\u00f3n totalmente regulado, elija ALD-52 elaborado con las mejores t\u00e9cnicas de avance. Los avances en investigaci\u00f3n a lo largo de los a\u00f1os han hecho posible regular el nivel de artesan\u00eda en los laboratorios chinos, que crean todas las sales de ducha ofreciendo las mezclas producidas para la venta.<\/p>\n<p>Como proveedor de primera l\u00ednea, nuestra empresa trabaja directamente con organizaciones chinas de prestigio, lo que permite el intercambio de sales de ducha de la mejor calidad y absoluta perfecci\u00f3n. <a href=\"https:\/\/en.wikipedia.org\/wiki\/ALD-52\">ALD-52<\/a> Se mezcla bajo estricta supervisi\u00f3n y de acuerdo con todos los principios. Seleccione la mejor oferta en el mejor sitio web para comprar materiales dise\u00f1ados para investigaci\u00f3n sopesando cuidadosamente la informaci\u00f3n m\u00e1s actualizada y confiable disponible. Los laboratorios chinos env\u00edan pellets de ALD-52, superficies secantes de ALD-52 y polvos de ALD-52. El transportista ALD-52 puede realizar env\u00edos a cualquier pa\u00eds. Puede estar seguro de que sus pruebas e investigaciones tendr\u00e1n consecuencias de retraso sustanciales si trabaja en estrecha colaboraci\u00f3n con proveedores confiables de ALD-52. <a href=\"https:\/\/legitgrams.com\/es\/\">LegitGrams<\/a><\/p>\n<p>El proveedor ha sido un fabricante confiable de productos qu\u00edmicos de evaluaci\u00f3n durante mucho tiempo. Los clientes han contribuido a la excelente reputaci\u00f3n del sitio en toda la red de Reschems. Ald-52 a la venta, comprar ald-52, comprar ald-52, comprar ald-52 Los proveedores de RC de buena reputaci\u00f3n ofrecen asistencia por chat en vivo las 24 horas del d\u00eda de ejecutivos experimentados que pueden ayudarlo con cualquier circunstancia dif\u00edcil.<\/p>\n<p>Los comentarios positivos de nuestros clientes sobre nuestros productos bien dise\u00f1ados y asequibles se pueden encontrar en los chats en l\u00ednea. Estos consumidores est\u00e1n actualmente satisfechos con los mejores art\u00edculos que han comprado en nuestra tienda en l\u00ednea, as\u00ed como con la ayuda que han recibido.<\/p>\n<p>Comprar secantes ALD-52 en l\u00ednea: Comprar secantes ALD-52 | Comprar secantes ALD-52 | Comprar secantes ALD-52 | D\u00f3nde comprar secantes ALD-52 | Venta de secantes ALD-52 | Venta de secantes | Comprar secantes ALD-52 | Comprar secantes ALD-52 en l\u00ednea | Comprar secantes ALD-52 en EE. UU., Canad\u00e1 y el Reino Unido. Compras en l\u00ednea, proveedores, entrega segura. Los secantes ALD-52 siguen estando disponibles. \u00bfC\u00f3mo puedo hacer un pedido de secantes ALD-52? \u00bfSon legales en Canad\u00e1 y es legal comprarlos en los Estados Unidos?<\/p>","protected":false},"excerpt":{"rendered":"<p>100mcg of ALD-52 Blotters for Sale The combination of multiple research substances that are required to delay ALD-52 history and unique ALD-52 names makes ALD-52 a unique drug. Researchers buy ALD-52 online for use in the medicinal, recreational, and investigative fields. ALD-52 psychotropic attributions made it indisputable among lab staff and subject matter experts. In &hellip;<\/p>\n<p class=\"read-more\"> <a class=\"\" href=\"https:\/\/legitgrams.com\/es\/producto\/ald-52-papel-secante-100mcg\/\"> <span class=\"screen-reader-text\">ALD-52 Blotters 100mcg<\/span> Leer m\u00e1s \"<\/a><\/p>","protected":false},"featured_media":5266,"comment_status":"open","ping_status":"closed","template":"","meta":{"_uag_custom_page_level_css":"","site-sidebar-layout":"default","site-content-layout":"default","ast-global-header-display":"","ast-main-header-display":"","ast-hfb-above-header-display":"","ast-hfb-below-header-display":"","ast-hfb-mobile-header-display":"","site-post-title":"","ast-breadcrumbs-content":"","ast-featured-img":"","footer-sml-layout":"","theme-transparent-header-meta":"default","adv-header-id-meta":"","stick-header-meta":"default","header-above-stick-meta":"","header-main-stick-meta":"","header-below-stick-meta":"","_joinchat":[]},"product_brand":[],"product_cat":[600],"product_tag":[2996,3000,2999,3007,2998,3008,3010,3017,3018,3016,3013,3015,3005,617,2997,3012,3009,3004,3002,3014,3011,625,3003,3006,3001],"class_list":{"0":"post-4003","1":"product","2":"type-product","3":"status-publish","4":"has-post-thumbnail","6":"product_cat-research-chemicals-and-bath-salt","7":"product_tag-ald-52-blotters-100mcg","8":"product_tag-ald-52-blotters-100mcg-ald-52-blotters-100mcg-supplier","9":"product_tag-ald-52-blotters-100mcg-for-sale","10":"product_tag-ald-52-blotters-100mcg-legally","11":"product_tag-ald-52-blotters-100mcg-online","12":"product_tag-ald-52-blotters-100mcg-price","13":"product_tag-ald-52-blotters-100mcg-store","14":"product_tag-ald-52-blotters-100mcg-use","15":"product_tag-ald-52-blotters-100mcg-wiki","16":"product_tag-ald-52-blotters-100mcg-worldwide","17":"product_tag-ald-52-blotters-100mcgs","18":"product_tag-best-cheap-price-ald-52-blotters-100mcg","19":"product_tag-best-place-to-buy-ald-52-blotters-100mcg","20":"product_tag-bulk-online","21":"product_tag-buy-ald-52-blotters-100mcg","22":"product_tag-cheap-ald-52-blotters-100mcg","23":"product_tag-high-quality-ald-52-blotters-100mcg","24":"product_tag-how-to-buy-ald-52-blotters-100mcg","25":"product_tag-order-ald-52-blotters-100mcg","26":"product_tag-purcharse-ald-52-blotters-100mcg","27":"product_tag-shop-ald-52-blotters-100mcg","28":"product_tag-top-quality","29":"product_tag-where-to-buy-ald-52-blotters-100mcg","30":"product_tag-where-to-order-ald-52-blotters-100mcg","31":"product_tag-wholesale-ald-52-blotters-100mcg","32":"desktop-align-left","33":"tablet-align-left","34":"mobile-align-left","35":"ast-product-gallery-layout-horizontal","36":"ast-product-gallery-with-no-image","37":"ast-product-single-variable","38":"ast-product-tabs-layout-horizontal","39":"ast-qv-on-image","41":"first","42":"instock","43":"shipping-taxable","44":"purchasable","45":"product-type-variable"},"yoast_head":"<!-- This site is optimized with the Yoast SEO plugin v25.9 - https:\/\/yoast.com\/wordpress\/plugins\/seo\/ -->\n<title>ALD-52 Blotters 100mcg for Sale - Buy ALD-52 Blotters Online<\/title>\n<meta name=\"description\" content=\"Here is the chance to grab ALD-52 Blotters 100mcg for sale at cheap price. Our online LegitGrams store is selling to buy ALD-52 Blotters 100mcg worldwide. Order ALD-52 Blotters 100mcg Online Today!\" \/>\n<meta name=\"robots\" content=\"index, follow, max-snippet:-1, max-image-preview:large, max-video-preview:-1\" \/>\n<link rel=\"canonical\" href=\"https:\/\/legitgrams.com\/es\/producto\/ald-52-papel-secante-100mcg\/\" \/>\n<meta property=\"og:locale\" content=\"es_ES\" \/>\n<meta property=\"og:type\" content=\"article\" \/>\n<meta property=\"og:title\" content=\"ALD-52 Blotters 100mcg for Sale - Buy ALD-52 Blotters Online\" \/>\n<meta property=\"og:description\" content=\"Here is the chance to grab ALD-52 Blotters 100mcg for sale at cheap price. Our online LegitGrams store is selling to buy ALD-52 Blotters 100mcg worldwide. Order ALD-52 Blotters 100mcg Online Today!\" \/>\n<meta property=\"og:url\" content=\"https:\/\/legitgrams.com\/es\/producto\/ald-52-papel-secante-100mcg\/\" \/>\n<meta property=\"og:site_name\" content=\"Legit Grams\" \/>\n<meta property=\"article:modified_time\" content=\"2025-01-13T09:14:46+00:00\" \/>\n<meta property=\"og:image\" content=\"https:\/\/legitgrams.com\/wp-content\/uploads\/2024\/09\/ald-52-blotters.jpg\" \/>\n\t<meta property=\"og:image:width\" content=\"600\" \/>\n\t<meta property=\"og:image:height\" content=\"600\" \/>\n\t<meta property=\"og:image:type\" content=\"image\/jpeg\" \/>\n<meta name=\"twitter:card\" content=\"summary_large_image\" \/>\n<meta name=\"twitter:label1\" content=\"Tiempo de lectura\" \/>\n\t<meta name=\"twitter:data1\" content=\"2 minutos\" \/>\n<script type=\"application\/ld+json\" class=\"yoast-schema-graph\">{\"@context\":\"https:\/\/schema.org\",\"@graph\":[{\"@type\":\"WebPage\",\"@id\":\"https:\/\/legitgrams.com\/product\/ald-52-blotters-100mcg\/\",\"url\":\"https:\/\/legitgrams.com\/product\/ald-52-blotters-100mcg\/\",\"name\":\"ALD-52 Blotters 100mcg for Sale - Buy ALD-52 Blotters Online\",\"isPartOf\":{\"@id\":\"https:\/\/legitgrams.com\/#website\"},\"primaryImageOfPage\":{\"@id\":\"https:\/\/legitgrams.com\/product\/ald-52-blotters-100mcg\/#primaryimage\"},\"image\":{\"@id\":\"https:\/\/legitgrams.com\/product\/ald-52-blotters-100mcg\/#primaryimage\"},\"thumbnailUrl\":\"https:\/\/legitgrams.com\/wp-content\/uploads\/2024\/09\/ald-52-blotters.jpg\",\"datePublished\":\"2024-09-21T07:43:45+00:00\",\"dateModified\":\"2025-01-13T09:14:46+00:00\",\"description\":\"Here is the chance to grab ALD-52 Blotters 100mcg for sale at cheap price. Our online LegitGrams store is selling to buy ALD-52 Blotters 100mcg worldwide. Order ALD-52 Blotters 100mcg Online Today!\",\"breadcrumb\":{\"@id\":\"https:\/\/legitgrams.com\/product\/ald-52-blotters-100mcg\/#breadcrumb\"},\"inLanguage\":\"es\",\"potentialAction\":[{\"@type\":\"ReadAction\",\"target\":[\"https:\/\/legitgrams.com\/product\/ald-52-blotters-100mcg\/\"]}]},{\"@type\":\"ImageObject\",\"inLanguage\":\"es\",\"@id\":\"https:\/\/legitgrams.com\/product\/ald-52-blotters-100mcg\/#primaryimage\",\"url\":\"https:\/\/legitgrams.com\/wp-content\/uploads\/2024\/09\/ald-52-blotters.jpg\",\"contentUrl\":\"https:\/\/legitgrams.com\/wp-content\/uploads\/2024\/09\/ald-52-blotters.jpg\",\"width\":600,\"height\":600,\"caption\":\"ALD-52 Blotters 100mcg for Sale\"},{\"@type\":\"BreadcrumbList\",\"@id\":\"https:\/\/legitgrams.com\/product\/ald-52-blotters-100mcg\/#breadcrumb\",\"itemListElement\":[{\"@type\":\"ListItem\",\"position\":1,\"name\":\"Home\",\"item\":\"https:\/\/legitgrams.com\/\"},{\"@type\":\"ListItem\",\"position\":2,\"name\":\"Shop\",\"item\":\"https:\/\/legitgrams.com\/shop\/\"},{\"@type\":\"ListItem\",\"position\":3,\"name\":\"ALD-52 Blotters 100mcg\"}]},{\"@type\":\"WebSite\",\"@id\":\"https:\/\/legitgrams.com\/#website\",\"url\":\"https:\/\/legitgrams.com\/\",\"name\":\"Legit Grams\",\"description\":\"My WordPress Blog\",\"publisher\":{\"@id\":\"https:\/\/legitgrams.com\/#organization\"},\"potentialAction\":[{\"@type\":\"SearchAction\",\"target\":{\"@type\":\"EntryPoint\",\"urlTemplate\":\"https:\/\/legitgrams.com\/?s={search_term_string}\"},\"query-input\":{\"@type\":\"PropertyValueSpecification\",\"valueRequired\":true,\"valueName\":\"search_term_string\"}}],\"inLanguage\":\"es\"},{\"@type\":\"Organization\",\"@id\":\"https:\/\/legitgrams.com\/#organization\",\"name\":\"Legit Grams\",\"url\":\"https:\/\/legitgrams.com\/\",\"logo\":{\"@type\":\"ImageObject\",\"inLanguage\":\"es\",\"@id\":\"https:\/\/legitgrams.com\/#\/schema\/logo\/image\/\",\"url\":\"https:\/\/legitgrams.com\/wp-content\/uploads\/2024\/09\/main-logo.png\",\"contentUrl\":\"https:\/\/legitgrams.com\/wp-content\/uploads\/2024\/09\/main-logo.png\",\"width\":270,\"height\":75,\"caption\":\"Legit Grams\"},\"image\":{\"@id\":\"https:\/\/legitgrams.com\/#\/schema\/logo\/image\/\"}}]}<\/script>\n<!-- \/ Yoast SEO plugin. -->","yoast_head_json":{"title":"ALD-52 Blotters 100mcg en venta - Compre ALD-52 Blotters en l\u00ednea","description":"Aqu\u00ed est\u00e1 la oportunidad de agarrar ALD-52 Blotters 100mcg a la venta a precio barato. Nuestra tienda en l\u00ednea LegitGrams est\u00e1 vendiendo a comprar ALD-52 Blotters 100mcg en todo el mundo. \u00a1Orden ALD-52 Blotters 100mcg en l\u00ednea hoy!","robots":{"index":"index","follow":"follow","max-snippet":"max-snippet:-1","max-image-preview":"max-image-preview:large","max-video-preview":"max-video-preview:-1"},"canonical":"https:\/\/legitgrams.com\/es\/producto\/ald-52-papel-secante-100mcg\/","og_locale":"es_ES","og_type":"article","og_title":"ALD-52 Blotters 100mcg for Sale - Buy ALD-52 Blotters Online","og_description":"Here is the chance to grab ALD-52 Blotters 100mcg for sale at cheap price. Our online LegitGrams store is selling to buy ALD-52 Blotters 100mcg worldwide. Order ALD-52 Blotters 100mcg Online Today!","og_url":"https:\/\/legitgrams.com\/es\/producto\/ald-52-papel-secante-100mcg\/","og_site_name":"Legit Grams","article_modified_time":"2025-01-13T09:14:46+00:00","og_image":[{"width":600,"height":600,"url":"https:\/\/legitgrams.com\/wp-content\/uploads\/2024\/09\/ald-52-blotters.jpg","type":"image\/jpeg"}],"twitter_card":"summary_large_image","twitter_misc":{"Tiempo de lectura":"2 minutos"},"schema":{"@context":"https:\/\/schema.org","@graph":[{"@type":"WebPage","@id":"https:\/\/legitgrams.com\/product\/ald-52-blotters-100mcg\/","url":"https:\/\/legitgrams.com\/product\/ald-52-blotters-100mcg\/","name":"ALD-52 Blotters 100mcg en venta - Compre ALD-52 Blotters en l\u00ednea","isPartOf":{"@id":"https:\/\/legitgrams.com\/#website"},"primaryImageOfPage":{"@id":"https:\/\/legitgrams.com\/product\/ald-52-blotters-100mcg\/#primaryimage"},"image":{"@id":"https:\/\/legitgrams.com\/product\/ald-52-blotters-100mcg\/#primaryimage"},"thumbnailUrl":"https:\/\/legitgrams.com\/wp-content\/uploads\/2024\/09\/ald-52-blotters.jpg","datePublished":"2024-09-21T07:43:45+00:00","dateModified":"2025-01-13T09:14:46+00:00","description":"Aqu\u00ed est\u00e1 la oportunidad de agarrar ALD-52 Blotters 100mcg a la venta a precio barato. Nuestra tienda en l\u00ednea LegitGrams est\u00e1 vendiendo a comprar ALD-52 Blotters 100mcg en todo el mundo. \u00a1Orden ALD-52 Blotters 100mcg en l\u00ednea hoy!","breadcrumb":{"@id":"https:\/\/legitgrams.com\/product\/ald-52-blotters-100mcg\/#breadcrumb"},"inLanguage":"es","potentialAction":[{"@type":"ReadAction","target":["https:\/\/legitgrams.com\/product\/ald-52-blotters-100mcg\/"]}]},{"@type":"ImageObject","inLanguage":"es","@id":"https:\/\/legitgrams.com\/product\/ald-52-blotters-100mcg\/#primaryimage","url":"https:\/\/legitgrams.com\/wp-content\/uploads\/2024\/09\/ald-52-blotters.jpg","contentUrl":"https:\/\/legitgrams.com\/wp-content\/uploads\/2024\/09\/ald-52-blotters.jpg","width":600,"height":600,"caption":"ALD-52 Blotters 100mcg for Sale"},{"@type":"BreadcrumbList","@id":"https:\/\/legitgrams.com\/product\/ald-52-blotters-100mcg\/#breadcrumb","itemListElement":[{"@type":"ListItem","position":1,"name":"Home","item":"https:\/\/legitgrams.com\/"},{"@type":"ListItem","position":2,"name":"Shop","item":"https:\/\/legitgrams.com\/shop\/"},{"@type":"ListItem","position":3,"name":"ALD-52 Blotters 100mcg"}]},{"@type":"WebSite","@id":"https:\/\/legitgrams.com\/#website","url":"https:\/\/legitgrams.com\/","name":"Gramos leg\u00edtimos","description":"Mi blog de WordPress","publisher":{"@id":"https:\/\/legitgrams.com\/#organization"},"potentialAction":[{"@type":"SearchAction","target":{"@type":"EntryPoint","urlTemplate":"https:\/\/legitgrams.com\/?s={search_term_string}"},"query-input":{"@type":"PropertyValueSpecification","valueRequired":true,"valueName":"search_term_string"}}],"inLanguage":"es"},{"@type":"Organization","@id":"https:\/\/legitgrams.com\/#organization","name":"Gramos leg\u00edtimos","url":"https:\/\/legitgrams.com\/","logo":{"@type":"ImageObject","inLanguage":"es","@id":"https:\/\/legitgrams.com\/#\/schema\/logo\/image\/","url":"https:\/\/legitgrams.com\/wp-content\/uploads\/2024\/09\/main-logo.png","contentUrl":"https:\/\/legitgrams.com\/wp-content\/uploads\/2024\/09\/main-logo.png","width":270,"height":75,"caption":"Legit Grams"},"image":{"@id":"https:\/\/legitgrams.com\/#\/schema\/logo\/image\/"}}]}},"uagb_featured_image_src":{"full":["https:\/\/legitgrams.com\/wp-content\/uploads\/2024\/09\/ald-52-blotters.jpg",600,600,false],"thumbnail":["https:\/\/legitgrams.com\/wp-content\/uploads\/2024\/09\/ald-52-blotters-150x150.jpg",150,150,true],"medium":["https:\/\/legitgrams.com\/wp-content\/uploads\/2024\/09\/ald-52-blotters-300x300.jpg",300,300,true],"medium_large":["https:\/\/legitgrams.com\/wp-content\/uploads\/2024\/09\/ald-52-blotters.jpg",600,600,false],"large":["https:\/\/legitgrams.com\/wp-content\/uploads\/2024\/09\/ald-52-blotters.jpg",600,600,false],"1536x1536":["https:\/\/legitgrams.com\/wp-content\/uploads\/2024\/09\/ald-52-blotters.jpg",600,600,false],"2048x2048":["https:\/\/legitgrams.com\/wp-content\/uploads\/2024\/09\/ald-52-blotters.jpg",600,600,false],"trp-custom-language-flag":["https:\/\/legitgrams.com\/wp-content\/uploads\/2024\/09\/ald-52-blotters-12x12.jpg",12,12,true],"woocommerce_thumbnail":["https:\/\/legitgrams.com\/wp-content\/uploads\/2024\/09\/ald-52-blotters-300x300.jpg",300,300,true],"woocommerce_single":["https:\/\/legitgrams.com\/wp-content\/uploads\/2024\/09\/ald-52-blotters.jpg",600,600,false],"woocommerce_gallery_thumbnail":["https:\/\/legitgrams.com\/wp-content\/uploads\/2024\/09\/ald-52-blotters-100x100.jpg",100,100,true]},"uagb_author_info":{"display_name":"cokeblog18","author_link":"https:\/\/legitgrams.com\/es\/author\/"},"uagb_comment_info":0,"uagb_excerpt":"100mcg of ALD-52 Blotters for Sale The combination of multiple research substances that are required to delay ALD-52 history and unique ALD-52 names makes ALD-52 a unique drug. Researchers buy ALD-52 online for use in the medicinal, recreational, and investigative fields. ALD-52 psychotropic attributions made it indisputable among lab staff and subject matter experts. In&hellip;","_links":{"self":[{"href":"https:\/\/legitgrams.com\/es\/wp-json\/wp\/v2\/product\/4003","targetHints":{"allow":["GET"]}}],"collection":[{"href":"https:\/\/legitgrams.com\/es\/wp-json\/wp\/v2\/product"}],"about":[{"href":"https:\/\/legitgrams.com\/es\/wp-json\/wp\/v2\/types\/product"}],"replies":[{"embeddable":true,"href":"https:\/\/legitgrams.com\/es\/wp-json\/wp\/v2\/comments?post=4003"}],"wp:featuredmedia":[{"embeddable":true,"href":"https:\/\/legitgrams.com\/es\/wp-json\/wp\/v2\/media\/5266"}],"wp:attachment":[{"href":"https:\/\/legitgrams.com\/es\/wp-json\/wp\/v2\/media?parent=4003"}],"wp:term":[{"taxonomy":"product_brand","embeddable":true,"href":"https:\/\/legitgrams.com\/es\/wp-json\/wp\/v2\/product_brand?post=4003"},{"taxonomy":"product_cat","embeddable":true,"href":"https:\/\/legitgrams.com\/es\/wp-json\/wp\/v2\/product_cat?post=4003"},{"taxonomy":"product_tag","embeddable":true,"href":"https:\/\/legitgrams.com\/es\/wp-json\/wp\/v2\/product_tag?post=4003"}],"curies":[{"name":"wp","href":"https:\/\/api.w.org\/{rel}","templated":true}]}}