{"id":4005,"date":"2024-09-21T07:58:51","date_gmt":"2024-09-21T07:58:51","guid":{"rendered":"https:\/\/legitgrams.com\/?post_type=product&#038;p=4005"},"modified":"2025-04-04T07:07:15","modified_gmt":"2025-04-04T07:07:15","slug":"jarabe-para-la-tos-de-alta-tecnologia","status":"publish","type":"product","link":"https:\/\/legitgrams.com\/es\/producto\/jarabe-para-la-tos-de-alta-tecnologia\/","title":{"rendered":"Compre jarabe para la tos Hi-Tech en l\u00ednea"},"content":{"rendered":"<h2>Compra de jarabe para la tos Hi-Tech en l\u00ednea<\/h2>\n<p>Visite <a href=\"https:\/\/legitgrams.com\/es\/producto\/jarabe-para-la-tos-de-alta-tecnologia\/\">jarabe para la tos de alta tecnolog\u00eda<\/a> En l\u00ednea a un precio muy asequible. Tambi\u00e9n compra coca\u00edna para revender. El GHB es una de las muchas drogas y estimulantes que vendemos.<\/p>\n<p>\u00bfTe gustan los platos sabrosos pero crees que tardan demasiado en empezar? Por su sabor y potencia, <a href=\"https:\/\/www.bing.com\/search?q=ComprejarabeparalatosHi-Techenlnea&amp;qs=n&amp;form=QBRE&amp;sp=-1&amp;lq=0&amp;pq=comprejarabeparalatoshi-techenlnea&amp;sc=6-42&amp;sk=&amp;cvid=D211266AA8FB412788730E234B9969D7&amp;ghsh=0&amp;ghacc=0&amp;ghpl=\">jarabe de THC<\/a> Podr\u00eda convertirse en su nuevo medicamento favorito para el tratamiento del dolor.<\/p>\n<p>Para las personas que buscan usos tanto terap\u00e9uticos como recreativos, el jarabe de cannabis es ideal. Es eficaz, potente y se utiliza con prudencia; normalmente tarda entre 20 y 30 minutos en empezar a hacer efecto. Solo hay que tomar una porci\u00f3n e incluirla en cualquier comida o bebida. Por otro lado, una cantidad moderada es f\u00e1cil de ingerir. \u00a1As\u00ed de simple!<\/p>\n<h2><span style=\"font-size: 16px; font-style: normal; font-weight: 400;\">jarabe para la tos de alta tecnolog\u00eda, jarabe para la tos premium, jarabe para la tos premium a la venta, jarabe para la tos premium en l\u00ednea y jarabe para la tos premium a precios bajos. <a href=\"https:\/\/www.google.com\/search?q=Compre+jarabe+para+la+tos+Hi-Tech+en+lnea&amp;sca_esv=eddefdb7b92e7545&amp;sxsrf=AHTn8zoVvAfjlfOnRLLbH346ipsSUzhExg1743751256666&amp;ei=WIjvZ4S3KMeF0PEP5dmtuQ8&amp;ved=0ahUKEwiEw-vR672MAxXHAjQIHeVsK_cQ4dUDCBA&amp;uact=5&amp;oq=Compre+jarabe+para+la+tos+Hi-Tech+en+lnea&amp;gs_lp=Egxnd3Mtd2l6LXNlcnAiK0NvbXByZSBqYXJhYmUgcGFyYSBsYSB0b3MgSGktVGVjaCBlbiBsw61uZWEyBxAhGKABGAoyBxAhGKABGAoyBxAhGKABGApIrAdQ2gJY2gJwAXgBkAEAmAHSA6AB0gOqAQM0LTG4AQPIAQD4AQL4AQGYAgKgAt4DwgIKEAAYsAMY1gQYR5gDAIgGAZAGCJIHBTEuNC0xoAf6BLIHAzQtMbgH2AM&amp;sclient=gws-wiz-serp\">jarabe de THC<\/a> Es una forma sugerida de aprovechar todos los beneficios de esta planta verdaderamente extraordinaria para quienes no soportan la idea de fumar marihuana o est\u00e1n demasiado enfermos como para siquiera considerarla. La disponibilidad de jarabe de CBD ser\u00eda bienvenida por quienes siguen una terapia cautelosa. Sin embargo, \u00a1ese es tema para otro ensayo! <a href=\"https:\/\/legitgrams.com\/es\/\">LegitGrams<\/a><br \/>\n<\/span><\/h2>\n<h3>Directrices completas para la producci\u00f3n de jarabe de THC<\/h3>\n<p>Si buscas una receta sencilla de jarabe de THC, no busques m\u00e1s. Con solo unos pocos componentes y poco equipo, es posible preparar un jarabe vertible. <a href=\"https:\/\/duckduckgo.com\/?q=Compre+jarabe+para+la+tos+Hi-Tech+en+lnea&amp;t=h_&amp;ia=web\">jarabe de THC<\/a> En casa. El THC puede ser la sustancia m\u00e1s sencilla de producir, ya que es poco probable que se extraiga del material vegetal mediante productos sint\u00e9ticos potencialmente da\u00f1inos.<\/p>\n<p>Lo que necesitar\u00e1s para hacer tu propio jarabe mixto de THC es\u2026<\/p>\n<p>Agua. Aproximadamente 200 ml de alm\u00edbar son suficientes. Normalmente, puedes preparar m\u00e1s despu\u00e9s porque la f\u00f3rmula es muy f\u00e1cil de seguir.<\/p>\n<p>Bien. El tiempo que puedes conservar el jarabe de cannabis en el frigor\u00edfico depende de la cantidad de az\u00facar que utilices. Puedes conservar el jarabe resultante durante unos tres meses si utilizas dos partes de az\u00facar por una de agua. Aunque no se conservar\u00e1 tanto tiempo, tambi\u00e9n se puede preparar un jarabe en proporci\u00f3n 1:1.<\/p>\n<p>Deber\u00eda haber alg\u00fan tipo de producto de THC crudo descarboxilado (floraci\u00f3n, recorte, agitaci\u00f3n, hach\u00eds, aceite, rotura, cera), pero se puede usar cualquier cosa.<\/p>\n<h3>DOSIS DE JARABE DE THC<\/h3>\n<p>Cada persona tiene una cantidad muy diferente de jarabe de THC. Es fundamental tener cuidado y equilibrar la potencia de cualquier producto que contenga THC. Jarabe para la tos de alta tecnolog\u00eda a la venta, jarabe de cannabis de alta tecnolog\u00eda, jarabe para la tos de alta tecnolog\u00eda de bajo costo y jarabe para la tos de alta tecnolog\u00eda en l\u00ednea<\/p>\n<p>Los jarabes caseros de THC mezclados tienen el inconveniente de que a menudo es dif\u00edcil determinar su concentraci\u00f3n. Si esto te preocupa o simplemente no quieres, consulta nuestras mejores opciones del mercado a continuaci\u00f3n para evitar el (peque\u00f1o) esfuerzo de preparar el tuyo propio.<\/p>\n<p>Comprar <a href=\"https:\/\/en.wikipedia.org\/wiki\/High_tech\">Alta tecnolog\u00eda<\/a> Jarabe para la tos en l\u00ednea: comprar jarabe para la tos, comprar Hi-Tech Cough, comprar jarabe para la tos en l\u00ednea, c\u00f3mo comprar jarabe para la tos Hi-Tech, d\u00f3nde comprarlo, c\u00f3mo comprarlo en l\u00ednea, c\u00f3mo comprarlo en EE. UU., Canad\u00e1 y el Reino Unido, c\u00f3mo comprarlo en l\u00ednea, d\u00f3nde comprarlo, proveedores, entrega segura, el jarabe para la tos Hi-Tech todav\u00eda est\u00e1 disponible. \u00bfEstados Unidos permite la compra de jarabe para la tos Hi-Tech? \u00bfCu\u00e1l es el proceso para pedir jarabe para la tos Hi-Tech? En Canad\u00e1, \u00bfes legal?<\/p>","protected":false},"excerpt":{"rendered":"<p>Purchase of Hi-Tech cough syrup Online Get high-tech cough syrup online for a very affordable price. also purchase cocaine to resell. GHB is among the many drugs and stimulants that we sell. Do you like palatables but think they&#8217;re too slow to get going? Because of its flavor and strength, THC syrup might become your &hellip;<\/p>\n<p class=\"read-more\"> <a class=\"\" href=\"https:\/\/legitgrams.com\/es\/producto\/jarabe-para-la-tos-de-alta-tecnologia\/\"> <span class=\"screen-reader-text\">Compre jarabe para la tos Hi-Tech en l\u00ednea<\/span> Leer m\u00e1s \"<\/a><\/p>","protected":false},"featured_media":5344,"comment_status":"open","ping_status":"closed","template":"","meta":{"_uag_custom_page_level_css":"","site-sidebar-layout":"default","site-content-layout":"default","ast-global-header-display":"","ast-main-header-display":"","ast-hfb-above-header-display":"","ast-hfb-below-header-display":"","ast-hfb-mobile-header-display":"","site-post-title":"","ast-breadcrumbs-content":"","ast-featured-img":"","footer-sml-layout":"","theme-transparent-header-meta":"default","adv-header-id-meta":"","stick-header-meta":"default","header-above-stick-meta":"","header-main-stick-meta":"","header-below-stick-meta":"","_joinchat":[]},"product_brand":[],"product_cat":[603],"product_tag":[2969,2959,617,2951,2966,2950,2953,2954,2961,2952,2962,2964,2971,2972,2970,2967,2963,2958,2956,2968,2965,625,2957,2960,2955],"class_list":{"0":"post-4005","1":"product","2":"type-product","3":"status-publish","4":"has-post-thumbnail","6":"product_cat-cough-syrup","7":"product_tag-best-cheap-price-hi-tech-cough-syrup","8":"product_tag-best-place-to-buy-hi-tech-cough-syrup","9":"product_tag-bulk-online","10":"product_tag-buy-hi-tech-cough-syrup","11":"product_tag-cheap-hi-tech-cough-syrup","12":"product_tag-hi-tech-cough-syrup","13":"product_tag-hi-tech-cough-syrup-for-sale","14":"product_tag-hi-tech-cough-syrup-hi-tech-cough-syrup-supplier","15":"product_tag-hi-tech-cough-syrup-legally","16":"product_tag-hi-tech-cough-syrup-online","17":"product_tag-hi-tech-cough-syrup-price","18":"product_tag-hi-tech-cough-syrup-store","19":"product_tag-hi-tech-cough-syrup-use","20":"product_tag-hi-tech-cough-syrup-wiki","21":"product_tag-hi-tech-cough-syrup-worldwide","22":"product_tag-hi-tech-cough-syrups","23":"product_tag-high-quality-hi-tech-cough-syrup","24":"product_tag-how-to-buy-hi-tech-cough-syrup","25":"product_tag-order-hi-tech-cough-syrup","26":"product_tag-purcharse-hi-tech-cough-syrup","27":"product_tag-shop-hi-tech-cough-syrup","28":"product_tag-top-quality","29":"product_tag-where-to-buy-hi-tech-cough-syrup","30":"product_tag-where-to-order-hi-tech-cough-syrup","31":"product_tag-wholesale-hi-tech-cough-syrup","32":"desktop-align-left","33":"tablet-align-left","34":"mobile-align-left","35":"ast-product-gallery-layout-horizontal","36":"ast-product-gallery-with-no-image","37":"ast-product-single-variable","38":"ast-product-tabs-layout-horizontal","39":"ast-qv-on-image","41":"first","42":"instock","43":"shipping-taxable","44":"purchasable","45":"product-type-variable"},"yoast_head":"<!-- This site is optimized with the Yoast SEO plugin v25.9 - https:\/\/yoast.com\/wordpress\/plugins\/seo\/ -->\n<title>Hi-Tech Cough Syrup for Sale - Buy Hi-Tech Cough Syrup Online<\/title>\n<meta name=\"description\" content=\"Buy Hi-Tech Cough Syruponline from our trusted online store for top-quality products. Get Hi-Tech Cough Syrup for sale easily and securely on our platform for ultimate customer satisfaction. Order Now!\" \/>\n<meta name=\"robots\" content=\"index, follow, max-snippet:-1, max-image-preview:large, max-video-preview:-1\" \/>\n<link rel=\"canonical\" href=\"https:\/\/legitgrams.com\/es\/producto\/jarabe-para-la-tos-de-alta-tecnologia\/\" \/>\n<meta property=\"og:locale\" content=\"es_ES\" \/>\n<meta property=\"og:type\" content=\"article\" \/>\n<meta property=\"og:title\" content=\"Hi-Tech Cough Syrup for Sale - Buy Hi-Tech Cough Syrup Online\" \/>\n<meta property=\"og:description\" content=\"Buy Hi-Tech Cough Syruponline from our trusted online store for top-quality products. Get Hi-Tech Cough Syrup for sale easily and securely on our platform for ultimate customer satisfaction. Order Now!\" \/>\n<meta property=\"og:url\" content=\"https:\/\/legitgrams.com\/es\/producto\/jarabe-para-la-tos-de-alta-tecnologia\/\" \/>\n<meta property=\"og:site_name\" content=\"Legit Grams\" \/>\n<meta property=\"article:modified_time\" content=\"2025-04-04T07:07:15+00:00\" \/>\n<meta property=\"og:image\" content=\"https:\/\/legitgrams.com\/wp-content\/uploads\/2024\/09\/buy-hi-tech-cough-syrup-online.jpg\" \/>\n\t<meta property=\"og:image:width\" content=\"600\" \/>\n\t<meta property=\"og:image:height\" content=\"600\" \/>\n\t<meta property=\"og:image:type\" content=\"image\/jpeg\" \/>\n<meta name=\"twitter:card\" content=\"summary_large_image\" \/>\n<meta name=\"twitter:label1\" content=\"Tiempo de lectura\" \/>\n\t<meta name=\"twitter:data1\" content=\"3 minutos\" \/>\n<script type=\"application\/ld+json\" class=\"yoast-schema-graph\">{\"@context\":\"https:\/\/schema.org\",\"@graph\":[{\"@type\":\"WebPage\",\"@id\":\"https:\/\/legitgrams.com\/product\/hi-tech-cough-syrup\/\",\"url\":\"https:\/\/legitgrams.com\/product\/hi-tech-cough-syrup\/\",\"name\":\"Hi-Tech Cough Syrup for Sale - Buy Hi-Tech Cough Syrup Online\",\"isPartOf\":{\"@id\":\"https:\/\/legitgrams.com\/#website\"},\"primaryImageOfPage\":{\"@id\":\"https:\/\/legitgrams.com\/product\/hi-tech-cough-syrup\/#primaryimage\"},\"image\":{\"@id\":\"https:\/\/legitgrams.com\/product\/hi-tech-cough-syrup\/#primaryimage\"},\"thumbnailUrl\":\"https:\/\/legitgrams.com\/wp-content\/uploads\/2024\/09\/buy-hi-tech-cough-syrup-online.jpg\",\"datePublished\":\"2024-09-21T07:58:51+00:00\",\"dateModified\":\"2025-04-04T07:07:15+00:00\",\"description\":\"Buy Hi-Tech Cough Syruponline from our trusted online store for top-quality products. Get Hi-Tech Cough Syrup for sale easily and securely on our platform for ultimate customer satisfaction. Order Now!\",\"breadcrumb\":{\"@id\":\"https:\/\/legitgrams.com\/product\/hi-tech-cough-syrup\/#breadcrumb\"},\"inLanguage\":\"es\",\"potentialAction\":[{\"@type\":\"ReadAction\",\"target\":[\"https:\/\/legitgrams.com\/product\/hi-tech-cough-syrup\/\"]}]},{\"@type\":\"ImageObject\",\"inLanguage\":\"es\",\"@id\":\"https:\/\/legitgrams.com\/product\/hi-tech-cough-syrup\/#primaryimage\",\"url\":\"https:\/\/legitgrams.com\/wp-content\/uploads\/2024\/09\/buy-hi-tech-cough-syrup-online.jpg\",\"contentUrl\":\"https:\/\/legitgrams.com\/wp-content\/uploads\/2024\/09\/buy-hi-tech-cough-syrup-online.jpg\",\"width\":600,\"height\":600,\"caption\":\"Hi-Tech Cough Syrup for Sale\"},{\"@type\":\"BreadcrumbList\",\"@id\":\"https:\/\/legitgrams.com\/product\/hi-tech-cough-syrup\/#breadcrumb\",\"itemListElement\":[{\"@type\":\"ListItem\",\"position\":1,\"name\":\"Home\",\"item\":\"https:\/\/legitgrams.com\/\"},{\"@type\":\"ListItem\",\"position\":2,\"name\":\"Shop\",\"item\":\"https:\/\/legitgrams.com\/shop\/\"},{\"@type\":\"ListItem\",\"position\":3,\"name\":\"Buy Hi-Tech cough syrup Online\"}]},{\"@type\":\"WebSite\",\"@id\":\"https:\/\/legitgrams.com\/#website\",\"url\":\"https:\/\/legitgrams.com\/\",\"name\":\"Legit Grams\",\"description\":\"My WordPress Blog\",\"publisher\":{\"@id\":\"https:\/\/legitgrams.com\/#organization\"},\"potentialAction\":[{\"@type\":\"SearchAction\",\"target\":{\"@type\":\"EntryPoint\",\"urlTemplate\":\"https:\/\/legitgrams.com\/?s={search_term_string}\"},\"query-input\":{\"@type\":\"PropertyValueSpecification\",\"valueRequired\":true,\"valueName\":\"search_term_string\"}}],\"inLanguage\":\"es\"},{\"@type\":\"Organization\",\"@id\":\"https:\/\/legitgrams.com\/#organization\",\"name\":\"Legit Grams\",\"url\":\"https:\/\/legitgrams.com\/\",\"logo\":{\"@type\":\"ImageObject\",\"inLanguage\":\"es\",\"@id\":\"https:\/\/legitgrams.com\/#\/schema\/logo\/image\/\",\"url\":\"https:\/\/legitgrams.com\/wp-content\/uploads\/2024\/09\/main-logo.png\",\"contentUrl\":\"https:\/\/legitgrams.com\/wp-content\/uploads\/2024\/09\/main-logo.png\",\"width\":270,\"height\":75,\"caption\":\"Legit Grams\"},\"image\":{\"@id\":\"https:\/\/legitgrams.com\/#\/schema\/logo\/image\/\"}}]}<\/script>\n<!-- \/ Yoast SEO plugin. -->","yoast_head_json":{"title":"Jarabe para la tos Hi-Tech a la venta: compre jarabe para la tos Hi-Tech en l\u00ednea","description":"Compre Hi-Tech Cough Syruponline en nuestra tienda online de confianza para obtener productos de primera calidad. Obtenga Hi-Tech Cough Syrup a la venta de forma f\u00e1cil y segura en nuestra plataforma para la m\u00e1xima satisfacci\u00f3n del cliente. \u00a1Haga su pedido ahora!","robots":{"index":"index","follow":"follow","max-snippet":"max-snippet:-1","max-image-preview":"max-image-preview:large","max-video-preview":"max-video-preview:-1"},"canonical":"https:\/\/legitgrams.com\/es\/producto\/jarabe-para-la-tos-de-alta-tecnologia\/","og_locale":"es_ES","og_type":"article","og_title":"Hi-Tech Cough Syrup for Sale - Buy Hi-Tech Cough Syrup Online","og_description":"Buy Hi-Tech Cough Syruponline from our trusted online store for top-quality products. Get Hi-Tech Cough Syrup for sale easily and securely on our platform for ultimate customer satisfaction. Order Now!","og_url":"https:\/\/legitgrams.com\/es\/producto\/jarabe-para-la-tos-de-alta-tecnologia\/","og_site_name":"Legit Grams","article_modified_time":"2025-04-04T07:07:15+00:00","og_image":[{"width":600,"height":600,"url":"https:\/\/legitgrams.com\/wp-content\/uploads\/2024\/09\/buy-hi-tech-cough-syrup-online.jpg","type":"image\/jpeg"}],"twitter_card":"summary_large_image","twitter_misc":{"Tiempo de lectura":"3 minutos"},"schema":{"@context":"https:\/\/schema.org","@graph":[{"@type":"WebPage","@id":"https:\/\/legitgrams.com\/product\/hi-tech-cough-syrup\/","url":"https:\/\/legitgrams.com\/product\/hi-tech-cough-syrup\/","name":"Jarabe para la tos Hi-Tech a la venta: compre jarabe para la tos Hi-Tech en l\u00ednea","isPartOf":{"@id":"https:\/\/legitgrams.com\/#website"},"primaryImageOfPage":{"@id":"https:\/\/legitgrams.com\/product\/hi-tech-cough-syrup\/#primaryimage"},"image":{"@id":"https:\/\/legitgrams.com\/product\/hi-tech-cough-syrup\/#primaryimage"},"thumbnailUrl":"https:\/\/legitgrams.com\/wp-content\/uploads\/2024\/09\/buy-hi-tech-cough-syrup-online.jpg","datePublished":"2024-09-21T07:58:51+00:00","dateModified":"2025-04-04T07:07:15+00:00","description":"Compre Hi-Tech Cough Syruponline en nuestra tienda online de confianza para obtener productos de primera calidad. Obtenga Hi-Tech Cough Syrup a la venta de forma f\u00e1cil y segura en nuestra plataforma para la m\u00e1xima satisfacci\u00f3n del cliente. \u00a1Haga su pedido ahora!","breadcrumb":{"@id":"https:\/\/legitgrams.com\/product\/hi-tech-cough-syrup\/#breadcrumb"},"inLanguage":"es","potentialAction":[{"@type":"ReadAction","target":["https:\/\/legitgrams.com\/product\/hi-tech-cough-syrup\/"]}]},{"@type":"ImageObject","inLanguage":"es","@id":"https:\/\/legitgrams.com\/product\/hi-tech-cough-syrup\/#primaryimage","url":"https:\/\/legitgrams.com\/wp-content\/uploads\/2024\/09\/buy-hi-tech-cough-syrup-online.jpg","contentUrl":"https:\/\/legitgrams.com\/wp-content\/uploads\/2024\/09\/buy-hi-tech-cough-syrup-online.jpg","width":600,"height":600,"caption":"Hi-Tech Cough Syrup for Sale"},{"@type":"BreadcrumbList","@id":"https:\/\/legitgrams.com\/product\/hi-tech-cough-syrup\/#breadcrumb","itemListElement":[{"@type":"ListItem","position":1,"name":"Home","item":"https:\/\/legitgrams.com\/"},{"@type":"ListItem","position":2,"name":"Shop","item":"https:\/\/legitgrams.com\/shop\/"},{"@type":"ListItem","position":3,"name":"Buy Hi-Tech cough syrup Online"}]},{"@type":"WebSite","@id":"https:\/\/legitgrams.com\/#website","url":"https:\/\/legitgrams.com\/","name":"Gramos leg\u00edtimos","description":"Mi blog de WordPress","publisher":{"@id":"https:\/\/legitgrams.com\/#organization"},"potentialAction":[{"@type":"SearchAction","target":{"@type":"EntryPoint","urlTemplate":"https:\/\/legitgrams.com\/?s={search_term_string}"},"query-input":{"@type":"PropertyValueSpecification","valueRequired":true,"valueName":"search_term_string"}}],"inLanguage":"es"},{"@type":"Organization","@id":"https:\/\/legitgrams.com\/#organization","name":"Gramos leg\u00edtimos","url":"https:\/\/legitgrams.com\/","logo":{"@type":"ImageObject","inLanguage":"es","@id":"https:\/\/legitgrams.com\/#\/schema\/logo\/image\/","url":"https:\/\/legitgrams.com\/wp-content\/uploads\/2024\/09\/main-logo.png","contentUrl":"https:\/\/legitgrams.com\/wp-content\/uploads\/2024\/09\/main-logo.png","width":270,"height":75,"caption":"Legit Grams"},"image":{"@id":"https:\/\/legitgrams.com\/#\/schema\/logo\/image\/"}}]}},"uagb_featured_image_src":{"full":["https:\/\/legitgrams.com\/wp-content\/uploads\/2024\/09\/buy-hi-tech-cough-syrup-online.jpg",600,600,false],"thumbnail":["https:\/\/legitgrams.com\/wp-content\/uploads\/2024\/09\/buy-hi-tech-cough-syrup-online-150x150.jpg",150,150,true],"medium":["https:\/\/legitgrams.com\/wp-content\/uploads\/2024\/09\/buy-hi-tech-cough-syrup-online-300x300.jpg",300,300,true],"medium_large":["https:\/\/legitgrams.com\/wp-content\/uploads\/2024\/09\/buy-hi-tech-cough-syrup-online.jpg",600,600,false],"large":["https:\/\/legitgrams.com\/wp-content\/uploads\/2024\/09\/buy-hi-tech-cough-syrup-online.jpg",600,600,false],"1536x1536":["https:\/\/legitgrams.com\/wp-content\/uploads\/2024\/09\/buy-hi-tech-cough-syrup-online.jpg",600,600,false],"2048x2048":["https:\/\/legitgrams.com\/wp-content\/uploads\/2024\/09\/buy-hi-tech-cough-syrup-online.jpg",600,600,false],"trp-custom-language-flag":["https:\/\/legitgrams.com\/wp-content\/uploads\/2024\/09\/buy-hi-tech-cough-syrup-online-12x12.jpg",12,12,true],"woocommerce_thumbnail":["https:\/\/legitgrams.com\/wp-content\/uploads\/2024\/09\/buy-hi-tech-cough-syrup-online-300x300.jpg",300,300,true],"woocommerce_single":["https:\/\/legitgrams.com\/wp-content\/uploads\/2024\/09\/buy-hi-tech-cough-syrup-online.jpg",600,600,false],"woocommerce_gallery_thumbnail":["https:\/\/legitgrams.com\/wp-content\/uploads\/2024\/09\/buy-hi-tech-cough-syrup-online-100x100.jpg",100,100,true]},"uagb_author_info":{"display_name":"cokeblog18","author_link":"https:\/\/legitgrams.com\/es\/author\/"},"uagb_comment_info":0,"uagb_excerpt":"Purchase of Hi-Tech cough syrup Online Get high-tech cough syrup online for a very affordable price. also purchase cocaine to resell. GHB is among the many drugs and stimulants that we sell. Do you like palatables but think they&#8217;re too slow to get going? Because of its flavor and strength, THC syrup might become your&hellip;","_links":{"self":[{"href":"https:\/\/legitgrams.com\/es\/wp-json\/wp\/v2\/product\/4005","targetHints":{"allow":["GET"]}}],"collection":[{"href":"https:\/\/legitgrams.com\/es\/wp-json\/wp\/v2\/product"}],"about":[{"href":"https:\/\/legitgrams.com\/es\/wp-json\/wp\/v2\/types\/product"}],"replies":[{"embeddable":true,"href":"https:\/\/legitgrams.com\/es\/wp-json\/wp\/v2\/comments?post=4005"}],"wp:featuredmedia":[{"embeddable":true,"href":"https:\/\/legitgrams.com\/es\/wp-json\/wp\/v2\/media\/5344"}],"wp:attachment":[{"href":"https:\/\/legitgrams.com\/es\/wp-json\/wp\/v2\/media?parent=4005"}],"wp:term":[{"taxonomy":"product_brand","embeddable":true,"href":"https:\/\/legitgrams.com\/es\/wp-json\/wp\/v2\/product_brand?post=4005"},{"taxonomy":"product_cat","embeddable":true,"href":"https:\/\/legitgrams.com\/es\/wp-json\/wp\/v2\/product_cat?post=4005"},{"taxonomy":"product_tag","embeddable":true,"href":"https:\/\/legitgrams.com\/es\/wp-json\/wp\/v2\/product_tag?post=4005"}],"curies":[{"name":"wp","href":"https:\/\/api.w.org\/{rel}","templated":true}]}}