{"id":4008,"date":"2024-09-21T08:15:24","date_gmt":"2024-09-21T08:15:24","guid":{"rendered":"https:\/\/legitgrams.com\/?post_type=product&#038;p=4008"},"modified":"2025-01-15T05:30:18","modified_gmt":"2025-01-15T05:30:18","slug":"rexcof-jarabe-para-la-tos","status":"publish","type":"product","link":"https:\/\/legitgrams.com\/es\/producto\/rexcof-jarabe-para-la-tos\/","title":{"rendered":"Jarabe para la tos Rexcof"},"content":{"rendered":"<h2>Comprar jarabe para la tos Rexcof en l\u00ednea<\/h2>\n<p>Comprar C<a href=\"https:\/\/en.wikipedia.org\/wiki\/Cough\">oug<\/a>Jarabe Rexcof. Tambi\u00e9n vendemos actavis. Comprar coca\u00edna por internet.<\/p>\n<h3>Cu\u00e1nto jarabe Rexcof Dx debe tomarse<\/h3>\n<p>Esta es la dosis est\u00e1ndar que se aconseja en la mayor\u00eda de los casos terap\u00e9uticos. Dado que cada paciente y cada situaci\u00f3n son \u00fanicos, la dosis puede variar en funci\u00f3n de la enfermedad, la edad del paciente, el modo de administraci\u00f3n y su historial m\u00e9dico.<\/p>\n<p><a href=\"https:\/\/legitgrams.com\/es\/producto\/rexcof-jarabe-para-la-tos\/\">Jarabe para la tos Rexcof<\/a> trata la tos seca combinando dos medicamentos: code\u00edna y maleato de clorfeniramina. Un agente que reduce las alergias es el maleato de clorfeniramina. Inhibe la funci\u00f3n de la histamina, un mensajero qu\u00edmico que desencadena la tos debida a las alergias. Un antitus\u00edgeno es la code\u00edna.<\/p>\n<p>Comprar jarabe para la tos Rexcof: Comprar Rexcof, comprar online jarabe para la tos Rexcof, \u00bfD\u00f3nde puedo comprar jarabe para la tos Rexcof online? \u00bfD\u00f3nde puedo comprar online jarabe para la tos Rexcof? Jarabe para la tos Rexcof a la venta en EE.UU., Canad\u00e1 y Reino Unido? comprar, online, proveedores, entrega segura, Todav\u00eda hay jarabe para la tos Rexcof disponible. \u00bfPuedo comprar jarabe para la tos Rexcof en l\u00ednea? \u00bfEs legal el jarabe para la tos Rexcof en Estados Unidos? \u00bfEs legal el jarabe para la tos Rexcof en Canad\u00e1? <a href=\"https:\/\/legitgrams.com\/es\/\">LegitGrams<\/a><\/p>\n<p>&nbsp;<\/p>","protected":false},"excerpt":{"rendered":"<p>Purchase Rexcof Cough Syrup Online Buy Cough Syrup Rexcof. We are also selling actavis. Purchase cocaine over the internet. How much Rexcof Dx syrup should be taken This is the standard dosage that is advised in the majority of therapy cases. Because every patient and situation is unique, the dose may change based on the &hellip;<\/p>\n<p class=\"read-more\"> <a class=\"\" href=\"https:\/\/legitgrams.com\/es\/producto\/rexcof-jarabe-para-la-tos\/\"> <span class=\"screen-reader-text\">Jarabe para la tos Rexcof<\/span> Leer m\u00e1s \"<\/a><\/p>","protected":false},"featured_media":5347,"comment_status":"open","ping_status":"closed","template":"","meta":{"_uag_custom_page_level_css":"","site-sidebar-layout":"default","site-content-layout":"default","ast-global-header-display":"","ast-main-header-display":"","ast-hfb-above-header-display":"","ast-hfb-below-header-display":"","ast-hfb-mobile-header-display":"","site-post-title":"","ast-breadcrumbs-content":"","ast-featured-img":"","footer-sml-layout":"","theme-transparent-header-meta":"default","adv-header-id-meta":"","stick-header-meta":"default","header-above-stick-meta":"","header-main-stick-meta":"","header-below-stick-meta":"","_joinchat":[]},"product_brand":[],"product_cat":[603],"product_tag":[2900,2890,617,2882,2897,2894,2889,2887,2899,2881,2884,2892,2883,2893,2885,2895,2902,2903,2901,2898,2896,625,2888,2891,2886],"class_list":{"0":"post-4008","1":"product","2":"type-product","3":"status-publish","4":"has-post-thumbnail","6":"product_cat-cough-syrup","7":"product_tag-best-cheap-price-rexcof-cough-syrup","8":"product_tag-best-place-to-buy-rexcof-cough-syrup","9":"product_tag-bulk-online","10":"product_tag-buy-rexcof-cough-syrup","11":"product_tag-cheap-rexcof-cough-syrup","12":"product_tag-high-quality-rexcof-cough-syrup","13":"product_tag-how-to-buy-rexcof-cough-syrup","14":"product_tag-order-rexcof-cough-syrup","15":"product_tag-purcharse-rexcof-cough-syrup","16":"product_tag-rexcof-cough-syrup","17":"product_tag-rexcof-cough-syrup-for-sale","18":"product_tag-rexcof-cough-syrup-legally","19":"product_tag-rexcof-cough-syrup-online","20":"product_tag-rexcof-cough-syrup-price","21":"product_tag-rexcof-cough-syrup-rexcof-cough-syrup-supplier","22":"product_tag-rexcof-cough-syrup-store","23":"product_tag-rexcof-cough-syrup-use","24":"product_tag-rexcof-cough-syrup-wiki","25":"product_tag-rexcof-cough-syrup-worldwide","26":"product_tag-rexcof-cough-syrups","27":"product_tag-shop-rexcof-cough-syrup","28":"product_tag-top-quality","29":"product_tag-where-to-buy-rexcof-cough-syrup","30":"product_tag-where-to-order-rexcof-cough-syrup","31":"product_tag-wholesale-rexcof-cough-syrup","32":"desktop-align-left","33":"tablet-align-left","34":"mobile-align-left","35":"ast-product-gallery-layout-horizontal","36":"ast-product-gallery-with-no-image","37":"ast-product-single-variable","38":"ast-product-tabs-layout-horizontal","39":"ast-qv-on-image","41":"first","42":"instock","43":"featured","44":"shipping-taxable","45":"purchasable","46":"product-type-variable"},"yoast_head":"<!-- This site is optimized with the Yoast SEO plugin v25.9 - https:\/\/yoast.com\/wordpress\/plugins\/seo\/ -->\n<title>Rexcof Cough Syrup for Sale - Buy Rexcof Cough Syrup Online<\/title>\n<meta name=\"description\" content=\"Looking to further your research? Buy rexcof cough syrup conveniently and securely online, with a straightforward ordering process for rexcof cough syrup for sale. Order Now!\" \/>\n<meta name=\"robots\" content=\"index, follow, max-snippet:-1, max-image-preview:large, max-video-preview:-1\" \/>\n<link rel=\"canonical\" href=\"https:\/\/legitgrams.com\/es\/producto\/rexcof-jarabe-para-la-tos\/\" \/>\n<meta property=\"og:locale\" content=\"es_ES\" \/>\n<meta property=\"og:type\" content=\"article\" \/>\n<meta property=\"og:title\" content=\"Rexcof Cough Syrup for Sale - Buy Rexcof Cough Syrup Online\" \/>\n<meta property=\"og:description\" content=\"Looking to further your research? Buy rexcof cough syrup conveniently and securely online, with a straightforward ordering process for rexcof cough syrup for sale. Order Now!\" \/>\n<meta property=\"og:url\" content=\"https:\/\/legitgrams.com\/es\/producto\/rexcof-jarabe-para-la-tos\/\" \/>\n<meta property=\"og:site_name\" content=\"Legit Grams\" \/>\n<meta property=\"article:modified_time\" content=\"2025-01-15T05:30:18+00:00\" \/>\n<meta property=\"og:image\" content=\"https:\/\/legitgrams.com\/wp-content\/uploads\/2024\/09\/buy-rexcof-cough-syrup.jpg\" \/>\n\t<meta property=\"og:image:width\" content=\"600\" \/>\n\t<meta property=\"og:image:height\" content=\"600\" \/>\n\t<meta property=\"og:image:type\" content=\"image\/jpeg\" \/>\n<meta name=\"twitter:card\" content=\"summary_large_image\" \/>\n<meta name=\"twitter:label1\" content=\"Tiempo de lectura\" \/>\n\t<meta name=\"twitter:data1\" content=\"2 minutos\" \/>\n<script type=\"application\/ld+json\" class=\"yoast-schema-graph\">{\"@context\":\"https:\/\/schema.org\",\"@graph\":[{\"@type\":\"WebPage\",\"@id\":\"https:\/\/legitgrams.com\/product\/rexcof-cough-syrup\/\",\"url\":\"https:\/\/legitgrams.com\/product\/rexcof-cough-syrup\/\",\"name\":\"Rexcof Cough Syrup for Sale - Buy Rexcof Cough Syrup Online\",\"isPartOf\":{\"@id\":\"https:\/\/legitgrams.com\/#website\"},\"primaryImageOfPage\":{\"@id\":\"https:\/\/legitgrams.com\/product\/rexcof-cough-syrup\/#primaryimage\"},\"image\":{\"@id\":\"https:\/\/legitgrams.com\/product\/rexcof-cough-syrup\/#primaryimage\"},\"thumbnailUrl\":\"https:\/\/legitgrams.com\/wp-content\/uploads\/2024\/09\/buy-rexcof-cough-syrup.jpg\",\"datePublished\":\"2024-09-21T08:15:24+00:00\",\"dateModified\":\"2025-01-15T05:30:18+00:00\",\"description\":\"Looking to further your research? Buy rexcof cough syrup conveniently and securely online, with a straightforward ordering process for rexcof cough syrup for sale. Order Now!\",\"breadcrumb\":{\"@id\":\"https:\/\/legitgrams.com\/product\/rexcof-cough-syrup\/#breadcrumb\"},\"inLanguage\":\"es\",\"potentialAction\":[{\"@type\":\"ReadAction\",\"target\":[\"https:\/\/legitgrams.com\/product\/rexcof-cough-syrup\/\"]}]},{\"@type\":\"ImageObject\",\"inLanguage\":\"es\",\"@id\":\"https:\/\/legitgrams.com\/product\/rexcof-cough-syrup\/#primaryimage\",\"url\":\"https:\/\/legitgrams.com\/wp-content\/uploads\/2024\/09\/buy-rexcof-cough-syrup.jpg\",\"contentUrl\":\"https:\/\/legitgrams.com\/wp-content\/uploads\/2024\/09\/buy-rexcof-cough-syrup.jpg\",\"width\":600,\"height\":600,\"caption\":\"Rexcof Cough Syrup for Sale\"},{\"@type\":\"BreadcrumbList\",\"@id\":\"https:\/\/legitgrams.com\/product\/rexcof-cough-syrup\/#breadcrumb\",\"itemListElement\":[{\"@type\":\"ListItem\",\"position\":1,\"name\":\"Home\",\"item\":\"https:\/\/legitgrams.com\/\"},{\"@type\":\"ListItem\",\"position\":2,\"name\":\"Shop\",\"item\":\"https:\/\/legitgrams.com\/shop\/\"},{\"@type\":\"ListItem\",\"position\":3,\"name\":\"Rexcof Cough Syrup\"}]},{\"@type\":\"WebSite\",\"@id\":\"https:\/\/legitgrams.com\/#website\",\"url\":\"https:\/\/legitgrams.com\/\",\"name\":\"Legit Grams\",\"description\":\"My WordPress Blog\",\"publisher\":{\"@id\":\"https:\/\/legitgrams.com\/#organization\"},\"potentialAction\":[{\"@type\":\"SearchAction\",\"target\":{\"@type\":\"EntryPoint\",\"urlTemplate\":\"https:\/\/legitgrams.com\/?s={search_term_string}\"},\"query-input\":{\"@type\":\"PropertyValueSpecification\",\"valueRequired\":true,\"valueName\":\"search_term_string\"}}],\"inLanguage\":\"es\"},{\"@type\":\"Organization\",\"@id\":\"https:\/\/legitgrams.com\/#organization\",\"name\":\"Legit Grams\",\"url\":\"https:\/\/legitgrams.com\/\",\"logo\":{\"@type\":\"ImageObject\",\"inLanguage\":\"es\",\"@id\":\"https:\/\/legitgrams.com\/#\/schema\/logo\/image\/\",\"url\":\"https:\/\/legitgrams.com\/wp-content\/uploads\/2024\/09\/main-logo.png\",\"contentUrl\":\"https:\/\/legitgrams.com\/wp-content\/uploads\/2024\/09\/main-logo.png\",\"width\":270,\"height\":75,\"caption\":\"Legit Grams\"},\"image\":{\"@id\":\"https:\/\/legitgrams.com\/#\/schema\/logo\/image\/\"}}]}<\/script>\n<!-- \/ Yoast SEO plugin. -->","yoast_head_json":{"title":"Venta de jarabe para la tos Rexcof - Comprar jarabe para la tos Rexcof en l\u00ednea","description":"\u00bfQuiere seguir investigando? Compre jarabe para la tos rexcof en l\u00ednea de forma c\u00f3moda y segura, con un sencillo proceso de pedido de jarabe para la tos rexcof en venta. \u00a1Haga su pedido ahora!","robots":{"index":"index","follow":"follow","max-snippet":"max-snippet:-1","max-image-preview":"max-image-preview:large","max-video-preview":"max-video-preview:-1"},"canonical":"https:\/\/legitgrams.com\/es\/producto\/rexcof-jarabe-para-la-tos\/","og_locale":"es_ES","og_type":"article","og_title":"Rexcof Cough Syrup for Sale - Buy Rexcof Cough Syrup Online","og_description":"Looking to further your research? Buy rexcof cough syrup conveniently and securely online, with a straightforward ordering process for rexcof cough syrup for sale. Order Now!","og_url":"https:\/\/legitgrams.com\/es\/producto\/rexcof-jarabe-para-la-tos\/","og_site_name":"Legit Grams","article_modified_time":"2025-01-15T05:30:18+00:00","og_image":[{"width":600,"height":600,"url":"https:\/\/legitgrams.com\/wp-content\/uploads\/2024\/09\/buy-rexcof-cough-syrup.jpg","type":"image\/jpeg"}],"twitter_card":"summary_large_image","twitter_misc":{"Tiempo de lectura":"2 minutos"},"schema":{"@context":"https:\/\/schema.org","@graph":[{"@type":"WebPage","@id":"https:\/\/legitgrams.com\/product\/rexcof-cough-syrup\/","url":"https:\/\/legitgrams.com\/product\/rexcof-cough-syrup\/","name":"Venta de jarabe para la tos Rexcof - Comprar jarabe para la tos Rexcof en l\u00ednea","isPartOf":{"@id":"https:\/\/legitgrams.com\/#website"},"primaryImageOfPage":{"@id":"https:\/\/legitgrams.com\/product\/rexcof-cough-syrup\/#primaryimage"},"image":{"@id":"https:\/\/legitgrams.com\/product\/rexcof-cough-syrup\/#primaryimage"},"thumbnailUrl":"https:\/\/legitgrams.com\/wp-content\/uploads\/2024\/09\/buy-rexcof-cough-syrup.jpg","datePublished":"2024-09-21T08:15:24+00:00","dateModified":"2025-01-15T05:30:18+00:00","description":"\u00bfQuiere seguir investigando? Compre jarabe para la tos rexcof en l\u00ednea de forma c\u00f3moda y segura, con un sencillo proceso de pedido de jarabe para la tos rexcof en venta. \u00a1Haga su pedido ahora!","breadcrumb":{"@id":"https:\/\/legitgrams.com\/product\/rexcof-cough-syrup\/#breadcrumb"},"inLanguage":"es","potentialAction":[{"@type":"ReadAction","target":["https:\/\/legitgrams.com\/product\/rexcof-cough-syrup\/"]}]},{"@type":"ImageObject","inLanguage":"es","@id":"https:\/\/legitgrams.com\/product\/rexcof-cough-syrup\/#primaryimage","url":"https:\/\/legitgrams.com\/wp-content\/uploads\/2024\/09\/buy-rexcof-cough-syrup.jpg","contentUrl":"https:\/\/legitgrams.com\/wp-content\/uploads\/2024\/09\/buy-rexcof-cough-syrup.jpg","width":600,"height":600,"caption":"Rexcof Cough Syrup for Sale"},{"@type":"BreadcrumbList","@id":"https:\/\/legitgrams.com\/product\/rexcof-cough-syrup\/#breadcrumb","itemListElement":[{"@type":"ListItem","position":1,"name":"Home","item":"https:\/\/legitgrams.com\/"},{"@type":"ListItem","position":2,"name":"Shop","item":"https:\/\/legitgrams.com\/shop\/"},{"@type":"ListItem","position":3,"name":"Rexcof Cough Syrup"}]},{"@type":"WebSite","@id":"https:\/\/legitgrams.com\/#website","url":"https:\/\/legitgrams.com\/","name":"Gramos leg\u00edtimos","description":"Mi blog de WordPress","publisher":{"@id":"https:\/\/legitgrams.com\/#organization"},"potentialAction":[{"@type":"SearchAction","target":{"@type":"EntryPoint","urlTemplate":"https:\/\/legitgrams.com\/?s={search_term_string}"},"query-input":{"@type":"PropertyValueSpecification","valueRequired":true,"valueName":"search_term_string"}}],"inLanguage":"es"},{"@type":"Organization","@id":"https:\/\/legitgrams.com\/#organization","name":"Gramos leg\u00edtimos","url":"https:\/\/legitgrams.com\/","logo":{"@type":"ImageObject","inLanguage":"es","@id":"https:\/\/legitgrams.com\/#\/schema\/logo\/image\/","url":"https:\/\/legitgrams.com\/wp-content\/uploads\/2024\/09\/main-logo.png","contentUrl":"https:\/\/legitgrams.com\/wp-content\/uploads\/2024\/09\/main-logo.png","width":270,"height":75,"caption":"Legit Grams"},"image":{"@id":"https:\/\/legitgrams.com\/#\/schema\/logo\/image\/"}}]}},"uagb_featured_image_src":{"full":["https:\/\/legitgrams.com\/wp-content\/uploads\/2024\/09\/buy-rexcof-cough-syrup.jpg",600,600,false],"thumbnail":["https:\/\/legitgrams.com\/wp-content\/uploads\/2024\/09\/buy-rexcof-cough-syrup-150x150.jpg",150,150,true],"medium":["https:\/\/legitgrams.com\/wp-content\/uploads\/2024\/09\/buy-rexcof-cough-syrup-300x300.jpg",300,300,true],"medium_large":["https:\/\/legitgrams.com\/wp-content\/uploads\/2024\/09\/buy-rexcof-cough-syrup.jpg",600,600,false],"large":["https:\/\/legitgrams.com\/wp-content\/uploads\/2024\/09\/buy-rexcof-cough-syrup.jpg",600,600,false],"1536x1536":["https:\/\/legitgrams.com\/wp-content\/uploads\/2024\/09\/buy-rexcof-cough-syrup.jpg",600,600,false],"2048x2048":["https:\/\/legitgrams.com\/wp-content\/uploads\/2024\/09\/buy-rexcof-cough-syrup.jpg",600,600,false],"trp-custom-language-flag":["https:\/\/legitgrams.com\/wp-content\/uploads\/2024\/09\/buy-rexcof-cough-syrup-12x12.jpg",12,12,true],"woocommerce_thumbnail":["https:\/\/legitgrams.com\/wp-content\/uploads\/2024\/09\/buy-rexcof-cough-syrup-300x300.jpg",300,300,true],"woocommerce_single":["https:\/\/legitgrams.com\/wp-content\/uploads\/2024\/09\/buy-rexcof-cough-syrup.jpg",600,600,false],"woocommerce_gallery_thumbnail":["https:\/\/legitgrams.com\/wp-content\/uploads\/2024\/09\/buy-rexcof-cough-syrup-100x100.jpg",100,100,true]},"uagb_author_info":{"display_name":"cokeblog18","author_link":"https:\/\/legitgrams.com\/es\/author\/"},"uagb_comment_info":0,"uagb_excerpt":"Purchase Rexcof Cough Syrup Online Buy Cough Syrup Rexcof. We are also selling actavis. Purchase cocaine over the internet. How much Rexcof Dx syrup should be taken This is the standard dosage that is advised in the majority of therapy cases. Because every patient and situation is unique, the dose may change based on the&hellip;","_links":{"self":[{"href":"https:\/\/legitgrams.com\/es\/wp-json\/wp\/v2\/product\/4008","targetHints":{"allow":["GET"]}}],"collection":[{"href":"https:\/\/legitgrams.com\/es\/wp-json\/wp\/v2\/product"}],"about":[{"href":"https:\/\/legitgrams.com\/es\/wp-json\/wp\/v2\/types\/product"}],"replies":[{"embeddable":true,"href":"https:\/\/legitgrams.com\/es\/wp-json\/wp\/v2\/comments?post=4008"}],"wp:featuredmedia":[{"embeddable":true,"href":"https:\/\/legitgrams.com\/es\/wp-json\/wp\/v2\/media\/5347"}],"wp:attachment":[{"href":"https:\/\/legitgrams.com\/es\/wp-json\/wp\/v2\/media?parent=4008"}],"wp:term":[{"taxonomy":"product_brand","embeddable":true,"href":"https:\/\/legitgrams.com\/es\/wp-json\/wp\/v2\/product_brand?post=4008"},{"taxonomy":"product_cat","embeddable":true,"href":"https:\/\/legitgrams.com\/es\/wp-json\/wp\/v2\/product_cat?post=4008"},{"taxonomy":"product_tag","embeddable":true,"href":"https:\/\/legitgrams.com\/es\/wp-json\/wp\/v2\/product_tag?post=4008"}],"curies":[{"name":"wp","href":"https:\/\/api.w.org\/{rel}","templated":true}]}}